{"id":135,"date":"2014-11-05T16:59:10","date_gmt":"2014-11-05T15:59:10","guid":{"rendered":"http:\/\/lausitzer-museenland.de\/?page_id=135"},"modified":"2023-11-30T13:03:06","modified_gmt":"2023-11-30T12:03:06","slug":"dorfmuseum-sacro","status":"publish","type":"page","link":"http:\/\/www.lausitzer-museenland.de\/cs\/muzea\/vesnice-muzeum-sacro\/","title":{"rendered":"Muzeum sakr\u00e1ln\u00ed vesnice \/ Wejsny muzej Zakrjow"},"content":{"rendered":"<p><a href=\"#galerie_sacro\">Galerie<\/a> |\u00a0<a href=\"#austellungen_sacro\">V\u00fdstavy<\/a>\u00a0| \u00a0<a href=\"#kinderangebot_sacro\">Nab\u00eddky pro d\u011bti<\/a><a href=\"#kinderangebot_am_proschim\"><img loading=\"lazy\" class=\"enigma_img_responsive alignnone wp-image-1246\" src=\"https:\/\/www.lausitzer-museenland.de\/wp-content\/uploads\/2014\/11\/12.jpg\" alt=\"1\" width=\"800\" height=\"398\" srcset=\"https:\/\/www.lausitzer-museenland.de\/wp-content\/uploads\/2014\/11\/12.jpg 402w, https:\/\/www.lausitzer-museenland.de\/wp-content\/uploads\/2014\/11\/12-300x149.jpg 300w, https:\/\/www.lausitzer-museenland.de\/wp-content\/uploads\/2014\/11\/12-100x49.jpg 100w, https:\/\/www.lausitzer-museenland.de\/wp-content\/uploads\/2014\/11\/12-150x74.jpg 150w, https:\/\/www.lausitzer-museenland.de\/wp-content\/uploads\/2014\/11\/12-200x99.jpg 200w\" sizes=\"(max-width: 800px) 100vw, 800px\" \/><\/a><\/p>\n\n<p><strong>Vesnick\u00e9 muzeum s obsahov\u00fdm za\u010dlen\u011bn\u00edm sousedn\u00edch obc\u00ed<\/strong><\/p>\n<h2><\/h2>\n<h3>Situace budovy \/ pozemku<\/h3>\n<div>Muzeum Sacro Village se nach\u00e1z\u00ed v b\u00fdval\u00e9m dom\u011b tch\u00e1n\u016f Reinharda Natusche. Jednopatrov\u00fd obytn\u00fd d\u016fm se sedlovou st\u0159echou je ji\u017e hospod\u00e1\u0159sk\u00e1 budova z pln\u00fdch cihel, \u0161t\u00edtov\u011b orientovan\u00e1 do n\u00e1vsi na b\u00fdval\u00e9m trojbok\u00e9m statku.<\/div>\n<div><\/div>\n<h3>Charakteristika<\/h3>\n<div>M\u00edstn\u00ed kronik\u00e1\u0159 Reinhard Natusch shroma\u017e\u010foval a nad\u00e1le shroma\u017e\u010fuje doklady o ka\u017edodenn\u00edm \u017eivot\u011b na vesnic\u00edch v severn\u00edch okresech Forstu (Lu\u017eice), p\u0159i\u010dem\u017e do sb\u011bru a v\u00fdzkumu jsou v\u00fdslovn\u011b zahrnuty i vesnice na v\u00fdchod od \u0159eky Nisy. Zaj\u00edmav\u00fd je fond p\u016fvodn\u00edch historick\u00fdch fotografi\u00ed z okoln\u00edch vesnic. P\u011bt m\u00edstnost\u00ed v dom\u011b bylo p\u0159ipraveno pro v\u00fdstavn\u00ed \u00fa\u010dely, p\u0159i\u010dem\u017e z\u00e1kladn\u00ed struktura byla z velk\u00e9 \u010d\u00e1sti zachov\u00e1na, co\u017e dod\u00e1v\u00e1 jistou autenticitu zejm\u00e9na kuchyni. M\u00e1me zde tedy folkloristickou sb\u00edrku, kter\u00e1 se sna\u017e\u00ed zejm\u00e9na o zji\u0161t\u011bn\u00ed souvislost\u00ed s lu\u017eickosrbskou \/ vendskou histori\u00ed.<\/div>\n<div><\/div>\n<h3>Speci\u00e1ln\u00ed v\u00fdstavy \/ doprovodn\u00e9 nab\u00eddky<a id=\"austellungen_sacro\"><\/a><\/h3>\n<div>Ro\u010dn\u011b se konaj\u00ed 2 speci\u00e1ln\u00ed v\u00fdstavy. Tematicky hledaj\u00ed region\u00e1ln\u00ed odkazy a navazuj\u00ed na z\u00e1m\u011bry st\u00e1l\u00e9 expozice.<\/div>\n<div>\n<p>P\u0159\u00edle\u017eitostn\u011b jsou na programu akce jako p\u0159edn\u00e1\u0161ky a diskuse.<\/p>\n<p>V\u011bt\u0161\u00ed akce se po\u0159\u00e1daj\u00ed v r\u00e1mci obnoven\u00e9 \"Vesnick\u00e9 slavnosti - Sacro\".<\/p>\n<\/div>\n<h3>Nab\u00eddky pro d\u011bti - S Kobim do muzea<a id=\"kinderangebot_sacro\"><\/a><\/h3>\n<div>\n<p align=\"left\">Kobi - duch mal\u00e9ho domu - je v muzeu jako doma. Bydl\u00ed tam v ba\u010dkor\u00e1ch pod kamny. O p\u016flnoci odposlouch\u00e1v\u00e1 star\u00e9 muzejn\u00ed expon\u00e1ty, kdy\u017e si vypr\u00e1v\u011bj\u00ed p\u0159\u00edb\u011bhy z minulosti. Tyto vzru\u0161uj\u00edc\u00ed p\u0159\u00edb\u011bhy vypr\u00e1v\u00ed pracovn\u00edk\u016fm muzea, kte\u0159\u00ed je pak p\u0159ed\u00e1vaj\u00ed d\u011btem - p\u0159\u00edb\u011bhy ze star\u00fdch, d\u00e1vn\u00fdch \u010das\u016f.<\/p>\n<p class=\"entry-title post-title\">Kobi nab\u00edz\u00ed:<\/p>\n<h5>Po stop\u00e1ch lu\u017eickosrbsk\u00fdch\/vendsk\u00fdch zvyk\u016f<\/h5>\n<div data-post-id='auf-den-spuren' class='insert-page insert-page-auf-den-spuren'>\t\t\t\t\t<p>Vesnick\u00e9 muzeum shrom\u00e1\u017edilo sv\u011bdectv\u00ed o ka\u017edodenn\u00edm \u017eivot\u011b, kter\u00e9 dokumentuje zp\u016fsob \u017eivota na vesnici v obc\u00edch severn\u011b od Forstu a v\u00fdchodn\u011b od \u0159eky Nisy. Folkloristick\u00e1 sb\u00edrka m\u00e1 zvl\u00e1\u0161tn\u00ed v\u00fdznam pro lu\u017eickosrbsk\u00e9 a vendsk\u00e9 d\u011bjiny. Zaj\u00edmav\u00e1 je tak\u00e9 sb\u00edrka origin\u00e1ln\u00edch historick\u00fdch fotografi\u00ed z okoln\u00edch vesnic. V horn\u00edm pat\u0159e muzea, kter\u00e9 je hr\u00e1zd\u011bnou budovou, si m\u016f\u017eete prohl\u00e9dnout lo\u017enici z roku 1900 a sv\u00e1te\u010dn\u00ed kost\u00fdmy mu\u017e\u016f a \u017een z roku 1805. Prohl\u00eddka horn\u00edho patra, kde jsou vystaveny se\u0161ity z roku 1805, knihy z roku 1850 a historick\u00e1 \u0161koln\u00ed tabule, umo\u017e\u0148uje nahl\u00e9dnout do prusk\u00fdch z\u00e1kladn\u00edch \u0161kol.<\/p>\n<p>Nab\u00eddka prob\u00edh\u00e1 v interi\u00e9ru a je ur\u010dena \u0161kol\u00e1k\u016fm.<br \/>\nt\u0159\u00edd 1 a\u017e 10.<br \/>\nTerm\u00edny: dle dohody<br \/>\nP\u0159edb\u011b\u017en\u00e1 registrace: alespo\u0148 2 t\u00fddny p\u0159edem<\/p>\n<p><a title=\"Muzeum sakr\u00e1ln\u00ed vesnice \/ Wejsny muzej Zakrjow\" href=\"\/museen\/dorfmuseum-sacro\/\">Muzeum vesnice Sacro<\/a><\/p>\n\t\t\t\t\t<\/div>\n<h3><\/h3>\n<p>&nbsp;<\/p>\n<h3>Galerie<a id=\"galerie_sacro\"><\/a><\/h3>\n<div id=\"envira-gallery-wrap-135\" class=\"envira-gallery-wrap envira-gallery-theme-base envira-lightbox-theme-base\" itemscope itemtype=\"https:\/\/schema.org\/ImageGallery\"><div data-row-height=\"\" data-gallery-theme=\"\" id=\"envira-gallery-135\" class=\"envira-gallery-public  envira-gallery-3-columns envira-clear enviratope envira-gallery-css-animations\" data-envira-columns=\"3\"><div id=\"envira-gallery-item-1343\" class=\"envira-gallery-item enviratope-item envira-gallery-item-1\" style=\"padding-left: 5px; padding-bottom: 10px; padding-right: 5px;\"  itemscope itemtype=\"https:\/\/schema.org\/ImageObject\"><div class=\"envira-gallery-item-inner\"><div class=\"envira-gallery-position-overlay  envira-gallery-top-left\"><\/div><div class=\"envira-gallery-position-overlay  envira-gallery-top-right\"><\/div><div class=\"envira-gallery-position-overlay  envira-gallery-bottom-left\"><\/div><div class=\"envira-gallery-position-overlay  envira-gallery-bottom-right\"><\/div><a href=\"https:\/\/www.lausitzer-museenland.de\/wp-content\/uploads\/2014\/11\/134.jpg\" class=\"envira-gallery-135 envira-gallery-link\" rel=\"enviragallery135\" title=\"Muzeum vesnice Sacro\" data-envira-caption=\"Dorfmuseum Sacro\" data-envira-retina=\"\" data-thumbnail=\"\"  itemprop=\"contentUrl\"><div class=\"envira-lazy\" data-test-width=\"960\" data-test-height=\"300\" style=\"padding-bottom:31.25%;\"><img id=\"envira-gallery-image-1343\" class=\"envira-gallery-image envira-gallery-image-1\" data-envira-index=\"1\" src=\"https:\/\/www.lausitzer-museenland.de\/wp-content\/uploads\/2014\/11\/134.jpg\" data-envira-src=\"https:\/\/www.lausitzer-museenland.de\/wp-content\/uploads\/2014\/11\/134.jpg\" data-envira-gallery-id=\"135\" data-envira-item-id=\"1343\" data-envira-caption=\"Dorfmuseum Sacro\" alt=\"\" title=\"Muzeum vesnice Sacro\"  itemprop=\"thumbnailUrl\" data-envira-srcset=\"https:\/\/www.lausitzer-museenland.de\/wp-content\/uploads\/2014\/11\/134.jpg 400w,https:\/\/www.lausitzer-museenland.de\/wp-content\/uploads\/2014\/11\/134.jpg 2x\" srcset=\"data:image\/gif;base64,R0lGODlhAQABAIAAAP\/\/\/\/\/\/\/yH5BAEKAAEALAAAAAABAAEAAAICTAEAOw==\" \/><\/div><\/a><\/div><\/div><div id=\"envira-gallery-item-1344\" class=\"envira-gallery-item enviratope-item envira-gallery-item-2\" style=\"padding-left: 5px; padding-bottom: 10px; padding-right: 5px;\"  itemscope itemtype=\"https:\/\/schema.org\/ImageObject\"><div class=\"envira-gallery-item-inner\"><div class=\"envira-gallery-position-overlay  envira-gallery-top-left\"><\/div><div class=\"envira-gallery-position-overlay  envira-gallery-top-right\"><\/div><div class=\"envira-gallery-position-overlay  envira-gallery-bottom-left\"><\/div><div class=\"envira-gallery-position-overlay  envira-gallery-bottom-right\"><\/div><a href=\"https:\/\/www.lausitzer-museenland.de\/wp-content\/uploads\/2014\/11\/22.jpg\" class=\"envira-gallery-135 envira-gallery-link\" rel=\"enviragallery135\" title=\"Muzeum vesnice Sacro\" data-envira-caption=\"Dorfmuseum Sacro\" data-envira-retina=\"\" data-thumbnail=\"\"  itemprop=\"contentUrl\"><div class=\"envira-lazy\" data-test-width=\"960\" data-test-height=\"300\" style=\"padding-bottom:31.25%;\"><img id=\"envira-gallery-image-1344\" class=\"envira-gallery-image envira-gallery-image-2\" data-envira-index=\"2\" src=\"https:\/\/www.lausitzer-museenland.de\/wp-content\/uploads\/2014\/11\/22.jpg\" data-envira-src=\"https:\/\/www.lausitzer-museenland.de\/wp-content\/uploads\/2014\/11\/22.jpg\" data-envira-gallery-id=\"135\" data-envira-item-id=\"1344\" data-envira-caption=\"Dorfmuseum Sacro\" alt=\"\" title=\"Muzeum vesnice Sacro\"  itemprop=\"thumbnailUrl\" data-envira-srcset=\"https:\/\/www.lausitzer-museenland.de\/wp-content\/uploads\/2014\/11\/22.jpg 400w,https:\/\/www.lausitzer-museenland.de\/wp-content\/uploads\/2014\/11\/22.jpg 2x\" srcset=\"data:image\/gif;base64,R0lGODlhAQABAIAAAP\/\/\/\/\/\/\/yH5BAEKAAEALAAAAAABAAEAAAICTAEAOw==\" \/><\/div><\/a><\/div><\/div><div id=\"envira-gallery-item-1345\" class=\"envira-gallery-item enviratope-item envira-gallery-item-3\" style=\"padding-left: 5px; padding-bottom: 10px; padding-right: 5px;\"  itemscope itemtype=\"https:\/\/schema.org\/ImageObject\"><div class=\"envira-gallery-item-inner\"><div class=\"envira-gallery-position-overlay  envira-gallery-top-left\"><\/div><div class=\"envira-gallery-position-overlay  envira-gallery-top-right\"><\/div><div class=\"envira-gallery-position-overlay  envira-gallery-bottom-left\"><\/div><div class=\"envira-gallery-position-overlay  envira-gallery-bottom-right\"><\/div><a href=\"https:\/\/www.lausitzer-museenland.de\/wp-content\/uploads\/2014\/11\/32.jpg\" class=\"envira-gallery-135 envira-gallery-link\" rel=\"enviragallery135\" title=\"Muzeum vesnice Sacro\" data-envira-caption=\"Dorfmuseum Sacro\" data-envira-retina=\"\" data-thumbnail=\"\"  itemprop=\"contentUrl\"><div class=\"envira-lazy\" data-test-width=\"960\" data-test-height=\"300\" style=\"padding-bottom:31.25%;\"><img id=\"envira-gallery-image-1345\" class=\"envira-gallery-image envira-gallery-image-3\" data-envira-index=\"3\" src=\"https:\/\/www.lausitzer-museenland.de\/wp-content\/uploads\/2014\/11\/32.jpg\" data-envira-src=\"https:\/\/www.lausitzer-museenland.de\/wp-content\/uploads\/2014\/11\/32.jpg\" data-envira-gallery-id=\"135\" data-envira-item-id=\"1345\" data-envira-caption=\"Dorfmuseum Sacro\" alt=\"\" title=\"Muzeum vesnice Sacro\"  itemprop=\"thumbnailUrl\" data-envira-srcset=\"https:\/\/www.lausitzer-museenland.de\/wp-content\/uploads\/2014\/11\/32.jpg 400w,https:\/\/www.lausitzer-museenland.de\/wp-content\/uploads\/2014\/11\/32.jpg 2x\" srcset=\"data:image\/gif;base64,R0lGODlhAQABAIAAAP\/\/\/\/\/\/\/yH5BAEKAAEALAAAAAABAAEAAAICTAEAOw==\" \/><\/div><\/a><\/div><\/div><\/div><\/div><noscript><img src=\"https:\/\/www.lausitzer-museenland.de\/wp-content\/uploads\/2014\/11\/134.jpg\" alt=\"\" \/><img src=\"https:\/\/www.lausitzer-museenland.de\/wp-content\/uploads\/2014\/11\/22.jpg\" alt=\"\" \/><img src=\"https:\/\/www.lausitzer-museenland.de\/wp-content\/uploads\/2014\/11\/32.jpg\" alt=\"\" \/><\/noscript>\n<\/div>","protected":false},"excerpt":{"rendered":"<p>Galerie | V\u00fdstavy | Nab\u00eddka pro d\u011bti Muzeum vesnice s obsahov\u00fdm za\u010dlen\u011bn\u00edm sousedn\u00edch obc\u00ed Stavba \/ majetkov\u00e9 pom\u011bry Muzeum vesnice Sacro se nach\u00e1z\u00ed v b\u00fdval\u00e9m dom\u011b tch\u00e1n\u016f Reinharda Natusche. Jednopodla\u017en\u00ed obytn\u00fd d\u016fm se sedlovou st\u0159echou je solidn\u011b postaven\u00e1 zem\u011bd\u011blsk\u00e1 usedlost se \u0161t\u00edtem obr\u00e1cen\u00fdm k obecn\u00ed cest\u011b na b\u00fdval\u00e9m trojstrann\u00e9m statku. Shrom\u00e1\u017ed\u011bn\u00e9 charakteristiky byly a jsou p\u0159edev\u0161\u00edm<\/p>","protected":false},"author":13,"featured_media":0,"parent":113,"menu_order":0,"comment_status":"closed","ping_status":"closed","template":"","meta":[],"_links":{"self":[{"href":"http:\/\/www.lausitzer-museenland.de\/cs\/wp-json\/wp\/v2\/pages\/135"}],"collection":[{"href":"http:\/\/www.lausitzer-museenland.de\/cs\/wp-json\/wp\/v2\/pages"}],"about":[{"href":"http:\/\/www.lausitzer-museenland.de\/cs\/wp-json\/wp\/v2\/types\/page"}],"author":[{"embeddable":true,"href":"http:\/\/www.lausitzer-museenland.de\/cs\/wp-json\/wp\/v2\/users\/13"}],"replies":[{"embeddable":true,"href":"http:\/\/www.lausitzer-museenland.de\/cs\/wp-json\/wp\/v2\/comments?post=135"}],"version-history":[{"count":14,"href":"http:\/\/www.lausitzer-museenland.de\/cs\/wp-json\/wp\/v2\/pages\/135\/revisions"}],"predecessor-version":[{"id":53893,"href":"http:\/\/www.lausitzer-museenland.de\/cs\/wp-json\/wp\/v2\/pages\/135\/revisions\/53893"}],"up":[{"embeddable":true,"href":"http:\/\/www.lausitzer-museenland.de\/cs\/wp-json\/wp\/v2\/pages\/113"}],"wp:attachment":[{"href":"http:\/\/www.lausitzer-museenland.de\/cs\/wp-json\/wp\/v2\/media?parent=135"}],"curies":[{"name":"wp","href":"https:\/\/api.w.org\/{rel}","templated":true}]}}