{"id":139,"date":"2014-11-05T17:01:38","date_gmt":"2014-11-05T16:01:38","guid":{"rendered":"http:\/\/lausitzer-museenland.de\/?page_id=139"},"modified":"2023-11-30T13:06:52","modified_gmt":"2023-11-30T12:06:52","slug":"erwin-strittmatter-gedenkstaette-der-laden-bohsdorf","status":"publish","type":"page","link":"http:\/\/www.lausitzer-museenland.de\/cs\/muzea\/erwin-strittmatter-memorial-station-the-shop-bohsdorf\/","title":{"rendered":"Pam\u00e1tn\u00edk Erwina Strittmattera \"The Shop\" Bohsdorf \/ Wopomni\u0161\u0107o Erwina Strittmattera \"Loda\" B\u00f3\u0161ojce"},"content":{"rendered":"<p><a href=\"#galerie_laden\">Galerie<\/a> |\u00a0<a href=\"#ausstellung_laden\">V\u00fdstavy<\/a>\u00a0|\u00a0<a href=\"#kinderangebot_laden\">Nab\u00eddky pro d\u011bti\u00a0<\/a><img loading=\"lazy\" class=\"enigma_img_responsive alignnone wp-image-1247\" src=\"https:\/\/www.lausitzer-museenland.de\/wp-content\/uploads\/2014\/11\/13.jpg\" alt=\"1\" width=\"800\" height=\"398\" srcset=\"https:\/\/www.lausitzer-museenland.de\/wp-content\/uploads\/2014\/11\/13.jpg 402w, https:\/\/www.lausitzer-museenland.de\/wp-content\/uploads\/2014\/11\/13-300x149.jpg 300w, https:\/\/www.lausitzer-museenland.de\/wp-content\/uploads\/2014\/11\/13-100x49.jpg 100w, https:\/\/www.lausitzer-museenland.de\/wp-content\/uploads\/2014\/11\/13-150x74.jpg 150w, https:\/\/www.lausitzer-museenland.de\/wp-content\/uploads\/2014\/11\/13-200x99.jpg 200w\" sizes=\"(max-width: 800px) 100vw, 800px\" \/><\/p>\n\n<p><strong>Pam\u00e1tn\u00edk m\u00edstn\u00ed historie s liter\u00e1rn\u011b-historickou sb\u00edrkou - p\u016fvodn\u00ed d\u011bji\u0161t\u011b zn\u00e1m\u00e9 rom\u00e1nov\u00e9 trilogie \"Der Laden\" (Obchod)<\/strong><\/p>\n<h4><\/h4>\n<h3>Situace budovy \/ pozemku<\/h3>\n<div>Zd\u011bn\u00fd obytn\u00fd d\u016fm s obchodem a p\u0159ilehlou pek\u00e1rnou na adrese Dorfstra\u00dfe 37 byl postaven kolem roku 1895 a v \u010dervnu 1919 jej od p\u0159\u00edbuzn\u00fdch z\u00edskali Strittmattersovi rodi\u010de. Rodina provozovala vesnick\u00fd obchod a pek\u00e1rnu a\u017e do 31. prosince 1949. Od 30. ledna 1999 je \"Der Laden\" p\u0159\u00edstupn\u00fd ve\u0159ejnosti jako muzejn\u00ed pam\u00e1tn\u00edk.<\/div>\n<div><\/div>\n<h3>Charakteristika<\/h3>\n<div>\"Prodejna\" - jako autentick\u00e9 m\u00edsto p\u016fsoben\u00ed Erwina Strittmattera a jeho rodiny - je vytvo\u0159ena podle vzoru prodejn\u00edch za\u0159\u00edzen\u00ed z 20. a 30. let 20. stolet\u00ed s pou\u017eit\u00edm p\u016fvodn\u00edho vybaven\u00ed, p\u0159i\u010dem\u017e jednotliv\u00e9 expon\u00e1ty poch\u00e1zej\u00ed z pov\u00e1le\u010dn\u00e9ho obdob\u00ed. Tato historick\u00e1 vesnice nebo \"obchod s koloni\u00e1ln\u00edm zbo\u017e\u00edm\" tvo\u0159\u00ed j\u00e1dro pam\u00e1tn\u00edku Bohsdorf. Ve vedlej\u0161\u00ed m\u00edstnosti, kter\u00e1 kdysi pat\u0159ila pek\u00e1rn\u011b, je mal\u00e1 v\u00fdstava o rodin\u011b, historick\u00e9m prost\u0159ed\u00ed \"ladensk\u00e9\" trilogie a d\u00edle Erwina Strittmattera.<br \/>\nV\u00fdstavn\u00ed prostory byly nyn\u00ed roz\u0161\u00ed\u0159eny do b\u00fdval\u00fdch obytn\u00fdch prostor. V medi\u00e1ln\u00ed m\u00edstnosti, b\u00fdval\u00e9 chlapeck\u00e9 ubytovn\u011b, je nyn\u00ed mo\u017en\u00e9 sledovat filmy o Erwinu Strittmatterovi nebo poslouchat audioknihy \"Laden 1-3\" a \"Pony Pedro\", kter\u00e9 \u010dte Erwin Geschonneck.<br \/>\nOd roku 2014 jsou expon\u00e1ty b\u00fdval\u00e9 v\u00fdstavy \"Ochsenkutscher\" (v\u00fdstava rodiny Krechlock\u016f v Jerischke) um\u00edst\u011bny ve stodole na pozemku Strittmatter\u016f.<\/div>\n<div><\/div>\n<h3>Speci\u00e1ln\u00ed v\u00fdstavy \/ doprovodn\u00e9 nab\u00eddky<a id=\"ausstellung_laden\"><\/a><\/h3>\n<div>\n<ul>\n<li>Na m\u00edst\u011b setk\u00e1n\u00ed maj\u00ed skupiny mo\u017enost vyzkou\u0161et si prezentaci diapozitiv\u016f nebo videa o filmov\u00e9 produkci (Jo Beyer) (videoprezentace 8,- \u20ac).<\/li>\n<li>Okru\u017en\u00ed proch\u00e1zka s pr\u016fvodcem: Pro z\u00e1jemce je v Bohsdorfu vyzna\u010dena 1,7 km dlouh\u00e1 okru\u017en\u00ed proch\u00e1zka s pr\u016fvodcem, po kter\u00e9 lze nav\u0161t\u00edvit dal\u0161\u00ed historick\u00e1 m\u00edsta rom\u00e1nov\u00e9 trilogie. Pro skupiny 10 a v\u00edce osob jsou po p\u0159edchoz\u00ed domluv\u011b organizov\u00e1ny proch\u00e1zky s pr\u016fvodcem v d\u00e9lce 1 nebo 2 hodiny.<\/li>\n<\/ul>\n<\/div>\n<h3>Nab\u00eddky pro d\u011bti - S Kobim do muzea<a id=\"kinderangebot_laden\"><\/a><\/h3>\n<p>Kobi - duch mal\u00e9ho domu - je v muzeu jako doma. Bydl\u00ed tam v ba\u010dkor\u00e1ch pod kamny. O p\u016flnoci odposlouch\u00e1v\u00e1 star\u00e9 muzejn\u00ed expon\u00e1ty, kdy\u017e si vypr\u00e1v\u011bj\u00ed p\u0159\u00edb\u011bhy z minulosti. Tyto vzru\u0161uj\u00edc\u00ed p\u0159\u00edb\u011bhy vypr\u00e1v\u00ed pracovn\u00edk\u016fm muzea, kte\u0159\u00ed je pak p\u0159ed\u00e1vaj\u00ed d\u011btem - p\u0159\u00edb\u011bhy ze star\u00fdch, d\u00e1vn\u00fdch \u010das\u016f.<\/p>\n<p>Nab\u00eddka Kobi:<\/p>\n<div>\n<h5>\u00a0Po stop\u00e1ch Erwina Strittmattera v Bohsdorfu<\/h5>\n<div data-post-id='auf-den-spuren-erwin-strittmatters-in-bohsdorf' class='insert-page insert-page-auf-den-spuren-erwin-strittmatters-in-bohsdorf'>\t\t\t\t\t<p>D\u011bti a ml\u00e1de\u017e se na autentick\u00fdch m\u00edstech v Bohsdorfu sezn\u00e1m\u00ed s \u017eivotem a d\u00edlem b\u00e1sn\u00edka Erwina Strittmattera, z\u00edskaj\u00ed prvn\u00ed p\u0159edstavy o kr\u00e1se jeho jazyka a budou povzbuzeni k \u010detb\u011b jeho d\u011bl.<\/p>\n<ul>\n<li>Prohl\u00eddka obchodu s pr\u016fvodcem<\/li>\n<li>Dokument\u00e1rn\u00ed filmy o \u017eivot\u011b a d\u00edle spisovatele Erwina Strittmattera<\/li>\n<li>Kv\u00edz s cenami<\/li>\n<li>Malov\u00e1n\u00ed\/kreslen\u00ed na n\u00e1dvo\u0159\u00ed nebo na m\u00edst\u011b setk\u00e1v\u00e1n\u00ed \"Unter Eechen\".<\/li>\n<\/ul>\n<p>Program prob\u00edh\u00e1 v interi\u00e9ru i exteri\u00e9ru a je ur\u010den pro \u017e\u00e1ky 5. a\u017e 12. t\u0159\u00edd.<br \/>\nTerm\u00edny: dle dohody<br \/>\nP\u0159edb\u011b\u017en\u00e1 registrace: alespo\u0148 2 t\u00fddny p\u0159edem<\/p>\n<p>Doba trv\u00e1n\u00ed:<\/p>\n<ul>\n<li>Prohl\u00eddka obchodu s pr\u016fvodcem cca 45 minut<\/li>\n<li>Dokument\u00e1rn\u00ed filmy o \u017eivot\u011b a d\u00edle spisovatele Erwina Strittmattera cca 1 hod.<\/li>\n<li>Malov\u00e1n\u00ed\/kreslen\u00ed na n\u00e1dvo\u0159\u00ed nebo na m\u00edst\u011b setk\u00e1v\u00e1n\u00ed \"Unter Eechen\".<\/li>\n<li>p\u0159ibli\u017en\u011b 2 a\u017e 3 hodiny<\/li>\n<\/ul>\n<p>Velikost skupiny: a\u017e 30 osob<br \/>\nVstupn\u00e9 na osobu: 2,50 \u20ac<br \/>\nD\u011bti a ml\u00e1de\u017e: 0,50 \u20ac<\/p>\n<p><strong>Pozn\u00e1mka<\/strong>Nab\u00eddka p\u0159ich\u00e1z\u00ed na vy\u017e\u00e1d\u00e1n\u00ed tak\u00e9 do \u0161koly.<br \/>\nP\u0159edpoklad: k dispozici by m\u011bl b\u00fdt p\u0159ehr\u00e1va\u010d DVD<\/p>\n<p><a title=\"Pam\u00e1tn\u00edk Erwina Strittmattera &quot;The Shop&quot; Bohsdorf \/ Wopomni\u0161\u0107o Erwina Strittmattera &quot;Loda&quot; B\u00f3\u0161ojc\" href=\"\/museen\/erwin-strittmatter-gedenkstaette-der-laden-bohsdorf\/\">Pam\u00e1tn\u00edk Erwina Strittmattera Bohsdorf<\/a><\/p>\n\t\t\t\t\t<\/div>\n<h3><\/h3>\n<p>&nbsp;<\/p>\n<h3>Galerie<a id=\"galerie_laden\"><\/a><\/h3>\n<div id=\"envira-gallery-wrap-53092\" class=\"envira-gallery-wrap envira-gallery-theme-base envira-lightbox-theme-base\" itemscope itemtype=\"https:\/\/schema.org\/ImageGallery\"><div data-row-height=\"150\" data-gallery-theme=\"normal\" id=\"envira-gallery-53092\" class=\"envira-gallery-public envira-gallery-justified-public envira-gallery-0-columns envira-clear enviratope envira-gallery-css-animations\" data-envira-columns=\"0\"><div id=\"envira-gallery-item-53095\" class=\"envira-gallery-item enviratope-item envira-gallery-item-1 envira-lazy-load\" style=\"padding-left: 5px; padding-bottom: 10px; padding-right: 5px;\"  itemscope itemtype=\"https:\/\/schema.org\/ImageObject\"><div class=\"envira-gallery-item-inner\"><div class=\"envira-gallery-position-overlay  envira-gallery-top-left\"><\/div><div class=\"envira-gallery-position-overlay  envira-gallery-top-right\"><\/div><div class=\"envira-gallery-position-overlay  envira-gallery-bottom-left\"><\/div><div class=\"envira-gallery-position-overlay  envira-gallery-bottom-right\"><\/div><a href=\"https:\/\/www.lausitzer-museenland.de\/wp-content\/uploads\/2020\/09\/Der-Laden-2020-32.jpg\" class=\"envira-gallery-53092 envira-gallery-link\" rel=\"enviragallery53092\" title=\"Statek Foto: Bernd Choritz\" data-envira-caption=\"Hofanlage Foto: Bernd Choritz\" data-envira-retina=\"\" data-thumbnail=\"\"  itemprop=\"contentUrl\"><img id=\"envira-gallery-image-53095\" class=\"envira-gallery-image envira-gallery-image-1 envira-normal envira-lazy\" data-envira-index=\"1\" src=\"https:\/\/www.lausitzer-museenland.de\/wp-content\/uploads\/2020\/09\/Der-Laden-2020-32-1024x683.jpg\" data-envira-src=\"https:\/\/www.lausitzer-museenland.de\/wp-content\/uploads\/2020\/09\/Der-Laden-2020-32-1024x683.jpg\" data-envira-gallery-id=\"53092\" data-envira-item-id=\"53095\" data-envira-caption=\"Hofanlage Foto: Bernd Choritz\" alt=\"\" title=\"Statek Foto: Bernd Choritz\"  itemprop=\"thumbnailUrl\" data-envira-srcset=\"https:\/\/www.lausitzer-museenland.de\/wp-content\/uploads\/2020\/09\/Der-Laden-2020-32-1024x683.jpg 400w,https:\/\/www.lausitzer-museenland.de\/wp-content\/uploads\/2020\/09\/Der-Laden-2020-32-1024x683.jpg 2x\" data-envira-width=\"300\" data-envira-height=\"200\" srcset=\"data:image\/gif;base64,R0lGODlhAQABAIAAAP\/\/\/\/\/\/\/yH5BAEKAAEALAAAAAABAAEAAAICTAEAOw==\" data-safe-src=\"data:image\/gif;base64,R0lGODlhAQABAIAAAP\/\/\/\/\/\/\/yH5BAEKAAEALAAAAAABAAEAAAICTAEAOw==\" \/><\/a><\/div><\/div><div id=\"envira-gallery-item-53093\" class=\"envira-gallery-item enviratope-item envira-gallery-item-2 envira-lazy-load\" style=\"padding-left: 5px; padding-bottom: 10px; padding-right: 5px;\"  itemscope itemtype=\"https:\/\/schema.org\/ImageObject\"><div class=\"envira-gallery-item-inner\"><div class=\"envira-gallery-position-overlay  envira-gallery-top-left\"><\/div><div class=\"envira-gallery-position-overlay  envira-gallery-top-right\"><\/div><div class=\"envira-gallery-position-overlay  envira-gallery-bottom-left\"><\/div><div class=\"envira-gallery-position-overlay  envira-gallery-bottom-right\"><\/div><a href=\"https:\/\/www.lausitzer-museenland.de\/wp-content\/uploads\/2020\/09\/Der-Laden-2020-16.jpg\" class=\"envira-gallery-53092 envira-gallery-link\" rel=\"enviragallery53092\" title=\"Kuchyn\u011b Foto: Bernd Choritz\" data-envira-caption=\"K&uuml;che Foto: Bernd Choritz\" data-envira-retina=\"\" data-thumbnail=\"\"  itemprop=\"contentUrl\"><img id=\"envira-gallery-image-53093\" class=\"envira-gallery-image envira-gallery-image-2 envira-normal envira-lazy\" data-envira-index=\"2\" src=\"https:\/\/www.lausitzer-museenland.de\/wp-content\/uploads\/2020\/09\/Der-Laden-2020-16-1024x683.jpg\" data-envira-src=\"https:\/\/www.lausitzer-museenland.de\/wp-content\/uploads\/2020\/09\/Der-Laden-2020-16-1024x683.jpg\" data-envira-gallery-id=\"53092\" data-envira-item-id=\"53093\" data-envira-caption=\"K&uuml;che Foto: Bernd Choritz\" alt=\"\" title=\"Kuchyn\u011b Foto: Bernd Choritz\"  itemprop=\"thumbnailUrl\" data-envira-srcset=\"https:\/\/www.lausitzer-museenland.de\/wp-content\/uploads\/2020\/09\/Der-Laden-2020-16-1024x683.jpg 400w,https:\/\/www.lausitzer-museenland.de\/wp-content\/uploads\/2020\/09\/Der-Laden-2020-16-1024x683.jpg 2x\" data-envira-width=\"300\" data-envira-height=\"200\" srcset=\"data:image\/gif;base64,R0lGODlhAQABAIAAAP\/\/\/\/\/\/\/yH5BAEKAAEALAAAAAABAAEAAAICTAEAOw==\" data-safe-src=\"data:image\/gif;base64,R0lGODlhAQABAIAAAP\/\/\/\/\/\/\/yH5BAEKAAEALAAAAAABAAEAAAICTAEAOw==\" \/><\/a><\/div><\/div><div id=\"envira-gallery-item-53094\" class=\"envira-gallery-item enviratope-item envira-gallery-item-3 envira-lazy-load\" style=\"padding-left: 5px; padding-bottom: 10px; padding-right: 5px;\"  itemscope itemtype=\"https:\/\/schema.org\/ImageObject\"><div class=\"envira-gallery-item-inner\"><div class=\"envira-gallery-position-overlay  envira-gallery-top-left\"><\/div><div class=\"envira-gallery-position-overlay  envira-gallery-top-right\"><\/div><div class=\"envira-gallery-position-overlay  envira-gallery-bottom-left\"><\/div><div class=\"envira-gallery-position-overlay  envira-gallery-bottom-right\"><\/div><a href=\"https:\/\/www.lausitzer-museenland.de\/wp-content\/uploads\/2020\/09\/Der-Laden-2020-22.jpg\" class=\"envira-gallery-53092 envira-gallery-link\" rel=\"enviragallery53092\" title=\"Pek\u00e1rna Foto: Bernd Choritz\" data-envira-caption=\"Backstube Foto: Bernd Choritz\" data-envira-retina=\"\" data-thumbnail=\"\"  itemprop=\"contentUrl\"><img id=\"envira-gallery-image-53094\" class=\"envira-gallery-image envira-gallery-image-3 envira-normal envira-lazy\" data-envira-index=\"3\" src=\"https:\/\/www.lausitzer-museenland.de\/wp-content\/uploads\/2020\/09\/Der-Laden-2020-22-1024x683.jpg\" data-envira-src=\"https:\/\/www.lausitzer-museenland.de\/wp-content\/uploads\/2020\/09\/Der-Laden-2020-22-1024x683.jpg\" data-envira-gallery-id=\"53092\" data-envira-item-id=\"53094\" data-envira-caption=\"Backstube Foto: Bernd Choritz\" alt=\"\" title=\"Pek\u00e1rna Foto: Bernd Choritz\"  itemprop=\"thumbnailUrl\" data-envira-srcset=\"https:\/\/www.lausitzer-museenland.de\/wp-content\/uploads\/2020\/09\/Der-Laden-2020-22-1024x683.jpg 400w,https:\/\/www.lausitzer-museenland.de\/wp-content\/uploads\/2020\/09\/Der-Laden-2020-22-1024x683.jpg 2x\" data-envira-width=\"300\" data-envira-height=\"200\" srcset=\"data:image\/gif;base64,R0lGODlhAQABAIAAAP\/\/\/\/\/\/\/yH5BAEKAAEALAAAAAABAAEAAAICTAEAOw==\" data-safe-src=\"data:image\/gif;base64,R0lGODlhAQABAIAAAP\/\/\/\/\/\/\/yH5BAEKAAEALAAAAAABAAEAAAICTAEAOw==\" \/><\/a><\/div><\/div><div id=\"envira-gallery-item-53096\" class=\"envira-gallery-item enviratope-item envira-gallery-item-4 envira-lazy-load\" style=\"padding-left: 5px; padding-bottom: 10px; padding-right: 5px;\"  itemscope itemtype=\"https:\/\/schema.org\/ImageObject\"><div class=\"envira-gallery-item-inner\"><div class=\"envira-gallery-position-overlay  envira-gallery-top-left\"><\/div><div class=\"envira-gallery-position-overlay  envira-gallery-top-right\"><\/div><div class=\"envira-gallery-position-overlay  envira-gallery-bottom-left\"><\/div><div class=\"envira-gallery-position-overlay  envira-gallery-bottom-right\"><\/div><a href=\"https:\/\/www.lausitzer-museenland.de\/wp-content\/uploads\/2020\/09\/Der-Laden-2020-61.jpg\" class=\"envira-gallery-53092 envira-gallery-link\" rel=\"enviragallery53092\" title=\"Kolo \u0161t\u011bst\u00ed Foto: Bernd Choritz\" data-envira-caption=\"Gl&uuml;cksrad Foto: Bernd Choritz\" data-envira-retina=\"\" data-thumbnail=\"\"  itemprop=\"contentUrl\"><img id=\"envira-gallery-image-53096\" class=\"envira-gallery-image envira-gallery-image-4 envira-normal envira-lazy\" data-envira-index=\"4\" src=\"https:\/\/www.lausitzer-museenland.de\/wp-content\/uploads\/2020\/09\/Der-Laden-2020-61-1024x669.jpg\" data-envira-src=\"https:\/\/www.lausitzer-museenland.de\/wp-content\/uploads\/2020\/09\/Der-Laden-2020-61-1024x669.jpg\" data-envira-gallery-id=\"53092\" data-envira-item-id=\"53096\" data-envira-caption=\"Gl&uuml;cksrad Foto: Bernd Choritz\" alt=\"\" title=\"Kolo \u0161t\u011bst\u00ed Foto: Bernd Choritz\"  itemprop=\"thumbnailUrl\" data-envira-srcset=\"https:\/\/www.lausitzer-museenland.de\/wp-content\/uploads\/2020\/09\/Der-Laden-2020-61-1024x669.jpg 400w,https:\/\/www.lausitzer-museenland.de\/wp-content\/uploads\/2020\/09\/Der-Laden-2020-61-1024x669.jpg 2x\" data-envira-width=\"300\" data-envira-height=\"196\" srcset=\"data:image\/gif;base64,R0lGODlhAQABAIAAAP\/\/\/\/\/\/\/yH5BAEKAAEALAAAAAABAAEAAAICTAEAOw==\" data-safe-src=\"data:image\/gif;base64,R0lGODlhAQABAIAAAP\/\/\/\/\/\/\/yH5BAEKAAEALAAAAAABAAEAAAICTAEAOw==\" \/><\/a><\/div><\/div><\/div><\/div><noscript><img src=\"https:\/\/www.lausitzer-museenland.de\/wp-content\/uploads\/2020\/09\/Der-Laden-2020-32.jpg\" alt=\"\" \/><img src=\"https:\/\/www.lausitzer-museenland.de\/wp-content\/uploads\/2020\/09\/Der-Laden-2020-16.jpg\" alt=\"\" \/><img src=\"https:\/\/www.lausitzer-museenland.de\/wp-content\/uploads\/2020\/09\/Der-Laden-2020-22.jpg\" alt=\"\" \/><img src=\"https:\/\/www.lausitzer-museenland.de\/wp-content\/uploads\/2020\/09\/Der-Laden-2020-61.jpg\" alt=\"\" \/><\/noscript>\n<\/div>","protected":false},"excerpt":{"rendered":"<p>Galerie | V\u00fdstavy | Nab\u00eddka pro d\u011bti Pam\u00e1tn\u00edk m\u00edstn\u00ed historie s liter\u00e1rn\u011b-historickou sb\u00edrkou - p\u016fvodn\u00ed d\u011bji\u0161t\u011b zn\u00e1m\u00e9 rom\u00e1nov\u00e9 triologie \"Der Laden\" Stavba \/ situace na pozemku Cihlov\u00fd obytn\u00fd d\u016fm s obchodem a p\u0159ilehlou pek\u00e1rnou na adrese Dorfstra\u00dfe 37 byl postaven kolem roku 1895 a v \u010dervnu 1919 jej od p\u0159\u00edbuzn\u00fdch z\u00edskali Strittmattersovi rodi\u010de. Do 31. prosince 1949 byl vesnick\u00fd obchod s pek\u00e1rnou.<\/p>","protected":false},"author":13,"featured_media":0,"parent":113,"menu_order":0,"comment_status":"closed","ping_status":"closed","template":"","meta":[],"_links":{"self":[{"href":"http:\/\/www.lausitzer-museenland.de\/cs\/wp-json\/wp\/v2\/pages\/139"}],"collection":[{"href":"http:\/\/www.lausitzer-museenland.de\/cs\/wp-json\/wp\/v2\/pages"}],"about":[{"href":"http:\/\/www.lausitzer-museenland.de\/cs\/wp-json\/wp\/v2\/types\/page"}],"author":[{"embeddable":true,"href":"http:\/\/www.lausitzer-museenland.de\/cs\/wp-json\/wp\/v2\/users\/13"}],"replies":[{"embeddable":true,"href":"http:\/\/www.lausitzer-museenland.de\/cs\/wp-json\/wp\/v2\/comments?post=139"}],"version-history":[{"count":21,"href":"http:\/\/www.lausitzer-museenland.de\/cs\/wp-json\/wp\/v2\/pages\/139\/revisions"}],"predecessor-version":[{"id":53895,"href":"http:\/\/www.lausitzer-museenland.de\/cs\/wp-json\/wp\/v2\/pages\/139\/revisions\/53895"}],"up":[{"embeddable":true,"href":"http:\/\/www.lausitzer-museenland.de\/cs\/wp-json\/wp\/v2\/pages\/113"}],"wp:attachment":[{"href":"http:\/\/www.lausitzer-museenland.de\/cs\/wp-json\/wp\/v2\/media?parent=139"}],"curies":[{"name":"wp","href":"https:\/\/api.w.org\/{rel}","templated":true}]}}