{"id":144,"date":"2014-11-05T17:05:20","date_gmt":"2014-11-05T16:05:20","guid":{"rendered":"http:\/\/lausitzer-museenland.de\/?page_id=144"},"modified":"2023-11-30T13:08:25","modified_gmt":"2023-11-30T12:08:25","slug":"festungsturm-peitz","status":"publish","type":"page","link":"http:\/\/www.lausitzer-museenland.de\/cs\/muzea\/pevnostni-vez-peitz\/","title":{"rendered":"Festungsturm Peitz \/ Twardnicowy torm Picnjo"},"content":{"rendered":"<p><a href=\"#galerie_festung_peitz\">Galerie<\/a> |\u00a0<a href=\"#ausstellung_fest_peitz\">V\u00fdstavy<\/a>\u00a0| \u00a0<a href=\"#kinderangebot_fest_peitz\">Nab\u00eddky pro d\u011bti\u00a0<\/a><img loading=\"lazy\" class=\"enigma_img_responsive alignnone wp-image-1249\" src=\"https:\/\/www.lausitzer-museenland.de\/wp-content\/uploads\/2014\/11\/15.jpg\" alt=\"1\" width=\"800\" height=\"398\" srcset=\"https:\/\/www.lausitzer-museenland.de\/wp-content\/uploads\/2014\/11\/15.jpg 402w, https:\/\/www.lausitzer-museenland.de\/wp-content\/uploads\/2014\/11\/15-300x149.jpg 300w, https:\/\/www.lausitzer-museenland.de\/wp-content\/uploads\/2014\/11\/15-100x49.jpg 100w, https:\/\/www.lausitzer-museenland.de\/wp-content\/uploads\/2014\/11\/15-150x74.jpg 150w, https:\/\/www.lausitzer-museenland.de\/wp-content\/uploads\/2014\/11\/15-200x99.jpg 200w\" sizes=\"(max-width: 800px) 100vw, 800px\" \/><\/p>\n\n<p><strong>Muzeum m\u00edstn\u00ed historie<\/strong><\/p>\n<h3>Stav budov a nemovitost\u00ed<\/h3>\n<div>Na m\u00edst\u011b Peitzu st\u00e1l ve 13. stolet\u00ed hrad. V polovin\u011b 16. stolet\u00ed nechal Jan V., markrab\u011b neumarsk\u00fd, hrad p\u0159estav\u011bt na citadelu (horn\u00ed pevnost). Rekonstrukce prob\u011bhla v letech 1559 a\u017e 1562. Podstatn\u00e9 \u010d\u00e1sti b\u00fdval\u00e9ho hradu se nach\u00e1zej\u00ed v obecn\u00e9 v\u011b\u017ei tvrze (pevnostn\u00ed v\u011b\u017e). V letech 1590 a\u017e 1595 bylo kolem m\u011bsta vybudov\u00e1no rozs\u00e1hl\u00e9 opevn\u011bn\u00ed (Unterfestung). Na stavb\u011b se pod\u00edleli renomovan\u00ed stavitel\u00e9 pevnost\u00ed evropsk\u00e9ho form\u00e1tu jako Chiramella, Arkanat a p\u0159edev\u0161\u00edm Lynar.<\/div>\n<div>B\u011bhem t\u0159icetilet\u00e9 v\u00e1lky (1618-1648) poskytovalo pevnostn\u00ed m\u011bsto ochranu mnoha \u0161lechtic\u016fm a c\u00edrkevn\u00edm hodnost\u00e1\u0159\u016fm. Dokonce i braniborsk\u00fd kurfi\u0159t Georg Wilhelm p\u0159enesl v zim\u011b 1637\/38 sv\u00e9 vl\u00e1dn\u00ed s\u00eddlo do Peitzu.<\/div>\n<div><\/div>\n<div>V roce 1767 vydal kr\u00e1l Fridrich Velik\u00fd p\u0159\u00edkaz k demolici pevnosti. Peitz m\u00e1 v\u0161ak dodnes cenn\u00e9 sv\u011bdky z doby pevnosti. Nejv\u00fdznamn\u011bj\u0161\u00ed stavbou je pevnostn\u00ed v\u011b\u017e ze 13.\/16. stolet\u00ed.<\/div>\n<div><\/div>\n<h3>Charakteristika<\/h3>\n<div>Pevnostn\u00ed v\u011b\u017e v Peitzu je nejstar\u0161\u00ed budovou ve m\u011bst\u011b Peitz a ji\u017e mnoho let slou\u017e\u00ed jako muzeum a kulturn\u00ed centrum. Zvl\u00e1\u0161tn\u00ed p\u0159ita\u017elivost pevnosti spo\u010d\u00edv\u00e1 v jej\u00ed zachovalosti jako stavebn\u00ed pam\u00e1tky, v jej\u00ed historii a kr\u00e1se. V\u011b\u017e m\u00e1 st\u011bny siln\u00e9 a\u017e 6 metr\u016f a dosahuje v\u00fd\u0161ky asi 36 metr\u016f.<\/div>\n<div>Uvnit\u0159 pevnostn\u00ed v\u011b\u017ee je p\u016fsobiv\u00fd velk\u00fd hodovn\u00ed s\u00e1l, kde se ka\u017edoro\u010dn\u011b konaj\u00ed svatebn\u00ed ob\u0159ady a akce. V muzejn\u00ed \u010d\u00e1sti v\u011b\u017ee jsou k vid\u011bn\u00ed v\u00fdstavy o historii pevnosti.<\/div>\n<div><\/div>\n<h3>Speci\u00e1ln\u00ed v\u00fdstavy \/ doprovodn\u00e9 nab\u00eddky<a id=\"ausstellung_fest_peitz\"><\/a><\/h3>\n<div>\n<ul>\n<li>Nav\u0161tivte velk\u00fd festivalov\u00fd s\u00e1l a doporu\u010dte n\u00e1dhern\u00fd v\u00fdhled z h\u0159ebenov\u00e9 v\u011b\u017ee pevnostn\u00ed v\u011b\u017ee daleko za Peitz.<\/li>\n<li>V\u00fdstava o pevnostech Peitz, Spandau a K\u00fcstrin a v\u00fdstava \"Digit\u00e1ln\u00ed mapov\u00fd st\u016fl a inscenovan\u00e9 \u0161eptaj\u00edc\u00ed postavy\" informuj\u00ed n\u00e1v\u0161t\u011bvn\u00edky zvl\u00e1\u0161tn\u00edm zp\u016fsobem.<\/li>\n<li>Nov\u011b navr\u017een\u00fd prostor pevnosti vyb\u00edz\u00ed k posezen\u00ed.<\/li>\n<li>Konaj\u00ed se zde svatebn\u00ed ob\u0159ady a slavnostn\u00ed akce.<\/li>\n<\/ul>\n<\/div>\n<h3>Nab\u00eddky pro d\u011bti - S Kobim do muzea<a id=\"kinderangebot_fest_peitz\"><\/a><\/h3>\n<p align=\"left\">Kobi - duch mal\u00e9ho domu - je v muzeu jako doma. Bydl\u00ed tam v ba\u010dkor\u00e1ch pod kamny. O p\u016flnoci odposlouch\u00e1v\u00e1 star\u00e9 muzejn\u00ed expon\u00e1ty, kdy\u017e si vypr\u00e1v\u011bj\u00ed p\u0159\u00edb\u011bhy z minulosti. Tyto vzru\u0161uj\u00edc\u00ed p\u0159\u00edb\u011bhy vypr\u00e1v\u00ed pracovn\u00edk\u016fm muzea, kte\u0159\u00ed je pak p\u0159ed\u00e1vaj\u00ed d\u011btem - p\u0159\u00edb\u011bhy ze star\u00fdch, d\u00e1vn\u00fdch \u010das\u016f.<\/p>\n<p class=\"entry-title post-title\">Kobi nab\u00edz\u00ed:<\/p>\n<h5>Prohl\u00eddka pevnostn\u00ed v\u011b\u017ee Peitz s pr\u016fvodcem<\/h5>\n<div data-post-id='fuehrung-durch-den-peitzer-festungsturm' class='insert-page insert-page-fuehrung-durch-den-peitzer-festungsturm'>\t\t\t\t\t<p>Pevnostn\u00ed v\u011b\u017e se nach\u00e1z\u00ed v srdci m\u011bsta Peitz, uprost\u0159ed historick\u00e9ho centra.<\/p>\n<div>B\u011bhem prohl\u00eddky se n\u00e1v\u0161t\u011bvn\u00edci dozv\u011bd\u00ed mnoho zaj\u00edmavost\u00ed o pevnostn\u00ed v\u011b\u017ei i o historii m\u011bsta a regionu.<\/div>\n<div><\/div>\n<div>Nab\u00eddka prob\u00edh\u00e1 v interi\u00e9ru a je ur\u010dena \u017e\u00e1k\u016fm 1. a\u017e 13. t\u0159\u00eddy.<\/div>\n<div>Datum: dle dohody<\/div>\n<div><\/div>\n<div>Doba trv\u00e1n\u00ed: p\u0159ibli\u017en\u011b 1 hodina<\/div>\n<div>P\u0159edb\u011b\u017en\u00e1 registrace: nejpozd\u011bji t\u00fdden p\u0159edem<\/div>\n<div><\/div>\n<div>Pevnostn\u00ed v\u011b\u017e Peitz<\/div>\n<div>Pevnostn\u00ed trasa<\/div>\n<div><\/div>\n<div>Pan\u00ed Medackov\u00e1<\/div>\n<div>03185 Peitz\/ Picnjo<\/div>\n<div>Telefon: 035601 \/ 22080<\/div>\n<div>Fax: 035601 \/ 22080<\/div>\n<div>E - Mail: museum@peitz.de<\/div>\n<div>Webov\u00e9 str\u00e1nky: <a href=\"https:\/\/tourismus.peitz.de\/de\/museum\/festungsturm\" target=\"_blank\" rel=\"noopener\">www.tourismus.peitz.de<\/a><\/div>\n\t\t\t\t\t<\/div>\n<h3><\/h3>\n<p>&nbsp;<\/p>\n<h3>Galerie<a id=\"galerie_festung_peitz\"><\/a><\/h3>\n<p><div id=\"envira-gallery-wrap-144\" class=\"envira-gallery-wrap envira-gallery-theme-base envira-lightbox-theme-base\" itemscope itemtype=\"https:\/\/schema.org\/ImageGallery\"><div data-row-height=\"\" data-gallery-theme=\"\" id=\"envira-gallery-144\" class=\"envira-gallery-public  envira-gallery-3-columns envira-clear enviratope envira-gallery-css-animations\" data-envira-columns=\"3\"><div id=\"envira-gallery-item-1359\" class=\"envira-gallery-item enviratope-item envira-gallery-item-1\" style=\"padding-left: 5px; padding-bottom: 10px; padding-right: 5px;\"  itemscope itemtype=\"https:\/\/schema.org\/ImageObject\"><div class=\"envira-gallery-item-inner\"><div class=\"envira-gallery-position-overlay  envira-gallery-top-left\"><\/div><div class=\"envira-gallery-position-overlay  envira-gallery-top-right\"><\/div><div class=\"envira-gallery-position-overlay  envira-gallery-bottom-left\"><\/div><div class=\"envira-gallery-position-overlay  envira-gallery-bottom-right\"><\/div><a href=\"https:\/\/www.lausitzer-museenland.de\/wp-content\/uploads\/2014\/11\/136.jpg\" class=\"envira-gallery-144 envira-gallery-link\" rel=\"enviragallery144\" title=\"Pevnostn\u00ed v\u011b\u017e Peitz\" data-envira-caption=\"Festungsturm Peitz\" data-envira-retina=\"\" data-thumbnail=\"\"  itemprop=\"contentUrl\"><div class=\"envira-lazy\" data-test-width=\"960\" data-test-height=\"300\" style=\"padding-bottom:31.25%;\"><img id=\"envira-gallery-image-1359\" class=\"envira-gallery-image envira-gallery-image-1\" data-envira-index=\"1\" src=\"https:\/\/www.lausitzer-museenland.de\/wp-content\/uploads\/2014\/11\/136.jpg\" data-envira-src=\"https:\/\/www.lausitzer-museenland.de\/wp-content\/uploads\/2014\/11\/136.jpg\" data-envira-gallery-id=\"144\" data-envira-item-id=\"1359\" data-envira-caption=\"Festungsturm Peitz\" alt=\"\" title=\"Pevnostn\u00ed v\u011b\u017e Peitz\"  itemprop=\"thumbnailUrl\" data-envira-srcset=\"https:\/\/www.lausitzer-museenland.de\/wp-content\/uploads\/2014\/11\/136.jpg 400w,https:\/\/www.lausitzer-museenland.de\/wp-content\/uploads\/2014\/11\/136.jpg 2x\" srcset=\"data:image\/gif;base64,R0lGODlhAQABAIAAAP\/\/\/\/\/\/\/yH5BAEKAAEALAAAAAABAAEAAAICTAEAOw==\" \/><\/div><\/a><\/div><\/div><div id=\"envira-gallery-item-1360\" class=\"envira-gallery-item enviratope-item envira-gallery-item-2\" style=\"padding-left: 5px; padding-bottom: 10px; padding-right: 5px;\"  itemscope itemtype=\"https:\/\/schema.org\/ImageObject\"><div class=\"envira-gallery-item-inner\"><div class=\"envira-gallery-position-overlay  envira-gallery-top-left\"><\/div><div class=\"envira-gallery-position-overlay  envira-gallery-top-right\"><\/div><div class=\"envira-gallery-position-overlay  envira-gallery-bottom-left\"><\/div><div class=\"envira-gallery-position-overlay  envira-gallery-bottom-right\"><\/div><a href=\"https:\/\/www.lausitzer-museenland.de\/wp-content\/uploads\/2014\/11\/24.jpg\" class=\"envira-gallery-144 envira-gallery-link\" rel=\"enviragallery144\" title=\"Pevnostn\u00ed v\u011b\u017e Peitz\" data-envira-caption=\"Festungsturm Peitz\" data-envira-retina=\"\" data-thumbnail=\"\"  itemprop=\"contentUrl\"><div class=\"envira-lazy\" data-test-width=\"960\" data-test-height=\"300\" style=\"padding-bottom:31.25%;\"><img id=\"envira-gallery-image-1360\" class=\"envira-gallery-image envira-gallery-image-2\" data-envira-index=\"2\" src=\"https:\/\/www.lausitzer-museenland.de\/wp-content\/uploads\/2014\/11\/24.jpg\" data-envira-src=\"https:\/\/www.lausitzer-museenland.de\/wp-content\/uploads\/2014\/11\/24.jpg\" data-envira-gallery-id=\"144\" data-envira-item-id=\"1360\" data-envira-caption=\"Festungsturm Peitz\" alt=\"\" title=\"Pevnostn\u00ed v\u011b\u017e Peitz\"  itemprop=\"thumbnailUrl\" data-envira-srcset=\"https:\/\/www.lausitzer-museenland.de\/wp-content\/uploads\/2014\/11\/24.jpg 400w,https:\/\/www.lausitzer-museenland.de\/wp-content\/uploads\/2014\/11\/24.jpg 2x\" srcset=\"data:image\/gif;base64,R0lGODlhAQABAIAAAP\/\/\/\/\/\/\/yH5BAEKAAEALAAAAAABAAEAAAICTAEAOw==\" \/><\/div><\/a><\/div><\/div><div id=\"envira-gallery-item-1361\" class=\"envira-gallery-item enviratope-item envira-gallery-item-3\" style=\"padding-left: 5px; padding-bottom: 10px; padding-right: 5px;\"  itemscope itemtype=\"https:\/\/schema.org\/ImageObject\"><div class=\"envira-gallery-item-inner\"><div class=\"envira-gallery-position-overlay  envira-gallery-top-left\"><\/div><div class=\"envira-gallery-position-overlay  envira-gallery-top-right\"><\/div><div class=\"envira-gallery-position-overlay  envira-gallery-bottom-left\"><\/div><div class=\"envira-gallery-position-overlay  envira-gallery-bottom-right\"><\/div><a href=\"https:\/\/www.lausitzer-museenland.de\/wp-content\/uploads\/2014\/11\/34.jpg\" class=\"envira-gallery-144 envira-gallery-link\" rel=\"enviragallery144\" title=\"Pevnostn\u00ed v\u011b\u017e Peitz\" data-envira-caption=\"Festungsturm Peitz\" data-envira-retina=\"\" data-thumbnail=\"\"  itemprop=\"contentUrl\"><div class=\"envira-lazy\" data-test-width=\"960\" data-test-height=\"300\" style=\"padding-bottom:31.25%;\"><img id=\"envira-gallery-image-1361\" class=\"envira-gallery-image envira-gallery-image-3\" data-envira-index=\"3\" src=\"https:\/\/www.lausitzer-museenland.de\/wp-content\/uploads\/2014\/11\/34.jpg\" data-envira-src=\"https:\/\/www.lausitzer-museenland.de\/wp-content\/uploads\/2014\/11\/34.jpg\" data-envira-gallery-id=\"144\" data-envira-item-id=\"1361\" data-envira-caption=\"Festungsturm Peitz\" alt=\"\" title=\"Pevnostn\u00ed v\u011b\u017e Peitz\"  itemprop=\"thumbnailUrl\" data-envira-srcset=\"https:\/\/www.lausitzer-museenland.de\/wp-content\/uploads\/2014\/11\/34.jpg 400w,https:\/\/www.lausitzer-museenland.de\/wp-content\/uploads\/2014\/11\/34.jpg 2x\" srcset=\"data:image\/gif;base64,R0lGODlhAQABAIAAAP\/\/\/\/\/\/\/yH5BAEKAAEALAAAAAABAAEAAAICTAEAOw==\" \/><\/div><\/a><\/div><\/div><div id=\"envira-gallery-item-1362\" class=\"envira-gallery-item enviratope-item envira-gallery-item-4\" style=\"padding-left: 5px; padding-bottom: 10px; padding-right: 5px;\"  itemscope itemtype=\"https:\/\/schema.org\/ImageObject\"><div class=\"envira-gallery-item-inner\"><div class=\"envira-gallery-position-overlay  envira-gallery-top-left\"><\/div><div class=\"envira-gallery-position-overlay  envira-gallery-top-right\"><\/div><div class=\"envira-gallery-position-overlay  envira-gallery-bottom-left\"><\/div><div class=\"envira-gallery-position-overlay  envira-gallery-bottom-right\"><\/div><a href=\"https:\/\/www.lausitzer-museenland.de\/wp-content\/uploads\/2014\/11\/43.jpg\" class=\"envira-gallery-144 envira-gallery-link\" rel=\"enviragallery144\" title=\"Pevnostn\u00ed v\u011b\u017e Peitz\" data-envira-caption=\"Festungsturm Peitz\" data-envira-retina=\"\" data-thumbnail=\"\"  itemprop=\"contentUrl\"><div class=\"envira-lazy\" data-test-width=\"960\" data-test-height=\"300\" style=\"padding-bottom:31.25%;\"><img id=\"envira-gallery-image-1362\" class=\"envira-gallery-image envira-gallery-image-4\" data-envira-index=\"4\" src=\"https:\/\/www.lausitzer-museenland.de\/wp-content\/uploads\/2014\/11\/43.jpg\" data-envira-src=\"https:\/\/www.lausitzer-museenland.de\/wp-content\/uploads\/2014\/11\/43.jpg\" data-envira-gallery-id=\"144\" data-envira-item-id=\"1362\" data-envira-caption=\"Festungsturm Peitz\" alt=\"\" title=\"Pevnostn\u00ed v\u011b\u017e Peitz\"  itemprop=\"thumbnailUrl\" data-envira-srcset=\"https:\/\/www.lausitzer-museenland.de\/wp-content\/uploads\/2014\/11\/43.jpg 400w,https:\/\/www.lausitzer-museenland.de\/wp-content\/uploads\/2014\/11\/43.jpg 2x\" srcset=\"data:image\/gif;base64,R0lGODlhAQABAIAAAP\/\/\/\/\/\/\/yH5BAEKAAEALAAAAAABAAEAAAICTAEAOw==\" \/><\/div><\/a><\/div><\/div><div id=\"envira-gallery-item-1363\" class=\"envira-gallery-item enviratope-item envira-gallery-item-5\" style=\"padding-left: 5px; padding-bottom: 10px; padding-right: 5px;\"  itemscope itemtype=\"https:\/\/schema.org\/ImageObject\"><div class=\"envira-gallery-item-inner\"><div class=\"envira-gallery-position-overlay  envira-gallery-top-left\"><\/div><div class=\"envira-gallery-position-overlay  envira-gallery-top-right\"><\/div><div class=\"envira-gallery-position-overlay  envira-gallery-bottom-left\"><\/div><div class=\"envira-gallery-position-overlay  envira-gallery-bottom-right\"><\/div><a href=\"https:\/\/www.lausitzer-museenland.de\/wp-content\/uploads\/2014\/11\/52.jpg\" class=\"envira-gallery-144 envira-gallery-link\" rel=\"enviragallery144\" title=\"Pevnostn\u00ed v\u011b\u017e Peitz\" data-envira-caption=\"Festungsturm Peitz\" data-envira-retina=\"\" data-thumbnail=\"\"  itemprop=\"contentUrl\"><div class=\"envira-lazy\" data-test-width=\"960\" data-test-height=\"300\" style=\"padding-bottom:31.25%;\"><img id=\"envira-gallery-image-1363\" class=\"envira-gallery-image envira-gallery-image-5\" data-envira-index=\"5\" src=\"https:\/\/www.lausitzer-museenland.de\/wp-content\/uploads\/2014\/11\/52.jpg\" data-envira-src=\"https:\/\/www.lausitzer-museenland.de\/wp-content\/uploads\/2014\/11\/52.jpg\" data-envira-gallery-id=\"144\" data-envira-item-id=\"1363\" data-envira-caption=\"Festungsturm Peitz\" alt=\"\" title=\"Pevnostn\u00ed v\u011b\u017e Peitz\"  itemprop=\"thumbnailUrl\" data-envira-srcset=\"https:\/\/www.lausitzer-museenland.de\/wp-content\/uploads\/2014\/11\/52.jpg 400w,https:\/\/www.lausitzer-museenland.de\/wp-content\/uploads\/2014\/11\/52.jpg 2x\" srcset=\"data:image\/gif;base64,R0lGODlhAQABAIAAAP\/\/\/\/\/\/\/yH5BAEKAAEALAAAAAABAAEAAAICTAEAOw==\" \/><\/div><\/a><\/div><\/div><\/div><\/div><noscript><img src=\"https:\/\/www.lausitzer-museenland.de\/wp-content\/uploads\/2014\/11\/136.jpg\" alt=\"\" \/><img src=\"https:\/\/www.lausitzer-museenland.de\/wp-content\/uploads\/2014\/11\/24.jpg\" alt=\"\" \/><img src=\"https:\/\/www.lausitzer-museenland.de\/wp-content\/uploads\/2014\/11\/34.jpg\" alt=\"\" \/><img src=\"https:\/\/www.lausitzer-museenland.de\/wp-content\/uploads\/2014\/11\/43.jpg\" alt=\"\" \/><img src=\"https:\/\/www.lausitzer-museenland.de\/wp-content\/uploads\/2014\/11\/52.jpg\" alt=\"\" \/><\/noscript><div id=\"envira-gallery-wrap-54001\" class=\"envira-gallery-wrap envira-gallery-theme-base envira-lightbox-theme-base\" itemscope itemtype=\"https:\/\/schema.org\/ImageGallery\"><div data-row-height=\"150\" data-gallery-theme=\"normal\" id=\"envira-gallery-54001\" class=\"envira-gallery-public envira-gallery-justified-public envira-gallery-0-columns envira-clear enviratope envira-gallery-css-animations\" data-envira-columns=\"0\"><div id=\"envira-gallery-item-54002\" class=\"envira-gallery-item enviratope-item envira-gallery-item-1 envira-lazy-load\" style=\"padding-left: 5px; padding-bottom: 10px; padding-right: 5px;\"  itemscope itemtype=\"https:\/\/schema.org\/ImageObject\"><div class=\"envira-gallery-item-inner\"><div class=\"envira-gallery-position-overlay  envira-gallery-top-left\"><\/div><div class=\"envira-gallery-position-overlay  envira-gallery-top-right\"><\/div><div class=\"envira-gallery-position-overlay  envira-gallery-bottom-left\"><\/div><div class=\"envira-gallery-position-overlay  envira-gallery-bottom-right\"><\/div><a href=\"https:\/\/www.lausitzer-museenland.de\/wp-content\/uploads\/2022\/06\/Festung-1.-OG.jpg\" class=\"envira-gallery-54001 envira-gallery-link\" rel=\"enviragallery54001\" title=\"Pevnost 1. patro\" data-envira-caption=\"Festung 1. OG\" data-envira-retina=\"\" data-thumbnail=\"\"  itemprop=\"contentUrl\"><img id=\"envira-gallery-image-54002\" class=\"envira-gallery-image envira-gallery-image-1 envira-normal envira-lazy\" data-envira-index=\"1\" src=\"https:\/\/www.lausitzer-museenland.de\/wp-content\/uploads\/2022\/06\/Festung-1.-OG.jpg\" data-envira-src=\"https:\/\/www.lausitzer-museenland.de\/wp-content\/uploads\/2022\/06\/Festung-1.-OG.jpg\" data-envira-gallery-id=\"54001\" data-envira-item-id=\"54002\" data-envira-caption=\"Festung 1. OG\" alt=\"\" title=\"Pevnost 1. patro\"  itemprop=\"thumbnailUrl\" data-envira-srcset=\"https:\/\/www.lausitzer-museenland.de\/wp-content\/uploads\/2022\/06\/Festung-1.-OG.jpg 400w,https:\/\/www.lausitzer-museenland.de\/wp-content\/uploads\/2022\/06\/Festung-1.-OG.jpg 2x\" data-envira-width=\"300\" data-envira-height=\"188\" srcset=\"data:image\/gif;base64,R0lGODlhAQABAIAAAP\/\/\/\/\/\/\/yH5BAEKAAEALAAAAAABAAEAAAICTAEAOw==\" data-safe-src=\"data:image\/gif;base64,R0lGODlhAQABAIAAAP\/\/\/\/\/\/\/yH5BAEKAAEALAAAAAABAAEAAAICTAEAOw==\" \/><\/a><\/div><\/div><div id=\"envira-gallery-item-54003\" class=\"envira-gallery-item enviratope-item envira-gallery-item-2 envira-lazy-load\" style=\"padding-left: 5px; padding-bottom: 10px; padding-right: 5px;\"  itemscope itemtype=\"https:\/\/schema.org\/ImageObject\"><div class=\"envira-gallery-item-inner\"><div class=\"envira-gallery-position-overlay  envira-gallery-top-left\"><\/div><div class=\"envira-gallery-position-overlay  envira-gallery-top-right\"><\/div><div class=\"envira-gallery-position-overlay  envira-gallery-bottom-left\"><\/div><div class=\"envira-gallery-position-overlay  envira-gallery-bottom-right\"><\/div><a href=\"https:\/\/www.lausitzer-museenland.de\/wp-content\/uploads\/2022\/06\/Festungsturm_Bannertraeger.jpg\" class=\"envira-gallery-54001 envira-gallery-link\" rel=\"enviragallery54001\" title=\"Nosi\u010d praporu pevnostn\u00ed v\u011b\u017ee\" data-envira-caption=\"Festungsturm Bannertr&auml;ger\" data-envira-retina=\"\" data-thumbnail=\"\"  itemprop=\"contentUrl\"><img id=\"envira-gallery-image-54003\" class=\"envira-gallery-image envira-gallery-image-2 envira-normal envira-lazy\" data-envira-index=\"2\" src=\"https:\/\/www.lausitzer-museenland.de\/wp-content\/uploads\/2022\/06\/Festungsturm_Bannertraeger.jpg\" data-envira-src=\"https:\/\/www.lausitzer-museenland.de\/wp-content\/uploads\/2022\/06\/Festungsturm_Bannertraeger.jpg\" data-envira-gallery-id=\"54001\" data-envira-item-id=\"54003\" data-envira-caption=\"Festungsturm Bannertr&auml;ger\" alt=\"\" title=\"Nosi\u010d praporu pevnostn\u00ed v\u011b\u017ee\"  itemprop=\"thumbnailUrl\" data-envira-srcset=\"https:\/\/www.lausitzer-museenland.de\/wp-content\/uploads\/2022\/06\/Festungsturm_Bannertraeger.jpg 400w,https:\/\/www.lausitzer-museenland.de\/wp-content\/uploads\/2022\/06\/Festungsturm_Bannertraeger.jpg 2x\" data-envira-width=\"300\" data-envira-height=\"150\" srcset=\"data:image\/gif;base64,R0lGODlhAQABAIAAAP\/\/\/\/\/\/\/yH5BAEKAAEALAAAAAABAAEAAAICTAEAOw==\" data-safe-src=\"data:image\/gif;base64,R0lGODlhAQABAIAAAP\/\/\/\/\/\/\/yH5BAEKAAEALAAAAAABAAEAAAICTAEAOw==\" \/><\/a><\/div><\/div><div id=\"envira-gallery-item-54004\" class=\"envira-gallery-item enviratope-item envira-gallery-item-3 envira-lazy-load\" style=\"padding-left: 5px; padding-bottom: 10px; padding-right: 5px;\"  itemscope itemtype=\"https:\/\/schema.org\/ImageObject\"><div class=\"envira-gallery-item-inner\"><div class=\"envira-gallery-position-overlay  envira-gallery-top-left\"><\/div><div class=\"envira-gallery-position-overlay  envira-gallery-top-right\"><\/div><div class=\"envira-gallery-position-overlay  envira-gallery-bottom-left\"><\/div><div class=\"envira-gallery-position-overlay  envira-gallery-bottom-right\"><\/div><a href=\"https:\/\/www.lausitzer-museenland.de\/wp-content\/uploads\/2022\/06\/Festungsturm_Kellereingaenge.jpg\" class=\"envira-gallery-54001 envira-gallery-link\" rel=\"enviragallery54001\" title=\"Vchody do sklep\u016f pevnostn\u00ed v\u011b\u017ee\" data-envira-caption=\"Festungsturm Kellereing&auml;nge\" data-envira-retina=\"\" data-thumbnail=\"\"  itemprop=\"contentUrl\"><img id=\"envira-gallery-image-54004\" class=\"envira-gallery-image envira-gallery-image-3 envira-normal envira-lazy\" data-envira-index=\"3\" src=\"https:\/\/www.lausitzer-museenland.de\/wp-content\/uploads\/2022\/06\/Festungsturm_Kellereingaenge.jpg\" data-envira-src=\"https:\/\/www.lausitzer-museenland.de\/wp-content\/uploads\/2022\/06\/Festungsturm_Kellereingaenge.jpg\" data-envira-gallery-id=\"54001\" data-envira-item-id=\"54004\" data-envira-caption=\"Festungsturm Kellereing&auml;nge\" alt=\"\" title=\"Vchody do sklep\u016f pevnostn\u00ed v\u011b\u017ee\"  itemprop=\"thumbnailUrl\" data-envira-srcset=\"https:\/\/www.lausitzer-museenland.de\/wp-content\/uploads\/2022\/06\/Festungsturm_Kellereingaenge.jpg 400w,https:\/\/www.lausitzer-museenland.de\/wp-content\/uploads\/2022\/06\/Festungsturm_Kellereingaenge.jpg 2x\" data-envira-width=\"300\" data-envira-height=\"150\" srcset=\"data:image\/gif;base64,R0lGODlhAQABAIAAAP\/\/\/\/\/\/\/yH5BAEKAAEALAAAAAABAAEAAAICTAEAOw==\" data-safe-src=\"data:image\/gif;base64,R0lGODlhAQABAIAAAP\/\/\/\/\/\/\/yH5BAEKAAEALAAAAAABAAEAAAICTAEAOw==\" \/><\/a><\/div><\/div><div id=\"envira-gallery-item-54005\" class=\"envira-gallery-item enviratope-item envira-gallery-item-4 envira-lazy-load\" style=\"padding-left: 5px; padding-bottom: 10px; padding-right: 5px;\"  itemscope itemtype=\"https:\/\/schema.org\/ImageObject\"><div class=\"envira-gallery-item-inner\"><div class=\"envira-gallery-position-overlay  envira-gallery-top-left\"><\/div><div class=\"envira-gallery-position-overlay  envira-gallery-top-right\"><\/div><div class=\"envira-gallery-position-overlay  envira-gallery-bottom-left\"><\/div><div class=\"envira-gallery-position-overlay  envira-gallery-bottom-right\"><\/div><a href=\"https:\/\/www.lausitzer-museenland.de\/wp-content\/uploads\/2022\/06\/Keller_im_Festungsturm.jpg\" class=\"envira-gallery-54001 envira-gallery-link\" rel=\"enviragallery54001\" title=\"Sklepen\u00ed ve v\u011b\u017ei pevnosti\" data-envira-caption=\"Keller im Festungsturm\" data-envira-retina=\"\" data-thumbnail=\"\"  itemprop=\"contentUrl\"><img id=\"envira-gallery-image-54005\" class=\"envira-gallery-image envira-gallery-image-4 envira-normal envira-lazy\" data-envira-index=\"4\" src=\"https:\/\/www.lausitzer-museenland.de\/wp-content\/uploads\/2022\/06\/Keller_im_Festungsturm.jpg\" data-envira-src=\"https:\/\/www.lausitzer-museenland.de\/wp-content\/uploads\/2022\/06\/Keller_im_Festungsturm.jpg\" data-envira-gallery-id=\"54001\" data-envira-item-id=\"54005\" data-envira-caption=\"Keller im Festungsturm\" alt=\"\" title=\"Sklepen\u00ed ve v\u011b\u017ei pevnosti\"  itemprop=\"thumbnailUrl\" data-envira-srcset=\"https:\/\/www.lausitzer-museenland.de\/wp-content\/uploads\/2022\/06\/Keller_im_Festungsturm.jpg 400w,https:\/\/www.lausitzer-museenland.de\/wp-content\/uploads\/2022\/06\/Keller_im_Festungsturm.jpg 2x\" data-envira-width=\"300\" data-envira-height=\"150\" srcset=\"data:image\/gif;base64,R0lGODlhAQABAIAAAP\/\/\/\/\/\/\/yH5BAEKAAEALAAAAAABAAEAAAICTAEAOw==\" data-safe-src=\"data:image\/gif;base64,R0lGODlhAQABAIAAAP\/\/\/\/\/\/\/yH5BAEKAAEALAAAAAABAAEAAAICTAEAOw==\" \/><\/a><\/div><\/div><\/div><\/div><noscript><img src=\"https:\/\/www.lausitzer-museenland.de\/wp-content\/uploads\/2022\/06\/Festung-1.-OG.jpg\" alt=\"\" \/><img src=\"https:\/\/www.lausitzer-museenland.de\/wp-content\/uploads\/2022\/06\/Festungsturm_Bannertraeger.jpg\" alt=\"\" \/><img src=\"https:\/\/www.lausitzer-museenland.de\/wp-content\/uploads\/2022\/06\/Festungsturm_Kellereingaenge.jpg\" alt=\"\" \/><img src=\"https:\/\/www.lausitzer-museenland.de\/wp-content\/uploads\/2022\/06\/Keller_im_Festungsturm.jpg\" alt=\"\" \/><\/noscript><\/p>\n<h5><\/h5>","protected":false},"excerpt":{"rendered":"<p>Galerie | V\u00fdstavy | Nab\u00eddka pro d\u011bti Vlastiv\u011bdn\u00e9 muzeum Situace na m\u00edst\u011b V Peitzu se nach\u00e1zel hradn\u00ed komplex ze 13. stolet\u00ed. V polovin\u011b 16. stolet\u00ed nechal Jan V., markrab\u011b neumarsk\u00fd, hrad p\u0159estav\u011bt na citadelu (horn\u00ed pevnost). Rekonstrukce prob\u011bhla v letech 1559 a\u017e 1562. Podstatn\u00e9 \u010d\u00e1sti b\u00fdval\u00e9ho<\/p>","protected":false},"author":13,"featured_media":0,"parent":113,"menu_order":0,"comment_status":"closed","ping_status":"closed","template":"","meta":[],"_links":{"self":[{"href":"http:\/\/www.lausitzer-museenland.de\/cs\/wp-json\/wp\/v2\/pages\/144"}],"collection":[{"href":"http:\/\/www.lausitzer-museenland.de\/cs\/wp-json\/wp\/v2\/pages"}],"about":[{"href":"http:\/\/www.lausitzer-museenland.de\/cs\/wp-json\/wp\/v2\/types\/page"}],"author":[{"embeddable":true,"href":"http:\/\/www.lausitzer-museenland.de\/cs\/wp-json\/wp\/v2\/users\/13"}],"replies":[{"embeddable":true,"href":"http:\/\/www.lausitzer-museenland.de\/cs\/wp-json\/wp\/v2\/comments?post=144"}],"version-history":[{"count":23,"href":"http:\/\/www.lausitzer-museenland.de\/cs\/wp-json\/wp\/v2\/pages\/144\/revisions"}],"predecessor-version":[{"id":54007,"href":"http:\/\/www.lausitzer-museenland.de\/cs\/wp-json\/wp\/v2\/pages\/144\/revisions\/54007"}],"up":[{"embeddable":true,"href":"http:\/\/www.lausitzer-museenland.de\/cs\/wp-json\/wp\/v2\/pages\/113"}],"wp:attachment":[{"href":"http:\/\/www.lausitzer-museenland.de\/cs\/wp-json\/wp\/v2\/media?parent=144"}],"curies":[{"name":"wp","href":"https:\/\/api.w.org\/{rel}","templated":true}]}}