{"id":158,"date":"2014-11-05T17:17:04","date_gmt":"2014-11-05T16:17:04","guid":{"rendered":"http:\/\/lausitzer-museenland.de\/?page_id=158"},"modified":"2022-05-31T07:35:07","modified_gmt":"2022-05-31T05:35:07","slug":"flugplatzmuseum-welzow","status":"publish","type":"page","link":"http:\/\/www.lausitzer-museenland.de\/cs\/muzea\/letistni-muzeum-welzow\/","title":{"rendered":"Muzeum leti\u0161t\u011b Welzow \/ L\u011btani\u0161\u0107owy muzej Wjelcej"},"content":{"rendered":"<p><a href=\"#galerie_flugplatz_welzow\">Galerie<\/a> |\u00a0<a href=\"#austellungen_flugplatz_welzow\">V\u00fdstavy<\/a>\u00a0| \u00a0<a href=\"#kinderangebot_flugplatz_welzow\">Nab\u00eddky pro d\u011bti<\/a><a href=\"https:\/\/www.lausitzer-museenland.de\/wp-content\/uploads\/2014\/11\/Welzow-7.png\"><img loading=\"lazy\" class=\"aligncenter size-full wp-image-6164\" src=\"https:\/\/www.lausitzer-museenland.de\/wp-content\/uploads\/2014\/11\/Welzow-7.png\" alt=\"Welzow-7\" width=\"750\" height=\"562\" srcset=\"https:\/\/www.lausitzer-museenland.de\/wp-content\/uploads\/2014\/11\/Welzow-7.png 750w, https:\/\/www.lausitzer-museenland.de\/wp-content\/uploads\/2014\/11\/Welzow-7-300x225.png 300w\" sizes=\"(max-width: 750px) 100vw, 750px\" \/><\/a><\/p>\n\n<p><strong>Speci\u00e1ln\u00ed muzeum se sb\u00edrkami o soci\u00e1ln\u00ed a kulturn\u00ed historii m\u00edsta<\/strong><\/p>\n<h3>Situace budovy \/ pozemku<\/h3>\n<div>Budova, v n\u00ed\u017e dnes s\u00eddl\u00ed leti\u0161tn\u00ed muzeum, byla sou\u010d\u00e1st\u00ed rozs\u00e1hl\u00e9ho komplexu b\u00fdval\u00e9ho vojensk\u00e9ho majetku kas\u00e1ren, obytn\u00fdch budov a \"soci\u00e1ln\u00edch\" za\u0159\u00edzen\u00ed, hospod\u00e1\u0159sk\u00fdch a technick\u00fdch budov. Mohutn\u00e1 budova b\u00fdval\u00fdch d\u00edlen byla vy\u0148ata z dekonstrukce a opravena.<\/div>\n<h3>Charakteristika<\/h3>\n<div>C\u00edlem muzea leti\u0161t\u011b je zdokumentovat historii vyu\u017e\u00edv\u00e1n\u00ed leti\u0161t\u011b v r\u016fzn\u00fdch obdob\u00edch. Stovky expon\u00e1t\u016f, p\u0159edev\u0161\u00edm z obdob\u00ed druh\u00e9 sv\u011btov\u00e9 v\u00e1lky a vyu\u017e\u00edv\u00e1n\u00ed leti\u0161t\u011b sov\u011btskou arm\u00e1dou, p\u0159ibli\u017euj\u00ed historii leti\u0161t\u011b Welzow od roku 1927 jako civiln\u00edho leti\u0161t\u011b, od roku 1935 do roku 1945 jako v\u00fdcvikov\u00e9ho a opera\u010dn\u00edho leti\u0161t\u011b n\u011bmeck\u00e9ho Wehrmachtu a od roku 1945 jako vojensk\u00e9ho leti\u0161t\u011b sov\u011btsk\u00fdch vojsk. Muzeum tak p\u0159edstavuje v\u00fdvoj leti\u0161t\u011b v osmi dobov\u00fdch a tematick\u00fdch m\u00edstnostech, v\u010detn\u011b leteck\u00e9 techniky. Spole\u010dnost Flugplatzbetriebsgesellschaft Welzow mbH se star\u00e1 o \u010dty\u0159i m\u00edstnosti s nejr\u016fzn\u011bj\u0161\u00edmi expon\u00e1ty o vyu\u017eit\u00ed leti\u0161t\u011b v letech 1927 a\u017e 1993. Dal\u0161\u00ed \u010dty\u0159i m\u00edstnosti m\u00e1 na starosti organizace Vermisstenforschung Deutschland e.V. (V\u00fdzkum poh\u0159e\u0161ovan\u00fdch osob v N\u011bmecku), kter\u00e1 dokumentuje zejm\u00e9na leteckou techniku z obdob\u00ed druh\u00e9 sv\u011btov\u00e9 v\u00e1lky. V\u00fdstavn\u00ed \u010dinnost je v neposledn\u00ed \u0159ad\u011b zam\u011b\u0159ena na z\u00e1jem m\u00edstn\u00edch obyvatel, jejich\u017e \u017eivot byl po dlouhou dobu intenzivn\u011b vyu\u017e\u00edv\u00e1n.<\/div>\n<h3>Speci\u00e1ln\u00ed v\u00fdstavy \/ doprovodn\u00e9 nab\u00eddky<a id=\"austellungen_flugplatz_welzow\"><\/a><\/h3>\n<div>Speci\u00e1ln\u00ed v\u00fdstavy se v sou\u010dasn\u00e9 dob\u011b nepl\u00e1nuj\u00ed.<\/div>\n<div>Koncep\u010dn\u00ed p\u0159\u00edstup spole\u010dnosti Flugplatzbetriebsgesellschaft Welzow mbH vid\u00ed vyu\u017eit\u00ed leti\u0161t\u011b Spremberg-Welzow jako kombinaci obchodn\u00edho s\u00eddla, leteck\u00e9ho vyu\u017eit\u00ed a region\u00e1ln\u00edch volno\u010dasov\u00fdch aktivit, k nim\u017e pat\u0159\u00ed muzeum a \u010detn\u00e9 kluby, festivaly a gastronomie v are\u00e1lu, nap\u0159.:<\/div>\n<div>\n<ul>\n<li>Festival na leti\u0161ti<\/li>\n<li>No\u010dn\u00ed letov\u00e1 akce<\/li>\n<li>\u00a0Muzejn\u00ed noc ve \u010dtvrti Spree-Nisa<\/li>\n<li>Mo\u017enost rezervace kombinovan\u00fdch nab\u00eddek pro skupiny (muzeum, oslava, vyhl\u00eddkov\u00fd let)<\/li>\n<li>Spolupr\u00e1ce s nab\u00eddkami sdru\u017een\u00ed<\/li>\n<li>Cyklostezka (spojnice mezi \u010dtvrt\u011bmi Spree-Nisa a Oberspreewald-Lausitz)<\/li>\n<\/ul>\n<\/div>\n<h4>Nab\u00eddky pro d\u011bti - S Kobim do muzea<a id=\"kinderangebot_flugplatz_welzow\"><\/a><\/h4>\n<p>Kobi - duch mal\u00e9ho domu - je v muzeu jako doma. Bydl\u00ed tam v ba\u010dkor\u00e1ch pod kamny. O p\u016flnoci odposlouch\u00e1v\u00e1 star\u00e9 muzejn\u00ed expon\u00e1ty, kdy\u017e si vypr\u00e1v\u011bj\u00ed p\u0159\u00edb\u011bhy z minulosti. Tyto vzru\u0161uj\u00edc\u00ed p\u0159\u00edb\u011bhy vypr\u00e1v\u00ed pracovn\u00edk\u016fm muzea, kte\u0159\u00ed je pak p\u0159ed\u00e1vaj\u00ed d\u011btem - p\u0159\u00edb\u011bhy ze star\u00fdch, d\u00e1vn\u00fdch \u010das\u016f.<\/p>\n<p>Kobi nab\u00edz\u00ed:<\/p>\n<div>\n<h5>\u00a0Historie leti\u0161t\u011b Welzow<\/h5>\n<div data-post-id='flugplatzgeschichte-von-welzow' class='insert-page insert-page-flugplatzgeschichte-von-welzow'>\t\t\t\t\t<p>Prezentace historie leti\u0161t\u011b od roku 1927 do sou\u010dasnosti, v\u010detn\u011b leteck\u00e9 techniky. N\u00e1v\u0161t\u011bvn\u00edci mohou obdivovat origin\u00e1ln\u00ed expon\u00e1ty p\u0159edev\u0161\u00edm z obdob\u00ed druh\u00e9 sv\u011btov\u00e9 v\u00e1lky a z doby, kdy leti\u0161t\u011b vyu\u017e\u00edvala sov\u011btsk\u00e1 arm\u00e1da. Celou historii leti\u0161t\u011b si m\u016f\u017eete prohl\u00e9dnout v osmi dobov\u00fdch a tematick\u00fdch m\u00edstnostech.<\/p>\n<p>Nab\u00eddka prob\u00edh\u00e1 v interi\u00e9ru a je ur\u010dena \u0161kol\u00e1k\u016fm.<br \/>\nt\u0159\u00edd 5 a\u017e 12.<br \/>\nTerm\u00edny: dle dohody<br \/>\nP\u0159edb\u011b\u017en\u00e1 registrace: alespo\u0148 1 t\u00fdden p\u0159edem<br \/>\nDoba trv\u00e1n\u00ed: p\u0159ibli\u017en\u011b 2 hodiny<br \/>\nVelikost skupiny: 10 a\u017e 30 osob<br \/>\nVstupn\u00e9 na osobu: 2,00 \u20ac<\/p>\n<p><a title=\"Muzeum leti\u0161t\u011b Welzow \/ L\u011btani\u0161\u0107owy muzej Wjelcej\" href=\"\/museen\/flugplatzmuseum-welzow\/\">Muzeum leti\u0161t\u011b Welzow<\/a><\/p>\n\t\t\t\t\t<\/div>\n<h3><\/h3>\n<p>&nbsp;<\/p>\n<h3>Galerie<a id=\"galerie_flugplatz_welzow\"><\/a><\/h3>\n<div id=\"envira-gallery-wrap-53786\" class=\"envira-gallery-wrap envira-gallery-theme-base envira-lightbox-theme-base\" itemscope itemtype=\"https:\/\/schema.org\/ImageGallery\"><div data-row-height=\"150\" data-gallery-theme=\"normal\" id=\"envira-gallery-53786\" class=\"envira-gallery-public envira-gallery-justified-public envira-gallery-0-columns envira-clear enviratope envira-gallery-css-animations\" data-envira-columns=\"0\"><div id=\"envira-gallery-item-53791\" class=\"envira-gallery-item enviratope-item envira-gallery-item-1 envira-lazy-load\" style=\"padding-left: 5px; padding-bottom: 10px; padding-right: 5px;\"  itemscope itemtype=\"https:\/\/schema.org\/ImageObject\"><div class=\"envira-gallery-item-inner\"><div class=\"envira-gallery-position-overlay  envira-gallery-top-left\"><\/div><div class=\"envira-gallery-position-overlay  envira-gallery-top-right\"><\/div><div class=\"envira-gallery-position-overlay  envira-gallery-bottom-left\"><\/div><div class=\"envira-gallery-position-overlay  envira-gallery-bottom-right\"><\/div><a href=\"https:\/\/www.lausitzer-museenland.de\/wp-content\/uploads\/2022\/04\/DSCI1105.jpg\" class=\"envira-gallery-53786 envira-gallery-link\" rel=\"enviragallery53786\" title=\"FPM Welzow 01\" data-envira-caption=\"FPM Welzow 01\" data-envira-retina=\"\" data-thumbnail=\"\"  itemprop=\"contentUrl\"><img id=\"envira-gallery-image-53791\" class=\"envira-gallery-image envira-gallery-image-1 envira-normal envira-lazy\" data-envira-index=\"1\" src=\"https:\/\/www.lausitzer-museenland.de\/wp-content\/uploads\/2022\/04\/DSCI1105-1024x740.jpg\" data-envira-src=\"https:\/\/www.lausitzer-museenland.de\/wp-content\/uploads\/2022\/04\/DSCI1105-1024x740.jpg\" data-envira-gallery-id=\"53786\" data-envira-item-id=\"53791\" data-envira-caption=\"FPM Welzow 01\" alt=\"\" title=\"FPM Welzow 01\"  itemprop=\"thumbnailUrl\" data-envira-srcset=\"https:\/\/www.lausitzer-museenland.de\/wp-content\/uploads\/2022\/04\/DSCI1105-1024x740.jpg 400w,https:\/\/www.lausitzer-museenland.de\/wp-content\/uploads\/2022\/04\/DSCI1105-1024x740.jpg 2x\" data-envira-width=\"300\" data-envira-height=\"217\" srcset=\"data:image\/gif;base64,R0lGODlhAQABAIAAAP\/\/\/\/\/\/\/yH5BAEKAAEALAAAAAABAAEAAAICTAEAOw==\" data-safe-src=\"data:image\/gif;base64,R0lGODlhAQABAIAAAP\/\/\/\/\/\/\/yH5BAEKAAEALAAAAAABAAEAAAICTAEAOw==\" \/><\/a><\/div><\/div><div id=\"envira-gallery-item-53787\" class=\"envira-gallery-item enviratope-item envira-gallery-item-2 envira-lazy-load\" style=\"padding-left: 5px; padding-bottom: 10px; padding-right: 5px;\"  itemscope itemtype=\"https:\/\/schema.org\/ImageObject\"><div class=\"envira-gallery-item-inner\"><div class=\"envira-gallery-position-overlay  envira-gallery-top-left\"><\/div><div class=\"envira-gallery-position-overlay  envira-gallery-top-right\"><\/div><div class=\"envira-gallery-position-overlay  envira-gallery-bottom-left\"><\/div><div class=\"envira-gallery-position-overlay  envira-gallery-bottom-right\"><\/div><a href=\"https:\/\/www.lausitzer-museenland.de\/wp-content\/uploads\/2022\/04\/DSC_0241.jpg\" class=\"envira-gallery-53786 envira-gallery-link\" rel=\"enviragallery53786\" title=\"FPM Welzow 02\" data-envira-caption=\"FPM Welzow 02\" data-envira-retina=\"\" data-thumbnail=\"\"  itemprop=\"contentUrl\"><img id=\"envira-gallery-image-53787\" class=\"envira-gallery-image envira-gallery-image-2 envira-normal envira-lazy\" data-envira-index=\"2\" src=\"https:\/\/www.lausitzer-museenland.de\/wp-content\/uploads\/2022\/04\/DSC_0241-1024x699.jpg\" data-envira-src=\"https:\/\/www.lausitzer-museenland.de\/wp-content\/uploads\/2022\/04\/DSC_0241-1024x699.jpg\" data-envira-gallery-id=\"53786\" data-envira-item-id=\"53787\" data-envira-caption=\"FPM Welzow 02\" alt=\"\" title=\"FPM Welzow 02\"  itemprop=\"thumbnailUrl\" data-envira-srcset=\"https:\/\/www.lausitzer-museenland.de\/wp-content\/uploads\/2022\/04\/DSC_0241-1024x699.jpg 400w,https:\/\/www.lausitzer-museenland.de\/wp-content\/uploads\/2022\/04\/DSC_0241-1024x699.jpg 2x\" data-envira-width=\"300\" data-envira-height=\"205\" srcset=\"data:image\/gif;base64,R0lGODlhAQABAIAAAP\/\/\/\/\/\/\/yH5BAEKAAEALAAAAAABAAEAAAICTAEAOw==\" data-safe-src=\"data:image\/gif;base64,R0lGODlhAQABAIAAAP\/\/\/\/\/\/\/yH5BAEKAAEALAAAAAABAAEAAAICTAEAOw==\" \/><\/a><\/div><\/div><div id=\"envira-gallery-item-53789\" class=\"envira-gallery-item enviratope-item envira-gallery-item-3 envira-lazy-load\" style=\"padding-left: 5px; padding-bottom: 10px; padding-right: 5px;\"  itemscope itemtype=\"https:\/\/schema.org\/ImageObject\"><div class=\"envira-gallery-item-inner\"><div class=\"envira-gallery-position-overlay  envira-gallery-top-left\"><\/div><div class=\"envira-gallery-position-overlay  envira-gallery-top-right\"><\/div><div class=\"envira-gallery-position-overlay  envira-gallery-bottom-left\"><\/div><div class=\"envira-gallery-position-overlay  envira-gallery-bottom-right\"><\/div><a href=\"https:\/\/www.lausitzer-museenland.de\/wp-content\/uploads\/2022\/04\/DSCI1032.jpg\" class=\"envira-gallery-53786 envira-gallery-link\" rel=\"enviragallery53786\" title=\"FPM Welzow 03\" data-envira-caption=\"FPM Welzow 03\" data-envira-retina=\"\" data-thumbnail=\"\"  itemprop=\"contentUrl\"><img id=\"envira-gallery-image-53789\" class=\"envira-gallery-image envira-gallery-image-3 envira-normal envira-lazy\" data-envira-index=\"3\" src=\"https:\/\/www.lausitzer-museenland.de\/wp-content\/uploads\/2022\/04\/DSCI1032-1024x723.jpg\" data-envira-src=\"https:\/\/www.lausitzer-museenland.de\/wp-content\/uploads\/2022\/04\/DSCI1032-1024x723.jpg\" data-envira-gallery-id=\"53786\" data-envira-item-id=\"53789\" data-envira-caption=\"FPM Welzow 03\" alt=\"\" title=\"FPM Welzow 03\"  itemprop=\"thumbnailUrl\" data-envira-srcset=\"https:\/\/www.lausitzer-museenland.de\/wp-content\/uploads\/2022\/04\/DSCI1032-1024x723.jpg 400w,https:\/\/www.lausitzer-museenland.de\/wp-content\/uploads\/2022\/04\/DSCI1032-1024x723.jpg 2x\" data-envira-width=\"300\" data-envira-height=\"212\" srcset=\"data:image\/gif;base64,R0lGODlhAQABAIAAAP\/\/\/\/\/\/\/yH5BAEKAAEALAAAAAABAAEAAAICTAEAOw==\" data-safe-src=\"data:image\/gif;base64,R0lGODlhAQABAIAAAP\/\/\/\/\/\/\/yH5BAEKAAEALAAAAAABAAEAAAICTAEAOw==\" \/><\/a><\/div><\/div><div id=\"envira-gallery-item-53790\" class=\"envira-gallery-item enviratope-item envira-gallery-item-4 envira-lazy-load\" style=\"padding-left: 5px; padding-bottom: 10px; padding-right: 5px;\"  itemscope itemtype=\"https:\/\/schema.org\/ImageObject\"><div class=\"envira-gallery-item-inner\"><div class=\"envira-gallery-position-overlay  envira-gallery-top-left\"><\/div><div class=\"envira-gallery-position-overlay  envira-gallery-top-right\"><\/div><div class=\"envira-gallery-position-overlay  envira-gallery-bottom-left\"><\/div><div class=\"envira-gallery-position-overlay  envira-gallery-bottom-right\"><\/div><a href=\"https:\/\/www.lausitzer-museenland.de\/wp-content\/uploads\/2022\/04\/DSCI1033.jpg\" class=\"envira-gallery-53786 envira-gallery-link\" rel=\"enviragallery53786\" title=\"FPM Welzow 04\" data-envira-caption=\"FPM Welzow 04\" data-envira-retina=\"\" data-thumbnail=\"\"  itemprop=\"contentUrl\"><img id=\"envira-gallery-image-53790\" class=\"envira-gallery-image envira-gallery-image-4 envira-normal envira-lazy\" data-envira-index=\"4\" src=\"https:\/\/www.lausitzer-museenland.de\/wp-content\/uploads\/2022\/04\/DSCI1033-1024x768.jpg\" data-envira-src=\"https:\/\/www.lausitzer-museenland.de\/wp-content\/uploads\/2022\/04\/DSCI1033-1024x768.jpg\" data-envira-gallery-id=\"53786\" data-envira-item-id=\"53790\" data-envira-caption=\"FPM Welzow 04\" alt=\"\" title=\"FPM Welzow 04\"  itemprop=\"thumbnailUrl\" data-envira-srcset=\"https:\/\/www.lausitzer-museenland.de\/wp-content\/uploads\/2022\/04\/DSCI1033-1024x768.jpg 400w,https:\/\/www.lausitzer-museenland.de\/wp-content\/uploads\/2022\/04\/DSCI1033-1024x768.jpg 2x\" data-envira-width=\"300\" data-envira-height=\"225\" srcset=\"data:image\/gif;base64,R0lGODlhAQABAIAAAP\/\/\/\/\/\/\/yH5BAEKAAEALAAAAAABAAEAAAICTAEAOw==\" data-safe-src=\"data:image\/gif;base64,R0lGODlhAQABAIAAAP\/\/\/\/\/\/\/yH5BAEKAAEALAAAAAABAAEAAAICTAEAOw==\" \/><\/a><\/div><\/div><div id=\"envira-gallery-item-53788\" class=\"envira-gallery-item enviratope-item envira-gallery-item-5 envira-lazy-load\" style=\"padding-left: 5px; padding-bottom: 10px; padding-right: 5px;\"  itemscope itemtype=\"https:\/\/schema.org\/ImageObject\"><div class=\"envira-gallery-item-inner\"><div class=\"envira-gallery-position-overlay  envira-gallery-top-left\"><\/div><div class=\"envira-gallery-position-overlay  envira-gallery-top-right\"><\/div><div class=\"envira-gallery-position-overlay  envira-gallery-bottom-left\"><\/div><div class=\"envira-gallery-position-overlay  envira-gallery-bottom-right\"><\/div><a href=\"https:\/\/www.lausitzer-museenland.de\/wp-content\/uploads\/2022\/04\/DSC_0263.jpg\" class=\"envira-gallery-53786 envira-gallery-link\" rel=\"enviragallery53786\" title=\"FPM Welzow 05\" data-envira-caption=\"FPM Welzow 05\" data-envira-retina=\"\" data-thumbnail=\"\"  itemprop=\"contentUrl\"><img id=\"envira-gallery-image-53788\" class=\"envira-gallery-image envira-gallery-image-5 envira-normal envira-lazy\" data-envira-index=\"5\" src=\"https:\/\/www.lausitzer-museenland.de\/wp-content\/uploads\/2022\/04\/DSC_0263-688x1024.jpg\" data-envira-src=\"https:\/\/www.lausitzer-museenland.de\/wp-content\/uploads\/2022\/04\/DSC_0263-688x1024.jpg\" data-envira-gallery-id=\"53786\" data-envira-item-id=\"53788\" data-envira-caption=\"FPM Welzow 05\" alt=\"\" title=\"FPM Welzow 05\"  itemprop=\"thumbnailUrl\" data-envira-srcset=\"https:\/\/www.lausitzer-museenland.de\/wp-content\/uploads\/2022\/04\/DSC_0263-688x1024.jpg 400w,https:\/\/www.lausitzer-museenland.de\/wp-content\/uploads\/2022\/04\/DSC_0263-688x1024.jpg 2x\" data-envira-width=\"201\" data-envira-height=\"300\" srcset=\"data:image\/gif;base64,R0lGODlhAQABAIAAAP\/\/\/\/\/\/\/yH5BAEKAAEALAAAAAABAAEAAAICTAEAOw==\" data-safe-src=\"data:image\/gif;base64,R0lGODlhAQABAIAAAP\/\/\/\/\/\/\/yH5BAEKAAEALAAAAAABAAEAAAICTAEAOw==\" \/><\/a><\/div><\/div><div id=\"envira-gallery-item-53792\" class=\"envira-gallery-item enviratope-item envira-gallery-item-6 envira-lazy-load\" style=\"padding-left: 5px; padding-bottom: 10px; padding-right: 5px;\"  itemscope itemtype=\"https:\/\/schema.org\/ImageObject\"><div class=\"envira-gallery-item-inner\"><div class=\"envira-gallery-position-overlay  envira-gallery-top-left\"><\/div><div class=\"envira-gallery-position-overlay  envira-gallery-top-right\"><\/div><div class=\"envira-gallery-position-overlay  envira-gallery-bottom-left\"><\/div><div class=\"envira-gallery-position-overlay  envira-gallery-bottom-right\"><\/div><a href=\"https:\/\/www.lausitzer-museenland.de\/wp-content\/uploads\/2022\/04\/DSCI1107.jpg\" class=\"envira-gallery-53786 envira-gallery-link\" rel=\"enviragallery53786\" title=\"FPM Welzow 06\" data-envira-caption=\"FPM Welzow 06\" data-envira-retina=\"\" data-thumbnail=\"\"  itemprop=\"contentUrl\"><img id=\"envira-gallery-image-53792\" class=\"envira-gallery-image envira-gallery-image-6 envira-normal envira-lazy\" data-envira-index=\"6\" src=\"https:\/\/www.lausitzer-museenland.de\/wp-content\/uploads\/2022\/04\/DSCI1107-1024x917.jpg\" data-envira-src=\"https:\/\/www.lausitzer-museenland.de\/wp-content\/uploads\/2022\/04\/DSCI1107-1024x917.jpg\" data-envira-gallery-id=\"53786\" data-envira-item-id=\"53792\" data-envira-caption=\"FPM Welzow 06\" alt=\"\" title=\"FPM Welzow 06\"  itemprop=\"thumbnailUrl\" data-envira-srcset=\"https:\/\/www.lausitzer-museenland.de\/wp-content\/uploads\/2022\/04\/DSCI1107-1024x917.jpg 400w,https:\/\/www.lausitzer-museenland.de\/wp-content\/uploads\/2022\/04\/DSCI1107-1024x917.jpg 2x\" data-envira-width=\"300\" data-envira-height=\"269\" srcset=\"data:image\/gif;base64,R0lGODlhAQABAIAAAP\/\/\/\/\/\/\/yH5BAEKAAEALAAAAAABAAEAAAICTAEAOw==\" data-safe-src=\"data:image\/gif;base64,R0lGODlhAQABAIAAAP\/\/\/\/\/\/\/yH5BAEKAAEALAAAAAABAAEAAAICTAEAOw==\" \/><\/a><\/div><\/div><div id=\"envira-gallery-item-53793\" class=\"envira-gallery-item enviratope-item envira-gallery-item-7 envira-lazy-load\" style=\"padding-left: 5px; padding-bottom: 10px; padding-right: 5px;\"  itemscope itemtype=\"https:\/\/schema.org\/ImageObject\"><div class=\"envira-gallery-item-inner\"><div class=\"envira-gallery-position-overlay  envira-gallery-top-left\"><\/div><div class=\"envira-gallery-position-overlay  envira-gallery-top-right\"><\/div><div class=\"envira-gallery-position-overlay  envira-gallery-bottom-left\"><\/div><div class=\"envira-gallery-position-overlay  envira-gallery-bottom-right\"><\/div><a href=\"https:\/\/www.lausitzer-museenland.de\/wp-content\/uploads\/2022\/04\/DSCI1109.jpg\" class=\"envira-gallery-53786 envira-gallery-link\" rel=\"enviragallery53786\" title=\"FPM Welzow 07\" data-envira-caption=\"FPM Welzow 07\" data-envira-retina=\"\" data-thumbnail=\"\"  itemprop=\"contentUrl\"><img id=\"envira-gallery-image-53793\" class=\"envira-gallery-image envira-gallery-image-7 envira-normal envira-lazy\" data-envira-index=\"7\" src=\"https:\/\/www.lausitzer-museenland.de\/wp-content\/uploads\/2022\/04\/DSCI1109-1024x768.jpg\" data-envira-src=\"https:\/\/www.lausitzer-museenland.de\/wp-content\/uploads\/2022\/04\/DSCI1109-1024x768.jpg\" data-envira-gallery-id=\"53786\" data-envira-item-id=\"53793\" data-envira-caption=\"FPM Welzow 07\" alt=\"\" title=\"FPM Welzow 07\"  itemprop=\"thumbnailUrl\" data-envira-srcset=\"https:\/\/www.lausitzer-museenland.de\/wp-content\/uploads\/2022\/04\/DSCI1109-1024x768.jpg 400w,https:\/\/www.lausitzer-museenland.de\/wp-content\/uploads\/2022\/04\/DSCI1109-1024x768.jpg 2x\" data-envira-width=\"300\" data-envira-height=\"225\" srcset=\"data:image\/gif;base64,R0lGODlhAQABAIAAAP\/\/\/\/\/\/\/yH5BAEKAAEALAAAAAABAAEAAAICTAEAOw==\" data-safe-src=\"data:image\/gif;base64,R0lGODlhAQABAIAAAP\/\/\/\/\/\/\/yH5BAEKAAEALAAAAAABAAEAAAICTAEAOw==\" \/><\/a><\/div><\/div><div id=\"envira-gallery-item-53794\" class=\"envira-gallery-item enviratope-item envira-gallery-item-8 envira-lazy-load\" style=\"padding-left: 5px; padding-bottom: 10px; padding-right: 5px;\"  itemscope itemtype=\"https:\/\/schema.org\/ImageObject\"><div class=\"envira-gallery-item-inner\"><div class=\"envira-gallery-position-overlay  envira-gallery-top-left\"><\/div><div class=\"envira-gallery-position-overlay  envira-gallery-top-right\"><\/div><div class=\"envira-gallery-position-overlay  envira-gallery-bottom-left\"><\/div><div class=\"envira-gallery-position-overlay  envira-gallery-bottom-right\"><\/div><a href=\"https:\/\/www.lausitzer-museenland.de\/wp-content\/uploads\/2022\/04\/DSCI1134.jpg\" class=\"envira-gallery-53786 envira-gallery-link\" rel=\"enviragallery53786\" title=\"FPM Welzow 08\" data-envira-caption=\"FPM Welzow 08\" data-envira-retina=\"\" data-thumbnail=\"\"  itemprop=\"contentUrl\"><img id=\"envira-gallery-image-53794\" class=\"envira-gallery-image envira-gallery-image-8 envira-normal envira-lazy\" data-envira-index=\"8\" src=\"https:\/\/www.lausitzer-museenland.de\/wp-content\/uploads\/2022\/04\/DSCI1134-811x1024.jpg\" data-envira-src=\"https:\/\/www.lausitzer-museenland.de\/wp-content\/uploads\/2022\/04\/DSCI1134-811x1024.jpg\" data-envira-gallery-id=\"53786\" data-envira-item-id=\"53794\" data-envira-caption=\"FPM Welzow 08\" alt=\"\" title=\"FPM Welzow 08\"  itemprop=\"thumbnailUrl\" data-envira-srcset=\"https:\/\/www.lausitzer-museenland.de\/wp-content\/uploads\/2022\/04\/DSCI1134-811x1024.jpg 400w,https:\/\/www.lausitzer-museenland.de\/wp-content\/uploads\/2022\/04\/DSCI1134-811x1024.jpg 2x\" data-envira-width=\"238\" data-envira-height=\"300\" srcset=\"data:image\/gif;base64,R0lGODlhAQABAIAAAP\/\/\/\/\/\/\/yH5BAEKAAEALAAAAAABAAEAAAICTAEAOw==\" data-safe-src=\"data:image\/gif;base64,R0lGODlhAQABAIAAAP\/\/\/\/\/\/\/yH5BAEKAAEALAAAAAABAAEAAAICTAEAOw==\" \/><\/a><\/div><\/div><\/div><\/div><noscript><img src=\"https:\/\/www.lausitzer-museenland.de\/wp-content\/uploads\/2022\/04\/DSCI1105.jpg\" alt=\"\" \/><img src=\"https:\/\/www.lausitzer-museenland.de\/wp-content\/uploads\/2022\/04\/DSC_0241.jpg\" alt=\"\" \/><img src=\"https:\/\/www.lausitzer-museenland.de\/wp-content\/uploads\/2022\/04\/DSCI1032.jpg\" alt=\"\" \/><img src=\"https:\/\/www.lausitzer-museenland.de\/wp-content\/uploads\/2022\/04\/DSCI1033.jpg\" alt=\"\" \/><img src=\"https:\/\/www.lausitzer-museenland.de\/wp-content\/uploads\/2022\/04\/DSC_0263.jpg\" alt=\"\" \/><img src=\"https:\/\/www.lausitzer-museenland.de\/wp-content\/uploads\/2022\/04\/DSCI1107.jpg\" alt=\"\" \/><img src=\"https:\/\/www.lausitzer-museenland.de\/wp-content\/uploads\/2022\/04\/DSCI1109.jpg\" alt=\"\" \/><img src=\"https:\/\/www.lausitzer-museenland.de\/wp-content\/uploads\/2022\/04\/DSCI1134.jpg\" alt=\"\" \/><\/noscript>\n<\/div>","protected":false},"excerpt":{"rendered":"<p>Galerie | V\u00fdstavy | Nab\u00eddka pro d\u011bti Speci\u00e1ln\u00ed muzeum se sb\u00edrkou o spole\u010densk\u00e9 a kulturn\u00ed historii are\u00e1lu Budova \/ situace are\u00e1lu Budova, v n\u00ed\u017e se nyn\u00ed nach\u00e1z\u00ed muzeum leti\u0161t\u011b, byla sou\u010d\u00e1st\u00ed rozs\u00e1hl\u00e9ho komplexu b\u00fdval\u00e9ho vojensk\u00e9ho are\u00e1lu kas\u00e1ren, obytn\u00fdch budov a \"soci\u00e1ln\u00edch\" za\u0159\u00edzen\u00ed, hospod\u00e1\u0159sk\u00fdch a technick\u00fdch budov. Mohutn\u00e1 budova b\u00fdval\u00e9 d\u00edlny byla vy\u0148ata z demolice a opravena.<\/p>","protected":false},"author":13,"featured_media":0,"parent":113,"menu_order":0,"comment_status":"closed","ping_status":"closed","template":"","meta":[],"_links":{"self":[{"href":"http:\/\/www.lausitzer-museenland.de\/cs\/wp-json\/wp\/v2\/pages\/158"}],"collection":[{"href":"http:\/\/www.lausitzer-museenland.de\/cs\/wp-json\/wp\/v2\/pages"}],"about":[{"href":"http:\/\/www.lausitzer-museenland.de\/cs\/wp-json\/wp\/v2\/types\/page"}],"author":[{"embeddable":true,"href":"http:\/\/www.lausitzer-museenland.de\/cs\/wp-json\/wp\/v2\/users\/13"}],"replies":[{"embeddable":true,"href":"http:\/\/www.lausitzer-museenland.de\/cs\/wp-json\/wp\/v2\/comments?post=158"}],"version-history":[{"count":16,"href":"http:\/\/www.lausitzer-museenland.de\/cs\/wp-json\/wp\/v2\/pages\/158\/revisions"}],"predecessor-version":[{"id":53901,"href":"http:\/\/www.lausitzer-museenland.de\/cs\/wp-json\/wp\/v2\/pages\/158\/revisions\/53901"}],"up":[{"embeddable":true,"href":"http:\/\/www.lausitzer-museenland.de\/cs\/wp-json\/wp\/v2\/pages\/113"}],"wp:attachment":[{"href":"http:\/\/www.lausitzer-museenland.de\/cs\/wp-json\/wp\/v2\/media?parent=158"}],"curies":[{"name":"wp","href":"https:\/\/api.w.org\/{rel}","templated":true}]}}