{"id":217,"date":"2014-11-05T17:51:44","date_gmt":"2014-11-05T16:51:44","guid":{"rendered":"http:\/\/lausitzer-museenland.de\/?page_id=217"},"modified":"2022-05-31T07:42:41","modified_gmt":"2022-05-31T05:42:41","slug":"eisenhuetten-und-fischereimuseum-peitz","status":"publish","type":"page","link":"http:\/\/www.lausitzer-museenland.de\/cs\/muzea\/eisenhuetten-und-fischereimuseum-peitz\/","title":{"rendered":"Muzeum \u017eelez\u00e1\u0159stv\u00ed a ryb\u00e1\u0159stv\u00ed Peitz \/ Hutowy a rybarski muzej Picnjo"},"content":{"rendered":"<p><a href=\"#galerie_hu_peitz\">Galerie<\/a> |\u00a0<a href=\"#austellung_hu_peitz\">V\u00fdstavy<\/a>\u00a0| <a href=\"#kinderangebot_hu_peitz\">Nab\u00eddky pro d\u011bti<\/a><br \/>\n<a href=\"https:\/\/www.lausitzer-museenland.de\/wp-content\/uploads\/2014\/11\/Fischerei_Peitz.jpg\"><img loading=\"lazy\" class=\"aligncenter size-full wp-image-18199\" src=\"https:\/\/www.lausitzer-museenland.de\/wp-content\/uploads\/2014\/11\/Fischerei_Peitz.jpg\" alt=\"Fishing_Peitz\" width=\"884\" height=\"530\" srcset=\"https:\/\/www.lausitzer-museenland.de\/wp-content\/uploads\/2014\/11\/Fischerei_Peitz.jpg 884w, https:\/\/www.lausitzer-museenland.de\/wp-content\/uploads\/2014\/11\/Fischerei_Peitz-300x180.jpg 300w\" sizes=\"(max-width: 884px) 100vw, 884px\" \/><\/a><\/p>\n\n<p>Technick\u00e9 a vlastiv\u011bdn\u00e9 muzeum - \u017eelez\u00e1rny a ryb\u00e1rna<\/p>\n<h3>Situace budovy\/nemovitosti<\/h3>\n<p>Markrab\u011b Johann V. nechal kolem roku 1550 postavit b\u00fdvalou peitzskou hu\u0165 a hamr. Z\u00e1kladem pro stavbu huti byl m\u00edstn\u00ed travnat\u00fd \u017eelezn\u00fd k\u00e1men, kter\u00fd se tavil ve vysok\u00e9 peci p\u0159ibli\u017en\u011b do roku 1856. Z vyroben\u00e9ho surov\u00e9ho \u017eeleza se vyr\u00e1b\u011bly d\u011blov\u00e9 sudy, d\u011blov\u00e9 koule, n\u00e1dob\u00ed, dom\u00e1c\u00ed pot\u0159eby a dokonce i zvony. V dne\u0161n\u00edm Muzeu \u017eelez\u00e1\u0159stv\u00ed a ryb\u00e1\u0159stv\u00ed se nach\u00e1z\u00ed nejstar\u0161\u00ed dochovan\u00e1 sl\u00e9v\u00e1rna v N\u011bmecku. Za\u0159\u00edzen\u00ed poch\u00e1z\u00ed z prvn\u00ed poloviny 19. stolet\u00ed a je \u010d\u00e1ste\u010dn\u011b funk\u010dn\u00ed.<\/p>\n<h3>Charakteristika<\/h3>\n<p>Centrem muzea je historick\u00e1 hala vysok\u00e9 pece z roku 1810. Zt\u011bles\u0148uje technologick\u00fd stav ran\u011b pr\u016fmyslov\u00e9ho sl\u00e9v\u00e1renstv\u00ed \u017eeleza 19. stolet\u00ed. Zvl\u00e1\u0161tn\u00ed p\u0159ita\u017elivost v\u00fdstavn\u00edho objektu spo\u010d\u00edv\u00e1 v tom, \u017ee je v maxim\u00e1ln\u00ed mo\u017en\u00e9 m\u00ed\u0159e zachov\u00e1n jako stavebn\u00ed a technick\u00e1 pam\u00e1tka. V prav\u00e9m k\u0159\u00eddle budovy vysok\u00e9 pece je um\u00edst\u011bna st\u00e1l\u00e1 expozice \"Peitzovy \u017eelez\u00e1rny - vzestup a \u00fapadek pr\u016fmyslov\u00e9ho m\u00edsta\".<\/p>\n<p>Ryb\u00e1\u0159sk\u00e9 muzeum se nach\u00e1z\u00ed v lev\u00e9m k\u0159\u00eddle. D\u00edky \u010detn\u00fdm expon\u00e1t\u016fm a v\u00fdstav\u00e1m se dozv\u00edte mnoho zaj\u00edmav\u00e9ho o historii a tradici rybolovu, o rybn\u00edk\u00e1\u0159stv\u00ed v Peitzu a o region\u00e1ln\u00edm vnitrozemsk\u00e9m rybolovu.<\/p>\n<p>V muzeu se nach\u00e1z\u00ed tak\u00e9 p\u016fsobiv\u00e1 sb\u00edrka miner\u00e1l\u016f a pou\u010dn\u00e1 v\u00fdstava o vod\u011b v dom\u011b s turb\u00ednou.<\/p>\n<h3>Speci\u00e1ln\u00ed v\u00fdstavy \/ doprovodn\u00e9 nab\u00eddky<a id=\"austellung_hu_peitz\"><\/a><\/h3>\n<ul>\n<li>P\u0159\u00edle\u017eitostn\u011b jsou prezentov\u00e1ny speci\u00e1ln\u00ed v\u00fdstavy<\/li>\n<li>V\u00fdstavn\u00ed odl\u00e9v\u00e1n\u00ed hlin\u00edku tradi\u010dn\u00edm \"ru\u010dn\u00edm lit\u00edm\" se prov\u00e1d\u00ed po p\u0159edchoz\u00ed rezervaci.<\/li>\n<li>pro \u0161koln\u00ed t\u0159\u00eddy se po\u0159\u00e1daj\u00ed projektov\u00e9 a turistick\u00e9 dny.<\/li>\n<li>R\u016fzn\u00e9 v\u00fdznamn\u00e9 akce, jako je koncert \"Sounds of Hollywood\" a ka\u017edoro\u010dn\u00ed \"Fischzug in Peitz\", p\u0159itahuj\u00ed do ryb\u00e1\u0159sk\u00e9ho a pevnostn\u00edho m\u011bsta Peitz tis\u00edce host\u016f.<\/li>\n<li>tradi\u010dn\u00ed pe\u010den\u00ed sv\u011brkov\u00fdch kol\u00e1\u010d\u016f se kon\u00e1 v muzeu na z\u00e1klad\u011b p\u0159edchoz\u00ed rezervace.<\/li>\n<li>Hned vedle muzea se nach\u00e1z\u00ed restaurace \"TeichGutPeitz\", kter\u00e1 v\u00e1s zve na ob\u011bd.<\/li>\n<li>rybni\u010dn\u00ed krajinu m\u016f\u017eete prozkoumat na cca 2,3 km dlouh\u00e9 nau\u010dn\u00e9 stezce mezi Peitzem a Maustem.<\/li>\n<li>Prohl\u00eddky oblasti rybn\u00edka Peitz s pr\u016fvodcem si m\u016f\u017eete objednat.<\/li>\n<\/ul>\n<h3>Nab\u00eddky pro d\u011bti - S Kobim do muzea<a id=\"kinderangebot_hu_peitz\"><\/a><\/h3>\n<h5>1.prohl\u00eddka \u017eelez\u00e1ren a ryb\u00e1\u0159sk\u00e9ho muzea Peitz s pr\u016fvodcem<\/h5>\n<div data-post-id='fuehrung-durch-eisenhuetten-peitz' class='insert-page insert-page-fuehrung-durch-eisenhuetten-peitz'>\t\t\t\t\t<p>Historick\u00e1 \u017eelez\u00e1rna Peitz, kter\u00e1 se nach\u00e1z\u00ed p\u0159\u00edmo na Peitzsk\u00fdch rybn\u00edc\u00edch, je jednou z nejv\u00fdznamn\u011bj\u0161\u00edch technick\u00fdch pam\u00e1tek v Braniborsku. V hale vysok\u00e9 pece a sl\u00e9v\u00e1rny z roku 1810 se nach\u00e1z\u00ed \u010d\u00e1ste\u010dn\u011b funk\u010dn\u00ed sl\u00e9v\u00e1rna z prvn\u00ed poloviny 19. stolet\u00ed.<\/p>\n<p>B\u011bhem prohl\u00eddky se n\u00e1v\u0161t\u011bvn\u00edci dozv\u011bd\u00ed mnoho zaj\u00edmavost\u00ed o samotn\u00e9 sl\u00e9v\u00e1rn\u011b, historii tov\u00e1rny a regionu. Dost\u00e1vaj\u00ed tak\u00e9 zaj\u00edmav\u00e9 informace o rybolovu.<\/p>\n<p>Nab\u00eddka prob\u00edh\u00e1 v interi\u00e9ru a je ur\u010dena \u017e\u00e1k\u016fm 1. a\u017e 13. t\u0159\u00eddy.<br \/>\nTerm\u00edny: dle dohody<br \/>\nDoba trv\u00e1n\u00ed: p\u0159ibli\u017en\u011b 1 a\u017e 1,5 hodiny<br \/>\nP\u0159edb\u011b\u017en\u00e1 registrace: nejpozd\u011bji t\u00fdden p\u0159edem<br \/>\nVstupn\u00e9 na osobu: 2,00 \u20ac<\/p>\n<p><a title=\"Muzeum \u017eelez\u00e1\u0159stv\u00ed a ryb\u00e1\u0159stv\u00ed Peitz \/ Hutowy a rybarski muzej Picnjo\" href=\"\/museen\/eisenhuetten-und-fischereimuseum-peitz\/\">Peitzovy \u017eelez\u00e1rny a muzeum ryb\u00e1\u0159stv\u00ed<\/a><\/p>\n\t\t\t\t\t<\/div>\n<h5>2. v\u00fdstavn\u00ed odlitek z hlin\u00edku<\/h5>\n<div data-post-id='aluminiumschaugiessen' class='insert-page insert-page-aluminiumschaugiessen'>\t\t\t\t\t<p>V historick\u00e9 hale vysok\u00fdch pec\u00ed Muzea \u017eelez\u00e1\u0159stv\u00ed a ryb\u00e1\u0159stv\u00ed se prov\u00e1d\u00ed p\u0159edv\u00e1d\u011bn\u00ed odl\u00e9v\u00e1n\u00ed hlin\u00edku tradi\u010dn\u00edm \"ru\u010dn\u00edm lit\u00edm\". B\u011bhem uk\u00e1zky se na\u0161im host\u016fm dostane odborn\u00e9ho v\u00fdkladu od zku\u0161en\u00e9ho form\u00ed\u0159e a odl\u00e9va\u010de.<\/p>\n<p>Nab\u00eddka prob\u00edh\u00e1 v interi\u00e9ru a je ur\u010dena \u017e\u00e1k\u016fm 5. a\u017e 13. t\u0159\u00edd.<br \/>\nTerm\u00edny: dle dohody<br \/>\nDoba trv\u00e1n\u00ed: p\u0159ibli\u017en\u011b 1 hodina<br \/>\nP\u0159edb\u011b\u017en\u00e1 registrace: nejpozd\u011bji t\u0159i t\u00fddny p\u0159edem<br \/>\nCena pro skupinu: 120,00 \u20ac<\/p>\n<p><a title=\"Muzeum \u017eelez\u00e1\u0159stv\u00ed a ryb\u00e1\u0159stv\u00ed Peitz \/ Hutowy a rybarski muzej Picnjo\" href=\"\/museen\/eisenhuetten-und-fischereimuseum-peitz\/\">Peitzovy \u017eelez\u00e1rny a muzeum ryb\u00e1\u0159stv\u00ed<\/a><\/p>\n\t\t\t\t\t<\/div>\n<h5>3. pe\u010den\u00ed kol\u00e1\u010d\u016f se svorkami<\/h5>\n<div data-post-id='klemmkuchenbacken' class='insert-page insert-page-klemmkuchenbacken'>\t\t\t\t\t<p>V Peitzov\u011b \u017eelez\u00e1\u0159sk\u00e9m a ryb\u00e1\u0159sk\u00e9m muzeu se nach\u00e1z\u00ed historick\u00e1 sb\u00edrka sv\u011brn\u00fdch kol\u00e1\u010d\u016f. Podle p\u016fvodn\u00edho receptu, kter\u00fd se p\u0159ed\u00e1val kolem roku 1900, se lahodn\u00e9 sv\u011brkov\u00e9 kol\u00e1\u010de pe\u010dou pomoc\u00ed sv\u011brkov\u00e9 \u017eehli\u010dky v kupolov\u00e9 peci v hale vysok\u00e9 pece muzea.<\/p>\n<p>Nab\u00eddka se kon\u00e1 v interi\u00e9ru a je ur\u010dena v\u0161em v\u011bkov\u00fdm skupin\u00e1m.<\/p>\n<p>Term\u00edny: dle dohody<br \/>\nDoba trv\u00e1n\u00ed: p\u0159ibli\u017en\u011b 1 hodina<br \/>\nP\u0159edb\u011b\u017en\u00e1 registrace: nejpozd\u011bji 2 t\u00fddny p\u0159edem<br \/>\nCena za osobu: 1,00 \u20ac na osobu pro d\u011bti a \u017e\u00e1ky<\/p>\n<p><a title=\"Muzeum \u017eelez\u00e1\u0159stv\u00ed a ryb\u00e1\u0159stv\u00ed Peitz \/ Hutowy a rybarski muzej Picnjo\" href=\"https:\/\/www.lausitzer-museenland.de\/museen\/eisenhuetten-und-fischereimuseum-peitz\/\">Peitzovy \u017eelez\u00e1rny a muzeum ryb\u00e1\u0159stv\u00ed<\/a><\/p>\n\t\t\t\t\t<\/div>\n<h3><\/h3>\n<p>&nbsp;<\/p>\n<h3>Galerie<a id=\"galerie_hu_peitz\"><\/a><\/h3>\n<div id=\"envira-gallery-wrap-53076\" class=\"envira-gallery-wrap envira-gallery-theme-base envira-lightbox-theme-base\" itemscope itemtype=\"https:\/\/schema.org\/ImageGallery\"><div data-row-height=\"150\" data-gallery-theme=\"normal\" id=\"envira-gallery-53076\" class=\"envira-gallery-public envira-gallery-justified-public envira-gallery-0-columns envira-clear enviratope envira-gallery-css-animations\" data-envira-columns=\"0\"><div id=\"envira-gallery-item-53077\" class=\"envira-gallery-item enviratope-item envira-gallery-item-1 envira-lazy-load\" style=\"padding-left: 5px; padding-bottom: 10px; padding-right: 5px;\"  itemscope itemtype=\"https:\/\/schema.org\/ImageObject\"><div class=\"envira-gallery-item-inner\"><div class=\"envira-gallery-position-overlay  envira-gallery-top-left\"><\/div><div class=\"envira-gallery-position-overlay  envira-gallery-top-right\"><\/div><div class=\"envira-gallery-position-overlay  envira-gallery-bottom-left\"><\/div><div class=\"envira-gallery-position-overlay  envira-gallery-bottom-right\"><\/div><a href=\"https:\/\/www.lausitzer-museenland.de\/wp-content\/uploads\/2020\/09\/Ausstellung-Aufstieg-und-Untergang.jpg\" class=\"envira-gallery-53076 envira-gallery-link\" rel=\"enviragallery53076\" title=\"V\u00fdstava Vzestup a p\u00e1d\" data-envira-caption=\"Ausstellung Aufstieg und Untergang\" data-envira-retina=\"\" data-thumbnail=\"\"  itemprop=\"contentUrl\"><img id=\"envira-gallery-image-53077\" class=\"envira-gallery-image envira-gallery-image-1 envira-normal envira-lazy\" data-envira-index=\"1\" src=\"https:\/\/www.lausitzer-museenland.de\/wp-content\/uploads\/2020\/09\/Ausstellung-Aufstieg-und-Untergang-1024x683.jpg\" data-envira-src=\"https:\/\/www.lausitzer-museenland.de\/wp-content\/uploads\/2020\/09\/Ausstellung-Aufstieg-und-Untergang-1024x683.jpg\" data-envira-gallery-id=\"53076\" data-envira-item-id=\"53077\" data-envira-caption=\"Ausstellung Aufstieg und Untergang\" alt=\"\" title=\"V\u00fdstava Vzestup a p\u00e1d\"  itemprop=\"thumbnailUrl\" data-envira-srcset=\"https:\/\/www.lausitzer-museenland.de\/wp-content\/uploads\/2020\/09\/Ausstellung-Aufstieg-und-Untergang-1024x683.jpg 400w,https:\/\/www.lausitzer-museenland.de\/wp-content\/uploads\/2020\/09\/Ausstellung-Aufstieg-und-Untergang-1024x683.jpg 2x\" data-envira-width=\"300\" data-envira-height=\"200\" srcset=\"data:image\/gif;base64,R0lGODlhAQABAIAAAP\/\/\/\/\/\/\/yH5BAEKAAEALAAAAAABAAEAAAICTAEAOw==\" data-safe-src=\"data:image\/gif;base64,R0lGODlhAQABAIAAAP\/\/\/\/\/\/\/yH5BAEKAAEALAAAAAABAAEAAAICTAEAOw==\" \/><\/a><\/div><\/div><div id=\"envira-gallery-item-53078\" class=\"envira-gallery-item enviratope-item envira-gallery-item-2 envira-lazy-load\" style=\"padding-left: 5px; padding-bottom: 10px; padding-right: 5px;\"  itemscope itemtype=\"https:\/\/schema.org\/ImageObject\"><div class=\"envira-gallery-item-inner\"><div class=\"envira-gallery-position-overlay  envira-gallery-top-left\"><\/div><div class=\"envira-gallery-position-overlay  envira-gallery-top-right\"><\/div><div class=\"envira-gallery-position-overlay  envira-gallery-bottom-left\"><\/div><div class=\"envira-gallery-position-overlay  envira-gallery-bottom-right\"><\/div><a href=\"https:\/\/www.lausitzer-museenland.de\/wp-content\/uploads\/2020\/09\/Fischereimuseum.jpg\" class=\"envira-gallery-53076 envira-gallery-link\" rel=\"enviragallery53076\" title=\"Muzeum ryb\u00e1\u0159stv\u00ed\" data-envira-caption=\"Fischereimuseum\" data-envira-retina=\"\" data-thumbnail=\"\"  itemprop=\"contentUrl\"><img id=\"envira-gallery-image-53078\" class=\"envira-gallery-image envira-gallery-image-2 envira-normal envira-lazy\" data-envira-index=\"2\" src=\"https:\/\/www.lausitzer-museenland.de\/wp-content\/uploads\/2020\/09\/Fischereimuseum-1024x683.jpg\" data-envira-src=\"https:\/\/www.lausitzer-museenland.de\/wp-content\/uploads\/2020\/09\/Fischereimuseum-1024x683.jpg\" data-envira-gallery-id=\"53076\" data-envira-item-id=\"53078\" data-envira-caption=\"Fischereimuseum\" alt=\"\" title=\"Muzeum ryb\u00e1\u0159stv\u00ed\"  itemprop=\"thumbnailUrl\" data-envira-srcset=\"https:\/\/www.lausitzer-museenland.de\/wp-content\/uploads\/2020\/09\/Fischereimuseum-1024x683.jpg 400w,https:\/\/www.lausitzer-museenland.de\/wp-content\/uploads\/2020\/09\/Fischereimuseum-1024x683.jpg 2x\" data-envira-width=\"300\" data-envira-height=\"200\" srcset=\"data:image\/gif;base64,R0lGODlhAQABAIAAAP\/\/\/\/\/\/\/yH5BAEKAAEALAAAAAABAAEAAAICTAEAOw==\" data-safe-src=\"data:image\/gif;base64,R0lGODlhAQABAIAAAP\/\/\/\/\/\/\/yH5BAEKAAEALAAAAAABAAEAAAICTAEAOw==\" \/><\/a><\/div><\/div><div id=\"envira-gallery-item-53079\" class=\"envira-gallery-item enviratope-item envira-gallery-item-3 envira-lazy-load\" style=\"padding-left: 5px; padding-bottom: 10px; padding-right: 5px;\"  itemscope itemtype=\"https:\/\/schema.org\/ImageObject\"><div class=\"envira-gallery-item-inner\"><div class=\"envira-gallery-position-overlay  envira-gallery-top-left\"><\/div><div class=\"envira-gallery-position-overlay  envira-gallery-top-right\"><\/div><div class=\"envira-gallery-position-overlay  envira-gallery-bottom-left\"><\/div><div class=\"envira-gallery-position-overlay  envira-gallery-bottom-right\"><\/div><a href=\"https:\/\/www.lausitzer-museenland.de\/wp-content\/uploads\/2020\/09\/FreeJazz-Ausstellung.jpg\" class=\"envira-gallery-53076 envira-gallery-link\" rel=\"enviragallery53076\" title=\"V\u00fdstava FreeJazz\" data-envira-caption=\"FreeJazz Ausstellung\" data-envira-retina=\"\" data-thumbnail=\"\"  itemprop=\"contentUrl\"><img id=\"envira-gallery-image-53079\" class=\"envira-gallery-image envira-gallery-image-3 envira-normal envira-lazy\" data-envira-index=\"3\" src=\"https:\/\/www.lausitzer-museenland.de\/wp-content\/uploads\/2020\/09\/FreeJazz-Ausstellung-1024x683.jpg\" data-envira-src=\"https:\/\/www.lausitzer-museenland.de\/wp-content\/uploads\/2020\/09\/FreeJazz-Ausstellung-1024x683.jpg\" data-envira-gallery-id=\"53076\" data-envira-item-id=\"53079\" data-envira-caption=\"FreeJazz Ausstellung\" alt=\"\" title=\"V\u00fdstava FreeJazz\"  itemprop=\"thumbnailUrl\" data-envira-srcset=\"https:\/\/www.lausitzer-museenland.de\/wp-content\/uploads\/2020\/09\/FreeJazz-Ausstellung-1024x683.jpg 400w,https:\/\/www.lausitzer-museenland.de\/wp-content\/uploads\/2020\/09\/FreeJazz-Ausstellung-1024x683.jpg 2x\" data-envira-width=\"300\" data-envira-height=\"200\" srcset=\"data:image\/gif;base64,R0lGODlhAQABAIAAAP\/\/\/\/\/\/\/yH5BAEKAAEALAAAAAABAAEAAAICTAEAOw==\" data-safe-src=\"data:image\/gif;base64,R0lGODlhAQABAIAAAP\/\/\/\/\/\/\/yH5BAEKAAEALAAAAAABAAEAAAICTAEAOw==\" \/><\/a><\/div><\/div><div id=\"envira-gallery-item-53080\" class=\"envira-gallery-item enviratope-item envira-gallery-item-4 envira-lazy-load\" style=\"padding-left: 5px; padding-bottom: 10px; padding-right: 5px;\"  itemscope itemtype=\"https:\/\/schema.org\/ImageObject\"><div class=\"envira-gallery-item-inner\"><div class=\"envira-gallery-position-overlay  envira-gallery-top-left\"><\/div><div class=\"envira-gallery-position-overlay  envira-gallery-top-right\"><\/div><div class=\"envira-gallery-position-overlay  envira-gallery-bottom-left\"><\/div><div class=\"envira-gallery-position-overlay  envira-gallery-bottom-right\"><\/div><a href=\"https:\/\/www.lausitzer-museenland.de\/wp-content\/uploads\/2020\/09\/Hochofenhalle-mit-Dachkonstruktion1.jpg\" class=\"envira-gallery-53076 envira-gallery-link\" rel=\"enviragallery53076\" title=\"Hala vysok\u00fdch pec\u00ed se st\u0159e\u0161n\u00ed konstrukc\u00ed\" data-envira-caption=\"Hochofenhalle mit Dachkonstruktion\" data-envira-retina=\"\" data-thumbnail=\"\"  itemprop=\"contentUrl\"><img id=\"envira-gallery-image-53080\" class=\"envira-gallery-image envira-gallery-image-4 envira-normal envira-lazy\" data-envira-index=\"4\" src=\"https:\/\/www.lausitzer-museenland.de\/wp-content\/uploads\/2020\/09\/Hochofenhalle-mit-Dachkonstruktion1-771x1024.jpg\" data-envira-src=\"https:\/\/www.lausitzer-museenland.de\/wp-content\/uploads\/2020\/09\/Hochofenhalle-mit-Dachkonstruktion1-771x1024.jpg\" data-envira-gallery-id=\"53076\" data-envira-item-id=\"53080\" data-envira-caption=\"Hochofenhalle mit Dachkonstruktion\" alt=\"\" title=\"Hala vysok\u00fdch pec\u00ed se st\u0159e\u0161n\u00ed konstrukc\u00ed\"  itemprop=\"thumbnailUrl\" data-envira-srcset=\"https:\/\/www.lausitzer-museenland.de\/wp-content\/uploads\/2020\/09\/Hochofenhalle-mit-Dachkonstruktion1-771x1024.jpg 400w,https:\/\/www.lausitzer-museenland.de\/wp-content\/uploads\/2020\/09\/Hochofenhalle-mit-Dachkonstruktion1-771x1024.jpg 2x\" data-envira-width=\"226\" data-envira-height=\"300\" srcset=\"data:image\/gif;base64,R0lGODlhAQABAIAAAP\/\/\/\/\/\/\/yH5BAEKAAEALAAAAAABAAEAAAICTAEAOw==\" data-safe-src=\"data:image\/gif;base64,R0lGODlhAQABAIAAAP\/\/\/\/\/\/\/yH5BAEKAAEALAAAAAABAAEAAAICTAEAOw==\" \/><\/a><\/div><\/div><div id=\"envira-gallery-item-53081\" class=\"envira-gallery-item enviratope-item envira-gallery-item-5 envira-lazy-load\" style=\"padding-left: 5px; padding-bottom: 10px; padding-right: 5px;\"  itemscope itemtype=\"https:\/\/schema.org\/ImageObject\"><div class=\"envira-gallery-item-inner\"><div class=\"envira-gallery-position-overlay  envira-gallery-top-left\"><\/div><div class=\"envira-gallery-position-overlay  envira-gallery-top-right\"><\/div><div class=\"envira-gallery-position-overlay  envira-gallery-bottom-left\"><\/div><div class=\"envira-gallery-position-overlay  envira-gallery-bottom-right\"><\/div><a href=\"https:\/\/www.lausitzer-museenland.de\/wp-content\/uploads\/2020\/09\/Klemmkuchenbacken.jpg\" class=\"envira-gallery-53076 envira-gallery-link\" rel=\"enviragallery53076\" title=\"Pe\u010den\u00ed kol\u00e1\u010d\u016f ve svork\u00e1ch\" data-envira-caption=\"Klemmkuchenbacken\" data-envira-retina=\"\" data-thumbnail=\"\"  itemprop=\"contentUrl\"><img id=\"envira-gallery-image-53081\" class=\"envira-gallery-image envira-gallery-image-5 envira-normal envira-lazy\" data-envira-index=\"5\" src=\"https:\/\/www.lausitzer-museenland.de\/wp-content\/uploads\/2020\/09\/Klemmkuchenbacken-1024x683.jpg\" data-envira-src=\"https:\/\/www.lausitzer-museenland.de\/wp-content\/uploads\/2020\/09\/Klemmkuchenbacken-1024x683.jpg\" data-envira-gallery-id=\"53076\" data-envira-item-id=\"53081\" data-envira-caption=\"Klemmkuchenbacken\" alt=\"\" title=\"Pe\u010den\u00ed kol\u00e1\u010d\u016f ve svork\u00e1ch\"  itemprop=\"thumbnailUrl\" data-envira-srcset=\"https:\/\/www.lausitzer-museenland.de\/wp-content\/uploads\/2020\/09\/Klemmkuchenbacken-1024x683.jpg 400w,https:\/\/www.lausitzer-museenland.de\/wp-content\/uploads\/2020\/09\/Klemmkuchenbacken-1024x683.jpg 2x\" data-envira-width=\"300\" data-envira-height=\"200\" srcset=\"data:image\/gif;base64,R0lGODlhAQABAIAAAP\/\/\/\/\/\/\/yH5BAEKAAEALAAAAAABAAEAAAICTAEAOw==\" data-safe-src=\"data:image\/gif;base64,R0lGODlhAQABAIAAAP\/\/\/\/\/\/\/yH5BAEKAAEALAAAAAABAAEAAAICTAEAOw==\" \/><\/a><\/div><\/div><div id=\"envira-gallery-item-53082\" class=\"envira-gallery-item enviratope-item envira-gallery-item-6 envira-lazy-load\" style=\"padding-left: 5px; padding-bottom: 10px; padding-right: 5px;\"  itemscope itemtype=\"https:\/\/schema.org\/ImageObject\"><div class=\"envira-gallery-item-inner\"><div class=\"envira-gallery-position-overlay  envira-gallery-top-left\"><\/div><div class=\"envira-gallery-position-overlay  envira-gallery-top-right\"><\/div><div class=\"envira-gallery-position-overlay  envira-gallery-bottom-left\"><\/div><div class=\"envira-gallery-position-overlay  envira-gallery-bottom-right\"><\/div><a href=\"https:\/\/www.lausitzer-museenland.de\/wp-content\/uploads\/2020\/09\/Mineralaustellung.jpg\" class=\"envira-gallery-53076 envira-gallery-link\" rel=\"enviragallery53076\" title=\"V\u00fdstava miner\u00e1l\u016f\" data-envira-caption=\"Mineralaustellung\" data-envira-retina=\"\" data-thumbnail=\"\"  itemprop=\"contentUrl\"><img id=\"envira-gallery-image-53082\" class=\"envira-gallery-image envira-gallery-image-6 envira-normal envira-lazy\" data-envira-index=\"6\" src=\"https:\/\/www.lausitzer-museenland.de\/wp-content\/uploads\/2020\/09\/Mineralaustellung-1024x576.jpg\" data-envira-src=\"https:\/\/www.lausitzer-museenland.de\/wp-content\/uploads\/2020\/09\/Mineralaustellung-1024x576.jpg\" data-envira-gallery-id=\"53076\" data-envira-item-id=\"53082\" data-envira-caption=\"Mineralaustellung\" alt=\"\" title=\"V\u00fdstava miner\u00e1l\u016f\"  itemprop=\"thumbnailUrl\" data-envira-srcset=\"https:\/\/www.lausitzer-museenland.de\/wp-content\/uploads\/2020\/09\/Mineralaustellung-1024x576.jpg 400w,https:\/\/www.lausitzer-museenland.de\/wp-content\/uploads\/2020\/09\/Mineralaustellung-1024x576.jpg 2x\" data-envira-width=\"300\" data-envira-height=\"169\" srcset=\"data:image\/gif;base64,R0lGODlhAQABAIAAAP\/\/\/\/\/\/\/yH5BAEKAAEALAAAAAABAAEAAAICTAEAOw==\" data-safe-src=\"data:image\/gif;base64,R0lGODlhAQABAIAAAP\/\/\/\/\/\/\/yH5BAEKAAEALAAAAAABAAEAAAICTAEAOw==\" \/><\/a><\/div><\/div><div id=\"envira-gallery-item-53083\" class=\"envira-gallery-item enviratope-item envira-gallery-item-7 envira-lazy-load\" style=\"padding-left: 5px; padding-bottom: 10px; padding-right: 5px;\"  itemscope itemtype=\"https:\/\/schema.org\/ImageObject\"><div class=\"envira-gallery-item-inner\"><div class=\"envira-gallery-position-overlay  envira-gallery-top-left\"><\/div><div class=\"envira-gallery-position-overlay  envira-gallery-top-right\"><\/div><div class=\"envira-gallery-position-overlay  envira-gallery-bottom-left\"><\/div><div class=\"envira-gallery-position-overlay  envira-gallery-bottom-right\"><\/div><a href=\"https:\/\/www.lausitzer-museenland.de\/wp-content\/uploads\/2020\/09\/Peitzer-Karpfen.jpg\" class=\"envira-gallery-53076 envira-gallery-link\" rel=\"enviragallery53076\" title=\"Kapr Peitz\" data-envira-caption=\"Peitzer Karpfen\" data-envira-retina=\"\" data-thumbnail=\"\"  itemprop=\"contentUrl\"><img id=\"envira-gallery-image-53083\" class=\"envira-gallery-image envira-gallery-image-7 envira-normal envira-lazy\" data-envira-index=\"7\" src=\"https:\/\/www.lausitzer-museenland.de\/wp-content\/uploads\/2020\/09\/Peitzer-Karpfen-1024x683.jpg\" data-envira-src=\"https:\/\/www.lausitzer-museenland.de\/wp-content\/uploads\/2020\/09\/Peitzer-Karpfen-1024x683.jpg\" data-envira-gallery-id=\"53076\" data-envira-item-id=\"53083\" data-envira-caption=\"Peitzer Karpfen\" alt=\"\" title=\"Kapr Peitz\"  itemprop=\"thumbnailUrl\" data-envira-srcset=\"https:\/\/www.lausitzer-museenland.de\/wp-content\/uploads\/2020\/09\/Peitzer-Karpfen-1024x683.jpg 400w,https:\/\/www.lausitzer-museenland.de\/wp-content\/uploads\/2020\/09\/Peitzer-Karpfen-1024x683.jpg 2x\" data-envira-width=\"300\" data-envira-height=\"200\" srcset=\"data:image\/gif;base64,R0lGODlhAQABAIAAAP\/\/\/\/\/\/\/yH5BAEKAAEALAAAAAABAAEAAAICTAEAOw==\" data-safe-src=\"data:image\/gif;base64,R0lGODlhAQABAIAAAP\/\/\/\/\/\/\/yH5BAEKAAEALAAAAAABAAEAAAICTAEAOw==\" \/><\/a><\/div><\/div><\/div><\/div><noscript><img src=\"https:\/\/www.lausitzer-museenland.de\/wp-content\/uploads\/2020\/09\/Ausstellung-Aufstieg-und-Untergang.jpg\" alt=\"\" \/><img src=\"https:\/\/www.lausitzer-museenland.de\/wp-content\/uploads\/2020\/09\/Fischereimuseum.jpg\" alt=\"\" \/><img src=\"https:\/\/www.lausitzer-museenland.de\/wp-content\/uploads\/2020\/09\/FreeJazz-Ausstellung.jpg\" alt=\"\" \/><img src=\"https:\/\/www.lausitzer-museenland.de\/wp-content\/uploads\/2020\/09\/Hochofenhalle-mit-Dachkonstruktion1.jpg\" alt=\"\" \/><img src=\"https:\/\/www.lausitzer-museenland.de\/wp-content\/uploads\/2020\/09\/Klemmkuchenbacken.jpg\" alt=\"\" \/><img src=\"https:\/\/www.lausitzer-museenland.de\/wp-content\/uploads\/2020\/09\/Mineralaustellung.jpg\" alt=\"\" \/><img src=\"https:\/\/www.lausitzer-museenland.de\/wp-content\/uploads\/2020\/09\/Peitzer-Karpfen.jpg\" alt=\"\" \/><\/noscript>","protected":false},"excerpt":{"rendered":"<p>Galerie | V\u00fdstavy | Nab\u00eddka pro d\u011bti Muzeum techniky a m\u00edstn\u00ed historie - \u017delez\u00e1\u0159stv\u00ed a rybn\u00edk\u00e1\u0159stv\u00ed Situace budovy\/pozemku Markrab\u011b Johann V. nechal kolem roku 1550 postavit b\u00fdvalou peitzskou \u017eelez\u00e1rnu a hamr. Z\u00e1kladem pro stavbu huti byl m\u00edstn\u00ed travnat\u00fd \u017eelezn\u00fd k\u00e1men, kter\u00fd se tavil ve vysok\u00e9 peci p\u0159ibli\u017en\u011b do roku 1856. Vyroben\u00e9 surov\u00e9 \u017eelezo se pou\u017e\u00edvalo k v\u00fdrob\u011b d\u011blov\u00fdch sud\u016f, d\u011blov\u00fdch koul\u00ed, n\u00e1dob\u00ed a n\u00e1\u010din\u00ed.<\/p>","protected":false},"author":13,"featured_media":0,"parent":113,"menu_order":0,"comment_status":"closed","ping_status":"closed","template":"","meta":[],"_links":{"self":[{"href":"http:\/\/www.lausitzer-museenland.de\/cs\/wp-json\/wp\/v2\/pages\/217"}],"collection":[{"href":"http:\/\/www.lausitzer-museenland.de\/cs\/wp-json\/wp\/v2\/pages"}],"about":[{"href":"http:\/\/www.lausitzer-museenland.de\/cs\/wp-json\/wp\/v2\/types\/page"}],"author":[{"embeddable":true,"href":"http:\/\/www.lausitzer-museenland.de\/cs\/wp-json\/wp\/v2\/users\/13"}],"replies":[{"embeddable":true,"href":"http:\/\/www.lausitzer-museenland.de\/cs\/wp-json\/wp\/v2\/comments?post=217"}],"version-history":[{"count":16,"href":"http:\/\/www.lausitzer-museenland.de\/cs\/wp-json\/wp\/v2\/pages\/217\/revisions"}],"predecessor-version":[{"id":53928,"href":"http:\/\/www.lausitzer-museenland.de\/cs\/wp-json\/wp\/v2\/pages\/217\/revisions\/53928"}],"up":[{"embeddable":true,"href":"http:\/\/www.lausitzer-museenland.de\/cs\/wp-json\/wp\/v2\/pages\/113"}],"wp:attachment":[{"href":"http:\/\/www.lausitzer-museenland.de\/cs\/wp-json\/wp\/v2\/media?parent=217"}],"curies":[{"name":"wp","href":"https:\/\/api.w.org\/{rel}","templated":true}]}}