{"id":32318,"date":"2019-07-24T11:30:45","date_gmt":"2019-07-24T10:30:45","guid":{"rendered":"http:\/\/lausitzer-museenland.de\/service\/hearonymus-audio-videoguide\/"},"modified":"2019-06-26T11:25:26","modified_gmt":"2019-06-26T09:25:26","slug":"hearonymus-audio-videoguide","status":"publish","type":"page","link":"http:\/\/www.lausitzer-museenland.de\/cs\/sluzba\/hearonymus-audio-videonavod\/","title":{"rendered":"Hearonymus Audio\/Video pr\u016fvodce"},"content":{"rendered":"<p>Na platform\u011b Hearonymus jsou k dispozici audiopr\u016fvodci \"Zem\u011b Lu\u017eice - pr\u016fmysl, hornictv\u00ed, v\u00fdletn\u00ed c\u00edle na kole\" a \"Zem\u011b Lu\u017eice - Sorbs\/Wends, Erwin Strittmatter, Heimatstuben\". Pr\u016fvodce najdete mimo jin\u00e9 pomoc\u00ed kl\u00ed\u010dov\u00e9ho slova \"Lausitzer Museenland\".<\/p>\n<p>Univerz\u00e1ln\u00ed odkazy:<br \/>\n<em>Lu\u017eick\u00e9 muzeum Zem\u011b 1 (pr\u016fmysl, hornictv\u00ed, v\u00fdletn\u00ed c\u00edle) <a href=\"https:\/\/direct.hearonymus.com\/guide\/694\" target=\"_blank\" rel=\"noopener noreferrer\">https:\/\/direct.hearonymus.com\/guide\/694<\/a><br \/>\nLu\u017eick\u00e9 muzeum Land 2 (Sorbs\/Wends, Erwin Strittmatter, m\u00edstnosti pro m\u00edstn\u00ed historii) <a href=\"https:\/\/direct.hearonymus.com\/guide\/695\" target=\"_blank\" rel=\"noopener noreferrer\">https:\/\/direct.hearonymus.com\/guide\/695<\/a><\/em><br \/>\nPokud tento odkaz otev\u0159ete na sv\u00e9m chytr\u00e9m telefonu, budete p\u0159esm\u011brov\u00e1ni p\u0159\u00edmo do p\u0159\u00edslu\u0161n\u00e9ho obchodu APP. Pokud jste si ji\u017e nainstalovali aplikaci Hearonymus, budete p\u0159esm\u011brov\u00e1ni p\u0159\u00edmo na audiopr\u016fvodce v aplikaci Hearonymus.<\/p>\n<p>&nbsp;<\/p>\n<p><a href=\"https:\/\/www.lausitzer-museenland.de\/wp-content\/uploads\/2014\/11\/QR-Code-Lausitzer-Museenland-1-e1545307032946.png\"><img loading=\"lazy\" class=\"size-full wp-image-33157 alignleft\" src=\"https:\/\/www.lausitzer-museenland.de\/wp-content\/uploads\/2014\/11\/QR-Code-Lausitzer-Museenland-1-e1545307032946.png\" alt=\"QR k\u00f3d Lu\u017eick\u00e9 muzeum Land 1\" width=\"150\" height=\"150\" \/><\/a>\u00a0\u00a0\u00a0\u00a0\u00a0\u00a0\u00a0\u00a0\u00a0\u00a0\u00a0 <a href=\"https:\/\/www.lausitzer-museenland.de\/wp-content\/uploads\/2018\/12\/QR-Code-Lausitzer-Museenland-2-e1545307170623.png\"><img loading=\"lazy\" class=\"size-full wp-image-33665 alignnone\" src=\"https:\/\/www.lausitzer-museenland.de\/wp-content\/uploads\/2018\/12\/QR-Code-Lausitzer-Museenland-2-e1545307170623.png\" alt=\"QR k\u00f3d Lu\u017eick\u00e9 muzeum Land 2\" width=\"150\" height=\"150\" \/><\/a><\/p>","protected":false},"excerpt":{"rendered":"<p>Na platform\u011b Hearonymus jsou k dispozici audiopr\u016fvodci \"Zem\u011b Lu\u017eice - pr\u016fmysl, hornictv\u00ed, v\u00fdlety na kole\" a \"Zem\u011b Lu\u017eice - Sorbs\/Wends, Erwin Strittmatter, Heimatstuben\". Pr\u016fvodce najdete mimo jin\u00e9 pomoc\u00ed kl\u00ed\u010dov\u00e9ho slova \"Lausitzer Museenland\". Univerz\u00e1ln\u00ed odkazy: Zem\u011b Lu\u017eick\u00e9ho muzea 1 (pr\u016fmysl, hornictv\u00ed, exkurze) https:\/\/direct.hearonymus.com\/guide\/694 Zem\u011b Lu\u017eick\u00e9ho muzea 2 (Sorbs\/Wends, Erwin Strittmatter, Heimatstuben) https:\/\/direct.hearonymus.com\/guide\/695 Bude tento odkaz dostupn\u00fd na webu Lu\u017eick\u00e9ho muzea?<\/p>","protected":false},"author":13,"featured_media":0,"parent":281,"menu_order":0,"comment_status":"closed","ping_status":"closed","template":"","meta":[],"_links":{"self":[{"href":"http:\/\/www.lausitzer-museenland.de\/cs\/wp-json\/wp\/v2\/pages\/32318"}],"collection":[{"href":"http:\/\/www.lausitzer-museenland.de\/cs\/wp-json\/wp\/v2\/pages"}],"about":[{"href":"http:\/\/www.lausitzer-museenland.de\/cs\/wp-json\/wp\/v2\/types\/page"}],"author":[{"embeddable":true,"href":"http:\/\/www.lausitzer-museenland.de\/cs\/wp-json\/wp\/v2\/users\/13"}],"replies":[{"embeddable":true,"href":"http:\/\/www.lausitzer-museenland.de\/cs\/wp-json\/wp\/v2\/comments?post=32318"}],"version-history":[{"count":6,"href":"http:\/\/www.lausitzer-museenland.de\/cs\/wp-json\/wp\/v2\/pages\/32318\/revisions"}],"predecessor-version":[{"id":52520,"href":"http:\/\/www.lausitzer-museenland.de\/cs\/wp-json\/wp\/v2\/pages\/32318\/revisions\/52520"}],"up":[{"embeddable":true,"href":"http:\/\/www.lausitzer-museenland.de\/cs\/wp-json\/wp\/v2\/pages\/281"}],"wp:attachment":[{"href":"http:\/\/www.lausitzer-museenland.de\/cs\/wp-json\/wp\/v2\/media?parent=32318"}],"curies":[{"name":"wp","href":"https:\/\/api.w.org\/{rel}","templated":true}]}}