{"id":436,"date":"2014-11-12T11:18:53","date_gmt":"2014-11-12T10:18:53","guid":{"rendered":"http:\/\/lausitzer-museenland.de\/?page_id=436"},"modified":"2021-04-04T09:30:18","modified_gmt":"2021-04-04T07:30:18","slug":"heimatstube-welzow","status":"publish","type":"page","link":"http:\/\/www.lausitzer-museenland.de\/cs\/muzea\/heimatstube-welzow\/","title":{"rendered":"Heimatstube Welzow \/ Domowniska \u015bpa Wjelcej"},"content":{"rendered":"<p><a href=\"#galerie_h_welzow\">Galerie<\/a> |\u00a0<a href=\"#austellung_h_welzow\">V\u00fdstavy<\/a>\u00a0| \u00a0<a href=\"#kinderangebot_h_welzow\">Nab\u00eddky pro d\u011bti<\/a><br \/>\n<a href=\"https:\/\/www.lausitzer-museenland.de\/wp-content\/uploads\/2020\/11\/Heimatstube_Welzow.png\"><img loading=\"lazy\" class=\"aligncenter size-full wp-image-53158\" src=\"https:\/\/www.lausitzer-museenland.de\/wp-content\/uploads\/2020\/11\/Heimatstube_Welzow.png\" alt=\"\" width=\"750\" height=\"431\" srcset=\"https:\/\/www.lausitzer-museenland.de\/wp-content\/uploads\/2020\/11\/Heimatstube_Welzow.png 750w, https:\/\/www.lausitzer-museenland.de\/wp-content\/uploads\/2020\/11\/Heimatstube_Welzow-300x172.png 300w\" sizes=\"(max-width: 750px) 100vw, 750px\" \/><\/a>Bydli\u0161t\u011b m\u00edstn\u00edch historik\u016f<\/p>\n<h3>Situace budovy \/ pozemku<\/h3>\n<p>\"Heimatverein Welzow e.V.\" z\u0159\u00eddil sv\u016fj Heimatstube v p\u0159\u00edzem\u00ed obytn\u00e9ho domu. Sb\u00edrka je um\u00edst\u011bna ve dvou m\u00edstnostech b\u00fdval\u00e9ho obchodu. V prvn\u00ed m\u00edstnosti se nach\u00e1z\u00ed st\u00e1l\u00e1 expozice. Druh\u00e1 m\u00edstnost je k dispozici pro speci\u00e1ln\u00ed v\u00fdstavy a pro ulo\u017een\u00ed dokumentace a sb\u00edrky fotografi\u00ed.<\/p>\n<h3>Charakteristika<\/h3>\n<p>C\u00edlem spolku Heimatstube je dokumentovat historii m\u011bsta Welzow prost\u0159ednictv\u00edm muzejn\u00edch expon\u00e1t\u016f na r\u016fzn\u00e1 t\u00e9mata. V\u00fdstava je zam\u011b\u0159ena p\u0159edev\u0161\u00edm na uheln\u00fd a skl\u00e1\u0159sk\u00fd pr\u016fmysl, historii \u0161kol a spolk\u016f.<\/p>\n<h3>Speci\u00e1ln\u00ed v\u00fdstavy \/ doprovodn\u00e9 nab\u00eddky<a id=\"austellung_h_welzow\"><\/a><\/h3>\n<p>V m\u00edstnosti, kter\u00e1 je k tomuto \u00fa\u010delu v Heimatstube vyhrazena, po\u0159\u00e1d\u00e1 spolek nejm\u00e9n\u011b jednu speci\u00e1ln\u00ed v\u00fdstavu ro\u010dn\u011b, kter\u00e1 je napln\u011bna p\u0159edev\u0161\u00edm v\u00fdp\u016fj\u010dkami.<\/p>\n<p>Sdru\u017een\u00ed se velmi zasazuje o vytvo\u0159en\u00ed kontinu\u00e1ln\u00ed v\u00fdstavn\u00ed tradice v Heimatstube. Konaj\u00ed se zde p\u0159edev\u0161\u00edm v\u00fdstavy um\u011bn\u00ed s region\u00e1ln\u00edm v\u00fdznamem.<\/p>\n<p>Hlavn\u00ed n\u00e1pln\u00ed \u010dinnosti m\u00edstopisn\u00e9 spole\u010dnosti je p\u0159\u00edprava a vyd\u00e1v\u00e1n\u00ed publikac\u00ed o m\u00edstn\u00ed historii.<\/p>\n<h3>Nab\u00eddky pro d\u011bti - S Kobim do muzea<a id=\"kinderangebot_h_welzow\"><\/a><\/h3>\n<p align=\"left\">Kobi - duch mal\u00e9ho domu - je v muzeu jako doma. Bydl\u00ed tam v ba\u010dkor\u00e1ch pod kamny. O p\u016flnoci odposlouch\u00e1v\u00e1 star\u00e9 muzejn\u00ed expon\u00e1ty, kdy\u017e si vypr\u00e1v\u011bj\u00ed p\u0159\u00edb\u011bhy z minulosti. Tyto vzru\u0161uj\u00edc\u00ed p\u0159\u00edb\u011bhy vypr\u00e1v\u00ed pracovn\u00edk\u016fm muzea, kte\u0159\u00ed je pak p\u0159ed\u00e1vaj\u00ed d\u011btem - p\u0159\u00edb\u011bhy ze star\u00fdch, d\u00e1vn\u00fdch \u010das\u016f.<\/p>\n<p>Kobi nab\u00edz\u00ed:<\/p>\n<h5>Pr\u016fmyslov\u00e1 historie mezi uhl\u00edm a sklem<\/h5>\n<div data-post-id='industriegeschichte-zwischen-kohle-und-glas' class='insert-page insert-page-industriegeschichte-zwischen-kohle-und-glas'>\t\t\t\t\t<p>Heimatverein Welzow e. V. se prost\u0159ednictv\u00edm Heimatstube sna\u017e\u00ed dokumentovat historii m\u011bsta Welzow prost\u0159ednictv\u00edm muzejn\u00edch expon\u00e1t\u016f na r\u016fzn\u00e1 t\u00e9mata. V\u00fdstava je zam\u011b\u0159ena p\u0159edev\u0161\u00edm na uheln\u00fd a skl\u00e1\u0159sk\u00fd pr\u016fmysl, historii \u0161kol a spolk\u016f.<\/p>\n<p>Nab\u00eddka prob\u00edh\u00e1 v interi\u00e9ru a je ur\u010dena d\u011btem p\u0159ed\u0161koln\u00edho v\u011bku a\u017e do 10. t\u0159\u00eddy.<br \/>\nTerm\u00edny: dle dohody<br \/>\nP\u0159edb\u011b\u017en\u00e1 registrace: nejpozd\u011bji dva t\u00fddny p\u0159edem<\/p>\n<p><a title=\"Heimatstube Welzow \/ Domowniska \u015bpa Wjelcej\" href=\"\/museen\/heimatstube-welzow\/\">M\u00edstnost m\u00edstn\u00ed historie Welzow<\/a><\/p>\n\t\t\t\t\t<\/div>\n<h3><\/h3>\n<p>&nbsp;<\/p>\n<h3>Galerie<a id=\"galerie_h_welzow\"><\/a><\/h3>\n<div id=\"envira-gallery-wrap-436\" class=\"envira-gallery-wrap envira-gallery-theme-base envira-lightbox-theme-base\" itemscope itemtype=\"https:\/\/schema.org\/ImageGallery\"><div data-row-height=\"\" data-gallery-theme=\"\" id=\"envira-gallery-436\" class=\"envira-gallery-public  envira-gallery-3-columns envira-clear enviratope envira-gallery-css-animations\" data-envira-columns=\"3\"><div id=\"envira-gallery-item-3454\" class=\"envira-gallery-item enviratope-item envira-gallery-item-1\" style=\"padding-left: 5px; padding-bottom: 10px; padding-right: 5px;\"  itemscope itemtype=\"https:\/\/schema.org\/ImageObject\"><div class=\"envira-gallery-item-inner\"><div class=\"envira-gallery-position-overlay  envira-gallery-top-left\"><\/div><div class=\"envira-gallery-position-overlay  envira-gallery-top-right\"><\/div><div class=\"envira-gallery-position-overlay  envira-gallery-bottom-left\"><\/div><div class=\"envira-gallery-position-overlay  envira-gallery-bottom-right\"><\/div><a href=\"https:\/\/www.lausitzer-museenland.de\/wp-content\/uploads\/2014\/11\/150.jpg\" class=\"envira-gallery-436 envira-gallery-link\" rel=\"enviragallery436\" title=\"V\u00fdstava \/ Foto: Heimatverein\" data-envira-caption=\"Ausstellung \/ Foto: Heimatverein\" data-envira-retina=\"\" data-thumbnail=\"\"  itemprop=\"contentUrl\"><div class=\"envira-lazy\" data-test-width=\"960\" data-test-height=\"300\" style=\"padding-bottom:31.25%;\"><img id=\"envira-gallery-image-3454\" class=\"envira-gallery-image envira-gallery-image-1\" data-envira-index=\"1\" src=\"https:\/\/www.lausitzer-museenland.de\/wp-content\/uploads\/2014\/11\/150.jpg\" data-envira-src=\"https:\/\/www.lausitzer-museenland.de\/wp-content\/uploads\/2014\/11\/150.jpg\" data-envira-gallery-id=\"436\" data-envira-item-id=\"3454\" data-envira-caption=\"Ausstellung \/ Foto: Heimatverein\" alt=\"\" title=\"V\u00fdstava \/ Foto: Heimatverein\"  itemprop=\"thumbnailUrl\" data-envira-srcset=\"https:\/\/www.lausitzer-museenland.de\/wp-content\/uploads\/2014\/11\/150.jpg 400w,https:\/\/www.lausitzer-museenland.de\/wp-content\/uploads\/2014\/11\/150.jpg 2x\" srcset=\"data:image\/gif;base64,R0lGODlhAQABAIAAAP\/\/\/\/\/\/\/yH5BAEKAAEALAAAAAABAAEAAAICTAEAOw==\" \/><\/div><\/a><\/div><\/div><div id=\"envira-gallery-item-3455\" class=\"envira-gallery-item enviratope-item envira-gallery-item-2\" style=\"padding-left: 5px; padding-bottom: 10px; padding-right: 5px;\"  itemscope itemtype=\"https:\/\/schema.org\/ImageObject\"><div class=\"envira-gallery-item-inner\"><div class=\"envira-gallery-position-overlay  envira-gallery-top-left\"><\/div><div class=\"envira-gallery-position-overlay  envira-gallery-top-right\"><\/div><div class=\"envira-gallery-position-overlay  envira-gallery-bottom-left\"><\/div><div class=\"envira-gallery-position-overlay  envira-gallery-bottom-right\"><\/div><a href=\"https:\/\/www.lausitzer-museenland.de\/wp-content\/uploads\/2014\/11\/217.jpg\" class=\"envira-gallery-436 envira-gallery-link\" rel=\"enviragallery436\" title=\"Heimatstube Welzow \/ Foto: Heimatverein\" data-envira-caption=\"Heimatstube Welzow \/ Foto: Heimatverein\" data-envira-retina=\"\" data-thumbnail=\"\"  itemprop=\"contentUrl\"><div class=\"envira-lazy\" data-test-width=\"960\" data-test-height=\"300\" style=\"padding-bottom:31.25%;\"><img id=\"envira-gallery-image-3455\" class=\"envira-gallery-image envira-gallery-image-2\" data-envira-index=\"2\" src=\"https:\/\/www.lausitzer-museenland.de\/wp-content\/uploads\/2014\/11\/217.jpg\" data-envira-src=\"https:\/\/www.lausitzer-museenland.de\/wp-content\/uploads\/2014\/11\/217.jpg\" data-envira-gallery-id=\"436\" data-envira-item-id=\"3455\" data-envira-caption=\"Heimatstube Welzow \/ Foto: Heimatverein\" alt=\"\" title=\"Heimatstube Welzow \/ Foto: Heimatverein\"  itemprop=\"thumbnailUrl\" data-envira-srcset=\"https:\/\/www.lausitzer-museenland.de\/wp-content\/uploads\/2014\/11\/217.jpg 400w,https:\/\/www.lausitzer-museenland.de\/wp-content\/uploads\/2014\/11\/217.jpg 2x\" srcset=\"data:image\/gif;base64,R0lGODlhAQABAIAAAP\/\/\/\/\/\/\/yH5BAEKAAEALAAAAAABAAEAAAICTAEAOw==\" \/><\/div><\/a><\/div><\/div><div id=\"envira-gallery-item-3456\" class=\"envira-gallery-item enviratope-item envira-gallery-item-3\" style=\"padding-left: 5px; padding-bottom: 10px; padding-right: 5px;\"  itemscope itemtype=\"https:\/\/schema.org\/ImageObject\"><div class=\"envira-gallery-item-inner\"><div class=\"envira-gallery-position-overlay  envira-gallery-top-left\"><\/div><div class=\"envira-gallery-position-overlay  envira-gallery-top-right\"><\/div><div class=\"envira-gallery-position-overlay  envira-gallery-bottom-left\"><\/div><div class=\"envira-gallery-position-overlay  envira-gallery-bottom-right\"><\/div><a href=\"https:\/\/www.lausitzer-museenland.de\/wp-content\/uploads\/2014\/11\/39.jpg\" class=\"envira-gallery-436 envira-gallery-link\" rel=\"enviragallery436\" title=\"Pohled do Heimatstube \/ Foto: Heimatverein\" data-envira-caption=\"Blick in die Heimatstube \/ Foto: Heimatverein\" data-envira-retina=\"\" data-thumbnail=\"\"  itemprop=\"contentUrl\"><div class=\"envira-lazy\" data-test-width=\"960\" data-test-height=\"300\" style=\"padding-bottom:31.25%;\"><img id=\"envira-gallery-image-3456\" class=\"envira-gallery-image envira-gallery-image-3\" data-envira-index=\"3\" src=\"https:\/\/www.lausitzer-museenland.de\/wp-content\/uploads\/2014\/11\/39.jpg\" data-envira-src=\"https:\/\/www.lausitzer-museenland.de\/wp-content\/uploads\/2014\/11\/39.jpg\" data-envira-gallery-id=\"436\" data-envira-item-id=\"3456\" data-envira-caption=\"Blick in die Heimatstube \/ Foto: Heimatverein\" alt=\"\" title=\"Pohled do Heimatstube \/ Foto: Heimatverein\"  itemprop=\"thumbnailUrl\" data-envira-srcset=\"https:\/\/www.lausitzer-museenland.de\/wp-content\/uploads\/2014\/11\/39.jpg 400w,https:\/\/www.lausitzer-museenland.de\/wp-content\/uploads\/2014\/11\/39.jpg 2x\" srcset=\"data:image\/gif;base64,R0lGODlhAQABAIAAAP\/\/\/\/\/\/\/yH5BAEKAAEALAAAAAABAAEAAAICTAEAOw==\" \/><\/div><\/a><\/div><\/div><\/div><\/div><noscript><img src=\"https:\/\/www.lausitzer-museenland.de\/wp-content\/uploads\/2014\/11\/150.jpg\" alt=\"\" \/><img src=\"https:\/\/www.lausitzer-museenland.de\/wp-content\/uploads\/2014\/11\/217.jpg\" alt=\"\" \/><img src=\"https:\/\/www.lausitzer-museenland.de\/wp-content\/uploads\/2014\/11\/39.jpg\" alt=\"\" \/><\/noscript>","protected":false},"excerpt":{"rendered":"<p>Galerie | V\u00fdstavy | Nab\u00eddka pro d\u011bti S\u00eddlo historik\u016f Stavba \/ majetkov\u00e9 pom\u011bry \"Heimatverein Welzow e.V.\" z\u0159\u00eddil svou m\u00edstnost historie v p\u0159\u00edzem\u00ed obytn\u00e9ho domu. Sb\u00edrka je um\u00edst\u011bna ve dvou m\u00edstnostech b\u00fdval\u00e9ho obchodu. V prvn\u00ed m\u00edstnosti se nach\u00e1z\u00ed st\u00e1l\u00e1 expozice. Druh\u00e1 m\u00edstnost je k dispozici pro speci\u00e1ln\u00ed v\u00fdstavy a pro ulo\u017een\u00ed dokumentace a sb\u00edrky fotografi\u00ed.<\/p>","protected":false},"author":13,"featured_media":0,"parent":113,"menu_order":0,"comment_status":"closed","ping_status":"closed","template":"","meta":[],"_links":{"self":[{"href":"http:\/\/www.lausitzer-museenland.de\/cs\/wp-json\/wp\/v2\/pages\/436"}],"collection":[{"href":"http:\/\/www.lausitzer-museenland.de\/cs\/wp-json\/wp\/v2\/pages"}],"about":[{"href":"http:\/\/www.lausitzer-museenland.de\/cs\/wp-json\/wp\/v2\/types\/page"}],"author":[{"embeddable":true,"href":"http:\/\/www.lausitzer-museenland.de\/cs\/wp-json\/wp\/v2\/users\/13"}],"replies":[{"embeddable":true,"href":"http:\/\/www.lausitzer-museenland.de\/cs\/wp-json\/wp\/v2\/comments?post=436"}],"version-history":[{"count":15,"href":"http:\/\/www.lausitzer-museenland.de\/cs\/wp-json\/wp\/v2\/pages\/436\/revisions"}],"predecessor-version":[{"id":53300,"href":"http:\/\/www.lausitzer-museenland.de\/cs\/wp-json\/wp\/v2\/pages\/436\/revisions\/53300"}],"up":[{"embeddable":true,"href":"http:\/\/www.lausitzer-museenland.de\/cs\/wp-json\/wp\/v2\/pages\/113"}],"wp:attachment":[{"href":"http:\/\/www.lausitzer-museenland.de\/cs\/wp-json\/wp\/v2\/media?parent=436"}],"curies":[{"name":"wp","href":"https:\/\/api.w.org\/{rel}","templated":true}]}}