{"id":4606,"date":"2016-06-01T13:19:07","date_gmt":"2016-06-01T12:19:07","guid":{"rendered":"http:\/\/lausitzer-museenland.de\/?page_id=4606"},"modified":"2021-07-30T12:13:51","modified_gmt":"2021-07-30T10:13:51","slug":"verschenken-statt-wegwerfen-abgabe-musealer-stuecke","status":"publish","type":"page","link":"http:\/\/www.lausitzer-museenland.de\/cs\/sluzba\/give-away-rather-throw-away-museum-items\/","title":{"rendered":"Darov\u00e1n\u00ed m\u00edsto vyhazov\u00e1n\u00ed - odevzd\u00e1v\u00e1n\u00ed muzejn\u00edch expon\u00e1t\u016f"},"content":{"rendered":"<p>Jen m\u00e1lokter\u00e9 muzeum je schopno fungovat a p\u0159e\u017e\u00edt bez dar\u016f a p\u0159\u00edsp\u011bvk\u016f. Mnoho muze\u00ed mohlo vzniknout pouze d\u00edky dar\u016fm. \"Lu\u017eick\u00e1 muzejn\u00ed zem\u011b\" hled\u00e1 muzejn\u00ed p\u0159edm\u011bty, pam\u00e1tky a p\u0159\u00edb\u011bhy s nimi spojen\u00e9.<\/p>\n<p>Pokud m\u00e1te v\u011bci, kter\u00e9 byste cht\u011bli muze\u00edm zanechat, nebo m\u00e1te v t\u00e9to souvislosti n\u011bjak\u00e9 dotazy, informujte n\u00e1s pros\u00edm e-mailem na adrese <a href=\"mailto:info@lausitzer-museenland.de\" target=\"_blank\" rel=\"noopener noreferrer\">info@lausitzer-museenland.de<\/a> nebo kontaktujte Svena Vogta na telefonn\u00edm \u010d\u00edsle 0 35606-429035 nebo mobiln\u00edm \u010d\u00edsle 0175-7335180.<\/p>\n<p>Spole\u010dn\u011b s nimi vybereme muzeum v \"zemi lu\u017eick\u00fdch muze\u00ed\", do kter\u00e9ho se jejich dar nebo p\u0159\u00edsp\u011bvek hod\u00ed. S kolegy ze sb\u00edrkov\u00fdch odd\u011blen\u00ed muze\u00ed dohl\u00ed\u017e\u00edme na to, aby v\u0161echny darovan\u00e9 muzejn\u00ed p\u0159edm\u011bty byly \u0159\u00e1dn\u011b zdokumentov\u00e1ny a ulo\u017eeny tak, aby byla zaru\u010dena jejich komplexn\u00ed a p\u0159edev\u0161\u00edm dlouhodob\u00e1 ochrana.<\/p>","protected":false},"excerpt":{"rendered":"<p>Jen m\u00e1lokter\u00e9 muzeum je schopno fungovat a p\u0159e\u017e\u00edt bez dar\u016f a p\u0159\u00edsp\u011bvk\u016f. Mnoho muze\u00ed mohlo vzniknout pouze d\u00edky dar\u016fm. \"Lu\u017eick\u00e1 muzejn\u00ed zem\u011b\" hled\u00e1 muzejn\u00ed p\u0159edm\u011bty, pam\u00e1tky a p\u0159\u00edb\u011bhy s nimi spojen\u00e9. Pokud m\u00e1te v\u011bci, kter\u00e9 byste cht\u011bli muze\u00edm zanechat, nebo m\u00e1te v t\u00e9to souvislosti n\u011bjak\u00e9 dotazy, informujte n\u00e1s pros\u00edm e-mailem na adrese info@lausitzer-museenland.de nebo se obra\u0165te na n\u00e1s.<\/p>","protected":false},"author":13,"featured_media":4553,"parent":281,"menu_order":0,"comment_status":"closed","ping_status":"closed","template":"","meta":[],"_links":{"self":[{"href":"http:\/\/www.lausitzer-museenland.de\/cs\/wp-json\/wp\/v2\/pages\/4606"}],"collection":[{"href":"http:\/\/www.lausitzer-museenland.de\/cs\/wp-json\/wp\/v2\/pages"}],"about":[{"href":"http:\/\/www.lausitzer-museenland.de\/cs\/wp-json\/wp\/v2\/types\/page"}],"author":[{"embeddable":true,"href":"http:\/\/www.lausitzer-museenland.de\/cs\/wp-json\/wp\/v2\/users\/13"}],"replies":[{"embeddable":true,"href":"http:\/\/www.lausitzer-museenland.de\/cs\/wp-json\/wp\/v2\/comments?post=4606"}],"version-history":[{"count":11,"href":"http:\/\/www.lausitzer-museenland.de\/cs\/wp-json\/wp\/v2\/pages\/4606\/revisions"}],"predecessor-version":[{"id":53497,"href":"http:\/\/www.lausitzer-museenland.de\/cs\/wp-json\/wp\/v2\/pages\/4606\/revisions\/53497"}],"up":[{"embeddable":true,"href":"http:\/\/www.lausitzer-museenland.de\/cs\/wp-json\/wp\/v2\/pages\/281"}],"wp:featuredmedia":[{"embeddable":true,"href":"http:\/\/www.lausitzer-museenland.de\/cs\/wp-json\/wp\/v2\/media\/4553"}],"wp:attachment":[{"href":"http:\/\/www.lausitzer-museenland.de\/cs\/wp-json\/wp\/v2\/media?parent=4606"}],"curies":[{"name":"wp","href":"https:\/\/api.w.org\/{rel}","templated":true}]}}