{"id":53796,"date":"2022-04-26T09:44:08","date_gmt":"2022-04-26T07:44:08","guid":{"rendered":"https:\/\/www.lausitzer-museenland.de\/?page_id=53796"},"modified":"2024-09-06T13:52:42","modified_gmt":"2024-09-06T11:52:42","slug":"schloss-hornow-grod-lesce","status":"publish","type":"page","link":"http:\/\/www.lausitzer-museenland.de\/cs\/muzea\/castle-hornow-grod-lesce\/","title":{"rendered":"Hrad Hornow \/ grod L\u011b\u0161\u0107e"},"content":{"rendered":"<p><a href=\"https:\/\/www.lausitzer-museenland.de\/wp-content\/uploads\/2022\/04\/Schloss-Hornow.png\"><img loading=\"lazy\" class=\"size-full wp-image-53803 aligncenter\" src=\"https:\/\/www.lausitzer-museenland.de\/wp-content\/uploads\/2022\/04\/Schloss-Hornow.png\" alt=\"\" width=\"612\" height=\"441\" srcset=\"https:\/\/www.lausitzer-museenland.de\/wp-content\/uploads\/2022\/04\/Schloss-Hornow.png 612w, https:\/\/www.lausitzer-museenland.de\/wp-content\/uploads\/2022\/04\/Schloss-Hornow-300x216.png 300w\" sizes=\"(max-width: 612px) 100vw, 612px\" \/><\/a><br \/>\n<strong>Pam\u00e1tkov\u011b chr\u00e1n\u011bn\u00e9 s\u00eddlo s pohnutou histori\u00ed<\/strong><\/p>\n<h3>Situace budovy \/ pozemku<\/h3>\n<p>Dne\u0161n\u00ed podobu z\u00edskal z\u00e1mek Hornow v roce 1862, kdy byl p\u0159estav\u011bn na honosn\u00e9 s\u00eddlo rodiny Wilkins\u016f. Nalezen\u00e9 rekonstruk\u010dn\u00ed pl\u00e1ny z roku 1790 dokazuj\u00ed, \u017ee \u010d\u00e1sti hradu jsou podstatn\u011b star\u0161\u00ed. Reprezentativn\u00ed \u0159e\u0161en\u00ed p\u016fdorysu i vn\u011bj\u0161\u00ed fas\u00e1dy nazna\u010duj\u00ed, \u017ee byl postaven v obdob\u00ed pozdn\u00edho baroka nebo ran\u00e9ho klasicismu. Zm\u011bny majitel\u016f a nov\u00e9 slohov\u00e9 vlivy byly doprov\u00e1zeny stavebn\u00edmi \u00fapravami budovy. Nap\u0159\u00edklad v\u011b\u017e byla zcela zbo\u0159ena pot\u00e9, co byla po\u0161kozena v boj\u00edch na konci druh\u00e9 sv\u011btov\u00e9 v\u00e1lky. Z\u00e1mek byl prohl\u00e1\u0161en za pam\u00e1tku ji\u017e v roce 1982 a v roce 1998 byl za\u0159azen na seznam pam\u00e1tek spolkov\u00e9 zem\u011b Braniborsko jako \"z\u00e1mek s parkem a d\u011bdi\u010dn\u00fdm poh\u0159ebi\u0161t\u011bm\".<\/p>\n<h3>Charakteristika<\/h3>\n<p>Prvn\u00ed p\u00edsemn\u00e1 zm\u00ednka o panstv\u00ed Hornow poch\u00e1z\u00ed z roku 1436.N\u011bkolikr\u00e1t zm\u011bnilo majitele, v\u010detn\u011b kn\u00ed\u017eete P\u00fccklera, a\u017e v roce 1862 p\u0159e\u0161lo do vlastnictv\u00ed rodiny Wilkins\u016f. D\u00edky vlastnictv\u00ed mimo jin\u00e9 uheln\u00e9ho dolu a n\u011bkolika plant\u00e1\u017e\u00ed v z\u00e1padn\u00ed Usamba\u0159e p\u0159i\u0161el tehdej\u0161\u00ed spr\u00e1vce okresu Spremberg a c\u00edrkevn\u00ed mecen\u00e1\u0161 Dr. jur. Erwin Wilkins k bohatstv\u00ed, za kter\u00e9 v roce 1903 p\u0159estav\u011bl z\u00e1mek na z\u00e1mek a zna\u010dn\u011b roz\u0161\u00ed\u0159il park. V roce 1944 bylo do Hornova z Berl\u00edna p\u0159est\u011bhov\u00e1no odd\u011blen\u00ed \u0161v\u00e9dsk\u00e9ho velvyslanectv\u00ed a o rok pozd\u011bji byl obsazen sov\u011btsk\u00fdmi voj\u00e1ky. Po skon\u010den\u00ed v\u00e1lky byla rodina Wilkins\u016f vyvlastn\u011bna. N\u00e1sledn\u011b byli v roce 1946 v z\u00e1mku ubytov\u00e1ni vys\u00eddlenci, a\u017e o dva roky pozd\u011bji zde bylo z\u0159\u00edzeno nemocni\u010dn\u00ed odd\u011blen\u00ed a mate\u0159sk\u00e1 \u0161kola. V letech 1997 a\u017e 2009 byly interi\u00e9ry i exteri\u00e9ry z\u00e1mku zrekonstruov\u00e1ny a dnes je z\u00e1mek m\u00edstem setk\u00e1v\u00e1n\u00ed pro kulturn\u00ed v\u00fdm\u011bnu. Historii budovy a z\u00e1meck\u00e9ho parku p\u0159edstav\u00ed v\u00fdstava od z\u00e1\u0159\u00ed 2022. \"V\u00fdstavn\u00edm objektem\" bude i samotn\u00fd z\u00e1mek s unik\u00e1tn\u00ed stropn\u00ed malbou Maxe Rabese, jednoho z nejuzn\u00e1van\u011bj\u0161\u00edch n\u011bmeck\u00fdch mal\u00ed\u0159\u016f sv\u00e9 doby, speci\u00e1ln\u00edmi parketami, z nich\u017e n\u011bkter\u00e9 se dochovaly v p\u016fvodn\u00edm stavu, p\u016fvodn\u00ed mo\u017enost\u00ed zatemn\u011bn\u00ed oken v tzv. emp\u00edrov\u00e9m s\u00e1le a mnoha dal\u0161\u00edmi zaj\u00edmavostmi.<\/p>\n<h3>Speci\u00e1ln\u00ed v\u00fdstavy \/ doprovodn\u00e9 nab\u00eddky<\/h3>\n<p>Hrad Hornow se pravideln\u011b st\u00e1v\u00e1 centrem kultury. Konaj\u00ed se zde koncerty, autorsk\u00e1 \u010dten\u00ed, divadlo, kabaret, kino, v\u00fdstavy a mnoho dal\u0161\u00edho. Kulturn\u00ed spolek se \u00fa\u010dastn\u00ed muzejn\u00edch noc\u00ed ve \u010dtvrti Spree-Nisa.<\/p>\n<h3>Nab\u00eddky pro d\u011bti - S Kobim do muzea<a id=\"\/erkundungen_im_schloss_hornow\"><\/a><\/h3>\n<p>Kobi - duch mal\u00e9ho domu - je v muzeu jako doma. Bydl\u00ed tam v ba\u010dkor\u00e1ch pod kamny. O p\u016flnoci odposlouch\u00e1v\u00e1 star\u00e9 muzejn\u00ed expon\u00e1ty, jak si pov\u00eddaj\u00ed o minulosti. Tyto vzru\u0161uj\u00edc\u00ed p\u0159\u00edb\u011bhy vypr\u00e1v\u00ed pracovn\u00edk\u016fm muzea, kte\u0159\u00ed je pak p\u0159ed\u00e1vaj\u00ed d\u011btem - p\u0159\u00edb\u011bhy ze star\u00fdch, d\u00e1vn\u00fdch \u010das\u016f.<\/p>\n<p class=\"entry-title post-title\"><a href=\"#kinderangebot_hornow\">Kobi nab\u00edz\u00ed:<\/a><\/p>\n<h5>Prohl\u00eddka hradu<\/h5>\n<div data-post-id='erkundungen-im-schloss-hornow' class='insert-page insert-page-erkundungen-im-schloss-hornow'>\t\t\t\t\t<p>Na hrad\u011b Hornow se d\u011bti mohou vydat na objevitelskou cestu a prozkoumat skryt\u00e9 poklady a tajemstv\u00ed hradu.<br \/>\nPro d\u011bti ve v\u011bku 5 a\u017e 9 let je p\u0159ipravena kr\u00e1tk\u00e1 p\u00e1trac\u00ed hra, kter\u00e1 je nejen z\u00e1bavn\u00e1, ale tak\u00e9 nau\u010dn\u00e1, proto\u017ee p\u0159ibli\u017euje historii hradu a jeho obyvatel.<br \/>\nC\u00edlem hry pro d\u011bti a ml\u00e1de\u017e od 10 let je naj\u00edt odpov\u011b\u010f na k\u0159\u00ed\u017eovku o hradu.<br \/>\nNa z\u00e1v\u011br ka\u017ed\u00fd obdr\u017e\u00ed certifik\u00e1t a mal\u00e9 p\u0159ekvapen\u00ed!<br \/>\nProgram prob\u00edh\u00e1 v interi\u00e9ru a mohou ho vyu\u017e\u00edt i \u0161koln\u00ed t\u0159\u00eddy.<br \/>\nTerm\u00edny: dle dohody<br \/>\nP\u0159edb\u011b\u017en\u00e1 rezervace: 2 t\u00fddny p\u0159edem<br \/>\nDoba trv\u00e1n\u00ed<br \/>\nHonba za pokladem: cca 25 a\u017e 30 minut (podle toho, jak rychle d\u011bti hru vy\u0159e\u0161\u00ed).<br \/>\nHradn\u00ed k\u0159\u00ed\u017eovka: cca 35 a\u017e 50 minut (podle toho, jak rychle d\u011bti a mlad\u00ed lid\u00e9 lu\u0161t\u00ed k\u0159\u00ed\u017eovku).<br \/>\nVelikost skupiny<br \/>\nHon na mrcho\u017erouty: a\u017e 5 osob<br \/>\nHradn\u00ed k\u0159\u00ed\u017eovka: a\u017e pro 20 osob<br \/>\nN\u00e1klady: Program je zdarma. Organizace v\u0161ak r\u00e1da p\u0159ijme dary.<\/p>\n<p><a title=\"Hrad Hornow \/ grod L\u011b\u0161\u0107e\" href=\"\/museen\/schloss-hornow-grod-lesce\/\">Hrad Hornow<\/a><\/p>\n\t\t\t\t\t<\/div>\n<h3><\/h3>","protected":false},"excerpt":{"rendered":"<p>Pam\u00e1tkov\u011b chr\u00e1n\u011bn\u00fd z\u00e1mek s pohnutou histori\u00ed Stavba\/pozemek Z\u00e1mek Hornow z\u00edskal svou sou\u010dasnou podobu v roce 1862, kdy byl p\u0159estav\u011bn na honosn\u00e9 s\u00eddlo rodiny Wilkins\u016f. Nalezen\u00e9 pl\u00e1ny p\u0159estavby z roku 1790 dokazuj\u00ed, \u017ee \u010d\u00e1sti z\u00e1mku jsou podstatn\u011b star\u0161\u00ed. Reprezentativn\u00ed \u0159e\u0161en\u00ed p\u016fdorysu i vn\u011bj\u0161\u00ed fas\u00e1dy nazna\u010duj\u00ed<\/p>","protected":false},"author":13,"featured_media":0,"parent":113,"menu_order":0,"comment_status":"closed","ping_status":"closed","template":"","meta":[],"_links":{"self":[{"href":"http:\/\/www.lausitzer-museenland.de\/cs\/wp-json\/wp\/v2\/pages\/53796"}],"collection":[{"href":"http:\/\/www.lausitzer-museenland.de\/cs\/wp-json\/wp\/v2\/pages"}],"about":[{"href":"http:\/\/www.lausitzer-museenland.de\/cs\/wp-json\/wp\/v2\/types\/page"}],"author":[{"embeddable":true,"href":"http:\/\/www.lausitzer-museenland.de\/cs\/wp-json\/wp\/v2\/users\/13"}],"replies":[{"embeddable":true,"href":"http:\/\/www.lausitzer-museenland.de\/cs\/wp-json\/wp\/v2\/comments?post=53796"}],"version-history":[{"count":14,"href":"http:\/\/www.lausitzer-museenland.de\/cs\/wp-json\/wp\/v2\/pages\/53796\/revisions"}],"predecessor-version":[{"id":55276,"href":"http:\/\/www.lausitzer-museenland.de\/cs\/wp-json\/wp\/v2\/pages\/53796\/revisions\/55276"}],"up":[{"embeddable":true,"href":"http:\/\/www.lausitzer-museenland.de\/cs\/wp-json\/wp\/v2\/pages\/113"}],"wp:attachment":[{"href":"http:\/\/www.lausitzer-museenland.de\/cs\/wp-json\/wp\/v2\/media?parent=53796"}],"curies":[{"name":"wp","href":"https:\/\/api.w.org\/{rel}","templated":true}]}}