{"id":597,"date":"2014-11-14T17:04:38","date_gmt":"2014-11-14T16:04:38","guid":{"rendered":"http:\/\/lausitzer-museenland.de\/?page_id=597"},"modified":"2022-06-10T13:14:12","modified_gmt":"2022-06-10T11:14:12","slug":"partner","status":"publish","type":"page","link":"http:\/\/www.lausitzer-museenland.de\/cs\/sluzba\/partner\/","title":{"rendered":"Partner"},"content":{"rendered":"<p><a href=\"https:\/\/www.lausitzer-museenland.de\/wp-content\/uploads\/2014\/11\/partner.jpg\"><img loading=\"lazy\" class=\"enigma_img_responsive alignnone wp-image-1420\" src=\"https:\/\/www.lausitzer-museenland.de\/wp-content\/uploads\/2014\/11\/partner.jpg\" alt=\"partner\" width=\"800\" height=\"398\" srcset=\"https:\/\/www.lausitzer-museenland.de\/wp-content\/uploads\/2014\/11\/partner.jpg 402w, https:\/\/www.lausitzer-museenland.de\/wp-content\/uploads\/2014\/11\/partner-300x149.jpg 300w, https:\/\/www.lausitzer-museenland.de\/wp-content\/uploads\/2014\/11\/partner-100x49.jpg 100w, https:\/\/www.lausitzer-museenland.de\/wp-content\/uploads\/2014\/11\/partner-150x74.jpg 150w, https:\/\/www.lausitzer-museenland.de\/wp-content\/uploads\/2014\/11\/partner-200x99.jpg 200w\" sizes=\"(max-width: 800px) 100vw, 800px\" \/><\/a>Spole\u010dn\u011b za kulturu<\/p>\n<p>Ka\u017ed\u00fd projekt \u017eije z lid\u00ed, kte\u0159\u00ed jsou pro n\u011bj nad\u0161eni. Lid\u00e9, kte\u0159\u00ed se v\u011bnuj\u00ed kultu\u0159e a muze\u00edm. Najdeme je zejm\u00e9na v muzejn\u00edch instituc\u00edch, ve st\u00e1tn\u00ed spr\u00e1v\u011b, u sponzor\u016f, v r\u016fzn\u00fdch podnic\u00edch soukrom\u00e9ho sektoru a v m\u00e9di\u00edch.<\/p>\n<p>R\u00e1di bychom jim touto cestou pod\u011bkovali za jejich odvahu, v\u016fli a nasazen\u00ed!<\/p>\n<p>&nbsp;<\/p>\n<h3>Partner:<\/h3>\n<p><a title=\"Evropsk\u00fd soci\u00e1ln\u00ed fond\" href=\"http:\/\/www.ec.europa.eu\/\" target=\"_blank\" rel=\"noopener\">Evropsk\u00fd soci\u00e1ln\u00ed fond ESF<\/a><\/p>\n<p><a title=\"Spolkov\u00e1 zem\u011b Braniborsko\" href=\"http:\/\/www.brandenburg.de\/\" target=\"_blank\" rel=\"noopener\">Spolkov\u00e1 zem\u011b Braniborsko<\/a><\/p>\n<p><a title=\"Okres Spree-Nei\u00dfe\" href=\"http:\/\/www.lkspn.de\/\" target=\"_blank\" rel=\"noopener\">Okres Spree-Nei\u00dfe<\/a><\/p>\n<p><a title=\"\u017eidle\" href=\"http:\/\/www.chairlines.de\/\" target=\"_blank\" rel=\"noopener\">medi\u00e1ln\u00ed agentura chairlines<\/a><\/p>","protected":false},"excerpt":{"rendered":"<p>Spole\u010dn\u011b za kulturu Ka\u017ed\u00fd projekt \u017eije z lid\u00ed, kte\u0159\u00ed jsou pro n\u011bj nad\u0161en\u00ed. Lid\u00e9, kte\u0159\u00ed se v\u011bnuj\u00ed kultu\u0159e a muze\u00edm. Najdeme je zejm\u00e9na v muzejn\u00edch instituc\u00edch, ve st\u00e1tn\u00ed spr\u00e1v\u011b, mezi sponzory, v r\u016fzn\u00fdch podnic\u00edch soukrom\u00e9ho sektoru a v m\u00e9di\u00edch. R\u00e1di bychom jim touto cestou pod\u011bkovali za jejich odvahu, v\u016fli a nasazen\u00ed!<\/p>","protected":false},"author":13,"featured_media":0,"parent":281,"menu_order":0,"comment_status":"closed","ping_status":"closed","template":"","meta":[],"_links":{"self":[{"href":"http:\/\/www.lausitzer-museenland.de\/cs\/wp-json\/wp\/v2\/pages\/597"}],"collection":[{"href":"http:\/\/www.lausitzer-museenland.de\/cs\/wp-json\/wp\/v2\/pages"}],"about":[{"href":"http:\/\/www.lausitzer-museenland.de\/cs\/wp-json\/wp\/v2\/types\/page"}],"author":[{"embeddable":true,"href":"http:\/\/www.lausitzer-museenland.de\/cs\/wp-json\/wp\/v2\/users\/13"}],"replies":[{"embeddable":true,"href":"http:\/\/www.lausitzer-museenland.de\/cs\/wp-json\/wp\/v2\/comments?post=597"}],"version-history":[{"count":12,"href":"http:\/\/www.lausitzer-museenland.de\/cs\/wp-json\/wp\/v2\/pages\/597\/revisions"}],"predecessor-version":[{"id":54049,"href":"http:\/\/www.lausitzer-museenland.de\/cs\/wp-json\/wp\/v2\/pages\/597\/revisions\/54049"}],"up":[{"embeddable":true,"href":"http:\/\/www.lausitzer-museenland.de\/cs\/wp-json\/wp\/v2\/pages\/281"}],"wp:attachment":[{"href":"http:\/\/www.lausitzer-museenland.de\/cs\/wp-json\/wp\/v2\/media?parent=597"}],"curies":[{"name":"wp","href":"https:\/\/api.w.org\/{rel}","templated":true}]}}