{"id":135,"date":"2014-11-05T16:59:10","date_gmt":"2014-11-05T15:59:10","guid":{"rendered":"http:\/\/lausitzer-museenland.de\/?page_id=135"},"modified":"2023-11-30T13:03:06","modified_gmt":"2023-11-30T12:03:06","slug":"dorfmuseum-sacro","status":"publish","type":"page","link":"http:\/\/www.lausitzer-museenland.de\/dsb\/museen\/dorfmuseum-sacro\/","title":{"rendered":"Dorfmuseum Sacro \/ Wejsny muzej Zakrjow"},"content":{"rendered":"<p><a href=\"#galerie_sacro\">Galeria<\/a> |\u00a0<a href=\"#austellungen_sacro\">Ausstellungen<\/a>\u00a0| \u00a0<a href=\"#kinderangebot_sacro\">Oferty dla dzieci<\/a><a href=\"#kinderangebot_am_proschim\"><img loading=\"lazy\" class=\"enigma_img_responsive alignnone wp-image-1246\" src=\"https:\/\/www.lausitzer-museenland.de\/wp-content\/uploads\/2014\/11\/12.jpg\" alt=\"1\" width=\"800\" height=\"398\" srcset=\"https:\/\/www.lausitzer-museenland.de\/wp-content\/uploads\/2014\/11\/12.jpg 402w, https:\/\/www.lausitzer-museenland.de\/wp-content\/uploads\/2014\/11\/12-300x149.jpg 300w, https:\/\/www.lausitzer-museenland.de\/wp-content\/uploads\/2014\/11\/12-100x49.jpg 100w, https:\/\/www.lausitzer-museenland.de\/wp-content\/uploads\/2014\/11\/12-150x74.jpg 150w, https:\/\/www.lausitzer-museenland.de\/wp-content\/uploads\/2014\/11\/12-200x99.jpg 200w\" sizes=\"(max-width: 800px) 100vw, 800px\" \/><\/a><\/p>\n<\/p>\n<p>Wejsny muzej z wop\u015bimje\u015bowym zap\u015b\u011bgnjenim susednych gmejnow<\/p>\n<p>Wejsny muzej Zakrjow jo w n\u011bgaj\u0161nem bydle\u0144skem domje p\u015bichodneju starjej\u0161eju Reinharda Natuscha. W jadnoeta\u017eowem domje ze sed\u0142owym k\u0161ywom se jadna w\u00f3 ju\u017eo masiwnje murjony burski dom, z p\u00f3k\u00f3\u0144com do jsy na tegdej\u0161em t\u015bibocnem dw\u00f3rje.<\/p>\n<p>Zb\u011braju se, p\u015bedew\u0161ym p\u015bez wejsnego chronista Reinharda Natuscha, znanki w\u0161ednego wejsnego dnja w po\u0142nocnych \u017a\u011blach Bar\u0161\u0107a (\u0141u\u017eyca), p\u015bi tom su wuraznje teke jsy na drugem boku Nyse do zb\u011bra\u0144skich a p\u015bepytowa\u0144skich aktiwitow zap\u015b\u011bgnjone. W domje jo p\u011b\u015b rumow za wustaje\u0144ske zam\u011bry p\u015big\u00f3towanych, p\u015bi tom jo se zak\u0142adna struktura zd\u017aar\u017ea\u0142a, co\u017e dajo w\u00f3sebnje kuchni n\u011bco awtentiskego. Mamy how ludow\u011bdnu zb\u011brku, k\u00f3tara\u017e njezamjelca sw\u00f3je zwiski k serbskim stawiznam.<\/p>\n<p>\n<p><strong>Dorfmuseum unter inhaltlicher Einbeziehung von Nachbargemeinden<\/strong><\/p>\n<h2><\/h2>\n<h3>-<\/h3>\n<div>Das Dorfmuseum Sacro befindet sich im ehemaligen Wohnhaus der Schwiegereltern Reinhard Natuschs. Bei dem einst\u00f6ckigen Wohnhaus mit Satteldach handelt es sich um ein bereits massiv gemauertes Bauernhaus, giebelst\u00e4ndig zur Dorfstra\u00dfe auf einem einstigen Drei-Seiten-Hof.<\/div>\n<div><\/div>\n<h3>-<\/h3>\n<div>Gesammelt wurden und werden vor allem durch den Ortschronisten Reinhard Natusch Zeugnisse d\u00f6rflichen Alltags in den n\u00f6rdlichen Ortsteilen von Forst (Lausitz), wobei ausdr\u00fccklich die \u00f6stlich der Nei\u00dfe gelegenen D\u00f6rfer in Sammel- und Untersuchungsbestrebungen einbezogen sind. Interessant ist ein Fundus von historischen Originalfotografien aus den umliegenden D\u00f6rfern. Im Haus sind f\u00fcnf R\u00e4ume f\u00fcr Ausstellungszwecke hergerichtet, wobei die Grundstruktur gr\u00f6\u00dftenteils erhalten blieb, was insbesondere der K\u00fcche gewisse Authentizit\u00e4t verleiht. Wir haben hier also eine volkskundliche Sammlung, die besonders ihre Bez\u00fcge zur sorbischen \/ wendischen Geschichte herzustellen sucht.<\/div>\n<div><\/div>\n<h3>-<a id=\"austellungen_sacro\"><\/a><\/h3>\n<div>Es laufen 2 Sonderausstellungen im Jahr. Thematisch suchen sie regionale Bez\u00fcge und flankieren das Ansinnen der Dauerausstellung.<\/div>\n<div>\n<p>Gelegentlich stehen Veranstaltungen, wie Vortr\u00e4ge und Diskussionen auf dem Programm.<\/p>\n<p>Gr\u00f6\u00dfere Aktionen werden zum wiederbelebten \u201eDorffest &#8211; Sacro\u201c veranstaltet.<\/p>\n<\/div>\n<h3>Angebote f\u00fcr Kinder &#8211; Mit Kobi ins Museum<a id=\"kinderangebot_sacro\"><\/a><\/h3>\n<div>\n<p align=\"left\">Kobi \u2013 der kleine Hausgeist \u2013 ist im Museum zu Hause.\u00a0Dort wohnt er im Pantoffel unterm Ofen. Um Mitternacht belauscht er die alten Museumsst\u00fccke, wenn sie von fr\u00fcher erz\u00e4hlen.Diese spannenden Geschichten plaudert er an die Museumsmitarbeiter aus, und diese erz\u00e4hlen sie den Kindern weiter \u2013 Begebenheiten aus alter, alter Zeit.<\/p>\n<p class=\"entry-title post-title\">Kobiangebote:<\/p>\n<h5>Auf den Spuren von sorbischen\/ wendischen Br\u00e4uchen<\/h5>\n<div data-post-id='auf-den-spuren' class='insert-page insert-page-auf-den-spuren'>\t\t\t\t\t<p>Im Dorfmuseum sind Zeugnisse des Alltags zusammengetragen, die die d\u00f6rfliche Lebenweise in den Gemeinden n\u00f6rdlich von Forst und \u00f6stlich der Nei\u00dfe dokumentieren. Die volkskundliche Sammlung stellt besonders die Bez\u00fcge zur sorbischen\/wendischen Geschichte her. Interessant ist ein Fundus von historischen Originalfotografien aus den umliegenden D\u00f6rfern. Im Obergeschoss des Museums, welches sich als Fachwerkbau pr\u00e4sentiert, k\u00f6nnen eine Schlafstube aus dem Jahre 1900 sowie Festtagstrachten von Mann und Frau von 1805 besichtigt werden. Ein Streifzug durch das Obergeschoss, in dem Schulhefte von 1805, B\u00fccher von 1850 und eine historische Schultafel ausgestellt werden, erm\u00f6glicht Einblicke in die preu\u00dfische Volksschule.<\/p>\n<p>Das Angebot findet indoor statt und richtet sich an Sch\u00fcler<br \/>\nder Klassen 1 bis 10.<br \/>\nTermine: nach Absprache<br \/>\nVoranmeldung: mindestens 2 Wochen vorher<\/p>\n<p><a title=\"Dorfmuseum Sacro \/ Wejsny muzej Zakrjow\" href=\"\/museen\/dorfmuseum-sacro\/\">Dorfmuseum Sacro<\/a><\/p>\n\t\t\t\t\t<\/div>\n<h3><\/h3>\n<p>&nbsp;<\/p>\n<h3>Galeria<a id=\"galerie_sacro\"><\/a><\/h3>\n<div id=\"envira-gallery-wrap-135\" class=\"envira-gallery-wrap envira-gallery-theme-base envira-lightbox-theme-base\" itemscope itemtype=\"https:\/\/schema.org\/ImageGallery\"><div data-row-height=\"\" data-gallery-theme=\"\" id=\"envira-gallery-135\" class=\"envira-gallery-public  envira-gallery-3-columns envira-clear enviratope envira-gallery-css-animations\" data-envira-columns=\"3\"><div id=\"envira-gallery-item-1343\" class=\"envira-gallery-item enviratope-item envira-gallery-item-1\" style=\"padding-left: 5px; padding-bottom: 10px; padding-right: 5px;\"  itemscope itemtype=\"https:\/\/schema.org\/ImageObject\"><div class=\"envira-gallery-item-inner\"><div class=\"envira-gallery-position-overlay  envira-gallery-top-left\"><\/div><div class=\"envira-gallery-position-overlay  envira-gallery-top-right\"><\/div><div class=\"envira-gallery-position-overlay  envira-gallery-bottom-left\"><\/div><div class=\"envira-gallery-position-overlay  envira-gallery-bottom-right\"><\/div><a href=\"https:\/\/www.lausitzer-museenland.de\/wp-content\/uploads\/2014\/11\/134.jpg\" class=\"envira-gallery-135 envira-gallery-link\" rel=\"enviragallery135\" title=\"Dorfmuseum Sacro\" data-envira-caption=\"Dorfmuseum Sacro\" data-envira-retina=\"\" data-thumbnail=\"\"  itemprop=\"contentUrl\"><div class=\"envira-lazy\" data-test-width=\"960\" data-test-height=\"300\" style=\"padding-bottom:31.25%;\"><img id=\"envira-gallery-image-1343\" class=\"envira-gallery-image envira-gallery-image-1\" data-envira-index=\"1\" src=\"https:\/\/www.lausitzer-museenland.de\/wp-content\/uploads\/2014\/11\/134.jpg\" data-envira-src=\"https:\/\/www.lausitzer-museenland.de\/wp-content\/uploads\/2014\/11\/134.jpg\" data-envira-gallery-id=\"135\" data-envira-item-id=\"1343\" data-envira-caption=\"Dorfmuseum Sacro\" alt=\"\" title=\"Dorfmuseum Sacro\"  itemprop=\"thumbnailUrl\" data-envira-srcset=\"https:\/\/www.lausitzer-museenland.de\/wp-content\/uploads\/2014\/11\/134.jpg 400w,https:\/\/www.lausitzer-museenland.de\/wp-content\/uploads\/2014\/11\/134.jpg 2x\" srcset=\"data:image\/gif;base64,R0lGODlhAQABAIAAAP\/\/\/\/\/\/\/yH5BAEKAAEALAAAAAABAAEAAAICTAEAOw==\" \/><\/div><\/a><\/div><\/div><div id=\"envira-gallery-item-1344\" class=\"envira-gallery-item enviratope-item envira-gallery-item-2\" style=\"padding-left: 5px; padding-bottom: 10px; padding-right: 5px;\"  itemscope itemtype=\"https:\/\/schema.org\/ImageObject\"><div class=\"envira-gallery-item-inner\"><div class=\"envira-gallery-position-overlay  envira-gallery-top-left\"><\/div><div class=\"envira-gallery-position-overlay  envira-gallery-top-right\"><\/div><div class=\"envira-gallery-position-overlay  envira-gallery-bottom-left\"><\/div><div class=\"envira-gallery-position-overlay  envira-gallery-bottom-right\"><\/div><a href=\"https:\/\/www.lausitzer-museenland.de\/wp-content\/uploads\/2014\/11\/22.jpg\" class=\"envira-gallery-135 envira-gallery-link\" rel=\"enviragallery135\" title=\"Dorfmuseum Sacro\" data-envira-caption=\"Dorfmuseum Sacro\" data-envira-retina=\"\" data-thumbnail=\"\"  itemprop=\"contentUrl\"><div class=\"envira-lazy\" data-test-width=\"960\" data-test-height=\"300\" style=\"padding-bottom:31.25%;\"><img id=\"envira-gallery-image-1344\" class=\"envira-gallery-image envira-gallery-image-2\" data-envira-index=\"2\" src=\"https:\/\/www.lausitzer-museenland.de\/wp-content\/uploads\/2014\/11\/22.jpg\" data-envira-src=\"https:\/\/www.lausitzer-museenland.de\/wp-content\/uploads\/2014\/11\/22.jpg\" data-envira-gallery-id=\"135\" data-envira-item-id=\"1344\" data-envira-caption=\"Dorfmuseum Sacro\" alt=\"\" title=\"Dorfmuseum Sacro\"  itemprop=\"thumbnailUrl\" data-envira-srcset=\"https:\/\/www.lausitzer-museenland.de\/wp-content\/uploads\/2014\/11\/22.jpg 400w,https:\/\/www.lausitzer-museenland.de\/wp-content\/uploads\/2014\/11\/22.jpg 2x\" srcset=\"data:image\/gif;base64,R0lGODlhAQABAIAAAP\/\/\/\/\/\/\/yH5BAEKAAEALAAAAAABAAEAAAICTAEAOw==\" \/><\/div><\/a><\/div><\/div><div id=\"envira-gallery-item-1345\" class=\"envira-gallery-item enviratope-item envira-gallery-item-3\" style=\"padding-left: 5px; padding-bottom: 10px; padding-right: 5px;\"  itemscope itemtype=\"https:\/\/schema.org\/ImageObject\"><div class=\"envira-gallery-item-inner\"><div class=\"envira-gallery-position-overlay  envira-gallery-top-left\"><\/div><div class=\"envira-gallery-position-overlay  envira-gallery-top-right\"><\/div><div class=\"envira-gallery-position-overlay  envira-gallery-bottom-left\"><\/div><div class=\"envira-gallery-position-overlay  envira-gallery-bottom-right\"><\/div><a href=\"https:\/\/www.lausitzer-museenland.de\/wp-content\/uploads\/2014\/11\/32.jpg\" class=\"envira-gallery-135 envira-gallery-link\" rel=\"enviragallery135\" title=\"Dorfmuseum Sacro\" data-envira-caption=\"Dorfmuseum Sacro\" data-envira-retina=\"\" data-thumbnail=\"\"  itemprop=\"contentUrl\"><div class=\"envira-lazy\" data-test-width=\"960\" data-test-height=\"300\" style=\"padding-bottom:31.25%;\"><img id=\"envira-gallery-image-1345\" class=\"envira-gallery-image envira-gallery-image-3\" data-envira-index=\"3\" src=\"https:\/\/www.lausitzer-museenland.de\/wp-content\/uploads\/2014\/11\/32.jpg\" data-envira-src=\"https:\/\/www.lausitzer-museenland.de\/wp-content\/uploads\/2014\/11\/32.jpg\" data-envira-gallery-id=\"135\" data-envira-item-id=\"1345\" data-envira-caption=\"Dorfmuseum Sacro\" alt=\"\" title=\"Dorfmuseum Sacro\"  itemprop=\"thumbnailUrl\" data-envira-srcset=\"https:\/\/www.lausitzer-museenland.de\/wp-content\/uploads\/2014\/11\/32.jpg 400w,https:\/\/www.lausitzer-museenland.de\/wp-content\/uploads\/2014\/11\/32.jpg 2x\" srcset=\"data:image\/gif;base64,R0lGODlhAQABAIAAAP\/\/\/\/\/\/\/yH5BAEKAAEALAAAAAABAAEAAAICTAEAOw==\" \/><\/div><\/a><\/div><\/div><\/div><\/div><noscript><img src=\"https:\/\/www.lausitzer-museenland.de\/wp-content\/uploads\/2014\/11\/134.jpg\" alt=\"\" \/><img src=\"https:\/\/www.lausitzer-museenland.de\/wp-content\/uploads\/2014\/11\/22.jpg\" alt=\"\" \/><img src=\"https:\/\/www.lausitzer-museenland.de\/wp-content\/uploads\/2014\/11\/32.jpg\" alt=\"\" \/><\/noscript>\n<\/div>","protected":false},"excerpt":{"rendered":"<p>Galerie |\u00a0Ausstellungen\u00a0| \u00a0Angebote f\u00fcr Kinder Dorfmuseum unter inhaltlicher Einbeziehung von Nachbargemeinden Geb\u00e4ude- \/ Grundst\u00fcckssituation Das Dorfmuseum Sacro befindet sich im ehemaligen Wohnhaus der Schwiegereltern Reinhard Natuschs. Bei dem einst\u00f6ckigen Wohnhaus mit Satteldach handelt es sich um ein bereits massiv gemauertes Bauernhaus, giebelst\u00e4ndig zur Dorfstra\u00dfe auf einem einstigen Drei-Seiten-Hof. Charakteristik Gesammelt wurden und werden vor allem<\/p>","protected":false},"author":13,"featured_media":0,"parent":113,"menu_order":0,"comment_status":"closed","ping_status":"closed","template":"","meta":[],"_links":{"self":[{"href":"http:\/\/www.lausitzer-museenland.de\/dsb\/wp-json\/wp\/v2\/pages\/135"}],"collection":[{"href":"http:\/\/www.lausitzer-museenland.de\/dsb\/wp-json\/wp\/v2\/pages"}],"about":[{"href":"http:\/\/www.lausitzer-museenland.de\/dsb\/wp-json\/wp\/v2\/types\/page"}],"author":[{"embeddable":true,"href":"http:\/\/www.lausitzer-museenland.de\/dsb\/wp-json\/wp\/v2\/users\/13"}],"replies":[{"embeddable":true,"href":"http:\/\/www.lausitzer-museenland.de\/dsb\/wp-json\/wp\/v2\/comments?post=135"}],"version-history":[{"count":14,"href":"http:\/\/www.lausitzer-museenland.de\/dsb\/wp-json\/wp\/v2\/pages\/135\/revisions"}],"predecessor-version":[{"id":53893,"href":"http:\/\/www.lausitzer-museenland.de\/dsb\/wp-json\/wp\/v2\/pages\/135\/revisions\/53893"}],"up":[{"embeddable":true,"href":"http:\/\/www.lausitzer-museenland.de\/dsb\/wp-json\/wp\/v2\/pages\/113"}],"wp:attachment":[{"href":"http:\/\/www.lausitzer-museenland.de\/dsb\/wp-json\/wp\/v2\/media?parent=135"}],"curies":[{"name":"wp","href":"https:\/\/api.w.org\/{rel}","templated":true}]}}