{"id":158,"date":"2014-11-05T17:17:04","date_gmt":"2014-11-05T16:17:04","guid":{"rendered":"http:\/\/lausitzer-museenland.de\/?page_id=158"},"modified":"2022-05-31T07:35:07","modified_gmt":"2022-05-31T05:35:07","slug":"flugplatzmuseum-welzow","status":"publish","type":"page","link":"http:\/\/www.lausitzer-museenland.de\/dsb\/museen\/flugplatzmuseum-welzow\/","title":{"rendered":"Flugplatzmuseum Welzow \/ L\u011btani\u0161\u0107owy muzej Wjelcej"},"content":{"rendered":"<p><a href=\"#galerie_flugplatz_welzow\">Galeria<\/a> |\u00a0<a href=\"#austellungen_flugplatz_welzow\">Ausstellungen<\/a>\u00a0| \u00a0<a href=\"#kinderangebot_flugplatz_welzow\">Oferty dla dzieci<\/a><a href=\"https:\/\/www.lausitzer-museenland.de\/wp-content\/uploads\/2014\/11\/Welzow-7.png\"><img loading=\"lazy\" class=\"aligncenter size-full wp-image-6164\" src=\"https:\/\/www.lausitzer-museenland.de\/wp-content\/uploads\/2014\/11\/Welzow-7.png\" alt=\"Welzow-7\" width=\"750\" height=\"562\" srcset=\"https:\/\/www.lausitzer-museenland.de\/wp-content\/uploads\/2014\/11\/Welzow-7.png 750w, https:\/\/www.lausitzer-museenland.de\/wp-content\/uploads\/2014\/11\/Welzow-7-300x225.png 300w\" sizes=\"(max-width: 750px) 100vw, 750px\" \/><\/a><\/p>\n<\/p>\n<p>Specialny muzej ze zb\u011brku k socialnym a kulturnym stawiznam m\u011bstna<\/p>\n<p>Twarjenje, w k\u00f3tarem\u017e jo \u017ainsa l\u011btani\u0161\u0107owy muzej, jo s\u0142u\u0161a\u0142o k wjelikemu kompleksoju n\u011bgaj\u0161nych militariskich gruntow kasernow, bydle\u0144skich domow a \u201ctowari\u0161nostnych\u201d zar\u011bdowanjow, g\u00f3spoda\u0155skich a techniskich twarjenjow. Masiwne twarjenje \u017a\u011b\u0142a\u0155nje njejo se nap\u015be\u015biwo drugim w\u00f3tterga\u0142o a jo se w\u00f3t m\u00f3larjow p\u00f3r\u011b\u017ai\u0142o.<\/p>\n<p>L\u011btani\u0161\u0107owy muzej Wjelcej ma cil, stawizny wu\u017eywanja l\u011btani\u0161\u0107a we w\u0161akorakich dobach dokument\u011browa\u015b. N\u011bkotare sta eksemplarow, w\u00f3sebnje z casa II. sw\u011btoweje w\u00f3jny a teke wu\u017eywanje m\u011bstna p\u015bez Sowjetsku armeju, znagl\u011bdnjaju stawizny l\u011btani\u0161\u0107a Wjelcej w\u00f3t 1927 ako ciwilne l\u011btani\u0161\u0107o, w\u00f3t 1935 a\u017e do 1945 ako wukub\u0142a\u0144ske a s\u0142u\u017ebne l\u011btani\u0161\u0107o Nimskeje Wehrmachty a w\u00f3t 1945 ako militarne l\u011btani\u0161\u0107o za sowjetske w\u00f3jsko. Muzej prezent\u011brujo tak we 8 rumnos\u0107ach, k\u00f3tare\u017e su na case a temy p\u00f3\u015b\u011bgnjone, wuwi\u015be l\u011btani\u0161\u0107a p\u00f3d zap\u015b\u011bgnjenim l\u011bta\u0155stwoweje techniki. Styri rumnos\u0107i ze w\u0161akorakimi wustaje\u0144skimi eksponatami se wobstaraju p\u015bez \u201cL\u011btani\u0161\u0107owe wobg\u00f3spodarje\u0144ske towaristwo mbH\u201d. Styri dal\u0161ne rumnos\u0107i su w zagronitos\u0107i \u201cSl\u011b\u017aenje za zgubjonymi Nimska z. t.\u201d, k\u00f3tare\u017e w\u00f3sebnje l\u011bta\u0155stwowu techniku z casa II. sw\u011btoweje w\u00f3jny dokument\u011brujo. Cynitos\u0107i wustaje\u0144ce se wobro\u015buju nic nasl\u011bdku na zajm wobydlarjow wokoliny, jich \u017eywjenje jo se pregowa\u0142o d\u0142ujki cas p\u015bez intensiwne wu\u017eywanje l\u011btani\u0161\u0107a.<\/p>\n<p>\n<p><strong>Spezialmuseum mit Sammlung zur Sozial- und Kulturgeschichte des Standortes<\/strong><\/p>\n<h3>-<\/h3>\n<div>Das Geb\u00e4ude, in dem heute das Flugplatzmuseum untergebracht ist, geh\u00f6rte zu dem gro\u00dfen Komplex der einstigen milit\u00e4rischen Liegenschaft von Kasernen, Wohnh\u00e4usern und \u201egesellschaftlichen\u201c Einrichtungen, Wirtschafts- und Technikgeb\u00e4uden. Das massive ehemalige Werkstattgeb\u00e4ude wurde vom R\u00fcckbau ausgenommen und malerm\u00e4\u00dfig instand gesetzt.<\/div>\n<h3>-<\/h3>\n<div>Das Flugplatzmuseum hat zum Ziel, die Geschichte der Flugplatznutzung in verschiedenen Epochen zu dokumentieren. Hunderte Exponate, vorrangig aus der Zeit des II. Weltkrieges, sowie der Nutzung des Platzes durch die Sowjetarmee, verdeutlichen die Geschichte des Flugplatzes Welzow ab 1927 als Zivilflugplatz, von 1935 bis 1945 als Ausbildungs- und Einsatzflugplatz der Deutschen Wehrmacht und ab 1945 als Milit\u00e4rflugplatz f\u00fcr die sowjetischen Truppen. Das Museum pr\u00e4sentiert damit in acht zeit- und themenbezogenen R\u00e4umen die Flugplatzentwicklung unter Einbeziehung der Luftfahrttechnik. Vier R\u00e4ume werden durch die Flugplatzbetriebsgesellschaft Welzow mbH mit den verschiedensten Ausstellungsst\u00fccken zur Platznutzung von 1927 bis 1993 betreut. Vier weitere R\u00e4ume liegen in der Verantwortung der Vermisstenforschung Deutschland e.V., die im Besonderen Luftfahrttechnik aus der Zeit des II. Weltkrieges dokumentiert. Die Ausstellungst\u00e4tigkeit richtet sich nicht zuletzt an das Interesse der Bev\u00f6lkerung der Umgebung, deren Leben \u00fcber einen gro\u00dfen Zeitraum von der intensiven Nutzung des Flugplatzes gepr\u00e4gt war.<\/div>\n<h3>-<a id=\"austellungen_flugplatz_welzow\"><\/a><\/h3>\n<div>Sonderausstellungen sind derzeit nicht geplant.<\/div>\n<div>Der konzeptionelle Ansatz der Flugplatzbetriebsgesellschaft Welzow mbH sieht in der Nutzung des Verkehrslandeplatzes Spremberg-Welzow eine Verbindung von gewerblicher Ansiedlung, flugtechnischer Auslastung und regionalem Freizeitangebot, zu dem neben dem Museum zahlreiche auf dem Gel\u00e4nde angesiedelte Vereine, Feste und Gastronomie geh\u00f6ren, z. B.:<\/div>\n<div>\n<ul>\n<li>Flugplatzfest<\/li>\n<li>Nachtflugaktion<\/li>\n<li>\u00a0Museumsnacht im Landkreis Spree-Nei\u00dfe<\/li>\n<li>buchbare Kombiangebote f\u00fcr Gruppen (Museum, Feier, Rundflug)<\/li>\n<li>Kooperation mit Angeboten der Vereine<\/li>\n<li>Radwanderweg (Verbindung zwischen den Landkreisen Spree-Nei\u00dfe und Oberspreewald-Lausitz)<\/li>\n<\/ul>\n<\/div>\n<h4>Angebote f\u00fcr Kinder &#8211; Mit Kobi ins Museum<a id=\"kinderangebot_flugplatz_welzow\"><\/a><\/h4>\n<p>Kobi \u2013 der kleine Hausgeist \u2013 ist im Museum zu Hause.\u00a0Dort wohnt er im Pantoffel unterm Ofen. Um Mitternacht belauscht er die alten Museumsst\u00fccke, wenn sie von fr\u00fcher erz\u00e4hlen.Diese spannenden Geschichten plaudert er an die Museumsmitarbeiter aus, und diese erz\u00e4hlen sie den Kindern weiter \u2013 Begebenheiten aus alter, alter Zeit.<\/p>\n<p>Kobi-Angebote:<\/p>\n<div>\n<h5>\u00a0Flugplatzgeschichte von Welzow<\/h5>\n<div data-post-id='flugplatzgeschichte-von-welzow' class='insert-page insert-page-flugplatzgeschichte-von-welzow'>\t\t\t\t\t<p>Darstellung der Flugplatzgeschichte von 1927 bis zur Gegenwart unter Einbeziehung der Luftfahrttechnik. Bestaunt werden k\u00f6nnen originale Ausstellungsst\u00fccke, vorrangig aus der Zeit des 2. Weltkrieges und der Zeit der Nutzung durch die Sowjetarmee. Die gesamte Historie des Flugplatzes ist in acht zeit- und themenbezogenen R\u00e4umen zu erleben.<\/p>\n<p>Das Angebot findet indoor statt und richtet sich an Sch\u00fcler<br \/>\nder Klassen 5 bis 12.<br \/>\nTermine: nach Absprache<br \/>\nVoranmeldung: mindestens 1 Woche vorher<br \/>\nDauer: ca. 2 Stunden<br \/>\nGruppengr\u00f6\u00dfe: 10 bis 30 Personen<br \/>\nEintritt pro Person: 2,00 \u20ac<\/p>\n<p><a title=\"Flugplatzmuseum Welzow \/ L\u011btani\u0161\u0107owy muzej Wjelcej\" href=\"\/museen\/flugplatzmuseum-welzow\/\">Flugplatzmuseum Welzow<\/a><\/p>\n\t\t\t\t\t<\/div>\n<h3><\/h3>\n<p>&nbsp;<\/p>\n<h3>Galeria<a id=\"galerie_flugplatz_welzow\"><\/a><\/h3>\n<div id=\"envira-gallery-wrap-53786\" class=\"envira-gallery-wrap envira-gallery-theme-base envira-lightbox-theme-base\" itemscope itemtype=\"https:\/\/schema.org\/ImageGallery\"><div data-row-height=\"150\" data-gallery-theme=\"normal\" id=\"envira-gallery-53786\" class=\"envira-gallery-public envira-gallery-justified-public envira-gallery-0-columns envira-clear enviratope envira-gallery-css-animations\" data-envira-columns=\"0\"><div id=\"envira-gallery-item-53791\" class=\"envira-gallery-item enviratope-item envira-gallery-item-1 envira-lazy-load\" style=\"padding-left: 5px; padding-bottom: 10px; padding-right: 5px;\"  itemscope itemtype=\"https:\/\/schema.org\/ImageObject\"><div class=\"envira-gallery-item-inner\"><div class=\"envira-gallery-position-overlay  envira-gallery-top-left\"><\/div><div class=\"envira-gallery-position-overlay  envira-gallery-top-right\"><\/div><div class=\"envira-gallery-position-overlay  envira-gallery-bottom-left\"><\/div><div class=\"envira-gallery-position-overlay  envira-gallery-bottom-right\"><\/div><a href=\"https:\/\/www.lausitzer-museenland.de\/wp-content\/uploads\/2022\/04\/DSCI1105.jpg\" class=\"envira-gallery-53786 envira-gallery-link\" rel=\"enviragallery53786\" title=\"FPM Welzow 01\" data-envira-caption=\"FPM Welzow 01\" data-envira-retina=\"\" data-thumbnail=\"\"  itemprop=\"contentUrl\"><img id=\"envira-gallery-image-53791\" class=\"envira-gallery-image envira-gallery-image-1 envira-normal envira-lazy\" data-envira-index=\"1\" src=\"https:\/\/www.lausitzer-museenland.de\/wp-content\/uploads\/2022\/04\/DSCI1105-1024x740.jpg\" data-envira-src=\"https:\/\/www.lausitzer-museenland.de\/wp-content\/uploads\/2022\/04\/DSCI1105-1024x740.jpg\" data-envira-gallery-id=\"53786\" data-envira-item-id=\"53791\" data-envira-caption=\"FPM Welzow 01\" alt=\"\" title=\"FPM Welzow 01\"  itemprop=\"thumbnailUrl\" data-envira-srcset=\"https:\/\/www.lausitzer-museenland.de\/wp-content\/uploads\/2022\/04\/DSCI1105-1024x740.jpg 400w,https:\/\/www.lausitzer-museenland.de\/wp-content\/uploads\/2022\/04\/DSCI1105-1024x740.jpg 2x\" data-envira-width=\"300\" data-envira-height=\"217\" srcset=\"data:image\/gif;base64,R0lGODlhAQABAIAAAP\/\/\/\/\/\/\/yH5BAEKAAEALAAAAAABAAEAAAICTAEAOw==\" data-safe-src=\"data:image\/gif;base64,R0lGODlhAQABAIAAAP\/\/\/\/\/\/\/yH5BAEKAAEALAAAAAABAAEAAAICTAEAOw==\" \/><\/a><\/div><\/div><div id=\"envira-gallery-item-53787\" class=\"envira-gallery-item enviratope-item envira-gallery-item-2 envira-lazy-load\" style=\"padding-left: 5px; padding-bottom: 10px; padding-right: 5px;\"  itemscope itemtype=\"https:\/\/schema.org\/ImageObject\"><div class=\"envira-gallery-item-inner\"><div class=\"envira-gallery-position-overlay  envira-gallery-top-left\"><\/div><div class=\"envira-gallery-position-overlay  envira-gallery-top-right\"><\/div><div class=\"envira-gallery-position-overlay  envira-gallery-bottom-left\"><\/div><div class=\"envira-gallery-position-overlay  envira-gallery-bottom-right\"><\/div><a href=\"https:\/\/www.lausitzer-museenland.de\/wp-content\/uploads\/2022\/04\/DSC_0241.jpg\" class=\"envira-gallery-53786 envira-gallery-link\" rel=\"enviragallery53786\" title=\"FPM Welzow 02\" data-envira-caption=\"FPM Welzow 02\" data-envira-retina=\"\" data-thumbnail=\"\"  itemprop=\"contentUrl\"><img id=\"envira-gallery-image-53787\" class=\"envira-gallery-image envira-gallery-image-2 envira-normal envira-lazy\" data-envira-index=\"2\" src=\"https:\/\/www.lausitzer-museenland.de\/wp-content\/uploads\/2022\/04\/DSC_0241-1024x699.jpg\" data-envira-src=\"https:\/\/www.lausitzer-museenland.de\/wp-content\/uploads\/2022\/04\/DSC_0241-1024x699.jpg\" data-envira-gallery-id=\"53786\" data-envira-item-id=\"53787\" data-envira-caption=\"FPM Welzow 02\" alt=\"\" title=\"FPM Welzow 02\"  itemprop=\"thumbnailUrl\" data-envira-srcset=\"https:\/\/www.lausitzer-museenland.de\/wp-content\/uploads\/2022\/04\/DSC_0241-1024x699.jpg 400w,https:\/\/www.lausitzer-museenland.de\/wp-content\/uploads\/2022\/04\/DSC_0241-1024x699.jpg 2x\" data-envira-width=\"300\" data-envira-height=\"205\" srcset=\"data:image\/gif;base64,R0lGODlhAQABAIAAAP\/\/\/\/\/\/\/yH5BAEKAAEALAAAAAABAAEAAAICTAEAOw==\" data-safe-src=\"data:image\/gif;base64,R0lGODlhAQABAIAAAP\/\/\/\/\/\/\/yH5BAEKAAEALAAAAAABAAEAAAICTAEAOw==\" \/><\/a><\/div><\/div><div id=\"envira-gallery-item-53789\" class=\"envira-gallery-item enviratope-item envira-gallery-item-3 envira-lazy-load\" style=\"padding-left: 5px; padding-bottom: 10px; padding-right: 5px;\"  itemscope itemtype=\"https:\/\/schema.org\/ImageObject\"><div class=\"envira-gallery-item-inner\"><div class=\"envira-gallery-position-overlay  envira-gallery-top-left\"><\/div><div class=\"envira-gallery-position-overlay  envira-gallery-top-right\"><\/div><div class=\"envira-gallery-position-overlay  envira-gallery-bottom-left\"><\/div><div class=\"envira-gallery-position-overlay  envira-gallery-bottom-right\"><\/div><a href=\"https:\/\/www.lausitzer-museenland.de\/wp-content\/uploads\/2022\/04\/DSCI1032.jpg\" class=\"envira-gallery-53786 envira-gallery-link\" rel=\"enviragallery53786\" title=\"FPM Welzow 03\" data-envira-caption=\"FPM Welzow 03\" data-envira-retina=\"\" data-thumbnail=\"\"  itemprop=\"contentUrl\"><img id=\"envira-gallery-image-53789\" class=\"envira-gallery-image envira-gallery-image-3 envira-normal envira-lazy\" data-envira-index=\"3\" src=\"https:\/\/www.lausitzer-museenland.de\/wp-content\/uploads\/2022\/04\/DSCI1032-1024x723.jpg\" data-envira-src=\"https:\/\/www.lausitzer-museenland.de\/wp-content\/uploads\/2022\/04\/DSCI1032-1024x723.jpg\" data-envira-gallery-id=\"53786\" data-envira-item-id=\"53789\" data-envira-caption=\"FPM Welzow 03\" alt=\"\" title=\"FPM Welzow 03\"  itemprop=\"thumbnailUrl\" data-envira-srcset=\"https:\/\/www.lausitzer-museenland.de\/wp-content\/uploads\/2022\/04\/DSCI1032-1024x723.jpg 400w,https:\/\/www.lausitzer-museenland.de\/wp-content\/uploads\/2022\/04\/DSCI1032-1024x723.jpg 2x\" data-envira-width=\"300\" data-envira-height=\"212\" srcset=\"data:image\/gif;base64,R0lGODlhAQABAIAAAP\/\/\/\/\/\/\/yH5BAEKAAEALAAAAAABAAEAAAICTAEAOw==\" data-safe-src=\"data:image\/gif;base64,R0lGODlhAQABAIAAAP\/\/\/\/\/\/\/yH5BAEKAAEALAAAAAABAAEAAAICTAEAOw==\" \/><\/a><\/div><\/div><div id=\"envira-gallery-item-53790\" class=\"envira-gallery-item enviratope-item envira-gallery-item-4 envira-lazy-load\" style=\"padding-left: 5px; padding-bottom: 10px; padding-right: 5px;\"  itemscope itemtype=\"https:\/\/schema.org\/ImageObject\"><div class=\"envira-gallery-item-inner\"><div class=\"envira-gallery-position-overlay  envira-gallery-top-left\"><\/div><div class=\"envira-gallery-position-overlay  envira-gallery-top-right\"><\/div><div class=\"envira-gallery-position-overlay  envira-gallery-bottom-left\"><\/div><div class=\"envira-gallery-position-overlay  envira-gallery-bottom-right\"><\/div><a href=\"https:\/\/www.lausitzer-museenland.de\/wp-content\/uploads\/2022\/04\/DSCI1033.jpg\" class=\"envira-gallery-53786 envira-gallery-link\" rel=\"enviragallery53786\" title=\"FPM Welzow 04\" data-envira-caption=\"FPM Welzow 04\" data-envira-retina=\"\" data-thumbnail=\"\"  itemprop=\"contentUrl\"><img id=\"envira-gallery-image-53790\" class=\"envira-gallery-image envira-gallery-image-4 envira-normal envira-lazy\" data-envira-index=\"4\" src=\"https:\/\/www.lausitzer-museenland.de\/wp-content\/uploads\/2022\/04\/DSCI1033-1024x768.jpg\" data-envira-src=\"https:\/\/www.lausitzer-museenland.de\/wp-content\/uploads\/2022\/04\/DSCI1033-1024x768.jpg\" data-envira-gallery-id=\"53786\" data-envira-item-id=\"53790\" data-envira-caption=\"FPM Welzow 04\" alt=\"\" title=\"FPM Welzow 04\"  itemprop=\"thumbnailUrl\" data-envira-srcset=\"https:\/\/www.lausitzer-museenland.de\/wp-content\/uploads\/2022\/04\/DSCI1033-1024x768.jpg 400w,https:\/\/www.lausitzer-museenland.de\/wp-content\/uploads\/2022\/04\/DSCI1033-1024x768.jpg 2x\" data-envira-width=\"300\" data-envira-height=\"225\" srcset=\"data:image\/gif;base64,R0lGODlhAQABAIAAAP\/\/\/\/\/\/\/yH5BAEKAAEALAAAAAABAAEAAAICTAEAOw==\" data-safe-src=\"data:image\/gif;base64,R0lGODlhAQABAIAAAP\/\/\/\/\/\/\/yH5BAEKAAEALAAAAAABAAEAAAICTAEAOw==\" \/><\/a><\/div><\/div><div id=\"envira-gallery-item-53788\" class=\"envira-gallery-item enviratope-item envira-gallery-item-5 envira-lazy-load\" style=\"padding-left: 5px; padding-bottom: 10px; padding-right: 5px;\"  itemscope itemtype=\"https:\/\/schema.org\/ImageObject\"><div class=\"envira-gallery-item-inner\"><div class=\"envira-gallery-position-overlay  envira-gallery-top-left\"><\/div><div class=\"envira-gallery-position-overlay  envira-gallery-top-right\"><\/div><div class=\"envira-gallery-position-overlay  envira-gallery-bottom-left\"><\/div><div class=\"envira-gallery-position-overlay  envira-gallery-bottom-right\"><\/div><a href=\"https:\/\/www.lausitzer-museenland.de\/wp-content\/uploads\/2022\/04\/DSC_0263.jpg\" class=\"envira-gallery-53786 envira-gallery-link\" rel=\"enviragallery53786\" title=\"FPM Welzow 05\" data-envira-caption=\"FPM Welzow 05\" data-envira-retina=\"\" data-thumbnail=\"\"  itemprop=\"contentUrl\"><img id=\"envira-gallery-image-53788\" class=\"envira-gallery-image envira-gallery-image-5 envira-normal envira-lazy\" data-envira-index=\"5\" src=\"https:\/\/www.lausitzer-museenland.de\/wp-content\/uploads\/2022\/04\/DSC_0263-688x1024.jpg\" data-envira-src=\"https:\/\/www.lausitzer-museenland.de\/wp-content\/uploads\/2022\/04\/DSC_0263-688x1024.jpg\" data-envira-gallery-id=\"53786\" data-envira-item-id=\"53788\" data-envira-caption=\"FPM Welzow 05\" alt=\"\" title=\"FPM Welzow 05\"  itemprop=\"thumbnailUrl\" data-envira-srcset=\"https:\/\/www.lausitzer-museenland.de\/wp-content\/uploads\/2022\/04\/DSC_0263-688x1024.jpg 400w,https:\/\/www.lausitzer-museenland.de\/wp-content\/uploads\/2022\/04\/DSC_0263-688x1024.jpg 2x\" data-envira-width=\"201\" data-envira-height=\"300\" srcset=\"data:image\/gif;base64,R0lGODlhAQABAIAAAP\/\/\/\/\/\/\/yH5BAEKAAEALAAAAAABAAEAAAICTAEAOw==\" data-safe-src=\"data:image\/gif;base64,R0lGODlhAQABAIAAAP\/\/\/\/\/\/\/yH5BAEKAAEALAAAAAABAAEAAAICTAEAOw==\" \/><\/a><\/div><\/div><div id=\"envira-gallery-item-53792\" class=\"envira-gallery-item enviratope-item envira-gallery-item-6 envira-lazy-load\" style=\"padding-left: 5px; padding-bottom: 10px; padding-right: 5px;\"  itemscope itemtype=\"https:\/\/schema.org\/ImageObject\"><div class=\"envira-gallery-item-inner\"><div class=\"envira-gallery-position-overlay  envira-gallery-top-left\"><\/div><div class=\"envira-gallery-position-overlay  envira-gallery-top-right\"><\/div><div class=\"envira-gallery-position-overlay  envira-gallery-bottom-left\"><\/div><div class=\"envira-gallery-position-overlay  envira-gallery-bottom-right\"><\/div><a href=\"https:\/\/www.lausitzer-museenland.de\/wp-content\/uploads\/2022\/04\/DSCI1107.jpg\" class=\"envira-gallery-53786 envira-gallery-link\" rel=\"enviragallery53786\" title=\"FPM Welzow 06\" data-envira-caption=\"FPM Welzow 06\" data-envira-retina=\"\" data-thumbnail=\"\"  itemprop=\"contentUrl\"><img id=\"envira-gallery-image-53792\" class=\"envira-gallery-image envira-gallery-image-6 envira-normal envira-lazy\" data-envira-index=\"6\" src=\"https:\/\/www.lausitzer-museenland.de\/wp-content\/uploads\/2022\/04\/DSCI1107-1024x917.jpg\" data-envira-src=\"https:\/\/www.lausitzer-museenland.de\/wp-content\/uploads\/2022\/04\/DSCI1107-1024x917.jpg\" data-envira-gallery-id=\"53786\" data-envira-item-id=\"53792\" data-envira-caption=\"FPM Welzow 06\" alt=\"\" title=\"FPM Welzow 06\"  itemprop=\"thumbnailUrl\" data-envira-srcset=\"https:\/\/www.lausitzer-museenland.de\/wp-content\/uploads\/2022\/04\/DSCI1107-1024x917.jpg 400w,https:\/\/www.lausitzer-museenland.de\/wp-content\/uploads\/2022\/04\/DSCI1107-1024x917.jpg 2x\" data-envira-width=\"300\" data-envira-height=\"269\" srcset=\"data:image\/gif;base64,R0lGODlhAQABAIAAAP\/\/\/\/\/\/\/yH5BAEKAAEALAAAAAABAAEAAAICTAEAOw==\" data-safe-src=\"data:image\/gif;base64,R0lGODlhAQABAIAAAP\/\/\/\/\/\/\/yH5BAEKAAEALAAAAAABAAEAAAICTAEAOw==\" \/><\/a><\/div><\/div><div id=\"envira-gallery-item-53793\" class=\"envira-gallery-item enviratope-item envira-gallery-item-7 envira-lazy-load\" style=\"padding-left: 5px; padding-bottom: 10px; padding-right: 5px;\"  itemscope itemtype=\"https:\/\/schema.org\/ImageObject\"><div class=\"envira-gallery-item-inner\"><div class=\"envira-gallery-position-overlay  envira-gallery-top-left\"><\/div><div class=\"envira-gallery-position-overlay  envira-gallery-top-right\"><\/div><div class=\"envira-gallery-position-overlay  envira-gallery-bottom-left\"><\/div><div class=\"envira-gallery-position-overlay  envira-gallery-bottom-right\"><\/div><a href=\"https:\/\/www.lausitzer-museenland.de\/wp-content\/uploads\/2022\/04\/DSCI1109.jpg\" class=\"envira-gallery-53786 envira-gallery-link\" rel=\"enviragallery53786\" title=\"FPM Welzow 07\" data-envira-caption=\"FPM Welzow 07\" data-envira-retina=\"\" data-thumbnail=\"\"  itemprop=\"contentUrl\"><img id=\"envira-gallery-image-53793\" class=\"envira-gallery-image envira-gallery-image-7 envira-normal envira-lazy\" data-envira-index=\"7\" src=\"https:\/\/www.lausitzer-museenland.de\/wp-content\/uploads\/2022\/04\/DSCI1109-1024x768.jpg\" data-envira-src=\"https:\/\/www.lausitzer-museenland.de\/wp-content\/uploads\/2022\/04\/DSCI1109-1024x768.jpg\" data-envira-gallery-id=\"53786\" data-envira-item-id=\"53793\" data-envira-caption=\"FPM Welzow 07\" alt=\"\" title=\"FPM Welzow 07\"  itemprop=\"thumbnailUrl\" data-envira-srcset=\"https:\/\/www.lausitzer-museenland.de\/wp-content\/uploads\/2022\/04\/DSCI1109-1024x768.jpg 400w,https:\/\/www.lausitzer-museenland.de\/wp-content\/uploads\/2022\/04\/DSCI1109-1024x768.jpg 2x\" data-envira-width=\"300\" data-envira-height=\"225\" srcset=\"data:image\/gif;base64,R0lGODlhAQABAIAAAP\/\/\/\/\/\/\/yH5BAEKAAEALAAAAAABAAEAAAICTAEAOw==\" data-safe-src=\"data:image\/gif;base64,R0lGODlhAQABAIAAAP\/\/\/\/\/\/\/yH5BAEKAAEALAAAAAABAAEAAAICTAEAOw==\" \/><\/a><\/div><\/div><div id=\"envira-gallery-item-53794\" class=\"envira-gallery-item enviratope-item envira-gallery-item-8 envira-lazy-load\" style=\"padding-left: 5px; padding-bottom: 10px; padding-right: 5px;\"  itemscope itemtype=\"https:\/\/schema.org\/ImageObject\"><div class=\"envira-gallery-item-inner\"><div class=\"envira-gallery-position-overlay  envira-gallery-top-left\"><\/div><div class=\"envira-gallery-position-overlay  envira-gallery-top-right\"><\/div><div class=\"envira-gallery-position-overlay  envira-gallery-bottom-left\"><\/div><div class=\"envira-gallery-position-overlay  envira-gallery-bottom-right\"><\/div><a href=\"https:\/\/www.lausitzer-museenland.de\/wp-content\/uploads\/2022\/04\/DSCI1134.jpg\" class=\"envira-gallery-53786 envira-gallery-link\" rel=\"enviragallery53786\" title=\"FPM Welzow 08\" data-envira-caption=\"FPM Welzow 08\" data-envira-retina=\"\" data-thumbnail=\"\"  itemprop=\"contentUrl\"><img id=\"envira-gallery-image-53794\" class=\"envira-gallery-image envira-gallery-image-8 envira-normal envira-lazy\" data-envira-index=\"8\" src=\"https:\/\/www.lausitzer-museenland.de\/wp-content\/uploads\/2022\/04\/DSCI1134-811x1024.jpg\" data-envira-src=\"https:\/\/www.lausitzer-museenland.de\/wp-content\/uploads\/2022\/04\/DSCI1134-811x1024.jpg\" data-envira-gallery-id=\"53786\" data-envira-item-id=\"53794\" data-envira-caption=\"FPM Welzow 08\" alt=\"\" title=\"FPM Welzow 08\"  itemprop=\"thumbnailUrl\" data-envira-srcset=\"https:\/\/www.lausitzer-museenland.de\/wp-content\/uploads\/2022\/04\/DSCI1134-811x1024.jpg 400w,https:\/\/www.lausitzer-museenland.de\/wp-content\/uploads\/2022\/04\/DSCI1134-811x1024.jpg 2x\" data-envira-width=\"238\" data-envira-height=\"300\" srcset=\"data:image\/gif;base64,R0lGODlhAQABAIAAAP\/\/\/\/\/\/\/yH5BAEKAAEALAAAAAABAAEAAAICTAEAOw==\" data-safe-src=\"data:image\/gif;base64,R0lGODlhAQABAIAAAP\/\/\/\/\/\/\/yH5BAEKAAEALAAAAAABAAEAAAICTAEAOw==\" \/><\/a><\/div><\/div><\/div><\/div><noscript><img src=\"https:\/\/www.lausitzer-museenland.de\/wp-content\/uploads\/2022\/04\/DSCI1105.jpg\" alt=\"\" \/><img src=\"https:\/\/www.lausitzer-museenland.de\/wp-content\/uploads\/2022\/04\/DSC_0241.jpg\" alt=\"\" \/><img src=\"https:\/\/www.lausitzer-museenland.de\/wp-content\/uploads\/2022\/04\/DSCI1032.jpg\" alt=\"\" \/><img src=\"https:\/\/www.lausitzer-museenland.de\/wp-content\/uploads\/2022\/04\/DSCI1033.jpg\" alt=\"\" \/><img src=\"https:\/\/www.lausitzer-museenland.de\/wp-content\/uploads\/2022\/04\/DSC_0263.jpg\" alt=\"\" \/><img src=\"https:\/\/www.lausitzer-museenland.de\/wp-content\/uploads\/2022\/04\/DSCI1107.jpg\" alt=\"\" \/><img src=\"https:\/\/www.lausitzer-museenland.de\/wp-content\/uploads\/2022\/04\/DSCI1109.jpg\" alt=\"\" \/><img src=\"https:\/\/www.lausitzer-museenland.de\/wp-content\/uploads\/2022\/04\/DSCI1134.jpg\" alt=\"\" \/><\/noscript>\n<\/div>","protected":false},"excerpt":{"rendered":"<p>Galerie |\u00a0Ausstellungen\u00a0| \u00a0Angebote f\u00fcr Kinder Spezialmuseum mit Sammlung zur Sozial- und Kulturgeschichte des Standortes Geb\u00e4ude- \/ Grundst\u00fcckssituation Das Geb\u00e4ude, in dem heute das Flugplatzmuseum untergebracht ist, geh\u00f6rte zu dem gro\u00dfen Komplex der einstigen milit\u00e4rischen Liegenschaft von Kasernen, Wohnh\u00e4usern und \u201egesellschaftlichen\u201c Einrichtungen, Wirtschafts- und Technikgeb\u00e4uden. Das massive ehemalige Werkstattgeb\u00e4ude wurde vom R\u00fcckbau ausgenommen und malerm\u00e4\u00dfig instand<\/p>","protected":false},"author":13,"featured_media":0,"parent":113,"menu_order":0,"comment_status":"closed","ping_status":"closed","template":"","meta":[],"_links":{"self":[{"href":"http:\/\/www.lausitzer-museenland.de\/dsb\/wp-json\/wp\/v2\/pages\/158"}],"collection":[{"href":"http:\/\/www.lausitzer-museenland.de\/dsb\/wp-json\/wp\/v2\/pages"}],"about":[{"href":"http:\/\/www.lausitzer-museenland.de\/dsb\/wp-json\/wp\/v2\/types\/page"}],"author":[{"embeddable":true,"href":"http:\/\/www.lausitzer-museenland.de\/dsb\/wp-json\/wp\/v2\/users\/13"}],"replies":[{"embeddable":true,"href":"http:\/\/www.lausitzer-museenland.de\/dsb\/wp-json\/wp\/v2\/comments?post=158"}],"version-history":[{"count":16,"href":"http:\/\/www.lausitzer-museenland.de\/dsb\/wp-json\/wp\/v2\/pages\/158\/revisions"}],"predecessor-version":[{"id":53901,"href":"http:\/\/www.lausitzer-museenland.de\/dsb\/wp-json\/wp\/v2\/pages\/158\/revisions\/53901"}],"up":[{"embeddable":true,"href":"http:\/\/www.lausitzer-museenland.de\/dsb\/wp-json\/wp\/v2\/pages\/113"}],"wp:attachment":[{"href":"http:\/\/www.lausitzer-museenland.de\/dsb\/wp-json\/wp\/v2\/media?parent=158"}],"curies":[{"name":"wp","href":"https:\/\/api.w.org\/{rel}","templated":true}]}}