{"id":217,"date":"2014-11-05T17:51:44","date_gmt":"2014-11-05T16:51:44","guid":{"rendered":"http:\/\/lausitzer-museenland.de\/?page_id=217"},"modified":"2022-05-31T07:42:41","modified_gmt":"2022-05-31T05:42:41","slug":"eisenhuetten-und-fischereimuseum-peitz","status":"publish","type":"page","link":"http:\/\/www.lausitzer-museenland.de\/dsb\/museen\/eisenhuetten-und-fischereimuseum-peitz\/","title":{"rendered":"Eisenh\u00fctten- und Fischereimuseum Peitz \/ Hutowy a rybarski muzej Picnjo"},"content":{"rendered":"<p><a href=\"#galerie_hu_peitz\">Galeria<\/a> |\u00a0<a href=\"#austellung_hu_peitz\">Ausstellungen<\/a>\u00a0| <a href=\"#kinderangebot_hu_peitz\">Oferty dla dzieci<\/a><br \/>\n<a href=\"https:\/\/www.lausitzer-museenland.de\/wp-content\/uploads\/2014\/11\/Fischerei_Peitz.jpg\"><img loading=\"lazy\" class=\"aligncenter size-full wp-image-18199\" src=\"https:\/\/www.lausitzer-museenland.de\/wp-content\/uploads\/2014\/11\/Fischerei_Peitz.jpg\" alt=\"Fischerei_Peitz\" width=\"884\" height=\"530\" srcset=\"https:\/\/www.lausitzer-museenland.de\/wp-content\/uploads\/2014\/11\/Fischerei_Peitz.jpg 884w, https:\/\/www.lausitzer-museenland.de\/wp-content\/uploads\/2014\/11\/Fischerei_Peitz-300x180.jpg 300w\" sizes=\"(max-width: 884px) 100vw, 884px\" \/><\/a><\/p>\n<\/p>\n<p>Techniski a m\u011bs\u0107a\u0144sko-stawizniski muzej\u00a0 &#8211; zelezowa huta a kub\u0142anje rybow<\/p>\n<p>Woko\u0142o 1550 jo da\u0142 kurwjerch Johann V. n\u011bgaj\u0161nu zeleza\u0155nju a hamry natwari\u015b. Zak\u0142ad za natwa\u0155 zawoda jo bry\u0142a w tych stronach, k\u00f3tara\u017e jo se a\u017e do n\u011bkak 1856 w rudnem pjacu na metal p\u015be\u017a\u011b\u0142a\u0142a. Z wudobywanego surowego zeleza su nastali kanunowe rory a kule, w\u011bcy za wu\u017eywanje a domacnos\u0107 a samo zw\u00f3ny. \u0179insaj\u0161ny hutowy a ryba\u0155ski muzej Picnjo ma nejstar\u0161y za\u0142o\u017ek za la\u015be zeleza w Nimskej. Za\u0142o\u017ek p\u00f3chada z pr\u011bdneje po\u0142ojce 19. stol\u011b\u015ba a m\u00f3\u017eo \u017a\u011blnje teke hy\u0161\u0107i \u017a\u011b\u0142a\u015b.<\/p>\n<p>Historiska hala z rudnym pjacom z l\u011bta 1810 jo nej\u017eg\u0142ownjej\u0161y \u017a\u011bl muzeja. Pokazujo technologiski staw ranoindustrielnego la\u015ba zeleza 19. stol\u011b\u015ba. W\u00f3sebny p\u00f3wabk za\u0142o\u017eka wobstoj w zw\u011bt\u0161ego zd\u017aar\u017eanju ako twa\u0155ski a techniski pomnik. W p\u0161awem \u017a\u011blu twarjenja za rudny pjac dajo se do stawneje wustaje\u0144ce \u201cZeleza\u0155nja Picnjo \u2013 rozwi\u015be a spad industrijowego m\u011bstna\u201d wogl\u011bda\u015b.<\/p>\n<p>W l\u011bwem \u017a\u011blu wustaje\u0144ce jo se ryba\u0155ski muzej zam\u011bstni\u0142. Z wjele eksponatami a inscenacijami se p\u00f3sr\u011bdnijo wa\u017ena w\u011bda w\u00f3 stawiznach a tradiciji ryba\u0155stwa, gata\u0155stwje w Picnju a regionalnem nut\u015bikokrajnem ryba\u0155stwje.<\/p>\n<p>Dalej stej w turbinowem domje p\u015bi muzeju j\u011bdrowa zb\u011brka mineralijow a informatiwna wustaje\u0144ca woko\u0142o temy w\u00f3dy.<\/p>\n<p>\n<p>Technik- und ortsgeschichtliches Museum &#8211; Eisenh\u00fctte und Fischzucht<\/p>\n<h3>Geb\u00e4ude-\/ Grundst\u00fcckssituation<\/h3>\n<p>Um 1550 lie\u00df Markgraf Johann V. das ehemalige Eisenh\u00fctten- und Hammerwerk Peitz errichten. Die Grundlage zur Erbauung des Werkes bildete der einheimische Raseneisenstein, der bis etwa 1856 im Hochofen verh\u00fcttet wurde. Aus dem gewonnenen Roheisen entstanden Kanonenrohre, Kanonenkugeln, Gebrauchs- und Haushaltsgegenst\u00e4nde und sogar Glocken. Das heutige Eisenh\u00fctten- und Fischereimuseum beherbergt die \u00e4lteste erhaltene Gie\u00dfereianlage Deutschlands. Die Anlage stammt aus der ersten H\u00e4lfte des 19. Jahrhunderts und ist teilweise funktionst\u00fcchtig.<\/p>\n<h3>-<\/h3>\n<p>Die historische Hochofenhalle aus dem Jahre 1810 ist das Herzst\u00fcck des Museums. Sie verk\u00f6rpert den technologischen Stand der fr\u00fchindustriellen Eisengie\u00dferei des 19. Jahrhunderts. Der besondere Reiz der Schauanlage besteht in seiner weitestgehenden Erhaltung als bauliches und technisches Denkmal. Im rechten Seitenfl\u00fcgel des Hochofengeb\u00e4udes ist die Dauerausstellung\u00a0 \u201eDas H\u00fcttenwerk Peitz &#8211; Aufstieg und Niedergang eines Industriestandortes\u201c zu besichtigen.<\/p>\n<p>Im linken Seitenfl\u00fcgel ist das Fischereimuseum untergebracht. Mit zahlreichen Exponaten und Inszenierungen wird viel Wissenswertes zur Geschichte und Tradition der Fischerei, der Teichwirtschaft Peitz sowie zur\u00a0 regionalen Binnenfischerei vermittelt.<\/p>\n<p>Weiterhin befindet sich im Museum eine eindrucksvolle Mineraliensammlung sowie eine informative Ausstellung rund um das Thema Wasser im Turbinenhaus am Museum.<\/p>\n<h3>Sonderausstellungen\/ Begleitangebote<a id=\"austellung_hu_peitz\"><\/a><\/h3>\n<ul>\n<li>gelegentlich werden Sonderausstellungen pr\u00e4sentiert<\/li>\n<li>auf Vorreservierung wird Aluminiumschaugie\u00dfen mit dem traditionellen \u201eHandformen\u201c durchgef\u00fchrt<\/li>\n<li>f\u00fcr Schulklassen werden Projekt- und Wandertage gestaltet<\/li>\n<li>verschiedene Gro\u00dfveranstaltungen wie das Konzert \u201eSounds of Hollywood\u201c und der allj\u00e4hrliche \u201eFischzug in Peitz\u201c locken tausende G\u00e4ste in die Fischer- und Festungsstadt Peitz<\/li>\n<li>das traditionelle Klemmkuchenbacken wird im Museum auf Vorreservierung durchgef\u00fchrt<\/li>\n<li>Zu Mittag l\u00e4dt die Gastst\u00e4tte \u201eTeichGutPeitz\u201c direkt am Museum ein<\/li>\n<li>die Teichlandschaft kann auf dem ca. 2,3 Km langen Teichlehrpfad zwischen Peitz und Maust erkundet werden<\/li>\n<li>F\u00fchrungen durch das Peitzer Teichgebiet k\u00f6nnen gebucht werden<\/li>\n<\/ul>\n<h3>Angebote f\u00fcr Kinder &#8211; Mit Kobi ins Museum<a id=\"kinderangebot_hu_peitz\"><\/a><\/h3>\n<h5>1.F\u00fchrung durch das Eisenh\u00fctten- und Fischereimuseum Peitz<\/h5>\n<div data-post-id='fuehrung-durch-eisenhuetten-peitz' class='insert-page insert-page-fuehrung-durch-eisenhuetten-peitz'>\t\t\t\t\t<p>Das historische Eisenh\u00fcttenwerk Peitz, unmittelbar an den Peitzer Teichen gelegen, z\u00e4hlt zu den bedeutendsten technischen Denkmalarealen Brandenburgs. Die Hochofen- und Gie\u00dfereihalle von 1810 beherbergt eine teilweise funktionst\u00fcchtige Gie\u00dfereianlage aus der 1. H\u00e4lfte des 19. Jahrhunderts.<\/p>\n<p>Die Besucher erfahren in der F\u00fchrung viel Wissenswertes \u00fcber die Gie\u00dferei selbst, \u00fcber die Geschichte des Werkes und der Region. Des Weiteren erhalten sie interessante Informationen zur Fischerei.<\/p>\n<p>Das Angebot findet indoor statt und richtet sich an Sch\u00fcler der Klassen 1 bis 13<br \/>\nTermine: nach Absprache<br \/>\nDauer: ca. 1 -1,5 Stunden<br \/>\nVoranmeldung: sp\u00e4testens eine Woche vorher<br \/>\nEintritt pro Person: 2,00 \u20ac<\/p>\n<p><a title=\"Eisenh\u00fctten- und Fischereimuseum Peitz \/ Hutowy a rybarski muzej Picnjo\" href=\"\/museen\/eisenhuetten-und-fischereimuseum-peitz\/\">Eisenh\u00fctten- und Fischereimuseum Peitz<\/a><\/p>\n\t\t\t\t\t<\/div>\n<h5>2. Aluminiumschaugie\u00dfen<\/h5>\n<div data-post-id='aluminiumschaugiessen' class='insert-page insert-page-aluminiumschaugiessen'>\t\t\t\t\t<p>Das Aluminiumschaugie\u00dfen mit dem traditionellen \u201eHandformen\u201c wird in der historischen Hochofenhalle des Eisenh\u00fctten- und Fischereimuseums durchgef\u00fchrt. Unsere G\u00e4ste erhalten w\u00e4hrend der Vorf\u00fchrung fachkundige Erl\u00e4uterungen von einem gelernten Former und Gie\u00dfer.<\/p>\n<p>Das Angebot findet indoor statt und richtet sich an Sch\u00fcler der Klassen 5 bis 13<br \/>\nTermine: nach Absprache<br \/>\nDauer: ca. 1 Stunde<br \/>\nVoranmeldung: sp\u00e4testens drei Wochen vorher<br \/>\nGruppenpreis: 120,00 \u20ac<\/p>\n<p><a title=\"Eisenh\u00fctten- und Fischereimuseum Peitz \/ Hutowy a rybarski muzej Picnjo\" href=\"\/museen\/eisenhuetten-und-fischereimuseum-peitz\/\">Eisenh\u00fctten- und Fischereimuseum Peitz<\/a><\/p>\n\t\t\t\t\t<\/div>\n<h5>3. Klemmkuchenbacken<\/h5>\n<div data-post-id='klemmkuchenbacken' class='insert-page insert-page-klemmkuchenbacken'>\t\t\t\t\t<p>Im Eisenh\u00fctten- und Fischereimuseum Peitz befindet sich eine historische Sammlung von Klemmkucheneisen. Nach einem original \u00fcberlieferten Rezept um 1900 werden die leckeren Klemmkuchen mit Hilfe eines Klemmkucheneisens im Kupolofen in der Hochofenhalle des Museums gebacken.<\/p>\n<p>Das Angebot findet indoor statt und richtet sich an alle Altersgruppen.<\/p>\n<p>Termine: nach Absprache<br \/>\nDauer: ca. 1 Stunde<br \/>\nVoranmeldung: sp\u00e4testens 2 Wochen vorher<br \/>\nPreis pro Person: 1,00 \u20ac p. P. f\u00fcr Kinder und Sch\u00fcler<\/p>\n<p><a title=\"Eisenh\u00fctten- und Fischereimuseum Peitz \/ Hutowy a rybarski muzej Picnjo\" href=\"https:\/\/www.lausitzer-museenland.de\/museen\/eisenhuetten-und-fischereimuseum-peitz\/\">Eisenh\u00fctten- und Fischereimuseum Peitz<\/a><\/p>\n\t\t\t\t\t<\/div>\n<h3><\/h3>\n<p>&nbsp;<\/p>\n<h3>Galeria<a id=\"galerie_hu_peitz\"><\/a><\/h3>\n<div id=\"envira-gallery-wrap-53076\" class=\"envira-gallery-wrap envira-gallery-theme-base envira-lightbox-theme-base\" itemscope itemtype=\"https:\/\/schema.org\/ImageGallery\"><div data-row-height=\"150\" data-gallery-theme=\"normal\" id=\"envira-gallery-53076\" class=\"envira-gallery-public envira-gallery-justified-public envira-gallery-0-columns envira-clear enviratope envira-gallery-css-animations\" data-envira-columns=\"0\"><div id=\"envira-gallery-item-53077\" class=\"envira-gallery-item enviratope-item envira-gallery-item-1 envira-lazy-load\" style=\"padding-left: 5px; padding-bottom: 10px; padding-right: 5px;\"  itemscope itemtype=\"https:\/\/schema.org\/ImageObject\"><div class=\"envira-gallery-item-inner\"><div class=\"envira-gallery-position-overlay  envira-gallery-top-left\"><\/div><div class=\"envira-gallery-position-overlay  envira-gallery-top-right\"><\/div><div class=\"envira-gallery-position-overlay  envira-gallery-bottom-left\"><\/div><div class=\"envira-gallery-position-overlay  envira-gallery-bottom-right\"><\/div><a href=\"https:\/\/www.lausitzer-museenland.de\/wp-content\/uploads\/2020\/09\/Ausstellung-Aufstieg-und-Untergang.jpg\" class=\"envira-gallery-53076 envira-gallery-link\" rel=\"enviragallery53076\" title=\"Ausstellung Aufstieg und Untergang\" data-envira-caption=\"Ausstellung Aufstieg und Untergang\" data-envira-retina=\"\" data-thumbnail=\"\"  itemprop=\"contentUrl\"><img id=\"envira-gallery-image-53077\" class=\"envira-gallery-image envira-gallery-image-1 envira-normal envira-lazy\" data-envira-index=\"1\" src=\"https:\/\/www.lausitzer-museenland.de\/wp-content\/uploads\/2020\/09\/Ausstellung-Aufstieg-und-Untergang-1024x683.jpg\" data-envira-src=\"https:\/\/www.lausitzer-museenland.de\/wp-content\/uploads\/2020\/09\/Ausstellung-Aufstieg-und-Untergang-1024x683.jpg\" data-envira-gallery-id=\"53076\" data-envira-item-id=\"53077\" data-envira-caption=\"Ausstellung Aufstieg und Untergang\" alt=\"\" title=\"Ausstellung Aufstieg und Untergang\"  itemprop=\"thumbnailUrl\" data-envira-srcset=\"https:\/\/www.lausitzer-museenland.de\/wp-content\/uploads\/2020\/09\/Ausstellung-Aufstieg-und-Untergang-1024x683.jpg 400w,https:\/\/www.lausitzer-museenland.de\/wp-content\/uploads\/2020\/09\/Ausstellung-Aufstieg-und-Untergang-1024x683.jpg 2x\" data-envira-width=\"300\" data-envira-height=\"200\" srcset=\"data:image\/gif;base64,R0lGODlhAQABAIAAAP\/\/\/\/\/\/\/yH5BAEKAAEALAAAAAABAAEAAAICTAEAOw==\" data-safe-src=\"data:image\/gif;base64,R0lGODlhAQABAIAAAP\/\/\/\/\/\/\/yH5BAEKAAEALAAAAAABAAEAAAICTAEAOw==\" \/><\/a><\/div><\/div><div id=\"envira-gallery-item-53078\" class=\"envira-gallery-item enviratope-item envira-gallery-item-2 envira-lazy-load\" style=\"padding-left: 5px; padding-bottom: 10px; padding-right: 5px;\"  itemscope itemtype=\"https:\/\/schema.org\/ImageObject\"><div class=\"envira-gallery-item-inner\"><div class=\"envira-gallery-position-overlay  envira-gallery-top-left\"><\/div><div class=\"envira-gallery-position-overlay  envira-gallery-top-right\"><\/div><div class=\"envira-gallery-position-overlay  envira-gallery-bottom-left\"><\/div><div class=\"envira-gallery-position-overlay  envira-gallery-bottom-right\"><\/div><a href=\"https:\/\/www.lausitzer-museenland.de\/wp-content\/uploads\/2020\/09\/Fischereimuseum.jpg\" class=\"envira-gallery-53076 envira-gallery-link\" rel=\"enviragallery53076\" title=\"Fischereimuseum\" data-envira-caption=\"Fischereimuseum\" data-envira-retina=\"\" data-thumbnail=\"\"  itemprop=\"contentUrl\"><img id=\"envira-gallery-image-53078\" class=\"envira-gallery-image envira-gallery-image-2 envira-normal envira-lazy\" data-envira-index=\"2\" src=\"https:\/\/www.lausitzer-museenland.de\/wp-content\/uploads\/2020\/09\/Fischereimuseum-1024x683.jpg\" data-envira-src=\"https:\/\/www.lausitzer-museenland.de\/wp-content\/uploads\/2020\/09\/Fischereimuseum-1024x683.jpg\" data-envira-gallery-id=\"53076\" data-envira-item-id=\"53078\" data-envira-caption=\"Fischereimuseum\" alt=\"\" title=\"Fischereimuseum\"  itemprop=\"thumbnailUrl\" data-envira-srcset=\"https:\/\/www.lausitzer-museenland.de\/wp-content\/uploads\/2020\/09\/Fischereimuseum-1024x683.jpg 400w,https:\/\/www.lausitzer-museenland.de\/wp-content\/uploads\/2020\/09\/Fischereimuseum-1024x683.jpg 2x\" data-envira-width=\"300\" data-envira-height=\"200\" srcset=\"data:image\/gif;base64,R0lGODlhAQABAIAAAP\/\/\/\/\/\/\/yH5BAEKAAEALAAAAAABAAEAAAICTAEAOw==\" data-safe-src=\"data:image\/gif;base64,R0lGODlhAQABAIAAAP\/\/\/\/\/\/\/yH5BAEKAAEALAAAAAABAAEAAAICTAEAOw==\" \/><\/a><\/div><\/div><div id=\"envira-gallery-item-53079\" class=\"envira-gallery-item enviratope-item envira-gallery-item-3 envira-lazy-load\" style=\"padding-left: 5px; padding-bottom: 10px; padding-right: 5px;\"  itemscope itemtype=\"https:\/\/schema.org\/ImageObject\"><div class=\"envira-gallery-item-inner\"><div class=\"envira-gallery-position-overlay  envira-gallery-top-left\"><\/div><div class=\"envira-gallery-position-overlay  envira-gallery-top-right\"><\/div><div class=\"envira-gallery-position-overlay  envira-gallery-bottom-left\"><\/div><div class=\"envira-gallery-position-overlay  envira-gallery-bottom-right\"><\/div><a href=\"https:\/\/www.lausitzer-museenland.de\/wp-content\/uploads\/2020\/09\/FreeJazz-Ausstellung.jpg\" class=\"envira-gallery-53076 envira-gallery-link\" rel=\"enviragallery53076\" title=\"FreeJazz Ausstellung\" data-envira-caption=\"FreeJazz Ausstellung\" data-envira-retina=\"\" data-thumbnail=\"\"  itemprop=\"contentUrl\"><img id=\"envira-gallery-image-53079\" class=\"envira-gallery-image envira-gallery-image-3 envira-normal envira-lazy\" data-envira-index=\"3\" src=\"https:\/\/www.lausitzer-museenland.de\/wp-content\/uploads\/2020\/09\/FreeJazz-Ausstellung-1024x683.jpg\" data-envira-src=\"https:\/\/www.lausitzer-museenland.de\/wp-content\/uploads\/2020\/09\/FreeJazz-Ausstellung-1024x683.jpg\" data-envira-gallery-id=\"53076\" data-envira-item-id=\"53079\" data-envira-caption=\"FreeJazz Ausstellung\" alt=\"\" title=\"FreeJazz Ausstellung\"  itemprop=\"thumbnailUrl\" data-envira-srcset=\"https:\/\/www.lausitzer-museenland.de\/wp-content\/uploads\/2020\/09\/FreeJazz-Ausstellung-1024x683.jpg 400w,https:\/\/www.lausitzer-museenland.de\/wp-content\/uploads\/2020\/09\/FreeJazz-Ausstellung-1024x683.jpg 2x\" data-envira-width=\"300\" data-envira-height=\"200\" srcset=\"data:image\/gif;base64,R0lGODlhAQABAIAAAP\/\/\/\/\/\/\/yH5BAEKAAEALAAAAAABAAEAAAICTAEAOw==\" data-safe-src=\"data:image\/gif;base64,R0lGODlhAQABAIAAAP\/\/\/\/\/\/\/yH5BAEKAAEALAAAAAABAAEAAAICTAEAOw==\" \/><\/a><\/div><\/div><div id=\"envira-gallery-item-53080\" class=\"envira-gallery-item enviratope-item envira-gallery-item-4 envira-lazy-load\" style=\"padding-left: 5px; padding-bottom: 10px; padding-right: 5px;\"  itemscope itemtype=\"https:\/\/schema.org\/ImageObject\"><div class=\"envira-gallery-item-inner\"><div class=\"envira-gallery-position-overlay  envira-gallery-top-left\"><\/div><div class=\"envira-gallery-position-overlay  envira-gallery-top-right\"><\/div><div class=\"envira-gallery-position-overlay  envira-gallery-bottom-left\"><\/div><div class=\"envira-gallery-position-overlay  envira-gallery-bottom-right\"><\/div><a href=\"https:\/\/www.lausitzer-museenland.de\/wp-content\/uploads\/2020\/09\/Hochofenhalle-mit-Dachkonstruktion1.jpg\" class=\"envira-gallery-53076 envira-gallery-link\" rel=\"enviragallery53076\" title=\"Hochofenhalle mit Dachkonstruktion\" data-envira-caption=\"Hochofenhalle mit Dachkonstruktion\" data-envira-retina=\"\" data-thumbnail=\"\"  itemprop=\"contentUrl\"><img id=\"envira-gallery-image-53080\" class=\"envira-gallery-image envira-gallery-image-4 envira-normal envira-lazy\" data-envira-index=\"4\" src=\"https:\/\/www.lausitzer-museenland.de\/wp-content\/uploads\/2020\/09\/Hochofenhalle-mit-Dachkonstruktion1-771x1024.jpg\" data-envira-src=\"https:\/\/www.lausitzer-museenland.de\/wp-content\/uploads\/2020\/09\/Hochofenhalle-mit-Dachkonstruktion1-771x1024.jpg\" data-envira-gallery-id=\"53076\" data-envira-item-id=\"53080\" data-envira-caption=\"Hochofenhalle mit Dachkonstruktion\" alt=\"\" title=\"Hochofenhalle mit Dachkonstruktion\"  itemprop=\"thumbnailUrl\" data-envira-srcset=\"https:\/\/www.lausitzer-museenland.de\/wp-content\/uploads\/2020\/09\/Hochofenhalle-mit-Dachkonstruktion1-771x1024.jpg 400w,https:\/\/www.lausitzer-museenland.de\/wp-content\/uploads\/2020\/09\/Hochofenhalle-mit-Dachkonstruktion1-771x1024.jpg 2x\" data-envira-width=\"226\" data-envira-height=\"300\" srcset=\"data:image\/gif;base64,R0lGODlhAQABAIAAAP\/\/\/\/\/\/\/yH5BAEKAAEALAAAAAABAAEAAAICTAEAOw==\" data-safe-src=\"data:image\/gif;base64,R0lGODlhAQABAIAAAP\/\/\/\/\/\/\/yH5BAEKAAEALAAAAAABAAEAAAICTAEAOw==\" \/><\/a><\/div><\/div><div id=\"envira-gallery-item-53081\" class=\"envira-gallery-item enviratope-item envira-gallery-item-5 envira-lazy-load\" style=\"padding-left: 5px; padding-bottom: 10px; padding-right: 5px;\"  itemscope itemtype=\"https:\/\/schema.org\/ImageObject\"><div class=\"envira-gallery-item-inner\"><div class=\"envira-gallery-position-overlay  envira-gallery-top-left\"><\/div><div class=\"envira-gallery-position-overlay  envira-gallery-top-right\"><\/div><div class=\"envira-gallery-position-overlay  envira-gallery-bottom-left\"><\/div><div class=\"envira-gallery-position-overlay  envira-gallery-bottom-right\"><\/div><a href=\"https:\/\/www.lausitzer-museenland.de\/wp-content\/uploads\/2020\/09\/Klemmkuchenbacken.jpg\" class=\"envira-gallery-53076 envira-gallery-link\" rel=\"enviragallery53076\" title=\"Klemmkuchenbacken\" data-envira-caption=\"Klemmkuchenbacken\" data-envira-retina=\"\" data-thumbnail=\"\"  itemprop=\"contentUrl\"><img id=\"envira-gallery-image-53081\" class=\"envira-gallery-image envira-gallery-image-5 envira-normal envira-lazy\" data-envira-index=\"5\" src=\"https:\/\/www.lausitzer-museenland.de\/wp-content\/uploads\/2020\/09\/Klemmkuchenbacken-1024x683.jpg\" data-envira-src=\"https:\/\/www.lausitzer-museenland.de\/wp-content\/uploads\/2020\/09\/Klemmkuchenbacken-1024x683.jpg\" data-envira-gallery-id=\"53076\" data-envira-item-id=\"53081\" data-envira-caption=\"Klemmkuchenbacken\" alt=\"\" title=\"Klemmkuchenbacken\"  itemprop=\"thumbnailUrl\" data-envira-srcset=\"https:\/\/www.lausitzer-museenland.de\/wp-content\/uploads\/2020\/09\/Klemmkuchenbacken-1024x683.jpg 400w,https:\/\/www.lausitzer-museenland.de\/wp-content\/uploads\/2020\/09\/Klemmkuchenbacken-1024x683.jpg 2x\" data-envira-width=\"300\" data-envira-height=\"200\" srcset=\"data:image\/gif;base64,R0lGODlhAQABAIAAAP\/\/\/\/\/\/\/yH5BAEKAAEALAAAAAABAAEAAAICTAEAOw==\" data-safe-src=\"data:image\/gif;base64,R0lGODlhAQABAIAAAP\/\/\/\/\/\/\/yH5BAEKAAEALAAAAAABAAEAAAICTAEAOw==\" \/><\/a><\/div><\/div><div id=\"envira-gallery-item-53082\" class=\"envira-gallery-item enviratope-item envira-gallery-item-6 envira-lazy-load\" style=\"padding-left: 5px; padding-bottom: 10px; padding-right: 5px;\"  itemscope itemtype=\"https:\/\/schema.org\/ImageObject\"><div class=\"envira-gallery-item-inner\"><div class=\"envira-gallery-position-overlay  envira-gallery-top-left\"><\/div><div class=\"envira-gallery-position-overlay  envira-gallery-top-right\"><\/div><div class=\"envira-gallery-position-overlay  envira-gallery-bottom-left\"><\/div><div class=\"envira-gallery-position-overlay  envira-gallery-bottom-right\"><\/div><a href=\"https:\/\/www.lausitzer-museenland.de\/wp-content\/uploads\/2020\/09\/Mineralaustellung.jpg\" class=\"envira-gallery-53076 envira-gallery-link\" rel=\"enviragallery53076\" title=\"Mineralaustellung\" data-envira-caption=\"Mineralaustellung\" data-envira-retina=\"\" data-thumbnail=\"\"  itemprop=\"contentUrl\"><img id=\"envira-gallery-image-53082\" class=\"envira-gallery-image envira-gallery-image-6 envira-normal envira-lazy\" data-envira-index=\"6\" src=\"https:\/\/www.lausitzer-museenland.de\/wp-content\/uploads\/2020\/09\/Mineralaustellung-1024x576.jpg\" data-envira-src=\"https:\/\/www.lausitzer-museenland.de\/wp-content\/uploads\/2020\/09\/Mineralaustellung-1024x576.jpg\" data-envira-gallery-id=\"53076\" data-envira-item-id=\"53082\" data-envira-caption=\"Mineralaustellung\" alt=\"\" title=\"Mineralaustellung\"  itemprop=\"thumbnailUrl\" data-envira-srcset=\"https:\/\/www.lausitzer-museenland.de\/wp-content\/uploads\/2020\/09\/Mineralaustellung-1024x576.jpg 400w,https:\/\/www.lausitzer-museenland.de\/wp-content\/uploads\/2020\/09\/Mineralaustellung-1024x576.jpg 2x\" data-envira-width=\"300\" data-envira-height=\"169\" srcset=\"data:image\/gif;base64,R0lGODlhAQABAIAAAP\/\/\/\/\/\/\/yH5BAEKAAEALAAAAAABAAEAAAICTAEAOw==\" data-safe-src=\"data:image\/gif;base64,R0lGODlhAQABAIAAAP\/\/\/\/\/\/\/yH5BAEKAAEALAAAAAABAAEAAAICTAEAOw==\" \/><\/a><\/div><\/div><div id=\"envira-gallery-item-53083\" class=\"envira-gallery-item enviratope-item envira-gallery-item-7 envira-lazy-load\" style=\"padding-left: 5px; padding-bottom: 10px; padding-right: 5px;\"  itemscope itemtype=\"https:\/\/schema.org\/ImageObject\"><div class=\"envira-gallery-item-inner\"><div class=\"envira-gallery-position-overlay  envira-gallery-top-left\"><\/div><div class=\"envira-gallery-position-overlay  envira-gallery-top-right\"><\/div><div class=\"envira-gallery-position-overlay  envira-gallery-bottom-left\"><\/div><div class=\"envira-gallery-position-overlay  envira-gallery-bottom-right\"><\/div><a href=\"https:\/\/www.lausitzer-museenland.de\/wp-content\/uploads\/2020\/09\/Peitzer-Karpfen.jpg\" class=\"envira-gallery-53076 envira-gallery-link\" rel=\"enviragallery53076\" title=\"Peitzer Karpfen\" data-envira-caption=\"Peitzer Karpfen\" data-envira-retina=\"\" data-thumbnail=\"\"  itemprop=\"contentUrl\"><img id=\"envira-gallery-image-53083\" class=\"envira-gallery-image envira-gallery-image-7 envira-normal envira-lazy\" data-envira-index=\"7\" src=\"https:\/\/www.lausitzer-museenland.de\/wp-content\/uploads\/2020\/09\/Peitzer-Karpfen-1024x683.jpg\" data-envira-src=\"https:\/\/www.lausitzer-museenland.de\/wp-content\/uploads\/2020\/09\/Peitzer-Karpfen-1024x683.jpg\" data-envira-gallery-id=\"53076\" data-envira-item-id=\"53083\" data-envira-caption=\"Peitzer Karpfen\" alt=\"\" title=\"Peitzer Karpfen\"  itemprop=\"thumbnailUrl\" data-envira-srcset=\"https:\/\/www.lausitzer-museenland.de\/wp-content\/uploads\/2020\/09\/Peitzer-Karpfen-1024x683.jpg 400w,https:\/\/www.lausitzer-museenland.de\/wp-content\/uploads\/2020\/09\/Peitzer-Karpfen-1024x683.jpg 2x\" data-envira-width=\"300\" data-envira-height=\"200\" srcset=\"data:image\/gif;base64,R0lGODlhAQABAIAAAP\/\/\/\/\/\/\/yH5BAEKAAEALAAAAAABAAEAAAICTAEAOw==\" data-safe-src=\"data:image\/gif;base64,R0lGODlhAQABAIAAAP\/\/\/\/\/\/\/yH5BAEKAAEALAAAAAABAAEAAAICTAEAOw==\" \/><\/a><\/div><\/div><\/div><\/div><noscript><img src=\"https:\/\/www.lausitzer-museenland.de\/wp-content\/uploads\/2020\/09\/Ausstellung-Aufstieg-und-Untergang.jpg\" alt=\"\" \/><img src=\"https:\/\/www.lausitzer-museenland.de\/wp-content\/uploads\/2020\/09\/Fischereimuseum.jpg\" alt=\"\" \/><img src=\"https:\/\/www.lausitzer-museenland.de\/wp-content\/uploads\/2020\/09\/FreeJazz-Ausstellung.jpg\" alt=\"\" \/><img src=\"https:\/\/www.lausitzer-museenland.de\/wp-content\/uploads\/2020\/09\/Hochofenhalle-mit-Dachkonstruktion1.jpg\" alt=\"\" \/><img src=\"https:\/\/www.lausitzer-museenland.de\/wp-content\/uploads\/2020\/09\/Klemmkuchenbacken.jpg\" alt=\"\" \/><img src=\"https:\/\/www.lausitzer-museenland.de\/wp-content\/uploads\/2020\/09\/Mineralaustellung.jpg\" alt=\"\" \/><img src=\"https:\/\/www.lausitzer-museenland.de\/wp-content\/uploads\/2020\/09\/Peitzer-Karpfen.jpg\" alt=\"\" \/><\/noscript>","protected":false},"excerpt":{"rendered":"<p>Galerie |\u00a0Ausstellungen\u00a0| Angebote f\u00fcr Kinder Technik- und ortsgeschichtliches Museum &#8211; Eisenh\u00fctte und Fischzucht Geb\u00e4ude-\/ Grundst\u00fcckssituation Um 1550 lie\u00df Markgraf Johann V. das ehemalige Eisenh\u00fctten- und Hammerwerk Peitz errichten. Die Grundlage zur Erbauung des Werkes bildete der einheimische Raseneisenstein, der bis etwa 1856 im Hochofen verh\u00fcttet wurde. Aus dem gewonnenen Roheisen entstanden Kanonenrohre, Kanonenkugeln, Gebrauchs- und<\/p>","protected":false},"author":13,"featured_media":0,"parent":113,"menu_order":0,"comment_status":"closed","ping_status":"closed","template":"","meta":[],"_links":{"self":[{"href":"http:\/\/www.lausitzer-museenland.de\/dsb\/wp-json\/wp\/v2\/pages\/217"}],"collection":[{"href":"http:\/\/www.lausitzer-museenland.de\/dsb\/wp-json\/wp\/v2\/pages"}],"about":[{"href":"http:\/\/www.lausitzer-museenland.de\/dsb\/wp-json\/wp\/v2\/types\/page"}],"author":[{"embeddable":true,"href":"http:\/\/www.lausitzer-museenland.de\/dsb\/wp-json\/wp\/v2\/users\/13"}],"replies":[{"embeddable":true,"href":"http:\/\/www.lausitzer-museenland.de\/dsb\/wp-json\/wp\/v2\/comments?post=217"}],"version-history":[{"count":16,"href":"http:\/\/www.lausitzer-museenland.de\/dsb\/wp-json\/wp\/v2\/pages\/217\/revisions"}],"predecessor-version":[{"id":53928,"href":"http:\/\/www.lausitzer-museenland.de\/dsb\/wp-json\/wp\/v2\/pages\/217\/revisions\/53928"}],"up":[{"embeddable":true,"href":"http:\/\/www.lausitzer-museenland.de\/dsb\/wp-json\/wp\/v2\/pages\/113"}],"wp:attachment":[{"href":"http:\/\/www.lausitzer-museenland.de\/dsb\/wp-json\/wp\/v2\/media?parent=217"}],"curies":[{"name":"wp","href":"https:\/\/api.w.org\/{rel}","templated":true}]}}