{"id":253,"date":"2014-11-06T10:24:46","date_gmt":"2014-11-06T09:24:46","guid":{"rendered":"http:\/\/lausitzer-museenland.de\/?page_id=253"},"modified":"2024-10-17T13:40:54","modified_gmt":"2024-10-17T11:40:54","slug":"sprucker-muehle-guben","status":"publish","type":"page","link":"http:\/\/www.lausitzer-museenland.de\/dsb\/museen\/sprucker-muehle-guben\/","title":{"rendered":"\u201eSprucker M\u00fchle\u201c Guben \/ \u201eSprugojski m\u0142yn\u201d Gubin"},"content":{"rendered":"<p><a href=\"#galerie_sm_guben\">Galeria<\/a> | <a href=\"#ausstellung_sm_guben\">Ausstellungen<\/a> | <a href=\"#kinderangebot_sm_guben\">Oferty dla dzieci<\/a><\/p>\n<p><a href=\"https:\/\/www.lausitzer-museenland.de\/wp-content\/uploads\/2024\/10\/Muehle_Sprucke-1024x683.jpg\"><img loading=\"lazy\" class=\"size-full wp-image-55372\" src=\"https:\/\/www.lausitzer-museenland.de\/wp-content\/uploads\/2024\/10\/Muehle_Sprucke-1024x683.jpg\" alt=\"Muehle-Sprucke\" width=\"550&quot;\" height=\"367\" srcset=\"https:\/\/www.lausitzer-museenland.de\/wp-content\/uploads\/2024\/10\/Muehle_Sprucke-1024x683.jpg 1024w, https:\/\/www.lausitzer-museenland.de\/wp-content\/uploads\/2024\/10\/Muehle_Sprucke-300x200.jpg 300w, https:\/\/www.lausitzer-museenland.de\/wp-content\/uploads\/2024\/10\/Muehle_Sprucke-768x512.jpg 768w, https:\/\/www.lausitzer-museenland.de\/wp-content\/uploads\/2024\/10\/Muehle_Sprucke-1536x1024.jpg 1536w, https:\/\/www.lausitzer-museenland.de\/wp-content\/uploads\/2024\/10\/Muehle_Sprucke-2048x1366.jpg 2048w, https:\/\/www.lausitzer-museenland.de\/wp-content\/uploads\/2024\/10\/Muehle_Sprucke-18x12.jpg 18w\" sizes=\"(max-width: 1024px) 100vw, 1024px\" \/><\/a><\/p>\n<p>Technisches Denkmal mit stadt- und regionalgeschichtlicher Ausstellung<\/p>\n<h3>-<\/h3>\n<p>Das Museum befindet sich auf dem Gel\u00e4nde der alten Wasserm\u00fchle im Ortsteil Altsprucke am Schwarzen Flie\u00df. Das Flie\u00df trieb fr\u00fcher bei seinem Lauf von B\u00e4renklau bis zur M\u00fcndung in die Nei\u00dfe sieben solcher Wasserm\u00fchlen an. Bis 1900 wurde die M\u00fchle von einem Wasserrad angetrieben, danach von einer Turbine. Die M\u00fchle war bis Ende der 1960er Jahre als Futterschrotm\u00fchle in Betrieb. Nach mehreren Br\u00e4nden wurde die denkmalgesch\u00fctzte M\u00fchle ab 1980 museumsgerecht, unter Bewahrung der denkmalw\u00fcrdigen Substanz, vor allem der M\u00fchlentechnik umgebaut. Seit 1985 beherbergt das Geb\u00e4ude neben dem technischen Denkmal einer Wasserm\u00fchle auch eine stadtgeschichtliche Ausstellung. Seitdem leistet das Museum in der Sprucker M\u00fchle einen wichtigen Beitrag zur Pflege des gegenst\u00e4ndlichen kulturellen Erbes und zur Erforschung der Heimatgeschichte.<\/p>\n<h3>-<\/h3>\n<p>Die historische M\u00fchlenanlage in Guben blieb als museale Schauanlage erhalten. Im Inneren zeigt sie neben diversen Mahlg\u00e4ngen eine Mahlb\u00fchne mit Schrotgang und Walzenst\u00fchlen aus dem 19. und 20. Jahrhundert.<br \/>\nDie Dauerausstellung wurde im Jahr 1996 neu gestaltet. Zugleich wurden die Au\u00dfenanlagen rekonstruiert und die auf dem Gel\u00e4nde befindliche Scheune zu einem attraktiven Ausstellungs- und Veranstaltungsort umgestaltet. Einen wichtigen Schwerpunkt in der Ausstellung des Museums bildet die Kulturgeschichte der Stadt Guben. Das Heimatmuseum informiert \u00fcber f\u00fcnf zeitliche Phasen:<\/p>\n<ul>\n<li>fr\u00fchgeschichtliche Entwicklung,<\/li>\n<li>mittelalterliche Stadtgeschichte,<\/li>\n<li>Aufstieg zu einer bedeutenden Industrie- und Gartenstadt in der Niederlausitz,<\/li>\n<li>Rolle als bedeutender Standort der Hut-Industrie in Deutschland,<\/li>\n<li>Stadtgeschichte.<\/li>\n<\/ul>\n<p>Die Ausstellung bietet einen Exkurs in die Volkskunst der Region. B\u00e4uerliches Mobiliar, h\u00e4usliche Ger\u00e4tschaften und Handwerkserzeugnisse geben einen Einblick in das Leben der Einwohner.<\/p>\n<h3>Veranstaltungen, Sonderausstellungen<\/h3>\n<p>Nach Anmeldung beim Gubener Standesamt k\u00f6nnen auf dem M\u00fchlenboden Trauungen durchgef\u00fchrt werden. Schulen und berufsbildende Einrichtungen profitieren von speziellen F\u00fchrungen. Das in die Dauerausstellung integrierte alte Klassenzimmer wird f\u00fcr Zeugnisausgaben und bei traditionellen Klassentreffen als Kulisse und Anschauungsobjekt genutzt. In der angrenzenden Museumsscheune k\u00f6nnen Hobbyk\u00fcnstler und Vereine Sonderausstellungen und Veranstaltungen durchf\u00fchren.<\/p>\n<h3>Angebote f\u00fcr Kinder &#8211; Mit Kobi ins Museum<a id=\"kinderangebot_sm_guben\"><\/a><\/h3>\n<p align=\"left\">Kobi \u2013 der kleine Hausgeist \u2013 ist im Museum zu Hause.\u00a0Dort wohnt er im Pantoffel unterm Ofen. Um Mitternacht belauscht er die alten Museumsst\u00fccke, wenn sie von fr\u00fcher erz\u00e4hlen. Diese spannenden Geschichten plaudert er an die Museumsmitarbeiter aus, und diese erz\u00e4hlen sie den Kindern weiter \u2013 Begebenheiten aus alter, alter Zeit.<\/p>\n<p>Kobiangebote:<\/p>\n<p>1. Das Leben der Menschen von damals<\/p>\n<div data-post-id='das-leben-der-menschen-von-damals' class='insert-page insert-page-das-leben-der-menschen-von-damals'>\t\t\t\t\t<p>Im historischen Klassenzimmer und in der \u201eAlten K\u00fcche\u201c des Heimatmuseums \u201eSprucker M\u00fchle\u201c wird den Sch\u00fcler\/innen erkl\u00e4rt und gezeigt, wie und unter welchen Bedingungen fr\u00fcher gelernt und gelebt wurde.Zugleich wird der Bezug zum \u201eHeute und Hier\u201c hergestellt.<\/p>\n<p>Das Angebot findet indoor statt und richtet sich an Vorschulkinder sowie Sch\u00fcler der Klassen 1 bis 6.<br \/>\nTermine: nach Absprache<br \/>\nVoranmeldung: mindestens 2 Wochen vorher<br \/>\nDauer: ca. 45 Minuten<br \/>\nGruppengr\u00f6\u00dfe: bis 25 Personen<br \/>\nEintritt pro Person: 1,00 \u20ac bis 2,00 \u20ac (Gubener Kitas und Schulen haben freien Eintritt)<br \/>\nF\u00fcr F\u00fchrungen wird ein Entgelt pro Gruppe in H\u00f6he von 20,00 \u20ac erhoben.<\/p>\n<p><a title=\"\u201eSprucker M\u00fchle\u201c Guben \/ \u201eSprukojski m\u0142yn\u201d Gubin\" href=\"\/museen\/sprucker-muehle-guben\/\">Heimatmuseum &#8222;Sprucker M\u00fchle&#8220;<\/a><\/p>\n\t\t\t\t\t<\/div>\n<p>2. Schulzeit &#8211; fr\u00fcher und heute<\/p>\n<div data-post-id='schulzeit-frueher-und-heute' class='insert-page insert-page-schulzeit-frueher-und-heute'>\t\t\t\t\t<p>Den Sch\u00fclern wird im historischen Klassenzimmer des Heimatmuseums \u201eSprucker M\u00fchle&#8220; erkl\u00e4rt und gezeigt, wie und unter welchen Bedingungen fr\u00fcher gelernt wurde. Zugleich wird der Bezug zum \u201eHeute und Hier&#8220; hergestellt.<\/p>\n<p>Das Angebot findet indoor statt und richtet sich an Vorschulkinder sowie Sch\u00fcler der Klassen 1 bis 6.<br \/>\nTermine: nach Absprache<br \/>\nVoranmeldung: mindestens 2 Wochen vorher<br \/>\nDauer: ca. 45 Minuten<br \/>\nGruppengr\u00f6\u00dfe: bis 25 Personen<br \/>\nEintritt pro Person: 1,00 \u20ac bis 2,00 \u20ac (Gubener Kitas und Schulen haben freien Eintritt)<br \/>\nF\u00fcr F\u00fchrungen wird ein Entgelt pro Gruppe in H\u00f6he von 20,00 \u20ac erhoben.<\/p>\n<p><a title=\"\u201eSprucker M\u00fchle\u201c Guben \/ \u201eSprukojski m\u0142yn\u201d Gubin\" href=\"\/museen\/sprucker-muehle-guben\/\">Heimatmuseum Sprucker M\u00fchle<\/a><\/p>\n\t\t\t\t\t<\/div>\n<p>3. Zeugnisausgabe<\/p>\n<div data-post-id='projekttag-im-heimatmuseum-guben' class='insert-page insert-page-projekttag-im-heimatmuseum-guben'>\t\t\t\t\t<p>Projekttag im Heimatmuseum &#8222;Sprucker M\u00fchle&#8220; Guben<\/p>\n<p>Durch den Klassenlehrer erfolgt im historischen Klassenzimmer des Heimatmuseums \u201eSprucker M\u00fchle\u201c die Zeugnisausgabe. Bei einer anschlie\u00dfenden F\u00fchrung durch das Heimatmuseum erfahren die Sch\u00fcler\/innen viel Interessantes.<\/p>\n<p>Das Angebot findet indoor statt und richtet sich an Sch\u00fcler<br \/>\nder Klassen 1 bis 10.<br \/>\nTermine: nach Absprache am Tag der Zeugnisausgabe<br \/>\nVoranmeldung: mindestens 2 Wochen vorher<br \/>\nDauer: ca. 45 Minuten<br \/>\nGruppengr\u00f6\u00dfe: bis 25 Personen<br \/>\nEintritt pro Person: 1,00 \u20ac bis 2,00 \u20ac (Gubener Schulen haben freien Eintritt)<br \/>\nF\u00fcr F\u00fchrungen wird ein Entgelt pro Gruppe in H\u00f6he von 20,00 \u20ac erhoben.<\/p>\n<p><a title=\"\u201eSprucker M\u00fchle\u201c Guben \/ \u201eSprukojski m\u0142yn\u201d Gubin\" href=\"\/museen\/sprucker-muehle-guben\/\">Heimatmuseum &#8222;Sprucker M\u00fchle&#8220;<\/a><\/p>\n\t\t\t\t\t<\/div>\n<p>4. Vom Korn zum Mehl<\/p>\n<div data-post-id='vom-korn-zum-mehl' class='insert-page insert-page-vom-korn-zum-mehl'>\t\t\t\t\t<p>In der historischen Wasserm\u00fchle des Heimatmuseums \u201eSprucker M\u00fchle\u201c wird die Vermahlung vom Getreide (Korn) zum Mehl erkl\u00e4rt und gezeigt. Im Anschluss an die F\u00fchrung haben die Sch\u00fcler die M\u00f6glichkeit, in historischer Kleidung selbst einmal auf einer alten Reibem\u00fchle Getreidek\u00f6rner zu Schrot zu vermahlen (Handarbeit).<\/p>\n<p>Das Angebot findet indoor statt und richtet sich an Vorschulkinder sowie Sch\u00fcler der Klassen 1 bis 5.<br \/>\nTermine: nach Absprache<br \/>\nVoranmeldung: mindestens 2 Wochen vorher<br \/>\nDauer: ca. 45 Minuten<br \/>\nGruppengr\u00f6\u00dfe: 6 bis 25 Personen<br \/>\nEintritt pro Person: 1,00 \u20ac bis 2,00 \u20ac (Gubener Kitas und Schulen haben freien Eintritt)<br \/>\nF\u00fcr F\u00fchrungen wird ein Entgelt pro Gruppe in H\u00f6he von 20,00 \u20ac erhoben.<\/p>\n<p><a title=\"\u201eSprucker M\u00fchle\u201c Guben \/ \u201eSprukojski m\u0142yn\u201d Gubin\" href=\"\/museen\/sprucker-muehle-guben\/\">Heimatmuseum &#8222;Sprucker M\u00fchle&#8220;<\/a><\/p>\n\t\t\t\t\t<\/div>\n<p>5. Osterbr\u00e4uche<\/p>\n<div data-post-id='osterbraeuche' class='insert-page insert-page-osterbraeuche'>\t\t\t\t\t<p>Den Kindern bzw. den Sch\u00fcler\/innen werden die Osterbr\u00e4uche aus der Region erkl\u00e4rt (Osterwasser, Osterbrot, Osterfeuer und dergleichen).<\/p>\n<p>Woppeln und Waleien werden vorgestellt und gemeinsam durchgef\u00fchrt.<\/p>\n<p>Diese Arbeitsmaterialien m\u00fcssen mitgebracht werden:<br \/>\npro Kind:<\/p>\n<ul>\n<li>f\u00fcnf einzelne Centst\u00fccke<\/li>\n<li>zwei hartgekochte Ostereier<\/li>\n<\/ul>\n<p>Das Angebot findet indoor und outdoor statt und richtet sich an Vorschulkinder sowie Sch\u00fcler der Klassen 1 bis 6.<br \/>\nTermine: nach Absprache<br \/>\nVoranmeldung: mindestens 2 Wochen vorher<br \/>\nDauer: ca. 45 bis 90 Minuten (je nach Alter und Gr\u00f6\u00dfe der Gruppe)<br \/>\nGruppengr\u00f6\u00dfe: 6 bis 25 Personen<br \/>\nEintritt pro Person: 1,00 \u20ac bis 2,00 \u20ac (Gubener Kitas und Schulen haben freien Eintritt)<\/p>\n<p><a title=\"\u201eSprucker M\u00fchle\u201c Guben \/ \u201eSprukojski m\u0142yn\u201d Gubin\" href=\"\/museen\/sprucker-muehle-guben\/\">Heimatmuseum &#8222;Sprucker M\u00fchle&#8220;<\/a><\/p>\n\t\t\t\t\t<\/div>\n<p>6. Ostereier selbst gestaltet<\/p>\n<div data-post-id='ostereier-selbst-gestaltet' class='insert-page insert-page-ostereier-selbst-gestaltet'>\t\t\t\t\t<p>Mittels verschiedenster Techniken werden Eier unter Anleitung zu bunten Ostereiern gestaltet.<\/p>\n<p>Diese Arbeitsmaterialien m\u00fcssen mitgebracht werden:<strong><em><br \/>\n<\/em><\/strong>hartgekochte Eier (nach Absprache)<\/p>\n<p>Das Angebot findet indoor und outdoor statt und richtet sich an Sch\u00fcler der Klassen 1 bis 7.<br \/>\nTermine: nach Absprache<br \/>\nVoranmeldung: mindestens 1 Monat vorher (langfristige Anmeldung, da das Angebot von Dritten durchgef\u00fchrt wird)<br \/>\nDauer: ca. 45 bis 90 Minuten (je nach Alter und Gr\u00f6\u00dfe der Gruppe)<br \/>\nGruppengr\u00f6\u00dfe: 6 bis 25 Personen<br \/>\nEintritt pro Person: 1,00 \u20ac bis 2,00 \u20ac (Gubener Schulen haben freien Eintritt)<br \/>\nUnkostenbeitrag pro Person (f\u00fcr Material o.\u00e4.): 2,00 \u20ac bis 4,00 \u20ac<\/p>\n<p><a title=\"\u201eSprucker M\u00fchle\u201c Guben \/ \u201eSprukojski m\u0142yn\u201d Gubin\" href=\"\/museen\/sprucker-muehle-guben\/\">Heimatmuseum &#8222;Sprucker M\u00fchle&#8220;<\/a><\/p>\n\t\t\t\t\t<\/div>\n<h3><\/h3>\n<p>&nbsp;<\/p>","protected":false},"excerpt":{"rendered":"<p>Galerie | Ausstellungen | Angebote f\u00fcr Kinder Technisches Denkmal mit stadt- und regionalgeschichtlicher Ausstellung Geb\u00e4ude- \/ Grundst\u00fcckssituation Das Museum befindet sich auf dem Gel\u00e4nde der alten Wasserm\u00fchle im Ortsteil Altsprucke am Schwarzen Flie\u00df. Das Flie\u00df trieb fr\u00fcher bei seinem Lauf von B\u00e4renklau bis zur M\u00fcndung in die Nei\u00dfe sieben solcher Wasserm\u00fchlen an. Bis 1900 wurde<\/p>","protected":false},"author":13,"featured_media":0,"parent":113,"menu_order":0,"comment_status":"closed","ping_status":"closed","template":"","meta":[],"_links":{"self":[{"href":"http:\/\/www.lausitzer-museenland.de\/dsb\/wp-json\/wp\/v2\/pages\/253"}],"collection":[{"href":"http:\/\/www.lausitzer-museenland.de\/dsb\/wp-json\/wp\/v2\/pages"}],"about":[{"href":"http:\/\/www.lausitzer-museenland.de\/dsb\/wp-json\/wp\/v2\/types\/page"}],"author":[{"embeddable":true,"href":"http:\/\/www.lausitzer-museenland.de\/dsb\/wp-json\/wp\/v2\/users\/13"}],"replies":[{"embeddable":true,"href":"http:\/\/www.lausitzer-museenland.de\/dsb\/wp-json\/wp\/v2\/comments?post=253"}],"version-history":[{"count":18,"href":"http:\/\/www.lausitzer-museenland.de\/dsb\/wp-json\/wp\/v2\/pages\/253\/revisions"}],"predecessor-version":[{"id":55373,"href":"http:\/\/www.lausitzer-museenland.de\/dsb\/wp-json\/wp\/v2\/pages\/253\/revisions\/55373"}],"up":[{"embeddable":true,"href":"http:\/\/www.lausitzer-museenland.de\/dsb\/wp-json\/wp\/v2\/pages\/113"}],"wp:attachment":[{"href":"http:\/\/www.lausitzer-museenland.de\/dsb\/wp-json\/wp\/v2\/media?parent=253"}],"curies":[{"name":"wp","href":"https:\/\/api.w.org\/{rel}","templated":true}]}}