{"id":403,"date":"2014-11-12T10:51:07","date_gmt":"2014-11-12T09:51:07","guid":{"rendered":"http:\/\/lausitzer-museenland.de\/?page_id=403"},"modified":"2023-11-30T13:11:02","modified_gmt":"2023-11-30T12:11:02","slug":"ostereiermuseum-sabrodt","status":"publish","type":"page","link":"http:\/\/www.lausitzer-museenland.de\/dsb\/museen\/ostereiermuseum-sabrodt\/","title":{"rendered":"Ostereiermuseum Sabrodt \/ Muzej jat\u0161ownych jajkow Zabrod"},"content":{"rendered":"<p><a href=\"#galerie_sabrodt\">Galeria<\/a> \u00a0| \u00a0<a href=\"#kinderangebot_sabrodt\">Oferty dla dzieci<\/a><br \/>\n<img loading=\"lazy\" class=\"enigma_img_responsive alignnone wp-image-3524\" src=\"https:\/\/www.lausitzer-museenland.de\/wp-content\/uploads\/2014\/11\/157.jpg\" alt=\"1\" width=\"800\" height=\"398\" srcset=\"https:\/\/www.lausitzer-museenland.de\/wp-content\/uploads\/2014\/11\/157.jpg 402w, https:\/\/www.lausitzer-museenland.de\/wp-content\/uploads\/2014\/11\/157-300x149.jpg 300w\" sizes=\"(max-width: 800px) 100vw, 800px\" \/><\/p>\n<\/p>\n<p>K\u0161asnje wupy\u0161njone jat\u0161owne jajka we w\u0161akorakich technikach z ce\u0142ego sw\u011bta, na\u0142ogi a gra\u015ba woko\u0142o jajka, a teke jajowe nopa\u0161ki, gr\u011bjaki abo sudobja se p\u015bedstajaju.<\/p>\n<p>Muzej jat\u0161ownych jajkow jo w za to\u015b te strony typiskem styribocnem dw\u00f3rje. How w Zabro\u017ae w domje Matthesa Kujascha su se r\u011bc, na\u0142ogi a pisanje jajkow wopl\u011bwali. \u0179insa wje\u017ao jogo enkel\u017aowka, Dorothea T\u0161ejkowa, to\u015b te tradicije dalej.<\/p>\n<p>Muzej jat\u0161ownych jajkow Zabrod p\u00f3rucyjo wustaje\u0144cu woko\u0142o jajka. Wi\u017ae\u015b su jat\u0161owne jajka z ce\u0142ego sw\u011bta, k\u00f3tare\u017e su se w\u00f3t c\u0142onkow \u201c\u0141u\u017eyskego domowniskego towaristwa z. t.\u201d w\u00f3t l\u011bta 1971 zb\u011brali. Wogl\u011bdarje zg\u00f3niju wa\u017enu w\u011bdu w\u00f3 na\u0142ogach we w\u0161akorakich l\u011btnych casach a gra\u015bach z jajkami. P\u00f3dla jajkow we w\u0161akorakich technikach a z rozd\u017a\u011blnych materialijow prezent\u011brujo wustaje\u0144ca mimo togo jajowe nopa\u0161ki, jajowe gr\u011bjaki, jajowe sudobja, jajowe nosarje, jajowe njas\u0107arje, jajowe \u0161tapaki a wjele drugich jajowych objektow. W muzeju jo nejw\u011bt\u0161y model za m\u00f3dro\u015bi\u0161\u0107 w\u00f3t Bramborskeje a Sakskeje.<\/p>\n<p>W Zabro\u017ae 1955 wjer\u015bony film \u201cGa\u017e Jan a Lenka swaj\u017abu matej\u201d pokazujo serbsku swaj\u017abu. Ten a druge filmy w\u00f3 serbskich na\u0142ogach, w\u00f3 jajowych na\u0142ogach sw\u011bta a w\u00f3 zajmnostkach \u0141u\u017eyce m\u00f3gu g\u00f3s\u0107i se wogl\u011bda\u015b. Frankska jajowa studnja jo se p\u00f3 p\u015bik\u0142a\u017ae stwari\u0142a a m\u00f3\u017eo se we wenkownem wobce\u0155ku wogl\u011bda\u015b.<\/p>\n<p>\n<p>wundersch\u00f6n gearbeitete Ostereier in verschiedenen Techniken aus aller Welt, Br\u00e4uche und Spiele ums Ei, sowie Eierbecher, &#8211; w\u00e4rmer oder -beh\u00e4lter stellen sich vor<\/p>\n<h3>-<\/h3>\n<p>Das Ostereiermuseum befindet sich in einem f\u00fcr diese Gegend typischen Vierseitenhof. Hier in Sabrodt im Hause Matthes Kujasch wurden Sprache, Brauchtum und das Eierverzieren gepflegt. Heute f\u00fchrt seine Enkeltochter, Dorothea Tsch\u00f6ke, diese Traditionen weiter.<\/p>\n<h3>-<\/h3>\n<p>Das Ostereiermuseum Sabrodt bietet eine Ausstellung rund ums Ei. Zu sehen sind Ostereier aus aller Welt, die von Mitgliedern des \u201eLausitzer Heimatverein e.V.\u201c seit 1971 gesammelt wurden, sowie Siegerkollektionen vom sorbischen \u201eOstereierwettbewerb Bautzen\u201c. Besucher erfahren Wissenswertes \u00fcber Br\u00e4uche zu verschiedenen Jahreszeiten und Spiele mit Eiern. Neben Eiern in den verschiedensten Techniken und aus unterschiedlichen Materialien pr\u00e4sentiert die Ausstellung au\u00dferdem Eierbecher, Eierw\u00e4rmer, Eierbeh\u00e4lter, Eierbringer, Eierleger, Eierstecher und viele andere Eiobjekte. Im Museum befindet sich weiterhin die gr\u00f6\u00dfte Blaudruckmodel von Brandenburg und Sachsen.<br \/>\nDer 1955 in Sabrodt gedrehte Film \u201eWenn Jan und Lenka Hochzeit machen\u201c zeigt die sorbische Hochzeit. Diesen und weitere Filme zum sorbischen\/wendischen Brauchtum, zu Eierbr\u00e4uchen der Welt und zu den Sehensw\u00fcrdigkeiten der Lausitz k\u00f6nnen sich Besucher ansehen.<br \/>\nEin Fr\u00e4nkischer Eierbrunnen wurde nachgebaut und kann in den Au\u00dfenanlagen besichtigt werden.<\/p>\n<h3>-<\/h3>\n<p>Die sorbischen\/wendischen Eierverziertechniken kann man im Museum nicht nur anschauen, sondern auch in Kreativkursen erlernen. In der Eiermalerwerkstatt haben Besucher die M\u00f6glichkeit, mit ihren selbst gestalteten Kunstwerken an einem museumsinternen Wettbewerb teilzunehmen. Dabei k\u00f6nnen auch besonders ausgefallene Eier angefertigt werden, z.B. eine Landschaft im Ei.<br \/>\nIn jedem Jahr sind die preisgekr\u00f6nten Ostereier vom sorbischen \u201eOstereierwettbewerb Bautzen\u201c zu sehen.<br \/>\nAuf einer Wanderausstellung zum Thema Blaudruck werden die Techniken des Blaudrucks erkl\u00e4rt und man erf\u00e4hrt die Unterschiede zwischen dem Blaudruck mit Modeln, dem Industriedruck und dem handgemachten Siebdruck.<\/p>\n<h3>Angebote f\u00fcr Kinder &#8211; Mit Kobi ins Museum<a id=\"kinderangebot_sabrodt\"><\/a><\/h3>\n<p align=\"left\">Kobi \u2013 der kleine Hausgeist \u2013 ist im Museum zu Hause.\u00a0Dort wohnt er im Pantoffel unterm Ofen. Um Mitternacht belauscht er die alten Museumsst\u00fccke, wenn sie von fr\u00fcher erz\u00e4hlen.Diese spannenden Geschichten plaudert er an die Museumsmitarbeiter aus, und diese erz\u00e4hlen sie den Kindern weiter \u2013 Begebenheiten aus alter, alter Zeit.<\/p>\n<p>Kobiangebote:<\/p>\n<p>Alles ums Ei &#8211; sorbisch und weltweit &#8211; Eierbringer, Eierleger, Eiobjekte und viel Witziges rund um das Ei und Eif\u00f6rmiges<\/p>\n<div data-post-id='alles-ums-ei-sorbisch-und-weltweit' class='insert-page insert-page-alles-ums-ei-sorbisch-und-weltweit'>\t\t\t\t\t<p>Eierbringer, Eierleger, Eiobjekte und viel Witziges rund um das Ei und Eif\u00f6rmiges: Preisgekr\u00f6nte Ostereier vom Bautzener Wettbewerb, Br\u00e4uche um das Ei in Deutschland, Eiermalerwerkstatt mit der M\u00f6glichkeit der Teilnahme am Wettbewerb. Man kann f\u00fchlen, schmecken, riechen und h\u00f6ren in der Wunderwelt \u201eAlles ums Ei\u201c. Kurios und einmalig sind viele Exponate des Museums.<br \/>\nM\u00e4dchen k\u00f6nnen eine wendische Tracht anlegen.<br \/>\nBegleitend dazu k\u00f6nnen historische Filme zu Br\u00e4uchen der Sorben und Wenden angesehen werden.<br \/>\nDas Angebot findet indoor oder auch outdoor statt und richtet sich an Vorschulkinder sowie Sch\u00fcler bis zur Klasse 12.<br \/>\nTermine: nach Absprache, Montag bis Sonntag auch am Abend oder nachts als Lichterfest<br \/>\nVoranmeldung: sp\u00e4testens 2 Stunden vorher<br \/>\nGruppengr\u00f6\u00dfe: 5 bis 50 Personen<br \/>\nEintritt pro Person: 3,50 \u20ac<br \/>\nUnkostenbeitrag pro Person (f\u00fcr Material o.\u00e4.): 3,00 \u20ac<\/p>\n<p><em>Folgende Arbeitsmaterialien m\u00fcssen mitgebracht werden:<\/em><br \/>\nausgeblasene Eier oder frische wei\u00dfe Eier<\/p>\n<p><em>Hinweise zum Angebot:<\/em><br \/>\nViele Spiele und Wettbewerbe lustiger Art auf dem Hof oder im Garten sind m\u00f6glich. Auf Wunsch erfolgen eine kleine Kr\u00e4uterkunde im Garten mit Verkostung oder auch der Umgang mit Stockbrot, Sol- oder Zwiebelschaleneiern.<\/p>\n<p>Unter der Voraussetzung, dass Honorar und Fahrkosten erstattet werden, kommt das Angebot auf Wunsch auch in die Kita oder Schule.<\/p>\n<p><a href=\"http:\/\/www.ostereiermuseum.de\/\" target=\"_blank\">Ostereiermuseum Sabrodt<\/a><\/p>\n\t\t\t\t\t<\/div>\n<h3><\/h3>\n<h3>Galeria<a id=\"galerie_sabrodt\"><\/a><\/h3>\n<div id=\"envira-gallery-wrap-403\" class=\"envira-gallery-wrap envira-gallery-theme-base envira-lightbox-theme-base\" itemscope itemtype=\"https:\/\/schema.org\/ImageGallery\"><div data-row-height=\"\" data-gallery-theme=\"\" id=\"envira-gallery-403\" class=\"envira-gallery-public  envira-gallery-3-columns envira-clear enviratope envira-gallery-css-animations\" data-envira-columns=\"3\"><div id=\"envira-gallery-item-3524\" class=\"envira-gallery-item enviratope-item envira-gallery-item-1\" style=\"padding-left: 5px; padding-bottom: 10px; padding-right: 5px;\"  itemscope itemtype=\"https:\/\/schema.org\/ImageObject\"><div class=\"envira-gallery-item-inner\"><div class=\"envira-gallery-position-overlay  envira-gallery-top-left\"><\/div><div class=\"envira-gallery-position-overlay  envira-gallery-top-right\"><\/div><div class=\"envira-gallery-position-overlay  envira-gallery-bottom-left\"><\/div><div class=\"envira-gallery-position-overlay  envira-gallery-bottom-right\"><\/div><a href=\"https:\/\/www.lausitzer-museenland.de\/wp-content\/uploads\/2014\/11\/157.jpg\" class=\"envira-gallery-403 envira-gallery-link\" rel=\"enviragallery403\" title=\"Gr&ouml;&szlig;tes und h&ouml;chstes Ei der Lausitz \/ Foto: Museum\" data-envira-caption=\"Gr&ouml;&szlig;tes und h&ouml;chstes Ei der Lausitz \/ Foto: Museum\" data-envira-retina=\"\" data-thumbnail=\"\"  itemprop=\"contentUrl\"><div class=\"envira-lazy\" data-test-width=\"960\" data-test-height=\"300\" style=\"padding-bottom:31.25%;\"><img id=\"envira-gallery-image-3524\" class=\"envira-gallery-image envira-gallery-image-1\" data-envira-index=\"1\" src=\"https:\/\/www.lausitzer-museenland.de\/wp-content\/uploads\/2014\/11\/157.jpg\" data-envira-src=\"https:\/\/www.lausitzer-museenland.de\/wp-content\/uploads\/2014\/11\/157.jpg\" data-envira-gallery-id=\"403\" data-envira-item-id=\"3524\" data-envira-caption=\"Gr&ouml;&szlig;tes und h&ouml;chstes Ei der Lausitz \/ Foto: Museum\" alt=\"\" title=\"Gr&amp;ouml;&amp;szlig;tes und h&amp;ouml;chstes Ei der Lausitz \/ Foto: Museum\"  itemprop=\"thumbnailUrl\" data-envira-srcset=\"https:\/\/www.lausitzer-museenland.de\/wp-content\/uploads\/2014\/11\/157.jpg 400w,https:\/\/www.lausitzer-museenland.de\/wp-content\/uploads\/2014\/11\/157.jpg 2x\" srcset=\"data:image\/gif;base64,R0lGODlhAQABAIAAAP\/\/\/\/\/\/\/yH5BAEKAAEALAAAAAABAAEAAAICTAEAOw==\" \/><\/div><\/a><\/div><\/div><div id=\"envira-gallery-item-3525\" class=\"envira-gallery-item enviratope-item envira-gallery-item-2\" style=\"padding-left: 5px; padding-bottom: 10px; padding-right: 5px;\"  itemscope itemtype=\"https:\/\/schema.org\/ImageObject\"><div class=\"envira-gallery-item-inner\"><div class=\"envira-gallery-position-overlay  envira-gallery-top-left\"><\/div><div class=\"envira-gallery-position-overlay  envira-gallery-top-right\"><\/div><div class=\"envira-gallery-position-overlay  envira-gallery-bottom-left\"><\/div><div class=\"envira-gallery-position-overlay  envira-gallery-bottom-right\"><\/div><a href=\"https:\/\/www.lausitzer-museenland.de\/wp-content\/uploads\/2014\/11\/224.jpg\" class=\"envira-gallery-403 envira-gallery-link\" rel=\"enviragallery403\" title=\"Frau Tsch&ouml;ke pr&auml;sentiert Ostereier \/ Foto: Museum\" data-envira-caption=\"Frau Tsch&ouml;ke pr&auml;sentiert Ostereier \/ Foto: Museum\" data-envira-retina=\"\" data-thumbnail=\"\"  itemprop=\"contentUrl\"><div class=\"envira-lazy\" data-test-width=\"960\" data-test-height=\"300\" style=\"padding-bottom:31.25%;\"><img id=\"envira-gallery-image-3525\" class=\"envira-gallery-image envira-gallery-image-2\" data-envira-index=\"2\" src=\"https:\/\/www.lausitzer-museenland.de\/wp-content\/uploads\/2014\/11\/224.jpg\" data-envira-src=\"https:\/\/www.lausitzer-museenland.de\/wp-content\/uploads\/2014\/11\/224.jpg\" data-envira-gallery-id=\"403\" data-envira-item-id=\"3525\" data-envira-caption=\"Frau Tsch&ouml;ke pr&auml;sentiert Ostereier \/ Foto: Museum\" alt=\"\" title=\"Frau Tsch&amp;ouml;ke pr&amp;auml;sentiert Ostereier \/ Foto: Museum\"  itemprop=\"thumbnailUrl\" data-envira-srcset=\"https:\/\/www.lausitzer-museenland.de\/wp-content\/uploads\/2014\/11\/224.jpg 400w,https:\/\/www.lausitzer-museenland.de\/wp-content\/uploads\/2014\/11\/224.jpg 2x\" srcset=\"data:image\/gif;base64,R0lGODlhAQABAIAAAP\/\/\/\/\/\/\/yH5BAEKAAEALAAAAAABAAEAAAICTAEAOw==\" \/><\/div><\/a><\/div><\/div><div id=\"envira-gallery-item-3526\" class=\"envira-gallery-item enviratope-item envira-gallery-item-3\" style=\"padding-left: 5px; padding-bottom: 10px; padding-right: 5px;\"  itemscope itemtype=\"https:\/\/schema.org\/ImageObject\"><div class=\"envira-gallery-item-inner\"><div class=\"envira-gallery-position-overlay  envira-gallery-top-left\"><\/div><div class=\"envira-gallery-position-overlay  envira-gallery-top-right\"><\/div><div class=\"envira-gallery-position-overlay  envira-gallery-bottom-left\"><\/div><div class=\"envira-gallery-position-overlay  envira-gallery-bottom-right\"><\/div><a href=\"https:\/\/www.lausitzer-museenland.de\/wp-content\/uploads\/2014\/11\/315.jpg\" class=\"envira-gallery-403 envira-gallery-link\" rel=\"enviragallery403\" title=\"Fr&auml;nkischer Eierbrunnen in Sabrodt \/ Foto: Museum\" data-envira-caption=\"Fr&auml;nkischer Eierbrunnen in Sabrodt \/ Foto: Museum\" data-envira-retina=\"\" data-thumbnail=\"\"  itemprop=\"contentUrl\"><div class=\"envira-lazy\" data-test-width=\"960\" data-test-height=\"300\" style=\"padding-bottom:31.25%;\"><img id=\"envira-gallery-image-3526\" class=\"envira-gallery-image envira-gallery-image-3\" data-envira-index=\"3\" src=\"https:\/\/www.lausitzer-museenland.de\/wp-content\/uploads\/2014\/11\/315.jpg\" data-envira-src=\"https:\/\/www.lausitzer-museenland.de\/wp-content\/uploads\/2014\/11\/315.jpg\" data-envira-gallery-id=\"403\" data-envira-item-id=\"3526\" data-envira-caption=\"Fr&auml;nkischer Eierbrunnen in Sabrodt \/ Foto: Museum\" alt=\"\" title=\"Fr&amp;auml;nkischer Eierbrunnen in Sabrodt \/ Foto: Museum\"  itemprop=\"thumbnailUrl\" data-envira-srcset=\"https:\/\/www.lausitzer-museenland.de\/wp-content\/uploads\/2014\/11\/315.jpg 400w,https:\/\/www.lausitzer-museenland.de\/wp-content\/uploads\/2014\/11\/315.jpg 2x\" srcset=\"data:image\/gif;base64,R0lGODlhAQABAIAAAP\/\/\/\/\/\/\/yH5BAEKAAEALAAAAAABAAEAAAICTAEAOw==\" \/><\/div><\/a><\/div><\/div><\/div><\/div><noscript><img src=\"https:\/\/www.lausitzer-museenland.de\/wp-content\/uploads\/2014\/11\/157.jpg\" alt=\"\" \/><img src=\"https:\/\/www.lausitzer-museenland.de\/wp-content\/uploads\/2014\/11\/224.jpg\" alt=\"\" \/><img src=\"https:\/\/www.lausitzer-museenland.de\/wp-content\/uploads\/2014\/11\/315.jpg\" alt=\"\" \/><\/noscript>","protected":false},"excerpt":{"rendered":"<p>Galerie \u00a0| \u00a0Angebote f\u00fcr Kinder wundersch\u00f6n gearbeitete Ostereier in verschiedenen Techniken aus aller Welt, Br\u00e4uche und Spiele ums Ei, sowie Eierbecher, &#8211; w\u00e4rmer oder -beh\u00e4lter stellen sich vor Geb\u00e4ude- \/ Grundst\u00fcckssituation Das Ostereiermuseum befindet sich in einem f\u00fcr diese Gegend typischen Vierseitenhof. Hier in Sabrodt im Hause Matthes Kujasch wurden Sprache, Brauchtum und das Eierverzieren<\/p>","protected":false},"author":13,"featured_media":0,"parent":113,"menu_order":0,"comment_status":"closed","ping_status":"closed","template":"","meta":[],"_links":{"self":[{"href":"http:\/\/www.lausitzer-museenland.de\/dsb\/wp-json\/wp\/v2\/pages\/403"}],"collection":[{"href":"http:\/\/www.lausitzer-museenland.de\/dsb\/wp-json\/wp\/v2\/pages"}],"about":[{"href":"http:\/\/www.lausitzer-museenland.de\/dsb\/wp-json\/wp\/v2\/types\/page"}],"author":[{"embeddable":true,"href":"http:\/\/www.lausitzer-museenland.de\/dsb\/wp-json\/wp\/v2\/users\/13"}],"replies":[{"embeddable":true,"href":"http:\/\/www.lausitzer-museenland.de\/dsb\/wp-json\/wp\/v2\/comments?post=403"}],"version-history":[{"count":14,"href":"http:\/\/www.lausitzer-museenland.de\/dsb\/wp-json\/wp\/v2\/pages\/403\/revisions"}],"predecessor-version":[{"id":53960,"href":"http:\/\/www.lausitzer-museenland.de\/dsb\/wp-json\/wp\/v2\/pages\/403\/revisions\/53960"}],"up":[{"embeddable":true,"href":"http:\/\/www.lausitzer-museenland.de\/dsb\/wp-json\/wp\/v2\/pages\/113"}],"wp:attachment":[{"href":"http:\/\/www.lausitzer-museenland.de\/dsb\/wp-json\/wp\/v2\/media?parent=403"}],"curies":[{"name":"wp","href":"https:\/\/api.w.org\/{rel}","templated":true}]}}