{"id":436,"date":"2014-11-12T11:18:53","date_gmt":"2014-11-12T10:18:53","guid":{"rendered":"http:\/\/lausitzer-museenland.de\/?page_id=436"},"modified":"2021-04-04T09:30:18","modified_gmt":"2021-04-04T07:30:18","slug":"heimatstube-welzow","status":"publish","type":"page","link":"http:\/\/www.lausitzer-museenland.de\/dsb\/museen\/heimatstube-welzow\/","title":{"rendered":"Heimatstube Welzow \/ Domowniska \u015bpa Wjelcej"},"content":{"rendered":"<p><a href=\"#galerie_h_welzow\">Galeria<\/a> |\u00a0<a href=\"#austellung_h_welzow\">Ausstellungen<\/a>\u00a0| \u00a0<a href=\"#kinderangebot_h_welzow\">Oferty dla dzieci<\/a><br \/>\n<a href=\"https:\/\/www.lausitzer-museenland.de\/wp-content\/uploads\/2020\/11\/Heimatstube_Welzow.png\"><img loading=\"lazy\" class=\"aligncenter size-full wp-image-53158\" src=\"https:\/\/www.lausitzer-museenland.de\/wp-content\/uploads\/2020\/11\/Heimatstube_Welzow.png\" alt=\"\" width=\"750\" height=\"431\" srcset=\"https:\/\/www.lausitzer-museenland.de\/wp-content\/uploads\/2020\/11\/Heimatstube_Welzow.png 750w, https:\/\/www.lausitzer-museenland.de\/wp-content\/uploads\/2020\/11\/Heimatstube_Welzow-300x172.png 300w\" sizes=\"(max-width: 750px) 100vw, 750px\" \/><\/a>Domizil der Heimatforscher<\/p>\n<h3>-<\/h3>\n<p>Der &#8222;Heimatverein Welzow e.V.&#8220; hat seine Heimatstube im Parterre eines Wohnhauses eingerichtet. In zwei R\u00e4umen eines ehemaligen Ladengesch\u00e4ftes ist die Sammlung untergebracht. Der erste Raum beherbergt die Dauerausstellung. Ein zweiter Raum steht f\u00fcr Sonderausstellungen und die Aufbewahrung von Dokumentationen und der Fotosammlung zur Verf\u00fcgung.<\/p>\n<h3>-<\/h3>\n<p>Mit der Heimatstube hat der Verein das Ziel, die Geschichte der Stadt Welzow \u00fcber museale Exponate in verschiedenen Themenkomplexen zu dokumentieren. Schwerpunkte in der Exposition bilden die Bereiche Kohle- und Glasindustrie, Schul- und Vereinsgeschichte.<\/p>\n<h3>-<a id=\"austellung_h_welzow\"><\/a><\/h3>\n<p>In dem daf\u00fcr vorgesehen Raum der Heimatstube f\u00fchrt der Verein mindestens eine Sonderausstellung pro Jahr durch, sie wird wesentlich mittels Leihgaben best\u00fcckt.<\/p>\n<p>Sehr engagiert ist der Verein bei der Etablierung einer kontinuierlichen Ausstellungstradition in der Heimatstube. Hier sollen haupts\u00e4chlich Kunstausstellungen mit regionalem Bezug stattfinden.<\/p>\n<p>Wesentliches Augenmerk des Heimatvereins liegt in der Erarbeitung und Publikation heimatkundlicher Schriften.<\/p>\n<h3>Angebote f\u00fcr Kinder &#8211; Mit Kobi ins Museum<a id=\"kinderangebot_h_welzow\"><\/a><\/h3>\n<p align=\"left\">Kobi \u2013 der kleine Hausgeist \u2013 ist im Museum zu Hause.\u00a0Dort wohnt er im Pantoffel unterm Ofen. Um Mitternacht belauscht er die alten Museumsst\u00fccke, wenn sie von fr\u00fcher erz\u00e4hlen.Diese spannenden Geschichten plaudert er an die Museumsmitarbeiter aus, und diese erz\u00e4hlen sie den Kindern weiter \u2013 Begebenheiten aus alter, alter Zeit.<\/p>\n<p>Kobiangebote:<\/p>\n<h5>Industriegeschichte zwischen Kohle und Glas<\/h5>\n<div data-post-id='industriegeschichte-zwischen-kohle-und-glas' class='insert-page insert-page-industriegeschichte-zwischen-kohle-und-glas'>\t\t\t\t\t<p>Mit der Heimatstube verfolgt der Heimatverein Welzow e. V. das Ziel, die Geschichte der Stadt Welzow \u00fcber museale Exponate in verschiedenen Themenkomplexen zu dokumentieren. Schwerpunkte in der Exposition bilden die Bereiche Kohle- und Glasindustrie, Schul- und Vereinsgeschichte.<\/p>\n<p>Das Angebot findet indoor statt und richtet sich an Vorschulkinder bis zur Klassenstufe 10.<br \/>\nTermine: nach Absprache<br \/>\nVoranmeldung: sp\u00e4testens zwei Wochen vorher<\/p>\n<p><a title=\"Heimatstube Welzow \/ Domowniska \u015bpa Wjelcej\" href=\"\/museen\/heimatstube-welzow\/\">Heimatstube Welzow<\/a><\/p>\n\t\t\t\t\t<\/div>\n<h3><\/h3>\n<p>&nbsp;<\/p>\n<h3>Galeria<a id=\"galerie_h_welzow\"><\/a><\/h3>\n<div id=\"envira-gallery-wrap-436\" class=\"envira-gallery-wrap envira-gallery-theme-base envira-lightbox-theme-base\" itemscope itemtype=\"https:\/\/schema.org\/ImageGallery\"><div data-row-height=\"\" data-gallery-theme=\"\" id=\"envira-gallery-436\" class=\"envira-gallery-public  envira-gallery-3-columns envira-clear enviratope envira-gallery-css-animations\" data-envira-columns=\"3\"><div id=\"envira-gallery-item-3454\" class=\"envira-gallery-item enviratope-item envira-gallery-item-1\" style=\"padding-left: 5px; padding-bottom: 10px; padding-right: 5px;\"  itemscope itemtype=\"https:\/\/schema.org\/ImageObject\"><div class=\"envira-gallery-item-inner\"><div class=\"envira-gallery-position-overlay  envira-gallery-top-left\"><\/div><div class=\"envira-gallery-position-overlay  envira-gallery-top-right\"><\/div><div class=\"envira-gallery-position-overlay  envira-gallery-bottom-left\"><\/div><div class=\"envira-gallery-position-overlay  envira-gallery-bottom-right\"><\/div><a href=\"https:\/\/www.lausitzer-museenland.de\/wp-content\/uploads\/2014\/11\/150.jpg\" class=\"envira-gallery-436 envira-gallery-link\" rel=\"enviragallery436\" title=\"Ausstellung \/ Foto: Heimatverein\" data-envira-caption=\"Ausstellung \/ Foto: Heimatverein\" data-envira-retina=\"\" data-thumbnail=\"\"  itemprop=\"contentUrl\"><div class=\"envira-lazy\" data-test-width=\"960\" data-test-height=\"300\" style=\"padding-bottom:31.25%;\"><img id=\"envira-gallery-image-3454\" class=\"envira-gallery-image envira-gallery-image-1\" data-envira-index=\"1\" src=\"https:\/\/www.lausitzer-museenland.de\/wp-content\/uploads\/2014\/11\/150.jpg\" data-envira-src=\"https:\/\/www.lausitzer-museenland.de\/wp-content\/uploads\/2014\/11\/150.jpg\" data-envira-gallery-id=\"436\" data-envira-item-id=\"3454\" data-envira-caption=\"Ausstellung \/ Foto: Heimatverein\" alt=\"\" title=\"Ausstellung \/ Foto: Heimatverein\"  itemprop=\"thumbnailUrl\" data-envira-srcset=\"https:\/\/www.lausitzer-museenland.de\/wp-content\/uploads\/2014\/11\/150.jpg 400w,https:\/\/www.lausitzer-museenland.de\/wp-content\/uploads\/2014\/11\/150.jpg 2x\" srcset=\"data:image\/gif;base64,R0lGODlhAQABAIAAAP\/\/\/\/\/\/\/yH5BAEKAAEALAAAAAABAAEAAAICTAEAOw==\" \/><\/div><\/a><\/div><\/div><div id=\"envira-gallery-item-3455\" class=\"envira-gallery-item enviratope-item envira-gallery-item-2\" style=\"padding-left: 5px; padding-bottom: 10px; padding-right: 5px;\"  itemscope itemtype=\"https:\/\/schema.org\/ImageObject\"><div class=\"envira-gallery-item-inner\"><div class=\"envira-gallery-position-overlay  envira-gallery-top-left\"><\/div><div class=\"envira-gallery-position-overlay  envira-gallery-top-right\"><\/div><div class=\"envira-gallery-position-overlay  envira-gallery-bottom-left\"><\/div><div class=\"envira-gallery-position-overlay  envira-gallery-bottom-right\"><\/div><a href=\"https:\/\/www.lausitzer-museenland.de\/wp-content\/uploads\/2014\/11\/217.jpg\" class=\"envira-gallery-436 envira-gallery-link\" rel=\"enviragallery436\" title=\"Heimatstube Welzow \/ Foto: Heimatverein\" data-envira-caption=\"Heimatstube Welzow \/ Foto: Heimatverein\" data-envira-retina=\"\" data-thumbnail=\"\"  itemprop=\"contentUrl\"><div class=\"envira-lazy\" data-test-width=\"960\" data-test-height=\"300\" style=\"padding-bottom:31.25%;\"><img id=\"envira-gallery-image-3455\" class=\"envira-gallery-image envira-gallery-image-2\" data-envira-index=\"2\" src=\"https:\/\/www.lausitzer-museenland.de\/wp-content\/uploads\/2014\/11\/217.jpg\" data-envira-src=\"https:\/\/www.lausitzer-museenland.de\/wp-content\/uploads\/2014\/11\/217.jpg\" data-envira-gallery-id=\"436\" data-envira-item-id=\"3455\" data-envira-caption=\"Heimatstube Welzow \/ Foto: Heimatverein\" alt=\"\" title=\"Heimatstube Welzow \/ Foto: Heimatverein\"  itemprop=\"thumbnailUrl\" data-envira-srcset=\"https:\/\/www.lausitzer-museenland.de\/wp-content\/uploads\/2014\/11\/217.jpg 400w,https:\/\/www.lausitzer-museenland.de\/wp-content\/uploads\/2014\/11\/217.jpg 2x\" srcset=\"data:image\/gif;base64,R0lGODlhAQABAIAAAP\/\/\/\/\/\/\/yH5BAEKAAEALAAAAAABAAEAAAICTAEAOw==\" \/><\/div><\/a><\/div><\/div><div id=\"envira-gallery-item-3456\" class=\"envira-gallery-item enviratope-item envira-gallery-item-3\" style=\"padding-left: 5px; padding-bottom: 10px; padding-right: 5px;\"  itemscope itemtype=\"https:\/\/schema.org\/ImageObject\"><div class=\"envira-gallery-item-inner\"><div class=\"envira-gallery-position-overlay  envira-gallery-top-left\"><\/div><div class=\"envira-gallery-position-overlay  envira-gallery-top-right\"><\/div><div class=\"envira-gallery-position-overlay  envira-gallery-bottom-left\"><\/div><div class=\"envira-gallery-position-overlay  envira-gallery-bottom-right\"><\/div><a href=\"https:\/\/www.lausitzer-museenland.de\/wp-content\/uploads\/2014\/11\/39.jpg\" class=\"envira-gallery-436 envira-gallery-link\" rel=\"enviragallery436\" title=\"Blick in die Heimatstube \/ Foto: Heimatverein\" data-envira-caption=\"Blick in die Heimatstube \/ Foto: Heimatverein\" data-envira-retina=\"\" data-thumbnail=\"\"  itemprop=\"contentUrl\"><div class=\"envira-lazy\" data-test-width=\"960\" data-test-height=\"300\" style=\"padding-bottom:31.25%;\"><img id=\"envira-gallery-image-3456\" class=\"envira-gallery-image envira-gallery-image-3\" data-envira-index=\"3\" src=\"https:\/\/www.lausitzer-museenland.de\/wp-content\/uploads\/2014\/11\/39.jpg\" data-envira-src=\"https:\/\/www.lausitzer-museenland.de\/wp-content\/uploads\/2014\/11\/39.jpg\" data-envira-gallery-id=\"436\" data-envira-item-id=\"3456\" data-envira-caption=\"Blick in die Heimatstube \/ Foto: Heimatverein\" alt=\"\" title=\"Blick in die Heimatstube \/ Foto: Heimatverein\"  itemprop=\"thumbnailUrl\" data-envira-srcset=\"https:\/\/www.lausitzer-museenland.de\/wp-content\/uploads\/2014\/11\/39.jpg 400w,https:\/\/www.lausitzer-museenland.de\/wp-content\/uploads\/2014\/11\/39.jpg 2x\" srcset=\"data:image\/gif;base64,R0lGODlhAQABAIAAAP\/\/\/\/\/\/\/yH5BAEKAAEALAAAAAABAAEAAAICTAEAOw==\" \/><\/div><\/a><\/div><\/div><\/div><\/div><noscript><img src=\"https:\/\/www.lausitzer-museenland.de\/wp-content\/uploads\/2014\/11\/150.jpg\" alt=\"\" \/><img src=\"https:\/\/www.lausitzer-museenland.de\/wp-content\/uploads\/2014\/11\/217.jpg\" alt=\"\" \/><img src=\"https:\/\/www.lausitzer-museenland.de\/wp-content\/uploads\/2014\/11\/39.jpg\" alt=\"\" \/><\/noscript>","protected":false},"excerpt":{"rendered":"<p>Galerie |\u00a0Ausstellungen\u00a0| \u00a0Angebote f\u00fcr Kinder Domizil der Heimatforscher Geb\u00e4ude- \/ Grundst\u00fcckssituation Der &#8222;Heimatverein Welzow e.V.&#8220; hat seine Heimatstube im Parterre eines Wohnhauses eingerichtet. In zwei R\u00e4umen eines ehemaligen Ladengesch\u00e4ftes ist die Sammlung untergebracht. Der erste Raum beherbergt die Dauerausstellung. Ein zweiter Raum steht f\u00fcr Sonderausstellungen und die Aufbewahrung von Dokumentationen und der Fotosammlung zur Verf\u00fcgung.<\/p>","protected":false},"author":13,"featured_media":0,"parent":113,"menu_order":0,"comment_status":"closed","ping_status":"closed","template":"","meta":[],"_links":{"self":[{"href":"http:\/\/www.lausitzer-museenland.de\/dsb\/wp-json\/wp\/v2\/pages\/436"}],"collection":[{"href":"http:\/\/www.lausitzer-museenland.de\/dsb\/wp-json\/wp\/v2\/pages"}],"about":[{"href":"http:\/\/www.lausitzer-museenland.de\/dsb\/wp-json\/wp\/v2\/types\/page"}],"author":[{"embeddable":true,"href":"http:\/\/www.lausitzer-museenland.de\/dsb\/wp-json\/wp\/v2\/users\/13"}],"replies":[{"embeddable":true,"href":"http:\/\/www.lausitzer-museenland.de\/dsb\/wp-json\/wp\/v2\/comments?post=436"}],"version-history":[{"count":15,"href":"http:\/\/www.lausitzer-museenland.de\/dsb\/wp-json\/wp\/v2\/pages\/436\/revisions"}],"predecessor-version":[{"id":53300,"href":"http:\/\/www.lausitzer-museenland.de\/dsb\/wp-json\/wp\/v2\/pages\/436\/revisions\/53300"}],"up":[{"embeddable":true,"href":"http:\/\/www.lausitzer-museenland.de\/dsb\/wp-json\/wp\/v2\/pages\/113"}],"wp:attachment":[{"href":"http:\/\/www.lausitzer-museenland.de\/dsb\/wp-json\/wp\/v2\/media?parent=436"}],"curies":[{"name":"wp","href":"https:\/\/api.w.org\/{rel}","templated":true}]}}