{"id":53796,"date":"2022-04-26T09:44:08","date_gmt":"2022-04-26T07:44:08","guid":{"rendered":"https:\/\/www.lausitzer-museenland.de\/?page_id=53796"},"modified":"2024-09-06T13:52:42","modified_gmt":"2024-09-06T11:52:42","slug":"schloss-hornow-grod-lesce","status":"publish","type":"page","link":"http:\/\/www.lausitzer-museenland.de\/dsb\/museen\/schloss-hornow-grod-lesce\/","title":{"rendered":"Schloss Hornow \/ grod L\u011b\u0161\u0107e"},"content":{"rendered":"<p><a href=\"https:\/\/www.lausitzer-museenland.de\/wp-content\/uploads\/2022\/04\/Schloss-Hornow.png\"><img loading=\"lazy\" class=\"size-full wp-image-53803 aligncenter\" src=\"https:\/\/www.lausitzer-museenland.de\/wp-content\/uploads\/2022\/04\/Schloss-Hornow.png\" alt=\"\" width=\"612\" height=\"441\" srcset=\"https:\/\/www.lausitzer-museenland.de\/wp-content\/uploads\/2022\/04\/Schloss-Hornow.png 612w, https:\/\/www.lausitzer-museenland.de\/wp-content\/uploads\/2022\/04\/Schloss-Hornow-300x216.png 300w\" sizes=\"(max-width: 612px) 100vw, 612px\" \/><\/a><br \/>\n<strong>Denkmalgesch\u00fctztes Herrenhaus mit bewegter Geschichte<\/strong><\/p>\n<h3>-<\/h3>\n<p>Das Hornower Schloss erhielt seine heutige Gestalt im Wesentlichen im Jahre 1862, als es zum herrschaftlichen Wohnsitz der Familie Wilkins ausgebaut wurde. Aufgefundene Umbaupl\u00e4ne aus dem Jahr 1790 belegen, dass Teile des Schlosses deutlich \u00e4lter sind. Die repr\u00e4sentative Gestaltung des Grundrisses als auch der Au\u00dfenfassade weisen auf eine Entstehung in der Epoche des Sp\u00e4tbarock oder Fr\u00fchklassizismus hin. Mit dem Wechsel der Besitzer und neuen stilistischen Einfl\u00fcssen gingen bauliche Ver\u00e4nderungen des Geb\u00e4udes einher. So wurde der Turm komplett abgetragen, nachdem er bei Kampfhandlungen Ende des 2. Weltkrieges besch\u00e4digt wurde. Bereits im Jahr 1982 wurde das Schloss zum Denkmal erkl\u00e4rt und im Jahr 1998 dann als \u201eHerrenhaus mit Park und Erbbegr\u00e4bnis\u201c in die Denkmalliste des Landes Brandenburg aufgenommen.<\/p>\n<h3>-<\/h3>\n<p>Erstmals urkundlich erw\u00e4hnt wurde das Gut Hornow um 1436. Es wechselte einige Male den Besitzer, zu denen auch F\u00fcrst P\u00fcckler geh\u00f6rte, bis es 1862 an die Familie Wilkins ging. Mit dem Besitz u.a. einer Kohlegrube und mehrerer Plantagen in West-Usambara kam der damalige Spremberger Landrat und Kirchenpatron Dr. jur. Erwin Wilkins zu Verm\u00f6gen, mit dem er 1903 das Herrenhaus zum Schloss umbaute und den Park erheblich erweiterte. Im Jahr 1944 wurde eine Abteilung der Schwedischen Botschaft von Berlin nach Hornow ausgelagert, ein Jahr sp\u00e4ter wurde es von sowjetischen Soldaten besetzt. Nach Kriegende wurde die Familie Wilkins enteignet. Anschlie\u00dfend wurden 1946 Vertriebene im Schloss untergebracht, bis zwei Jahre sp\u00e4ter eine Krankenstation sowie ein Kindergarten eingerichtet wurden. In den Jahren 1997 bis 2009 folgten Sanierungen im Innen- und Au\u00dfenbereich des Schlosses, das heute eine Begegnungsst\u00e4tte zum kulturellen Austausch ist. Die Geschichte des Geb\u00e4udes und des Schlossparks wird ab September 2022 in einer Ausstellung gezeigt. Dabei ist das Schloss selbst zus\u00e4tzlich der \u201eAusstellungsgegenstand\u201c mit seinem einmaligen Deckengem\u00e4lde von Max Rabes, einer der anerkanntesten deutschen Maler seiner Zeit, seinen besonderen teils original erhaltenen Parkett-Fu\u00dfb\u00f6den, der originellen Fensterverdunkelungsm\u00f6glichkeit im sogenannten Empire-Saal und vielen Highlights mehr.<\/p>\n<h3>Sonderausstellungen\/ Begleitangebote<\/h3>\n<p>Das Hornower Schloss wird regelm\u00e4\u00dfig zu einem Zentrum der Kultur. So finden hier Konzerte, Lesungen, Theater, Kabarett, Kino, Kunstausstellungen und vieles mehr statt. Der Kulturverein beteiligt sich an den Museumsn\u00e4chten des Landkreises Spree-Nei\u00dfe.<\/p>\n<h3>Angebote f\u00fcr Kinder &#8211; Mit Kobi ins Museum<a id=\"\/erkundungen_im_schloss_hornow\"><\/a><\/h3>\n<p>Kobi \u2013 der kleine Hausgeist \u2013 ist im Museum zu Hause. Dort wohnt er im Pantoffel unterm Ofen. Um Mitternacht belauscht er die alten Museumsst\u00fccke, wenn sie von fr\u00fcher erz\u00e4hlen. Diese spannenden Geschichten plaudert er an die Museumsmitarbeiter aus, und diese erz\u00e4hlen sie den Kindern weiter \u2013 Begebenheiten aus alter, alter Zeit.<\/p>\n<p class=\"entry-title post-title\"><a href=\"#kinderangebot_hornow\">Kobiangebote:<\/a><\/p>\n<h5>Erkundungen im Schloss<\/h5>\n<div data-post-id='erkundungen-im-schloss-hornow' class='insert-page insert-page-erkundungen-im-schloss-hornow'>\t\t\t\t\t<p>Im Schloss Hornow k\u00f6nnen Kinder auf Entdeckungsreise gehen und die verborgenen Sch\u00e4tze und Geheimnisse des Schlosses erkunden.<br \/>\nF\u00fcr Kinder von 5 bis 9 Jahren gibt es eine kleine Schnitzeljagd, die nicht nur unterhaltsam, sondern auch lehrreich ist, da sie die Geschichte des Schlosses und seiner Bewohner n\u00e4her bringt.<br \/>\nF\u00fcr Kinder und Jugendliche ab 10 Jahren geht es darum, das L\u00f6sungswort des Schlosskreuzwortr\u00e4tsels zu finden.<br \/>\nAm Ende erh\u00e4lt jeder eine Urkunde und eine kleine \u00dcberraschung!<br \/>\nDas Angebot findet indoor statt und kann auch von Schulklassen genutzt werden.<br \/>\nTermine: nach Vereinbarung<br \/>\nVoranmeldung: 2 Wochen im Voraus<br \/>\nDauer<br \/>\nSchnitzeljagd: ca. 25 bis 30 Minuten (je nach L\u00f6sungsgeschwindigkeit der Kinder)<br \/>\nSchloss-Kreuzwortr\u00e4tsel: ca. 35 bis 50 Minuten (je nach L\u00f6sungsgeschwindigkeit der Kinder und Jugendlichen)<br \/>\nGruppengr\u00f6\u00dfe<br \/>\nSchnitzeljagd: bis zu 5 Personen<br \/>\nSchloss-Kreuzwortr\u00e4tsel: bis zu 20 Personen<br \/>\nKosten: Das Angebot ist kostenlos. Der Verein freut sich jedoch \u00fcber Spenden.<\/p>\n<p><a title=\"Schloss Hornow \/ grod L\u011b\u0161\u0107e\" href=\"\/museen\/schloss-hornow-grod-lesce\/\">Schloss Hornow<\/a><\/p>\n\t\t\t\t\t<\/div>\n<h3><\/h3>","protected":false},"excerpt":{"rendered":"<p>Denkmalgesch\u00fctztes Herrenhaus mit bewegter Geschichte Geb\u00e4ude- \/ Grundst\u00fcckssituation Das Hornower Schloss erhielt seine heutige Gestalt im Wesentlichen im Jahre 1862, als es zum herrschaftlichen Wohnsitz der Familie Wilkins ausgebaut wurde. Aufgefundene Umbaupl\u00e4ne aus dem Jahr 1790 belegen, dass Teile des Schlosses deutlich \u00e4lter sind. Die repr\u00e4sentative Gestaltung des Grundrisses als auch der Au\u00dfenfassade weisen auf<\/p>","protected":false},"author":13,"featured_media":0,"parent":113,"menu_order":0,"comment_status":"closed","ping_status":"closed","template":"","meta":[],"_links":{"self":[{"href":"http:\/\/www.lausitzer-museenland.de\/dsb\/wp-json\/wp\/v2\/pages\/53796"}],"collection":[{"href":"http:\/\/www.lausitzer-museenland.de\/dsb\/wp-json\/wp\/v2\/pages"}],"about":[{"href":"http:\/\/www.lausitzer-museenland.de\/dsb\/wp-json\/wp\/v2\/types\/page"}],"author":[{"embeddable":true,"href":"http:\/\/www.lausitzer-museenland.de\/dsb\/wp-json\/wp\/v2\/users\/13"}],"replies":[{"embeddable":true,"href":"http:\/\/www.lausitzer-museenland.de\/dsb\/wp-json\/wp\/v2\/comments?post=53796"}],"version-history":[{"count":14,"href":"http:\/\/www.lausitzer-museenland.de\/dsb\/wp-json\/wp\/v2\/pages\/53796\/revisions"}],"predecessor-version":[{"id":55276,"href":"http:\/\/www.lausitzer-museenland.de\/dsb\/wp-json\/wp\/v2\/pages\/53796\/revisions\/55276"}],"up":[{"embeddable":true,"href":"http:\/\/www.lausitzer-museenland.de\/dsb\/wp-json\/wp\/v2\/pages\/113"}],"wp:attachment":[{"href":"http:\/\/www.lausitzer-museenland.de\/dsb\/wp-json\/wp\/v2\/media?parent=53796"}],"curies":[{"name":"wp","href":"https:\/\/api.w.org\/{rel}","templated":true}]}}