{"id":597,"date":"2014-11-14T17:04:38","date_gmt":"2014-11-14T16:04:38","guid":{"rendered":"http:\/\/lausitzer-museenland.de\/?page_id=597"},"modified":"2022-06-10T13:14:12","modified_gmt":"2022-06-10T11:14:12","slug":"partner","status":"publish","type":"page","link":"http:\/\/www.lausitzer-museenland.de\/dsb\/service\/partner\/","title":{"rendered":"Partner"},"content":{"rendered":"<p><a href=\"https:\/\/www.lausitzer-museenland.de\/wp-content\/uploads\/2014\/11\/partner.jpg\"><img loading=\"lazy\" class=\"enigma_img_responsive alignnone wp-image-1420\" src=\"https:\/\/www.lausitzer-museenland.de\/wp-content\/uploads\/2014\/11\/partner.jpg\" alt=\"partner\" width=\"800\" height=\"398\" srcset=\"https:\/\/www.lausitzer-museenland.de\/wp-content\/uploads\/2014\/11\/partner.jpg 402w, https:\/\/www.lausitzer-museenland.de\/wp-content\/uploads\/2014\/11\/partner-300x149.jpg 300w, https:\/\/www.lausitzer-museenland.de\/wp-content\/uploads\/2014\/11\/partner-100x49.jpg 100w, https:\/\/www.lausitzer-museenland.de\/wp-content\/uploads\/2014\/11\/partner-150x74.jpg 150w, https:\/\/www.lausitzer-museenland.de\/wp-content\/uploads\/2014\/11\/partner-200x99.jpg 200w\" sizes=\"(max-width: 800px) 100vw, 800px\" \/><\/a>Gemeinsam f\u00fcr die Kultur<\/p>\n<p>Jedes Projekt lebt von Menschen, die sich daf\u00fcr begeistern k\u00f6nnen. Menschen, die sich stark machen f\u00fcr Kultur und Museum. Sie finden sich besonders in den musealen Einrichtungen, in der Verwaltung, bei den Tr\u00e4gern, in verschiedenen privatwirtschaftlichen Unternehmungen sowie den Medien.<\/p>\n<p>F\u00fcr Mut, Willen und Engagement sei an dieser Stelle herzlich gedankt!<\/p>\n<p>&nbsp;<\/p>\n<h3>Partner:<\/h3>\n<p><a title=\"Europ\u00e4ischer Sozialfonds\" href=\"http:\/\/www.ec.europa.eu\/\" target=\"_blank\" rel=\"noopener\">Europ\u00e4ischer Sozialfonds ESF<\/a><\/p>\n<p><a title=\"Land Brandenburg\" href=\"http:\/\/www.brandenburg.de\/\" target=\"_blank\" rel=\"noopener\">Land Brandenburg<\/a><\/p>\n<p><a title=\"Landkreis Spree-Nei\u00dfe\" href=\"http:\/\/www.lkspn.de\/\" target=\"_blank\" rel=\"noopener\">Landkreis Spree-Nei\u00dfe<\/a><\/p>\n<p><a title=\"chairlines\" href=\"http:\/\/www.chairlines.de\/\" target=\"_blank\" rel=\"noopener\">chairlines medienagentur<\/a><\/p>","protected":false},"excerpt":{"rendered":"<p>Gemeinsam f\u00fcr die Kultur Jedes Projekt lebt von Menschen, die sich daf\u00fcr begeistern k\u00f6nnen. Menschen, die sich stark machen f\u00fcr Kultur und Museum. Sie finden sich besonders in den musealen Einrichtungen, in der Verwaltung, bei den Tr\u00e4gern, in verschiedenen privatwirtschaftlichen Unternehmungen sowie den Medien. F\u00fcr Mut, Willen und Engagement sei an dieser Stelle herzlich gedankt!<\/p>","protected":false},"author":13,"featured_media":0,"parent":281,"menu_order":0,"comment_status":"closed","ping_status":"closed","template":"","meta":[],"_links":{"self":[{"href":"http:\/\/www.lausitzer-museenland.de\/dsb\/wp-json\/wp\/v2\/pages\/597"}],"collection":[{"href":"http:\/\/www.lausitzer-museenland.de\/dsb\/wp-json\/wp\/v2\/pages"}],"about":[{"href":"http:\/\/www.lausitzer-museenland.de\/dsb\/wp-json\/wp\/v2\/types\/page"}],"author":[{"embeddable":true,"href":"http:\/\/www.lausitzer-museenland.de\/dsb\/wp-json\/wp\/v2\/users\/13"}],"replies":[{"embeddable":true,"href":"http:\/\/www.lausitzer-museenland.de\/dsb\/wp-json\/wp\/v2\/comments?post=597"}],"version-history":[{"count":12,"href":"http:\/\/www.lausitzer-museenland.de\/dsb\/wp-json\/wp\/v2\/pages\/597\/revisions"}],"predecessor-version":[{"id":54049,"href":"http:\/\/www.lausitzer-museenland.de\/dsb\/wp-json\/wp\/v2\/pages\/597\/revisions\/54049"}],"up":[{"embeddable":true,"href":"http:\/\/www.lausitzer-museenland.de\/dsb\/wp-json\/wp\/v2\/pages\/281"}],"wp:attachment":[{"href":"http:\/\/www.lausitzer-museenland.de\/dsb\/wp-json\/wp\/v2\/media?parent=597"}],"curies":[{"name":"wp","href":"https:\/\/api.w.org\/{rel}","templated":true}]}}