{"id":158,"date":"2014-11-05T17:17:04","date_gmt":"2014-11-05T16:17:04","guid":{"rendered":"http:\/\/lausitzer-museenland.de\/?page_id=158"},"modified":"2022-05-31T07:35:07","modified_gmt":"2022-05-31T05:35:07","slug":"flugplatzmuseum-welzow","status":"publish","type":"page","link":"http:\/\/www.lausitzer-museenland.de\/en\/museums\/airfield-museum-welzow\/","title":{"rendered":"Welzow Airfield Museum \/ L\u011btani\u0161\u0107owy muzej Wjelcej"},"content":{"rendered":"<p><a href=\"#galerie_flugplatz_welzow\">Gallery<\/a> |\u00a0<a href=\"#austellungen_flugplatz_welzow\">Exhibitions<\/a>\u00a0| \u00a0<a href=\"#kinderangebot_flugplatz_welzow\">Offers for children<\/a><a href=\"https:\/\/www.lausitzer-museenland.de\/wp-content\/uploads\/2014\/11\/Welzow-7.png\"><img loading=\"lazy\" class=\"aligncenter size-full wp-image-6164\" src=\"https:\/\/www.lausitzer-museenland.de\/wp-content\/uploads\/2014\/11\/Welzow-7.png\" alt=\"Welzow-7\" width=\"750\" height=\"562\" srcset=\"https:\/\/www.lausitzer-museenland.de\/wp-content\/uploads\/2014\/11\/Welzow-7.png 750w, https:\/\/www.lausitzer-museenland.de\/wp-content\/uploads\/2014\/11\/Welzow-7-300x225.png 300w\" sizes=\"(max-width: 750px) 100vw, 750px\" \/><\/a><\/p>\n\n<p><strong>Special museum with collection on the social and cultural history of the site<\/strong><\/p>\n<h3>Building \/ plot situation<\/h3>\n<div>The building, which today houses the airfield museum, was part of the large complex of the former military property of barracks, residential buildings and \"social\" facilities, economic and technical buildings. The massive former workshop building was exempted from demolition and repaired.<\/div>\n<h3>Characteristics<\/h3>\n<div>The airfield museum aims to document the history of airfield use in different eras. Hundreds of exhibits, primarily from the period of World War II and the use of the airfield by the Soviet Army, illustrate the history of Welzow Airfield from 1927 as a civil airfield, from 1935 to 1945 as a training and operational airfield for the German Wehrmacht and from 1945 as a military airfield for Soviet troops. The museum thus presents the development of the airfield in eight period and theme-related rooms, including aviation technology. Four rooms are looked after by the Flugplatzbetriebsgesellschaft Welzow mbH with a wide variety of exhibits on the use of the airfield from 1927 to 1993. Four further rooms are the responsibility of Vermisstenforschung Deutschland e.V. (Missing Persons Research Germany), which documents in particular aviation technology from the time of the Second World War. The exhibition activities are not least aimed at the interest of the local population, whose lives were shaped over a long period by the intensive use of the airfield.<\/div>\n<h3>Special exhibitions \/ accompanying offers<a id=\"austellungen_flugplatz_welzow\"><\/a><\/h3>\n<div>Special exhibitions are not currently planned.<\/div>\n<div>The conceptual approach of Flugplatzbetriebsgesellschaft Welzow mbH sees the use of the Spremberg-Welzow airfield as a combination of commercial settlement, aeronautical utilisation and regional leisure activities, which include the museum and numerous clubs, festivals and gastronomy located on the site, e.g.:<\/div>\n<div>\n<ul>\n<li>Airfield Festival<\/li>\n<li>Night flight action<\/li>\n<li>\u00a0Museum Night in the Spree-Nei\u00dfe District<\/li>\n<li>Bookable combination offers for groups (museum, celebration, sightseeing flight)<\/li>\n<li>Cooperation with offers of the associations<\/li>\n<li>Cycle path (link between the districts of Spree-Nei\u00dfe and Oberspreewald-Lausitz)<\/li>\n<\/ul>\n<\/div>\n<h4>Offers for children - With Kobi to the museum<a id=\"kinderangebot_flugplatz_welzow\"><\/a><\/h4>\n<p>Kobi - the little house ghost - is at home in the museum. He lives there in a slipper under the stove. At midnight, he eavesdrops on the old museum pieces when they tell stories about the past. He tells these exciting stories to the museum staff, who then pass them on to the children - stories from the old, old days.<\/p>\n<p>Kobi offers:<\/p>\n<div>\n<h5>\u00a0Welzow airfield history<\/h5>\n<div data-post-id='flugplatzgeschichte-von-welzow' class='insert-page insert-page-flugplatzgeschichte-von-welzow'>\t\t\t\t\t<p>Presentation of the history of the airfield from 1927 to the present, including aviation technology. Visitors can marvel at original exhibits, primarily from the time of the Second World War and the time when the airfield was used by the Soviet Army. The entire history of the airfield can be experienced in eight period and theme-related rooms.<\/p>\n<p>The offer takes place indoors and is aimed at schoolchildren.<br \/>\nof grades 5 to 12.<br \/>\nDates: by arrangement<br \/>\nPre-registration: at least 1 week in advance<br \/>\nDuration: approx. 2 hours<br \/>\nGroup size: 10 to 30 people<br \/>\nAdmission per person: \u20ac 2.00<\/p>\n<p><a title=\"Welzow Airfield Museum \/ L\u011btani\u0161\u0107owy muzej Wjelcej\" href=\"\/museen\/flugplatzmuseum-welzow\/\">Welzow Airfield Museum<\/a><\/p>\n\t\t\t\t\t<\/div>\n<h3><\/h3>\n<p>&nbsp;<\/p>\n<h3>Gallery<a id=\"galerie_flugplatz_welzow\"><\/a><\/h3>\n<div id=\"envira-gallery-wrap-53786\" class=\"envira-gallery-wrap envira-gallery-theme-base envira-lightbox-theme-base\" itemscope itemtype=\"https:\/\/schema.org\/ImageGallery\"><div data-row-height=\"150\" data-gallery-theme=\"normal\" id=\"envira-gallery-53786\" class=\"envira-gallery-public envira-gallery-justified-public envira-gallery-0-columns envira-clear enviratope envira-gallery-css-animations\" data-envira-columns=\"0\"><div id=\"envira-gallery-item-53791\" class=\"envira-gallery-item enviratope-item envira-gallery-item-1 envira-lazy-load\" style=\"padding-left: 5px; padding-bottom: 10px; padding-right: 5px;\"  itemscope itemtype=\"https:\/\/schema.org\/ImageObject\"><div class=\"envira-gallery-item-inner\"><div class=\"envira-gallery-position-overlay  envira-gallery-top-left\"><\/div><div class=\"envira-gallery-position-overlay  envira-gallery-top-right\"><\/div><div class=\"envira-gallery-position-overlay  envira-gallery-bottom-left\"><\/div><div class=\"envira-gallery-position-overlay  envira-gallery-bottom-right\"><\/div><a href=\"https:\/\/www.lausitzer-museenland.de\/wp-content\/uploads\/2022\/04\/DSCI1105.jpg\" class=\"envira-gallery-53786 envira-gallery-link\" rel=\"enviragallery53786\" title=\"FPM Welzow 01\" data-envira-caption=\"FPM Welzow 01\" data-envira-retina=\"\" data-thumbnail=\"\"  itemprop=\"contentUrl\"><img id=\"envira-gallery-image-53791\" class=\"envira-gallery-image envira-gallery-image-1 envira-normal envira-lazy\" data-envira-index=\"1\" src=\"https:\/\/www.lausitzer-museenland.de\/wp-content\/uploads\/2022\/04\/DSCI1105-1024x740.jpg\" data-envira-src=\"https:\/\/www.lausitzer-museenland.de\/wp-content\/uploads\/2022\/04\/DSCI1105-1024x740.jpg\" data-envira-gallery-id=\"53786\" data-envira-item-id=\"53791\" data-envira-caption=\"FPM Welzow 01\" alt=\"\" title=\"FPM Welzow 01\"  itemprop=\"thumbnailUrl\" data-envira-srcset=\"https:\/\/www.lausitzer-museenland.de\/wp-content\/uploads\/2022\/04\/DSCI1105-1024x740.jpg 400w,https:\/\/www.lausitzer-museenland.de\/wp-content\/uploads\/2022\/04\/DSCI1105-1024x740.jpg 2x\" data-envira-width=\"300\" data-envira-height=\"217\" srcset=\"data:image\/gif;base64,R0lGODlhAQABAIAAAP\/\/\/\/\/\/\/yH5BAEKAAEALAAAAAABAAEAAAICTAEAOw==\" data-safe-src=\"data:image\/gif;base64,R0lGODlhAQABAIAAAP\/\/\/\/\/\/\/yH5BAEKAAEALAAAAAABAAEAAAICTAEAOw==\" \/><\/a><\/div><\/div><div id=\"envira-gallery-item-53787\" class=\"envira-gallery-item enviratope-item envira-gallery-item-2 envira-lazy-load\" style=\"padding-left: 5px; padding-bottom: 10px; padding-right: 5px;\"  itemscope itemtype=\"https:\/\/schema.org\/ImageObject\"><div class=\"envira-gallery-item-inner\"><div class=\"envira-gallery-position-overlay  envira-gallery-top-left\"><\/div><div class=\"envira-gallery-position-overlay  envira-gallery-top-right\"><\/div><div class=\"envira-gallery-position-overlay  envira-gallery-bottom-left\"><\/div><div class=\"envira-gallery-position-overlay  envira-gallery-bottom-right\"><\/div><a href=\"https:\/\/www.lausitzer-museenland.de\/wp-content\/uploads\/2022\/04\/DSC_0241.jpg\" class=\"envira-gallery-53786 envira-gallery-link\" rel=\"enviragallery53786\" title=\"FPM Welzow 02\" data-envira-caption=\"FPM Welzow 02\" data-envira-retina=\"\" data-thumbnail=\"\"  itemprop=\"contentUrl\"><img id=\"envira-gallery-image-53787\" class=\"envira-gallery-image envira-gallery-image-2 envira-normal envira-lazy\" data-envira-index=\"2\" src=\"https:\/\/www.lausitzer-museenland.de\/wp-content\/uploads\/2022\/04\/DSC_0241-1024x699.jpg\" data-envira-src=\"https:\/\/www.lausitzer-museenland.de\/wp-content\/uploads\/2022\/04\/DSC_0241-1024x699.jpg\" data-envira-gallery-id=\"53786\" data-envira-item-id=\"53787\" data-envira-caption=\"FPM Welzow 02\" alt=\"\" title=\"FPM Welzow 02\"  itemprop=\"thumbnailUrl\" data-envira-srcset=\"https:\/\/www.lausitzer-museenland.de\/wp-content\/uploads\/2022\/04\/DSC_0241-1024x699.jpg 400w,https:\/\/www.lausitzer-museenland.de\/wp-content\/uploads\/2022\/04\/DSC_0241-1024x699.jpg 2x\" data-envira-width=\"300\" data-envira-height=\"205\" srcset=\"data:image\/gif;base64,R0lGODlhAQABAIAAAP\/\/\/\/\/\/\/yH5BAEKAAEALAAAAAABAAEAAAICTAEAOw==\" data-safe-src=\"data:image\/gif;base64,R0lGODlhAQABAIAAAP\/\/\/\/\/\/\/yH5BAEKAAEALAAAAAABAAEAAAICTAEAOw==\" \/><\/a><\/div><\/div><div id=\"envira-gallery-item-53789\" class=\"envira-gallery-item enviratope-item envira-gallery-item-3 envira-lazy-load\" style=\"padding-left: 5px; padding-bottom: 10px; padding-right: 5px;\"  itemscope itemtype=\"https:\/\/schema.org\/ImageObject\"><div class=\"envira-gallery-item-inner\"><div class=\"envira-gallery-position-overlay  envira-gallery-top-left\"><\/div><div class=\"envira-gallery-position-overlay  envira-gallery-top-right\"><\/div><div class=\"envira-gallery-position-overlay  envira-gallery-bottom-left\"><\/div><div class=\"envira-gallery-position-overlay  envira-gallery-bottom-right\"><\/div><a href=\"https:\/\/www.lausitzer-museenland.de\/wp-content\/uploads\/2022\/04\/DSCI1032.jpg\" class=\"envira-gallery-53786 envira-gallery-link\" rel=\"enviragallery53786\" title=\"FPM Welzow 03\" data-envira-caption=\"FPM Welzow 03\" data-envira-retina=\"\" data-thumbnail=\"\"  itemprop=\"contentUrl\"><img id=\"envira-gallery-image-53789\" class=\"envira-gallery-image envira-gallery-image-3 envira-normal envira-lazy\" data-envira-index=\"3\" src=\"https:\/\/www.lausitzer-museenland.de\/wp-content\/uploads\/2022\/04\/DSCI1032-1024x723.jpg\" data-envira-src=\"https:\/\/www.lausitzer-museenland.de\/wp-content\/uploads\/2022\/04\/DSCI1032-1024x723.jpg\" data-envira-gallery-id=\"53786\" data-envira-item-id=\"53789\" data-envira-caption=\"FPM Welzow 03\" alt=\"\" title=\"FPM Welzow 03\"  itemprop=\"thumbnailUrl\" data-envira-srcset=\"https:\/\/www.lausitzer-museenland.de\/wp-content\/uploads\/2022\/04\/DSCI1032-1024x723.jpg 400w,https:\/\/www.lausitzer-museenland.de\/wp-content\/uploads\/2022\/04\/DSCI1032-1024x723.jpg 2x\" data-envira-width=\"300\" data-envira-height=\"212\" srcset=\"data:image\/gif;base64,R0lGODlhAQABAIAAAP\/\/\/\/\/\/\/yH5BAEKAAEALAAAAAABAAEAAAICTAEAOw==\" data-safe-src=\"data:image\/gif;base64,R0lGODlhAQABAIAAAP\/\/\/\/\/\/\/yH5BAEKAAEALAAAAAABAAEAAAICTAEAOw==\" \/><\/a><\/div><\/div><div id=\"envira-gallery-item-53790\" class=\"envira-gallery-item enviratope-item envira-gallery-item-4 envira-lazy-load\" style=\"padding-left: 5px; padding-bottom: 10px; padding-right: 5px;\"  itemscope itemtype=\"https:\/\/schema.org\/ImageObject\"><div class=\"envira-gallery-item-inner\"><div class=\"envira-gallery-position-overlay  envira-gallery-top-left\"><\/div><div class=\"envira-gallery-position-overlay  envira-gallery-top-right\"><\/div><div class=\"envira-gallery-position-overlay  envira-gallery-bottom-left\"><\/div><div class=\"envira-gallery-position-overlay  envira-gallery-bottom-right\"><\/div><a href=\"https:\/\/www.lausitzer-museenland.de\/wp-content\/uploads\/2022\/04\/DSCI1033.jpg\" class=\"envira-gallery-53786 envira-gallery-link\" rel=\"enviragallery53786\" title=\"FPM Welzow 04\" data-envira-caption=\"FPM Welzow 04\" data-envira-retina=\"\" data-thumbnail=\"\"  itemprop=\"contentUrl\"><img id=\"envira-gallery-image-53790\" class=\"envira-gallery-image envira-gallery-image-4 envira-normal envira-lazy\" data-envira-index=\"4\" src=\"https:\/\/www.lausitzer-museenland.de\/wp-content\/uploads\/2022\/04\/DSCI1033-1024x768.jpg\" data-envira-src=\"https:\/\/www.lausitzer-museenland.de\/wp-content\/uploads\/2022\/04\/DSCI1033-1024x768.jpg\" data-envira-gallery-id=\"53786\" data-envira-item-id=\"53790\" data-envira-caption=\"FPM Welzow 04\" alt=\"\" title=\"FPM Welzow 04\"  itemprop=\"thumbnailUrl\" data-envira-srcset=\"https:\/\/www.lausitzer-museenland.de\/wp-content\/uploads\/2022\/04\/DSCI1033-1024x768.jpg 400w,https:\/\/www.lausitzer-museenland.de\/wp-content\/uploads\/2022\/04\/DSCI1033-1024x768.jpg 2x\" data-envira-width=\"300\" data-envira-height=\"225\" srcset=\"data:image\/gif;base64,R0lGODlhAQABAIAAAP\/\/\/\/\/\/\/yH5BAEKAAEALAAAAAABAAEAAAICTAEAOw==\" data-safe-src=\"data:image\/gif;base64,R0lGODlhAQABAIAAAP\/\/\/\/\/\/\/yH5BAEKAAEALAAAAAABAAEAAAICTAEAOw==\" \/><\/a><\/div><\/div><div id=\"envira-gallery-item-53788\" class=\"envira-gallery-item enviratope-item envira-gallery-item-5 envira-lazy-load\" style=\"padding-left: 5px; padding-bottom: 10px; padding-right: 5px;\"  itemscope itemtype=\"https:\/\/schema.org\/ImageObject\"><div class=\"envira-gallery-item-inner\"><div class=\"envira-gallery-position-overlay  envira-gallery-top-left\"><\/div><div class=\"envira-gallery-position-overlay  envira-gallery-top-right\"><\/div><div class=\"envira-gallery-position-overlay  envira-gallery-bottom-left\"><\/div><div class=\"envira-gallery-position-overlay  envira-gallery-bottom-right\"><\/div><a href=\"https:\/\/www.lausitzer-museenland.de\/wp-content\/uploads\/2022\/04\/DSC_0263.jpg\" class=\"envira-gallery-53786 envira-gallery-link\" rel=\"enviragallery53786\" title=\"FPM Welzow 05\" data-envira-caption=\"FPM Welzow 05\" data-envira-retina=\"\" data-thumbnail=\"\"  itemprop=\"contentUrl\"><img id=\"envira-gallery-image-53788\" class=\"envira-gallery-image envira-gallery-image-5 envira-normal envira-lazy\" data-envira-index=\"5\" src=\"https:\/\/www.lausitzer-museenland.de\/wp-content\/uploads\/2022\/04\/DSC_0263-688x1024.jpg\" data-envira-src=\"https:\/\/www.lausitzer-museenland.de\/wp-content\/uploads\/2022\/04\/DSC_0263-688x1024.jpg\" data-envira-gallery-id=\"53786\" data-envira-item-id=\"53788\" data-envira-caption=\"FPM Welzow 05\" alt=\"\" title=\"FPM Welzow 05\"  itemprop=\"thumbnailUrl\" data-envira-srcset=\"https:\/\/www.lausitzer-museenland.de\/wp-content\/uploads\/2022\/04\/DSC_0263-688x1024.jpg 400w,https:\/\/www.lausitzer-museenland.de\/wp-content\/uploads\/2022\/04\/DSC_0263-688x1024.jpg 2x\" data-envira-width=\"201\" data-envira-height=\"300\" srcset=\"data:image\/gif;base64,R0lGODlhAQABAIAAAP\/\/\/\/\/\/\/yH5BAEKAAEALAAAAAABAAEAAAICTAEAOw==\" data-safe-src=\"data:image\/gif;base64,R0lGODlhAQABAIAAAP\/\/\/\/\/\/\/yH5BAEKAAEALAAAAAABAAEAAAICTAEAOw==\" \/><\/a><\/div><\/div><div id=\"envira-gallery-item-53792\" class=\"envira-gallery-item enviratope-item envira-gallery-item-6 envira-lazy-load\" style=\"padding-left: 5px; padding-bottom: 10px; padding-right: 5px;\"  itemscope itemtype=\"https:\/\/schema.org\/ImageObject\"><div class=\"envira-gallery-item-inner\"><div class=\"envira-gallery-position-overlay  envira-gallery-top-left\"><\/div><div class=\"envira-gallery-position-overlay  envira-gallery-top-right\"><\/div><div class=\"envira-gallery-position-overlay  envira-gallery-bottom-left\"><\/div><div class=\"envira-gallery-position-overlay  envira-gallery-bottom-right\"><\/div><a href=\"https:\/\/www.lausitzer-museenland.de\/wp-content\/uploads\/2022\/04\/DSCI1107.jpg\" class=\"envira-gallery-53786 envira-gallery-link\" rel=\"enviragallery53786\" title=\"FPM Welzow 06\" data-envira-caption=\"FPM Welzow 06\" data-envira-retina=\"\" data-thumbnail=\"\"  itemprop=\"contentUrl\"><img id=\"envira-gallery-image-53792\" class=\"envira-gallery-image envira-gallery-image-6 envira-normal envira-lazy\" data-envira-index=\"6\" src=\"https:\/\/www.lausitzer-museenland.de\/wp-content\/uploads\/2022\/04\/DSCI1107-1024x917.jpg\" data-envira-src=\"https:\/\/www.lausitzer-museenland.de\/wp-content\/uploads\/2022\/04\/DSCI1107-1024x917.jpg\" data-envira-gallery-id=\"53786\" data-envira-item-id=\"53792\" data-envira-caption=\"FPM Welzow 06\" alt=\"\" title=\"FPM Welzow 06\"  itemprop=\"thumbnailUrl\" data-envira-srcset=\"https:\/\/www.lausitzer-museenland.de\/wp-content\/uploads\/2022\/04\/DSCI1107-1024x917.jpg 400w,https:\/\/www.lausitzer-museenland.de\/wp-content\/uploads\/2022\/04\/DSCI1107-1024x917.jpg 2x\" data-envira-width=\"300\" data-envira-height=\"269\" srcset=\"data:image\/gif;base64,R0lGODlhAQABAIAAAP\/\/\/\/\/\/\/yH5BAEKAAEALAAAAAABAAEAAAICTAEAOw==\" data-safe-src=\"data:image\/gif;base64,R0lGODlhAQABAIAAAP\/\/\/\/\/\/\/yH5BAEKAAEALAAAAAABAAEAAAICTAEAOw==\" \/><\/a><\/div><\/div><div id=\"envira-gallery-item-53793\" class=\"envira-gallery-item enviratope-item envira-gallery-item-7 envira-lazy-load\" style=\"padding-left: 5px; padding-bottom: 10px; padding-right: 5px;\"  itemscope itemtype=\"https:\/\/schema.org\/ImageObject\"><div class=\"envira-gallery-item-inner\"><div class=\"envira-gallery-position-overlay  envira-gallery-top-left\"><\/div><div class=\"envira-gallery-position-overlay  envira-gallery-top-right\"><\/div><div class=\"envira-gallery-position-overlay  envira-gallery-bottom-left\"><\/div><div class=\"envira-gallery-position-overlay  envira-gallery-bottom-right\"><\/div><a href=\"https:\/\/www.lausitzer-museenland.de\/wp-content\/uploads\/2022\/04\/DSCI1109.jpg\" class=\"envira-gallery-53786 envira-gallery-link\" rel=\"enviragallery53786\" title=\"FPM Welzow 07\" data-envira-caption=\"FPM Welzow 07\" data-envira-retina=\"\" data-thumbnail=\"\"  itemprop=\"contentUrl\"><img id=\"envira-gallery-image-53793\" class=\"envira-gallery-image envira-gallery-image-7 envira-normal envira-lazy\" data-envira-index=\"7\" src=\"https:\/\/www.lausitzer-museenland.de\/wp-content\/uploads\/2022\/04\/DSCI1109-1024x768.jpg\" data-envira-src=\"https:\/\/www.lausitzer-museenland.de\/wp-content\/uploads\/2022\/04\/DSCI1109-1024x768.jpg\" data-envira-gallery-id=\"53786\" data-envira-item-id=\"53793\" data-envira-caption=\"FPM Welzow 07\" alt=\"\" title=\"FPM Welzow 07\"  itemprop=\"thumbnailUrl\" data-envira-srcset=\"https:\/\/www.lausitzer-museenland.de\/wp-content\/uploads\/2022\/04\/DSCI1109-1024x768.jpg 400w,https:\/\/www.lausitzer-museenland.de\/wp-content\/uploads\/2022\/04\/DSCI1109-1024x768.jpg 2x\" data-envira-width=\"300\" data-envira-height=\"225\" srcset=\"data:image\/gif;base64,R0lGODlhAQABAIAAAP\/\/\/\/\/\/\/yH5BAEKAAEALAAAAAABAAEAAAICTAEAOw==\" data-safe-src=\"data:image\/gif;base64,R0lGODlhAQABAIAAAP\/\/\/\/\/\/\/yH5BAEKAAEALAAAAAABAAEAAAICTAEAOw==\" \/><\/a><\/div><\/div><div id=\"envira-gallery-item-53794\" class=\"envira-gallery-item enviratope-item envira-gallery-item-8 envira-lazy-load\" style=\"padding-left: 5px; padding-bottom: 10px; padding-right: 5px;\"  itemscope itemtype=\"https:\/\/schema.org\/ImageObject\"><div class=\"envira-gallery-item-inner\"><div class=\"envira-gallery-position-overlay  envira-gallery-top-left\"><\/div><div class=\"envira-gallery-position-overlay  envira-gallery-top-right\"><\/div><div class=\"envira-gallery-position-overlay  envira-gallery-bottom-left\"><\/div><div class=\"envira-gallery-position-overlay  envira-gallery-bottom-right\"><\/div><a href=\"https:\/\/www.lausitzer-museenland.de\/wp-content\/uploads\/2022\/04\/DSCI1134.jpg\" class=\"envira-gallery-53786 envira-gallery-link\" rel=\"enviragallery53786\" title=\"FPM Welzow 08\" data-envira-caption=\"FPM Welzow 08\" data-envira-retina=\"\" data-thumbnail=\"\"  itemprop=\"contentUrl\"><img id=\"envira-gallery-image-53794\" class=\"envira-gallery-image envira-gallery-image-8 envira-normal envira-lazy\" data-envira-index=\"8\" src=\"https:\/\/www.lausitzer-museenland.de\/wp-content\/uploads\/2022\/04\/DSCI1134-811x1024.jpg\" data-envira-src=\"https:\/\/www.lausitzer-museenland.de\/wp-content\/uploads\/2022\/04\/DSCI1134-811x1024.jpg\" data-envira-gallery-id=\"53786\" data-envira-item-id=\"53794\" data-envira-caption=\"FPM Welzow 08\" alt=\"\" title=\"FPM Welzow 08\"  itemprop=\"thumbnailUrl\" data-envira-srcset=\"https:\/\/www.lausitzer-museenland.de\/wp-content\/uploads\/2022\/04\/DSCI1134-811x1024.jpg 400w,https:\/\/www.lausitzer-museenland.de\/wp-content\/uploads\/2022\/04\/DSCI1134-811x1024.jpg 2x\" data-envira-width=\"238\" data-envira-height=\"300\" srcset=\"data:image\/gif;base64,R0lGODlhAQABAIAAAP\/\/\/\/\/\/\/yH5BAEKAAEALAAAAAABAAEAAAICTAEAOw==\" data-safe-src=\"data:image\/gif;base64,R0lGODlhAQABAIAAAP\/\/\/\/\/\/\/yH5BAEKAAEALAAAAAABAAEAAAICTAEAOw==\" \/><\/a><\/div><\/div><\/div><\/div><noscript><img src=\"https:\/\/www.lausitzer-museenland.de\/wp-content\/uploads\/2022\/04\/DSCI1105.jpg\" alt=\"\" \/><img src=\"https:\/\/www.lausitzer-museenland.de\/wp-content\/uploads\/2022\/04\/DSC_0241.jpg\" alt=\"\" \/><img src=\"https:\/\/www.lausitzer-museenland.de\/wp-content\/uploads\/2022\/04\/DSCI1032.jpg\" alt=\"\" \/><img src=\"https:\/\/www.lausitzer-museenland.de\/wp-content\/uploads\/2022\/04\/DSCI1033.jpg\" alt=\"\" \/><img src=\"https:\/\/www.lausitzer-museenland.de\/wp-content\/uploads\/2022\/04\/DSC_0263.jpg\" alt=\"\" \/><img src=\"https:\/\/www.lausitzer-museenland.de\/wp-content\/uploads\/2022\/04\/DSCI1107.jpg\" alt=\"\" \/><img src=\"https:\/\/www.lausitzer-museenland.de\/wp-content\/uploads\/2022\/04\/DSCI1109.jpg\" alt=\"\" \/><img src=\"https:\/\/www.lausitzer-museenland.de\/wp-content\/uploads\/2022\/04\/DSCI1134.jpg\" alt=\"\" \/><\/noscript>\n<\/div>","protected":false},"excerpt":{"rendered":"<p>Gallery | Exhibitions | Offers for children Special museum with collection on the social and cultural history of the site Building \/ site situation The building that now houses the airfield museum was part of the large complex of the former military property of barracks, residential buildings and \"social\" facilities, economic and technical buildings. The massive former workshop building was exempted from demolition and repaired.<\/p>","protected":false},"author":13,"featured_media":0,"parent":113,"menu_order":0,"comment_status":"closed","ping_status":"closed","template":"","meta":[],"_links":{"self":[{"href":"http:\/\/www.lausitzer-museenland.de\/en\/wp-json\/wp\/v2\/pages\/158"}],"collection":[{"href":"http:\/\/www.lausitzer-museenland.de\/en\/wp-json\/wp\/v2\/pages"}],"about":[{"href":"http:\/\/www.lausitzer-museenland.de\/en\/wp-json\/wp\/v2\/types\/page"}],"author":[{"embeddable":true,"href":"http:\/\/www.lausitzer-museenland.de\/en\/wp-json\/wp\/v2\/users\/13"}],"replies":[{"embeddable":true,"href":"http:\/\/www.lausitzer-museenland.de\/en\/wp-json\/wp\/v2\/comments?post=158"}],"version-history":[{"count":16,"href":"http:\/\/www.lausitzer-museenland.de\/en\/wp-json\/wp\/v2\/pages\/158\/revisions"}],"predecessor-version":[{"id":53901,"href":"http:\/\/www.lausitzer-museenland.de\/en\/wp-json\/wp\/v2\/pages\/158\/revisions\/53901"}],"up":[{"embeddable":true,"href":"http:\/\/www.lausitzer-museenland.de\/en\/wp-json\/wp\/v2\/pages\/113"}],"wp:attachment":[{"href":"http:\/\/www.lausitzer-museenland.de\/en\/wp-json\/wp\/v2\/media?parent=158"}],"curies":[{"name":"wp","href":"https:\/\/api.w.org\/{rel}","templated":true}]}}