{"id":235,"date":"2014-11-06T09:58:43","date_gmt":"2014-11-06T08:58:43","guid":{"rendered":"http:\/\/lausitzer-museenland.de\/?page_id=235"},"modified":"2023-11-14T11:35:25","modified_gmt":"2023-11-14T10:35:25","slug":"niederlausitzer-sorbisches-dorfmuseum-bloischdorf","status":"publish","type":"page","link":"http:\/\/www.lausitzer-museenland.de\/en\/museums\/niederlausitzer-sorbisches-dorfmuseum-bloischdorf\/","title":{"rendered":"Lower Lusatian Sorbian Village Museum Bloischdorf\/ Dolno\u0142u\u017eyski serbski wejsny muzej B\u0142obo\u0161ojce"},"content":{"rendered":"<p><a href=\"#galerie_bloischdorf\">Gallery<\/a> |\u00a0<a href=\"#austellung_bloischdorf\">Exhibitions<\/a>\u00a0| <a href=\"#kinderangebot_bloischdorf\">Offers for children<\/a><br \/>\n<img loading=\"lazy\" class=\"enigma_img_responsive alignnone wp-image-1272\" src=\"https:\/\/www.lausitzer-museenland.de\/wp-content\/uploads\/2014\/11\/126.jpg\" alt=\"1\" width=\"800\" height=\"398\" srcset=\"https:\/\/www.lausitzer-museenland.de\/wp-content\/uploads\/2014\/11\/126.jpg 402w, https:\/\/www.lausitzer-museenland.de\/wp-content\/uploads\/2014\/11\/126-300x149.jpg 300w, https:\/\/www.lausitzer-museenland.de\/wp-content\/uploads\/2014\/11\/126-100x49.jpg 100w, https:\/\/www.lausitzer-museenland.de\/wp-content\/uploads\/2014\/11\/126-150x74.jpg 150w, https:\/\/www.lausitzer-museenland.de\/wp-content\/uploads\/2014\/11\/126-200x99.jpg 200w\" sizes=\"(max-width: 800px) 100vw, 800px\" \/><\/p>\n\n<p>Village museum with agricultural history collection<\/p>\n<h3>Building\/property situation<\/h3>\n<p>The building of the historic manor barn - a massive brick building from 1880 - was restored and made into an exhibition and event venue.<\/p>\n<h3>Characteristics<\/h3>\n<p>The focus is on the history and culture of the rural population, especially the Sorbian population, in Lower Lusatia in the period from the 18th to the 20th century. Visitors can expect an exhibition on historical domestic economy and rural life, living and working, which is enriched by changing special exhibitions.<\/p>\n<h3>Special exhibitions\/ accompanying offers<a id=\"austellung_bloischdorf\"><\/a><\/h3>\n<p>Special exhibitions are incorporated into the existing exhibition in a separate section.<\/p>\n<ul>\n<li>Museum education programmes for schools and day-care centres<\/li>\n<li>Cultural events (music events, lectures, book readings, cabaret) in the museum and in the culture barn<\/li>\n<li>Action days for maypole setting, open monument day, museum night<\/li>\n<li>Three Kings Singing with Blessing of the House in the Museum Barn<\/li>\n<li>Traditional Easter egg decorating<\/li>\n<li>Advent event, Advent wreath competition<\/li>\n<li>the culture barn can be hired for weddings, birthdays or other celebrations<\/li>\n<\/ul>\n<h3>Offers for children - With Kobi to the museum<a id=\"kinderangebot_bloischdorf\"><\/a><\/h3>\n<p align=\"left\">Kobi - the little house ghost - is at home in the museum. He lives there in a slipper under the stove. At midnight, he eavesdrops on the old museum pieces when they tell stories about the past. He tells these exciting stories to the museum staff, who then pass them on to the children - stories from the old, old days.<\/p>\n<p>Kobi offers:<\/p>\n<h5>1. from grain to bread<\/h5>\n<div data-post-id='vom-korn-zum-brot' class='insert-page insert-page-vom-korn-zum-brot'>\t\t\t\t\t<p>To show the children how laborious bread baking was in the past, they mould loaves of bread themselves from pre-made dough, which are then baked in the museum oven.<br \/>\nAn educational lesson provides lots of interesting facts about cereals. The children can also make butter from cream. Afterwards, herbs are collected from the museum's own herb garden and made into herb butter and herb quark. The bread is taken out of the oven and cooled. Meanwhile, the pupils solve a quiz or a crossword puzzle. Finally, the children eat the bread with herb quark and herb butter.<\/p>\n<p>The programme takes place indoors and outdoors and is aimed at daycare centres and schoolchildren<br \/>\nof classes 1 to 8.<br \/>\nDates: by arrangement<br \/>\nPre-registration: at least 3 weeks in advance<br \/>\nDuration: approx. 3 hours<br \/>\nGroup size: 10 to 30 people<br \/>\nContribution towards expenses per person: \u20ac 7.00<br \/>\n2 carers of the group have free admission<br \/>\n<a title=\"Lower Lusatian Sorbian Village Museum Bloischdorf\/ B\u0142obo\u0161ojce\" href=\"\/museen\/niederlausitzer-sorbisches-dorfmuseum-bloischdorf\/\">Bloischdorf Museum Barn<\/a><\/p>\n\t\t\t\t\t<\/div>\n<h5>2. traditional Easter egg decorating<\/h5>\n<div data-post-id='traditionelles-ostereierverzieren-im-dorfmuseum-bloischdorf' class='insert-page insert-page-traditionelles-ostereierverzieren-im-dorfmuseum-bloischdorf'>\t\t\t\t\t<p>Everyone is invited to learn about, try out and apply two traditional Sorbian techniques for decorating Easter eggs.<br \/>\nTraditional ornaments and patterns are applied to the egg with pinheads and quills.<br \/>\nIn the wax-bossing technique, wax in different colours is dabbed onto the white, brown or previously coloured egg. The coloured wax remains on the Easter egg. The wax dabbing technique is more time-consuming, as the ornaments are dabbed on with wax in several passes and the egg is repeatedly dipped into different colour baths between waxing. At the end, the wax is removed from the egg again.<\/p>\n<p>The programme takes place indoors and is aimed at daycare centres and schoolchildren<br \/>\nof classes 1 to 10.<br \/>\nDates: 4 weeks before Easter<br \/>\nPre-registration: at least 3 weeks in advance<br \/>\nDuration: approx. 2 hours<br \/>\nGroup size: 10 to 30 people<br \/>\nContribution towards expenses per person: \u20ac 7.00<br \/>\n2 carers of the group have free admission<br \/>\n<a title=\"Lower Lusatian Sorbian Village Museum Bloischdorf\/ B\u0142obo\u0161ojce\" href=\"\/museen\/niederlausitzer-sorbisches-dorfmuseum-bloischdorf\/\">Bloischdorf Museum Barn<\/a><\/p>\n\t\t\t\t\t<\/div>\n<h3><\/h3>\n<p>&nbsp;<\/p>\n<h3>Gallery<a id=\"galerie_bloischdorf\"><\/a><\/h3>\n<div id=\"envira-gallery-wrap-235\" class=\"envira-gallery-wrap envira-gallery-theme-base envira-lightbox-theme-base\" itemscope itemtype=\"https:\/\/schema.org\/ImageGallery\"><div data-row-height=\"\" data-gallery-theme=\"\" id=\"envira-gallery-235\" class=\"envira-gallery-public  envira-gallery-3-columns envira-clear enviratope envira-gallery-css-animations\" data-envira-columns=\"3\"><div id=\"envira-gallery-item-3491\" class=\"envira-gallery-item enviratope-item envira-gallery-item-1\" style=\"padding-left: 5px; padding-bottom: 10px; padding-right: 5px;\"  itemscope itemtype=\"https:\/\/schema.org\/ImageObject\"><div class=\"envira-gallery-item-inner\"><div class=\"envira-gallery-position-overlay  envira-gallery-top-left\"><\/div><div class=\"envira-gallery-position-overlay  envira-gallery-top-right\"><\/div><div class=\"envira-gallery-position-overlay  envira-gallery-bottom-left\"><\/div><div class=\"envira-gallery-position-overlay  envira-gallery-bottom-right\"><\/div><a href=\"https:\/\/www.lausitzer-museenland.de\/wp-content\/uploads\/2014\/11\/155.jpg\" class=\"envira-gallery-235 envira-gallery-link\" rel=\"enviragallery235\" title=\"Lower Lusatian Sorbian Village Museum Bloischdorf\" data-envira-caption=\"Niederlausitzer Sorbisches Dorfmuseum Bloischdorf\" data-envira-retina=\"\" data-thumbnail=\"\"  itemprop=\"contentUrl\"><div class=\"envira-lazy\" data-test-width=\"960\" data-test-height=\"300\" style=\"padding-bottom:31.25%;\"><img id=\"envira-gallery-image-3491\" class=\"envira-gallery-image envira-gallery-image-1\" data-envira-index=\"1\" src=\"https:\/\/www.lausitzer-museenland.de\/wp-content\/uploads\/2014\/11\/155.jpg\" data-envira-src=\"https:\/\/www.lausitzer-museenland.de\/wp-content\/uploads\/2014\/11\/155.jpg\" data-envira-gallery-id=\"235\" data-envira-item-id=\"3491\" data-envira-caption=\"Niederlausitzer Sorbisches Dorfmuseum Bloischdorf\" alt=\"\" title=\"Lower Lusatian Sorbian Village Museum Bloischdorf\"  itemprop=\"thumbnailUrl\" data-envira-srcset=\"https:\/\/www.lausitzer-museenland.de\/wp-content\/uploads\/2014\/11\/155.jpg 400w,https:\/\/www.lausitzer-museenland.de\/wp-content\/uploads\/2014\/11\/155.jpg 2x\" srcset=\"data:image\/gif;base64,R0lGODlhAQABAIAAAP\/\/\/\/\/\/\/yH5BAEKAAEALAAAAAABAAEAAAICTAEAOw==\" \/><\/div><\/a><\/div><\/div><div id=\"envira-gallery-item-3492\" class=\"envira-gallery-item enviratope-item envira-gallery-item-2\" style=\"padding-left: 5px; padding-bottom: 10px; padding-right: 5px;\"  itemscope itemtype=\"https:\/\/schema.org\/ImageObject\"><div class=\"envira-gallery-item-inner\"><div class=\"envira-gallery-position-overlay  envira-gallery-top-left\"><\/div><div class=\"envira-gallery-position-overlay  envira-gallery-top-right\"><\/div><div class=\"envira-gallery-position-overlay  envira-gallery-bottom-left\"><\/div><div class=\"envira-gallery-position-overlay  envira-gallery-bottom-right\"><\/div><a href=\"https:\/\/www.lausitzer-museenland.de\/wp-content\/uploads\/2014\/11\/222.jpg\" class=\"envira-gallery-235 envira-gallery-link\" rel=\"enviragallery235\" title=\"View into the museum\" data-envira-caption=\"Blick ins Museum\" data-envira-retina=\"\" data-thumbnail=\"\"  itemprop=\"contentUrl\"><div class=\"envira-lazy\" data-test-width=\"960\" data-test-height=\"300\" style=\"padding-bottom:31.25%;\"><img id=\"envira-gallery-image-3492\" class=\"envira-gallery-image envira-gallery-image-2\" data-envira-index=\"2\" src=\"https:\/\/www.lausitzer-museenland.de\/wp-content\/uploads\/2014\/11\/222.jpg\" data-envira-src=\"https:\/\/www.lausitzer-museenland.de\/wp-content\/uploads\/2014\/11\/222.jpg\" data-envira-gallery-id=\"235\" data-envira-item-id=\"3492\" data-envira-caption=\"Blick ins Museum\" alt=\"\" title=\"View into the museum\"  itemprop=\"thumbnailUrl\" data-envira-srcset=\"https:\/\/www.lausitzer-museenland.de\/wp-content\/uploads\/2014\/11\/222.jpg 400w,https:\/\/www.lausitzer-museenland.de\/wp-content\/uploads\/2014\/11\/222.jpg 2x\" srcset=\"data:image\/gif;base64,R0lGODlhAQABAIAAAP\/\/\/\/\/\/\/yH5BAEKAAEALAAAAAABAAEAAAICTAEAOw==\" \/><\/div><\/a><\/div><\/div><div id=\"envira-gallery-item-3493\" class=\"envira-gallery-item enviratope-item envira-gallery-item-3\" style=\"padding-left: 5px; padding-bottom: 10px; padding-right: 5px;\"  itemscope itemtype=\"https:\/\/schema.org\/ImageObject\"><div class=\"envira-gallery-item-inner\"><div class=\"envira-gallery-position-overlay  envira-gallery-top-left\"><\/div><div class=\"envira-gallery-position-overlay  envira-gallery-top-right\"><\/div><div class=\"envira-gallery-position-overlay  envira-gallery-bottom-left\"><\/div><div class=\"envira-gallery-position-overlay  envira-gallery-bottom-right\"><\/div><a href=\"https:\/\/www.lausitzer-museenland.de\/wp-content\/uploads\/2014\/11\/313.jpg\" class=\"envira-gallery-235 envira-gallery-link\" rel=\"enviragallery235\" title=\"View into the museum\" data-envira-caption=\"Blick ins Museum\" data-envira-retina=\"\" data-thumbnail=\"\"  itemprop=\"contentUrl\"><div class=\"envira-lazy\" data-test-width=\"960\" data-test-height=\"300\" style=\"padding-bottom:31.25%;\"><img id=\"envira-gallery-image-3493\" class=\"envira-gallery-image envira-gallery-image-3\" data-envira-index=\"3\" src=\"https:\/\/www.lausitzer-museenland.de\/wp-content\/uploads\/2014\/11\/313.jpg\" data-envira-src=\"https:\/\/www.lausitzer-museenland.de\/wp-content\/uploads\/2014\/11\/313.jpg\" data-envira-gallery-id=\"235\" data-envira-item-id=\"3493\" data-envira-caption=\"Blick ins Museum\" alt=\"\" title=\"View into the museum\"  itemprop=\"thumbnailUrl\" data-envira-srcset=\"https:\/\/www.lausitzer-museenland.de\/wp-content\/uploads\/2014\/11\/313.jpg 400w,https:\/\/www.lausitzer-museenland.de\/wp-content\/uploads\/2014\/11\/313.jpg 2x\" srcset=\"data:image\/gif;base64,R0lGODlhAQABAIAAAP\/\/\/\/\/\/\/yH5BAEKAAEALAAAAAABAAEAAAICTAEAOw==\" \/><\/div><\/a><\/div><\/div><div id=\"envira-gallery-item-3494\" class=\"envira-gallery-item enviratope-item envira-gallery-item-4\" style=\"padding-left: 5px; padding-bottom: 10px; padding-right: 5px;\"  itemscope itemtype=\"https:\/\/schema.org\/ImageObject\"><div class=\"envira-gallery-item-inner\"><div class=\"envira-gallery-position-overlay  envira-gallery-top-left\"><\/div><div class=\"envira-gallery-position-overlay  envira-gallery-top-right\"><\/div><div class=\"envira-gallery-position-overlay  envira-gallery-bottom-left\"><\/div><div class=\"envira-gallery-position-overlay  envira-gallery-bottom-right\"><\/div><a href=\"https:\/\/www.lausitzer-museenland.de\/wp-content\/uploads\/2014\/11\/49.jpg\" class=\"envira-gallery-235 envira-gallery-link\" rel=\"enviragallery235\" title=\"Lower Lusatian Sorbian Village Museum Bloischdorf\" data-envira-caption=\"Niederlausitzer Sorbisches Dorfmuseum Bloischdorf\" data-envira-retina=\"\" data-thumbnail=\"\"  itemprop=\"contentUrl\"><div class=\"envira-lazy\" data-test-width=\"960\" data-test-height=\"300\" style=\"padding-bottom:31.25%;\"><img id=\"envira-gallery-image-3494\" class=\"envira-gallery-image envira-gallery-image-4\" data-envira-index=\"4\" src=\"https:\/\/www.lausitzer-museenland.de\/wp-content\/uploads\/2014\/11\/49.jpg\" data-envira-src=\"https:\/\/www.lausitzer-museenland.de\/wp-content\/uploads\/2014\/11\/49.jpg\" data-envira-gallery-id=\"235\" data-envira-item-id=\"3494\" data-envira-caption=\"Niederlausitzer Sorbisches Dorfmuseum Bloischdorf\" alt=\"\" title=\"Lower Lusatian Sorbian Village Museum Bloischdorf\"  itemprop=\"thumbnailUrl\" data-envira-srcset=\"https:\/\/www.lausitzer-museenland.de\/wp-content\/uploads\/2014\/11\/49.jpg 400w,https:\/\/www.lausitzer-museenland.de\/wp-content\/uploads\/2014\/11\/49.jpg 2x\" srcset=\"data:image\/gif;base64,R0lGODlhAQABAIAAAP\/\/\/\/\/\/\/yH5BAEKAAEALAAAAAABAAEAAAICTAEAOw==\" \/><\/div><\/a><\/div><\/div><\/div><\/div><noscript><img src=\"https:\/\/www.lausitzer-museenland.de\/wp-content\/uploads\/2014\/11\/155.jpg\" alt=\"\" \/><img src=\"https:\/\/www.lausitzer-museenland.de\/wp-content\/uploads\/2014\/11\/222.jpg\" alt=\"\" \/><img src=\"https:\/\/www.lausitzer-museenland.de\/wp-content\/uploads\/2014\/11\/313.jpg\" alt=\"\" \/><img src=\"https:\/\/www.lausitzer-museenland.de\/wp-content\/uploads\/2014\/11\/49.jpg\" alt=\"\" \/><\/noscript>","protected":false},"excerpt":{"rendered":"<p>Gallery | Exhibitions | Offers for children Village museum with agricultural history collection Building\/property situation The building of the historic estate barn - a massive brick building dating from 1880 - has been restored and converted into an exhibition and event centre. Characteristics The focus is on the history and culture of the rural population, especially the Sorbian population, in Lower Lusatia in the period from<\/p>","protected":false},"author":13,"featured_media":0,"parent":113,"menu_order":0,"comment_status":"closed","ping_status":"closed","template":"","meta":[],"_links":{"self":[{"href":"http:\/\/www.lausitzer-museenland.de\/en\/wp-json\/wp\/v2\/pages\/235"}],"collection":[{"href":"http:\/\/www.lausitzer-museenland.de\/en\/wp-json\/wp\/v2\/pages"}],"about":[{"href":"http:\/\/www.lausitzer-museenland.de\/en\/wp-json\/wp\/v2\/types\/page"}],"author":[{"embeddable":true,"href":"http:\/\/www.lausitzer-museenland.de\/en\/wp-json\/wp\/v2\/users\/13"}],"replies":[{"embeddable":true,"href":"http:\/\/www.lausitzer-museenland.de\/en\/wp-json\/wp\/v2\/comments?post=235"}],"version-history":[{"count":21,"href":"http:\/\/www.lausitzer-museenland.de\/en\/wp-json\/wp\/v2\/pages\/235\/revisions"}],"predecessor-version":[{"id":54887,"href":"http:\/\/www.lausitzer-museenland.de\/en\/wp-json\/wp\/v2\/pages\/235\/revisions\/54887"}],"up":[{"embeddable":true,"href":"http:\/\/www.lausitzer-museenland.de\/en\/wp-json\/wp\/v2\/pages\/113"}],"wp:attachment":[{"href":"http:\/\/www.lausitzer-museenland.de\/en\/wp-json\/wp\/v2\/media?parent=235"}],"curies":[{"name":"wp","href":"https:\/\/api.w.org\/{rel}","templated":true}]}}