{"id":135,"date":"2014-11-05T16:59:10","date_gmt":"2014-11-05T15:59:10","guid":{"rendered":"http:\/\/lausitzer-museenland.de\/?page_id=135"},"modified":"2023-11-30T13:03:06","modified_gmt":"2023-11-30T12:03:06","slug":"dorfmuseum-sacro","status":"publish","type":"page","link":"http:\/\/www.lausitzer-museenland.de\/pl\/muzea\/wies-muzeum-sacro\/","title":{"rendered":"Muzeum Wsi Sacro \/ Wejsny muzej Zakrjow"},"content":{"rendered":"<p><a href=\"#galerie_sacro\">Galeria<\/a> |\u00a0<a href=\"#austellungen_sacro\">Wystawy<\/a>\u00a0| \u00a0<a href=\"#kinderangebot_sacro\">Oferty dla dzieci<\/a><a href=\"#kinderangebot_am_proschim\"><img loading=\"lazy\" class=\"enigma_img_responsive alignnone wp-image-1246\" src=\"https:\/\/www.lausitzer-museenland.de\/wp-content\/uploads\/2014\/11\/12.jpg\" alt=\"1\" width=\"800\" height=\"398\" srcset=\"https:\/\/www.lausitzer-museenland.de\/wp-content\/uploads\/2014\/11\/12.jpg 402w, https:\/\/www.lausitzer-museenland.de\/wp-content\/uploads\/2014\/11\/12-300x149.jpg 300w, https:\/\/www.lausitzer-museenland.de\/wp-content\/uploads\/2014\/11\/12-100x49.jpg 100w, https:\/\/www.lausitzer-museenland.de\/wp-content\/uploads\/2014\/11\/12-150x74.jpg 150w, https:\/\/www.lausitzer-museenland.de\/wp-content\/uploads\/2014\/11\/12-200x99.jpg 200w\" sizes=\"(max-width: 800px) 100vw, 800px\" \/><\/a><\/p>\n\n<p><strong>Muzeum wiejskie z merytorycznym w\u0142\u0105czeniem s\u0105siednich spo\u0142eczno\u015bci<\/strong><\/p>\n<h2><\/h2>\n<h3>Po\u0142o\u017cenie budynku\/dzia\u0142ki<\/h3>\n<div>Muzeum Wsi Sacro mie\u015bci si\u0119 w dawnym domu te\u015bci\u00f3w Reinharda Natuscha. Jednopi\u0119trowy dom mieszkalny z dachem dwuspadowym to budynek gospodarczy zbudowany ju\u017c z ceg\u0142y pe\u0142nej, ustawiony szczytem do ulicy wiejskiej na terenie dawnego gospodarstwa tr\u00f3jpolowego.<\/div>\n<div><\/div>\n<h3>Charakterystyka<\/h3>\n<div>Miejscowy kronikarz Reinhard Natusch gromadzi\u0142 i nadal gromadzi dowody \u017cycia codziennego wsi w p\u00f3\u0142nocnych powiatach Forst (\u0141u\u017cyce), przy czym wsie po\u0142o\u017cone na wsch\u00f3d od Nysy zosta\u0142y wyra\u017anie w\u0142\u0105czone do zbior\u00f3w i bada\u0144. Ciekawostk\u0105 jest fundusz oryginalnych zdj\u0119\u0107 historycznych z okolicznych wsi. Pi\u0119\u0107 pomieszcze\u0144 w domu zosta\u0142o przygotowanych do cel\u00f3w wystawienniczych, przy czym zasadnicza struktura zosta\u0142a w du\u017cej mierze zachowana, co nadaje kuchni, a zw\u0142aszcza jej wn\u0119trzu, pewien autentyzm. Mamy tu wi\u0119c do czynienia ze zbiorem folklorystycznym, kt\u00f3ry szczeg\u00f3lnie stara si\u0119 ustali\u0107 swoje zwi\u0105zki z histori\u0105 Serbo\u0142u\u017cyczan \/ Wend\u00f3w.<\/div>\n<div><\/div>\n<h3>Wystawy specjalne \/ oferty towarzysz\u0105ce<a id=\"austellungen_sacro\"><\/a><\/h3>\n<div>W ci\u0105gu roku organizowane s\u0105 2 wystawy specjalne. Pod wzgl\u0119dem tematycznym szukaj\u0105 one odniesie\u0144 do regionu i stanowi\u0105 uzupe\u0142nienie zamierze\u0144 wystawy sta\u0142ej.<\/div>\n<div>\n<p>Od czasu do czasu w programie znajduj\u0105 si\u0119 takie wydarzenia, jak wyk\u0142ady i dyskusje.<\/p>\n<p>Wi\u0119ksze dzia\u0142ania s\u0105 organizowane w ramach odrodzonego \"Festiwalu Wsi - Sacro\".<\/p>\n<\/div>\n<h3>Oferty dla dzieci - Z Kobim do muzeum<a id=\"kinderangebot_sacro\"><\/a><\/h3>\n<div>\n<p align=\"left\">Kobi - duch ma\u0142ego domku - czuje si\u0119 w muzeum jak w domu. Mieszka tam w kapciu pod piecem. O p\u00f3\u0142nocy pods\u0142uchuje starych muzealnik\u00f3w, kt\u00f3rzy opowiadaj\u0105 historie z przesz\u0142o\u015bci. Opowiada te fascynuj\u0105ce opowie\u015bci pracownikom muzeum, kt\u00f3rzy nast\u0119pnie przekazuj\u0105 je dzieciom - historie z dawnych, starych czas\u00f3w.<\/p>\n<p class=\"entry-title post-title\">Kobi proponuje:<\/p>\n<h5>\u015aladami serbo\u0142u\u017cyckich\/wendyjskich zwyczaj\u00f3w<\/h5>\n<div data-post-id='auf-den-spuren' class='insert-page insert-page-auf-den-spuren'>\t\t\t\t\t<p>W muzeum wiejskim zgromadzono \u015bwiadectwa \u017cycia codziennego, kt\u00f3re dokumentuj\u0105 wiejski styl \u017cycia w gminach po\u0142o\u017conych na p\u00f3\u0142noc od Forst i na wsch\u00f3d od Nysy. Zbi\u00f3r folklorystyczny ma szczeg\u00f3lne znaczenie dla historii Serbo\u0142u\u017cyczan\/Wend\u00f3w. Interesuj\u0105ca jest r\u00f3wnie\u017c kolekcja oryginalnych zdj\u0119\u0107 historycznych z okolicznych miejscowo\u015bci. Na g\u00f3rnym pi\u0119trze muzeum, kt\u00f3re mie\u015bci si\u0119 w budynku z muru pruskiego, mo\u017cna zobaczy\u0107 sypialni\u0119 z 1900 r. oraz stroje \u015bwi\u0105teczne noszone przez m\u0119\u017cczyzn i kobiety z 1805 r. Zwiedzanie g\u00f3rnego pi\u0119tra, gdzie wystawione s\u0105 zeszyty \u0107wicze\u0144 z 1805 r., ksi\u0105\u017cki z 1850 r. oraz historyczna tablica szkolna, pozwala pozna\u0107 pruskie szko\u0142y podstawowe.<\/p>\n<p>Oferta odbywa si\u0119 w pomieszczeniach zamkni\u0119tych i jest skierowana do dzieci w wieku szkolnym.<br \/>\nw klasach od 1 do 10.<br \/>\nTerminy: po uzgodnieniu<br \/>\nRejestracja wst\u0119pna: z co najmniej 2-tygodniowym wyprzedzeniem<\/p>\n<p><a title=\"Muzeum Wsi Sacro \/ Wejsny muzej Zakrjow\" href=\"\/museen\/dorfmuseum-sacro\/\">Muzeum Wsi Sacro<\/a><\/p>\n\t\t\t\t\t<\/div>\n<h3><\/h3>\n<p>&nbsp;<\/p>\n<h3>Galeria<a id=\"galerie_sacro\"><\/a><\/h3>\n<div id=\"envira-gallery-wrap-135\" class=\"envira-gallery-wrap envira-gallery-theme-base envira-lightbox-theme-base\" itemscope itemtype=\"https:\/\/schema.org\/ImageGallery\"><div data-row-height=\"\" data-gallery-theme=\"\" id=\"envira-gallery-135\" class=\"envira-gallery-public  envira-gallery-3-columns envira-clear enviratope envira-gallery-css-animations\" data-envira-columns=\"3\"><div id=\"envira-gallery-item-1343\" class=\"envira-gallery-item enviratope-item envira-gallery-item-1\" style=\"padding-left: 5px; padding-bottom: 10px; padding-right: 5px;\"  itemscope itemtype=\"https:\/\/schema.org\/ImageObject\"><div class=\"envira-gallery-item-inner\"><div class=\"envira-gallery-position-overlay  envira-gallery-top-left\"><\/div><div class=\"envira-gallery-position-overlay  envira-gallery-top-right\"><\/div><div class=\"envira-gallery-position-overlay  envira-gallery-bottom-left\"><\/div><div class=\"envira-gallery-position-overlay  envira-gallery-bottom-right\"><\/div><a href=\"https:\/\/www.lausitzer-museenland.de\/wp-content\/uploads\/2014\/11\/134.jpg\" class=\"envira-gallery-135 envira-gallery-link\" rel=\"enviragallery135\" title=\"Muzeum Wsi Sacro\" data-envira-caption=\"Dorfmuseum Sacro\" data-envira-retina=\"\" data-thumbnail=\"\"  itemprop=\"contentUrl\"><div class=\"envira-lazy\" data-test-width=\"960\" data-test-height=\"300\" style=\"padding-bottom:31.25%;\"><img id=\"envira-gallery-image-1343\" class=\"envira-gallery-image envira-gallery-image-1\" data-envira-index=\"1\" src=\"https:\/\/www.lausitzer-museenland.de\/wp-content\/uploads\/2014\/11\/134.jpg\" data-envira-src=\"https:\/\/www.lausitzer-museenland.de\/wp-content\/uploads\/2014\/11\/134.jpg\" data-envira-gallery-id=\"135\" data-envira-item-id=\"1343\" data-envira-caption=\"Dorfmuseum Sacro\" alt=\"\" title=\"Muzeum Wsi Sacro\"  itemprop=\"thumbnailUrl\" data-envira-srcset=\"https:\/\/www.lausitzer-museenland.de\/wp-content\/uploads\/2014\/11\/134.jpg 400w,https:\/\/www.lausitzer-museenland.de\/wp-content\/uploads\/2014\/11\/134.jpg 2x\" srcset=\"data:image\/gif;base64,R0lGODlhAQABAIAAAP\/\/\/\/\/\/\/yH5BAEKAAEALAAAAAABAAEAAAICTAEAOw==\" \/><\/div><\/a><\/div><\/div><div id=\"envira-gallery-item-1344\" class=\"envira-gallery-item enviratope-item envira-gallery-item-2\" style=\"padding-left: 5px; padding-bottom: 10px; padding-right: 5px;\"  itemscope itemtype=\"https:\/\/schema.org\/ImageObject\"><div class=\"envira-gallery-item-inner\"><div class=\"envira-gallery-position-overlay  envira-gallery-top-left\"><\/div><div class=\"envira-gallery-position-overlay  envira-gallery-top-right\"><\/div><div class=\"envira-gallery-position-overlay  envira-gallery-bottom-left\"><\/div><div class=\"envira-gallery-position-overlay  envira-gallery-bottom-right\"><\/div><a href=\"https:\/\/www.lausitzer-museenland.de\/wp-content\/uploads\/2014\/11\/22.jpg\" class=\"envira-gallery-135 envira-gallery-link\" rel=\"enviragallery135\" title=\"Muzeum Wsi Sacro\" data-envira-caption=\"Dorfmuseum Sacro\" data-envira-retina=\"\" data-thumbnail=\"\"  itemprop=\"contentUrl\"><div class=\"envira-lazy\" data-test-width=\"960\" data-test-height=\"300\" style=\"padding-bottom:31.25%;\"><img id=\"envira-gallery-image-1344\" class=\"envira-gallery-image envira-gallery-image-2\" data-envira-index=\"2\" src=\"https:\/\/www.lausitzer-museenland.de\/wp-content\/uploads\/2014\/11\/22.jpg\" data-envira-src=\"https:\/\/www.lausitzer-museenland.de\/wp-content\/uploads\/2014\/11\/22.jpg\" data-envira-gallery-id=\"135\" data-envira-item-id=\"1344\" data-envira-caption=\"Dorfmuseum Sacro\" alt=\"\" title=\"Muzeum Wsi Sacro\"  itemprop=\"thumbnailUrl\" data-envira-srcset=\"https:\/\/www.lausitzer-museenland.de\/wp-content\/uploads\/2014\/11\/22.jpg 400w,https:\/\/www.lausitzer-museenland.de\/wp-content\/uploads\/2014\/11\/22.jpg 2x\" srcset=\"data:image\/gif;base64,R0lGODlhAQABAIAAAP\/\/\/\/\/\/\/yH5BAEKAAEALAAAAAABAAEAAAICTAEAOw==\" \/><\/div><\/a><\/div><\/div><div id=\"envira-gallery-item-1345\" class=\"envira-gallery-item enviratope-item envira-gallery-item-3\" style=\"padding-left: 5px; padding-bottom: 10px; padding-right: 5px;\"  itemscope itemtype=\"https:\/\/schema.org\/ImageObject\"><div class=\"envira-gallery-item-inner\"><div class=\"envira-gallery-position-overlay  envira-gallery-top-left\"><\/div><div class=\"envira-gallery-position-overlay  envira-gallery-top-right\"><\/div><div class=\"envira-gallery-position-overlay  envira-gallery-bottom-left\"><\/div><div class=\"envira-gallery-position-overlay  envira-gallery-bottom-right\"><\/div><a href=\"https:\/\/www.lausitzer-museenland.de\/wp-content\/uploads\/2014\/11\/32.jpg\" class=\"envira-gallery-135 envira-gallery-link\" rel=\"enviragallery135\" title=\"Muzeum Wsi Sacro\" data-envira-caption=\"Dorfmuseum Sacro\" data-envira-retina=\"\" data-thumbnail=\"\"  itemprop=\"contentUrl\"><div class=\"envira-lazy\" data-test-width=\"960\" data-test-height=\"300\" style=\"padding-bottom:31.25%;\"><img id=\"envira-gallery-image-1345\" class=\"envira-gallery-image envira-gallery-image-3\" data-envira-index=\"3\" src=\"https:\/\/www.lausitzer-museenland.de\/wp-content\/uploads\/2014\/11\/32.jpg\" data-envira-src=\"https:\/\/www.lausitzer-museenland.de\/wp-content\/uploads\/2014\/11\/32.jpg\" data-envira-gallery-id=\"135\" data-envira-item-id=\"1345\" data-envira-caption=\"Dorfmuseum Sacro\" alt=\"\" title=\"Muzeum Wsi Sacro\"  itemprop=\"thumbnailUrl\" data-envira-srcset=\"https:\/\/www.lausitzer-museenland.de\/wp-content\/uploads\/2014\/11\/32.jpg 400w,https:\/\/www.lausitzer-museenland.de\/wp-content\/uploads\/2014\/11\/32.jpg 2x\" srcset=\"data:image\/gif;base64,R0lGODlhAQABAIAAAP\/\/\/\/\/\/\/yH5BAEKAAEALAAAAAABAAEAAAICTAEAOw==\" \/><\/div><\/a><\/div><\/div><\/div><\/div><noscript><img src=\"https:\/\/www.lausitzer-museenland.de\/wp-content\/uploads\/2014\/11\/134.jpg\" alt=\"\" \/><img src=\"https:\/\/www.lausitzer-museenland.de\/wp-content\/uploads\/2014\/11\/22.jpg\" alt=\"\" \/><img src=\"https:\/\/www.lausitzer-museenland.de\/wp-content\/uploads\/2014\/11\/32.jpg\" alt=\"\" \/><\/noscript>\n<\/div>","protected":false},"excerpt":{"rendered":"<p>Galeria | Wystawy | Oferta dla dzieci Muzeum wsi z merytorycznym w\u0142\u0105czeniem s\u0105siednich gmin Budynek \/ sytuacja maj\u0105tkowa Muzeum Wsi Sacro mie\u015bci si\u0119 w dawnym domu te\u015bci\u00f3w Reinharda Natuscha. Parterowy dom mieszkalny z dachem dwuspadowym jest solidnie zbudowanym budynkiem gospodarczym, zwr\u00f3conym szczytem do drogi wiejskiej na terenie dawnego tr\u00f3jpol\u00f3wki. Zebrane cechy by\u0142y i s\u0105 przede wszystkim<\/p>","protected":false},"author":13,"featured_media":0,"parent":113,"menu_order":0,"comment_status":"closed","ping_status":"closed","template":"","meta":[],"_links":{"self":[{"href":"http:\/\/www.lausitzer-museenland.de\/pl\/wp-json\/wp\/v2\/pages\/135"}],"collection":[{"href":"http:\/\/www.lausitzer-museenland.de\/pl\/wp-json\/wp\/v2\/pages"}],"about":[{"href":"http:\/\/www.lausitzer-museenland.de\/pl\/wp-json\/wp\/v2\/types\/page"}],"author":[{"embeddable":true,"href":"http:\/\/www.lausitzer-museenland.de\/pl\/wp-json\/wp\/v2\/users\/13"}],"replies":[{"embeddable":true,"href":"http:\/\/www.lausitzer-museenland.de\/pl\/wp-json\/wp\/v2\/comments?post=135"}],"version-history":[{"count":14,"href":"http:\/\/www.lausitzer-museenland.de\/pl\/wp-json\/wp\/v2\/pages\/135\/revisions"}],"predecessor-version":[{"id":53893,"href":"http:\/\/www.lausitzer-museenland.de\/pl\/wp-json\/wp\/v2\/pages\/135\/revisions\/53893"}],"up":[{"embeddable":true,"href":"http:\/\/www.lausitzer-museenland.de\/pl\/wp-json\/wp\/v2\/pages\/113"}],"wp:attachment":[{"href":"http:\/\/www.lausitzer-museenland.de\/pl\/wp-json\/wp\/v2\/media?parent=135"}],"curies":[{"name":"wp","href":"https:\/\/api.w.org\/{rel}","templated":true}]}}