{"id":158,"date":"2014-11-05T17:17:04","date_gmt":"2014-11-05T16:17:04","guid":{"rendered":"http:\/\/lausitzer-museenland.de\/?page_id=158"},"modified":"2022-05-31T07:35:07","modified_gmt":"2022-05-31T05:35:07","slug":"flugplatzmuseum-welzow","status":"publish","type":"page","link":"http:\/\/www.lausitzer-museenland.de\/pl\/muzea\/muzeum-lotniska-we-wroclawiu\/","title":{"rendered":"Muzeum Lotnictwa w Welzow \/ L\u011btani\u0161\u0107owy muzej Wjelcej"},"content":{"rendered":"<p><a href=\"#galerie_flugplatz_welzow\">Galeria<\/a> |\u00a0<a href=\"#austellungen_flugplatz_welzow\">Wystawy<\/a>\u00a0| \u00a0<a href=\"#kinderangebot_flugplatz_welzow\">Oferty dla dzieci<\/a><a href=\"https:\/\/www.lausitzer-museenland.de\/wp-content\/uploads\/2014\/11\/Welzow-7.png\"><img loading=\"lazy\" class=\"aligncenter size-full wp-image-6164\" src=\"https:\/\/www.lausitzer-museenland.de\/wp-content\/uploads\/2014\/11\/Welzow-7.png\" alt=\"Welzow-7\" width=\"750\" height=\"562\" srcset=\"https:\/\/www.lausitzer-museenland.de\/wp-content\/uploads\/2014\/11\/Welzow-7.png 750w, https:\/\/www.lausitzer-museenland.de\/wp-content\/uploads\/2014\/11\/Welzow-7-300x225.png 300w\" sizes=\"(max-width: 750px) 100vw, 750px\" \/><\/a><\/p>\n\n<p><strong>Specjalne muzeum z kolekcj\u0105 po\u015bwi\u0119con\u0105 historii spo\u0142ecznej i kulturowej tego miejsca<\/strong><\/p>\n<h3>Po\u0142o\u017cenie budynku\/dzia\u0142ki<\/h3>\n<div>Budynek, w kt\u00f3rym dzi\u015b mie\u015bci si\u0119 muzeum lotnictwa, by\u0142 cz\u0119\u015bci\u0105 du\u017cego kompleksu dawnego maj\u0105tku wojskowego sk\u0142adaj\u0105cego si\u0119 z koszar, budynk\u00f3w mieszkalnych i obiekt\u00f3w \"socjalnych\", gospodarczych i technicznych. Masywny budynek dawnego warsztatu zosta\u0142 wy\u0142\u0105czony z rozbi\u00f3rki i poddany remontowi malarskiemu.<\/div>\n<h3>Charakterystyka<\/h3>\n<div>Muzeum Lotniska ma na celu udokumentowanie historii u\u017cytkowania lotniska w r\u00f3\u017cnych epokach. Setki eksponat\u00f3w, g\u0142\u00f3wnie z okresu II wojny \u015bwiatowej i wykorzystania lotniska przez Armi\u0119 Radzieck\u0105, ilustruj\u0105 histori\u0119 lotniska Welzow od 1927 r. jako lotniska cywilnego, od 1935 r. do 1945 r. jako lotniska szkoleniowego i operacyjnego dla niemieckiego Wehrmachtu, a od 1945 r. jako lotniska wojskowego dla wojsk radzieckich. Muzeum prezentuje rozw\u00f3j lotniska w o\u015bmiu salach tematycznych, dotycz\u0105cych poszczeg\u00f3lnych okres\u00f3w, w tym techniki lotniczej. Cztery pomieszczenia s\u0105 pod opiek\u0105 Flugplatzbetriebsgesellschaft Welzow mbH, w kt\u00f3rych zgromadzono wiele eksponat\u00f3w dotycz\u0105cych wykorzystania lotniska w latach 1927-1993. Za cztery kolejne pomieszczenia odpowiada organizacja Vermisstenforschung Deutschland e.V. (Niemieckie Badania nad Zaginionymi Osobami), kt\u00f3ra dokumentuje w szczeg\u00f3lno\u015bci technik\u0119 lotnicz\u0105 z okresu II wojny \u015bwiatowej. Dzia\u0142ania wystawiennicze maj\u0105 na celu nie tylko zainteresowanie miejscowej ludno\u015bci, kt\u00f3rej \u017cycie przez d\u0142ugi czas kszta\u0142towane by\u0142o przez intensywne u\u017cytkowanie lotniska.<\/div>\n<h3>Wystawy specjalne \/ oferty towarzysz\u0105ce<a id=\"austellungen_flugplatz_welzow\"><\/a><\/h3>\n<div>Obecnie nie s\u0105 planowane wystawy specjalne.<\/div>\n<div>Koncepcja Flugplatzbetriebsgesellschaft Welzow mbH zak\u0142ada wykorzystanie lotniska Spremberg-Welzow jako kombinacji osiedla handlowego, wykorzystania lotniczego i regionalnych mo\u017cliwo\u015bci sp\u0119dzania wolnego czasu, do kt\u00f3rych nale\u017c\u0105 muzeum oraz liczne kluby, festiwale i gastronomia znajduj\u0105ce si\u0119 na tym terenie, np:<\/div>\n<div>\n<ul>\n<li>Festiwal Lotniczy<\/li>\n<li>Nocne loty<\/li>\n<li>\u00a0Noc Muze\u00f3w w dzielnicy Sprewa-Nysa<\/li>\n<li>Mo\u017cliwo\u015b\u0107 rezerwacji ofert \u0142\u0105czonych dla grup (muzeum, uroczysto\u015b\u0107, lot widokowy)<\/li>\n<li>Wsp\u00f3\u0142praca z ofertami stowarzysze\u0144<\/li>\n<li>\u015acie\u017cka rowerowa (po\u0142\u0105czenie mi\u0119dzy dzielnicami Sprewa-Nysa i Oberspreewald-\u0141u\u017cyce)<\/li>\n<\/ul>\n<\/div>\n<h4>Oferty dla dzieci - Z Kobim do muzeum<a id=\"kinderangebot_flugplatz_welzow\"><\/a><\/h4>\n<p>Kobi - duch ma\u0142ego domku - czuje si\u0119 w muzeum jak w domu. Mieszka tam w kapciu pod piecem. O p\u00f3\u0142nocy pods\u0142uchuje starych muzealnik\u00f3w, kt\u00f3rzy opowiadaj\u0105 historie z przesz\u0142o\u015bci. Opowiada te fascynuj\u0105ce opowie\u015bci pracownikom muzeum, kt\u00f3rzy nast\u0119pnie przekazuj\u0105 je dzieciom - historie z dawnych, starych czas\u00f3w.<\/p>\n<p>Kobi proponuje:<\/p>\n<div>\n<h5>\u00a0Historia lotniska w Welzow<\/h5>\n<div data-post-id='flugplatzgeschichte-von-welzow' class='insert-page insert-page-flugplatzgeschichte-von-welzow'>\t\t\t\t\t<p>Prezentacja historii lotniska od 1927 r. do chwili obecnej, w tym techniki lotniczej. Zwiedzaj\u0105cy mog\u0105 podziwia\u0107 oryginalne eksponaty, g\u0142\u00f3wnie z okresu II wojny \u015bwiatowej oraz z czas\u00f3w, gdy lotnisko by\u0142o wykorzystywane przez Armi\u0119 Radzieck\u0105. W o\u015bmiu salach tematycznych mo\u017cna zapozna\u0107 si\u0119 z ca\u0142\u0105 histori\u0105 lotniska.<\/p>\n<p>Oferta odbywa si\u0119 w pomieszczeniach zamkni\u0119tych i jest skierowana do dzieci w wieku szkolnym.<br \/>\nw klasach 5-12.<br \/>\nTerminy: po uzgodnieniu<br \/>\nRejestracja wst\u0119pna: co najmniej 1 tydzie\u0144 wcze\u015bniej<br \/>\nCzas trwania: ok. 2 godz.<br \/>\nWielko\u015b\u0107 grupy: od 10 do 30 os\u00f3b<br \/>\nWst\u0119p dla jednej osoby: 2,00 \u20ac<\/p>\n<p><a title=\"Muzeum Lotnictwa w Welzow \/ L\u011btani\u0161\u0107owy muzej Wjelcej\" href=\"\/museen\/flugplatzmuseum-welzow\/\">Muzeum Lotnictwa w Welzow<\/a><\/p>\n\t\t\t\t\t<\/div>\n<h3><\/h3>\n<p>&nbsp;<\/p>\n<h3>Galeria<a id=\"galerie_flugplatz_welzow\"><\/a><\/h3>\n<div id=\"envira-gallery-wrap-53786\" class=\"envira-gallery-wrap envira-gallery-theme-base envira-lightbox-theme-base\" itemscope itemtype=\"https:\/\/schema.org\/ImageGallery\"><div data-row-height=\"150\" data-gallery-theme=\"normal\" id=\"envira-gallery-53786\" class=\"envira-gallery-public envira-gallery-justified-public envira-gallery-0-columns envira-clear enviratope envira-gallery-css-animations\" data-envira-columns=\"0\"><div id=\"envira-gallery-item-53791\" class=\"envira-gallery-item enviratope-item envira-gallery-item-1 envira-lazy-load\" style=\"padding-left: 5px; padding-bottom: 10px; padding-right: 5px;\"  itemscope itemtype=\"https:\/\/schema.org\/ImageObject\"><div class=\"envira-gallery-item-inner\"><div class=\"envira-gallery-position-overlay  envira-gallery-top-left\"><\/div><div class=\"envira-gallery-position-overlay  envira-gallery-top-right\"><\/div><div class=\"envira-gallery-position-overlay  envira-gallery-bottom-left\"><\/div><div class=\"envira-gallery-position-overlay  envira-gallery-bottom-right\"><\/div><a href=\"https:\/\/www.lausitzer-museenland.de\/wp-content\/uploads\/2022\/04\/DSCI1105.jpg\" class=\"envira-gallery-53786 envira-gallery-link\" rel=\"enviragallery53786\" title=\"FPM Welzow 01\" data-envira-caption=\"FPM Welzow 01\" data-envira-retina=\"\" data-thumbnail=\"\"  itemprop=\"contentUrl\"><img id=\"envira-gallery-image-53791\" class=\"envira-gallery-image envira-gallery-image-1 envira-normal envira-lazy\" data-envira-index=\"1\" src=\"https:\/\/www.lausitzer-museenland.de\/wp-content\/uploads\/2022\/04\/DSCI1105-1024x740.jpg\" data-envira-src=\"https:\/\/www.lausitzer-museenland.de\/wp-content\/uploads\/2022\/04\/DSCI1105-1024x740.jpg\" data-envira-gallery-id=\"53786\" data-envira-item-id=\"53791\" data-envira-caption=\"FPM Welzow 01\" alt=\"\" title=\"FPM Welzow 01\"  itemprop=\"thumbnailUrl\" data-envira-srcset=\"https:\/\/www.lausitzer-museenland.de\/wp-content\/uploads\/2022\/04\/DSCI1105-1024x740.jpg 400w,https:\/\/www.lausitzer-museenland.de\/wp-content\/uploads\/2022\/04\/DSCI1105-1024x740.jpg 2x\" data-envira-width=\"300\" data-envira-height=\"217\" srcset=\"data:image\/gif;base64,R0lGODlhAQABAIAAAP\/\/\/\/\/\/\/yH5BAEKAAEALAAAAAABAAEAAAICTAEAOw==\" data-safe-src=\"data:image\/gif;base64,R0lGODlhAQABAIAAAP\/\/\/\/\/\/\/yH5BAEKAAEALAAAAAABAAEAAAICTAEAOw==\" \/><\/a><\/div><\/div><div id=\"envira-gallery-item-53787\" class=\"envira-gallery-item enviratope-item envira-gallery-item-2 envira-lazy-load\" style=\"padding-left: 5px; padding-bottom: 10px; padding-right: 5px;\"  itemscope itemtype=\"https:\/\/schema.org\/ImageObject\"><div class=\"envira-gallery-item-inner\"><div class=\"envira-gallery-position-overlay  envira-gallery-top-left\"><\/div><div class=\"envira-gallery-position-overlay  envira-gallery-top-right\"><\/div><div class=\"envira-gallery-position-overlay  envira-gallery-bottom-left\"><\/div><div class=\"envira-gallery-position-overlay  envira-gallery-bottom-right\"><\/div><a href=\"https:\/\/www.lausitzer-museenland.de\/wp-content\/uploads\/2022\/04\/DSC_0241.jpg\" class=\"envira-gallery-53786 envira-gallery-link\" rel=\"enviragallery53786\" title=\"FPM Welzow 02\" data-envira-caption=\"FPM Welzow 02\" data-envira-retina=\"\" data-thumbnail=\"\"  itemprop=\"contentUrl\"><img id=\"envira-gallery-image-53787\" class=\"envira-gallery-image envira-gallery-image-2 envira-normal envira-lazy\" data-envira-index=\"2\" src=\"https:\/\/www.lausitzer-museenland.de\/wp-content\/uploads\/2022\/04\/DSC_0241-1024x699.jpg\" data-envira-src=\"https:\/\/www.lausitzer-museenland.de\/wp-content\/uploads\/2022\/04\/DSC_0241-1024x699.jpg\" data-envira-gallery-id=\"53786\" data-envira-item-id=\"53787\" data-envira-caption=\"FPM Welzow 02\" alt=\"\" title=\"FPM Welzow 02\"  itemprop=\"thumbnailUrl\" data-envira-srcset=\"https:\/\/www.lausitzer-museenland.de\/wp-content\/uploads\/2022\/04\/DSC_0241-1024x699.jpg 400w,https:\/\/www.lausitzer-museenland.de\/wp-content\/uploads\/2022\/04\/DSC_0241-1024x699.jpg 2x\" data-envira-width=\"300\" data-envira-height=\"205\" srcset=\"data:image\/gif;base64,R0lGODlhAQABAIAAAP\/\/\/\/\/\/\/yH5BAEKAAEALAAAAAABAAEAAAICTAEAOw==\" data-safe-src=\"data:image\/gif;base64,R0lGODlhAQABAIAAAP\/\/\/\/\/\/\/yH5BAEKAAEALAAAAAABAAEAAAICTAEAOw==\" \/><\/a><\/div><\/div><div id=\"envira-gallery-item-53789\" class=\"envira-gallery-item enviratope-item envira-gallery-item-3 envira-lazy-load\" style=\"padding-left: 5px; padding-bottom: 10px; padding-right: 5px;\"  itemscope itemtype=\"https:\/\/schema.org\/ImageObject\"><div class=\"envira-gallery-item-inner\"><div class=\"envira-gallery-position-overlay  envira-gallery-top-left\"><\/div><div class=\"envira-gallery-position-overlay  envira-gallery-top-right\"><\/div><div class=\"envira-gallery-position-overlay  envira-gallery-bottom-left\"><\/div><div class=\"envira-gallery-position-overlay  envira-gallery-bottom-right\"><\/div><a href=\"https:\/\/www.lausitzer-museenland.de\/wp-content\/uploads\/2022\/04\/DSCI1032.jpg\" class=\"envira-gallery-53786 envira-gallery-link\" rel=\"enviragallery53786\" title=\"FPM Welzow 03\" data-envira-caption=\"FPM Welzow 03\" data-envira-retina=\"\" data-thumbnail=\"\"  itemprop=\"contentUrl\"><img id=\"envira-gallery-image-53789\" class=\"envira-gallery-image envira-gallery-image-3 envira-normal envira-lazy\" data-envira-index=\"3\" src=\"https:\/\/www.lausitzer-museenland.de\/wp-content\/uploads\/2022\/04\/DSCI1032-1024x723.jpg\" data-envira-src=\"https:\/\/www.lausitzer-museenland.de\/wp-content\/uploads\/2022\/04\/DSCI1032-1024x723.jpg\" data-envira-gallery-id=\"53786\" data-envira-item-id=\"53789\" data-envira-caption=\"FPM Welzow 03\" alt=\"\" title=\"FPM Welzow 03\"  itemprop=\"thumbnailUrl\" data-envira-srcset=\"https:\/\/www.lausitzer-museenland.de\/wp-content\/uploads\/2022\/04\/DSCI1032-1024x723.jpg 400w,https:\/\/www.lausitzer-museenland.de\/wp-content\/uploads\/2022\/04\/DSCI1032-1024x723.jpg 2x\" data-envira-width=\"300\" data-envira-height=\"212\" srcset=\"data:image\/gif;base64,R0lGODlhAQABAIAAAP\/\/\/\/\/\/\/yH5BAEKAAEALAAAAAABAAEAAAICTAEAOw==\" data-safe-src=\"data:image\/gif;base64,R0lGODlhAQABAIAAAP\/\/\/\/\/\/\/yH5BAEKAAEALAAAAAABAAEAAAICTAEAOw==\" \/><\/a><\/div><\/div><div id=\"envira-gallery-item-53790\" class=\"envira-gallery-item enviratope-item envira-gallery-item-4 envira-lazy-load\" style=\"padding-left: 5px; padding-bottom: 10px; padding-right: 5px;\"  itemscope itemtype=\"https:\/\/schema.org\/ImageObject\"><div class=\"envira-gallery-item-inner\"><div class=\"envira-gallery-position-overlay  envira-gallery-top-left\"><\/div><div class=\"envira-gallery-position-overlay  envira-gallery-top-right\"><\/div><div class=\"envira-gallery-position-overlay  envira-gallery-bottom-left\"><\/div><div class=\"envira-gallery-position-overlay  envira-gallery-bottom-right\"><\/div><a href=\"https:\/\/www.lausitzer-museenland.de\/wp-content\/uploads\/2022\/04\/DSCI1033.jpg\" class=\"envira-gallery-53786 envira-gallery-link\" rel=\"enviragallery53786\" title=\"FPM Welzow 04\" data-envira-caption=\"FPM Welzow 04\" data-envira-retina=\"\" data-thumbnail=\"\"  itemprop=\"contentUrl\"><img id=\"envira-gallery-image-53790\" class=\"envira-gallery-image envira-gallery-image-4 envira-normal envira-lazy\" data-envira-index=\"4\" src=\"https:\/\/www.lausitzer-museenland.de\/wp-content\/uploads\/2022\/04\/DSCI1033-1024x768.jpg\" data-envira-src=\"https:\/\/www.lausitzer-museenland.de\/wp-content\/uploads\/2022\/04\/DSCI1033-1024x768.jpg\" data-envira-gallery-id=\"53786\" data-envira-item-id=\"53790\" data-envira-caption=\"FPM Welzow 04\" alt=\"\" title=\"FPM Welzow 04\"  itemprop=\"thumbnailUrl\" data-envira-srcset=\"https:\/\/www.lausitzer-museenland.de\/wp-content\/uploads\/2022\/04\/DSCI1033-1024x768.jpg 400w,https:\/\/www.lausitzer-museenland.de\/wp-content\/uploads\/2022\/04\/DSCI1033-1024x768.jpg 2x\" data-envira-width=\"300\" data-envira-height=\"225\" srcset=\"data:image\/gif;base64,R0lGODlhAQABAIAAAP\/\/\/\/\/\/\/yH5BAEKAAEALAAAAAABAAEAAAICTAEAOw==\" data-safe-src=\"data:image\/gif;base64,R0lGODlhAQABAIAAAP\/\/\/\/\/\/\/yH5BAEKAAEALAAAAAABAAEAAAICTAEAOw==\" \/><\/a><\/div><\/div><div id=\"envira-gallery-item-53788\" class=\"envira-gallery-item enviratope-item envira-gallery-item-5 envira-lazy-load\" style=\"padding-left: 5px; padding-bottom: 10px; padding-right: 5px;\"  itemscope itemtype=\"https:\/\/schema.org\/ImageObject\"><div class=\"envira-gallery-item-inner\"><div class=\"envira-gallery-position-overlay  envira-gallery-top-left\"><\/div><div class=\"envira-gallery-position-overlay  envira-gallery-top-right\"><\/div><div class=\"envira-gallery-position-overlay  envira-gallery-bottom-left\"><\/div><div class=\"envira-gallery-position-overlay  envira-gallery-bottom-right\"><\/div><a href=\"https:\/\/www.lausitzer-museenland.de\/wp-content\/uploads\/2022\/04\/DSC_0263.jpg\" class=\"envira-gallery-53786 envira-gallery-link\" rel=\"enviragallery53786\" title=\"FPM Welzow 05\" data-envira-caption=\"FPM Welzow 05\" data-envira-retina=\"\" data-thumbnail=\"\"  itemprop=\"contentUrl\"><img id=\"envira-gallery-image-53788\" class=\"envira-gallery-image envira-gallery-image-5 envira-normal envira-lazy\" data-envira-index=\"5\" src=\"https:\/\/www.lausitzer-museenland.de\/wp-content\/uploads\/2022\/04\/DSC_0263-688x1024.jpg\" data-envira-src=\"https:\/\/www.lausitzer-museenland.de\/wp-content\/uploads\/2022\/04\/DSC_0263-688x1024.jpg\" data-envira-gallery-id=\"53786\" data-envira-item-id=\"53788\" data-envira-caption=\"FPM Welzow 05\" alt=\"\" title=\"FPM Welzow 05\"  itemprop=\"thumbnailUrl\" data-envira-srcset=\"https:\/\/www.lausitzer-museenland.de\/wp-content\/uploads\/2022\/04\/DSC_0263-688x1024.jpg 400w,https:\/\/www.lausitzer-museenland.de\/wp-content\/uploads\/2022\/04\/DSC_0263-688x1024.jpg 2x\" data-envira-width=\"201\" data-envira-height=\"300\" srcset=\"data:image\/gif;base64,R0lGODlhAQABAIAAAP\/\/\/\/\/\/\/yH5BAEKAAEALAAAAAABAAEAAAICTAEAOw==\" data-safe-src=\"data:image\/gif;base64,R0lGODlhAQABAIAAAP\/\/\/\/\/\/\/yH5BAEKAAEALAAAAAABAAEAAAICTAEAOw==\" \/><\/a><\/div><\/div><div id=\"envira-gallery-item-53792\" class=\"envira-gallery-item enviratope-item envira-gallery-item-6 envira-lazy-load\" style=\"padding-left: 5px; padding-bottom: 10px; padding-right: 5px;\"  itemscope itemtype=\"https:\/\/schema.org\/ImageObject\"><div class=\"envira-gallery-item-inner\"><div class=\"envira-gallery-position-overlay  envira-gallery-top-left\"><\/div><div class=\"envira-gallery-position-overlay  envira-gallery-top-right\"><\/div><div class=\"envira-gallery-position-overlay  envira-gallery-bottom-left\"><\/div><div class=\"envira-gallery-position-overlay  envira-gallery-bottom-right\"><\/div><a href=\"https:\/\/www.lausitzer-museenland.de\/wp-content\/uploads\/2022\/04\/DSCI1107.jpg\" class=\"envira-gallery-53786 envira-gallery-link\" rel=\"enviragallery53786\" title=\"FPM Welzow 06\" data-envira-caption=\"FPM Welzow 06\" data-envira-retina=\"\" data-thumbnail=\"\"  itemprop=\"contentUrl\"><img id=\"envira-gallery-image-53792\" class=\"envira-gallery-image envira-gallery-image-6 envira-normal envira-lazy\" data-envira-index=\"6\" src=\"https:\/\/www.lausitzer-museenland.de\/wp-content\/uploads\/2022\/04\/DSCI1107-1024x917.jpg\" data-envira-src=\"https:\/\/www.lausitzer-museenland.de\/wp-content\/uploads\/2022\/04\/DSCI1107-1024x917.jpg\" data-envira-gallery-id=\"53786\" data-envira-item-id=\"53792\" data-envira-caption=\"FPM Welzow 06\" alt=\"\" title=\"FPM Welzow 06\"  itemprop=\"thumbnailUrl\" data-envira-srcset=\"https:\/\/www.lausitzer-museenland.de\/wp-content\/uploads\/2022\/04\/DSCI1107-1024x917.jpg 400w,https:\/\/www.lausitzer-museenland.de\/wp-content\/uploads\/2022\/04\/DSCI1107-1024x917.jpg 2x\" data-envira-width=\"300\" data-envira-height=\"269\" srcset=\"data:image\/gif;base64,R0lGODlhAQABAIAAAP\/\/\/\/\/\/\/yH5BAEKAAEALAAAAAABAAEAAAICTAEAOw==\" data-safe-src=\"data:image\/gif;base64,R0lGODlhAQABAIAAAP\/\/\/\/\/\/\/yH5BAEKAAEALAAAAAABAAEAAAICTAEAOw==\" \/><\/a><\/div><\/div><div id=\"envira-gallery-item-53793\" class=\"envira-gallery-item enviratope-item envira-gallery-item-7 envira-lazy-load\" style=\"padding-left: 5px; padding-bottom: 10px; padding-right: 5px;\"  itemscope itemtype=\"https:\/\/schema.org\/ImageObject\"><div class=\"envira-gallery-item-inner\"><div class=\"envira-gallery-position-overlay  envira-gallery-top-left\"><\/div><div class=\"envira-gallery-position-overlay  envira-gallery-top-right\"><\/div><div class=\"envira-gallery-position-overlay  envira-gallery-bottom-left\"><\/div><div class=\"envira-gallery-position-overlay  envira-gallery-bottom-right\"><\/div><a href=\"https:\/\/www.lausitzer-museenland.de\/wp-content\/uploads\/2022\/04\/DSCI1109.jpg\" class=\"envira-gallery-53786 envira-gallery-link\" rel=\"enviragallery53786\" title=\"FPM Welzow 07\" data-envira-caption=\"FPM Welzow 07\" data-envira-retina=\"\" data-thumbnail=\"\"  itemprop=\"contentUrl\"><img id=\"envira-gallery-image-53793\" class=\"envira-gallery-image envira-gallery-image-7 envira-normal envira-lazy\" data-envira-index=\"7\" src=\"https:\/\/www.lausitzer-museenland.de\/wp-content\/uploads\/2022\/04\/DSCI1109-1024x768.jpg\" data-envira-src=\"https:\/\/www.lausitzer-museenland.de\/wp-content\/uploads\/2022\/04\/DSCI1109-1024x768.jpg\" data-envira-gallery-id=\"53786\" data-envira-item-id=\"53793\" data-envira-caption=\"FPM Welzow 07\" alt=\"\" title=\"FPM Welzow 07\"  itemprop=\"thumbnailUrl\" data-envira-srcset=\"https:\/\/www.lausitzer-museenland.de\/wp-content\/uploads\/2022\/04\/DSCI1109-1024x768.jpg 400w,https:\/\/www.lausitzer-museenland.de\/wp-content\/uploads\/2022\/04\/DSCI1109-1024x768.jpg 2x\" data-envira-width=\"300\" data-envira-height=\"225\" srcset=\"data:image\/gif;base64,R0lGODlhAQABAIAAAP\/\/\/\/\/\/\/yH5BAEKAAEALAAAAAABAAEAAAICTAEAOw==\" data-safe-src=\"data:image\/gif;base64,R0lGODlhAQABAIAAAP\/\/\/\/\/\/\/yH5BAEKAAEALAAAAAABAAEAAAICTAEAOw==\" \/><\/a><\/div><\/div><div id=\"envira-gallery-item-53794\" class=\"envira-gallery-item enviratope-item envira-gallery-item-8 envira-lazy-load\" style=\"padding-left: 5px; padding-bottom: 10px; padding-right: 5px;\"  itemscope itemtype=\"https:\/\/schema.org\/ImageObject\"><div class=\"envira-gallery-item-inner\"><div class=\"envira-gallery-position-overlay  envira-gallery-top-left\"><\/div><div class=\"envira-gallery-position-overlay  envira-gallery-top-right\"><\/div><div class=\"envira-gallery-position-overlay  envira-gallery-bottom-left\"><\/div><div class=\"envira-gallery-position-overlay  envira-gallery-bottom-right\"><\/div><a href=\"https:\/\/www.lausitzer-museenland.de\/wp-content\/uploads\/2022\/04\/DSCI1134.jpg\" class=\"envira-gallery-53786 envira-gallery-link\" rel=\"enviragallery53786\" title=\"FPM Welzow 08\" data-envira-caption=\"FPM Welzow 08\" data-envira-retina=\"\" data-thumbnail=\"\"  itemprop=\"contentUrl\"><img id=\"envira-gallery-image-53794\" class=\"envira-gallery-image envira-gallery-image-8 envira-normal envira-lazy\" data-envira-index=\"8\" src=\"https:\/\/www.lausitzer-museenland.de\/wp-content\/uploads\/2022\/04\/DSCI1134-811x1024.jpg\" data-envira-src=\"https:\/\/www.lausitzer-museenland.de\/wp-content\/uploads\/2022\/04\/DSCI1134-811x1024.jpg\" data-envira-gallery-id=\"53786\" data-envira-item-id=\"53794\" data-envira-caption=\"FPM Welzow 08\" alt=\"\" title=\"FPM Welzow 08\"  itemprop=\"thumbnailUrl\" data-envira-srcset=\"https:\/\/www.lausitzer-museenland.de\/wp-content\/uploads\/2022\/04\/DSCI1134-811x1024.jpg 400w,https:\/\/www.lausitzer-museenland.de\/wp-content\/uploads\/2022\/04\/DSCI1134-811x1024.jpg 2x\" data-envira-width=\"238\" data-envira-height=\"300\" srcset=\"data:image\/gif;base64,R0lGODlhAQABAIAAAP\/\/\/\/\/\/\/yH5BAEKAAEALAAAAAABAAEAAAICTAEAOw==\" data-safe-src=\"data:image\/gif;base64,R0lGODlhAQABAIAAAP\/\/\/\/\/\/\/yH5BAEKAAEALAAAAAABAAEAAAICTAEAOw==\" \/><\/a><\/div><\/div><\/div><\/div><noscript><img src=\"https:\/\/www.lausitzer-museenland.de\/wp-content\/uploads\/2022\/04\/DSCI1105.jpg\" alt=\"\" \/><img src=\"https:\/\/www.lausitzer-museenland.de\/wp-content\/uploads\/2022\/04\/DSC_0241.jpg\" alt=\"\" \/><img src=\"https:\/\/www.lausitzer-museenland.de\/wp-content\/uploads\/2022\/04\/DSCI1032.jpg\" alt=\"\" \/><img src=\"https:\/\/www.lausitzer-museenland.de\/wp-content\/uploads\/2022\/04\/DSCI1033.jpg\" alt=\"\" \/><img src=\"https:\/\/www.lausitzer-museenland.de\/wp-content\/uploads\/2022\/04\/DSC_0263.jpg\" alt=\"\" \/><img src=\"https:\/\/www.lausitzer-museenland.de\/wp-content\/uploads\/2022\/04\/DSCI1107.jpg\" alt=\"\" \/><img src=\"https:\/\/www.lausitzer-museenland.de\/wp-content\/uploads\/2022\/04\/DSCI1109.jpg\" alt=\"\" \/><img src=\"https:\/\/www.lausitzer-museenland.de\/wp-content\/uploads\/2022\/04\/DSCI1134.jpg\" alt=\"\" \/><\/noscript>\n<\/div>","protected":false},"excerpt":{"rendered":"<p>Galeria | Wystawy | Oferta dla dzieci Muzeum specjalne ze zbiorami dotycz\u0105cymi historii spo\u0142ecznej i kulturowej miejsca Budynek \/ sytuacja miejsca Budynek, w kt\u00f3rym obecnie mie\u015bci si\u0119 muzeum lotnictwa, by\u0142 cz\u0119\u015bci\u0105 du\u017cego kompleksu dawnego maj\u0105tku wojskowego koszar, budynk\u00f3w mieszkalnych i obiekt\u00f3w \"socjalnych\", gospodarczych i technicznych. Masywny budynek dawnych warsztat\u00f3w zosta\u0142 zwolniony z rozbi\u00f3rki i wyremontowany.<\/p>","protected":false},"author":13,"featured_media":0,"parent":113,"menu_order":0,"comment_status":"closed","ping_status":"closed","template":"","meta":[],"_links":{"self":[{"href":"http:\/\/www.lausitzer-museenland.de\/pl\/wp-json\/wp\/v2\/pages\/158"}],"collection":[{"href":"http:\/\/www.lausitzer-museenland.de\/pl\/wp-json\/wp\/v2\/pages"}],"about":[{"href":"http:\/\/www.lausitzer-museenland.de\/pl\/wp-json\/wp\/v2\/types\/page"}],"author":[{"embeddable":true,"href":"http:\/\/www.lausitzer-museenland.de\/pl\/wp-json\/wp\/v2\/users\/13"}],"replies":[{"embeddable":true,"href":"http:\/\/www.lausitzer-museenland.de\/pl\/wp-json\/wp\/v2\/comments?post=158"}],"version-history":[{"count":16,"href":"http:\/\/www.lausitzer-museenland.de\/pl\/wp-json\/wp\/v2\/pages\/158\/revisions"}],"predecessor-version":[{"id":53901,"href":"http:\/\/www.lausitzer-museenland.de\/pl\/wp-json\/wp\/v2\/pages\/158\/revisions\/53901"}],"up":[{"embeddable":true,"href":"http:\/\/www.lausitzer-museenland.de\/pl\/wp-json\/wp\/v2\/pages\/113"}],"wp:attachment":[{"href":"http:\/\/www.lausitzer-museenland.de\/pl\/wp-json\/wp\/v2\/media?parent=158"}],"curies":[{"name":"wp","href":"https:\/\/api.w.org\/{rel}","templated":true}]}}