{"id":210,"date":"2014-11-05T17:48:48","date_gmt":"2014-11-05T16:48:48","guid":{"rendered":"http:\/\/lausitzer-museenland.de\/?page_id=210"},"modified":"2022-05-31T07:42:02","modified_gmt":"2022-05-31T05:42:02","slug":"heimatstube-tschernitz","status":"publish","type":"page","link":"http:\/\/www.lausitzer-museenland.de\/pl\/muzea\/heimatstube-tschernitz\/","title":{"rendered":"Heimatstube Tschernitz \/ Domowniska \u015bpa Cersk"},"content":{"rendered":"<h3><a href=\"https:\/\/www.lausitzer-museenland.de\/wp-content\/uploads\/2016\/01\/SchuleTschernitz.jpg\"><img loading=\"lazy\" class=\"aligncenter size-full wp-image-4187\" src=\"https:\/\/www.lausitzer-museenland.de\/wp-content\/uploads\/2016\/01\/SchuleTschernitz.jpg\" alt=\"Szko\u0142aTschernitz\" width=\"250\" height=\"403\" srcset=\"https:\/\/www.lausitzer-museenland.de\/wp-content\/uploads\/2016\/01\/SchuleTschernitz.jpg 250w, https:\/\/www.lausitzer-museenland.de\/wp-content\/uploads\/2016\/01\/SchuleTschernitz-186x300.jpg 186w\" sizes=\"(max-width: 250px) 100vw, 250px\" \/><\/a><\/h3>\n\n<h3>Po\u0142o\u017cenie budynku\/dzia\u0142ki<\/h3>\n<p>Tschernitzer Heimatstube mie\u015bci\u0142a si\u0119 w pomieszczeniach ponad stuletniego budynku szkolnego, tzw. \"Czerwonej Szko\u0142y\". Szko\u0142a zosta\u0142a otwarta 4 lipca 1907 r. i jest najbardziej widocznym budynkiem w wiosce. Budynek oferuje doskona\u0142e warunki do prowadzenia szeroko poj\u0119tego \u017cycia klubowego. Swoje zbiory znalaz\u0142o tu r\u00f3wnie\u017c lokalne stowarzyszenie historyczne \"F\u00f6hrenflie\u00df e.V.\". Na zwiedzaj\u0105cych czeka wystawa przedmiot\u00f3w historycznych, dokumentacji i zdj\u0119\u0107 z dawno zapomnianych czas\u00f3w w Czernicach.<\/p>\n<h3>Charakterystyka<\/h3>\n<p>Wystawa w Heimatstube koncentruje si\u0119 na historii przemys\u0142u szklarskiego w wiosce. Od 1829 do 1984 r. w drugiej pod wzgl\u0119dem wieku hucie szk\u0142a w regionie produkowano szk\u0142o puste. Nast\u0119pnie rozpocz\u0119to produkcj\u0119 ekran\u00f3w, kt\u00f3r\u0105 przerwano w 2007 roku. Eksponaty przedstawiaj\u0105 g\u0142\u00f3wnie produkty z okresu do 1984 roku.<\/p>\n<p>Kolejnym tematem jest szkolna historia wioski, kt\u00f3ra rozpocz\u0119\u0142a si\u0119 w 1870 r., a zako\u0144czy\u0142a w 2003 r.<\/p>\n<p>W sali historii lokalnej mo\u017cna nadal ogl\u0105da\u0107 zabytkowe przedmioty gospodarstwa domowego i przedmioty przemys\u0142owe.<\/p>\n<h3>Wystawy specjalne \/ oferty towarzysz\u0105ce<\/h3>\n<ul>\n<li>Wydawanie publikacji (np. na temat historii szko\u0142y)<\/li>\n<li>Lokalne centrum spo\u0142eczno-kulturalne we wsp\u00f3\u0142pracy z Heimatstube<\/li>\n<\/ul>\n<h3>Oferty dla dzieci - Z Kobim do muzeum<\/h3>\n<p align=\"left\">Kobi - duch ma\u0142ego domku - czuje si\u0119 w muzeum jak w domu. Mieszka tam w kapciu pod piecem. O p\u00f3\u0142nocy pods\u0142uchuje starych muzealnik\u00f3w, kt\u00f3rzy opowiadaj\u0105 historie z przesz\u0142o\u015bci. Opowiada te fascynuj\u0105ce opowie\u015bci pracownikom muzeum, kt\u00f3rzy nast\u0119pnie przekazuj\u0105 je dzieciom - historie z dawnych, starych czas\u00f3w.<\/p>\n<p>Kobi proponuje:<\/p>\n<div>\n<h5>Czerwona szko\u0142a i kolorowe szk\u0142o<\/h5>\n<div data-post-id='rote-schule-und-buntes-glas' class='insert-page insert-page-rote-schule-und-buntes-glas'><\/div>\n<\/div>\n<div><\/div>","protected":false},"excerpt":{"rendered":"<p>Budynek \/ sytuacja terenowa Tschernitzer Heimatstube mie\u015bci\u0142a si\u0119 w pomieszczeniach ponad stuletniego budynku szkolnego, tzw. \"Czerwonej Szko\u0142y\". Szko\u0142a zosta\u0142a zainaugurowana 4 lipca 1907 r. i jest najbardziej okaza\u0142ym budynkiem we wsi. Obiekt oferuje doskona\u0142e warunki do prowadzenia szeroko poj\u0119tego \u017cycia klubowego. Swoje zbiory ma tutaj lokalne stowarzyszenie historyczne \"F\u00f6hrenflie\u00df e.V.\".<\/p>","protected":false},"author":13,"featured_media":0,"parent":113,"menu_order":0,"comment_status":"closed","ping_status":"closed","template":"","meta":[],"_links":{"self":[{"href":"http:\/\/www.lausitzer-museenland.de\/pl\/wp-json\/wp\/v2\/pages\/210"}],"collection":[{"href":"http:\/\/www.lausitzer-museenland.de\/pl\/wp-json\/wp\/v2\/pages"}],"about":[{"href":"http:\/\/www.lausitzer-museenland.de\/pl\/wp-json\/wp\/v2\/types\/page"}],"author":[{"embeddable":true,"href":"http:\/\/www.lausitzer-museenland.de\/pl\/wp-json\/wp\/v2\/users\/13"}],"replies":[{"embeddable":true,"href":"http:\/\/www.lausitzer-museenland.de\/pl\/wp-json\/wp\/v2\/comments?post=210"}],"version-history":[{"count":12,"href":"http:\/\/www.lausitzer-museenland.de\/pl\/wp-json\/wp\/v2\/pages\/210\/revisions"}],"predecessor-version":[{"id":53925,"href":"http:\/\/www.lausitzer-museenland.de\/pl\/wp-json\/wp\/v2\/pages\/210\/revisions\/53925"}],"up":[{"embeddable":true,"href":"http:\/\/www.lausitzer-museenland.de\/pl\/wp-json\/wp\/v2\/pages\/113"}],"wp:attachment":[{"href":"http:\/\/www.lausitzer-museenland.de\/pl\/wp-json\/wp\/v2\/media?parent=210"}],"curies":[{"name":"wp","href":"https:\/\/api.w.org\/{rel}","templated":true}]}}