{"id":32318,"date":"2019-07-24T11:30:45","date_gmt":"2019-07-24T10:30:45","guid":{"rendered":"http:\/\/lausitzer-museenland.de\/service\/hearonymus-audio-videoguide\/"},"modified":"2019-06-26T11:25:26","modified_gmt":"2019-06-26T09:25:26","slug":"hearonymus-audio-videoguide","status":"publish","type":"page","link":"http:\/\/www.lausitzer-museenland.de\/pl\/serwis\/hearonymus-audio-videoguide\/","title":{"rendered":"Hearonymus Przewodnik audio\/wideo"},"content":{"rendered":"<p>Audioprzewodniki \"Kraina Muze\u00f3w \u0141u\u017cyckich - Przemys\u0142, G\u00f3rnictwo, Wycieczki rowerowe\" oraz \"Kraina Muze\u00f3w \u0141u\u017cyckich - \u0141u\u017cyce\/Wends, Erwin Strittmatter, Heimatstuben\" s\u0105 dost\u0119pne na platformie Hearonymus. Przewodniki mo\u017cna znale\u017a\u0107 m.in. za pomoc\u0105 s\u0142owa kluczowego \"Lausitzer Museenland\".<\/p>\n<p>\u0141\u0105cza uniwersalne:<br \/>\n<em>Muzeum \u0141u\u017cyckie Land 1 (przemys\u0142, g\u00f3rnictwo, miejsca wycieczek) <a href=\"https:\/\/direct.hearonymus.com\/guide\/694\" target=\"_blank\" rel=\"noopener noreferrer\">https:\/\/direct.hearonymus.com\/guide\/694<\/a><br \/>\nMuzeum \u0141u\u017cyckie Land 2 (Sorbs\/Wends, Erwin Strittmatter, sale historii lokalnej) <a href=\"https:\/\/direct.hearonymus.com\/guide\/695\" target=\"_blank\" rel=\"noopener noreferrer\">https:\/\/direct.hearonymus.com\/guide\/695<\/a><\/em><br \/>\nJe\u015bli otworzysz ten link na swoim smartfonie, zostaniesz przeniesiony bezpo\u015brednio do odpowiedniego sklepu APP. Je\u015bli masz ju\u017c zainstalowan\u0105 aplikacj\u0119 Hearonymus, zostaniesz przeniesiony bezpo\u015brednio do audioprzewodnika w aplikacji Hearonymus.<\/p>\n<p>&nbsp;<\/p>\n<p><a href=\"https:\/\/www.lausitzer-museenland.de\/wp-content\/uploads\/2014\/11\/QR-Code-Lausitzer-Museenland-1-e1545307032946.png\"><img loading=\"lazy\" class=\"size-full wp-image-33157 alignleft\" src=\"https:\/\/www.lausitzer-museenland.de\/wp-content\/uploads\/2014\/11\/QR-Code-Lausitzer-Museenland-1-e1545307032946.png\" alt=\"Kod QR Muzeum Ziemi \u0141u\u017cyckiej 1\" width=\"150\" height=\"150\" \/><\/a>\u00a0\u00a0\u00a0\u00a0\u00a0\u00a0\u00a0\u00a0\u00a0\u00a0\u00a0 <a href=\"https:\/\/www.lausitzer-museenland.de\/wp-content\/uploads\/2018\/12\/QR-Code-Lausitzer-Museenland-2-e1545307170623.png\"><img loading=\"lazy\" class=\"size-full wp-image-33665 alignnone\" src=\"https:\/\/www.lausitzer-museenland.de\/wp-content\/uploads\/2018\/12\/QR-Code-Lausitzer-Museenland-2-e1545307170623.png\" alt=\"Kod QR Muzeum Ziemi \u0141u\u017cyckiej 2\" width=\"150\" height=\"150\" \/><\/a><\/p>","protected":false},"excerpt":{"rendered":"<p>Audioprzewodniki \"\u0141u\u017cycka Kraina Muzealna - Przemys\u0142, G\u00f3rnictwo, Wycieczki rowerowe\" oraz \"\u0141u\u017cycka Kraina Muzealna - \u0141u\u017cyce\/Wends, Erwin Strittmatter, Heimatstuben\" s\u0105 dost\u0119pne na platformie Hearonymus. Przewodniki mo\u017cna znale\u017a\u0107 mi\u0119dzy innymi za pomoc\u0105 s\u0142owa kluczowego \"Lausitzer Museenland\". Uniwersalne linki: \u0141u\u017cycka Kraina Muzealna 1 (Przemys\u0142, G\u00f3rnictwo, Wycieczki) https:\/\/direct.hearonymus.com\/guide\/694 \u0141u\u017cycka Kraina Muzealna 2 (\u0141u\u017cyce\/Wends, Erwin Strittmatter, Heimatstuben) https:\/\/direct.hearonymus.com\/guide\/695 Czy ten link b\u0119dzie dost\u0119pny na<\/p>","protected":false},"author":13,"featured_media":0,"parent":281,"menu_order":0,"comment_status":"closed","ping_status":"closed","template":"","meta":[],"_links":{"self":[{"href":"http:\/\/www.lausitzer-museenland.de\/pl\/wp-json\/wp\/v2\/pages\/32318"}],"collection":[{"href":"http:\/\/www.lausitzer-museenland.de\/pl\/wp-json\/wp\/v2\/pages"}],"about":[{"href":"http:\/\/www.lausitzer-museenland.de\/pl\/wp-json\/wp\/v2\/types\/page"}],"author":[{"embeddable":true,"href":"http:\/\/www.lausitzer-museenland.de\/pl\/wp-json\/wp\/v2\/users\/13"}],"replies":[{"embeddable":true,"href":"http:\/\/www.lausitzer-museenland.de\/pl\/wp-json\/wp\/v2\/comments?post=32318"}],"version-history":[{"count":6,"href":"http:\/\/www.lausitzer-museenland.de\/pl\/wp-json\/wp\/v2\/pages\/32318\/revisions"}],"predecessor-version":[{"id":52520,"href":"http:\/\/www.lausitzer-museenland.de\/pl\/wp-json\/wp\/v2\/pages\/32318\/revisions\/52520"}],"up":[{"embeddable":true,"href":"http:\/\/www.lausitzer-museenland.de\/pl\/wp-json\/wp\/v2\/pages\/281"}],"wp:attachment":[{"href":"http:\/\/www.lausitzer-museenland.de\/pl\/wp-json\/wp\/v2\/media?parent=32318"}],"curies":[{"name":"wp","href":"https:\/\/api.w.org\/{rel}","templated":true}]}}