{"id":436,"date":"2014-11-12T11:18:53","date_gmt":"2014-11-12T10:18:53","guid":{"rendered":"http:\/\/lausitzer-museenland.de\/?page_id=436"},"modified":"2021-04-04T09:30:18","modified_gmt":"2021-04-04T07:30:18","slug":"heimatstube-welzow","status":"publish","type":"page","link":"http:\/\/www.lausitzer-museenland.de\/pl\/muzea\/heimatstube-welzow\/","title":{"rendered":"Heimatstube Welzow \/ Domowniska \u015bpa Wjelcej"},"content":{"rendered":"<p><a href=\"#galerie_h_welzow\">Galeria<\/a> |\u00a0<a href=\"#austellung_h_welzow\">Wystawy<\/a>\u00a0| \u00a0<a href=\"#kinderangebot_h_welzow\">Oferty dla dzieci<\/a><br \/>\n<a href=\"https:\/\/www.lausitzer-museenland.de\/wp-content\/uploads\/2020\/11\/Heimatstube_Welzow.png\"><img loading=\"lazy\" class=\"aligncenter size-full wp-image-53158\" src=\"https:\/\/www.lausitzer-museenland.de\/wp-content\/uploads\/2020\/11\/Heimatstube_Welzow.png\" alt=\"\" width=\"750\" height=\"431\" srcset=\"https:\/\/www.lausitzer-museenland.de\/wp-content\/uploads\/2020\/11\/Heimatstube_Welzow.png 750w, https:\/\/www.lausitzer-museenland.de\/wp-content\/uploads\/2020\/11\/Heimatstube_Welzow-300x172.png 300w\" sizes=\"(max-width: 750px) 100vw, 750px\" \/><\/a>Miejsce zamieszkania lokalnych historyk\u00f3w<\/p>\n<h3>Po\u0142o\u017cenie budynku\/dzia\u0142ki<\/h3>\n<p>Stowarzyszenie \"Heimatverein Welzow e.V.\" urz\u0105dzi\u0142o Heimatstube na parterze budynku mieszkalnego. Zbiory mieszcz\u0105 si\u0119 w dw\u00f3ch pomieszczeniach dawnego sklepu. W pierwszej sali znajduje si\u0119 wystawa sta\u0142a. Drugie pomieszczenie jest przeznaczone na wystawy specjalne, przechowywanie dokumentacji i zbior\u00f3w fotograficznych.<\/p>\n<h3>Charakterystyka<\/h3>\n<p>Dzi\u0119ki Heimatstube stowarzyszenie chce udokumentowa\u0107 histori\u0119 miasta Welzow poprzez eksponaty muzealne o r\u00f3\u017cnej tematyce. G\u0142\u00f3wnym tematem wystawy jest przemys\u0142 w\u0119glowy i szklarski, historia szk\u00f3\u0142 i stowarzysze\u0144.<\/p>\n<h3>Wystawy specjalne \/ oferty towarzysz\u0105ce<a id=\"austellung_h_welzow\"><\/a><\/h3>\n<p>W przeznaczonym do tego celu pomieszczeniu w Heimatstube stowarzyszenie organizuje co najmniej jedn\u0105 wystaw\u0119 specjaln\u0105 w roku, kt\u00f3r\u0105 wype\u0142niaj\u0105 g\u0142\u00f3wnie wypo\u017cyczenia.<\/p>\n<p>Stowarzyszenie jest bardzo zaanga\u017cowane w tworzenie ci\u0105g\u0142ej tradycji wystawienniczej w Heimatstube. Odbywaj\u0105 si\u0119 tu g\u0142\u00f3wnie wystawy sztuki o znaczeniu regionalnym.<\/p>\n<p>G\u0142\u00f3wnym celem dzia\u0142alno\u015bci lokalnego towarzystwa historycznego jest przygotowywanie i wydawanie publikacji dotycz\u0105cych historii lokalnej.<\/p>\n<h3>Oferty dla dzieci - Z Kobim do muzeum<a id=\"kinderangebot_h_welzow\"><\/a><\/h3>\n<p align=\"left\">Kobi - duch ma\u0142ego domku - czuje si\u0119 w muzeum jak w domu. Mieszka tam w kapciu pod piecem. O p\u00f3\u0142nocy pods\u0142uchuje starych muzealnik\u00f3w, kt\u00f3rzy opowiadaj\u0105 historie z przesz\u0142o\u015bci. Opowiada te fascynuj\u0105ce opowie\u015bci pracownikom muzeum, kt\u00f3rzy nast\u0119pnie przekazuj\u0105 je dzieciom - historie z dawnych, starych czas\u00f3w.<\/p>\n<p>Kobi proponuje:<\/p>\n<h5>Historia przemys\u0142u mi\u0119dzy w\u0119glem a szk\u0142em<\/h5>\n<div data-post-id='industriegeschichte-zwischen-kohle-und-glas' class='insert-page insert-page-industriegeschichte-zwischen-kohle-und-glas'>\t\t\t\t\t<p>Dzi\u0119ki Heimatstube stowarzyszenie Heimatverein Welzow e. V. pragnie udokumentowa\u0107 histori\u0119 miasta Welzow poprzez eksponaty muzealne o r\u00f3\u017cnej tematyce. G\u0142\u00f3wnym tematem wystawy jest przemys\u0142 w\u0119glowy i szklarski, historia szko\u0142y oraz historia stowarzyszenia.<\/p>\n<p>Oferta odbywa si\u0119 w pomieszczeniach zamkni\u0119tych i jest skierowana do dzieci w wieku przedszkolnym do klasy 10.<br \/>\nTerminy: po uzgodnieniu<br \/>\nRejestracja wst\u0119pna: najp\u00f3\u017aniej dwa tygodnie przed<\/p>\n<p><a title=\"Heimatstube Welzow \/ Domowniska \u015bpa Wjelcej\" href=\"\/museen\/heimatstube-welzow\/\">Sala historii lokalnej w Welzow<\/a><\/p>\n\t\t\t\t\t<\/div>\n<h3><\/h3>\n<p>&nbsp;<\/p>\n<h3>Galeria<a id=\"galerie_h_welzow\"><\/a><\/h3>\n<div id=\"envira-gallery-wrap-436\" class=\"envira-gallery-wrap envira-gallery-theme-base envira-lightbox-theme-base\" itemscope itemtype=\"https:\/\/schema.org\/ImageGallery\"><div data-row-height=\"\" data-gallery-theme=\"\" id=\"envira-gallery-436\" class=\"envira-gallery-public  envira-gallery-3-columns envira-clear enviratope envira-gallery-css-animations\" data-envira-columns=\"3\"><div id=\"envira-gallery-item-3454\" class=\"envira-gallery-item enviratope-item envira-gallery-item-1\" style=\"padding-left: 5px; padding-bottom: 10px; padding-right: 5px;\"  itemscope itemtype=\"https:\/\/schema.org\/ImageObject\"><div class=\"envira-gallery-item-inner\"><div class=\"envira-gallery-position-overlay  envira-gallery-top-left\"><\/div><div class=\"envira-gallery-position-overlay  envira-gallery-top-right\"><\/div><div class=\"envira-gallery-position-overlay  envira-gallery-bottom-left\"><\/div><div class=\"envira-gallery-position-overlay  envira-gallery-bottom-right\"><\/div><a href=\"https:\/\/www.lausitzer-museenland.de\/wp-content\/uploads\/2014\/11\/150.jpg\" class=\"envira-gallery-436 envira-gallery-link\" rel=\"enviragallery436\" title=\"Wystawa \/ Foto: Heimatverein\" data-envira-caption=\"Ausstellung \/ Foto: Heimatverein\" data-envira-retina=\"\" data-thumbnail=\"\"  itemprop=\"contentUrl\"><div class=\"envira-lazy\" data-test-width=\"960\" data-test-height=\"300\" style=\"padding-bottom:31.25%;\"><img id=\"envira-gallery-image-3454\" class=\"envira-gallery-image envira-gallery-image-1\" data-envira-index=\"1\" src=\"https:\/\/www.lausitzer-museenland.de\/wp-content\/uploads\/2014\/11\/150.jpg\" data-envira-src=\"https:\/\/www.lausitzer-museenland.de\/wp-content\/uploads\/2014\/11\/150.jpg\" data-envira-gallery-id=\"436\" data-envira-item-id=\"3454\" data-envira-caption=\"Ausstellung \/ Foto: Heimatverein\" alt=\"\" title=\"Wystawa \/ Foto: Heimatverein\"  itemprop=\"thumbnailUrl\" data-envira-srcset=\"https:\/\/www.lausitzer-museenland.de\/wp-content\/uploads\/2014\/11\/150.jpg 400w,https:\/\/www.lausitzer-museenland.de\/wp-content\/uploads\/2014\/11\/150.jpg 2x\" srcset=\"data:image\/gif;base64,R0lGODlhAQABAIAAAP\/\/\/\/\/\/\/yH5BAEKAAEALAAAAAABAAEAAAICTAEAOw==\" \/><\/div><\/a><\/div><\/div><div id=\"envira-gallery-item-3455\" class=\"envira-gallery-item enviratope-item envira-gallery-item-2\" style=\"padding-left: 5px; padding-bottom: 10px; padding-right: 5px;\"  itemscope itemtype=\"https:\/\/schema.org\/ImageObject\"><div class=\"envira-gallery-item-inner\"><div class=\"envira-gallery-position-overlay  envira-gallery-top-left\"><\/div><div class=\"envira-gallery-position-overlay  envira-gallery-top-right\"><\/div><div class=\"envira-gallery-position-overlay  envira-gallery-bottom-left\"><\/div><div class=\"envira-gallery-position-overlay  envira-gallery-bottom-right\"><\/div><a href=\"https:\/\/www.lausitzer-museenland.de\/wp-content\/uploads\/2014\/11\/217.jpg\" class=\"envira-gallery-436 envira-gallery-link\" rel=\"enviragallery436\" title=\"Heimatstube Welzow \/ Foto: Heimatverein\" data-envira-caption=\"Heimatstube Welzow \/ Foto: Heimatverein\" data-envira-retina=\"\" data-thumbnail=\"\"  itemprop=\"contentUrl\"><div class=\"envira-lazy\" data-test-width=\"960\" data-test-height=\"300\" style=\"padding-bottom:31.25%;\"><img id=\"envira-gallery-image-3455\" class=\"envira-gallery-image envira-gallery-image-2\" data-envira-index=\"2\" src=\"https:\/\/www.lausitzer-museenland.de\/wp-content\/uploads\/2014\/11\/217.jpg\" data-envira-src=\"https:\/\/www.lausitzer-museenland.de\/wp-content\/uploads\/2014\/11\/217.jpg\" data-envira-gallery-id=\"436\" data-envira-item-id=\"3455\" data-envira-caption=\"Heimatstube Welzow \/ Foto: Heimatverein\" alt=\"\" title=\"Heimatstube Welzow \/ Foto: Heimatverein\"  itemprop=\"thumbnailUrl\" data-envira-srcset=\"https:\/\/www.lausitzer-museenland.de\/wp-content\/uploads\/2014\/11\/217.jpg 400w,https:\/\/www.lausitzer-museenland.de\/wp-content\/uploads\/2014\/11\/217.jpg 2x\" srcset=\"data:image\/gif;base64,R0lGODlhAQABAIAAAP\/\/\/\/\/\/\/yH5BAEKAAEALAAAAAABAAEAAAICTAEAOw==\" \/><\/div><\/a><\/div><\/div><div id=\"envira-gallery-item-3456\" class=\"envira-gallery-item enviratope-item envira-gallery-item-3\" style=\"padding-left: 5px; padding-bottom: 10px; padding-right: 5px;\"  itemscope itemtype=\"https:\/\/schema.org\/ImageObject\"><div class=\"envira-gallery-item-inner\"><div class=\"envira-gallery-position-overlay  envira-gallery-top-left\"><\/div><div class=\"envira-gallery-position-overlay  envira-gallery-top-right\"><\/div><div class=\"envira-gallery-position-overlay  envira-gallery-bottom-left\"><\/div><div class=\"envira-gallery-position-overlay  envira-gallery-bottom-right\"><\/div><a href=\"https:\/\/www.lausitzer-museenland.de\/wp-content\/uploads\/2014\/11\/39.jpg\" class=\"envira-gallery-436 envira-gallery-link\" rel=\"enviragallery436\" title=\"Widok na Heimatstube \/ Foto: Heimatverein\" data-envira-caption=\"Blick in die Heimatstube \/ Foto: Heimatverein\" data-envira-retina=\"\" data-thumbnail=\"\"  itemprop=\"contentUrl\"><div class=\"envira-lazy\" data-test-width=\"960\" data-test-height=\"300\" style=\"padding-bottom:31.25%;\"><img id=\"envira-gallery-image-3456\" class=\"envira-gallery-image envira-gallery-image-3\" data-envira-index=\"3\" src=\"https:\/\/www.lausitzer-museenland.de\/wp-content\/uploads\/2014\/11\/39.jpg\" data-envira-src=\"https:\/\/www.lausitzer-museenland.de\/wp-content\/uploads\/2014\/11\/39.jpg\" data-envira-gallery-id=\"436\" data-envira-item-id=\"3456\" data-envira-caption=\"Blick in die Heimatstube \/ Foto: Heimatverein\" alt=\"\" title=\"Widok na Heimatstube \/ Foto: Heimatverein\"  itemprop=\"thumbnailUrl\" data-envira-srcset=\"https:\/\/www.lausitzer-museenland.de\/wp-content\/uploads\/2014\/11\/39.jpg 400w,https:\/\/www.lausitzer-museenland.de\/wp-content\/uploads\/2014\/11\/39.jpg 2x\" srcset=\"data:image\/gif;base64,R0lGODlhAQABAIAAAP\/\/\/\/\/\/\/yH5BAEKAAEALAAAAAABAAEAAAICTAEAOw==\" \/><\/div><\/a><\/div><\/div><\/div><\/div><noscript><img src=\"https:\/\/www.lausitzer-museenland.de\/wp-content\/uploads\/2014\/11\/150.jpg\" alt=\"\" \/><img src=\"https:\/\/www.lausitzer-museenland.de\/wp-content\/uploads\/2014\/11\/217.jpg\" alt=\"\" \/><img src=\"https:\/\/www.lausitzer-museenland.de\/wp-content\/uploads\/2014\/11\/39.jpg\" alt=\"\" \/><\/noscript>","protected":false},"excerpt":{"rendered":"<p>Galeria | Wystawy | Oferta dla dzieci Siedziba lokalnych historyk\u00f3w Budynek \/ sytuacja w\u0142asno\u015bciowa \"Heimatverein Welzow e.V.\" urz\u0105dzi\u0142o swoj\u0105 sal\u0119 historii lokalnej na parterze budynku mieszkalnego. Kolekcja mie\u015bci si\u0119 w dw\u00f3ch pomieszczeniach dawnego sklepu. W pierwszej sali mie\u015bci si\u0119 wystawa sta\u0142a. Drugie pomieszczenie jest dost\u0119pne dla wystaw specjalnych oraz przechowywania dokumentacji i zbior\u00f3w fotograficznych.<\/p>","protected":false},"author":13,"featured_media":0,"parent":113,"menu_order":0,"comment_status":"closed","ping_status":"closed","template":"","meta":[],"_links":{"self":[{"href":"http:\/\/www.lausitzer-museenland.de\/pl\/wp-json\/wp\/v2\/pages\/436"}],"collection":[{"href":"http:\/\/www.lausitzer-museenland.de\/pl\/wp-json\/wp\/v2\/pages"}],"about":[{"href":"http:\/\/www.lausitzer-museenland.de\/pl\/wp-json\/wp\/v2\/types\/page"}],"author":[{"embeddable":true,"href":"http:\/\/www.lausitzer-museenland.de\/pl\/wp-json\/wp\/v2\/users\/13"}],"replies":[{"embeddable":true,"href":"http:\/\/www.lausitzer-museenland.de\/pl\/wp-json\/wp\/v2\/comments?post=436"}],"version-history":[{"count":15,"href":"http:\/\/www.lausitzer-museenland.de\/pl\/wp-json\/wp\/v2\/pages\/436\/revisions"}],"predecessor-version":[{"id":53300,"href":"http:\/\/www.lausitzer-museenland.de\/pl\/wp-json\/wp\/v2\/pages\/436\/revisions\/53300"}],"up":[{"embeddable":true,"href":"http:\/\/www.lausitzer-museenland.de\/pl\/wp-json\/wp\/v2\/pages\/113"}],"wp:attachment":[{"href":"http:\/\/www.lausitzer-museenland.de\/pl\/wp-json\/wp\/v2\/media?parent=436"}],"curies":[{"name":"wp","href":"https:\/\/api.w.org\/{rel}","templated":true}]}}