{"id":115,"date":"2014-11-05T16:22:21","date_gmt":"2014-11-05T15:22:21","guid":{"rendered":"http:\/\/lausitzer-museenland.de\/?page_id=115"},"modified":"2023-11-23T13:42:36","modified_gmt":"2023-11-23T12:42:36","slug":"alte-muehle-proschim","status":"publish","type":"page","link":"https:\/\/www.lausitzer-museenland.de\/cs\/muzea\/alte-muehle-proschim\/","title":{"rendered":"\"Alte M\u00fchle\" Proschim \/ \"Stary m\u0142yn\" Pro\u017eym"},"content":{"rendered":"<p><a href=\"#galerie_am_proschim\">Galerie<\/a> |\u00a0<a href=\"#austellungen_am_proschim\">V\u00fdstavy<\/a>\u00a0| \u00a0<a href=\"#kinderangebot_am_proschim\">Nab\u00eddky pro d\u011bti<\/a><br \/>\n<img loading=\"lazy\" class=\"enigma_img_responsive alignnone wp-image-1208\" src=\"https:\/\/www.lausitzer-museenland.de\/wp-content\/uploads\/2014\/11\/alte_muehle_proschim6.jpg\" alt=\"old_mill_proschim\" width=\"800\" height=\"398\" srcset=\"https:\/\/www.lausitzer-museenland.de\/wp-content\/uploads\/2014\/11\/alte_muehle_proschim6.jpg 402w, https:\/\/www.lausitzer-museenland.de\/wp-content\/uploads\/2014\/11\/alte_muehle_proschim6-300x149.jpg 300w, https:\/\/www.lausitzer-museenland.de\/wp-content\/uploads\/2014\/11\/alte_muehle_proschim6-100x49.jpg 100w, https:\/\/www.lausitzer-museenland.de\/wp-content\/uploads\/2014\/11\/alte_muehle_proschim6-150x74.jpg 150w, https:\/\/www.lausitzer-museenland.de\/wp-content\/uploads\/2014\/11\/alte_muehle_proschim6-200x99.jpg 200w\" sizes=\"(max-width: 800px) 100vw, 800px\" \/><\/p>\n<p><strong>Zem\u011bd\u011blsk\u00e1 technika a zp\u016fsob \u017eivota na venkov\u011b<\/strong><\/p>\n\n<h3>Situace budovy \/ pozemku<\/h3>\n<p>V\u00fdstavu si m\u016f\u017eete prohl\u00e9dnout v prostor\u00e1ch budovy ml\u00fdna postaven\u00e9 na po\u010d\u00e1tku 20. stolet\u00ed, kter\u00e1 je elektricky poh\u00e1n\u011bn\u00fdm n\u00e1stupcem b\u00fdval\u00e9ho kozlov\u00e9ho v\u011btrn\u00e9ho ml\u00fdna na stejn\u00e9m m\u00edst\u011b. Komplex budov z \u010derven\u00fdch cihel - v uspo\u0159\u00e1d\u00e1n\u00ed uzav\u0159en\u00e9ho \u010dty\u0159strann\u00e9ho n\u00e1dvo\u0159\u00ed - byl v posledn\u00edch letech kompletn\u011b renovov\u00e1n na \"vn\u011bj\u0161\u00edm pl\u00e1\u0161ti\" (st\u0159echa \/ fas\u00e1da \/ okna).<\/p>\n<h3>Charakteristika<\/h3>\n<p>V\u00fdstavn\u00ed \u010dinnost sdru\u017een\u00ed \"Traditionelle Landtechnik und b\u00e4uerliche Lebensart Proschim e.V.\" (Tradi\u010dn\u00ed zem\u011bd\u011blsk\u00e1 technika a venkovsk\u00fd zp\u016fsob \u017eivota Proschim) se zam\u011b\u0159uje na region\u00e1ln\u00ed folkl\u00f3r. Ve v\u00fdstavn\u00edch prostor\u00e1ch ml\u00fdna si n\u00e1v\u0161t\u011bvn\u00edci mohou prohl\u00e9dnout v\u00fdstavu venkovsk\u00e9ho n\u00e1bytku, dom\u00e1c\u00edho n\u00e1\u0159ad\u00ed, drobn\u00e9 zem\u011bd\u011blsk\u00e9 techniky a vesnick\u00fdch \u0159emesel. Sb\u00edrka historick\u00e9 zem\u011bd\u011blsk\u00e9 techniky m\u00e1 mimo\u0159\u00e1dn\u00fd v\u00fdznam i mimo region. Na v\u00fdstav\u011b je odkazov\u00e1no na lu\u017eickosrbsk\u00e9 \/ vendsk\u00e9 ko\u0159eny prost\u0159ednictv\u00edm dvojjazy\u010dn\u00e9ho ozna\u010den\u00ed. Sou\u010d\u00e1st\u00ed prezentace je i technologie ml\u00fdna, kter\u00e1 se na m\u00edst\u011b \u010d\u00e1ste\u010dn\u011b dochovala.<\/p>\n<h3>Speci\u00e1ln\u00ed v\u00fdstavy \/ doprovodn\u00e9 nab\u00eddky<a id=\"austellungen_am_proschim\"><\/a><\/h3>\n<p>Na vesnick\u00e9 slavnosti se ka\u017edoro\u010dn\u011b kon\u00e1 speci\u00e1ln\u00ed v\u00fdstava.<br \/>\nV\u00fdstava je pravideln\u011b obm\u011b\u0148ov\u00e1na, nap\u0159\u00edklad za \u00fa\u010delem vystaven\u00ed nov\u011b z\u00edskan\u00fdch expon\u00e1t\u016f.<\/p>\n<ul>\n<li>Ak\u010dn\u00ed dny s uk\u00e1zkami zem\u011bd\u011blsk\u00e9 techniky, historick\u00fdch dom\u00e1c\u00edch spot\u0159ebi\u010d\u016f, zpracov\u00e1n\u00ed potravin a mnoho dal\u0161\u00edho.<\/li>\n<li>Koncepce v\u00fdstav a akc\u00ed spolku zahrnuje tak\u00e9 za\u010dlen\u011bn\u00ed obzvl\u00e1\u0161t\u011b origin\u00e1ln\u00edch objekt\u016f; p\u0159i zvl\u00e1\u0161tn\u00edch p\u0159\u00edle\u017eitostech, jako jsou \"Landpartie\", \"Den n\u011bmeck\u00e9ho ml\u00fdna\", vesnick\u00e9 slavnosti a dal\u0161\u00ed slavnostn\u00ed dny, jsou objekty otev\u0159eny a soukrom\u00e9 objekty spolu se sb\u00edrkov\u00fdmi p\u0159edm\u011bty jsou prezentov\u00e1ny jako \"otev\u0159en\u00fd statek\".<\/li>\n<li>\u00a0Na po\u017e\u00e1d\u00e1n\u00ed po\u0159\u00e1d\u00e1me muzejn\u00ed vzd\u011bl\u00e1vac\u00ed programy a p\u0159edn\u00e1\u0161ky na nejr\u016fzn\u011bj\u0161\u00ed t\u00e9mata pro \u0161kol\u00e1ky i v r\u00e1mci vzd\u011bl\u00e1v\u00e1n\u00ed dosp\u011bl\u00fdch na venkov\u011b.<\/li>\n<\/ul>\n<h3>Nab\u00eddky pro d\u011bti - S Kobim do muzea<a id=\"kinderangebot_am_proschim\"><\/a><\/h3>\n<p>Kobi - duch mal\u00e9ho domu - je v muzeu jako doma. \u017dije v ba\u010dkor\u00e1ch pod kamny. O p\u016flnoci odposlouch\u00e1v\u00e1 star\u00e9 muzejn\u00ed expon\u00e1ty, kdy\u017e vypr\u00e1v\u011bj\u00ed p\u0159\u00edb\u011bhy z minulosti. Vypr\u00e1v\u00ed tyto vzru\u0161uj\u00edc\u00ed p\u0159\u00edb\u011bhy pracovn\u00edk\u016fm muzea, kte\u0159\u00ed je pak vypr\u00e1v\u011bj\u00ed d\u011btem - p\u0159\u00edb\u011bhy ze star\u00fdch \u010das\u016f.<\/p>\n<p class=\"entry-title post-title\">Kobi nab\u00edz\u00ed:<\/p>\n<h5 class=\"entry-title post-title\">V\u00fdstava zem\u011bd\u011blsk\u00e9 techniky a rolnick\u00e9ho zp\u016fsobu \u017eivota:<\/h5>\n<div data-post-id='ausstellung-in-der-alten-muehle' class='insert-page insert-page-ausstellung-in-der-alten-muehle'>\t\t\t\t\t<p>Exkurze do region\u00e1ln\u00edho folkl\u00f3ru prost\u0159ednictv\u00edm drobn\u00fdch zem\u011bd\u011blsk\u00fdch technik, \u017eivota na vesnici a \u0159emesel.<\/p>\n<p>P\u0159\u00edzem\u00ed: historie ml\u00fdna a obce Proschim a v\u00fdstava model\u016f ml\u00fdn\u016f a ml\u00fdnk\u016f.<\/p>\n<p>1. patro: zpracov\u00e1n\u00ed sl\u00e1my, stlouk\u00e1n\u00ed m\u00e1sla, pe\u010den\u00ed, obiloviny, konzervace plodin, pr\u00e1delna, obytn\u00e9 prostory, kuchyn\u011b, p\u00e9\u010de o d\u011bti, textil, sedl\u00e1\u0159sk\u00fd stroj.<\/p>\n<p>2. patro: p\u011bstov\u00e1n\u00ed brambor, kultivace p\u016fdy, zahradn\u00ed n\u00e1\u0159ad\u00ed, obuvnictv\u00ed, tkalcovstv\u00ed, p\u0159eden\u00ed, v\u010dela\u0159stv\u00ed, v\u00fdtah a p\u0159evodovka.<\/p>\n<p>Farma: chov drobn\u00e9ho zv\u00ed\u0159ectva, dom\u00e1c\u00ed por\u00e1\u017eka, peka\u0159stv\u00ed, \u010di\u0161t\u011bn\u00ed pr\u00e1dla, v\u00fdstava j\u00edzdn\u00edch kol<\/p>\n<p>Program se kon\u00e1 v \"Alte M\u00fchle\" a na M\u00fchlenhofu. Je ur\u010dena \u017e\u00e1k\u016fm 1. a\u017e 12. t\u0159\u00eddy.<br \/>\nP\u0159edb\u011b\u017en\u00e1 registrace: jeden t\u00fdden p\u0159edem<br \/>\nDoba trv\u00e1n\u00ed: p\u0159ibli\u017en\u011b 2 hodiny.<br \/>\nVelikost skupiny: 10 a\u017e 40 osob<br \/>\nVstupn\u00e9 na osobu: 1,50 \u20ac<\/p>\n<p><a title=\"&quot;Alte M\u00fchle&quot; Proschim \/ &quot;Stary m\u0142yn&quot; Pro\u017eym\" href=\"\/museen\/alte-muehle-proschim\/\">\"Star\u00fd ml\u00fdn\" Proschim<\/a><\/p>\n\t\t\t\t\t<\/div>\n<h3><\/h3>\n<h3>Galerie<a id=\"galerie_am_proschim\"><\/a><\/h3>\n<div id=\"envira-gallery-wrap-53086\" class=\"envira-gallery-wrap envira-gallery-theme-base envira-lightbox-theme-base\" itemscope itemtype=\"https:\/\/schema.org\/ImageGallery\"><div data-row-height=\"150\" data-gallery-theme=\"normal\" id=\"envira-gallery-53086\" class=\"envira-gallery-public envira-gallery-justified-public envira-gallery-0-columns envira-clear enviratope envira-gallery-css-animations\" data-envira-columns=\"0\"><div id=\"envira-gallery-item-53090\" class=\"envira-gallery-item enviratope-item envira-gallery-item-1 envira-lazy-load\" style=\"padding-left: 5px; padding-bottom: 10px; padding-right: 5px;\"  itemscope itemtype=\"https:\/\/schema.org\/ImageObject\"><div class=\"envira-gallery-item-inner\"><div class=\"envira-gallery-position-overlay  envira-gallery-top-left\"><\/div><div class=\"envira-gallery-position-overlay  envira-gallery-top-right\"><\/div><div class=\"envira-gallery-position-overlay  envira-gallery-bottom-left\"><\/div><div class=\"envira-gallery-position-overlay  envira-gallery-bottom-right\"><\/div><a href=\"https:\/\/www.lausitzer-museenland.de\/wp-content\/uploads\/2020\/09\/Alte-M\u00fchle-Proschim-2020-8.jpg\" class=\"envira-gallery-53086 envira-gallery-link\" rel=\"enviragallery53086\" title=\"&quot;Star\u00fd ml\u00fdn&quot; Proschim Foto: Bernd Choritz\" data-envira-caption=\"&amp;quot;Alte M&uuml;hle&amp;quot; Proschim Foto: Bernd Choritz\" data-envira-retina=\"\" data-thumbnail=\"\"  itemprop=\"contentUrl\"><img id=\"envira-gallery-image-53090\" class=\"envira-gallery-image envira-gallery-image-1 envira-normal envira-lazy\" data-envira-index=\"1\" src=\"https:\/\/www.lausitzer-museenland.de\/wp-content\/uploads\/2020\/09\/Alte-M\u00fchle-Proschim-2020-8-1024x683.jpg\" data-envira-src=\"https:\/\/www.lausitzer-museenland.de\/wp-content\/uploads\/2020\/09\/Alte-M\u00fchle-Proschim-2020-8-1024x683.jpg\" data-envira-gallery-id=\"53086\" data-envira-item-id=\"53090\" data-envira-caption=\"&amp;quot;Alte M&uuml;hle&amp;quot; Proschim Foto: Bernd Choritz\" alt=\"\" title=\"&quot;Star\u00fd ml\u00fdn&quot; Proschim Foto: Bernd Choritz\"  itemprop=\"thumbnailUrl\" data-envira-srcset=\"https:\/\/www.lausitzer-museenland.de\/wp-content\/uploads\/2020\/09\/Alte-M\u00fchle-Proschim-2020-8-1024x683.jpg 400w,https:\/\/www.lausitzer-museenland.de\/wp-content\/uploads\/2020\/09\/Alte-M\u00fchle-Proschim-2020-8-1024x683.jpg 2x\" data-envira-width=\"300\" data-envira-height=\"200\" srcset=\"\" data-safe-src=\"data:image\/gif;base64,R0lGODlhAQABAIAAAP\/\/\/\/\/\/\/yH5BAEKAAEALAAAAAABAAEAAAICTAEAOw==\" data-srcset=\"\" \/><\/a><\/div><\/div><div id=\"envira-gallery-item-53087\" class=\"envira-gallery-item enviratope-item envira-gallery-item-2 envira-lazy-load\" style=\"padding-left: 5px; padding-bottom: 10px; padding-right: 5px;\"  itemscope itemtype=\"https:\/\/schema.org\/ImageObject\"><div class=\"envira-gallery-item-inner\"><div class=\"envira-gallery-position-overlay  envira-gallery-top-left\"><\/div><div class=\"envira-gallery-position-overlay  envira-gallery-top-right\"><\/div><div class=\"envira-gallery-position-overlay  envira-gallery-bottom-left\"><\/div><div class=\"envira-gallery-position-overlay  envira-gallery-bottom-right\"><\/div><a href=\"https:\/\/www.lausitzer-museenland.de\/wp-content\/uploads\/2020\/09\/Alte-M\u00fchle-Proschim-2020-24.jpg\" class=\"envira-gallery-53086 envira-gallery-link\" rel=\"enviragallery53086\" title=\"Kolej Foto: Bernd Choritz\" data-envira-caption=\"Schlafstube Foto: Bernd Choritz\" data-envira-retina=\"\" data-thumbnail=\"\"  itemprop=\"contentUrl\"><img id=\"envira-gallery-image-53087\" class=\"envira-gallery-image envira-gallery-image-2 envira-normal envira-lazy\" data-envira-index=\"2\" src=\"https:\/\/www.lausitzer-museenland.de\/wp-content\/uploads\/2020\/09\/Alte-M\u00fchle-Proschim-2020-24-1024x683.jpg\" data-envira-src=\"https:\/\/www.lausitzer-museenland.de\/wp-content\/uploads\/2020\/09\/Alte-M\u00fchle-Proschim-2020-24-1024x683.jpg\" data-envira-gallery-id=\"53086\" data-envira-item-id=\"53087\" data-envira-caption=\"Schlafstube Foto: Bernd Choritz\" alt=\"\" title=\"Kolej Foto: Bernd Choritz\"  itemprop=\"thumbnailUrl\" data-envira-srcset=\"https:\/\/www.lausitzer-museenland.de\/wp-content\/uploads\/2020\/09\/Alte-M\u00fchle-Proschim-2020-24-1024x683.jpg 400w,https:\/\/www.lausitzer-museenland.de\/wp-content\/uploads\/2020\/09\/Alte-M\u00fchle-Proschim-2020-24-1024x683.jpg 2x\" data-envira-width=\"300\" data-envira-height=\"200\" srcset=\"\" data-safe-src=\"data:image\/gif;base64,R0lGODlhAQABAIAAAP\/\/\/\/\/\/\/yH5BAEKAAEALAAAAAABAAEAAAICTAEAOw==\" data-srcset=\"\" \/><\/a><\/div><\/div><div id=\"envira-gallery-item-53088\" class=\"envira-gallery-item enviratope-item envira-gallery-item-3 envira-lazy-load\" style=\"padding-left: 5px; padding-bottom: 10px; padding-right: 5px;\"  itemscope itemtype=\"https:\/\/schema.org\/ImageObject\"><div class=\"envira-gallery-item-inner\"><div class=\"envira-gallery-position-overlay  envira-gallery-top-left\"><\/div><div class=\"envira-gallery-position-overlay  envira-gallery-top-right\"><\/div><div class=\"envira-gallery-position-overlay  envira-gallery-bottom-left\"><\/div><div class=\"envira-gallery-position-overlay  envira-gallery-bottom-right\"><\/div><a href=\"https:\/\/www.lausitzer-museenland.de\/wp-content\/uploads\/2020\/09\/Alte-M\u00fchle-Proschim-2020-28.jpg\" class=\"envira-gallery-53086 envira-gallery-link\" rel=\"enviragallery53086\" title=\"Kummet Foto: Bernd Choritz\" data-envira-caption=\"Kummet Foto: Bernd Choritz\" data-envira-retina=\"\" data-thumbnail=\"\"  itemprop=\"contentUrl\"><img id=\"envira-gallery-image-53088\" class=\"envira-gallery-image envira-gallery-image-3 envira-normal envira-lazy\" data-envira-index=\"3\" src=\"https:\/\/www.lausitzer-museenland.de\/wp-content\/uploads\/2020\/09\/Alte-M\u00fchle-Proschim-2020-28-1024x683.jpg\" data-envira-src=\"https:\/\/www.lausitzer-museenland.de\/wp-content\/uploads\/2020\/09\/Alte-M\u00fchle-Proschim-2020-28-1024x683.jpg\" data-envira-gallery-id=\"53086\" data-envira-item-id=\"53088\" data-envira-caption=\"Kummet Foto: Bernd Choritz\" alt=\"\" title=\"Kummet Foto: Bernd Choritz\"  itemprop=\"thumbnailUrl\" data-envira-srcset=\"https:\/\/www.lausitzer-museenland.de\/wp-content\/uploads\/2020\/09\/Alte-M\u00fchle-Proschim-2020-28-1024x683.jpg 400w,https:\/\/www.lausitzer-museenland.de\/wp-content\/uploads\/2020\/09\/Alte-M\u00fchle-Proschim-2020-28-1024x683.jpg 2x\" data-envira-width=\"300\" data-envira-height=\"200\" srcset=\"\" data-safe-src=\"data:image\/gif;base64,R0lGODlhAQABAIAAAP\/\/\/\/\/\/\/yH5BAEKAAEALAAAAAABAAEAAAICTAEAOw==\" data-srcset=\"\" \/><\/a><\/div><\/div><div id=\"envira-gallery-item-53089\" class=\"envira-gallery-item enviratope-item envira-gallery-item-4 envira-lazy-load\" style=\"padding-left: 5px; padding-bottom: 10px; padding-right: 5px;\"  itemscope itemtype=\"https:\/\/schema.org\/ImageObject\"><div class=\"envira-gallery-item-inner\"><div class=\"envira-gallery-position-overlay  envira-gallery-top-left\"><\/div><div class=\"envira-gallery-position-overlay  envira-gallery-top-right\"><\/div><div class=\"envira-gallery-position-overlay  envira-gallery-bottom-left\"><\/div><div class=\"envira-gallery-position-overlay  envira-gallery-bottom-right\"><\/div><a href=\"https:\/\/www.lausitzer-museenland.de\/wp-content\/uploads\/2020\/09\/Alte-M\u00fchle-Proschim-2020-33.jpg\" class=\"envira-gallery-53086 envira-gallery-link\" rel=\"enviragallery53086\" title=\"Za\u0159\u00edzen\u00ed na zpracov\u00e1n\u00ed ml\u00e9ka Foto: Bernd Choritz\" data-envira-caption=\"Milchverarbeitungsger&auml;te Foto: Bernd Choritz\" data-envira-retina=\"\" data-thumbnail=\"\"  itemprop=\"contentUrl\"><img id=\"envira-gallery-image-53089\" class=\"envira-gallery-image envira-gallery-image-4 envira-normal envira-lazy\" data-envira-index=\"4\" src=\"https:\/\/www.lausitzer-museenland.de\/wp-content\/uploads\/2020\/09\/Alte-M\u00fchle-Proschim-2020-33-1024x683.jpg\" data-envira-src=\"https:\/\/www.lausitzer-museenland.de\/wp-content\/uploads\/2020\/09\/Alte-M\u00fchle-Proschim-2020-33-1024x683.jpg\" data-envira-gallery-id=\"53086\" data-envira-item-id=\"53089\" data-envira-caption=\"Milchverarbeitungsger&auml;te Foto: Bernd Choritz\" alt=\"\" title=\"Za\u0159\u00edzen\u00ed na zpracov\u00e1n\u00ed ml\u00e9ka Foto: Bernd Choritz\"  itemprop=\"thumbnailUrl\" data-envira-srcset=\"https:\/\/www.lausitzer-museenland.de\/wp-content\/uploads\/2020\/09\/Alte-M\u00fchle-Proschim-2020-33-1024x683.jpg 400w,https:\/\/www.lausitzer-museenland.de\/wp-content\/uploads\/2020\/09\/Alte-M\u00fchle-Proschim-2020-33-1024x683.jpg 2x\" data-envira-width=\"300\" data-envira-height=\"200\" srcset=\"\" data-safe-src=\"data:image\/gif;base64,R0lGODlhAQABAIAAAP\/\/\/\/\/\/\/yH5BAEKAAEALAAAAAABAAEAAAICTAEAOw==\" data-srcset=\"\" \/><\/a><\/div><\/div><\/div><\/div><noscript><img src=\"https:\/\/www.lausitzer-museenland.de\/wp-content\/uploads\/2020\/09\/Alte-M\u00fchle-Proschim-2020-8.jpg\" alt=\"\" \/><img src=\"https:\/\/www.lausitzer-museenland.de\/wp-content\/uploads\/2020\/09\/Alte-M\u00fchle-Proschim-2020-24.jpg\" alt=\"\" \/><img src=\"https:\/\/www.lausitzer-museenland.de\/wp-content\/uploads\/2020\/09\/Alte-M\u00fchle-Proschim-2020-28.jpg\" alt=\"\" \/><img src=\"https:\/\/www.lausitzer-museenland.de\/wp-content\/uploads\/2020\/09\/Alte-M\u00fchle-Proschim-2020-33.jpg\" alt=\"\" \/><\/noscript>","protected":false},"excerpt":{"rendered":"<p>Galerie | V\u00fdstavy | Nab\u00eddka pro d\u011bti Zem\u011bd\u011blsk\u00e1 technika a zp\u016fsob \u017eivota na venkov\u011b Situace v budov\u011b \/ are\u00e1lu Expozici si m\u016f\u017eete prohl\u00e9dnout v prostor\u00e1ch budovy ml\u00fdna postaven\u00e9ho na po\u010d\u00e1tku 20. stolet\u00ed, kter\u00fd je elektricky poh\u00e1n\u011bn\u00fdm n\u00e1stupcem b\u00fdval\u00e9ho kozlov\u00e9ho v\u011btrn\u00e9ho ml\u00fdna na stejn\u00e9m m\u00edst\u011b. Komplex budov z \u010derven\u00fdch cihel - v uspo\u0159\u00e1d\u00e1n\u00ed uzav\u0159en\u00e9ho \u010dty\u0159strann\u00e9ho n\u00e1dvo\u0159\u00ed - byl v posledn\u00edch letech renovov\u00e1n.<\/p>","protected":false},"author":13,"featured_media":0,"parent":113,"menu_order":0,"comment_status":"closed","ping_status":"closed","template":"","meta":[],"_links":{"self":[{"href":"https:\/\/www.lausitzer-museenland.de\/cs\/wp-json\/wp\/v2\/pages\/115"}],"collection":[{"href":"https:\/\/www.lausitzer-museenland.de\/cs\/wp-json\/wp\/v2\/pages"}],"about":[{"href":"https:\/\/www.lausitzer-museenland.de\/cs\/wp-json\/wp\/v2\/types\/page"}],"author":[{"embeddable":true,"href":"https:\/\/www.lausitzer-museenland.de\/cs\/wp-json\/wp\/v2\/users\/13"}],"replies":[{"embeddable":true,"href":"https:\/\/www.lausitzer-museenland.de\/cs\/wp-json\/wp\/v2\/comments?post=115"}],"version-history":[{"count":81,"href":"https:\/\/www.lausitzer-museenland.de\/cs\/wp-json\/wp\/v2\/pages\/115\/revisions"}],"predecessor-version":[{"id":53884,"href":"https:\/\/www.lausitzer-museenland.de\/cs\/wp-json\/wp\/v2\/pages\/115\/revisions\/53884"}],"up":[{"embeddable":true,"href":"https:\/\/www.lausitzer-museenland.de\/cs\/wp-json\/wp\/v2\/pages\/113"}],"wp:attachment":[{"href":"https:\/\/www.lausitzer-museenland.de\/cs\/wp-json\/wp\/v2\/media?parent=115"}],"curies":[{"name":"wp","href":"https:\/\/api.w.org\/{rel}","templated":true}]}}