{"id":122,"date":"2014-11-05T16:35:26","date_gmt":"2014-11-05T15:35:26","guid":{"rendered":"http:\/\/lausitzer-museenland.de\/?page_id=122"},"modified":"2022-05-31T07:27:13","modified_gmt":"2022-05-31T05:27:13","slug":"alte-schule-graustein","status":"publish","type":"page","link":"https:\/\/www.lausitzer-museenland.de\/cs\/muzea\/old-school-graustein\/","title":{"rendered":"\"Old School\" Graustein \/ \"Stara \u0161ula\" Syjk"},"content":{"rendered":"<p><a href=\"#galerie_graustein\">Galerie<\/a> |\u00a0<a href=\"#graustein_ausstellung\">V\u00fdstavy<\/a>\u00a0| \u00a0<a href=\"#kinderangebot_graustein\">Nab\u00eddky pro d\u011bti\u00a0<\/a><br \/>\n<img loading=\"lazy\" class=\"alignnone wp-image-1130\" src=\"https:\/\/www.lausitzer-museenland.de\/wp-content\/uploads\/2014\/11\/alte_schule.jpg\" alt=\"old_school\" width=\"800\" height=\"398\" srcset=\"https:\/\/www.lausitzer-museenland.de\/wp-content\/uploads\/2014\/11\/alte_schule.jpg 402w, https:\/\/www.lausitzer-museenland.de\/wp-content\/uploads\/2014\/11\/alte_schule-300x149.jpg 300w, https:\/\/www.lausitzer-museenland.de\/wp-content\/uploads\/2014\/11\/alte_schule-100x49.jpg 100w, https:\/\/www.lausitzer-museenland.de\/wp-content\/uploads\/2014\/11\/alte_schule-150x74.jpg 150w, https:\/\/www.lausitzer-museenland.de\/wp-content\/uploads\/2014\/11\/alte_schule-200x99.jpg 200w\" sizes=\"(max-width: 800px) 100vw, 800px\" \/><\/p>\n\n<p><strong>Kam chodil Strittmatter do \u0161koly<\/strong><\/p>\n<h3>Situace budovy \/ pozemku<\/h3>\n<div>Kostel uprost\u0159ed zelen\u011b s b\u0159idlicovou st\u0159echou a pozlacenou v\u011btrolamem s kohoutem je dominantou obce. V jej\u00ed bezprost\u0159edn\u00ed bl\u00edzkosti se nach\u00e1z\u00ed \"star\u00e1 \u0161kola\", kter\u00e1 je z\u00e1rove\u0148 komunitn\u00edm centrem. Erwin Strittmatter, nejslavn\u011bj\u0161\u00ed Spremberg\u016fv syn, byl do t\u00e9to \u0161koly zaps\u00e1n v roce 1919. Hned vedle kostela se nach\u00e1z\u00ed k\u00e1men, kter\u00fd dal obci jm\u00e9no.<\/div>\n<h3>Charakteristika<\/h3>\n<div>V b\u00fdval\u00e9 t\u0159\u00edd\u011b jsou um\u00edst\u011bny dv\u011b v\u00fdstavy: \"Strittmatter a Graustein\" a \"\u0160kola ve Strittmatterov\u011b dob\u011b\".<\/div>\n<h3>Speci\u00e1ln\u00ed v\u00fdstavy \/ doprovodn\u00e9 nab\u00eddky<a id=\"graustein_ausstellung\"><\/a><\/h3>\n<div>\n<ul>\n<li>Vesnick\u00e1 nau\u010dn\u00e1 stezka se 14 stanovi\u0161ti \/ pro \u0161koln\u00ed skupiny obr\u00e1zkov\u00e1 rallye \"Po stop\u00e1ch Strittmattera v Grausteinu\".<\/li>\n<li>Sportlerklause<\/li>\n<li>Napojen\u00ed na cyklostezku<\/li>\n<\/ul>\n<\/div>\n<h3>Nab\u00eddky pro d\u011bti - S Kobim do muzea<a id=\"kinderangebot_graustein\"><\/a><\/h3>\n<p>Kobi - duch mal\u00e9ho domu - je v muzeu jako doma. \u017dije v ba\u010dkor\u00e1ch pod kamny. O p\u016flnoci odposlouch\u00e1v\u00e1 star\u00e9 muzejn\u00ed expon\u00e1ty, kdy\u017e vypr\u00e1v\u011bj\u00ed p\u0159\u00edb\u011bhy z minulosti. Vypr\u00e1v\u00ed tyto vzru\u0161uj\u00edc\u00ed p\u0159\u00edb\u011bhy pracovn\u00edk\u016fm muzea, kte\u0159\u00ed je pak vypr\u00e1v\u011bj\u00ed d\u011btem - p\u0159\u00edb\u011bhy ze star\u00fdch \u010das\u016f.<\/p>\n<p>Nab\u00eddka Kobi:<\/p>\n<h5>Po stop\u00e1ch Erwina Strittmattera v Grausteinu<\/h5>\n<div data-post-id='erwin-strittmatters-in-graustein' class='insert-page insert-page-erwin-strittmatters-in-graustein'><\/div>\n<h3><\/h3>\n<div><\/div>\n<div><\/div>\n<h3>Galerie<a id=\"galerie_graustein\"><\/a><\/h3>\n<div id=\"envira-gallery-wrap-122\" class=\"envira-gallery-wrap envira-gallery-theme-base envira-lightbox-theme-base\" itemscope itemtype=\"https:\/\/schema.org\/ImageGallery\"><div data-row-height=\"\" data-gallery-theme=\"\" id=\"envira-gallery-122\" class=\"envira-gallery-public  envira-gallery-3-columns envira-clear enviratope envira-gallery-css-animations\" data-envira-columns=\"3\"><div id=\"envira-gallery-item-1227\" class=\"envira-gallery-item enviratope-item envira-gallery-item-1\" style=\"padding-left: 5px; padding-bottom: 10px; padding-right: 5px;\"  itemscope itemtype=\"https:\/\/schema.org\/ImageObject\"><div class=\"envira-gallery-item-inner\"><div class=\"envira-gallery-position-overlay  envira-gallery-top-left\"><\/div><div class=\"envira-gallery-position-overlay  envira-gallery-top-right\"><\/div><div class=\"envira-gallery-position-overlay  envira-gallery-bottom-left\"><\/div><div class=\"envira-gallery-position-overlay  envira-gallery-bottom-right\"><\/div><a href=\"https:\/\/www.lausitzer-museenland.de\/wp-content\/uploads\/2014\/11\/graustein1.jpg\" class=\"envira-gallery-122 envira-gallery-link\" rel=\"enviragallery122\" title=\"Star\u00e1 \u0161kola Graustein \/ Foto: B. D\u00e4hne\" data-envira-caption=\"Alte Schule Graustein \/ Foto: B. D&auml;hne\" data-envira-retina=\"\" data-thumbnail=\"\"  itemprop=\"contentUrl\"><div class=\"envira-lazy\" data-test-width=\"960\" data-test-height=\"300\" style=\"padding-bottom:31.25%;\"><img id=\"envira-gallery-image-1227\" class=\"envira-gallery-image envira-gallery-image-1\" data-envira-index=\"1\" src=\"https:\/\/www.lausitzer-museenland.de\/wp-content\/uploads\/2014\/11\/graustein1.jpg\" data-envira-src=\"https:\/\/www.lausitzer-museenland.de\/wp-content\/uploads\/2014\/11\/graustein1.jpg\" data-envira-gallery-id=\"122\" data-envira-item-id=\"1227\" data-envira-caption=\"Alte Schule Graustein \/ Foto: B. D&auml;hne\" alt=\"\" title=\"Star\u00e1 \u0161kola Graustein \/ Foto: B. D\u00e4hne\"  itemprop=\"thumbnailUrl\" data-envira-srcset=\"https:\/\/www.lausitzer-museenland.de\/wp-content\/uploads\/2014\/11\/graustein1.jpg 400w,https:\/\/www.lausitzer-museenland.de\/wp-content\/uploads\/2014\/11\/graustein1.jpg 2x\" srcset=\"data:image\/gif;base64,R0lGODlhAQABAIAAAP\/\/\/\/\/\/\/yH5BAEKAAEALAAAAAABAAEAAAICTAEAOw==\" \/><\/div><\/a><\/div><\/div><div id=\"envira-gallery-item-1228\" class=\"envira-gallery-item enviratope-item envira-gallery-item-2\" style=\"padding-left: 5px; padding-bottom: 10px; padding-right: 5px;\"  itemscope itemtype=\"https:\/\/schema.org\/ImageObject\"><div class=\"envira-gallery-item-inner\"><div class=\"envira-gallery-position-overlay  envira-gallery-top-left\"><\/div><div class=\"envira-gallery-position-overlay  envira-gallery-top-right\"><\/div><div class=\"envira-gallery-position-overlay  envira-gallery-bottom-left\"><\/div><div class=\"envira-gallery-position-overlay  envira-gallery-bottom-right\"><\/div><a href=\"https:\/\/www.lausitzer-museenland.de\/wp-content\/uploads\/2014\/11\/graustein2.jpg\" class=\"envira-gallery-122 envira-gallery-link\" rel=\"enviragallery122\" title=\"V\u00fdstava \/ Foto: B. D\u00e4hne\" data-envira-caption=\"Ausstellung \/ Foto: B. D&auml;hne\" data-envira-retina=\"\" data-thumbnail=\"\"  itemprop=\"contentUrl\"><div class=\"envira-lazy\" data-test-width=\"960\" data-test-height=\"300\" style=\"padding-bottom:31.25%;\"><img id=\"envira-gallery-image-1228\" class=\"envira-gallery-image envira-gallery-image-2\" data-envira-index=\"2\" src=\"https:\/\/www.lausitzer-museenland.de\/wp-content\/uploads\/2014\/11\/graustein2.jpg\" data-envira-src=\"https:\/\/www.lausitzer-museenland.de\/wp-content\/uploads\/2014\/11\/graustein2.jpg\" data-envira-gallery-id=\"122\" data-envira-item-id=\"1228\" data-envira-caption=\"Ausstellung \/ Foto: B. D&auml;hne\" alt=\"\" title=\"V\u00fdstava \/ Foto: B. D\u00e4hne\"  itemprop=\"thumbnailUrl\" data-envira-srcset=\"https:\/\/www.lausitzer-museenland.de\/wp-content\/uploads\/2014\/11\/graustein2.jpg 400w,https:\/\/www.lausitzer-museenland.de\/wp-content\/uploads\/2014\/11\/graustein2.jpg 2x\" srcset=\"data:image\/gif;base64,R0lGODlhAQABAIAAAP\/\/\/\/\/\/\/yH5BAEKAAEALAAAAAABAAEAAAICTAEAOw==\" \/><\/div><\/a><\/div><\/div><div id=\"envira-gallery-item-1229\" class=\"envira-gallery-item enviratope-item envira-gallery-item-3\" style=\"padding-left: 5px; padding-bottom: 10px; padding-right: 5px;\"  itemscope itemtype=\"https:\/\/schema.org\/ImageObject\"><div class=\"envira-gallery-item-inner\"><div class=\"envira-gallery-position-overlay  envira-gallery-top-left\"><\/div><div class=\"envira-gallery-position-overlay  envira-gallery-top-right\"><\/div><div class=\"envira-gallery-position-overlay  envira-gallery-bottom-left\"><\/div><div class=\"envira-gallery-position-overlay  envira-gallery-bottom-right\"><\/div><a href=\"https:\/\/www.lausitzer-museenland.de\/wp-content\/uploads\/2014\/11\/graustein3.jpg\" class=\"envira-gallery-122 envira-gallery-link\" rel=\"enviragallery122\" title=\"V\u00fdstava \/ Foto: B. D\u00e4hne\" data-envira-caption=\"Ausstellung \/ Foto: B. D&auml;hne\" data-envira-retina=\"\" data-thumbnail=\"\"  itemprop=\"contentUrl\"><div class=\"envira-lazy\" data-test-width=\"960\" data-test-height=\"300\" style=\"padding-bottom:31.25%;\"><img id=\"envira-gallery-image-1229\" class=\"envira-gallery-image envira-gallery-image-3\" data-envira-index=\"3\" src=\"https:\/\/www.lausitzer-museenland.de\/wp-content\/uploads\/2014\/11\/graustein3.jpg\" data-envira-src=\"https:\/\/www.lausitzer-museenland.de\/wp-content\/uploads\/2014\/11\/graustein3.jpg\" data-envira-gallery-id=\"122\" data-envira-item-id=\"1229\" data-envira-caption=\"Ausstellung \/ Foto: B. D&auml;hne\" alt=\"\" title=\"V\u00fdstava \/ Foto: B. D\u00e4hne\"  itemprop=\"thumbnailUrl\" data-envira-srcset=\"https:\/\/www.lausitzer-museenland.de\/wp-content\/uploads\/2014\/11\/graustein3.jpg 400w,https:\/\/www.lausitzer-museenland.de\/wp-content\/uploads\/2014\/11\/graustein3.jpg 2x\" srcset=\"data:image\/gif;base64,R0lGODlhAQABAIAAAP\/\/\/\/\/\/\/yH5BAEKAAEALAAAAAABAAEAAAICTAEAOw==\" \/><\/div><\/a><\/div><\/div><div id=\"envira-gallery-item-1230\" class=\"envira-gallery-item enviratope-item envira-gallery-item-4\" style=\"padding-left: 5px; padding-bottom: 10px; padding-right: 5px;\"  itemscope itemtype=\"https:\/\/schema.org\/ImageObject\"><div class=\"envira-gallery-item-inner\"><div class=\"envira-gallery-position-overlay  envira-gallery-top-left\"><\/div><div class=\"envira-gallery-position-overlay  envira-gallery-top-right\"><\/div><div class=\"envira-gallery-position-overlay  envira-gallery-bottom-left\"><\/div><div class=\"envira-gallery-position-overlay  envira-gallery-bottom-right\"><\/div><a href=\"https:\/\/www.lausitzer-museenland.de\/wp-content\/uploads\/2014\/11\/graustein4.jpg\" class=\"envira-gallery-122 envira-gallery-link\" rel=\"enviragallery122\" title=\"\u0160ed\u00fd k\u00e1men \/ Foto: B. D\u00e4hne\" data-envira-caption=\"Der graue Stein \/ Foto: B. D&auml;hne\" data-envira-retina=\"\" data-thumbnail=\"\"  itemprop=\"contentUrl\"><div class=\"envira-lazy\" data-test-width=\"960\" data-test-height=\"300\" style=\"padding-bottom:31.25%;\"><img id=\"envira-gallery-image-1230\" class=\"envira-gallery-image envira-gallery-image-4\" data-envira-index=\"4\" src=\"https:\/\/www.lausitzer-museenland.de\/wp-content\/uploads\/2014\/11\/graustein4.jpg\" data-envira-src=\"https:\/\/www.lausitzer-museenland.de\/wp-content\/uploads\/2014\/11\/graustein4.jpg\" data-envira-gallery-id=\"122\" data-envira-item-id=\"1230\" data-envira-caption=\"Der graue Stein \/ Foto: B. D&auml;hne\" alt=\"\" title=\"\u0160ed\u00fd k\u00e1men \/ Foto: B. D\u00e4hne\"  itemprop=\"thumbnailUrl\" data-envira-srcset=\"https:\/\/www.lausitzer-museenland.de\/wp-content\/uploads\/2014\/11\/graustein4.jpg 400w,https:\/\/www.lausitzer-museenland.de\/wp-content\/uploads\/2014\/11\/graustein4.jpg 2x\" srcset=\"data:image\/gif;base64,R0lGODlhAQABAIAAAP\/\/\/\/\/\/\/yH5BAEKAAEALAAAAAABAAEAAAICTAEAOw==\" \/><\/div><\/a><\/div><\/div><div id=\"envira-gallery-item-1231\" class=\"envira-gallery-item enviratope-item envira-gallery-item-5\" style=\"padding-left: 5px; padding-bottom: 10px; padding-right: 5px;\"  itemscope itemtype=\"https:\/\/schema.org\/ImageObject\"><div class=\"envira-gallery-item-inner\"><div class=\"envira-gallery-position-overlay  envira-gallery-top-left\"><\/div><div class=\"envira-gallery-position-overlay  envira-gallery-top-right\"><\/div><div class=\"envira-gallery-position-overlay  envira-gallery-bottom-left\"><\/div><div class=\"envira-gallery-position-overlay  envira-gallery-bottom-right\"><\/div><a href=\"https:\/\/www.lausitzer-museenland.de\/wp-content\/uploads\/2014\/11\/graustein5.jpg\" class=\"envira-gallery-122 envira-gallery-link\" rel=\"enviragallery122\" title=\"N\u00e1pis u vchodu do &quot;star\u00e9 vesnick\u00e9 \u0161koly&quot; \/ Foto: B. D\u00e4hne\" data-envira-caption=\"Schild am Eingang zur &amp;quot;Alten Dorfschule&amp;quot; \/ Foto: B. D&auml;hne\" data-envira-retina=\"\" data-thumbnail=\"\"  itemprop=\"contentUrl\"><div class=\"envira-lazy\" data-test-width=\"960\" data-test-height=\"300\" style=\"padding-bottom:31.25%;\"><img id=\"envira-gallery-image-1231\" class=\"envira-gallery-image envira-gallery-image-5\" data-envira-index=\"5\" src=\"https:\/\/www.lausitzer-museenland.de\/wp-content\/uploads\/2014\/11\/graustein5.jpg\" data-envira-src=\"https:\/\/www.lausitzer-museenland.de\/wp-content\/uploads\/2014\/11\/graustein5.jpg\" data-envira-gallery-id=\"122\" data-envira-item-id=\"1231\" data-envira-caption=\"Schild am Eingang zur &amp;quot;Alten Dorfschule&amp;quot; \/ Foto: B. D&auml;hne\" alt=\"\" title=\"N\u00e1pis u vchodu do &quot;star\u00e9 vesnick\u00e9 \u0161koly&quot; \/ Foto: B. D\u00e4hne\"  itemprop=\"thumbnailUrl\" data-envira-srcset=\"https:\/\/www.lausitzer-museenland.de\/wp-content\/uploads\/2014\/11\/graustein5.jpg 400w,https:\/\/www.lausitzer-museenland.de\/wp-content\/uploads\/2014\/11\/graustein5.jpg 2x\" srcset=\"data:image\/gif;base64,R0lGODlhAQABAIAAAP\/\/\/\/\/\/\/yH5BAEKAAEALAAAAAABAAEAAAICTAEAOw==\" \/><\/div><\/a><\/div><\/div><div id=\"envira-gallery-item-1232\" class=\"envira-gallery-item enviratope-item envira-gallery-item-6\" style=\"padding-left: 5px; padding-bottom: 10px; padding-right: 5px;\"  itemscope itemtype=\"https:\/\/schema.org\/ImageObject\"><div class=\"envira-gallery-item-inner\"><div class=\"envira-gallery-position-overlay  envira-gallery-top-left\"><\/div><div class=\"envira-gallery-position-overlay  envira-gallery-top-right\"><\/div><div class=\"envira-gallery-position-overlay  envira-gallery-bottom-left\"><\/div><div class=\"envira-gallery-position-overlay  envira-gallery-bottom-right\"><\/div><a href=\"https:\/\/www.lausitzer-museenland.de\/wp-content\/uploads\/2014\/11\/graustein6.jpg\" class=\"envira-gallery-122 envira-gallery-link\" rel=\"enviragallery122\" title=\"Zde st\u00e1la prvn\u00ed \u0161koln\u00ed lavice E. Strittmattera \/ Foto: B. D\u00e4hne\" data-envira-caption=\"Hier stand die 1. Schulbank von E. Strittmatter. \/ Foto: B. D&auml;hne\" data-envira-retina=\"\" data-thumbnail=\"\"  itemprop=\"contentUrl\"><div class=\"envira-lazy\" data-test-width=\"960\" data-test-height=\"300\" style=\"padding-bottom:31.25%;\"><img id=\"envira-gallery-image-1232\" class=\"envira-gallery-image envira-gallery-image-6\" data-envira-index=\"6\" src=\"https:\/\/www.lausitzer-museenland.de\/wp-content\/uploads\/2014\/11\/graustein6.jpg\" data-envira-src=\"https:\/\/www.lausitzer-museenland.de\/wp-content\/uploads\/2014\/11\/graustein6.jpg\" data-envira-gallery-id=\"122\" data-envira-item-id=\"1232\" data-envira-caption=\"Hier stand die 1. Schulbank von E. Strittmatter. \/ Foto: B. D&auml;hne\" alt=\"\" title=\"Zde st\u00e1la prvn\u00ed \u0161koln\u00ed lavice E. Strittmattera \/ Foto: B. D\u00e4hne\"  itemprop=\"thumbnailUrl\" data-envira-srcset=\"https:\/\/www.lausitzer-museenland.de\/wp-content\/uploads\/2014\/11\/graustein6.jpg 400w,https:\/\/www.lausitzer-museenland.de\/wp-content\/uploads\/2014\/11\/graustein6.jpg 2x\" srcset=\"data:image\/gif;base64,R0lGODlhAQABAIAAAP\/\/\/\/\/\/\/yH5BAEKAAEALAAAAAABAAEAAAICTAEAOw==\" \/><\/div><\/a><\/div><\/div><div id=\"envira-gallery-item-1233\" class=\"envira-gallery-item enviratope-item envira-gallery-item-7\" style=\"padding-left: 5px; padding-bottom: 10px; padding-right: 5px;\"  itemscope itemtype=\"https:\/\/schema.org\/ImageObject\"><div class=\"envira-gallery-item-inner\"><div class=\"envira-gallery-position-overlay  envira-gallery-top-left\"><\/div><div class=\"envira-gallery-position-overlay  envira-gallery-top-right\"><\/div><div class=\"envira-gallery-position-overlay  envira-gallery-bottom-left\"><\/div><div class=\"envira-gallery-position-overlay  envira-gallery-bottom-right\"><\/div><a href=\"https:\/\/www.lausitzer-museenland.de\/wp-content\/uploads\/2014\/11\/graustein7.jpg\" class=\"envira-gallery-122 envira-gallery-link\" rel=\"enviragallery122\" title=\"D\u00edla E. Strittmattera \/ Foto: B. D\u00e4hne\" data-envira-caption=\"Werke von E. Strittmatter \/ Foto: B. D&auml;hne\" data-envira-retina=\"\" data-thumbnail=\"\"  itemprop=\"contentUrl\"><div class=\"envira-lazy\" data-test-width=\"960\" data-test-height=\"300\" style=\"padding-bottom:31.25%;\"><img id=\"envira-gallery-image-1233\" class=\"envira-gallery-image envira-gallery-image-7\" data-envira-index=\"7\" src=\"https:\/\/www.lausitzer-museenland.de\/wp-content\/uploads\/2014\/11\/graustein7.jpg\" data-envira-src=\"https:\/\/www.lausitzer-museenland.de\/wp-content\/uploads\/2014\/11\/graustein7.jpg\" data-envira-gallery-id=\"122\" data-envira-item-id=\"1233\" data-envira-caption=\"Werke von E. Strittmatter \/ Foto: B. D&auml;hne\" alt=\"\" title=\"D\u00edla E. Strittmattera \/ Foto: B. D\u00e4hne\"  itemprop=\"thumbnailUrl\" data-envira-srcset=\"https:\/\/www.lausitzer-museenland.de\/wp-content\/uploads\/2014\/11\/graustein7.jpg 400w,https:\/\/www.lausitzer-museenland.de\/wp-content\/uploads\/2014\/11\/graustein7.jpg 2x\" srcset=\"data:image\/gif;base64,R0lGODlhAQABAIAAAP\/\/\/\/\/\/\/yH5BAEKAAEALAAAAAABAAEAAAICTAEAOw==\" \/><\/div><\/a><\/div><\/div><div id=\"envira-gallery-item-1234\" class=\"envira-gallery-item enviratope-item envira-gallery-item-8\" style=\"padding-left: 5px; padding-bottom: 10px; padding-right: 5px;\"  itemscope itemtype=\"https:\/\/schema.org\/ImageObject\"><div class=\"envira-gallery-item-inner\"><div class=\"envira-gallery-position-overlay  envira-gallery-top-left\"><\/div><div class=\"envira-gallery-position-overlay  envira-gallery-top-right\"><\/div><div class=\"envira-gallery-position-overlay  envira-gallery-bottom-left\"><\/div><div class=\"envira-gallery-position-overlay  envira-gallery-bottom-right\"><\/div><a href=\"https:\/\/www.lausitzer-museenland.de\/wp-content\/uploads\/2014\/11\/graustein8.jpg\" class=\"envira-gallery-122 envira-gallery-link\" rel=\"enviragallery122\" title=\"Foto: B. D\u00e4hne\" data-envira-caption=\"Foto: B. D&auml;hne\" data-envira-retina=\"\" data-thumbnail=\"\"  itemprop=\"contentUrl\"><div class=\"envira-lazy\" data-test-width=\"960\" data-test-height=\"300\" style=\"padding-bottom:31.25%;\"><img id=\"envira-gallery-image-1234\" class=\"envira-gallery-image envira-gallery-image-8\" data-envira-index=\"8\" src=\"https:\/\/www.lausitzer-museenland.de\/wp-content\/uploads\/2014\/11\/graustein8.jpg\" data-envira-src=\"https:\/\/www.lausitzer-museenland.de\/wp-content\/uploads\/2014\/11\/graustein8.jpg\" data-envira-gallery-id=\"122\" data-envira-item-id=\"1234\" data-envira-caption=\"Foto: B. D&auml;hne\" alt=\"\" title=\"Foto: B. D\u00e4hne\"  itemprop=\"thumbnailUrl\" data-envira-srcset=\"https:\/\/www.lausitzer-museenland.de\/wp-content\/uploads\/2014\/11\/graustein8.jpg 400w,https:\/\/www.lausitzer-museenland.de\/wp-content\/uploads\/2014\/11\/graustein8.jpg 2x\" srcset=\"data:image\/gif;base64,R0lGODlhAQABAIAAAP\/\/\/\/\/\/\/yH5BAEKAAEALAAAAAABAAEAAAICTAEAOw==\" \/><\/div><\/a><\/div><\/div><\/div><\/div><noscript><img src=\"https:\/\/www.lausitzer-museenland.de\/wp-content\/uploads\/2014\/11\/graustein1.jpg\" alt=\"\" \/><img src=\"https:\/\/www.lausitzer-museenland.de\/wp-content\/uploads\/2014\/11\/graustein2.jpg\" alt=\"\" \/><img src=\"https:\/\/www.lausitzer-museenland.de\/wp-content\/uploads\/2014\/11\/graustein3.jpg\" alt=\"\" \/><img src=\"https:\/\/www.lausitzer-museenland.de\/wp-content\/uploads\/2014\/11\/graustein4.jpg\" alt=\"\" \/><img src=\"https:\/\/www.lausitzer-museenland.de\/wp-content\/uploads\/2014\/11\/graustein5.jpg\" alt=\"\" \/><img src=\"https:\/\/www.lausitzer-museenland.de\/wp-content\/uploads\/2014\/11\/graustein6.jpg\" alt=\"\" \/><img src=\"https:\/\/www.lausitzer-museenland.de\/wp-content\/uploads\/2014\/11\/graustein7.jpg\" alt=\"\" \/><img src=\"https:\/\/www.lausitzer-museenland.de\/wp-content\/uploads\/2014\/11\/graustein8.jpg\" alt=\"\" \/><\/noscript>","protected":false},"excerpt":{"rendered":"<p>Galerie | V\u00fdstavy | Nab\u00eddka pro d\u011bti Kam chodil Strittmatter do \u0161koly Stavba \/ situace v m\u00edst\u011b Kostel uprost\u0159ed zelen\u011b s b\u0159idlicovou st\u0159echou a pozlacenou v\u011btrolamem s kohoutem je dominantou obce. V jej\u00ed bezprost\u0159edn\u00ed bl\u00edzkosti stoj\u00ed \"star\u00e1 \u0161kola\", kter\u00e1 je z\u00e1rove\u0148 komunitn\u00edm centrem. V roce 1919 se Erwin Strittmatter, Spremberg\u016fv z\u00e1stupce<\/p>","protected":false},"author":13,"featured_media":0,"parent":113,"menu_order":0,"comment_status":"closed","ping_status":"closed","template":"","meta":[],"_links":{"self":[{"href":"https:\/\/www.lausitzer-museenland.de\/cs\/wp-json\/wp\/v2\/pages\/122"}],"collection":[{"href":"https:\/\/www.lausitzer-museenland.de\/cs\/wp-json\/wp\/v2\/pages"}],"about":[{"href":"https:\/\/www.lausitzer-museenland.de\/cs\/wp-json\/wp\/v2\/types\/page"}],"author":[{"embeddable":true,"href":"https:\/\/www.lausitzer-museenland.de\/cs\/wp-json\/wp\/v2\/users\/13"}],"replies":[{"embeddable":true,"href":"https:\/\/www.lausitzer-museenland.de\/cs\/wp-json\/wp\/v2\/comments?post=122"}],"version-history":[{"count":18,"href":"https:\/\/www.lausitzer-museenland.de\/cs\/wp-json\/wp\/v2\/pages\/122\/revisions"}],"predecessor-version":[{"id":53886,"href":"https:\/\/www.lausitzer-museenland.de\/cs\/wp-json\/wp\/v2\/pages\/122\/revisions\/53886"}],"up":[{"embeddable":true,"href":"https:\/\/www.lausitzer-museenland.de\/cs\/wp-json\/wp\/v2\/pages\/113"}],"wp:attachment":[{"href":"https:\/\/www.lausitzer-museenland.de\/cs\/wp-json\/wp\/v2\/media?parent=122"}],"curies":[{"name":"wp","href":"https:\/\/api.w.org\/{rel}","templated":true}]}}