{"id":1380,"date":"2014-11-24T14:03:45","date_gmt":"2014-11-24T13:03:45","guid":{"rendered":"http:\/\/lausitzer-museenland.de\/?page_id=1380"},"modified":"2022-06-02T09:00:46","modified_gmt":"2022-06-02T07:00:46","slug":"fuehrung-durch-den-peitzer-festungsturm","status":"publish","type":"page","link":"https:\/\/www.lausitzer-museenland.de\/cs\/sluzba\/kobi\/prohlidka-veze-peitzerovy-pevnosti-s-pruvodcem\/","title":{"rendered":"Prohl\u00eddka v\u011b\u017ee pevnosti Peitz s pr\u016fvodcem - v\u00fdhled na Peitz - pohled do historie pevnosti"},"content":{"rendered":"<p>Pevnostn\u00ed v\u011b\u017e se nach\u00e1z\u00ed v srdci m\u011bsta Peitz, uprost\u0159ed historick\u00e9ho centra.<\/p>\n<div>B\u011bhem prohl\u00eddky se n\u00e1v\u0161t\u011bvn\u00edci dozv\u011bd\u00ed mnoho zaj\u00edmavost\u00ed o pevnostn\u00ed v\u011b\u017ei i o historii m\u011bsta a regionu.<\/div>\n<div><\/div>\n<div>Nab\u00eddka prob\u00edh\u00e1 v interi\u00e9ru a je ur\u010dena \u017e\u00e1k\u016fm 1. a\u017e 13. t\u0159\u00eddy.<\/div>\n<div>Datum: dle dohody<\/div>\n<div><\/div>\n<div>Doba trv\u00e1n\u00ed: p\u0159ibli\u017en\u011b 1 hodina<\/div>\n<div>P\u0159edb\u011b\u017en\u00e1 registrace: nejpozd\u011bji t\u00fdden p\u0159edem<\/div>\n<div><\/div>\n<div>Pevnostn\u00ed v\u011b\u017e Peitz<\/div>\n<div>Pevnostn\u00ed trasa<\/div>\n<div><\/div>\n<div>Pan\u00ed Medackov\u00e1<\/div>\n<div>03185 Peitz\/ Picnjo<\/div>\n<div>Telefon: 035601 \/ 22080<\/div>\n<div>Fax: 035601 \/ 22080<\/div>\n<div>E - Mail: museum@peitz.de<\/div>\n<div>Webov\u00e9 str\u00e1nky: <a href=\"https:\/\/tourismus.peitz.de\/de\/museum\/festungsturm\" target=\"_blank\" rel=\"noopener\">www.tourismus.peitz.de<\/a><\/div>","protected":false},"excerpt":{"rendered":"<p>Pevnostn\u00ed v\u011b\u017e se nach\u00e1z\u00ed v centru m\u011bsta Peitz, uprost\u0159ed historick\u00e9ho centra. B\u011bhem prohl\u00eddky se n\u00e1v\u0161t\u011bvn\u00edci dozv\u011bd\u00ed mnoho zaj\u00edmavost\u00ed o pevnostn\u00ed v\u011b\u017ei i o historii m\u011bsta a regionu. Prohl\u00eddka se kon\u00e1 ve vnit\u0159n\u00edch prostor\u00e1ch a je ur\u010dena \u017e\u00e1k\u016fm 1. a\u017e 13. t\u0159\u00edd. Term\u00edn: dle dohody Doba trv\u00e1n\u00ed: cca 1 hodina Rezervace p\u0159edem:<\/p>","protected":false},"author":13,"featured_media":0,"parent":380,"menu_order":0,"comment_status":"closed","ping_status":"closed","template":"","meta":[],"_links":{"self":[{"href":"https:\/\/www.lausitzer-museenland.de\/cs\/wp-json\/wp\/v2\/pages\/1380"}],"collection":[{"href":"https:\/\/www.lausitzer-museenland.de\/cs\/wp-json\/wp\/v2\/pages"}],"about":[{"href":"https:\/\/www.lausitzer-museenland.de\/cs\/wp-json\/wp\/v2\/types\/page"}],"author":[{"embeddable":true,"href":"https:\/\/www.lausitzer-museenland.de\/cs\/wp-json\/wp\/v2\/users\/13"}],"replies":[{"embeddable":true,"href":"https:\/\/www.lausitzer-museenland.de\/cs\/wp-json\/wp\/v2\/comments?post=1380"}],"version-history":[{"count":4,"href":"https:\/\/www.lausitzer-museenland.de\/cs\/wp-json\/wp\/v2\/pages\/1380\/revisions"}],"predecessor-version":[{"id":54009,"href":"https:\/\/www.lausitzer-museenland.de\/cs\/wp-json\/wp\/v2\/pages\/1380\/revisions\/54009"}],"up":[{"embeddable":true,"href":"https:\/\/www.lausitzer-museenland.de\/cs\/wp-json\/wp\/v2\/pages\/380"}],"wp:attachment":[{"href":"https:\/\/www.lausitzer-museenland.de\/cs\/wp-json\/wp\/v2\/media?parent=1380"}],"curies":[{"name":"wp","href":"https:\/\/api.w.org\/{rel}","templated":true}]}}