{"id":150,"date":"2014-11-05T17:11:32","date_gmt":"2014-11-05T16:11:32","guid":{"rendered":"http:\/\/lausitzer-museenland.de\/?page_id=150"},"modified":"2023-11-30T13:12:38","modified_gmt":"2023-11-30T12:12:38","slug":"feuerwehrmuseum-welzow","status":"publish","type":"page","link":"https:\/\/www.lausitzer-museenland.de\/cs\/muzea\/hasicske-muzeum-welzow\/","title":{"rendered":"Hasi\u010dsk\u00e9 muzeum Welzow (d\u0159\u00edve Haidem\u00fchl) \/ Muzej wognjoweje wobory Wjelcej (n\u011bga G\u00f3zd\u017a)"},"content":{"rendered":"<p><a href=\"#galerie_feuerwehr_welzow\">Galerie<\/a> |\u00a0<a href=\"#austellungen_feuerwehr_welzow\">V\u00fdstavy<\/a>\u00a0| \u00a0<a href=\"#kinderangebot_feuerwehr_welzow\">Nab\u00eddky pro d\u011bti<\/a><a href=\"https:\/\/www.lausitzer-museenland.de\/wp-content\/uploads\/2014\/11\/FwMuseum_Welzow_01_skaliert.png\"><img loading=\"lazy\" class=\"aligncenter size-full wp-image-18535\" src=\"https:\/\/www.lausitzer-museenland.de\/wp-content\/uploads\/2014\/11\/FwMuseum_Welzow_01_skaliert.png\" alt=\"FwMuseum_Welzow_01_scaled\" width=\"800\" height=\"408\" srcset=\"https:\/\/www.lausitzer-museenland.de\/wp-content\/uploads\/2014\/11\/FwMuseum_Welzow_01_skaliert.png 800w, https:\/\/www.lausitzer-museenland.de\/wp-content\/uploads\/2014\/11\/FwMuseum_Welzow_01_skaliert-300x153.png 300w\" sizes=\"(max-width: 800px) 100vw, 800px\" \/><\/a><\/p>\n\n<p><strong>Speci\u00e1ln\u00ed muzeum hasi\u010dsk\u00e9 techniky<\/strong><\/p>\n<h3>Situace budovy \/ pozemku<\/h3>\n<p>V\u00fdstava byla um\u00edst\u011bna v hal\u00e1ch mechanick\u00e9 d\u00edlny b\u00fdval\u00e9 tov\u00e1rny na brikety v Haidem\u00fchlu a\u017e do doby, kdy byla obec kv\u016fli t\u011b\u017eb\u011b p\u0159em\u00edst\u011bna.<br \/>\nPo demolici are\u00e1lu do\u0161lo k p\u0159est\u011bhov\u00e1n\u00ed do dvou nov\u00fdch hal v pr\u016fmyslov\u00e9 z\u00f3n\u011b Welzow. N\u00e1v\u0161t\u011bva nov\u00e9ho m\u00edsta je mo\u017en\u00e1 po p\u0159edchoz\u00ed domluv\u011b.<\/p>\n<h3>Charakteristika<\/h3>\n<div>\n<p>V hasi\u010dsk\u00e9m parku ve Welzow\u011b se nach\u00e1z\u00ed jedna z nejv\u011bt\u0161\u00edch sb\u00edrek hasi\u010dsk\u00e9 historie v N\u011bmecku, a proto je ide\u00e1ln\u00edm c\u00edlem pro milovn\u00edky techniky. Krom\u011b celkem 42 hasi\u010dsk\u00fdch voz\u016f, 20 motorov\u00fdch hasi\u010dsk\u00fdch voz\u016f, 12 p\u0159\u00edv\u011bsn\u00fdch voz\u016f, r\u016fzn\u00e9ho hasi\u010dsk\u00e9ho p\u0159\u00edslu\u0161enstv\u00ed, ramenn\u00edch desek, \u010destn\u00fdch odznak\u016f a vybaven\u00ed zde m\u016f\u017eete obdivovat nejr\u016fzn\u011bj\u0161\u00ed unik\u00e1tn\u00ed vybaven\u00ed, v\u010detn\u011b dokonce hasi\u010dsk\u00e9ho tanku. V hasi\u010dsk\u00e9m muzeu ve Welzow\u011b se m\u016f\u017eete vydat na cestu histori\u00ed hasi\u010dsk\u00e9ho sboru. Nejstar\u0161\u00ed kus ve sb\u00edrce, ru\u010dn\u00ed hasi\u010dsk\u00fd v\u016fz z 20. let 20. stolet\u00ed, poch\u00e1z\u00ed z doby, kdy hasi\u010di sp\u011bchali na m\u00edsto ud\u00e1losti na kole nebo p\u011b\u0161ky. Krom\u011b toho je zde \u0159ada rarit a speci\u00e1ln\u00edch vozidel st\u00e1tn\u00edch podnik\u016f NDR, kter\u00e9 jsou v N\u011bmecku unik\u00e1tn\u00ed a kter\u00e9 byly a budou v pr\u016fb\u011bhu mnoha hodin detailn\u011b restaurov\u00e1ny.<\/p>\n<\/div>\n<div><\/div>\n<h3>Speci\u00e1ln\u00ed v\u00fdstavy \/ doprovodn\u00e9 nab\u00eddky<a id=\"austellungen_feuerwehr_welzow\"><\/a><\/h3>\n<div>\n<ul>\n<li>Zvl\u00e1\u0161tn\u00ed otev\u00edrac\u00ed doba pro \"Muzejn\u00ed noc ve \u010dtvrti Spree-Nisa<\/li>\n<li>Zap\u016fj\u010den\u00ed vozidel a techniky.<\/li>\n<\/ul>\n<\/div>","protected":false},"excerpt":{"rendered":"<p>Galerie | V\u00fdstavy | Nab\u00eddka pro d\u011bti Speci\u00e1ln\u00ed muzeum hasi\u010dsk\u00e9 techniky Stavba \/ situace na m\u00edst\u011b Expozice se nach\u00e1zela v hal\u00e1ch mechanick\u00e9 d\u00edlny b\u00fdval\u00e9 tov\u00e1rny na brikety Haidem\u00fchl, a to a\u017e do doby, ne\u017e byla obec Haidem\u00fchl z d\u016fln\u00edch d\u016fvod\u016f p\u0159est\u011bhov\u00e1na. Po zbour\u00e1n\u00ed vesnice se v\u00fdstava p\u0159est\u011bhovala do dvou nov\u00fdch hal v pr\u016fmyslov\u00e9m are\u00e1lu Welzow. N\u00e1v\u0161t\u011bva nov\u00e9ho m\u00edsta je mo\u017en\u00e1 po p\u0159edchoz\u00ed domluv\u011b.<\/p>","protected":false},"author":13,"featured_media":0,"parent":113,"menu_order":0,"comment_status":"closed","ping_status":"closed","template":"","meta":[],"_links":{"self":[{"href":"https:\/\/www.lausitzer-museenland.de\/cs\/wp-json\/wp\/v2\/pages\/150"}],"collection":[{"href":"https:\/\/www.lausitzer-museenland.de\/cs\/wp-json\/wp\/v2\/pages"}],"about":[{"href":"https:\/\/www.lausitzer-museenland.de\/cs\/wp-json\/wp\/v2\/types\/page"}],"author":[{"embeddable":true,"href":"https:\/\/www.lausitzer-museenland.de\/cs\/wp-json\/wp\/v2\/users\/13"}],"replies":[{"embeddable":true,"href":"https:\/\/www.lausitzer-museenland.de\/cs\/wp-json\/wp\/v2\/comments?post=150"}],"version-history":[{"count":19,"href":"https:\/\/www.lausitzer-museenland.de\/cs\/wp-json\/wp\/v2\/pages\/150\/revisions"}],"predecessor-version":[{"id":53899,"href":"https:\/\/www.lausitzer-museenland.de\/cs\/wp-json\/wp\/v2\/pages\/150\/revisions\/53899"}],"up":[{"embeddable":true,"href":"https:\/\/www.lausitzer-museenland.de\/cs\/wp-json\/wp\/v2\/pages\/113"}],"wp:attachment":[{"href":"https:\/\/www.lausitzer-museenland.de\/cs\/wp-json\/wp\/v2\/media?parent=150"}],"curies":[{"name":"wp","href":"https:\/\/api.w.org\/{rel}","templated":true}]}}