{"id":162,"date":"2014-11-05T17:22:37","date_gmt":"2014-11-05T16:22:37","guid":{"rendered":"http:\/\/lausitzer-museenland.de\/?page_id=162"},"modified":"2023-11-30T13:15:32","modified_gmt":"2023-11-30T12:15:32","slug":"freilichtmuseum-zeitsprung-klinge","status":"publish","type":"page","link":"https:\/\/www.lausitzer-museenland.de\/cs\/muzea\/muzeum-pod-sirym-nebem-cas-skok-cepel\/","title":{"rendered":"Skanzen \"Zeitsprung\" Klinge \/ Muzeum p\u00f3d go\u0142ym njebjom \"Casowy skok\" Klinka"},"content":{"rendered":"<p><a href=\"#galerie_zeitsprung\">Galerie<\/a>\u00a0|\u00a0<a href=\"#kinderangebot_zeitsprung\">Nab\u00eddky pro d\u011bti<\/a><img loading=\"lazy\" class=\"enigma_img_responsive alignnone wp-image-1253\" src=\"https:\/\/www.lausitzer-museenland.de\/wp-content\/uploads\/2014\/11\/19.jpg\" alt=\"1\" width=\"800\" height=\"398\" srcset=\"https:\/\/www.lausitzer-museenland.de\/wp-content\/uploads\/2014\/11\/19.jpg 402w, https:\/\/www.lausitzer-museenland.de\/wp-content\/uploads\/2014\/11\/19-300x149.jpg 300w, https:\/\/www.lausitzer-museenland.de\/wp-content\/uploads\/2014\/11\/19-100x49.jpg 100w, https:\/\/www.lausitzer-museenland.de\/wp-content\/uploads\/2014\/11\/19-150x74.jpg 150w, https:\/\/www.lausitzer-museenland.de\/wp-content\/uploads\/2014\/11\/19-200x99.jpg 200w\" sizes=\"(max-width: 800px) 100vw, 800px\" \/><\/p>\n\n<p><strong>P\u0159\u00edrodov\u011bdn\u00e1 expozice a geologick\u00fd odkryv<\/strong><\/p>\n<h3>Zem\u011bpisn\u00e1 poloha<\/h3>\n<div>Nedaleko Klinge, 12 km v\u00fdchodn\u011b od Cottbusu, prov\u00e1d\u00ed Muzeum p\u0159\u00edrody a \u017eivotn\u00edho prost\u0159ed\u00ed v Cottbusu od roku 1985 geologicko-paleontologick\u00e9 vykop\u00e1vky v eemsko-tepl\u00fdch pleistocenn\u00edch jezern\u00edch usazenin\u00e1ch.<\/div>\n<div>Odkali\u0161t\u011b se nach\u00e1z\u00ed mezi b\u00fdvalou hlini\u0161t\u011bm a ji\u017en\u00edm svahem povrchov\u00e9ho dolu J\u00e4nschwalde. Na 2-3 m vysok\u00e9m, 2 m \u0161irok\u00e9m a 12 m dlouh\u00e9m \u0159ezu je v dokonal\u00e9m obraze odhalena stratigrafick\u00e1 sekvence jezera z obdob\u00ed eemia a tepl\u00e9ho obdob\u00ed a\u017e po ran\u00e9 obdob\u00ed weichselu a studen\u00e9ho obdob\u00ed.<\/div>\n<div><\/div>\n<h3>Charakteristika<\/h3>\n<div>Skanzen \"Zeitsprung\" byl otev\u0159en 17. kv\u011btna 2008. Obec Wiesengrund vytvo\u0159ila tento skanzen na m\u00edst\u011b soused\u00edc\u00edm s nalezi\u0161t\u011bm Eem s pomoc\u00ed ve\u0159ejn\u00fdch prost\u0159edk\u016f. Nach\u00e1z\u00ed se v bezprost\u0159edn\u00ed bl\u00edzkosti budouc\u00edho jezera Klinger, kter\u00e9 je v sou\u010dasn\u00e9 dob\u011b zaplavov\u00e1no. Pozn\u00e1n\u00ed v\u00fdznamu - a t\u00edm i ochrany - tohoto lo\u017eiska Eem je p\u0159edev\u0161\u00edm z\u00e1sluhou geolog\u016f Rolfa a Ursuly Strieglerov\u00fdch. Jejich vykop\u00e1vky p\u0159inesly jedine\u010dn\u00e9 poznatky o geologick\u00e9m v\u00fdvoji v tepl\u00e9m obdob\u00ed Eemian.<\/div>\n<div><\/div>\n<div>V are\u00e1lu muzea byl vytvo\u0159en mok\u0159adn\u00ed biotop, r\u016fzn\u00e9 v\u00fdstavn\u00ed tabule a budova p\u0159\u00edst\u0159e\u0161ku, kde n\u00e1v\u0161t\u011bvn\u00edky v\u00edt\u00e1 replika mamut\u00ed samice s vlnitou srst\u00ed a jej\u00edmi potomky v origin\u00e1ln\u00ed velikosti p\u0159ed obnovenou krajinou z obdob\u00ed eemian-warm. V sousedstv\u00ed bylo nalezi\u0161t\u011b prvn\u00ed t\u00e9m\u011b\u0159 kompletn\u011b zachoval\u00e9 kostry mamuta v N\u011bmecku. Tento fosiln\u00ed n\u00e1lez je ulo\u017een v Muzeu p\u0159\u00edrodov\u011bdy v Berl\u00edn\u011b. Replika v\u011brn\u00e1 origin\u00e1lu je k vid\u011bn\u00ed v okresn\u00edm dom\u011b ve Forstu (Lu\u017eice). Na z\u00e1\u017eitkov\u00e9 stezce mohou n\u00e1v\u0161t\u011bvn\u00edci obdivovat repliky ob\u0159\u00edho jelena a nosoro\u017ece srstnat\u00e9ho ve skute\u010dn\u00e9 velikosti.<\/div>\n<div>Muzeum provozuje spolek \"Interessengemeinschaft Klinger See e.V.\". Mezi c\u00edle sdru\u017een\u00ed pat\u0159\u00ed:<\/div>\n<div>\n<ul>\n<li>Realizace koncepce n\u00e1vrhu ji\u017en\u00edho okraje vznikaj\u00edc\u00edho jezera Klinge v \u00fazk\u00e9 spolupr\u00e1ci se spolkem \"Heimatverein Klinge e.V.\".<\/li>\n<li>Projekt a provoz \"Eem deposit Klinge\" jako skanzenu \"Zeitsprung\".<\/li>\n<li>Podpora m\u011bkk\u00e9 turistiky na cyklostezce F\u00fcrst P\u00fcckler zde<\/li>\n<\/ul>\n<\/div>\n<h3>\u00a0Nab\u00eddky pro d\u011bti - S Kobim do muzea<a id=\"kinderangebot_zeitsprung\"><\/a><\/h3>\n<div>\n<p>Kobi - duch mal\u00e9ho domu - je v muzeu jako doma. Bydl\u00ed tam v ba\u010dkor\u00e1ch pod kamny. O p\u016flnoci odposlouch\u00e1v\u00e1 star\u00e9 muzejn\u00ed expon\u00e1ty, kdy\u017e si vypr\u00e1v\u011bj\u00ed p\u0159\u00edb\u011bhy z minulosti. Tyto vzru\u0161uj\u00edc\u00ed p\u0159\u00edb\u011bhy vypr\u00e1v\u00ed pracovn\u00edk\u016fm muzea, kte\u0159\u00ed je pak p\u0159ed\u00e1vaj\u00ed d\u011btem - p\u0159\u00edb\u011bhy ze star\u00fdch, d\u00e1vn\u00fdch \u010das\u016f.<\/p>\n<p>Kobi nab\u00edz\u00ed:<\/p>\n<h5>Zkamen\u011bliny zbl\u00edzka - zvl\u00e1\u0161tn\u00ed skok v \u010dase do tepl\u00e9ho obdob\u00ed eemian\u016f<\/h5>\n<div data-post-id='fossilien-hautnah' class='insert-page insert-page-fossilien-hautnah'>\t\t\t\t\t<p>Ve skanzenu je velmi zvl\u00e1\u0161tn\u00edm zp\u016fsobem zobrazen obr\u00e1zkov\u00fd sled vrstev z posledn\u00edch dvou dob ledov\u00fdch a z mezidob\u00ed eemsk\u00e9ho tepl\u00e9ho obdob\u00ed. Od roku 1891 proslavilo tuto oblast mnoho n\u00e1lez\u016f zkamen\u011blin \u017eivo\u010dich\u016f a rostlin. V pr\u016fchoz\u00ed archeologick\u00e9 pam\u00e1tce, na okru\u017en\u00ed stezce, na z\u00e1\u017eitkov\u00e9 stezce a v budov\u011b kopule m\u016f\u017eete na vlastn\u00ed k\u016f\u017ei za\u017e\u00edt historii a p\u0159en\u00e9st se do doby p\u0159ed 128 000-115 000 lety, do obdob\u00ed eemsk\u00e9ho tepl\u00e9ho obdob\u00ed. M\u016f\u017eete si prohl\u00e9dnout mnoho informa\u010dn\u00edch tabul\u00ed a ve \"Fossiliu\" - na\u0161\u00ed vykop\u00e1vkov\u00e9 d\u00edln\u011b - m\u016f\u017eete pod veden\u00edm instruktor\u016f hledat zkamen\u011bliny. Stejn\u011b jako skute\u010dn\u00ed geologov\u00e9 jsou v\u0161echny n\u00e1lezy nalepeny, identifikov\u00e1ny a ozna\u010deny ve zpr\u00e1v\u011b o vykop\u00e1vk\u00e1ch.<\/p>\n<p>Dal\u0161\u00ed informace o nab\u00eddce:<br \/>\nPo prohl\u00eddce skanzenu n\u00e1sleduje pr\u00e1ce ve \"Fossiliu\". V z\u00e1vislosti na velikosti t\u0159\u00eddy lze pracovat ve dvou a\u017e t\u0159ech skupin\u00e1ch, viz \"Dopl\u0148kov\u00e9 nab\u00eddky\" (doba trv\u00e1n\u00ed cca 2 hod.).<\/p>\n<p>Program prob\u00edh\u00e1 venku a je ur\u010den pro \u017e\u00e1ky 5. a\u017e 12. t\u0159\u00edd.<br \/>\nTerm\u00edny: po dohod\u011b od b\u0159ezna do \u0159\u00edjna od 9 do 18 hodin.<br \/>\nP\u0159edb\u011b\u017en\u00e1 registrace: nejpozd\u011bji t\u00fdden p\u0159edem<br \/>\nVstupn\u00e9 na osobu: 2,00 \u20ac<\/p>\n<p>Dopl\u0148kov\u00e9 nab\u00eddky:<br \/>\nV z\u00e1vislosti na \u00farovni t\u0159\u00eddy skl\u00e1d\u00e1n\u00ed puzzle, odl\u00e9v\u00e1n\u00ed a malov\u00e1n\u00ed zkamen\u011blin, informace o vzniku hn\u011bd\u00e9ho uhl\u00ed.<\/p>\n<p><a title=\"Skanzen &quot;Zeitsprung&quot; Klinge \/ Muzeum p\u00f3d go\u0142ym njebjom &quot;Casowy skok&quot; Klinka\" href=\"\/museen\/freilichtmuseum-zeitsprung-klinge\/\">Skanzen \"Zeitsprung\" Klinge<\/a><\/p>\n\t\t\t\t\t<\/div>\n<h3><\/h3>\n<p>&nbsp;<\/p>\n<h3>Galerie<a id=\"galerie_zeitsprung\"><\/a><\/h3>\n<div id=\"envira-gallery-wrap-162\" class=\"envira-gallery-wrap envira-gallery-theme-base envira-lightbox-theme-base\" itemscope itemtype=\"https:\/\/schema.org\/ImageGallery\"><div data-row-height=\"\" data-gallery-theme=\"\" id=\"envira-gallery-162\" class=\"envira-gallery-public  envira-gallery-3-columns envira-clear enviratope envira-gallery-css-animations\" data-envira-columns=\"3\"><div id=\"envira-gallery-item-1401\" class=\"envira-gallery-item enviratope-item envira-gallery-item-1\" style=\"padding-left: 5px; padding-bottom: 10px; padding-right: 5px;\"  itemscope itemtype=\"https:\/\/schema.org\/ImageObject\"><div class=\"envira-gallery-item-inner\"><div class=\"envira-gallery-position-overlay  envira-gallery-top-left\"><\/div><div class=\"envira-gallery-position-overlay  envira-gallery-top-right\"><\/div><div class=\"envira-gallery-position-overlay  envira-gallery-bottom-left\"><\/div><div class=\"envira-gallery-position-overlay  envira-gallery-bottom-right\"><\/div><a href=\"https:\/\/www.lausitzer-museenland.de\/wp-content\/uploads\/2014\/11\/140.jpg\" class=\"envira-gallery-162 envira-gallery-link\" rel=\"enviragallery162\" title=\"Skanzen &quot;Zeitsprung&quot; Klinge\" data-envira-caption=\"Freilichtmuseum &amp;quot;Zeitsprung&amp;quot; Klinge\" data-envira-retina=\"\" data-thumbnail=\"\"  itemprop=\"contentUrl\"><div class=\"envira-lazy\" data-test-width=\"960\" data-test-height=\"300\" style=\"padding-bottom:31.25%;\"><img id=\"envira-gallery-image-1401\" class=\"envira-gallery-image envira-gallery-image-1\" data-envira-index=\"1\" src=\"https:\/\/www.lausitzer-museenland.de\/wp-content\/uploads\/2014\/11\/140.jpg\" data-envira-src=\"https:\/\/www.lausitzer-museenland.de\/wp-content\/uploads\/2014\/11\/140.jpg\" data-envira-gallery-id=\"162\" data-envira-item-id=\"1401\" data-envira-caption=\"Freilichtmuseum &amp;quot;Zeitsprung&amp;quot; Klinge\" alt=\"\" title=\"Skanzen &quot;Zeitsprung&quot; Klinge\"  itemprop=\"thumbnailUrl\" data-envira-srcset=\"https:\/\/www.lausitzer-museenland.de\/wp-content\/uploads\/2014\/11\/140.jpg 400w,https:\/\/www.lausitzer-museenland.de\/wp-content\/uploads\/2014\/11\/140.jpg 2x\" srcset=\"data:image\/gif;base64,R0lGODlhAQABAIAAAP\/\/\/\/\/\/\/yH5BAEKAAEALAAAAAABAAEAAAICTAEAOw==\" \/><\/div><\/a><\/div><\/div><div id=\"envira-gallery-item-1402\" class=\"envira-gallery-item enviratope-item envira-gallery-item-2\" style=\"padding-left: 5px; padding-bottom: 10px; padding-right: 5px;\"  itemscope itemtype=\"https:\/\/schema.org\/ImageObject\"><div class=\"envira-gallery-item-inner\"><div class=\"envira-gallery-position-overlay  envira-gallery-top-left\"><\/div><div class=\"envira-gallery-position-overlay  envira-gallery-top-right\"><\/div><div class=\"envira-gallery-position-overlay  envira-gallery-bottom-left\"><\/div><div class=\"envira-gallery-position-overlay  envira-gallery-bottom-right\"><\/div><a href=\"https:\/\/www.lausitzer-museenland.de\/wp-content\/uploads\/2014\/11\/27.jpg\" class=\"envira-gallery-162 envira-gallery-link\" rel=\"enviragallery162\" title=\"Mamut z Blade\" data-envira-caption=\"Mammut von Klinge\" data-envira-retina=\"\" data-thumbnail=\"\"  itemprop=\"contentUrl\"><div class=\"envira-lazy\" data-test-width=\"960\" data-test-height=\"300\" style=\"padding-bottom:31.25%;\"><img id=\"envira-gallery-image-1402\" class=\"envira-gallery-image envira-gallery-image-2\" data-envira-index=\"2\" src=\"https:\/\/www.lausitzer-museenland.de\/wp-content\/uploads\/2014\/11\/27.jpg\" data-envira-src=\"https:\/\/www.lausitzer-museenland.de\/wp-content\/uploads\/2014\/11\/27.jpg\" data-envira-gallery-id=\"162\" data-envira-item-id=\"1402\" data-envira-caption=\"Mammut von Klinge\" alt=\"\" title=\"Mamut z Blade\"  itemprop=\"thumbnailUrl\" data-envira-srcset=\"https:\/\/www.lausitzer-museenland.de\/wp-content\/uploads\/2014\/11\/27.jpg 400w,https:\/\/www.lausitzer-museenland.de\/wp-content\/uploads\/2014\/11\/27.jpg 2x\" srcset=\"data:image\/gif;base64,R0lGODlhAQABAIAAAP\/\/\/\/\/\/\/yH5BAEKAAEALAAAAAABAAEAAAICTAEAOw==\" \/><\/div><\/a><\/div><\/div><div id=\"envira-gallery-item-1403\" class=\"envira-gallery-item enviratope-item envira-gallery-item-3\" style=\"padding-left: 5px; padding-bottom: 10px; padding-right: 5px;\"  itemscope itemtype=\"https:\/\/schema.org\/ImageObject\"><div class=\"envira-gallery-item-inner\"><div class=\"envira-gallery-position-overlay  envira-gallery-top-left\"><\/div><div class=\"envira-gallery-position-overlay  envira-gallery-top-right\"><\/div><div class=\"envira-gallery-position-overlay  envira-gallery-bottom-left\"><\/div><div class=\"envira-gallery-position-overlay  envira-gallery-bottom-right\"><\/div><a href=\"https:\/\/www.lausitzer-museenland.de\/wp-content\/uploads\/2014\/11\/35.jpg\" class=\"envira-gallery-162 envira-gallery-link\" rel=\"enviragallery162\" title=\"Skanzen &quot;Zeitsprung&quot; Klinge\" data-envira-caption=\"Freilichtmuseum &amp;quot;Zeitsprung&amp;quot; Klinge\" data-envira-retina=\"\" data-thumbnail=\"\"  itemprop=\"contentUrl\"><div class=\"envira-lazy\" data-test-width=\"960\" data-test-height=\"300\" style=\"padding-bottom:31.25%;\"><img id=\"envira-gallery-image-1403\" class=\"envira-gallery-image envira-gallery-image-3\" data-envira-index=\"3\" src=\"https:\/\/www.lausitzer-museenland.de\/wp-content\/uploads\/2014\/11\/35.jpg\" data-envira-src=\"https:\/\/www.lausitzer-museenland.de\/wp-content\/uploads\/2014\/11\/35.jpg\" data-envira-gallery-id=\"162\" data-envira-item-id=\"1403\" data-envira-caption=\"Freilichtmuseum &amp;quot;Zeitsprung&amp;quot; Klinge\" alt=\"\" title=\"Skanzen &quot;Zeitsprung&quot; Klinge\"  itemprop=\"thumbnailUrl\" data-envira-srcset=\"https:\/\/www.lausitzer-museenland.de\/wp-content\/uploads\/2014\/11\/35.jpg 400w,https:\/\/www.lausitzer-museenland.de\/wp-content\/uploads\/2014\/11\/35.jpg 2x\" srcset=\"data:image\/gif;base64,R0lGODlhAQABAIAAAP\/\/\/\/\/\/\/yH5BAEKAAEALAAAAAABAAEAAAICTAEAOw==\" \/><\/div><\/a><\/div><\/div><div id=\"envira-gallery-item-1404\" class=\"envira-gallery-item enviratope-item envira-gallery-item-4\" style=\"padding-left: 5px; padding-bottom: 10px; padding-right: 5px;\"  itemscope itemtype=\"https:\/\/schema.org\/ImageObject\"><div class=\"envira-gallery-item-inner\"><div class=\"envira-gallery-position-overlay  envira-gallery-top-left\"><\/div><div class=\"envira-gallery-position-overlay  envira-gallery-top-right\"><\/div><div class=\"envira-gallery-position-overlay  envira-gallery-bottom-left\"><\/div><div class=\"envira-gallery-position-overlay  envira-gallery-bottom-right\"><\/div><a href=\"https:\/\/www.lausitzer-museenland.de\/wp-content\/uploads\/2014\/11\/44.jpg\" class=\"envira-gallery-162 envira-gallery-link\" rel=\"enviragallery162\" title=\"Skanzen &quot;Zeitsprung&quot; Klinge\" data-envira-caption=\"Freilichtmuseum &amp;quot;Zeitsprung&amp;quot; Klinge\" data-envira-retina=\"\" data-thumbnail=\"\"  itemprop=\"contentUrl\"><div class=\"envira-lazy\" data-test-width=\"960\" data-test-height=\"300\" style=\"padding-bottom:31.25%;\"><img id=\"envira-gallery-image-1404\" class=\"envira-gallery-image envira-gallery-image-4\" data-envira-index=\"4\" src=\"https:\/\/www.lausitzer-museenland.de\/wp-content\/uploads\/2014\/11\/44.jpg\" data-envira-src=\"https:\/\/www.lausitzer-museenland.de\/wp-content\/uploads\/2014\/11\/44.jpg\" data-envira-gallery-id=\"162\" data-envira-item-id=\"1404\" data-envira-caption=\"Freilichtmuseum &amp;quot;Zeitsprung&amp;quot; Klinge\" alt=\"\" title=\"Skanzen &quot;Zeitsprung&quot; Klinge\"  itemprop=\"thumbnailUrl\" data-envira-srcset=\"https:\/\/www.lausitzer-museenland.de\/wp-content\/uploads\/2014\/11\/44.jpg 400w,https:\/\/www.lausitzer-museenland.de\/wp-content\/uploads\/2014\/11\/44.jpg 2x\" srcset=\"data:image\/gif;base64,R0lGODlhAQABAIAAAP\/\/\/\/\/\/\/yH5BAEKAAEALAAAAAABAAEAAAICTAEAOw==\" \/><\/div><\/a><\/div><\/div><div id=\"envira-gallery-item-1405\" class=\"envira-gallery-item enviratope-item envira-gallery-item-5\" style=\"padding-left: 5px; padding-bottom: 10px; padding-right: 5px;\"  itemscope itemtype=\"https:\/\/schema.org\/ImageObject\"><div class=\"envira-gallery-item-inner\"><div class=\"envira-gallery-position-overlay  envira-gallery-top-left\"><\/div><div class=\"envira-gallery-position-overlay  envira-gallery-top-right\"><\/div><div class=\"envira-gallery-position-overlay  envira-gallery-bottom-left\"><\/div><div class=\"envira-gallery-position-overlay  envira-gallery-bottom-right\"><\/div><a href=\"https:\/\/www.lausitzer-museenland.de\/wp-content\/uploads\/2014\/11\/53.jpg\" class=\"envira-gallery-162 envira-gallery-link\" rel=\"enviragallery162\" title=\"Skanzen &quot;Zeitsprung&quot; Klinge\" data-envira-caption=\"Freilichtmuseum &amp;quot;Zeitsprung&amp;quot; Klinge\" data-envira-retina=\"\" data-thumbnail=\"\"  itemprop=\"contentUrl\"><div class=\"envira-lazy\" data-test-width=\"960\" data-test-height=\"300\" style=\"padding-bottom:31.25%;\"><img id=\"envira-gallery-image-1405\" class=\"envira-gallery-image envira-gallery-image-5\" data-envira-index=\"5\" src=\"https:\/\/www.lausitzer-museenland.de\/wp-content\/uploads\/2014\/11\/53.jpg\" data-envira-src=\"https:\/\/www.lausitzer-museenland.de\/wp-content\/uploads\/2014\/11\/53.jpg\" data-envira-gallery-id=\"162\" data-envira-item-id=\"1405\" data-envira-caption=\"Freilichtmuseum &amp;quot;Zeitsprung&amp;quot; Klinge\" alt=\"\" title=\"Skanzen &quot;Zeitsprung&quot; Klinge\"  itemprop=\"thumbnailUrl\" data-envira-srcset=\"https:\/\/www.lausitzer-museenland.de\/wp-content\/uploads\/2014\/11\/53.jpg 400w,https:\/\/www.lausitzer-museenland.de\/wp-content\/uploads\/2014\/11\/53.jpg 2x\" srcset=\"data:image\/gif;base64,R0lGODlhAQABAIAAAP\/\/\/\/\/\/\/yH5BAEKAAEALAAAAAABAAEAAAICTAEAOw==\" \/><\/div><\/a><\/div><\/div><div id=\"envira-gallery-item-1406\" class=\"envira-gallery-item enviratope-item envira-gallery-item-6\" style=\"padding-left: 5px; padding-bottom: 10px; padding-right: 5px;\"  itemscope itemtype=\"https:\/\/schema.org\/ImageObject\"><div class=\"envira-gallery-item-inner\"><div class=\"envira-gallery-position-overlay  envira-gallery-top-left\"><\/div><div class=\"envira-gallery-position-overlay  envira-gallery-top-right\"><\/div><div class=\"envira-gallery-position-overlay  envira-gallery-bottom-left\"><\/div><div class=\"envira-gallery-position-overlay  envira-gallery-bottom-right\"><\/div><a href=\"https:\/\/www.lausitzer-museenland.de\/wp-content\/uploads\/2014\/11\/61.jpg\" class=\"envira-gallery-162 envira-gallery-link\" rel=\"enviragallery162\" title=\"Skanzen &quot;Zeitsprung&quot; Klinge\" data-envira-caption=\"Freilichtmuseum &amp;quot;Zeitsprung&amp;quot; Klinge\" data-envira-retina=\"\" data-thumbnail=\"\"  itemprop=\"contentUrl\"><div class=\"envira-lazy\" data-test-width=\"960\" data-test-height=\"300\" style=\"padding-bottom:31.25%;\"><img id=\"envira-gallery-image-1406\" class=\"envira-gallery-image envira-gallery-image-6\" data-envira-index=\"6\" src=\"https:\/\/www.lausitzer-museenland.de\/wp-content\/uploads\/2014\/11\/61.jpg\" data-envira-src=\"https:\/\/www.lausitzer-museenland.de\/wp-content\/uploads\/2014\/11\/61.jpg\" data-envira-gallery-id=\"162\" data-envira-item-id=\"1406\" data-envira-caption=\"Freilichtmuseum &amp;quot;Zeitsprung&amp;quot; Klinge\" alt=\"\" title=\"Skanzen &quot;Zeitsprung&quot; Klinge\"  itemprop=\"thumbnailUrl\" data-envira-srcset=\"https:\/\/www.lausitzer-museenland.de\/wp-content\/uploads\/2014\/11\/61.jpg 400w,https:\/\/www.lausitzer-museenland.de\/wp-content\/uploads\/2014\/11\/61.jpg 2x\" srcset=\"data:image\/gif;base64,R0lGODlhAQABAIAAAP\/\/\/\/\/\/\/yH5BAEKAAEALAAAAAABAAEAAAICTAEAOw==\" \/><\/div><\/a><\/div><\/div><div id=\"envira-gallery-item-1407\" class=\"envira-gallery-item enviratope-item envira-gallery-item-7\" style=\"padding-left: 5px; padding-bottom: 10px; padding-right: 5px;\"  itemscope itemtype=\"https:\/\/schema.org\/ImageObject\"><div class=\"envira-gallery-item-inner\"><div class=\"envira-gallery-position-overlay  envira-gallery-top-left\"><\/div><div class=\"envira-gallery-position-overlay  envira-gallery-top-right\"><\/div><div class=\"envira-gallery-position-overlay  envira-gallery-bottom-left\"><\/div><div class=\"envira-gallery-position-overlay  envira-gallery-bottom-right\"><\/div><a href=\"https:\/\/www.lausitzer-museenland.de\/wp-content\/uploads\/2014\/11\/71.jpg\" class=\"envira-gallery-162 envira-gallery-link\" rel=\"enviragallery162\" title=\"Skanzen &quot;Zeitsprung&quot; Klinge\" data-envira-caption=\"Freilichtmuseum &amp;quot;Zeitsprung&amp;quot; Klinge\" data-envira-retina=\"\" data-thumbnail=\"\"  itemprop=\"contentUrl\"><div class=\"envira-lazy\" data-test-width=\"960\" data-test-height=\"300\" style=\"padding-bottom:31.25%;\"><img id=\"envira-gallery-image-1407\" class=\"envira-gallery-image envira-gallery-image-7\" data-envira-index=\"7\" src=\"https:\/\/www.lausitzer-museenland.de\/wp-content\/uploads\/2014\/11\/71.jpg\" data-envira-src=\"https:\/\/www.lausitzer-museenland.de\/wp-content\/uploads\/2014\/11\/71.jpg\" data-envira-gallery-id=\"162\" data-envira-item-id=\"1407\" data-envira-caption=\"Freilichtmuseum &amp;quot;Zeitsprung&amp;quot; Klinge\" alt=\"\" title=\"Skanzen &quot;Zeitsprung&quot; Klinge\"  itemprop=\"thumbnailUrl\" data-envira-srcset=\"https:\/\/www.lausitzer-museenland.de\/wp-content\/uploads\/2014\/11\/71.jpg 400w,https:\/\/www.lausitzer-museenland.de\/wp-content\/uploads\/2014\/11\/71.jpg 2x\" srcset=\"data:image\/gif;base64,R0lGODlhAQABAIAAAP\/\/\/\/\/\/\/yH5BAEKAAEALAAAAAABAAEAAAICTAEAOw==\" \/><\/div><\/a><\/div><\/div><div id=\"envira-gallery-item-1408\" class=\"envira-gallery-item enviratope-item envira-gallery-item-8\" style=\"padding-left: 5px; padding-bottom: 10px; padding-right: 5px;\"  itemscope itemtype=\"https:\/\/schema.org\/ImageObject\"><div class=\"envira-gallery-item-inner\"><div class=\"envira-gallery-position-overlay  envira-gallery-top-left\"><\/div><div class=\"envira-gallery-position-overlay  envira-gallery-top-right\"><\/div><div class=\"envira-gallery-position-overlay  envira-gallery-bottom-left\"><\/div><div class=\"envira-gallery-position-overlay  envira-gallery-bottom-right\"><\/div><a href=\"https:\/\/www.lausitzer-museenland.de\/wp-content\/uploads\/2014\/11\/8.jpg\" class=\"envira-gallery-162 envira-gallery-link\" rel=\"enviragallery162\" title=\"Skanzen &quot;Zeitsprung&quot; Klinge\" data-envira-caption=\"Freilichtmuseum &amp;quot;Zeitsprung&amp;quot; Klinge\" data-envira-retina=\"\" data-thumbnail=\"\"  itemprop=\"contentUrl\"><div class=\"envira-lazy\" data-test-width=\"960\" data-test-height=\"300\" style=\"padding-bottom:31.25%;\"><img id=\"envira-gallery-image-1408\" class=\"envira-gallery-image envira-gallery-image-8\" data-envira-index=\"8\" src=\"https:\/\/www.lausitzer-museenland.de\/wp-content\/uploads\/2014\/11\/8.jpg\" data-envira-src=\"https:\/\/www.lausitzer-museenland.de\/wp-content\/uploads\/2014\/11\/8.jpg\" data-envira-gallery-id=\"162\" data-envira-item-id=\"1408\" data-envira-caption=\"Freilichtmuseum &amp;quot;Zeitsprung&amp;quot; Klinge\" alt=\"\" title=\"Skanzen &quot;Zeitsprung&quot; Klinge\"  itemprop=\"thumbnailUrl\" data-envira-srcset=\"https:\/\/www.lausitzer-museenland.de\/wp-content\/uploads\/2014\/11\/8.jpg 400w,https:\/\/www.lausitzer-museenland.de\/wp-content\/uploads\/2014\/11\/8.jpg 2x\" srcset=\"data:image\/gif;base64,R0lGODlhAQABAIAAAP\/\/\/\/\/\/\/yH5BAEKAAEALAAAAAABAAEAAAICTAEAOw==\" \/><\/div><\/a><\/div><\/div><\/div><\/div><noscript><img src=\"https:\/\/www.lausitzer-museenland.de\/wp-content\/uploads\/2014\/11\/140.jpg\" alt=\"\" \/><img src=\"https:\/\/www.lausitzer-museenland.de\/wp-content\/uploads\/2014\/11\/27.jpg\" alt=\"\" \/><img src=\"https:\/\/www.lausitzer-museenland.de\/wp-content\/uploads\/2014\/11\/35.jpg\" alt=\"\" \/><img src=\"https:\/\/www.lausitzer-museenland.de\/wp-content\/uploads\/2014\/11\/44.jpg\" alt=\"\" \/><img src=\"https:\/\/www.lausitzer-museenland.de\/wp-content\/uploads\/2014\/11\/53.jpg\" alt=\"\" \/><img src=\"https:\/\/www.lausitzer-museenland.de\/wp-content\/uploads\/2014\/11\/61.jpg\" alt=\"\" \/><img src=\"https:\/\/www.lausitzer-museenland.de\/wp-content\/uploads\/2014\/11\/71.jpg\" alt=\"\" \/><img src=\"https:\/\/www.lausitzer-museenland.de\/wp-content\/uploads\/2014\/11\/8.jpg\" alt=\"\" \/><\/noscript>\n<\/div>","protected":false},"excerpt":{"rendered":"<p>Galerie | Nab\u00eddky pro d\u011bti P\u0159\u00edrodov\u011bdn\u00e1 expozice a geologick\u00fd odkryv Zem\u011bpisn\u00e1 poloha V bl\u00edzkosti Klinge, 12 km v\u00fdchodn\u011b od Cottbusu, prov\u00e1d\u00ed Muzeum p\u0159\u00edrody a \u017eivotn\u00edho prost\u0159ed\u00ed v Cottbusu od roku 1985 geologicko-paleontologick\u00e9 vykop\u00e1vky v eemsko-tepl\u00fdch pleistocenn\u00edch jezern\u00edch usazenin\u00e1ch. Odkali\u0161t\u011b se nach\u00e1z\u00ed mezi b\u00fdvalou hlini\u0161t\u011bm a ji\u017en\u00edm svahem povrchov\u00e9ho dolu J\u00e4nschwalde. Ve v\u00fd\u0161ce 2-3 m,<\/p>","protected":false},"author":13,"featured_media":0,"parent":113,"menu_order":0,"comment_status":"closed","ping_status":"closed","template":"","meta":[],"_links":{"self":[{"href":"https:\/\/www.lausitzer-museenland.de\/cs\/wp-json\/wp\/v2\/pages\/162"}],"collection":[{"href":"https:\/\/www.lausitzer-museenland.de\/cs\/wp-json\/wp\/v2\/pages"}],"about":[{"href":"https:\/\/www.lausitzer-museenland.de\/cs\/wp-json\/wp\/v2\/types\/page"}],"author":[{"embeddable":true,"href":"https:\/\/www.lausitzer-museenland.de\/cs\/wp-json\/wp\/v2\/users\/13"}],"replies":[{"embeddable":true,"href":"https:\/\/www.lausitzer-museenland.de\/cs\/wp-json\/wp\/v2\/comments?post=162"}],"version-history":[{"count":15,"href":"https:\/\/www.lausitzer-museenland.de\/cs\/wp-json\/wp\/v2\/pages\/162\/revisions"}],"predecessor-version":[{"id":53903,"href":"https:\/\/www.lausitzer-museenland.de\/cs\/wp-json\/wp\/v2\/pages\/162\/revisions\/53903"}],"up":[{"embeddable":true,"href":"https:\/\/www.lausitzer-museenland.de\/cs\/wp-json\/wp\/v2\/pages\/113"}],"wp:attachment":[{"href":"https:\/\/www.lausitzer-museenland.de\/cs\/wp-json\/wp\/v2\/media?parent=162"}],"curies":[{"name":"wp","href":"https:\/\/api.w.org\/{rel}","templated":true}]}}