{"id":177,"date":"2014-11-05T17:31:11","date_gmt":"2014-11-05T16:31:11","guid":{"rendered":"http:\/\/lausitzer-museenland.de\/?page_id=177"},"modified":"2022-05-31T07:37:32","modified_gmt":"2022-05-31T05:37:32","slug":"heimatmuseum-kolasko-drachhausen","status":"publish","type":"page","link":"https:\/\/www.lausitzer-museenland.de\/cs\/muzea\/heimatmuseum-kolasko-drachhausen\/","title":{"rendered":"Muzeum m\u00edstn\u00ed historie \"K\u00f3lasko\" Drachhausen \/ Domowniski muzej \"K\u00f3lasko\" Hochoza"},"content":{"rendered":"<p><a href=\"#galerie_kolasko\">Galerie<\/a> |\u00a0<a href=\"#austellungen_kolasko\">V\u00fdstavy<\/a>\u00a0| \u00a0<a href=\"#kinderangebot_kolasko\">Nab\u00eddky pro d\u011bti<\/a><a href=\"#kinderangebot_atz\"><img loading=\"lazy\" class=\"enigma_img_responsive alignnone wp-image-1257\" src=\"https:\/\/www.lausitzer-museenland.de\/wp-content\/uploads\/2014\/11\/113.jpg\" alt=\"1\" width=\"800\" height=\"398\" srcset=\"https:\/\/www.lausitzer-museenland.de\/wp-content\/uploads\/2014\/11\/113.jpg 402w, https:\/\/www.lausitzer-museenland.de\/wp-content\/uploads\/2014\/11\/113-300x149.jpg 300w, https:\/\/www.lausitzer-museenland.de\/wp-content\/uploads\/2014\/11\/113-100x49.jpg 100w, https:\/\/www.lausitzer-museenland.de\/wp-content\/uploads\/2014\/11\/113-150x74.jpg 150w, https:\/\/www.lausitzer-museenland.de\/wp-content\/uploads\/2014\/11\/113-200x99.jpg 200w\" sizes=\"(max-width: 800px) 100vw, 800px\" \/><\/a><\/p>\n\n<p><strong>Heimatstube - od dra\u010d\u00ed s\u00e1gy po spinningovou m\u00edstnost<\/strong><\/p>\n<h3>Situace budovy \/ pozemku<\/h3>\n<div>T\u0159i s l\u00e1skou za\u0159\u00edzen\u00e9 v\u00fdstavn\u00ed m\u00edstnosti se nach\u00e1zej\u00ed v kulturn\u00edm centru obce Drachhausen, v b\u00fdval\u00e9m hostinci.<\/div>\n<h3>Charakteristika<\/h3>\n<div>V mal\u00e9m objektu jsou um\u00edst\u011bny expon\u00e1ty o \u017eivot\u011b venkovsk\u00e9ho obyvatelstva, zejm\u00e9na o tradici zpracov\u00e1n\u00ed lnu z oblasti kolem Drachhausenu.<\/div>\n<div>\"K\u00f3lasko\" znamen\u00e1 v n\u011bm\u010din\u011b \"kolovr\u00e1tek\". Jedn\u00e1 se o jeden z n\u00e1stroj\u016f pou\u017e\u00edvan\u00fdch k v\u00fdrob\u011b pl\u00e1tna. Za star\u00fdch \u010das\u016f se \u017eeny z vesnice sch\u00e1zely ve \"spinte\", aby spole\u010dn\u011b pracovaly na kolovr\u00e1tku. B\u011bhem t\u011bchto zimn\u00edch ve\u010der\u016f se tak\u00e9 odehr\u00e1lo mnoho p\u0159\u00edb\u011bh\u016f. Legenda o drakovi, kter\u00fd \u017eil v t\u00e9to oblasti, byla v\u017edy st\u0159edem historie vesnice.<\/div>\n<h3>Speci\u00e1ln\u00ed v\u00fdstavy \/ doprovodn\u00e9 nab\u00eddky<a id=\"austellungen_kolasko\"><\/a><\/h3>\n<div>V sou\u010dasn\u00e9 dob\u011b se nepl\u00e1nuj\u00ed.<\/div>\n<div>\n<ul>\n<li>Ka\u017edoro\u010dn\u00ed \u00fa\u010dast na Muzejn\u00ed noci ve \u010dtvrti Spree-Nisa<\/li>\n<\/ul>\n<\/div>\n<h3>Nab\u00eddky pro d\u011bti - S Kobim do muzea<a id=\"kinderangebot_kolasko\"><\/a><\/h3>\n<p>Kobi - duch mal\u00e9ho domu - je v muzeu jako doma. Bydl\u00ed tam v ba\u010dkor\u00e1ch pod kamny. O p\u016flnoci odposlouch\u00e1v\u00e1 star\u00e9 muzejn\u00ed expon\u00e1ty, kdy\u017e si vypr\u00e1v\u011bj\u00ed p\u0159\u00edb\u011bhy z minulosti. Tyto vzru\u0161uj\u00edc\u00ed p\u0159\u00edb\u011bhy vypr\u00e1v\u00ed pracovn\u00edk\u016fm muzea, kte\u0159\u00ed je pak p\u0159ed\u00e1vaj\u00ed d\u011btem - p\u0159\u00edb\u011bhy ze star\u00fdch, d\u00e1vn\u00fdch \u010das\u016f.<\/p>\n<p>Kobi nab\u00edz\u00ed:<\/p>\n<div>\n<h5>Len a pl\u00e1tno<\/h5>\n<div data-post-id='flachs-und-leinen' class='insert-page insert-page-flachs-und-leinen'>\t\t\t\t\t<p>V mal\u00e9m objektu jsou um\u00edst\u011bny expon\u00e1ty o \u017eivot\u011b venkovsk\u00e9ho obyvatelstva, zejm\u00e9na o tradici zpracov\u00e1n\u00ed lnu z oblasti kolem Drachhausenu. \"K\u00f3lasko\" znamen\u00e1 v n\u011bm\u010din\u011b \"kolovr\u00e1tek\". Jedn\u00e1 se o jeden z n\u00e1stroj\u016f pou\u017e\u00edvan\u00fdch p\u0159i v\u00fdrob\u011b lnu. Za star\u00fdch \u010das\u016f se \u017eeny z vesnice sch\u00e1zely ve \"spinte\", aby spole\u010dn\u011b pracovaly na kolovr\u00e1tku. B\u011bhem t\u011bchto zimn\u00edch ve\u010der\u016f se tak\u00e9 odehr\u00e1lo mnoho p\u0159\u00edb\u011bh\u016f.<\/p>\n<p>Nab\u00eddka prob\u00edh\u00e1 v interi\u00e9ru a je ur\u010dena \u017e\u00e1k\u016fm 1. a\u017e 10. t\u0159\u00eddy.<br \/>\nJmenov\u00e1n\u00ed: Pond\u011bl\u00ed a\u017e p\u00e1tek od 9:00 do 12:00 po dohod\u011b<br \/>\nP\u0159edb\u011b\u017en\u00e1 registrace: nejpozd\u011bji 1 t\u00fdden p\u0159edem<br \/>\nDoba trv\u00e1n\u00ed: p\u0159ibli\u017en\u011b 1 hodina<\/p>\n<p><a title=\"Muzeum m\u00edstn\u00ed historie &quot;K\u00f3lasko&quot; Drachhausen \/ Domowniski muzej &quot;K\u00f3lasko&quot; Hochoza\" href=\"\/museen\/heimatmuseum-kolasko-drachhausen\/\">Muzeum m\u00edstn\u00ed historie \"K\u00f3lasko\" Drachhausen<\/a><\/p>\n\t\t\t\t\t<\/div>\n<h3><\/h3>\n<p>&nbsp;<\/p>\n<h3>Galerie<a id=\"galerie_kolasko\"><\/a><\/h3>\n<div id=\"envira-gallery-wrap-177\" class=\"envira-gallery-wrap envira-gallery-theme-base envira-lightbox-theme-base\" itemscope itemtype=\"https:\/\/schema.org\/ImageGallery\"><div data-row-height=\"\" data-gallery-theme=\"\" id=\"envira-gallery-177\" class=\"envira-gallery-public  envira-gallery-3-columns envira-clear enviratope envira-gallery-css-animations\" data-envira-columns=\"3\"><div id=\"envira-gallery-item-2649\" class=\"envira-gallery-item enviratope-item envira-gallery-item-1\" style=\"padding-left: 5px; padding-bottom: 10px; padding-right: 5px;\"  itemscope itemtype=\"https:\/\/schema.org\/ImageObject\"><div class=\"envira-gallery-item-inner\"><div class=\"envira-gallery-position-overlay  envira-gallery-top-left\"><\/div><div class=\"envira-gallery-position-overlay  envira-gallery-top-right\"><\/div><div class=\"envira-gallery-position-overlay  envira-gallery-bottom-left\"><\/div><div class=\"envira-gallery-position-overlay  envira-gallery-bottom-right\"><\/div><a href=\"https:\/\/www.lausitzer-museenland.de\/wp-content\/uploads\/2014\/11\/144.jpg\" class=\"envira-gallery-177 envira-gallery-link\" rel=\"enviragallery177\" title=\"Muzeum m\u00edstn\u00ed historie &quot;K\u00f3lasko&quot; Drachhausen\" data-envira-caption=\"Heimatmuseum &bdquo;K&oacute;lasko&ldquo; Drachhausen\" data-envira-retina=\"\" data-thumbnail=\"\"  itemprop=\"contentUrl\"><div class=\"envira-lazy\" data-test-width=\"960\" data-test-height=\"300\" style=\"padding-bottom:31.25%;\"><img id=\"envira-gallery-image-2649\" class=\"envira-gallery-image envira-gallery-image-1\" data-envira-index=\"1\" src=\"https:\/\/www.lausitzer-museenland.de\/wp-content\/uploads\/2014\/11\/144.jpg\" data-envira-src=\"https:\/\/www.lausitzer-museenland.de\/wp-content\/uploads\/2014\/11\/144.jpg\" data-envira-gallery-id=\"177\" data-envira-item-id=\"2649\" data-envira-caption=\"Heimatmuseum &bdquo;K&oacute;lasko&ldquo; Drachhausen\" alt=\"\" title=\"Vlastiv\u011bdn\u00e9 muzeum &quot;K\u00f3lasko&quot; Drachhausen\"  itemprop=\"thumbnailUrl\" data-envira-srcset=\"https:\/\/www.lausitzer-museenland.de\/wp-content\/uploads\/2014\/11\/144.jpg 400w,https:\/\/www.lausitzer-museenland.de\/wp-content\/uploads\/2014\/11\/144.jpg 2x\" srcset=\"data:image\/gif;base64,R0lGODlhAQABAIAAAP\/\/\/\/\/\/\/yH5BAEKAAEALAAAAAABAAEAAAICTAEAOw==\" \/><\/div><\/a><\/div><\/div><div id=\"envira-gallery-item-2650\" class=\"envira-gallery-item enviratope-item envira-gallery-item-2\" style=\"padding-left: 5px; padding-bottom: 10px; padding-right: 5px;\"  itemscope itemtype=\"https:\/\/schema.org\/ImageObject\"><div class=\"envira-gallery-item-inner\"><div class=\"envira-gallery-position-overlay  envira-gallery-top-left\"><\/div><div class=\"envira-gallery-position-overlay  envira-gallery-top-right\"><\/div><div class=\"envira-gallery-position-overlay  envira-gallery-bottom-left\"><\/div><div class=\"envira-gallery-position-overlay  envira-gallery-bottom-right\"><\/div><a href=\"https:\/\/www.lausitzer-museenland.de\/wp-content\/uploads\/2014\/11\/211.jpg\" class=\"envira-gallery-177 envira-gallery-link\" rel=\"enviragallery177\" title=\"Muzeum m\u00edstn\u00ed historie &quot;K\u00f3lasko&quot; Drachhausen\" data-envira-caption=\"Heimatmuseum &bdquo;K&oacute;lasko&ldquo; Drachhausen\" data-envira-retina=\"\" data-thumbnail=\"\"  itemprop=\"contentUrl\"><div class=\"envira-lazy\" data-test-width=\"960\" data-test-height=\"300\" style=\"padding-bottom:31.25%;\"><img id=\"envira-gallery-image-2650\" class=\"envira-gallery-image envira-gallery-image-2\" data-envira-index=\"2\" src=\"https:\/\/www.lausitzer-museenland.de\/wp-content\/uploads\/2014\/11\/211.jpg\" data-envira-src=\"https:\/\/www.lausitzer-museenland.de\/wp-content\/uploads\/2014\/11\/211.jpg\" data-envira-gallery-id=\"177\" data-envira-item-id=\"2650\" data-envira-caption=\"Heimatmuseum &bdquo;K&oacute;lasko&ldquo; Drachhausen\" alt=\"\" title=\"Vlastiv\u011bdn\u00e9 muzeum &quot;K\u00f3lasko&quot; Drachhausen\"  itemprop=\"thumbnailUrl\" data-envira-srcset=\"https:\/\/www.lausitzer-museenland.de\/wp-content\/uploads\/2014\/11\/211.jpg 400w,https:\/\/www.lausitzer-museenland.de\/wp-content\/uploads\/2014\/11\/211.jpg 2x\" srcset=\"data:image\/gif;base64,R0lGODlhAQABAIAAAP\/\/\/\/\/\/\/yH5BAEKAAEALAAAAAABAAEAAAICTAEAOw==\" \/><\/div><\/a><\/div><\/div><div id=\"envira-gallery-item-2651\" class=\"envira-gallery-item enviratope-item envira-gallery-item-3\" style=\"padding-left: 5px; padding-bottom: 10px; padding-right: 5px;\"  itemscope itemtype=\"https:\/\/schema.org\/ImageObject\"><div class=\"envira-gallery-item-inner\"><div class=\"envira-gallery-position-overlay  envira-gallery-top-left\"><\/div><div class=\"envira-gallery-position-overlay  envira-gallery-top-right\"><\/div><div class=\"envira-gallery-position-overlay  envira-gallery-bottom-left\"><\/div><div class=\"envira-gallery-position-overlay  envira-gallery-bottom-right\"><\/div><a href=\"https:\/\/www.lausitzer-museenland.de\/wp-content\/uploads\/2014\/11\/37.jpg\" class=\"envira-gallery-177 envira-gallery-link\" rel=\"enviragallery177\" title=\"Muzeum m\u00edstn\u00ed historie &quot;K\u00f3lasko&quot; Drachhausen\" data-envira-caption=\"Heimatmuseum &bdquo;K&oacute;lasko&ldquo; Drachhausen\" data-envira-retina=\"\" data-thumbnail=\"\"  itemprop=\"contentUrl\"><div class=\"envira-lazy\" data-test-width=\"960\" data-test-height=\"300\" style=\"padding-bottom:31.25%;\"><img id=\"envira-gallery-image-2651\" class=\"envira-gallery-image envira-gallery-image-3\" data-envira-index=\"3\" src=\"https:\/\/www.lausitzer-museenland.de\/wp-content\/uploads\/2014\/11\/37.jpg\" data-envira-src=\"https:\/\/www.lausitzer-museenland.de\/wp-content\/uploads\/2014\/11\/37.jpg\" data-envira-gallery-id=\"177\" data-envira-item-id=\"2651\" data-envira-caption=\"Heimatmuseum &bdquo;K&oacute;lasko&ldquo; Drachhausen\" alt=\"\" title=\"Vlastiv\u011bdn\u00e9 muzeum &quot;K\u00f3lasko&quot; Drachhausen\"  itemprop=\"thumbnailUrl\" data-envira-srcset=\"https:\/\/www.lausitzer-museenland.de\/wp-content\/uploads\/2014\/11\/37.jpg 400w,https:\/\/www.lausitzer-museenland.de\/wp-content\/uploads\/2014\/11\/37.jpg 2x\" srcset=\"data:image\/gif;base64,R0lGODlhAQABAIAAAP\/\/\/\/\/\/\/yH5BAEKAAEALAAAAAABAAEAAAICTAEAOw==\" \/><\/div><\/a><\/div><\/div><div id=\"envira-gallery-item-2652\" class=\"envira-gallery-item enviratope-item envira-gallery-item-4\" style=\"padding-left: 5px; padding-bottom: 10px; padding-right: 5px;\"  itemscope itemtype=\"https:\/\/schema.org\/ImageObject\"><div class=\"envira-gallery-item-inner\"><div class=\"envira-gallery-position-overlay  envira-gallery-top-left\"><\/div><div class=\"envira-gallery-position-overlay  envira-gallery-top-right\"><\/div><div class=\"envira-gallery-position-overlay  envira-gallery-bottom-left\"><\/div><div class=\"envira-gallery-position-overlay  envira-gallery-bottom-right\"><\/div><a href=\"https:\/\/www.lausitzer-museenland.de\/wp-content\/uploads\/2014\/11\/46.jpg\" class=\"envira-gallery-177 envira-gallery-link\" rel=\"enviragallery177\" title=\"Muzeum m\u00edstn\u00ed historie &quot;K\u00f3lasko&quot; Drachhausen\" data-envira-caption=\"Heimatmuseum &bdquo;K&oacute;lasko&ldquo; Drachhausen\" data-envira-retina=\"\" data-thumbnail=\"\"  itemprop=\"contentUrl\"><div class=\"envira-lazy\" data-test-width=\"960\" data-test-height=\"300\" style=\"padding-bottom:31.25%;\"><img id=\"envira-gallery-image-2652\" class=\"envira-gallery-image envira-gallery-image-4\" data-envira-index=\"4\" src=\"https:\/\/www.lausitzer-museenland.de\/wp-content\/uploads\/2014\/11\/46.jpg\" data-envira-src=\"https:\/\/www.lausitzer-museenland.de\/wp-content\/uploads\/2014\/11\/46.jpg\" data-envira-gallery-id=\"177\" data-envira-item-id=\"2652\" data-envira-caption=\"Heimatmuseum &bdquo;K&oacute;lasko&ldquo; Drachhausen\" alt=\"\" title=\"Vlastiv\u011bdn\u00e9 muzeum &quot;K\u00f3lasko&quot; Drachhausen\"  itemprop=\"thumbnailUrl\" data-envira-srcset=\"https:\/\/www.lausitzer-museenland.de\/wp-content\/uploads\/2014\/11\/46.jpg 400w,https:\/\/www.lausitzer-museenland.de\/wp-content\/uploads\/2014\/11\/46.jpg 2x\" srcset=\"data:image\/gif;base64,R0lGODlhAQABAIAAAP\/\/\/\/\/\/\/yH5BAEKAAEALAAAAAABAAEAAAICTAEAOw==\" \/><\/div><\/a><\/div><\/div><div id=\"envira-gallery-item-2653\" class=\"envira-gallery-item enviratope-item envira-gallery-item-5\" style=\"padding-left: 5px; padding-bottom: 10px; padding-right: 5px;\"  itemscope itemtype=\"https:\/\/schema.org\/ImageObject\"><div class=\"envira-gallery-item-inner\"><div class=\"envira-gallery-position-overlay  envira-gallery-top-left\"><\/div><div class=\"envira-gallery-position-overlay  envira-gallery-top-right\"><\/div><div class=\"envira-gallery-position-overlay  envira-gallery-bottom-left\"><\/div><div class=\"envira-gallery-position-overlay  envira-gallery-bottom-right\"><\/div><a href=\"https:\/\/www.lausitzer-museenland.de\/wp-content\/uploads\/2014\/11\/55.jpg\" class=\"envira-gallery-177 envira-gallery-link\" rel=\"enviragallery177\" title=\"Muzeum m\u00edstn\u00ed historie &quot;K\u00f3lasko&quot; Drachhausen\" data-envira-caption=\"Heimatmuseum &bdquo;K&oacute;lasko&ldquo; Drachhausen\" data-envira-retina=\"\" data-thumbnail=\"\"  itemprop=\"contentUrl\"><div class=\"envira-lazy\" data-test-width=\"960\" data-test-height=\"300\" style=\"padding-bottom:31.25%;\"><img id=\"envira-gallery-image-2653\" class=\"envira-gallery-image envira-gallery-image-5\" data-envira-index=\"5\" src=\"https:\/\/www.lausitzer-museenland.de\/wp-content\/uploads\/2014\/11\/55.jpg\" data-envira-src=\"https:\/\/www.lausitzer-museenland.de\/wp-content\/uploads\/2014\/11\/55.jpg\" data-envira-gallery-id=\"177\" data-envira-item-id=\"2653\" data-envira-caption=\"Heimatmuseum &bdquo;K&oacute;lasko&ldquo; Drachhausen\" alt=\"\" title=\"Vlastiv\u011bdn\u00e9 muzeum &quot;K\u00f3lasko&quot; Drachhausen\"  itemprop=\"thumbnailUrl\" data-envira-srcset=\"https:\/\/www.lausitzer-museenland.de\/wp-content\/uploads\/2014\/11\/55.jpg 400w,https:\/\/www.lausitzer-museenland.de\/wp-content\/uploads\/2014\/11\/55.jpg 2x\" srcset=\"data:image\/gif;base64,R0lGODlhAQABAIAAAP\/\/\/\/\/\/\/yH5BAEKAAEALAAAAAABAAEAAAICTAEAOw==\" \/><\/div><\/a><\/div><\/div><\/div><\/div><noscript><img src=\"https:\/\/www.lausitzer-museenland.de\/wp-content\/uploads\/2014\/11\/144.jpg\" alt=\"\" \/><img src=\"https:\/\/www.lausitzer-museenland.de\/wp-content\/uploads\/2014\/11\/211.jpg\" alt=\"\" \/><img src=\"https:\/\/www.lausitzer-museenland.de\/wp-content\/uploads\/2014\/11\/37.jpg\" alt=\"\" \/><img src=\"https:\/\/www.lausitzer-museenland.de\/wp-content\/uploads\/2014\/11\/46.jpg\" alt=\"\" \/><img src=\"https:\/\/www.lausitzer-museenland.de\/wp-content\/uploads\/2014\/11\/55.jpg\" alt=\"\" \/><\/noscript>\n<\/div>","protected":false},"excerpt":{"rendered":"<p>Galerie | V\u00fdstavy | Nab\u00eddka pro d\u011bti Heimatstube - von der Drachensage zur Spinnstube Situace v budov\u011b \/ na m\u00edst\u011b T\u0159i s l\u00e1skou za\u0159\u00edzen\u00e9 v\u00fdstavn\u00ed m\u00edstnosti se nach\u00e1zej\u00ed v kulturn\u00edm centru obce Drachhausen, b\u00fdval\u00e9m hostinci. Charakteristika V mal\u00e9m objektu jsou um\u00edst\u011bny expon\u00e1ty o \u017eivot\u011b venkovsk\u00e9ho obyvatelstva, zejm\u00e9na o tradici zpracov\u00e1n\u00ed lnu z oblasti kolem Drachhausenu. \"K\u00f3lasko\" znamen\u00e1 v n\u011bm\u010din\u011b<\/p>","protected":false},"author":13,"featured_media":0,"parent":113,"menu_order":0,"comment_status":"closed","ping_status":"closed","template":"","meta":[],"_links":{"self":[{"href":"https:\/\/www.lausitzer-museenland.de\/cs\/wp-json\/wp\/v2\/pages\/177"}],"collection":[{"href":"https:\/\/www.lausitzer-museenland.de\/cs\/wp-json\/wp\/v2\/pages"}],"about":[{"href":"https:\/\/www.lausitzer-museenland.de\/cs\/wp-json\/wp\/v2\/types\/page"}],"author":[{"embeddable":true,"href":"https:\/\/www.lausitzer-museenland.de\/cs\/wp-json\/wp\/v2\/users\/13"}],"replies":[{"embeddable":true,"href":"https:\/\/www.lausitzer-museenland.de\/cs\/wp-json\/wp\/v2\/comments?post=177"}],"version-history":[{"count":17,"href":"https:\/\/www.lausitzer-museenland.de\/cs\/wp-json\/wp\/v2\/pages\/177\/revisions"}],"predecessor-version":[{"id":53911,"href":"https:\/\/www.lausitzer-museenland.de\/cs\/wp-json\/wp\/v2\/pages\/177\/revisions\/53911"}],"up":[{"embeddable":true,"href":"https:\/\/www.lausitzer-museenland.de\/cs\/wp-json\/wp\/v2\/pages\/113"}],"wp:attachment":[{"href":"https:\/\/www.lausitzer-museenland.de\/cs\/wp-json\/wp\/v2\/media?parent=177"}],"curies":[{"name":"wp","href":"https:\/\/api.w.org\/{rel}","templated":true}]}}