{"id":182,"date":"2014-11-05T17:33:13","date_gmt":"2014-11-05T16:33:13","guid":{"rendered":"http:\/\/lausitzer-museenland.de\/?page_id=182"},"modified":"2022-05-31T07:38:03","modified_gmt":"2022-05-31T05:38:03","slug":"heimatmuseum-tauer","status":"publish","type":"page","link":"https:\/\/www.lausitzer-museenland.de\/cs\/muzea\/heimatmuseum-tauer\/","title":{"rendered":"Muzeum m\u00edstn\u00ed historie Tauer \/ Domowniski muzej Turjej"},"content":{"rendered":"<p><a href=\"#galerie_tauer\">Galerie<\/a> |\u00a0<a href=\"#austellungen_tauer\">V\u00fdstavy<\/a>\u00a0| <a href=\"#kinderangebot_tauer\">Nab\u00eddky pro d\u011bti<\/a><br \/>\n<a href=\"https:\/\/www.lausitzer-museenland.de\/wp-content\/uploads\/2014\/11\/114.jpg\"><img loading=\"lazy\" class=\"enigma_img_responsive alignnone wp-image-1258\" src=\"https:\/\/www.lausitzer-museenland.de\/wp-content\/uploads\/2014\/11\/114.jpg\" alt=\"1\" width=\"800\" height=\"398\" srcset=\"https:\/\/www.lausitzer-museenland.de\/wp-content\/uploads\/2014\/11\/114.jpg 402w, https:\/\/www.lausitzer-museenland.de\/wp-content\/uploads\/2014\/11\/114-300x149.jpg 300w, https:\/\/www.lausitzer-museenland.de\/wp-content\/uploads\/2014\/11\/114-100x49.jpg 100w, https:\/\/www.lausitzer-museenland.de\/wp-content\/uploads\/2014\/11\/114-150x74.jpg 150w, https:\/\/www.lausitzer-museenland.de\/wp-content\/uploads\/2014\/11\/114-200x99.jpg 200w\" sizes=\"(max-width: 800px) 100vw, 800px\" \/><\/a><\/p>\n\n<p><strong>Muzeum m\u00edstn\u00ed historie ve star\u00e9 vesnick\u00e9 pek\u00e1rn\u011b<\/strong><\/p>\n<h3>Situace budovy \/ pozemku<\/h3>\n<p>S l\u00e1skou za\u0159\u00edzen\u00e9 muzeum se nach\u00e1z\u00ed v b\u00fdval\u00e9 vesnick\u00e9 pek\u00e1rn\u011b. Pozoruhodn\u00e1 je stavebn\u00ed struktura statku, kter\u00fd byl postaven v tradi\u010dn\u00edm stylu na konci 19. stolet\u00ed. Na pat\u0159e je zachov\u00e1n \u0161t\u00edt p\u0159edchoz\u00ed budovy. Nejd\u016fle\u017eit\u011bj\u0161\u00edm objektem muzea je funk\u010dn\u00ed star\u00e1 pec na pe\u010den\u00ed. Na muzejn\u00edch slavnostech se n\u00e1v\u0161t\u011bvn\u00edci mohou sami p\u0159esv\u011bd\u010dit o kvalit\u011b pe\u010den\u00fdch v\u00fdrobk\u016f.<\/p>\n<h3>Charakteristika<\/h3>\n<p>M\u00edstn\u00ed historick\u00e9 muzeum bylo otev\u0159eno 12. listopadu 2005. V origin\u00e1ln\u00edm prost\u0159ed\u00ed jsou zde vystaveny expon\u00e1ty a expozice o \u017eivot\u011b venkovsk\u00e9ho obyvatelstva, lu\u017eickosrbsk\u00fdch\/vendsk\u00fdch zvyc\u00edch a podrobnostech \u017eivota od 18. stolet\u00ed. V obci je mo\u017en\u00e9 nav\u0161t\u00edvit st\u00e1lou expozici lu\u017eickosrbsk\u00fdch a vendsk\u00fdch d\u011bjin. Zvl\u00e1\u0161tn\u00ed atrakc\u00ed jsou dolnolu\u017eickosrbsk\u00e9 tradi\u010dn\u00ed kroje, od selsk\u00fdch pracovn\u00edch kroj\u016f a\u017e po slo\u017eit\u011b vy\u0161\u00edvan\u00e9 sv\u00e1te\u010dn\u00ed kroje. Kabinet Fryco-Rocha s historickou u\u010debnou vypr\u00e1v\u00ed o vendsk\u00e9m u\u010diteli, spisovateli a lidov\u00e9m b\u00e1sn\u00edkovi, kter\u00fd se narodil v okrese Sch\u00f6nh\u00f6he. V\u00fdstava odkazuje na p\u016fsoben\u00ed Fryca Rochy jako u\u010ditele v Taueru v letech 1891-1915, kter\u00e9 vykon\u00e1val v dolnolu\u017eick\u00e9 srb\u0161tin\u011b, p\u0159esto\u017ee to m\u011bl zak\u00e1z\u00e1no. Napsal asi 300 dolnolu\u017eickosrbsk\u00fdch p\u0159\u00edb\u011bh\u016f a p\u00edsn\u00ed pro v\u00fduku. Je proto pova\u017eov\u00e1n za prvn\u00edho dolnolu\u017eickosrbsk\u00e9ho b\u00e1sn\u00edka pro d\u011bti.<\/p>\n<p>Nefal\u0161ovan\u00fd statek s hospod\u00e1\u0159sk\u00fdmi budovami a tradi\u010dn\u00ed zem\u011bd\u011blskou a bylinkovou zahradou p\u016fsob\u00ed idylicky.<\/p>\n<h3>Speci\u00e1ln\u00ed v\u00fdstavy \/ doprovodn\u00e9 nab\u00eddky<a id=\"austellungen_tauer\"><\/a><\/h3>\n<ul>\n<li>Statek se nach\u00e1z\u00ed p\u0159\u00edmo u cyklostezky k jezeru Gro\u00dfsee - sm\u011br Pinnower See - Schlaubetal.<\/li>\n<li>Vedle farmy vznikla typick\u00e1 farm\u00e1\u0159sk\u00e1 zahrada s hmyz\u00edm hotelem.<\/li>\n<\/ul>\n<h3>Nab\u00eddky pro d\u011bti - S Kobim do muzea<a id=\"kinderangebot_tauer\"><\/a><\/h3>\n<p align=\"left\">Kobi - duch mal\u00e9ho domu - je v muzeu jako doma. \u017dije v ba\u010dkor\u00e1ch pod kamny. O p\u016flnoci odposlouch\u00e1v\u00e1 star\u00e9 muzejn\u00ed expon\u00e1ty, kdy\u017e vypr\u00e1v\u011bj\u00ed p\u0159\u00edb\u011bhy z minulosti. Vypr\u00e1v\u00ed tyto vzru\u0161uj\u00edc\u00ed p\u0159\u00edb\u011bhy pracovn\u00edk\u016fm muzea, kte\u0159\u00ed je pak vypr\u00e1v\u011bj\u00ed d\u011btem - p\u0159\u00edb\u011bhy ze star\u00fdch \u010das\u016f.<\/p>\n<p class=\"entry-title post-title\">Kobi nab\u00edz\u00ed:<\/p>\n<div>\n<h5>\u00a0Peka\u0159sk\u00e1 pec, zvyky a typick\u00e1 zem\u011bd\u011blsk\u00e1 zahrada<\/h5>\n<div data-post-id='backofen-brauchtum-und-landestypischer-bauerngarten' class='insert-page insert-page-backofen-brauchtum-und-landestypischer-bauerngarten'>\t\t\t\t\t<p>S l\u00e1skou za\u0159\u00edzen\u00e9 muzeum se nach\u00e1z\u00ed v b\u00fdval\u00e9 vesnick\u00e9 pek\u00e1rn\u011b. V origin\u00e1ln\u00edm prost\u0159ed\u00ed jsou zde vystaveny expon\u00e1ty a expozice o \u017eivot\u011b venkovsk\u00e9ho obyvatelstva, lu\u017eickosrbsk\u00fdch\/vendsk\u00fdch zvyc\u00edch a podrobnostech \u017eivota od 18. stolet\u00ed. Zvl\u00e1\u0161tn\u00ed atrakc\u00ed jsou dolnolu\u017eickosrbsk\u00e9 tradi\u010dn\u00ed kroje, od selsk\u00fdch pracovn\u00edch kroj\u016f a\u017e po slo\u017eit\u011b vy\u0161\u00edvan\u00e9 sv\u00e1te\u010dn\u00ed kroje. Nefal\u0161ovan\u00fd dv\u016fr s hospod\u00e1\u0159sk\u00fdmi budovami a tradi\u010dn\u00ed farm\u00e1\u0159skou a bylinkovou zahradou p\u016fsob\u00ed idylicky.<\/p>\n<p>Nab\u00eddka prob\u00edh\u00e1 v interi\u00e9ru a je ur\u010dena \u017e\u00e1k\u016fm 1. a\u017e 10. t\u0159\u00eddy.<br \/>\nTerm\u00edny: dle dohody<br \/>\nP\u0159edb\u011b\u017en\u00e1 registrace: nejpozd\u011bji 2 t\u00fddny p\u0159edem<br \/>\nVstupn\u00e9 na osobu: 0,50 \u20ac<\/p>\n<p><a title=\"Muzeum m\u00edstn\u00ed historie Tauer \/ Domowniski muzej Turjej\" href=\"\/museen\/heimatmuseum-tauer\/\">Muzeum m\u00edstn\u00ed historie Tauer<\/a><\/p>\n\t\t\t\t\t<\/div>\n<h3><\/h3>\n<p>&nbsp;<\/p>\n<h3>Galerie<a id=\"galerie_tauer\"><\/a><\/h3>\n<div id=\"envira-gallery-wrap-182\" class=\"envira-gallery-wrap envira-gallery-theme-base envira-lightbox-theme-base\" itemscope itemtype=\"https:\/\/schema.org\/ImageGallery\"><div data-row-height=\"\" data-gallery-theme=\"\" id=\"envira-gallery-182\" class=\"envira-gallery-public  envira-gallery-3-columns envira-clear enviratope envira-gallery-css-animations\" data-envira-columns=\"3\"><div id=\"envira-gallery-item-3230\" class=\"envira-gallery-item enviratope-item envira-gallery-item-1\" style=\"padding-left: 5px; padding-bottom: 10px; padding-right: 5px;\"  itemscope itemtype=\"https:\/\/schema.org\/ImageObject\"><div class=\"envira-gallery-item-inner\"><div class=\"envira-gallery-position-overlay  envira-gallery-top-left\"><\/div><div class=\"envira-gallery-position-overlay  envira-gallery-top-right\"><\/div><div class=\"envira-gallery-position-overlay  envira-gallery-bottom-left\"><\/div><div class=\"envira-gallery-position-overlay  envira-gallery-bottom-right\"><\/div><a href=\"https:\/\/www.lausitzer-museenland.de\/wp-content\/uploads\/2014\/11\/146.jpg\" class=\"envira-gallery-182 envira-gallery-link\" rel=\"enviragallery182\" title=\"Muzeum m\u00edstn\u00ed historie Tauer\" data-envira-caption=\"Heimatmuseum Tauer\" data-envira-retina=\"\" data-thumbnail=\"\"  itemprop=\"contentUrl\"><div class=\"envira-lazy\" data-test-width=\"960\" data-test-height=\"300\" style=\"padding-bottom:31.25%;\"><img id=\"envira-gallery-image-3230\" class=\"envira-gallery-image envira-gallery-image-1\" data-envira-index=\"1\" src=\"https:\/\/www.lausitzer-museenland.de\/wp-content\/uploads\/2014\/11\/146.jpg\" data-envira-src=\"https:\/\/www.lausitzer-museenland.de\/wp-content\/uploads\/2014\/11\/146.jpg\" data-envira-gallery-id=\"182\" data-envira-item-id=\"3230\" data-envira-caption=\"Heimatmuseum Tauer\" alt=\"\" title=\"Muzeum m\u00edstn\u00ed historie Tauer\"  itemprop=\"thumbnailUrl\" data-envira-srcset=\"https:\/\/www.lausitzer-museenland.de\/wp-content\/uploads\/2014\/11\/146.jpg 400w,https:\/\/www.lausitzer-museenland.de\/wp-content\/uploads\/2014\/11\/146.jpg 2x\" srcset=\"data:image\/gif;base64,R0lGODlhAQABAIAAAP\/\/\/\/\/\/\/yH5BAEKAAEALAAAAAABAAEAAAICTAEAOw==\" \/><\/div><\/a><\/div><\/div><div id=\"envira-gallery-item-3231\" class=\"envira-gallery-item enviratope-item envira-gallery-item-2\" style=\"padding-left: 5px; padding-bottom: 10px; padding-right: 5px;\"  itemscope itemtype=\"https:\/\/schema.org\/ImageObject\"><div class=\"envira-gallery-item-inner\"><div class=\"envira-gallery-position-overlay  envira-gallery-top-left\"><\/div><div class=\"envira-gallery-position-overlay  envira-gallery-top-right\"><\/div><div class=\"envira-gallery-position-overlay  envira-gallery-bottom-left\"><\/div><div class=\"envira-gallery-position-overlay  envira-gallery-bottom-right\"><\/div><a href=\"https:\/\/www.lausitzer-museenland.de\/wp-content\/uploads\/2014\/11\/213.jpg\" class=\"envira-gallery-182 envira-gallery-link\" rel=\"enviragallery182\" title=\"Muzeum m\u00edstn\u00ed historie Tauer\" data-envira-caption=\"Heimatmuseum Tauer\" data-envira-retina=\"\" data-thumbnail=\"\"  itemprop=\"contentUrl\"><div class=\"envira-lazy\" data-test-width=\"960\" data-test-height=\"300\" style=\"padding-bottom:31.25%;\"><img id=\"envira-gallery-image-3231\" class=\"envira-gallery-image envira-gallery-image-2\" data-envira-index=\"2\" src=\"https:\/\/www.lausitzer-museenland.de\/wp-content\/uploads\/2014\/11\/213.jpg\" data-envira-src=\"https:\/\/www.lausitzer-museenland.de\/wp-content\/uploads\/2014\/11\/213.jpg\" data-envira-gallery-id=\"182\" data-envira-item-id=\"3231\" data-envira-caption=\"Heimatmuseum Tauer\" alt=\"\" title=\"Muzeum m\u00edstn\u00ed historie Tauer\"  itemprop=\"thumbnailUrl\" data-envira-srcset=\"https:\/\/www.lausitzer-museenland.de\/wp-content\/uploads\/2014\/11\/213.jpg 400w,https:\/\/www.lausitzer-museenland.de\/wp-content\/uploads\/2014\/11\/213.jpg 2x\" srcset=\"data:image\/gif;base64,R0lGODlhAQABAIAAAP\/\/\/\/\/\/\/yH5BAEKAAEALAAAAAABAAEAAAICTAEAOw==\" \/><\/div><\/a><\/div><\/div><div id=\"envira-gallery-item-3232\" class=\"envira-gallery-item enviratope-item envira-gallery-item-3\" style=\"padding-left: 5px; padding-bottom: 10px; padding-right: 5px;\"  itemscope itemtype=\"https:\/\/schema.org\/ImageObject\"><div class=\"envira-gallery-item-inner\"><div class=\"envira-gallery-position-overlay  envira-gallery-top-left\"><\/div><div class=\"envira-gallery-position-overlay  envira-gallery-top-right\"><\/div><div class=\"envira-gallery-position-overlay  envira-gallery-bottom-left\"><\/div><div class=\"envira-gallery-position-overlay  envira-gallery-bottom-right\"><\/div><a href=\"https:\/\/www.lausitzer-museenland.de\/wp-content\/uploads\/2014\/11\/38.jpg\" class=\"envira-gallery-182 envira-gallery-link\" rel=\"enviragallery182\" title=\"Muzeum m\u00edstn\u00ed historie Tauer\" data-envira-caption=\"Heimatmuseum Tauer\" data-envira-retina=\"\" data-thumbnail=\"\"  itemprop=\"contentUrl\"><div class=\"envira-lazy\" data-test-width=\"960\" data-test-height=\"300\" style=\"padding-bottom:31.25%;\"><img id=\"envira-gallery-image-3232\" class=\"envira-gallery-image envira-gallery-image-3\" data-envira-index=\"3\" src=\"https:\/\/www.lausitzer-museenland.de\/wp-content\/uploads\/2014\/11\/38.jpg\" data-envira-src=\"https:\/\/www.lausitzer-museenland.de\/wp-content\/uploads\/2014\/11\/38.jpg\" data-envira-gallery-id=\"182\" data-envira-item-id=\"3232\" data-envira-caption=\"Heimatmuseum Tauer\" alt=\"\" title=\"Muzeum m\u00edstn\u00ed historie Tauer\"  itemprop=\"thumbnailUrl\" data-envira-srcset=\"https:\/\/www.lausitzer-museenland.de\/wp-content\/uploads\/2014\/11\/38.jpg 400w,https:\/\/www.lausitzer-museenland.de\/wp-content\/uploads\/2014\/11\/38.jpg 2x\" srcset=\"data:image\/gif;base64,R0lGODlhAQABAIAAAP\/\/\/\/\/\/\/yH5BAEKAAEALAAAAAABAAEAAAICTAEAOw==\" \/><\/div><\/a><\/div><\/div><div id=\"envira-gallery-item-3233\" class=\"envira-gallery-item enviratope-item envira-gallery-item-4\" style=\"padding-left: 5px; padding-bottom: 10px; padding-right: 5px;\"  itemscope itemtype=\"https:\/\/schema.org\/ImageObject\"><div class=\"envira-gallery-item-inner\"><div class=\"envira-gallery-position-overlay  envira-gallery-top-left\"><\/div><div class=\"envira-gallery-position-overlay  envira-gallery-top-right\"><\/div><div class=\"envira-gallery-position-overlay  envira-gallery-bottom-left\"><\/div><div class=\"envira-gallery-position-overlay  envira-gallery-bottom-right\"><\/div><a href=\"https:\/\/www.lausitzer-museenland.de\/wp-content\/uploads\/2014\/11\/47.jpg\" class=\"envira-gallery-182 envira-gallery-link\" rel=\"enviragallery182\" title=\"Muzeum m\u00edstn\u00ed historie Tauer\" data-envira-caption=\"Heimatmuseum Tauer\" data-envira-retina=\"\" data-thumbnail=\"\"  itemprop=\"contentUrl\"><div class=\"envira-lazy\" data-test-width=\"960\" data-test-height=\"300\" style=\"padding-bottom:31.25%;\"><img id=\"envira-gallery-image-3233\" class=\"envira-gallery-image envira-gallery-image-4\" data-envira-index=\"4\" src=\"https:\/\/www.lausitzer-museenland.de\/wp-content\/uploads\/2014\/11\/47.jpg\" data-envira-src=\"https:\/\/www.lausitzer-museenland.de\/wp-content\/uploads\/2014\/11\/47.jpg\" data-envira-gallery-id=\"182\" data-envira-item-id=\"3233\" data-envira-caption=\"Heimatmuseum Tauer\" alt=\"\" title=\"Muzeum m\u00edstn\u00ed historie Tauer\"  itemprop=\"thumbnailUrl\" data-envira-srcset=\"https:\/\/www.lausitzer-museenland.de\/wp-content\/uploads\/2014\/11\/47.jpg 400w,https:\/\/www.lausitzer-museenland.de\/wp-content\/uploads\/2014\/11\/47.jpg 2x\" srcset=\"data:image\/gif;base64,R0lGODlhAQABAIAAAP\/\/\/\/\/\/\/yH5BAEKAAEALAAAAAABAAEAAAICTAEAOw==\" \/><\/div><\/a><\/div><\/div><\/div><\/div><noscript><img src=\"https:\/\/www.lausitzer-museenland.de\/wp-content\/uploads\/2014\/11\/146.jpg\" alt=\"\" \/><img src=\"https:\/\/www.lausitzer-museenland.de\/wp-content\/uploads\/2014\/11\/213.jpg\" alt=\"\" \/><img src=\"https:\/\/www.lausitzer-museenland.de\/wp-content\/uploads\/2014\/11\/38.jpg\" alt=\"\" \/><img src=\"https:\/\/www.lausitzer-museenland.de\/wp-content\/uploads\/2014\/11\/47.jpg\" alt=\"\" \/><\/noscript>\n<\/div>","protected":false},"excerpt":{"rendered":"<p>Galerie | V\u00fdstavy | Nab\u00eddka pro d\u011bti Muzeum m\u00edstn\u00ed historie ve star\u00e9 vesnick\u00e9 pek\u00e1rn\u011b Situace v budov\u011b \/ objektu S l\u00e1skou za\u0159\u00edzen\u00e9 muzeum se nach\u00e1z\u00ed v b\u00fdval\u00e9 vesnick\u00e9 pek\u00e1rn\u011b. Pozoruhodn\u00e1 je stavebn\u00ed struktura statku, kter\u00fd byl postaven v tradi\u010dn\u00edm stylu na konci 19. stolet\u00ed. Na pat\u0159e je zachov\u00e1n \u0161t\u00edt p\u0159edchoz\u00ed budovy. Funk\u010dn\u00ed star\u00e1 pe\u010dic\u00ed trouba je<\/p>","protected":false},"author":13,"featured_media":0,"parent":113,"menu_order":0,"comment_status":"closed","ping_status":"closed","template":"","meta":[],"_links":{"self":[{"href":"https:\/\/www.lausitzer-museenland.de\/cs\/wp-json\/wp\/v2\/pages\/182"}],"collection":[{"href":"https:\/\/www.lausitzer-museenland.de\/cs\/wp-json\/wp\/v2\/pages"}],"about":[{"href":"https:\/\/www.lausitzer-museenland.de\/cs\/wp-json\/wp\/v2\/types\/page"}],"author":[{"embeddable":true,"href":"https:\/\/www.lausitzer-museenland.de\/cs\/wp-json\/wp\/v2\/users\/13"}],"replies":[{"embeddable":true,"href":"https:\/\/www.lausitzer-museenland.de\/cs\/wp-json\/wp\/v2\/comments?post=182"}],"version-history":[{"count":17,"href":"https:\/\/www.lausitzer-museenland.de\/cs\/wp-json\/wp\/v2\/pages\/182\/revisions"}],"predecessor-version":[{"id":53913,"href":"https:\/\/www.lausitzer-museenland.de\/cs\/wp-json\/wp\/v2\/pages\/182\/revisions\/53913"}],"up":[{"embeddable":true,"href":"https:\/\/www.lausitzer-museenland.de\/cs\/wp-json\/wp\/v2\/pages\/113"}],"wp:attachment":[{"href":"https:\/\/www.lausitzer-museenland.de\/cs\/wp-json\/wp\/v2\/media?parent=182"}],"curies":[{"name":"wp","href":"https:\/\/api.w.org\/{rel}","templated":true}]}}