{"id":190,"date":"2014-11-05T17:39:14","date_gmt":"2014-11-05T16:39:14","guid":{"rendered":"http:\/\/lausitzer-museenland.de\/?page_id=190"},"modified":"2022-05-31T07:38:39","modified_gmt":"2022-05-31T05:38:39","slug":"heimatstube-doebern","status":"publish","type":"page","link":"https:\/\/www.lausitzer-museenland.de\/cs\/muzea\/heimatstube-doebern\/","title":{"rendered":"Heimatmuseum D\u00f6bern \/ Domowniski muzej Derbno"},"content":{"rendered":"<p><a href=\"#galerie_doebern\">Galerie<\/a> |\u00a0<a href=\"#austellung_doebern\">V\u00fdstavy<\/a>\u00a0| <a href=\"#kinderangebot_doebern\">Nab\u00eddky pro d\u011bti<\/a><br \/>\n<img loading=\"lazy\" class=\"enigma_img_responsive alignnone wp-image-1261\" src=\"https:\/\/www.lausitzer-museenland.de\/wp-content\/uploads\/2014\/11\/117.jpg\" alt=\"1\" width=\"800\" height=\"398\" srcset=\"https:\/\/www.lausitzer-museenland.de\/wp-content\/uploads\/2014\/11\/117.jpg 402w, https:\/\/www.lausitzer-museenland.de\/wp-content\/uploads\/2014\/11\/117-300x149.jpg 300w, https:\/\/www.lausitzer-museenland.de\/wp-content\/uploads\/2014\/11\/117-100x49.jpg 100w, https:\/\/www.lausitzer-museenland.de\/wp-content\/uploads\/2014\/11\/117-150x74.jpg 150w, https:\/\/www.lausitzer-museenland.de\/wp-content\/uploads\/2014\/11\/117-200x99.jpg 200w\" sizes=\"(max-width: 800px) 100vw, 800px\" \/><\/p>\n\n<p>Knihy, sklo a historie hornictv\u00ed<\/p>\n<h3>Situace budovy \/ pozemku<\/h3>\n<p>Jeden z nejstar\u0161\u00edch dom\u016f v D\u00f6bernu najdete na adrese Ringstra\u00dfe 53. Kolem roku 1800 zde byl postaven prvn\u00ed d\u00f6bernsk\u00fd hostinec \"Gasthaus Kr\u00e4tsch\". V roce 1877 se zde kr\u00e1tce vyu\u010dovalo, ne\u017e byla dokon\u010dena prvn\u00ed \u0161koln\u00ed budova v dne\u0161n\u00ed ulici Schulstra\u00dfe.<br \/>\nV roce 1984 budovu koupilo m\u011bsto D\u00f6bern, kter\u00e9 zde p\u016fvodn\u011b z\u0159\u00eddilo m\u011bstskou knihovnu. V roce 1993 byla z\u0159\u00edzena mal\u00e1 m\u00edstnost pro m\u00edstn\u00ed historii. Po p\u0159est\u011bhov\u00e1n\u00ed kni\u017en\u00edch st\u00e1nk\u016f do Muskauer Stra\u00dfe 14 prob\u011bhla renovace a nov\u00e9 vybaven\u00ed. Muzeum m\u00edstn\u00ed historie v D\u00f6bernu bylo otev\u0159eno 30. kv\u011btna 2014. K n\u00e1v\u0161t\u011bv\u011b v\u00e1s zve v\u00edce ne\u017e 100 m\u00b2 v\u00fdstavn\u00ed plochy.<\/p>\n<h3>Charakteristika<\/h3>\n<p>V m\u00edstn\u00edm historick\u00e9m muzeu se nach\u00e1zej\u00ed sv\u011bdectv\u00ed o historii D\u00f6bernu a Eichwegu. Hlavn\u00ed pozornost je v\u011bnov\u00e1na historii budovy, obchodu a \u017eivnostem, \u0161koln\u00ed a m\u00edstn\u00ed historii a mal\u00e9 hospod\u00e1\u0159sk\u00e9 kuchyni. V\u00fdstavn\u00ed a fotografick\u00e9 panely o dne\u0161n\u00ed \u010dtvrti Eichwege, kter\u00e1 se do roku 1937 jmenovala Dubraucke, ukazuj\u00ed, \u017ee m\u00e1 mnohem star\u0161\u00ed historii ne\u017e b\u00fdval\u00e1 obec D\u00f6bern. V dal\u0161\u00ed m\u00edstnosti je vyobrazen klubov\u00fd \u017eivot D\u00f6berna a Dubrauckeho p\u0159ed 100 lety. Sou\u010d\u00e1st\u00ed venkovn\u00ed expozice je studna s v\u00fdkyvn\u00fdm \u010derpadlem a hornick\u00e1 d\u00edlna. V p\u0159\u00edstavb\u011b se nach\u00e1z\u00ed pr\u00e1delna, letn\u00ed kuchyn\u011b a skl\u00e1\u0159sk\u00e1 a brusi\u010dsk\u00e1 d\u00edlna, kter\u00e9 l\u00e1kaj\u00ed k prohl\u00eddce.<\/p>\n<h3>Speci\u00e1ln\u00ed v\u00fdstavy \/ doprovodn\u00e9 nab\u00eddky<a id=\"austellung_doebern\"><\/a><\/h3>\n<p>Ka\u017edoro\u010dn\u011b se kon\u00e1 cyklus p\u0159edn\u00e1\u0161ek, na kter\u00fdch se dozv\u00edte zaj\u00edmavosti z historie obce. \u010cl\u00e1nky o historii si m\u016f\u017eete p\u0159e\u010d\u00edst tak\u00e9 v \"D\u00f6bern Kultur- und Heimatblatt\". V \u010dervnu 2016 byla otev\u0159ena speci\u00e1ln\u00ed v\u00fdstava o vah\u00e1ch a z\u00e1va\u017e\u00edch.<br \/>\nSpeci\u00e1ln\u00ed v\u00fdstavy se konaj\u00ed 1-3kr\u00e1t ro\u010dn\u011b k ur\u010dit\u00fdm obecn\u00edm p\u0159\u00edle\u017eitostem a v\u00fdznamn\u00fdm ud\u00e1lostem (v\u00fdro\u010d\u00ed mate\u0159sk\u00e9 \u0161koly, vod\u00e1rny, hasi\u010dsk\u00e9ho sboru, katolick\u00e9ho kostela, rozvoj p\u0159\u00edm\u011bstsk\u00e9ho s\u00eddli\u0161t\u011b). Jsou realizov\u00e1ny na principu mobiln\u00edch v\u00fdstavn\u00edch tabul\u00ed a jsou p\u0159ev\u00e1\u017en\u011b vyr\u00e1b\u011bny sdru\u017een\u00edm.<\/p>\n<h3>Nab\u00eddky pro d\u011bti - S Kobim do muzea<a id=\"kinderangebot_doebern\"><\/a><\/h3>\n<p align=\"left\">Kobi - duch mal\u00e9ho domu - je v muzeu jako doma. Bydl\u00ed tam v ba\u010dkor\u00e1ch pod kamny. O p\u016flnoci odposlouch\u00e1v\u00e1 star\u00e9 muzejn\u00ed expon\u00e1ty, kdy\u017e si vypr\u00e1v\u011bj\u00ed p\u0159\u00edb\u011bhy z minulosti. Tyto vzru\u0161uj\u00edc\u00ed p\u0159\u00edb\u011bhy vypr\u00e1v\u00ed pracovn\u00edk\u016fm muzea, kte\u0159\u00ed je pak p\u0159ed\u00e1vaj\u00ed d\u011btem - p\u0159\u00edb\u011bhy ze star\u00fdch, d\u00e1vn\u00fdch \u010das\u016f.<\/p>\n<p>Kobi nab\u00edz\u00ed:<\/p>\n<h5>Doklady o m\u00edstn\u00ed historii D\u00f6bernu<\/h5>\n<div data-post-id='zeugnisse-der-doeberner-ortsgeschichte' class='insert-page insert-page-zeugnisse-der-doeberner-ortsgeschichte'>\t\t\t\t\t<p>\"Heimatmuseum D\u00f6bern\" se nach\u00e1z\u00ed v budov\u011b a na pozemku historick\u00e9ho z\u00e1mku \"Alte Sch\u00e4nke\". Nach\u00e1z\u00ed se v n\u011bm sv\u011bdectv\u00ed o m\u00edstn\u00ed historii D\u00f6bernu. Hlavn\u00ed pozornost je v\u011bnov\u00e1na skl\u00e1\u0159sk\u00e9 v\u00fdrob\u011b, historii hornictv\u00ed jako d\u011bjin\u00e1m rev\u00edru a dom\u00e1c\u00edmu hospod\u00e1\u0159stv\u00ed venkovsk\u00e9ho prolet\u00e1\u0159sk\u00e9ho obyvatelstva prost\u0159ednictv\u00edm prom\u011bnliv\u00fdch v\u00fdstavn\u00edch ploch.<\/p>\n<p>Nab\u00eddka prob\u00edh\u00e1 v interi\u00e9ru a je ur\u010dena \u017e\u00e1k\u016fm 1. a\u017e 10. t\u0159\u00eddy.<br \/>\nTerm\u00edny: dle dohody<br \/>\nP\u0159edb\u011b\u017en\u00e1 registrace: nejpozd\u011bji 2 t\u00fddny p\u0159edem<\/p>\n<p><a title=\"Heimatstube D\u00f6bern \/ Domowniska \u015bpa Derbno\" href=\"\/museen\/heimatstube-doebern\/\">M\u00edstn\u00ed historick\u00e1 m\u00edstnost D\u00f6bern<\/a><\/p>\n\t\t\t\t\t<\/div>\n<h3><\/h3>\n<p>&nbsp;<\/p>\n<h3>Galerie<a id=\"galerie_doebern\"><\/a><\/h3>\n<div id=\"envira-gallery-wrap-190\" class=\"envira-gallery-wrap envira-gallery-theme-base envira-lightbox-theme-base\" itemscope itemtype=\"https:\/\/schema.org\/ImageGallery\"><div data-row-height=\"\" data-gallery-theme=\"\" id=\"envira-gallery-190\" class=\"envira-gallery-public  envira-gallery-3-columns envira-clear enviratope envira-gallery-css-animations\" data-envira-columns=\"3\"><div id=\"envira-gallery-item-3298\" class=\"envira-gallery-item enviratope-item envira-gallery-item-1\" style=\"padding-left: 5px; padding-bottom: 10px; padding-right: 5px;\"  itemscope itemtype=\"https:\/\/schema.org\/ImageObject\"><div class=\"envira-gallery-item-inner\"><div class=\"envira-gallery-position-overlay  envira-gallery-top-left\"><\/div><div class=\"envira-gallery-position-overlay  envira-gallery-top-right\"><\/div><div class=\"envira-gallery-position-overlay  envira-gallery-bottom-left\"><\/div><div class=\"envira-gallery-position-overlay  envira-gallery-bottom-right\"><\/div><a href=\"https:\/\/www.lausitzer-museenland.de\/wp-content\/uploads\/2014\/11\/148.jpg\" class=\"envira-gallery-190 envira-gallery-link\" rel=\"enviragallery190\" title=\"M\u00edstn\u00ed historick\u00e1 m\u00edstnost D\u00f6bern\" data-envira-caption=\"Heimatstube D&ouml;bern\" data-envira-retina=\"\" data-thumbnail=\"\"  itemprop=\"contentUrl\"><div class=\"envira-lazy\" data-test-width=\"960\" data-test-height=\"300\" style=\"padding-bottom:31.25%;\"><img id=\"envira-gallery-image-3298\" class=\"envira-gallery-image envira-gallery-image-1\" data-envira-index=\"1\" src=\"https:\/\/www.lausitzer-museenland.de\/wp-content\/uploads\/2014\/11\/148.jpg\" data-envira-src=\"https:\/\/www.lausitzer-museenland.de\/wp-content\/uploads\/2014\/11\/148.jpg\" data-envira-gallery-id=\"190\" data-envira-item-id=\"3298\" data-envira-caption=\"Heimatstube D&ouml;bern\" alt=\"\" title=\"Centrum m\u00edstn\u00ed historie D\u00f6bern\"  itemprop=\"thumbnailUrl\" data-envira-srcset=\"https:\/\/www.lausitzer-museenland.de\/wp-content\/uploads\/2014\/11\/148.jpg 400w,https:\/\/www.lausitzer-museenland.de\/wp-content\/uploads\/2014\/11\/148.jpg 2x\" srcset=\"data:image\/gif;base64,R0lGODlhAQABAIAAAP\/\/\/\/\/\/\/yH5BAEKAAEALAAAAAABAAEAAAICTAEAOw==\" \/><\/div><\/a><\/div><\/div><div id=\"envira-gallery-item-3299\" class=\"envira-gallery-item enviratope-item envira-gallery-item-2\" style=\"padding-left: 5px; padding-bottom: 10px; padding-right: 5px;\"  itemscope itemtype=\"https:\/\/schema.org\/ImageObject\"><div class=\"envira-gallery-item-inner\"><div class=\"envira-gallery-position-overlay  envira-gallery-top-left\"><\/div><div class=\"envira-gallery-position-overlay  envira-gallery-top-right\"><\/div><div class=\"envira-gallery-position-overlay  envira-gallery-bottom-left\"><\/div><div class=\"envira-gallery-position-overlay  envira-gallery-bottom-right\"><\/div><a href=\"https:\/\/www.lausitzer-museenland.de\/wp-content\/uploads\/2014\/11\/215.jpg\" class=\"envira-gallery-190 envira-gallery-link\" rel=\"enviragallery190\" title=\"M\u00edstn\u00ed historick\u00e1 m\u00edstnost D\u00f6bern\" data-envira-caption=\"Heimatstube D&ouml;bern\" data-envira-retina=\"\" data-thumbnail=\"\"  itemprop=\"contentUrl\"><div class=\"envira-lazy\" data-test-width=\"960\" data-test-height=\"300\" style=\"padding-bottom:31.25%;\"><img id=\"envira-gallery-image-3299\" class=\"envira-gallery-image envira-gallery-image-2\" data-envira-index=\"2\" src=\"https:\/\/www.lausitzer-museenland.de\/wp-content\/uploads\/2014\/11\/215.jpg\" data-envira-src=\"https:\/\/www.lausitzer-museenland.de\/wp-content\/uploads\/2014\/11\/215.jpg\" data-envira-gallery-id=\"190\" data-envira-item-id=\"3299\" data-envira-caption=\"Heimatstube D&ouml;bern\" alt=\"\" title=\"Centrum m\u00edstn\u00ed historie D\u00f6bern\"  itemprop=\"thumbnailUrl\" data-envira-srcset=\"https:\/\/www.lausitzer-museenland.de\/wp-content\/uploads\/2014\/11\/215.jpg 400w,https:\/\/www.lausitzer-museenland.de\/wp-content\/uploads\/2014\/11\/215.jpg 2x\" srcset=\"data:image\/gif;base64,R0lGODlhAQABAIAAAP\/\/\/\/\/\/\/yH5BAEKAAEALAAAAAABAAEAAAICTAEAOw==\" \/><\/div><\/a><\/div><\/div><\/div><\/div><noscript><img src=\"https:\/\/www.lausitzer-museenland.de\/wp-content\/uploads\/2014\/11\/148.jpg\" alt=\"\" \/><img src=\"https:\/\/www.lausitzer-museenland.de\/wp-content\/uploads\/2014\/11\/215.jpg\" alt=\"\" \/><\/noscript>","protected":false},"excerpt":{"rendered":"<p>Galerie | V\u00fdstavy | Nab\u00eddka pro d\u011bti Knihy, sklo a historie hornictv\u00ed Situace v budov\u011b Jeden z nejstar\u0161\u00edch dom\u016f v D\u00f6bernu se nach\u00e1z\u00ed na adrese Ringstra\u00dfe 53. Byl postaven kolem roku 1800 a st\u00e1l v n\u011bm prvn\u00ed hostinec v D\u00f6bernu, \"Gasthaus Kr\u00e4tsch\". V roce 1877 se zde kr\u00e1tce vyu\u010dovalo, ne\u017e byla dokon\u010dena prvn\u00ed \u0161koln\u00ed budova v dne\u0161n\u00ed ulici Schulstra\u00dfe. 1984<\/p>","protected":false},"author":13,"featured_media":0,"parent":113,"menu_order":0,"comment_status":"closed","ping_status":"closed","template":"","meta":[],"_links":{"self":[{"href":"https:\/\/www.lausitzer-museenland.de\/cs\/wp-json\/wp\/v2\/pages\/190"}],"collection":[{"href":"https:\/\/www.lausitzer-museenland.de\/cs\/wp-json\/wp\/v2\/pages"}],"about":[{"href":"https:\/\/www.lausitzer-museenland.de\/cs\/wp-json\/wp\/v2\/types\/page"}],"author":[{"embeddable":true,"href":"https:\/\/www.lausitzer-museenland.de\/cs\/wp-json\/wp\/v2\/users\/13"}],"replies":[{"embeddable":true,"href":"https:\/\/www.lausitzer-museenland.de\/cs\/wp-json\/wp\/v2\/comments?post=190"}],"version-history":[{"count":17,"href":"https:\/\/www.lausitzer-museenland.de\/cs\/wp-json\/wp\/v2\/pages\/190\/revisions"}],"predecessor-version":[{"id":53916,"href":"https:\/\/www.lausitzer-museenland.de\/cs\/wp-json\/wp\/v2\/pages\/190\/revisions\/53916"}],"up":[{"embeddable":true,"href":"https:\/\/www.lausitzer-museenland.de\/cs\/wp-json\/wp\/v2\/pages\/113"}],"wp:attachment":[{"href":"https:\/\/www.lausitzer-museenland.de\/cs\/wp-json\/wp\/v2\/media?parent=190"}],"curies":[{"name":"wp","href":"https:\/\/api.w.org\/{rel}","templated":true}]}}