{"id":198,"date":"2014-11-05T17:43:48","date_gmt":"2014-11-05T16:43:48","guid":{"rendered":"http:\/\/lausitzer-museenland.de\/?page_id=198"},"modified":"2023-11-30T13:21:46","modified_gmt":"2023-11-30T12:21:46","slug":"heimatstube-gross-koelzig","status":"publish","type":"page","link":"https:\/\/www.lausitzer-museenland.de\/cs\/muzea\/heimatstube-gross-koelzig\/","title":{"rendered":"Heimatstube Gro\u00df K\u00f6lzig \/ Domowniska \u015bpa Wjeliki K\u00f3lsk"},"content":{"rendered":"<p>\u017div\u00e1 historie v p\u016fvodn\u00edm centru obce - star\u00e9 hornictv\u00ed v z\u00e1hybech Muskau<strong>\u00a0<\/strong><\/p>\n<h3>Situace budovy \/ pozemku<\/h3>\n<p>Skupina pro v\u00fdzkum m\u00edstn\u00ed historie vystavuje sv\u00e9 expon\u00e1ty ve dvou budov\u00e1ch. Na jedn\u00e9 stran\u011b \u010dekaj\u00ed na n\u00e1v\u0161t\u011bvn\u00edky v\u00fdstavn\u00ed prostory \u0161koln\u00ed historie a pr\u016fmyslov\u00e9 historie uprost\u0159ed zelen\u011b uprost\u0159ed obce v bl\u00edzkosti kostela v budov\u011b a na pozemku historick\u00e9 \u0161koly, majest\u00e1tn\u00ed budovy z klinkerov\u00fdch cihel z 19. stolet\u00ed. Zem\u011bd\u011blsk\u00e1 v\u00fdstava se naopak nach\u00e1z\u00ed ve star\u00e9 restauraci Hayasche v Muskauer Stra\u00dfe.<\/p>\n<h3>Charakteristika<\/h3>\n<p>C\u00edlem v\u00fdstavy je sledovat v\u00fdvoj obce od lu\u017eickosrbsk\u00e9 a vendsk\u00e9 vesnice k pr\u016fmyslov\u00e9 obci. Zejm\u00e9na \"m\u00edstn\u00ed krajina\" je nahl\u00ed\u017eena z glaci\u00e1ln\u011b-geologick\u00e9ho hlediska (oblast \"Muskauer Faltenbogen\"). To se projevuje v prezentac\u00edch o geologii, geomorfologii a zm\u011bn\u00e1ch v krajin\u011b zp\u016fsoben\u00fdch \u010dlov\u011bkem; zde je pozornost zam\u011b\u0159ena na historii t\u011b\u017eby hn\u011bd\u00e9ho uhl\u00ed (star\u00e1 t\u011b\u017eba) na dole \"Conrad\". Ned\u00e1vno byla prezentace roz\u0161\u00ed\u0159ena o dokumentaci boj\u016f v obci a regionu b\u011bhem druh\u00e9 sv\u011btov\u00e9 v\u00e1lky a jejich v\u00fdsledk\u016f.<\/p>\n<h3>Speci\u00e1ln\u00ed v\u00fdstavy \/ doprovodn\u00e9 nab\u00eddky<\/h3>\n<p>Prezentaci v ur\u010dit\u00fdch intervalech roz\u0161i\u0159uj\u00ed speci\u00e1ln\u00ed v\u00fdstavy.<\/p>\n<ul>\n<li>Mimo otev\u00edrac\u00ed dobu jsou k dispozici speci\u00e1ln\u00ed prohl\u00eddky s pr\u016fvodcem o historii hornictv\u00ed a kostela, a to i pro \u0161koln\u00ed t\u0159\u00eddy.<\/li>\n<li>V\u00fdlety na kolech po okol\u00ed s pr\u016fvodcem, kter\u00e9 za\u010d\u00ednaj\u00ed v m\u00edstn\u00edm historick\u00e9m muzeu a pokra\u010duj\u00ed t\u00e9maty historie hornictv\u00ed, krajiny, d\u011bjin a ran\u00e9 historie (mohyly v ter\u00e9nu).<\/li>\n<li>Akce v r\u00e1mci \"Dne otev\u0159en\u00fdch pam\u00e1tek<\/li>\n<\/ul>\n<h3>Nab\u00eddky pro d\u011bti - S Kobim do muzea<\/h3>\n<div>\n<h5>1. z den\u00edku Zem\u011b - geologick\u00fd v\u00fdvoj na\u0161\u00ed domovsk\u00e9 krajiny<\/h5>\n<div data-post-id='aus-dem-tagebuch-der-erde' class='insert-page insert-page-aus-dem-tagebuch-der-erde'>\t\t\t\t\t<p>P\u0159i prohl\u00eddce star\u00fdch dol\u016f se \u017e\u00e1ci dozv\u011bd\u00ed, jak uhl\u00ed vznikalo, za jak\u00fdch okolnost\u00ed se v minulosti t\u011b\u017eilo a pot\u00e9 dopravovalo do pr\u016fmyslov\u00fdch z\u00e1vod\u016f. Projekt je nab\u00edzen jako p\u011b\u0161\u00ed nebo cyklistick\u00fd v\u00fdlet.<\/p>\n<p>Program prob\u00edh\u00e1 venku a je ur\u010den pro \u017e\u00e1ky 7. a\u017e 10. t\u0159\u00eddy.<br \/>\nTerm\u00edny: dle dohody<br \/>\nP\u0159edb\u011b\u017en\u00e1 registrace: nejpozd\u011bji 5 dn\u00ed p\u0159edem<br \/>\nVstupn\u00e9 na osobu: po dohod\u011b<\/p>\n<p><a title=\"Heimatstube Gro\u00df K\u00f6lzig \/ Domowniska \u015bpa Wjeliki K\u00f3lsk\" href=\"\/museen\/heimatstube-gross-koelzig\/\">M\u00edstnost m\u00edstn\u00ed historie Gro\u00df K\u00f6lzig<\/a><\/p>\n\t\t\t\t\t<\/div>\n<h5>2. jak v\u00edme, co se stalo v minulosti.<\/h5>\n<div data-post-id='woher-wir-wissen-was-frueher-geschah' class='insert-page insert-page-woher-wir-wissen-was-frueher-geschah'>\t\t\t\t\t<p>Sv\u011bdectv\u00ed o minulosti ukazuj\u00ed v p\u00edsemn\u00e9 podob\u011b, na fotografi\u00edch a p\u0159edm\u011btech, jak lid\u00e9 d\u0159\u00edve \u017eili a pracovali.<\/p>\n<p>Program prob\u00edh\u00e1 v interi\u00e9ru i exteri\u00e9ru a je ur\u010den pro \u017e\u00e1ky 4. a\u017e 6. t\u0159\u00eddy.<br \/>\nTerm\u00edny: dle dohody<br \/>\nP\u0159edb\u011b\u017en\u00e1 registrace: nejpozd\u011bji 5 dn\u00ed p\u0159edem<br \/>\nVelikost skupiny: 5 a\u017e 30 osob<br \/>\nVstupn\u00e9 na osobu: po dohod\u011b<\/p>\n<p><a title=\"Heimatstube Gro\u00df K\u00f6lzig \/ Domowniska \u015bpa Wjeliki K\u00f3lsk\" href=\"\/museen\/heimatstube-gross-koelzig\/\">M\u00edstnost m\u00edstn\u00ed historie Gro\u00df K\u00f6lzig<\/a><\/p>\n\t\t\t\t\t<\/div>\n<h5>3. ze star\u00fdch \u010das\u016f - m\u00edstn\u00ed legendy a stra\u0161ideln\u00e9 p\u0159\u00edb\u011bhy<\/h5>\n<div data-post-id='aus-alter-zeit-heimatsagen-und-spukgeschichten' class='insert-page insert-page-aus-alter-zeit-heimatsagen-und-spukgeschichten'>\t\t\t\t\t<p>V okol\u00ed Gro\u00df K\u00f6lzigu, stejn\u011b jako v cel\u00e9 Doln\u00ed Lu\u017eici, se odjak\u017eiva vypr\u00e1v\u011bj\u00ed legendy a p\u0159\u00edb\u011bhy. N\u011bkter\u00e1 m\u00edsta jsou toho dodnes sv\u011bdkem a \u017e\u00e1ci si je mohou prohl\u00e9dnout.<\/p>\n<p>Program prob\u00edh\u00e1 v interi\u00e9ru i exteri\u00e9ru a je ur\u010den pro \u017e\u00e1ky 1. a\u017e 7. t\u0159\u00eddy.<br \/>\nTerm\u00edny: dle dohody<br \/>\nP\u0159edb\u011b\u017en\u00e1 registrace: nejpozd\u011bji 5 dn\u00ed p\u0159edem<br \/>\nVelikost skupiny: 5 a\u017e 30 osob<br \/>\nVstupn\u00e9 na osobu: po dohod\u011b<\/p>\n<p><a title=\"Heimatstube Gro\u00df K\u00f6lzig \/ Domowniska \u015bpa Wjeliki K\u00f3lsk\" href=\"\/museen\/heimatstube-gross-koelzig\/\">M\u00edstnost m\u00edstn\u00ed historie Gro\u00df K\u00f6lzig<\/a><\/p>\n\t\t\t\t\t<\/div>\n<h5>4 Na\u0161e pil\u00ed\u0159ov\u00e1 l\u00edpa vypr\u00e1v\u00ed - p\u0159\u00edslu\u0161nost obce , historie os\u00eddlen\u00ed star\u00fdch c\u00edrkevn\u00edch vs\u00ed a versaillesk\u00fdch panstv\u00ed.<\/h5>\n<div data-post-id='unsere-prangerlinde-erzaehlt' class='insert-page insert-page-unsere-prangerlinde-erzaehlt'>\t\t\t\t\t<p>\u0160koln\u00edm t\u0159\u00edd\u00e1m je vysv\u011btlena p\u0159\u00edslu\u0161nost obce a \u017e\u00e1ci se dozv\u011bd\u00ed, jakou roli hraje pil\u00ed\u0159ov\u00e1 l\u00edpa. Historii os\u00eddlen\u00ed v okol\u00ed Gro\u00df K\u00f6lzigu lze sledovat pomoc\u00ed c\u00edrkevn\u00edch d\u011bjin.<\/p>\n<p>Program prob\u00edh\u00e1 v interi\u00e9ru i exteri\u00e9ru a je ur\u010den pro \u017e\u00e1ky 4. a\u017e 7. t\u0159\u00eddy.<br \/>\nTerm\u00edny: dle dohody<br \/>\nP\u0159edb\u011b\u017en\u00e1 registrace: nejpozd\u011bji 5 dn\u00ed p\u0159edem<br \/>\nVelikost skupiny: 5 a\u017e 30 osob<br \/>\nVstupn\u00e9 na osobu: po dohod\u011b<\/p>\n<p><a title=\"Heimatstube Gro\u00df K\u00f6lzig \/ Domowniska \u015bpa Wjeliki K\u00f3lsk\" href=\"\/museen\/heimatstube-gross-koelzig\/\">M\u00edstnost m\u00edstn\u00ed historie Gro\u00df K\u00f6lzig<\/a><\/p>\n\t\t\t\t\t<\/div>\n<h5>5. jak lid\u00e9 \u017eili a pracovali v minulosti - zem\u011bd\u011blstv\u00ed a hornictv\u00ed<\/h5>\n<div data-post-id='wie-die-menschen-frueher-lebten' class='insert-page insert-page-wie-die-menschen-frueher-lebten'>\t\t\t\t\t<p>V m\u00edstnosti m\u00edstn\u00ed historie jsou vystaveny dom\u00e1c\u00ed, zem\u011bd\u011blsk\u00e9 a hornick\u00e9 p\u0159edm\u011bty a skl\u00e1\u0159sk\u00e9 vybaven\u00ed. Dokumentuj\u00ed \u017eivot a tvrdou pr\u00e1ci d\u0159\u00edv\u011bj\u0161\u00edch dob.<\/p>\n<p>Program prob\u00edh\u00e1 v interi\u00e9ru i exteri\u00e9ru a je ur\u010den pro \u017e\u00e1ky 4. a\u017e 7. t\u0159\u00eddy.<br \/>\nTerm\u00edny: dle dohody<br \/>\nP\u0159edb\u011b\u017en\u00e1 registrace: nejpozd\u011bji 5 dn\u00ed p\u0159edem<br \/>\nVelikost skupiny: 5 a\u017e 30 osob<br \/>\nVstupn\u00e9 na osobu: po dohod\u011b<\/p>\n<p><a title=\"Heimatstube Gro\u00df K\u00f6lzig \/ Domowniska \u015bpa Wjeliki K\u00f3lsk\" href=\"\/museen\/heimatstube-gross-koelzig\/\">M\u00edstnost m\u00edstn\u00ed historie Gro\u00df K\u00f6lzig<\/a><\/p>\n\t\t\t\t\t<\/div>\n<h5>6. jak\u00e1 b\u00fdvala \u0161kola<\/h5>\n<div data-post-id='wie-schule-frueher-war-in-koelzig' class='insert-page insert-page-wie-schule-frueher-war-in-koelzig'>\t\t\t\t\t<p>D\u011bti za\u017eij\u00ed \u0161koln\u00ed vyu\u010dov\u00e1n\u00ed jako za \u010das\u016f babi\u010dek a d\u011bde\u010dk\u016f a dozv\u011bd\u00ed se, jakou roli v n\u011bm hr\u00e1la r\u00e1koska.<\/p>\n<p>Nab\u00eddka prob\u00edh\u00e1 v interi\u00e9ru a je ur\u010dena \u017e\u00e1k\u016fm 1. a\u017e 7. t\u0159\u00eddy.<br \/>\nTerm\u00edny: dle dohody<br \/>\nP\u0159edb\u011b\u017en\u00e1 registrace: nejpozd\u011bji 5 dn\u00ed p\u0159edem<br \/>\nVelikost skupiny: 5 a\u017e 30 osob<br \/>\nVstupn\u00e9 na osobu: po dohod\u011b<\/p>\n<p><a title=\"Heimatstube Gro\u00df K\u00f6lzig \/ Domowniska \u015bpa Wjeliki K\u00f3lsk\" href=\"\/museen\/heimatstube-gross-koelzig\/\">M\u00edstnost m\u00edstn\u00ed historie Gro\u00df K\u00f6lzig<\/a><\/p>\n\t\t\t\t\t<\/div>\n<h5>7. vzpom\u00ednky na stra\u0161nou dobu<\/h5>\n<div data-post-id='erinnerungen-an-eine-schreckliche-zeit' class='insert-page insert-page-erinnerungen-an-eine-schreckliche-zeit'>\t\t\t\t\t<p>Sou\u010dasn\u00ed pam\u011btn\u00edci vypr\u00e1v\u011bj\u00ed p\u0159\u00edb\u011bhy z v\u00e1le\u010dn\u00e9ho a pov\u00e1le\u010dn\u00e9ho obdob\u00ed.<\/p>\n<p>Program prob\u00edh\u00e1 v interi\u00e9ru i exteri\u00e9ru a je ur\u010den pro \u017e\u00e1ky 7. a\u017e 10. t\u0159\u00eddy.<br \/>\nTerm\u00edny: dle dohody<br \/>\nP\u0159edb\u011b\u017en\u00e1 registrace: nejpozd\u011bji 5 dn\u00ed p\u0159edem<br \/>\nVelikost skupiny: 5 a\u017e 30 osob<br \/>\nVstupn\u00e9 na osobu: po dohod\u011b<\/p>\n<p><a title=\"Heimatstube Gro\u00df K\u00f6lzig \/ Domowniska \u015bpa Wjeliki K\u00f3lsk\" href=\"\/museen\/heimatstube-gross-koelzig\/\">M\u00edstnost m\u00edstn\u00ed historie Gro\u00df K\u00f6lzig<\/a><\/p>\n\t\t\t\t\t<\/div>\n<\/div>","protected":false},"excerpt":{"rendered":"<p>Skupina pro v\u00fdzkum m\u00edstn\u00ed historie vystavuje sv\u00e9 expon\u00e1ty ve dvou budov\u00e1ch. Na jedn\u00e9 stran\u011b \u010dekaj\u00ed na n\u00e1v\u0161t\u011bvn\u00edky v\u00fdstavn\u00ed prostory historie \u0161kolstv\u00ed a pr\u016fmyslov\u00e9 historie uprost\u0159ed zelen\u011b uprost\u0159ed obce v bl\u00edzkosti kostela v budov\u011b a na m\u00edst\u011b historick\u00e9 \u0161koly, majest\u00e1tn\u00ed budovy z klinkerov\u00fdch cihel z 19. stolet\u00ed.<\/p>","protected":false},"author":13,"featured_media":4175,"parent":113,"menu_order":0,"comment_status":"closed","ping_status":"closed","template":"","meta":[],"_links":{"self":[{"href":"https:\/\/www.lausitzer-museenland.de\/cs\/wp-json\/wp\/v2\/pages\/198"}],"collection":[{"href":"https:\/\/www.lausitzer-museenland.de\/cs\/wp-json\/wp\/v2\/pages"}],"about":[{"href":"https:\/\/www.lausitzer-museenland.de\/cs\/wp-json\/wp\/v2\/types\/page"}],"author":[{"embeddable":true,"href":"https:\/\/www.lausitzer-museenland.de\/cs\/wp-json\/wp\/v2\/users\/13"}],"replies":[{"embeddable":true,"href":"https:\/\/www.lausitzer-museenland.de\/cs\/wp-json\/wp\/v2\/comments?post=198"}],"version-history":[{"count":24,"href":"https:\/\/www.lausitzer-museenland.de\/cs\/wp-json\/wp\/v2\/pages\/198\/revisions"}],"predecessor-version":[{"id":53920,"href":"https:\/\/www.lausitzer-museenland.de\/cs\/wp-json\/wp\/v2\/pages\/198\/revisions\/53920"}],"up":[{"embeddable":true,"href":"https:\/\/www.lausitzer-museenland.de\/cs\/wp-json\/wp\/v2\/pages\/113"}],"wp:featuredmedia":[{"embeddable":true,"href":"https:\/\/www.lausitzer-museenland.de\/cs\/wp-json\/wp\/v2\/media\/4175"}],"wp:attachment":[{"href":"https:\/\/www.lausitzer-museenland.de\/cs\/wp-json\/wp\/v2\/media?parent=198"}],"curies":[{"name":"wp","href":"https:\/\/api.w.org\/{rel}","templated":true}]}}