{"id":202,"date":"2014-11-05T17:45:40","date_gmt":"2014-11-05T16:45:40","guid":{"rendered":"http:\/\/lausitzer-museenland.de\/?page_id=202"},"modified":"2024-02-08T12:35:37","modified_gmt":"2024-02-08T11:35:37","slug":"heimatstube-klein-koelzig","status":"publish","type":"page","link":"https:\/\/www.lausitzer-museenland.de\/cs\/muzea\/heimatstube-klein-koelzig\/","title":{"rendered":"Heimatstube Klein K\u00f6lzig \/ Domowniska \u015bpa Ma\u0142y K\u00f3lsk"},"content":{"rendered":"<p><a href=\"#galerie_klein_koelzig\">Galerie<\/a> |\u00a0<a href=\"#austellungen_klein_koelzig\">V\u00fdstavy<\/a>\u00a0| <a href=\"#kinderangebot_klein_koelzig\">Nab\u00eddky pro d\u011bti<\/a><br \/>\n<img loading=\"lazy\" class=\"enigma_img_responsive alignnone wp-image-1264\" src=\"https:\/\/www.lausitzer-museenland.de\/wp-content\/uploads\/2014\/11\/118.jpg\" alt=\"1\" width=\"800\" height=\"398\" srcset=\"https:\/\/www.lausitzer-museenland.de\/wp-content\/uploads\/2014\/11\/118.jpg 402w, https:\/\/www.lausitzer-museenland.de\/wp-content\/uploads\/2014\/11\/118-300x149.jpg 300w, https:\/\/www.lausitzer-museenland.de\/wp-content\/uploads\/2014\/11\/118-100x49.jpg 100w, https:\/\/www.lausitzer-museenland.de\/wp-content\/uploads\/2014\/11\/118-150x74.jpg 150w, https:\/\/www.lausitzer-museenland.de\/wp-content\/uploads\/2014\/11\/118-200x99.jpg 200w\" sizes=\"(max-width: 800px) 100vw, 800px\" \/><br \/>\nUm\u011bleck\u00e1 \u0159emesla a historie vesnice - sb\u00edrka ve \"star\u00e9 ciheln\u011b<\/p>\n\n<h3><strong>Alte Ziegelei und Heimatstube Klein K\u00f6lzig \/ Stara cyglownja a Domowniska \u015bpa Ma\u0142y K\u00f3lsk<\/strong><\/h3>\n<h3>Situace budovy \/ pozemku<\/h3>\n<p>Od rekonstrukce v roce 2005 zde n\u00e1v\u0161t\u011bvn\u00edci naleznou jedinou cihelnu s kompletn\u011b zachovalou kruhovou pec\u00ed v regionu. Od roku 2013 s\u00eddl\u00ed m\u00edstnost m\u00edstn\u00ed historie ve \"star\u00e9 ciheln\u011b\". Na v\u0161ech t\u0159ech \u00farovn\u00edch jsou pops\u00e1ny zku\u0161enosti a historick\u00e9 souvislosti, kter\u00e9 sv\u011bd\u010d\u00ed o vyu\u017eit\u00ed budovy cihelny.<\/p>\n<h3>Charakteristika<\/h3>\n<p>V m\u00edstn\u00edm historick\u00e9m centru jsou vystaveny expon\u00e1ty, dokumenty a fotografie o historii obce, \u017eivot\u011b v obci a jej\u00edch spolc\u00edch, hornictv\u00ed a m\u00edstn\u00edm \u0159emesln\u00edkovi, \u0159ezb\u00e1\u0159i Karlu Gierscherovi. Zvl\u00e1\u0161tn\u00ed atrakc\u00ed pro n\u00e1v\u0161t\u011bvn\u00edky je v\u00fdstava geologick\u00fdch n\u00e1lez\u016f z okoln\u00edch povrchov\u00fdch dol\u016f.<\/p>\n<p>Zat\u00edmco \u010dlenov\u00e9 sdru\u017een\u00ed cihl\u00e1\u0159\u016f budou stavbu prezentovat, vy nahl\u00e9dnete do v\u00fdrobn\u00edch proces\u016f, kter\u00e9 se vyzna\u010duj\u00ed t\u011b\u017ekou ru\u010dn\u00ed prac\u00ed. Z\u00e1rove\u0148 v\u00e1s zasv\u011bt\u00ed do tajemstv\u00ed, pro\u010d stavba p\u0159e\u017eila t\u011b\u017ek\u00e9 obdob\u00ed po ukon\u010den\u00ed v\u00fdroby.<\/p>\n<p>V roce 2008 zah\u00e1jilo sdru\u017een\u00ed \"Klein K\u00f6lziger Ziegeleibahn e.V.\" p\u0159estavbu b\u00fdval\u00e9 rychlodr\u00e1hy. Ta byla zasazena do are\u00e1lu cihelny. Historii poln\u00ed dr\u00e1hy v Klein K\u00f6lzigu n\u00e1zorn\u011b ilustruje provoz historick\u00fdch vozidel na trat\u00edch.<\/p>\n<h3>Speci\u00e1ln\u00ed v\u00fdstavy \/ doprovodn\u00e9 nab\u00eddky<a id=\"austellungen_klein_koelzig\"><\/a><\/h3>\n<p>V dubnu nebo kv\u011btnu zahajuje sez\u00f3nu lehk\u00e1 \u017eeleznice a den otev\u0159en\u00fdch dve\u0159\u00ed v ciheln\u011b.<\/p>\n<p>V kv\u011btnu a \u010dervnu, o v\u00edkendu po sv\u00e1tku Nanebevstoupen\u00ed P\u00e1n\u011b, se kon\u00e1 spole\u010dn\u00e1 akce s Bad Muskau Forest Railway a spolkem Muskau Arch Geopark. Tak\u00e9 v kv\u011btnu nebo \u010dervnu mohou n\u00e1v\u0161t\u011bvn\u00edci za\u017e\u00edt v\u00edkend v geoparku na kole a vlakem.<\/p>\n<p>T\u0159et\u00ed adventn\u00ed v\u00e1no\u010dn\u00ed trh v \"Alte Ziegelei\" nalad\u00ed hosty na v\u00e1no\u010dn\u00ed atmosf\u00e9ru.<\/p>\n<h3>Nab\u00eddky pro d\u011bti - S Kobim do muzea<a id=\"kinderangebot_klein_koelzig\"><\/a><\/h3>\n<p align=\"left\">Kobi - duch mal\u00e9ho domu - je v muzeu jako doma. Bydl\u00ed tam v ba\u010dkor\u00e1ch pod kamny. O p\u016flnoci odposlouch\u00e1v\u00e1 star\u00e9 muzejn\u00ed expon\u00e1ty, kdy\u017e si vypr\u00e1v\u011bj\u00ed p\u0159\u00edb\u011bhy z minulosti. Tyto vzru\u0161uj\u00edc\u00ed p\u0159\u00edb\u011bhy vypr\u00e1v\u00ed pracovn\u00edk\u016fm muzea, kte\u0159\u00ed je pak p\u0159ed\u00e1vaj\u00ed d\u011btem - p\u0159\u00edb\u011bhy ze star\u00fdch, d\u00e1vn\u00fdch \u010das\u016f.<\/p>\n<p class=\"entry-title post-title\">Kobi nab\u00edz\u00ed:<\/p>\n<div>\n<h5>1. um\u011bn\u00ed a \u0159emesla a historie obce<\/h5>\n<div data-post-id='kunsthandwerk-und-dorfgeschichte' class='insert-page insert-page-kunsthandwerk-und-dorfgeschichte'>\t\t\t\t\t<p>V m\u00edstnosti historie jsou shrom\u00e1\u017ed\u011bny expon\u00e1ty, dokumenty a fotografie o historii obce, o \u017eivot\u011b v obci a jej\u00edch spolc\u00edch, o hornictv\u00ed, o ciheln\u011b Klein K\u00f6lziger a o m\u00edstn\u00edm \u0159emesln\u00edkovi (\u0159ezb\u00e1\u0159i Karlu Gierscherovi).<\/p>\n<p>Nab\u00eddka prob\u00edh\u00e1 v interi\u00e9ru a je ur\u010dena \u017e\u00e1k\u016fm 1. a\u017e 10. t\u0159\u00eddy.<br \/>\nTerm\u00edny: dle dohody<br \/>\nP\u0159edb\u011b\u017en\u00e1 registrace: nejpozd\u011bji 2 t\u00fddny p\u0159edem<\/p>\n<p><a href=\"http:\/\/www.ziegeleibahn-klein-koelzig.de\" target=\"_blank\">M\u00edstnost m\u00edstn\u00ed historie Klein K\u00f6lzig<\/a><\/p>\n\t\t\t\t\t<\/div>\n<h5>2. na trat\u00edch lu\u017eick\u00fdch cihlov\u00fdch a lehk\u00fdch \u017eeleznic<\/h5>\n<div data-post-id='auf-den-spuren-lausitzer-ziegel-und-feldbahnen' class='insert-page insert-page-auf-den-spuren-lausitzer-ziegel-und-feldbahnen'>\t\t\t\t\t<p>Tradice p\u00e1len\u00ed cihel v Klein K\u00f6lzigu sah\u00e1 hluboko do 19. stolet\u00ed. Pot\u00e9, co od roku 1840 vznikaly prvn\u00ed mal\u00e9 soukrom\u00e9 cihelny, postavila akciov\u00e1 spole\u010dnost Gro\u00dfer Kurf\u00fcrst Berlin v letech 1892\/94 v Klein K\u00f6lzigu cihelnu, jej\u00edm\u017e st\u0159edobodem byla kruhov\u00e1 pec s 18 vypalovac\u00edmi komorami. V roce 1920 byla zprovozn\u011bna lehk\u00e1 \u017eeleznice pro p\u0159epravu hl\u00edny o d\u00e9lce 4,5 km. N\u00e1v\u0161t\u011bvn\u00edci se mohou t\u011b\u0161it na jedinou cihelnu s kompletn\u011b zachovalou kruhovou pec\u00ed v regionu. B\u011bhem prohl\u00eddky objektu je mo\u017en\u00e9 nahl\u00e9dnout do v\u00fdrobn\u00edch proces\u016f poznamenan\u00fdch t\u011b\u017ekou ru\u010dn\u00ed prac\u00ed a mimo jin\u00e9 je odhaleno tajemstv\u00ed, pro\u010d budova p\u0159e\u017eila t\u011b\u017ek\u00e9 obdob\u00ed po ukon\u010den\u00ed v\u00fdroby. Na z\u00e1v\u011br se m\u016f\u017eete sv\u00e9zt lehkou \u017eeleznic\u00ed na okru\u017en\u00ed trase.<\/p>\n<p>Program prob\u00edh\u00e1 v interi\u00e9ru i exteri\u00e9ru a je ur\u010den pro \u017e\u00e1ky 4. a\u017e 12. t\u0159\u00edd.<br \/>\nTerm\u00edny: Od pond\u011bl\u00ed do ned\u011ble po dohod\u011b<br \/>\nP\u0159edb\u011b\u017en\u00e1 registrace: nejpozd\u011bji 1 t\u00fdden p\u0159edem<br \/>\nDoba trv\u00e1n\u00ed: p\u0159ibli\u017en\u011b 1,5 hodiny<br \/>\nVelikost skupiny: 10 a\u017e 25 osob<br \/>\nVstupn\u00e9 na osobu: 3,50 \u20ac<br \/>\nSkupinov\u00e9 ceny na individu\u00e1ln\u00ed \u017e\u00e1dost<br \/>\nJ\u00edzda po \u017eeleznici v ciheln\u011b:<br \/>\nza d\u00edt\u011b: 1,50 \u20ac, za dosp\u011bl\u00e9ho: 3,00 \u20ac<\/p>\n<p><a href=\"http:\/\/www.ziegeleibahn-klein-koelzig.de\" target=\"_blank\" rel=\"noopener noreferrer\">M\u00edstnost m\u00edstn\u00ed historie Klein K\u00f6lzig<\/a><\/p>\n\t\t\t\t\t<\/div>\n<h3><\/h3>\n<p>&nbsp;<\/p>\n<h3>Galerie<a id=\"galerie_klein_koelzig\"><\/a><\/h3>\n<div id=\"envira-gallery-wrap-202\" class=\"envira-gallery-wrap envira-gallery-theme-base envira-lightbox-theme-base\" itemscope itemtype=\"https:\/\/schema.org\/ImageGallery\"><div data-row-height=\"\" data-gallery-theme=\"\" id=\"envira-gallery-202\" class=\"envira-gallery-public  envira-gallery-3-columns envira-clear enviratope envira-gallery-css-animations\" data-envira-columns=\"3\"><div id=\"envira-gallery-item-44954\" class=\"envira-gallery-item enviratope-item envira-gallery-item-1\" style=\"padding-left: 5px; padding-bottom: 10px; padding-right: 5px;\"  itemscope itemtype=\"https:\/\/schema.org\/ImageObject\"><div class=\"envira-gallery-item-inner\"><div class=\"envira-gallery-position-overlay  envira-gallery-top-left\"><\/div><div class=\"envira-gallery-position-overlay  envira-gallery-top-right\"><\/div><div class=\"envira-gallery-position-overlay  envira-gallery-bottom-left\"><\/div><div class=\"envira-gallery-position-overlay  envira-gallery-bottom-right\"><\/div><a href=\"https:\/\/www.lausitzer-museenland.de\/wp-content\/uploads\/2014\/11\/Ziegelei-Au\u00dfenansicht_web1.jpg\" class=\"envira-gallery-202 envira-gallery-link\" rel=\"enviragallery202\" title=\"Brickyard_exterior_view_web\" data-envira-caption=\"Ziegelei-Au&szlig;enansicht_web\" data-envira-retina=\"\" data-thumbnail=\"\"  itemprop=\"contentUrl\"><div class=\"envira-lazy\" data-test-width=\"960\" data-test-height=\"300\" style=\"padding-bottom:31.25%;\"><img id=\"envira-gallery-image-44954\" class=\"envira-gallery-image envira-gallery-image-1\" data-envira-index=\"1\" src=\"https:\/\/www.lausitzer-museenland.de\/wp-content\/uploads\/2014\/11\/Ziegelei-Au\u00dfenansicht_web1.jpg\" data-envira-src=\"https:\/\/www.lausitzer-museenland.de\/wp-content\/uploads\/2014\/11\/Ziegelei-Au\u00dfenansicht_web1.jpg\" data-envira-gallery-id=\"202\" data-envira-item-id=\"44954\" data-envira-caption=\"Ziegelei-Au&szlig;enansicht_web\" alt=\"\" title=\"Brickworks_exterior_view_web\"  itemprop=\"thumbnailUrl\" data-envira-srcset=\"https:\/\/www.lausitzer-museenland.de\/wp-content\/uploads\/2014\/11\/Ziegelei-Au\u00dfenansicht_web1.jpg 400w,https:\/\/www.lausitzer-museenland.de\/wp-content\/uploads\/2014\/11\/Ziegelei-Au\u00dfenansicht_web1.jpg 2x\" srcset=\"data:image\/gif;base64,R0lGODlhAQABAIAAAP\/\/\/\/\/\/\/yH5BAEKAAEALAAAAAABAAEAAAICTAEAOw==\" \/><\/div><\/a><\/div><\/div><div id=\"envira-gallery-item-3438\" class=\"envira-gallery-item enviratope-item envira-gallery-item-2\" style=\"padding-left: 5px; padding-bottom: 10px; padding-right: 5px;\"  itemscope itemtype=\"https:\/\/schema.org\/ImageObject\"><div class=\"envira-gallery-item-inner\"><div class=\"envira-gallery-position-overlay  envira-gallery-top-left\"><\/div><div class=\"envira-gallery-position-overlay  envira-gallery-top-right\"><\/div><div class=\"envira-gallery-position-overlay  envira-gallery-bottom-left\"><\/div><div class=\"envira-gallery-position-overlay  envira-gallery-bottom-right\"><\/div><a href=\"https:\/\/www.lausitzer-museenland.de\/wp-content\/uploads\/2014\/11\/216.jpg\" class=\"envira-gallery-202 envira-gallery-link\" rel=\"enviragallery202\" title=\"M\u00edstnost m\u00edstn\u00ed historie od roku 2013 ve &quot;Star\u00e9 ciheln\u011b&quot; \/ Foto: B. D\u00e4hne\" data-envira-caption=\"Heimatstube seit 2013 in der &amp;quot;Alten Ziegelei&amp;quot; \/ Foto: B. D&auml;hne\" data-envira-retina=\"\" data-thumbnail=\"\"  itemprop=\"contentUrl\"><div class=\"envira-lazy\" data-test-width=\"960\" data-test-height=\"300\" style=\"padding-bottom:31.25%;\"><img id=\"envira-gallery-image-3438\" class=\"envira-gallery-image envira-gallery-image-2\" data-envira-index=\"2\" src=\"https:\/\/www.lausitzer-museenland.de\/wp-content\/uploads\/2014\/11\/216.jpg\" data-envira-src=\"https:\/\/www.lausitzer-museenland.de\/wp-content\/uploads\/2014\/11\/216.jpg\" data-envira-gallery-id=\"202\" data-envira-item-id=\"3438\" data-envira-caption=\"Heimatstube seit 2013 in der &amp;quot;Alten Ziegelei&amp;quot; \/ Foto: B. D&auml;hne\" alt=\"\" title=\"Vlastiv\u011bdn\u00fd salon v &quot;Alte Ziegelei&quot; od roku 2013 \/ Foto: B. D\u00e4hne\"  itemprop=\"thumbnailUrl\" data-envira-srcset=\"https:\/\/www.lausitzer-museenland.de\/wp-content\/uploads\/2014\/11\/216.jpg 400w,https:\/\/www.lausitzer-museenland.de\/wp-content\/uploads\/2014\/11\/216.jpg 2x\" srcset=\"data:image\/gif;base64,R0lGODlhAQABAIAAAP\/\/\/\/\/\/\/yH5BAEKAAEALAAAAAABAAEAAAICTAEAOw==\" \/><\/div><\/a><\/div><\/div><div id=\"envira-gallery-item-44952\" class=\"envira-gallery-item enviratope-item envira-gallery-item-3\" style=\"padding-left: 5px; padding-bottom: 10px; padding-right: 5px;\"  itemscope itemtype=\"https:\/\/schema.org\/ImageObject\"><div class=\"envira-gallery-item-inner\"><div class=\"envira-gallery-position-overlay  envira-gallery-top-left\"><\/div><div class=\"envira-gallery-position-overlay  envira-gallery-top-right\"><\/div><div class=\"envira-gallery-position-overlay  envira-gallery-bottom-left\"><\/div><div class=\"envira-gallery-position-overlay  envira-gallery-bottom-right\"><\/div><a href=\"https:\/\/www.lausitzer-museenland.de\/wp-content\/uploads\/2014\/11\/Ziegelei_Besucher.png\" class=\"envira-gallery-202 envira-gallery-link\" rel=\"enviragallery202\" title=\"Brickyard_visitors\" data-envira-caption=\"Ziegelei_Besucher\" data-envira-retina=\"\" data-thumbnail=\"\"  itemprop=\"contentUrl\"><div class=\"envira-lazy\" data-test-width=\"960\" data-test-height=\"300\" style=\"padding-bottom:31.25%;\"><img id=\"envira-gallery-image-44952\" class=\"envira-gallery-image envira-gallery-image-3\" data-envira-index=\"3\" src=\"https:\/\/www.lausitzer-museenland.de\/wp-content\/uploads\/2014\/11\/Ziegelei_Besucher.png\" data-envira-src=\"https:\/\/www.lausitzer-museenland.de\/wp-content\/uploads\/2014\/11\/Ziegelei_Besucher.png\" data-envira-gallery-id=\"202\" data-envira-item-id=\"44952\" data-envira-caption=\"Ziegelei_Besucher\" alt=\"\" title=\"Brickyard_visitors\"  itemprop=\"thumbnailUrl\" data-envira-srcset=\"https:\/\/www.lausitzer-museenland.de\/wp-content\/uploads\/2014\/11\/Ziegelei_Besucher.png 400w,https:\/\/www.lausitzer-museenland.de\/wp-content\/uploads\/2014\/11\/Ziegelei_Besucher.png 2x\" srcset=\"data:image\/gif;base64,R0lGODlhAQABAIAAAP\/\/\/\/\/\/\/yH5BAEKAAEALAAAAAABAAEAAAICTAEAOw==\" \/><\/div><\/a><\/div><\/div><div id=\"envira-gallery-item-44955\" class=\"envira-gallery-item enviratope-item envira-gallery-item-4\" style=\"padding-left: 5px; padding-bottom: 10px; padding-right: 5px;\"  itemscope itemtype=\"https:\/\/schema.org\/ImageObject\"><div class=\"envira-gallery-item-inner\"><div class=\"envira-gallery-position-overlay  envira-gallery-top-left\"><\/div><div class=\"envira-gallery-position-overlay  envira-gallery-top-right\"><\/div><div class=\"envira-gallery-position-overlay  envira-gallery-bottom-left\"><\/div><div class=\"envira-gallery-position-overlay  envira-gallery-bottom-right\"><\/div><a href=\"https:\/\/www.lausitzer-museenland.de\/wp-content\/uploads\/2014\/11\/Ziegelei_Bahn.jpg\" class=\"envira-gallery-202 envira-gallery-link\" rel=\"enviragallery202\" title=\"Brickyard_railway\" data-envira-caption=\"Ziegelei_Bahn\" data-envira-retina=\"\" data-thumbnail=\"\"  itemprop=\"contentUrl\"><div class=\"envira-lazy\" data-test-width=\"960\" data-test-height=\"300\" style=\"padding-bottom:31.25%;\"><img id=\"envira-gallery-image-44955\" class=\"envira-gallery-image envira-gallery-image-4\" data-envira-index=\"4\" src=\"https:\/\/www.lausitzer-museenland.de\/wp-content\/uploads\/2014\/11\/Ziegelei_Bahn.jpg\" data-envira-src=\"https:\/\/www.lausitzer-museenland.de\/wp-content\/uploads\/2014\/11\/Ziegelei_Bahn.jpg\" data-envira-gallery-id=\"202\" data-envira-item-id=\"44955\" data-envira-caption=\"Ziegelei_Bahn\" alt=\"\" title=\"Brickyard_railway\"  itemprop=\"thumbnailUrl\" data-envira-srcset=\"https:\/\/www.lausitzer-museenland.de\/wp-content\/uploads\/2014\/11\/Ziegelei_Bahn.jpg 400w,https:\/\/www.lausitzer-museenland.de\/wp-content\/uploads\/2014\/11\/Ziegelei_Bahn.jpg 2x\" srcset=\"data:image\/gif;base64,R0lGODlhAQABAIAAAP\/\/\/\/\/\/\/yH5BAEKAAEALAAAAAABAAEAAAICTAEAOw==\" \/><\/div><\/a><\/div><\/div><\/div><\/div><noscript><img src=\"https:\/\/www.lausitzer-museenland.de\/wp-content\/uploads\/2014\/11\/Ziegelei-Au\u00dfenansicht_web1.jpg\" alt=\"\" \/><img src=\"https:\/\/www.lausitzer-museenland.de\/wp-content\/uploads\/2014\/11\/216.jpg\" alt=\"\" \/><img src=\"https:\/\/www.lausitzer-museenland.de\/wp-content\/uploads\/2014\/11\/Ziegelei_Besucher.png\" alt=\"\" \/><img src=\"https:\/\/www.lausitzer-museenland.de\/wp-content\/uploads\/2014\/11\/Ziegelei_Bahn.jpg\" alt=\"\" \/><\/noscript>\n<\/div>\n<div><\/div>","protected":false},"excerpt":{"rendered":"<p>Galerie | V\u00fdstavy | Nab\u00eddka pro d\u011bti Um\u011bleck\u00e1 \u0159emesla a historie obce - sb\u00edrka ve \"Star\u00e9 ciheln\u011b\" Star\u00e1 cihelna a m\u00edstnost m\u00edstn\u00ed historie Klein K\u00f6lzig \/ Stara cyglownja a Domowniska \u015bpa Ma\u0142y K\u00f3lsk Stavba \/ situace na m\u00edst\u011b Od rekonstrukce v roce 2005 se n\u00e1v\u0161t\u011bvn\u00edci mohou t\u011b\u0161it na jedinou cihelnu s kompletn\u011b zachovalou kruhovou pec\u00ed v regionu. Od roku 2013 je m\u00edstnost m\u00edstn\u00ed historie<\/p>","protected":false},"author":13,"featured_media":0,"parent":113,"menu_order":0,"comment_status":"closed","ping_status":"closed","template":"","meta":[],"_links":{"self":[{"href":"https:\/\/www.lausitzer-museenland.de\/cs\/wp-json\/wp\/v2\/pages\/202"}],"collection":[{"href":"https:\/\/www.lausitzer-museenland.de\/cs\/wp-json\/wp\/v2\/pages"}],"about":[{"href":"https:\/\/www.lausitzer-museenland.de\/cs\/wp-json\/wp\/v2\/types\/page"}],"author":[{"embeddable":true,"href":"https:\/\/www.lausitzer-museenland.de\/cs\/wp-json\/wp\/v2\/users\/13"}],"replies":[{"embeddable":true,"href":"https:\/\/www.lausitzer-museenland.de\/cs\/wp-json\/wp\/v2\/comments?post=202"}],"version-history":[{"count":17,"href":"https:\/\/www.lausitzer-museenland.de\/cs\/wp-json\/wp\/v2\/pages\/202\/revisions"}],"predecessor-version":[{"id":55003,"href":"https:\/\/www.lausitzer-museenland.de\/cs\/wp-json\/wp\/v2\/pages\/202\/revisions\/55003"}],"up":[{"embeddable":true,"href":"https:\/\/www.lausitzer-museenland.de\/cs\/wp-json\/wp\/v2\/pages\/113"}],"wp:attachment":[{"href":"https:\/\/www.lausitzer-museenland.de\/cs\/wp-json\/wp\/v2\/media?parent=202"}],"curies":[{"name":"wp","href":"https:\/\/api.w.org\/{rel}","templated":true}]}}