{"id":210,"date":"2014-11-05T17:48:48","date_gmt":"2014-11-05T16:48:48","guid":{"rendered":"http:\/\/lausitzer-museenland.de\/?page_id=210"},"modified":"2022-05-31T07:42:02","modified_gmt":"2022-05-31T05:42:02","slug":"heimatstube-tschernitz","status":"publish","type":"page","link":"https:\/\/www.lausitzer-museenland.de\/cs\/muzea\/heimatstube-tschernitz\/","title":{"rendered":"Heimatstube Tschernitz \/ Domowniska \u015bpa Cersk"},"content":{"rendered":"<h3><a href=\"https:\/\/www.lausitzer-museenland.de\/wp-content\/uploads\/2016\/01\/SchuleTschernitz.jpg\"><img loading=\"lazy\" class=\"aligncenter size-full wp-image-4187\" src=\"https:\/\/www.lausitzer-museenland.de\/wp-content\/uploads\/2016\/01\/SchuleTschernitz.jpg\" alt=\"\u0160kolaTschernitz\" width=\"250\" height=\"403\" srcset=\"https:\/\/www.lausitzer-museenland.de\/wp-content\/uploads\/2016\/01\/SchuleTschernitz.jpg 250w, https:\/\/www.lausitzer-museenland.de\/wp-content\/uploads\/2016\/01\/SchuleTschernitz-186x300.jpg 186w\" sizes=\"(max-width: 250px) 100vw, 250px\" \/><\/a><\/h3>\n\n<h3>Situace budovy \/ pozemku<\/h3>\n<p>Tschernitzer Heimatstube s\u00eddlila v m\u00edstnostech v\u00edce ne\u017e sto let star\u00e9 \u0161koln\u00ed budovy, tzv. \u010derven\u00e9 \u0161koly. \u0160kola byla slavnostn\u011b otev\u0159ena 4. \u010dervence 1907 a je nejv\u00fdznamn\u011bj\u0161\u00ed budovou v obci. Budova nab\u00edz\u00ed vynikaj\u00edc\u00ed podm\u00ednky pro \u0161irok\u00fd klubov\u00fd \u017eivot. Sv\u016fj domov zde na\u0161el tak\u00e9 m\u00edstn\u00ed historick\u00fd spolek \"F\u00f6hrenflie\u00df e.V.\" se sv\u00fdmi sb\u00edrkami. N\u00e1v\u0161t\u011bvn\u00edk\u016fm je n\u00e1le\u017eit\u011b p\u0159edstavena v\u00fdstava historick\u00fdch p\u0159edm\u011bt\u016f, dokumentace a fotografi\u00ed z d\u00e1vno zapomenut\u00fdch dob v \u010cernic\u00edch.<\/p>\n<h3>Charakteristika<\/h3>\n<p>V\u00fdstava Heimatstube se zam\u011b\u0159uje na historii skl\u00e1\u0159sk\u00e9ho pr\u016fmyslu v obci. V letech 1829 a\u017e 1984 se v druh\u00e9 nejstar\u0161\u00ed skl\u00e1rn\u011b v regionu vyr\u00e1b\u011blo dut\u00e9 sklo. N\u00e1sledn\u011b byla zah\u00e1jena v\u00fdroba obrazovky, kter\u00e1 byla ukon\u010dena v roce 2007. Vystaveny jsou p\u0159edev\u0161\u00edm v\u00fdrobky z let do roku 1984.<\/p>\n<p>Dal\u0161\u00edm t\u00e9matem je \u0161koln\u00ed historie obce, kter\u00e1 za\u010dala v roce 1870 a skon\u010dila v roce 2003.<\/p>\n<p>V m\u00edstnosti m\u00edstn\u00ed historie si st\u00e1le m\u016f\u017eete prohl\u00e9dnout historick\u00e9 p\u0159edm\u011bty z dom\u00e1cnosti a pr\u016fmyslu.<\/p>\n<h3>Speci\u00e1ln\u00ed v\u00fdstavy \/ doprovodn\u00e9 nab\u00eddky<\/h3>\n<ul>\n<li>Vyd\u00e1v\u00e1n\u00ed publikac\u00ed (nap\u0159. o historii \u0161koly).<\/li>\n<li>M\u00edstn\u00ed soci\u00e1ln\u011b-kulturn\u00ed centrum ve spolupr\u00e1ci s Heimatstube<\/li>\n<\/ul>\n<h3>Nab\u00eddky pro d\u011bti - S Kobim do muzea<\/h3>\n<p align=\"left\">Kobi - duch mal\u00e9ho domu - je v muzeu jako doma. Bydl\u00ed tam v ba\u010dkor\u00e1ch pod kamny. O p\u016flnoci odposlouch\u00e1v\u00e1 star\u00e9 muzejn\u00ed expon\u00e1ty, kdy\u017e si vypr\u00e1v\u011bj\u00ed p\u0159\u00edb\u011bhy z minulosti. Tyto vzru\u0161uj\u00edc\u00ed p\u0159\u00edb\u011bhy vypr\u00e1v\u00ed pracovn\u00edk\u016fm muzea, kte\u0159\u00ed je pak p\u0159ed\u00e1vaj\u00ed d\u011btem - p\u0159\u00edb\u011bhy ze star\u00fdch, d\u00e1vn\u00fdch \u010das\u016f.<\/p>\n<p>Kobi nab\u00edz\u00ed:<\/p>\n<div>\n<h5>\u010cerven\u00e1 \u0161kola a barevn\u00e9 sklo<\/h5>\n<div data-post-id='rote-schule-und-buntes-glas' class='insert-page insert-page-rote-schule-und-buntes-glas'><\/div>\n<\/div>\n<div><\/div>","protected":false},"excerpt":{"rendered":"<p>Stavba \/ situace na m\u00edst\u011b Tschernitzer Heimatstube byla um\u00edst\u011bna v m\u00edstnostech v\u00edce ne\u017e sto let star\u00e9 \u0161koln\u00ed budovy, tzv. \"\u010cerven\u00e9 \u0161koly\". \u0160kola byla slavnostn\u011b otev\u0159ena 4. \u010dervence 1907 a je nejv\u00fdznamn\u011bj\u0161\u00ed budovou v obci. Budova nab\u00edz\u00ed vynikaj\u00edc\u00ed podm\u00ednky pro \u0161irok\u00fd klubov\u00fd \u017eivot. Svou sb\u00edrku zde m\u00e1 m\u00edstn\u00ed historick\u00fd spolek \"F\u00f6hrenflie\u00df e.V.\".<\/p>","protected":false},"author":13,"featured_media":0,"parent":113,"menu_order":0,"comment_status":"closed","ping_status":"closed","template":"","meta":[],"_links":{"self":[{"href":"https:\/\/www.lausitzer-museenland.de\/cs\/wp-json\/wp\/v2\/pages\/210"}],"collection":[{"href":"https:\/\/www.lausitzer-museenland.de\/cs\/wp-json\/wp\/v2\/pages"}],"about":[{"href":"https:\/\/www.lausitzer-museenland.de\/cs\/wp-json\/wp\/v2\/types\/page"}],"author":[{"embeddable":true,"href":"https:\/\/www.lausitzer-museenland.de\/cs\/wp-json\/wp\/v2\/users\/13"}],"replies":[{"embeddable":true,"href":"https:\/\/www.lausitzer-museenland.de\/cs\/wp-json\/wp\/v2\/comments?post=210"}],"version-history":[{"count":12,"href":"https:\/\/www.lausitzer-museenland.de\/cs\/wp-json\/wp\/v2\/pages\/210\/revisions"}],"predecessor-version":[{"id":53925,"href":"https:\/\/www.lausitzer-museenland.de\/cs\/wp-json\/wp\/v2\/pages\/210\/revisions\/53925"}],"up":[{"embeddable":true,"href":"https:\/\/www.lausitzer-museenland.de\/cs\/wp-json\/wp\/v2\/pages\/113"}],"wp:attachment":[{"href":"https:\/\/www.lausitzer-museenland.de\/cs\/wp-json\/wp\/v2\/media?parent=210"}],"curies":[{"name":"wp","href":"https:\/\/api.w.org\/{rel}","templated":true}]}}