{"id":213,"date":"2014-11-05T17:50:02","date_gmt":"2014-11-05T16:50:02","guid":{"rendered":"http:\/\/lausitzer-museenland.de\/?page_id=213"},"modified":"2022-05-31T07:42:26","modified_gmt":"2022-05-31T05:42:26","slug":"spielzeugmuseum-kackrow","status":"publish","type":"page","link":"https:\/\/www.lausitzer-museenland.de\/cs\/muzea\/muzeum-hracek-kackrow\/","title":{"rendered":"Muzeum hra\u010dek Kackrow \/ Muzej grajkow Kokrjow"},"content":{"rendered":"<p><a href=\"#galerie_kackrow\">Galerie <\/a>|\u00a0<a href=\"#austellung_kackrow\">V\u00fdstavy<\/a>\u00a0| <a href=\"#kinderangebot_kackrow\">Nab\u00eddky pro d\u011bti<\/a><br \/>\n<img loading=\"lazy\" class=\"enigma_img_responsive alignnone wp-image-1266\" src=\"https:\/\/www.lausitzer-museenland.de\/wp-content\/uploads\/2014\/11\/120.jpg\" alt=\"1\" width=\"800\" height=\"398\" srcset=\"https:\/\/www.lausitzer-museenland.de\/wp-content\/uploads\/2014\/11\/120.jpg 402w, https:\/\/www.lausitzer-museenland.de\/wp-content\/uploads\/2014\/11\/120-300x149.jpg 300w, https:\/\/www.lausitzer-museenland.de\/wp-content\/uploads\/2014\/11\/120-100x49.jpg 100w, https:\/\/www.lausitzer-museenland.de\/wp-content\/uploads\/2014\/11\/120-150x74.jpg 150w, https:\/\/www.lausitzer-museenland.de\/wp-content\/uploads\/2014\/11\/120-200x99.jpg 200w\" sizes=\"(max-width: 800px) 100vw, 800px\" \/><\/p>\n\n<p>Smysl pro detail a v\u00e1\u0161e\u0148 pro sb\u011bratelstv\u00ed<\/p>\n<h3>Situace budovy \/ pozemku<\/h3>\n<p>V\u00fdstava je um\u00edst\u011bna v bo\u010dn\u00edm k\u0159\u00eddle rodinn\u00e9ho domu Knabeov\u00fdch. Pan Knabe s\u00e1m postavil \u010detn\u00e9 vitr\u00edny a vybavil je osv\u011btlen\u00edm. D\u016fm se nach\u00e1z\u00ed p\u0159\u00edmo na n\u00e1m\u011bst\u00ed v obci Kolkwitz ve \u010dtvrti Kackrow, kam se snadno dostanete z Glinzigu. V bezprost\u0159edn\u00ed bl\u00edzkosti se nach\u00e1z\u00ed zn\u00e1m\u00e1 a obl\u00edben\u00e1 restaurace \"Koselm\u00fchle\", kter\u00e1 zve n\u00e1v\u0161t\u011bvn\u00edky k ob\u010derstven\u00ed.<\/p>\n<h3>Charakteristika<\/h3>\n<p>V\u00fdstava zavede n\u00e1v\u0161t\u011bvn\u00edky do sv\u011bta d\u011bt\u00ed v letech 1880-1980. Jsou zde p\u0159edstaveny panenky a medv\u00eddci, hra\u010dk\u00e1\u0159stv\u00ed a ko\u010d\u00e1rky pro panenky, hry a d\u011btsk\u00e9 kn\u00ed\u017eky a mnoho dal\u0161\u00edch v\u011bc\u00ed, kter\u00e9 rozbu\u0161\u00ed d\u011btsk\u00e1 srdce. Na za\u010d\u00e1tku Christine Knabe sb\u00edrala hra\u010dky sv\u00fdch d\u011bt\u00ed a sv\u00e9 vlastn\u00ed hra\u010dky. Kdy\u017e jej\u00ed synov\u00e9 vyrostli a odst\u011bhovali se, man\u017eel\u00e9 Knabeovi upravili m\u00edstnosti v dom\u011b pro v\u00fdstavu. V sousedn\u00ed gar\u00e1\u017ei jsou zat\u00edm vystaveny ko\u010d\u00e1rky pro panenky. N\u00e1v\u0161t\u011bvn\u00edci mohou obdivovat porcel\u00e1nov\u00e9 hlavy a panenky Schildkr\u00f6t. Jsou zde vystaveny i panenky z filmov\u00e9ho studia Babelsberg. Velmi zvl\u00e1\u0161tn\u00edm pokladem jsou \u010detn\u00e9 dome\u010dky pro panenky a obch\u016fdky obchodn\u00edk\u016f, kter\u00e9 Christine Knabe dokon\u010duje s velk\u00fdm d\u016frazem na detail a v souladu s dobov\u00fdm stylem.<\/p>\n<h3>Speci\u00e1ln\u00ed v\u00fdstavy \/ doprovodn\u00e9 nab\u00eddky<a id=\"austellung_kackrow\"><\/a><\/h3>\n<p>Z\u00e1kladn\u00ed v\u00fdstava z\u016fst\u00e1v\u00e1 na m\u00edst\u011b po cel\u00fd rok. O V\u00e1noc\u00edch a Velikonoc\u00edch je v\u00fdstava vybavena historick\u00fdmi dekorativn\u00edmi prvky, kter\u00e9 odpov\u00eddaj\u00ed dan\u00e9 p\u0159\u00edle\u017eitosti. Krom\u011b toho se na dvo\u0159e Knabesov\u00fdch nach\u00e1zej\u00ed \u010detn\u00e9 modely ko\u010d\u00e1rk\u016f z posledn\u00edch 100 let, zejm\u00e9na ko\u010d\u00e1rky ZEKIWA.<br \/>\nO V\u00e1noc\u00edch a Velikonoc\u00edch mohou n\u00e1v\u0161t\u011bvn\u00edci o\u010dek\u00e1vat drobn\u00e9 sv\u00e1te\u010dn\u00ed nab\u00eddky.<\/p>\n<h3>Nab\u00eddky pro d\u011bti - S Kobim do muzea<a id=\"kinderangebot_kackrow\"><\/a><\/h3>\n<p>Kobi - duch mal\u00e9ho domu - je v muzeu jako doma. Bydl\u00ed tam v ba\u010dkor\u00e1ch pod kamny. O p\u016flnoci odposlouch\u00e1v\u00e1 star\u00e9 muzejn\u00ed expon\u00e1ty, kdy\u017e si vypr\u00e1v\u011bj\u00ed p\u0159\u00edb\u011bhy z minulosti. Tyto vzru\u0161uj\u00edc\u00ed p\u0159\u00edb\u011bhy vypr\u00e1v\u00ed pracovn\u00edk\u016fm muzea, kte\u0159\u00ed je pak p\u0159ed\u00e1vaj\u00ed d\u011btem - p\u0159\u00edb\u011bhy ze star\u00fdch, d\u00e1vn\u00fdch \u010das\u016f.<\/p>\n<p>Kobi nab\u00edz\u00ed:<\/p>\n<h5>Historick\u00e9 panenky a hra\u010dky<\/h5>\n<div data-post-id='historische-puppen-und-spielzeuge' class='insert-page insert-page-historische-puppen-und-spielzeuge'>\t\t\t\t\t<p>Na v\u00fdstav\u011b jsou k vid\u011bn\u00ed ko\u010d\u00e1rky a dome\u010dky pro panenky, kuchy\u0148ky, obch\u016fdky, panenky a hra\u010dky - v podstat\u011b z obdob\u00ed p\u0159ibli\u017en\u011b od roku 1880 do roku 1960. P\u0159edstaveny jsou panenky Schildkr\u00f6t, panenky K\u00e4the Kruse, porcel\u00e1nov\u00e9 hlavi\u010dky a masov\u00e9 panenky, medv\u00eddci a tak\u00e9 figur\u00edny. N\u00e1v\u0161t\u011bvn\u00edci by si v\u0161ak m\u011bli vz\u00edt s sebou \u010das a klid, proto\u017ee mnoho v\u011bc\u00ed ve vitr\u00edn\u00e1ch lze vid\u011bt a\u017e p\u0159i druh\u00e9 prohl\u00eddce.<\/p>\n<p>Nab\u00eddka prob\u00edh\u00e1 v interi\u00e9ru a je ur\u010dena p\u0159ed\u0161koln\u00edm d\u011btem a prv\u0148\u00e1\u010dk\u016fm.<br \/>\nTerm\u00edny: dle dohody<br \/>\nP\u0159edb\u011b\u017en\u00e1 registrace: nejpozd\u011bji 2 t\u00fddny p\u0159edem<br \/>\nVelikost skupiny: 10 osob<br \/>\nVstupn\u00e9 na osobu: 1,00 \u20ac<\/p>\n<p><a title=\"Muzeum hra\u010dek Kackrow \/ Muzej grajkow Kokrjow\" href=\"\/museen\/spielzeugmuseum-kackrow\/\">Muzeum hra\u010dek Kackrow<\/a><\/p>\n\t\t\t\t\t<\/div>\n<h3><\/h3>\n<p>&nbsp;<\/p>\n<h3>Galerie<a id=\"galerie_kackrow\"><\/a><\/h3>\n<div id=\"envira-gallery-wrap-213\" class=\"envira-gallery-wrap envira-gallery-theme-base envira-lightbox-theme-base\" itemscope itemtype=\"https:\/\/schema.org\/ImageGallery\"><div data-row-height=\"\" data-gallery-theme=\"\" id=\"envira-gallery-213\" class=\"envira-gallery-public  envira-gallery-3-columns envira-clear enviratope envira-gallery-css-animations\" data-envira-columns=\"3\"><div id=\"envira-gallery-item-3461\" class=\"envira-gallery-item enviratope-item envira-gallery-item-1\" style=\"padding-left: 5px; padding-bottom: 10px; padding-right: 5px;\"  itemscope itemtype=\"https:\/\/schema.org\/ImageObject\"><div class=\"envira-gallery-item-inner\"><div class=\"envira-gallery-position-overlay  envira-gallery-top-left\"><\/div><div class=\"envira-gallery-position-overlay  envira-gallery-top-right\"><\/div><div class=\"envira-gallery-position-overlay  envira-gallery-bottom-left\"><\/div><div class=\"envira-gallery-position-overlay  envira-gallery-bottom-right\"><\/div><a href=\"https:\/\/www.lausitzer-museenland.de\/wp-content\/uploads\/2014\/11\/151.jpg\" class=\"envira-gallery-213 envira-gallery-link\" rel=\"enviragallery213\" title=\"Muzeum hra\u010dek Kackrow\" data-envira-caption=\"Spielzeugmuseum Kackrow\" data-envira-retina=\"\" data-thumbnail=\"\"  itemprop=\"contentUrl\"><div class=\"envira-lazy\" data-test-width=\"960\" data-test-height=\"300\" style=\"padding-bottom:31.25%;\"><img id=\"envira-gallery-image-3461\" class=\"envira-gallery-image envira-gallery-image-1\" data-envira-index=\"1\" src=\"https:\/\/www.lausitzer-museenland.de\/wp-content\/uploads\/2014\/11\/151.jpg\" data-envira-src=\"https:\/\/www.lausitzer-museenland.de\/wp-content\/uploads\/2014\/11\/151.jpg\" data-envira-gallery-id=\"213\" data-envira-item-id=\"3461\" data-envira-caption=\"Spielzeugmuseum Kackrow\" alt=\"\" title=\"Muzeum hra\u010dek Kackrow\"  itemprop=\"thumbnailUrl\" data-envira-srcset=\"https:\/\/www.lausitzer-museenland.de\/wp-content\/uploads\/2014\/11\/151.jpg 400w,https:\/\/www.lausitzer-museenland.de\/wp-content\/uploads\/2014\/11\/151.jpg 2x\" srcset=\"data:image\/gif;base64,R0lGODlhAQABAIAAAP\/\/\/\/\/\/\/yH5BAEKAAEALAAAAAABAAEAAAICTAEAOw==\" \/><\/div><\/a><\/div><\/div><div id=\"envira-gallery-item-3462\" class=\"envira-gallery-item enviratope-item envira-gallery-item-2\" style=\"padding-left: 5px; padding-bottom: 10px; padding-right: 5px;\"  itemscope itemtype=\"https:\/\/schema.org\/ImageObject\"><div class=\"envira-gallery-item-inner\"><div class=\"envira-gallery-position-overlay  envira-gallery-top-left\"><\/div><div class=\"envira-gallery-position-overlay  envira-gallery-top-right\"><\/div><div class=\"envira-gallery-position-overlay  envira-gallery-bottom-left\"><\/div><div class=\"envira-gallery-position-overlay  envira-gallery-bottom-right\"><\/div><a href=\"https:\/\/www.lausitzer-museenland.de\/wp-content\/uploads\/2014\/11\/218.jpg\" class=\"envira-gallery-213 envira-gallery-link\" rel=\"enviragallery213\" title=\"Muzeum hra\u010dek Kackrow\" data-envira-caption=\"Spielzeugmuseum Kackrow\" data-envira-retina=\"\" data-thumbnail=\"\"  itemprop=\"contentUrl\"><div class=\"envira-lazy\" data-test-width=\"960\" data-test-height=\"300\" style=\"padding-bottom:31.25%;\"><img id=\"envira-gallery-image-3462\" class=\"envira-gallery-image envira-gallery-image-2\" data-envira-index=\"2\" src=\"https:\/\/www.lausitzer-museenland.de\/wp-content\/uploads\/2014\/11\/218.jpg\" data-envira-src=\"https:\/\/www.lausitzer-museenland.de\/wp-content\/uploads\/2014\/11\/218.jpg\" data-envira-gallery-id=\"213\" data-envira-item-id=\"3462\" data-envira-caption=\"Spielzeugmuseum Kackrow\" alt=\"\" title=\"Muzeum hra\u010dek Kackrow\"  itemprop=\"thumbnailUrl\" data-envira-srcset=\"https:\/\/www.lausitzer-museenland.de\/wp-content\/uploads\/2014\/11\/218.jpg 400w,https:\/\/www.lausitzer-museenland.de\/wp-content\/uploads\/2014\/11\/218.jpg 2x\" srcset=\"data:image\/gif;base64,R0lGODlhAQABAIAAAP\/\/\/\/\/\/\/yH5BAEKAAEALAAAAAABAAEAAAICTAEAOw==\" \/><\/div><\/a><\/div><\/div><div id=\"envira-gallery-item-3463\" class=\"envira-gallery-item enviratope-item envira-gallery-item-3\" style=\"padding-left: 5px; padding-bottom: 10px; padding-right: 5px;\"  itemscope itemtype=\"https:\/\/schema.org\/ImageObject\"><div class=\"envira-gallery-item-inner\"><div class=\"envira-gallery-position-overlay  envira-gallery-top-left\"><\/div><div class=\"envira-gallery-position-overlay  envira-gallery-top-right\"><\/div><div class=\"envira-gallery-position-overlay  envira-gallery-bottom-left\"><\/div><div class=\"envira-gallery-position-overlay  envira-gallery-bottom-right\"><\/div><a href=\"https:\/\/www.lausitzer-museenland.de\/wp-content\/uploads\/2014\/11\/310.jpg\" class=\"envira-gallery-213 envira-gallery-link\" rel=\"enviragallery213\" title=\"Muzeum hra\u010dek Kackrow\" data-envira-caption=\"Spielzeugmuseum Kackrow\" data-envira-retina=\"\" data-thumbnail=\"\"  itemprop=\"contentUrl\"><div class=\"envira-lazy\" data-test-width=\"960\" data-test-height=\"300\" style=\"padding-bottom:31.25%;\"><img id=\"envira-gallery-image-3463\" class=\"envira-gallery-image envira-gallery-image-3\" data-envira-index=\"3\" src=\"https:\/\/www.lausitzer-museenland.de\/wp-content\/uploads\/2014\/11\/310.jpg\" data-envira-src=\"https:\/\/www.lausitzer-museenland.de\/wp-content\/uploads\/2014\/11\/310.jpg\" data-envira-gallery-id=\"213\" data-envira-item-id=\"3463\" data-envira-caption=\"Spielzeugmuseum Kackrow\" alt=\"\" title=\"Muzeum hra\u010dek Kackrow\"  itemprop=\"thumbnailUrl\" data-envira-srcset=\"https:\/\/www.lausitzer-museenland.de\/wp-content\/uploads\/2014\/11\/310.jpg 400w,https:\/\/www.lausitzer-museenland.de\/wp-content\/uploads\/2014\/11\/310.jpg 2x\" srcset=\"data:image\/gif;base64,R0lGODlhAQABAIAAAP\/\/\/\/\/\/\/yH5BAEKAAEALAAAAAABAAEAAAICTAEAOw==\" \/><\/div><\/a><\/div><\/div><\/div><\/div><noscript><img src=\"https:\/\/www.lausitzer-museenland.de\/wp-content\/uploads\/2014\/11\/151.jpg\" alt=\"\" \/><img src=\"https:\/\/www.lausitzer-museenland.de\/wp-content\/uploads\/2014\/11\/218.jpg\" alt=\"\" \/><img src=\"https:\/\/www.lausitzer-museenland.de\/wp-content\/uploads\/2014\/11\/310.jpg\" alt=\"\" \/><\/noscript>","protected":false},"excerpt":{"rendered":"<p>Galerie | V\u00fdstavy | Nab\u00eddka pro d\u011bti Pozornost k detailu a sb\u011bratelsk\u00e1 v\u00e1\u0161e\u0148 Stavba \/ majetkov\u00e9 pom\u011bry V\u00fdstava se nach\u00e1z\u00ed v bo\u010dn\u00edm k\u0159\u00eddle rodinn\u00e9ho domu Knabeov\u00fdch. Pan Knabe s\u00e1m postavil \u010detn\u00e9 vitr\u00edny a opat\u0159il je osv\u011btlen\u00edm. D\u016fm se nach\u00e1z\u00ed p\u0159\u00edmo na n\u00e1m\u011bst\u00ed v obci Kolkwitz ve \u010dtvrti Kackrow, kter\u00e1 je snadno dostupn\u00e1 z Glinzigu.<\/p>","protected":false},"author":13,"featured_media":0,"parent":113,"menu_order":0,"comment_status":"closed","ping_status":"closed","template":"","meta":[],"_links":{"self":[{"href":"https:\/\/www.lausitzer-museenland.de\/cs\/wp-json\/wp\/v2\/pages\/213"}],"collection":[{"href":"https:\/\/www.lausitzer-museenland.de\/cs\/wp-json\/wp\/v2\/pages"}],"about":[{"href":"https:\/\/www.lausitzer-museenland.de\/cs\/wp-json\/wp\/v2\/types\/page"}],"author":[{"embeddable":true,"href":"https:\/\/www.lausitzer-museenland.de\/cs\/wp-json\/wp\/v2\/users\/13"}],"replies":[{"embeddable":true,"href":"https:\/\/www.lausitzer-museenland.de\/cs\/wp-json\/wp\/v2\/comments?post=213"}],"version-history":[{"count":16,"href":"https:\/\/www.lausitzer-museenland.de\/cs\/wp-json\/wp\/v2\/pages\/213\/revisions"}],"predecessor-version":[{"id":53927,"href":"https:\/\/www.lausitzer-museenland.de\/cs\/wp-json\/wp\/v2\/pages\/213\/revisions\/53927"}],"up":[{"embeddable":true,"href":"https:\/\/www.lausitzer-museenland.de\/cs\/wp-json\/wp\/v2\/pages\/113"}],"wp:attachment":[{"href":"https:\/\/www.lausitzer-museenland.de\/cs\/wp-json\/wp\/v2\/media?parent=213"}],"curies":[{"name":"wp","href":"https:\/\/api.w.org\/{rel}","templated":true}]}}