{"id":221,"date":"2014-11-05T17:53:35","date_gmt":"2014-11-05T16:53:35","guid":{"rendered":"http:\/\/lausitzer-museenland.de\/?page_id=221"},"modified":"2022-05-31T07:43:01","modified_gmt":"2022-05-31T05:43:01","slug":"kirchliches-informations-und-begegnungszentrum-horno","status":"publish","type":"page","link":"https:\/\/www.lausitzer-museenland.de\/cs\/muzea\/cirkevni-informacni-a-setkavaci-centrum-horno\/","title":{"rendered":"C\u00edrkevn\u00ed informa\u010dn\u00ed a setk\u00e1vac\u00ed centrum Horno \/ Cerkwiny informaciski a zmaka\u0144ski centrum Rogow"},"content":{"rendered":"<p><a href=\"#austellung_horno\">V\u00fdstavy<\/a>\u00a0| <a href=\"#kinderangebot_horno\">Nab\u00eddky pro d\u011bti<\/a><br \/>\n<img loading=\"lazy\" class=\"enigma_img_responsive alignnone wp-image-1268\" src=\"https:\/\/www.lausitzer-museenland.de\/wp-content\/uploads\/2014\/11\/122.jpg\" alt=\"1\" width=\"800\" height=\"398\" srcset=\"https:\/\/www.lausitzer-museenland.de\/wp-content\/uploads\/2014\/11\/122.jpg 402w, https:\/\/www.lausitzer-museenland.de\/wp-content\/uploads\/2014\/11\/122-300x149.jpg 300w, https:\/\/www.lausitzer-museenland.de\/wp-content\/uploads\/2014\/11\/122-100x49.jpg 100w, https:\/\/www.lausitzer-museenland.de\/wp-content\/uploads\/2014\/11\/122-150x74.jpg 150w, https:\/\/www.lausitzer-museenland.de\/wp-content\/uploads\/2014\/11\/122-200x99.jpg 200w\" sizes=\"(max-width: 800px) 100vw, 800px\" \/><\/p>\n\n<h3>Situace budovy \/ pozemku<\/h3>\n<p>Centrum setk\u00e1v\u00e1n\u00ed na\u0161lo sv\u016fj domov v p\u0159es\u00eddleneck\u00e9 lokalit\u011b Forst-Eulo v nov\u011b postaven\u00e9m nebo p\u0159estav\u011bn\u00e9m kostele v nov\u00e9 \u010dtvrti Horno. Otev\u0159ena byla 14. \u0159\u00edjna 2006. V\u00fdstava je um\u00edst\u011bna v prostor\u00e1ch kostela v horn\u00edm pat\u0159e. Jmenuje se: \"Ztracen\u00e1 vlast. Hornictv\u00ed a jeho dopady na kostely a farnosti v Horn\u00ed a Doln\u00ed Lu\u017eici\".<\/p>\n<h3>Charakteristika<\/h3>\n<p>Prezentace poskytuje pohled na hornick\u00e9 os\u00eddlen\u00ed v Doln\u00ed a Horn\u00ed Lu\u017eici v obdob\u00ed od roku 1924 - po\u010d\u00e1tku prvn\u00edho rozs\u00e1hl\u00e9ho odsunu - do sou\u010dasnosti z pohledu zanikl\u00fdch c\u00edrkv\u00ed a jejich sbor\u016f. V d\u0159\u00edv\u011bj\u0161\u00edch desetilet\u00edch se p\u0159i t\u011b\u017eb\u011b uhl\u00ed nebral ohled na budouc\u00ed krajinu, po\u010d\u00edtalo se s mno\u017estv\u00edm produkce a ot\u00e1zky \u017eivotn\u00edho prost\u0159ed\u00ed se t\u00e9m\u011b\u0159 nebraly v \u00favahu. Osud obyvatel nebo farnost\u00ed poznamenala ekonomick\u00e1 t\u00edse\u0148 a nedostate\u010dn\u00e9 od\u0161kodn\u011bn\u00ed.  T\u00e9ma ilustruje 27 model\u016f zaminovan\u00fdch kostel\u016f, 4 filmov\u00e1 stanovi\u0161t\u011b s kr\u00e1tk\u00fdmi filmy o farnostech, v nich\u017e posti\u017een\u00ed popisuj\u00ed sv\u00e9 z\u00e1zem\u00ed a osudy (t\u00e9mata: historie, posledn\u00ed bohoslu\u017eby, konverze atd.): Historick\u00e9, posledn\u00ed bohoslu\u017eby, znovupoh\u0159b\u00edv\u00e1n\u00ed, kde se nach\u00e1z\u00ed c\u00edrkevn\u00ed majetek, p\u0159es\u00eddlovac\u00ed praxe, n\u00e1hradn\u00ed v\u00fdstavba kostel\u016f, p\u0159esuny kostel\u016f, zachr\u00e1n\u011bn\u00e9 sbory, ohro\u017een\u00e1 m\u00edsta), 18 map dnes ji\u017e neexistuj\u00edc\u00edch oblast\u00ed a tak\u00e9 origin\u00e1ln\u00ed expon\u00e1ty zni\u010den\u00fdch kostel\u016f.<\/p>\n<h3>Speci\u00e1ln\u00ed v\u00fdstavy \/ doprovodn\u00e9 nab\u00eddky<a id=\"austellung_horno\"><\/a><\/h3>\n<ul>\n<li>2 v\u00fdzkumn\u00e9 stanice umo\u017e\u0148uj\u00ed podrobn\u011b prozkoumat okolnosti p\u0159es\u00eddlen\u00ed s vyu\u017eit\u00edm dokument\u016f, fotografi\u00ed, kronik a film\u016f shrom\u00e1\u017ed\u011bn\u00fdch v archivech nebo poskytnut\u00fdch sou\u010dasn\u00fdmi pam\u011btn\u00edky.<\/li>\n<li>ve 40 z\u00e1suvk\u00e1ch jsou ulo\u017eeny pl\u00e1ny a fotografick\u00fd materi\u00e1l t\u00fdkaj\u00edc\u00ed se kostel\u016f a c\u00edrkevn\u00edho majetku.<\/li>\n<li>20 \u010dtec\u00edch stanic s obrazov\u00fdm materi\u00e1lem a dokumenty o kostel\u00edch a historick\u00fdch n\u00e1lezech.<\/li>\n<\/ul>\n<h3>Nab\u00eddky pro d\u011bti - S Kobim do muzea<a id=\"kinderangebot_horno\"><\/a><\/h3>\n<p align=\"left\">Kobi - duch mal\u00e9ho domu - je v muzeu jako doma. Bydl\u00ed tam v ba\u010dkor\u00e1ch pod kamny. O p\u016flnoci odposlouch\u00e1v\u00e1 star\u00e9 muzejn\u00ed expon\u00e1ty, kdy\u017e si vypr\u00e1v\u011bj\u00ed p\u0159\u00edb\u011bhy z minulosti. Tyto vzru\u0161uj\u00edc\u00ed p\u0159\u00edb\u011bhy vypr\u00e1v\u00ed pracovn\u00edk\u016fm muzea, kte\u0159\u00ed je pak p\u0159ed\u00e1vaj\u00ed d\u011btem - p\u0159\u00edb\u011bhy ze star\u00fdch, d\u00e1vn\u00fdch \u010das\u016f.<\/p>\n<p>Kobi nab\u00edz\u00ed:<\/p>\n<h5>\"Ztracen\u00e1 vlast\" v krovu kostela - vzpom\u00ednky na zni\u010den\u00e9 kostely<\/h5>\n<div data-post-id='verlorene-heimat-im-dachstuhl-der-kirche' class='insert-page insert-page-verlorene-heimat-im-dachstuhl-der-kirche'>\t\t\t\t\t<p>V d\u0159\u00edv\u011bj\u0161\u00edch desetilet\u00edch se p\u0159i t\u011b\u017eb\u011b uhl\u00ed nebral ohled na budouc\u00ed krajinu. Po\u010d\u00edtala se m\u00edra t\u011b\u017eby a ot\u00e1zky \u017eivotn\u00edho prost\u0159ed\u00ed se t\u00e9m\u011b\u0159 nebraly v \u00favahu. Osud obyvatel a c\u00edrkevn\u00edch obc\u00ed byl poznamen\u00e1n ekonomick\u00fdmi omezen\u00edmi a nedostate\u010dn\u00fdm od\u0161kodn\u011bn\u00edm. T\u00e9ma ilustruje 27 model\u016f zaminovan\u00fdch kostel\u016f, 4 filmov\u00e9 stanice s kr\u00e1tk\u00fdmi filmy o komunit\u00e1ch, v nich\u017e posti\u017een\u00ed popisuj\u00ed sv\u016fj p\u016fvod a osudy, 18 map ji\u017e neexistuj\u00edc\u00edch oblast\u00ed a origin\u00e1ln\u00ed expon\u00e1ty zni\u010den\u00fdch kostel\u016f. Pro potomky jsou zdokumentov\u00e1na historick\u00e1 fakta, posledn\u00ed bohoslu\u017eby, poh\u0159by, m\u00edsto, kde se nach\u00e1z\u00ed c\u00edrkevn\u00ed majetek, p\u0159es\u00eddlovac\u00ed postupy, n\u00e1hradn\u00ed v\u00fdstavba kostela, p\u0159em\u00edst\u011bn\u00ed kostela, zachr\u00e1n\u011bn\u00e9 sbory, ohro\u017een\u00e1 m\u00edsta.<\/p>\n<p>Nab\u00eddka se kon\u00e1 v interi\u00e9ru i exteri\u00e9ru a je zam\u011b\u0159ena na.<br \/>\n\u017d\u00e1ci 6. a\u017e 12. t\u0159\u00edd.<br \/>\nTerm\u00edny: dle dohody<br \/>\nP\u0159edb\u011b\u017en\u00e1 registrace: nejpozd\u011bji 2 t\u00fddny p\u0159edem<br \/>\nVstup zdarma \/ dary jsou v\u00edt\u00e1ny<\/p>\n<p><a title=\"Hornokosteleck\u00e9 informa\u010dn\u00ed a setk\u00e1vac\u00ed centrum \/ Cerkwiny informaciski a zmaka\u0144ski centrum\" href=\"\/museen\/kirchliches-informations-und-begegnungszentrum-horno\/\">Informa\u010dn\u00ed a setk\u00e1vac\u00ed centrum kostela Horno<\/a><\/p>\n\t\t\t\t\t<\/div>\n<h3><\/h3>\n<p>&nbsp;<\/p>","protected":false},"excerpt":{"rendered":"<p>V\u00fdstavy | Nab\u00eddky pro d\u011bti Stavba \/ majetkov\u00e9 pom\u011bry Centrum setk\u00e1v\u00e1n\u00ed na\u0161lo sv\u00e9 s\u00eddlo v m\u00edst\u011b p\u0159es\u00eddlen\u00ed Forst-Eulo v nov\u011b postaven\u00e9m nebo p\u0159estav\u011bn\u00e9m kostele v nov\u00e9 \u010dtvrti Horno. Otev\u0159ena byla 14. \u0159\u00edjna 2006. V\u00fdstava je um\u00edst\u011bna v prostor\u00e1ch kostela v horn\u00edm pat\u0159e. Jmenuje se: \"Ztracen\u00e1 vlast. T\u011b\u017eba a jej\u00ed dopad na c\u00edrkve a farnosti v regionu<\/p>","protected":false},"author":13,"featured_media":0,"parent":113,"menu_order":0,"comment_status":"closed","ping_status":"closed","template":"","meta":[],"_links":{"self":[{"href":"https:\/\/www.lausitzer-museenland.de\/cs\/wp-json\/wp\/v2\/pages\/221"}],"collection":[{"href":"https:\/\/www.lausitzer-museenland.de\/cs\/wp-json\/wp\/v2\/pages"}],"about":[{"href":"https:\/\/www.lausitzer-museenland.de\/cs\/wp-json\/wp\/v2\/types\/page"}],"author":[{"embeddable":true,"href":"https:\/\/www.lausitzer-museenland.de\/cs\/wp-json\/wp\/v2\/users\/13"}],"replies":[{"embeddable":true,"href":"https:\/\/www.lausitzer-museenland.de\/cs\/wp-json\/wp\/v2\/comments?post=221"}],"version-history":[{"count":13,"href":"https:\/\/www.lausitzer-museenland.de\/cs\/wp-json\/wp\/v2\/pages\/221\/revisions"}],"predecessor-version":[{"id":53930,"href":"https:\/\/www.lausitzer-museenland.de\/cs\/wp-json\/wp\/v2\/pages\/221\/revisions\/53930"}],"up":[{"embeddable":true,"href":"https:\/\/www.lausitzer-museenland.de\/cs\/wp-json\/wp\/v2\/pages\/113"}],"wp:attachment":[{"href":"https:\/\/www.lausitzer-museenland.de\/cs\/wp-json\/wp\/v2\/media?parent=221"}],"curies":[{"name":"wp","href":"https:\/\/api.w.org\/{rel}","templated":true}]}}