{"id":225,"date":"2014-11-05T17:58:34","date_gmt":"2014-11-05T16:58:34","guid":{"rendered":"http:\/\/lausitzer-museenland.de\/?page_id=225"},"modified":"2022-05-31T07:43:38","modified_gmt":"2022-05-31T05:43:38","slug":"lehrpfad-waldbrandbekaempfung-gestern-und-heute-gosda-ii","status":"publish","type":"page","link":"https:\/\/www.lausitzer-museenland.de\/cs\/muzea\/naucna-stezka-lesni-pozary-vcera-a-dnes-gosda-ii\/","title":{"rendered":"Nau\u010dn\u00e1 stezka \"Boj s lesn\u00edmi po\u017e\u00e1ry v\u010dera a dnes\" Gosda II \/ Wucbna \u0161\u0107a\u017eka \"W\u00f3jowanje p\u015be\u015biwo wognjam n\u011bga a \u017ainsa\" G\u00f3zd II"},"content":{"rendered":"<p><a href=\"#galerie_gosda\">Galerie<\/a> |\u00a0<a href=\"#austellung_gosda\">V\u00fdstavy<\/a>\u00a0| <a href=\"#kinderangebot_gosda\">Nab\u00eddky pro d\u011bti<\/a><br \/>\n<img loading=\"lazy\" class=\"enigma_img_responsive alignnone wp-image-1269\" src=\"https:\/\/www.lausitzer-museenland.de\/wp-content\/uploads\/2014\/11\/123.jpg\" alt=\"1\" width=\"800\" height=\"398\" srcset=\"https:\/\/www.lausitzer-museenland.de\/wp-content\/uploads\/2014\/11\/123.jpg 402w, https:\/\/www.lausitzer-museenland.de\/wp-content\/uploads\/2014\/11\/123-300x149.jpg 300w, https:\/\/www.lausitzer-museenland.de\/wp-content\/uploads\/2014\/11\/123-100x49.jpg 100w, https:\/\/www.lausitzer-museenland.de\/wp-content\/uploads\/2014\/11\/123-150x74.jpg 150w, https:\/\/www.lausitzer-museenland.de\/wp-content\/uploads\/2014\/11\/123-200x99.jpg 200w\" sizes=\"(max-width: 800px) 100vw, 800px\" \/><\/p>\n\n<p>Hasi\u010dsk\u00e9 muzeum v historick\u00e9 hasi\u010dsk\u00e9 stanici<\/p>\n<h3>Situace budovy \/ pozemku<\/h3>\n<p>Kdy\u017e se sbor dobrovoln\u00fdch hasi\u010d\u016f Gosda v polovin\u011b 90. let st\u011bhoval do nov\u00e9 hasi\u010dsk\u00e9 stanice, vyvstala ot\u00e1zka: \"Co bude se starou budovou, historickou hasi\u010dskou stanic\u00ed?\". Vznikla tak my\u0161lenka historicky p\u0159ehodnotit po\u017e\u00e1rn\u00ed ochranu a hasi\u010dstv\u00ed v budov\u011b, kter\u00e1 stoj\u00ed za zachov\u00e1n\u00ed, ale tak\u00e9 p\u0159edstavit sou\u010dasn\u00fd v\u00fdvoj na n\u00e1rodn\u00ed i mezin\u00e1rodn\u00ed \u00farovni. D\u00edky dotac\u00edm a spoust\u011b vlastn\u00ed pr\u00e1ce byla hasi\u010dsk\u00e1 zbrojnice postaven\u00e1 v roce 1930 kone\u010dn\u011b zrekonstruov\u00e1na a vybavena shrom\u00e1\u017ed\u011bn\u00fdmi expon\u00e1ty.<\/p>\n<h3>Charakteristika<\/h3>\n<p>Oblast v okol\u00ed obce Gosda II u D\u00f6bernu charakterizuj\u00ed p\u0159edev\u0161\u00edm lesy - zejm\u00e9na borov\u00e9 porosty, kter\u00e9 jsou ohro\u017eeny lesn\u00edmi po\u017e\u00e1ry - a t\u011b\u017eba hn\u011bd\u00e9ho uhl\u00ed. V\u00fdstava tak obsahuje mnoho zaj\u00edmav\u00fdch dokument\u016f, jako jsou dokumenty o nasazen\u00ed, mapy, expon\u00e1ty a obrazov\u00fd materi\u00e1l o ha\u0161en\u00ed lesn\u00edch po\u017e\u00e1r\u016f.<\/p>\n<p>P\u0159edstavena jsou n\u00e1sleduj\u00edc\u00ed t\u00e9mata:<\/p>\n<ul>\n<li>Po\u017e\u00e1rn\u00ed str\u00e1\u017en\u00ed v\u011b\u017ee d\u0159\u00edve a nyn\u00ed<\/li>\n<li>Hasi\u010dsk\u00e9 vybaven\u00ed, hasi\u010dsk\u00e1 vozidla, z\u00e1sobov\u00e1n\u00ed vodou pro ha\u0161en\u00ed po\u017e\u00e1r\u016f<\/li>\n<li>T\u0159\u00eddy nebezpe\u010d\u00ed lesn\u00edch po\u017e\u00e1r\u016f, typy lesn\u00edch po\u017e\u00e1r\u016f<\/li>\n<li>zvl\u00e1\u0161tnosti lesa v Niederlausitzu, jedn\u00e9 z nejv\u00edce ohro\u017een\u00fdch oblast\u00ed v N\u011bmecku.<\/li>\n<li>Nechyb\u00ed ani mezin\u00e1rodn\u00ed zku\u0161enosti, nap\u0159\u00edklad z \u0158ecka, Francie a Ameriky. Proto si nenechte uj\u00edt n\u00e1rodn\u00ed a mezin\u00e1rodn\u00ed expon\u00e1ty, jako jsou ochrann\u00e9 od\u011bvy a p\u0159ilby.<\/li>\n<\/ul>\n<h3>Speci\u00e1ln\u00ed v\u00fdstavy \/ doprovodn\u00e9 nab\u00eddky<a id=\"austellung_gosda\"><\/a><\/h3>\n<ul>\n<li>Nau\u010dn\u00e1 stezka slou\u017e\u00ed k senzibilizaci d\u011bt\u00ed a ml\u00e1de\u017ee k t\u00e9matu \"ochrana lesa p\u0159ed po\u017e\u00e1ry\" a k jejich n\u00e1boru do hasi\u010dsk\u00e9ho sboru ml\u00e1de\u017ee d\u00edky sv\u00e9mu historick\u00e9mu v\u00fdznamu v kombinaci s technickou prezentac\u00ed.<\/li>\n<\/ul>\n<h3>Nab\u00eddky pro d\u011bti - S Kobim do muzea<a id=\"kinderangebot_gosda\"><\/a><\/h3>\n<p align=\"left\">Kobi - duch mal\u00e9ho domu - je v muzeu jako doma. Bydl\u00ed tam v ba\u010dkor\u00e1ch pod kamny. O p\u016flnoci odposlouch\u00e1v\u00e1 star\u00e9 muzejn\u00ed expon\u00e1ty, kdy\u017e si vypr\u00e1v\u011bj\u00ed p\u0159\u00edb\u011bhy z minulosti. Tyto vzru\u0161uj\u00edc\u00ed p\u0159\u00edb\u011bhy vypr\u00e1v\u00ed pracovn\u00edk\u016fm muzea, kte\u0159\u00ed je pak p\u0159ed\u00e1vaj\u00ed d\u011btem - p\u0159\u00edb\u011bhy ze star\u00fdch, d\u00e1vn\u00fdch \u010das\u016f.<\/p>\n<p>Kobi nab\u00edz\u00ed:<\/p>\n<h5>Ha\u0161en\u00ed lesn\u00edch po\u017e\u00e1r\u016f v\u010dera a dnes<\/h5>\n<div data-post-id='waldbrandbekaempfung' class='insert-page insert-page-waldbrandbekaempfung'>\t\t\t\t\t<p>B\u00fdval\u00e1 hasi\u010dsk\u00e1 zbrojnice slou\u017e\u00ed k senzibilizaci d\u011bt\u00ed a ml\u00e1de\u017ee k t\u00e9matu \"lesn\u00ed po\u017e\u00e1rn\u00ed ochrana\" a d\u00edky sv\u00e9mu historick\u00e9mu v\u00fdznamu v kombinaci s technickou expozic\u00ed je p\u0159itahuje do hasi\u010dsk\u00e9ho sboru ml\u00e1de\u017ee.<\/p>\n<p>Nab\u00eddka prob\u00edh\u00e1 v interi\u00e9ru i exteri\u00e9ru a je ur\u010dena \u0161kol\u00e1k\u016fm.<br \/>\nt\u0159\u00edd 1 a\u017e 10.<br \/>\nTerm\u00edny: dle dohody<br \/>\nP\u0159edb\u011b\u017en\u00e1 registrace: alespo\u0148 1 den p\u0159edem<\/p>\n<p><a title=\"Nau\u010dn\u00e1 stezka &quot;Boj s lesn\u00edmi po\u017e\u00e1ry v\u010dera a dnes&quot; Gosda II\" href=\"\/museen\/lehrpfad-waldbrandbekaempfung-gestern-und-heute-gosda-ii\/\">Hasi\u010dsk\u00e9 muzeum Gosda II<\/a><\/p>\n\t\t\t\t\t<\/div>\n<p>&nbsp;<\/p>\n<h3>Galerie<a id=\"galerie_gosda\"><\/a><\/h3>\n<div id=\"envira-gallery-wrap-225\" class=\"envira-gallery-wrap envira-gallery-theme-base envira-lightbox-theme-base\" itemscope itemtype=\"https:\/\/schema.org\/ImageGallery\"><div data-row-height=\"\" data-gallery-theme=\"\" id=\"envira-gallery-225\" class=\"envira-gallery-public  envira-gallery-3-columns envira-clear enviratope envira-gallery-css-animations\" data-envira-columns=\"3\"><div id=\"envira-gallery-item-3476\" class=\"envira-gallery-item enviratope-item envira-gallery-item-1\" style=\"padding-left: 5px; padding-bottom: 10px; padding-right: 5px;\"  itemscope itemtype=\"https:\/\/schema.org\/ImageObject\"><div class=\"envira-gallery-item-inner\"><div class=\"envira-gallery-position-overlay  envira-gallery-top-left\"><\/div><div class=\"envira-gallery-position-overlay  envira-gallery-top-right\"><\/div><div class=\"envira-gallery-position-overlay  envira-gallery-bottom-left\"><\/div><div class=\"envira-gallery-position-overlay  envira-gallery-bottom-right\"><\/div><a href=\"https:\/\/www.lausitzer-museenland.de\/wp-content\/uploads\/2014\/11\/153.jpg\" class=\"envira-gallery-225 envira-gallery-link\" rel=\"enviragallery225\" title=\"Hasi\u010dsk\u00e9 muzeum v historick\u00e9 hasi\u010dsk\u00e9 stanici\" data-envira-caption=\"Feuerwehrmuseum im Historischen Spritzenhaus\" data-envira-retina=\"\" data-thumbnail=\"\"  itemprop=\"contentUrl\"><div class=\"envira-lazy\" data-test-width=\"960\" data-test-height=\"300\" style=\"padding-bottom:31.25%;\"><img id=\"envira-gallery-image-3476\" class=\"envira-gallery-image envira-gallery-image-1\" data-envira-index=\"1\" src=\"https:\/\/www.lausitzer-museenland.de\/wp-content\/uploads\/2014\/11\/153.jpg\" data-envira-src=\"https:\/\/www.lausitzer-museenland.de\/wp-content\/uploads\/2014\/11\/153.jpg\" data-envira-gallery-id=\"225\" data-envira-item-id=\"3476\" data-envira-caption=\"Feuerwehrmuseum im Historischen Spritzenhaus\" alt=\"\" title=\"Hasi\u010dsk\u00e9 muzeum v historick\u00e9 hasi\u010dsk\u00e9 stanici\"  itemprop=\"thumbnailUrl\" data-envira-srcset=\"https:\/\/www.lausitzer-museenland.de\/wp-content\/uploads\/2014\/11\/153.jpg 400w,https:\/\/www.lausitzer-museenland.de\/wp-content\/uploads\/2014\/11\/153.jpg 2x\" srcset=\"data:image\/gif;base64,R0lGODlhAQABAIAAAP\/\/\/\/\/\/\/yH5BAEKAAEALAAAAAABAAEAAAICTAEAOw==\" \/><\/div><\/a><\/div><\/div><div id=\"envira-gallery-item-3477\" class=\"envira-gallery-item enviratope-item envira-gallery-item-2\" style=\"padding-left: 5px; padding-bottom: 10px; padding-right: 5px;\"  itemscope itemtype=\"https:\/\/schema.org\/ImageObject\"><div class=\"envira-gallery-item-inner\"><div class=\"envira-gallery-position-overlay  envira-gallery-top-left\"><\/div><div class=\"envira-gallery-position-overlay  envira-gallery-top-right\"><\/div><div class=\"envira-gallery-position-overlay  envira-gallery-bottom-left\"><\/div><div class=\"envira-gallery-position-overlay  envira-gallery-bottom-right\"><\/div><a href=\"https:\/\/www.lausitzer-museenland.de\/wp-content\/uploads\/2014\/11\/220.jpg\" class=\"envira-gallery-225 envira-gallery-link\" rel=\"enviragallery225\" title=\"Hasi\u010dsk\u00e9 muzeum v historick\u00e9 hasi\u010dsk\u00e9 stanici\" data-envira-caption=\"Feuerwehrmuseum im Historischen Spritzenhaus\" data-envira-retina=\"\" data-thumbnail=\"\"  itemprop=\"contentUrl\"><div class=\"envira-lazy\" data-test-width=\"960\" data-test-height=\"300\" style=\"padding-bottom:31.25%;\"><img id=\"envira-gallery-image-3477\" class=\"envira-gallery-image envira-gallery-image-2\" data-envira-index=\"2\" src=\"https:\/\/www.lausitzer-museenland.de\/wp-content\/uploads\/2014\/11\/220.jpg\" data-envira-src=\"https:\/\/www.lausitzer-museenland.de\/wp-content\/uploads\/2014\/11\/220.jpg\" data-envira-gallery-id=\"225\" data-envira-item-id=\"3477\" data-envira-caption=\"Feuerwehrmuseum im Historischen Spritzenhaus\" alt=\"\" title=\"Hasi\u010dsk\u00e9 muzeum v historick\u00e9 hasi\u010dsk\u00e9 stanici\"  itemprop=\"thumbnailUrl\" data-envira-srcset=\"https:\/\/www.lausitzer-museenland.de\/wp-content\/uploads\/2014\/11\/220.jpg 400w,https:\/\/www.lausitzer-museenland.de\/wp-content\/uploads\/2014\/11\/220.jpg 2x\" srcset=\"data:image\/gif;base64,R0lGODlhAQABAIAAAP\/\/\/\/\/\/\/yH5BAEKAAEALAAAAAABAAEAAAICTAEAOw==\" \/><\/div><\/a><\/div><\/div><div id=\"envira-gallery-item-3478\" class=\"envira-gallery-item enviratope-item envira-gallery-item-3\" style=\"padding-left: 5px; padding-bottom: 10px; padding-right: 5px;\"  itemscope itemtype=\"https:\/\/schema.org\/ImageObject\"><div class=\"envira-gallery-item-inner\"><div class=\"envira-gallery-position-overlay  envira-gallery-top-left\"><\/div><div class=\"envira-gallery-position-overlay  envira-gallery-top-right\"><\/div><div class=\"envira-gallery-position-overlay  envira-gallery-bottom-left\"><\/div><div class=\"envira-gallery-position-overlay  envira-gallery-bottom-right\"><\/div><a href=\"https:\/\/www.lausitzer-museenland.de\/wp-content\/uploads\/2014\/11\/311.jpg\" class=\"envira-gallery-225 envira-gallery-link\" rel=\"enviragallery225\" title=\"Hasi\u010dsk\u00e9 muzeum v historick\u00e9 hasi\u010dsk\u00e9 stanici\" data-envira-caption=\"Feuerwehrmuseum im Historischen Spritzenhaus\" data-envira-retina=\"\" data-thumbnail=\"\"  itemprop=\"contentUrl\"><div class=\"envira-lazy\" data-test-width=\"960\" data-test-height=\"300\" style=\"padding-bottom:31.25%;\"><img id=\"envira-gallery-image-3478\" class=\"envira-gallery-image envira-gallery-image-3\" data-envira-index=\"3\" src=\"https:\/\/www.lausitzer-museenland.de\/wp-content\/uploads\/2014\/11\/311.jpg\" data-envira-src=\"https:\/\/www.lausitzer-museenland.de\/wp-content\/uploads\/2014\/11\/311.jpg\" data-envira-gallery-id=\"225\" data-envira-item-id=\"3478\" data-envira-caption=\"Feuerwehrmuseum im Historischen Spritzenhaus\" alt=\"\" title=\"Hasi\u010dsk\u00e9 muzeum v historick\u00e9 hasi\u010dsk\u00e9 stanici\"  itemprop=\"thumbnailUrl\" data-envira-srcset=\"https:\/\/www.lausitzer-museenland.de\/wp-content\/uploads\/2014\/11\/311.jpg 400w,https:\/\/www.lausitzer-museenland.de\/wp-content\/uploads\/2014\/11\/311.jpg 2x\" srcset=\"data:image\/gif;base64,R0lGODlhAQABAIAAAP\/\/\/\/\/\/\/yH5BAEKAAEALAAAAAABAAEAAAICTAEAOw==\" \/><\/div><\/a><\/div><\/div><\/div><\/div><noscript><img src=\"https:\/\/www.lausitzer-museenland.de\/wp-content\/uploads\/2014\/11\/153.jpg\" alt=\"\" \/><img src=\"https:\/\/www.lausitzer-museenland.de\/wp-content\/uploads\/2014\/11\/220.jpg\" alt=\"\" \/><img src=\"https:\/\/www.lausitzer-museenland.de\/wp-content\/uploads\/2014\/11\/311.jpg\" alt=\"\" \/><\/noscript>","protected":false},"excerpt":{"rendered":"<p>Galerie | V\u00fdstavy | Nab\u00eddky pro d\u011bti Hasi\u010dsk\u00e9 muzeum v historick\u00e9 budov\u011b hasi\u010dsk\u00e9 stanice \/ majetkov\u00e1 situace Kdy\u017e se v polovin\u011b 90. let minul\u00e9ho stolet\u00ed Sbor dobrovoln\u00fdch hasi\u010d\u016f Gosda p\u0159est\u011bhoval do nov\u00e9 hasi\u010dsk\u00e9 stanice, vyvstala ot\u00e1zka: \"Co bude se starou budovou, historickou hasi\u010dskou stanic\u00ed?\". Vznikla my\u0161lenka historicky p\u0159epracovat po\u017e\u00e1rn\u00ed ochranu a ha\u0161en\u00ed po\u017e\u00e1ru v budov\u011b, kter\u00e1 st\u00e1la za zachov\u00e1n\u00ed, ale tak\u00e9 za \u00fa\u010delem<\/p>","protected":false},"author":13,"featured_media":0,"parent":113,"menu_order":0,"comment_status":"closed","ping_status":"closed","template":"","meta":[],"_links":{"self":[{"href":"https:\/\/www.lausitzer-museenland.de\/cs\/wp-json\/wp\/v2\/pages\/225"}],"collection":[{"href":"https:\/\/www.lausitzer-museenland.de\/cs\/wp-json\/wp\/v2\/pages"}],"about":[{"href":"https:\/\/www.lausitzer-museenland.de\/cs\/wp-json\/wp\/v2\/types\/page"}],"author":[{"embeddable":true,"href":"https:\/\/www.lausitzer-museenland.de\/cs\/wp-json\/wp\/v2\/users\/13"}],"replies":[{"embeddable":true,"href":"https:\/\/www.lausitzer-museenland.de\/cs\/wp-json\/wp\/v2\/comments?post=225"}],"version-history":[{"count":12,"href":"https:\/\/www.lausitzer-museenland.de\/cs\/wp-json\/wp\/v2\/pages\/225\/revisions"}],"predecessor-version":[{"id":53932,"href":"https:\/\/www.lausitzer-museenland.de\/cs\/wp-json\/wp\/v2\/pages\/225\/revisions\/53932"}],"up":[{"embeddable":true,"href":"https:\/\/www.lausitzer-museenland.de\/cs\/wp-json\/wp\/v2\/pages\/113"}],"wp:attachment":[{"href":"https:\/\/www.lausitzer-museenland.de\/cs\/wp-json\/wp\/v2\/media?parent=225"}],"curies":[{"name":"wp","href":"https:\/\/api.w.org\/{rel}","templated":true}]}}