{"id":227,"date":"2014-11-05T17:58:58","date_gmt":"2014-11-05T16:58:58","guid":{"rendered":"http:\/\/lausitzer-museenland.de\/?page_id=227"},"modified":"2022-05-31T07:43:57","modified_gmt":"2022-05-31T05:43:57","slug":"militaerhistorisches-museum-kolkwitz","status":"publish","type":"page","link":"https:\/\/www.lausitzer-museenland.de\/cs\/muzea\/military-historical-museum-kolkwitz\/","title":{"rendered":"Vojensk\u00e9 historick\u00e9 muzeum Kolkwitz \/ W\u00f3jarsko-stawizniski muzej Go\u0142kojce"},"content":{"rendered":"<p><a href=\"#austellung_mili_kolkwitz\">V\u00fdstavy<\/a>\u00a0| <a href=\"#kinderangebot_mili_kolkwitz\">Nab\u00eddky pro d\u011bti<\/a><br \/>\n<img loading=\"lazy\" class=\"enigma_img_responsive alignnone wp-image-1270\" src=\"https:\/\/www.lausitzer-museenland.de\/wp-content\/uploads\/2014\/11\/124.jpg\" alt=\"1\" width=\"800\" height=\"398\" srcset=\"https:\/\/www.lausitzer-museenland.de\/wp-content\/uploads\/2014\/11\/124.jpg 402w, https:\/\/www.lausitzer-museenland.de\/wp-content\/uploads\/2014\/11\/124-300x149.jpg 300w, https:\/\/www.lausitzer-museenland.de\/wp-content\/uploads\/2014\/11\/124-100x49.jpg 100w, https:\/\/www.lausitzer-museenland.de\/wp-content\/uploads\/2014\/11\/124-150x74.jpg 150w, https:\/\/www.lausitzer-museenland.de\/wp-content\/uploads\/2014\/11\/124-200x99.jpg 200w\" sizes=\"(max-width: 800px) 100vw, 800px\" \/><\/p>\n\n<p>Tajemn\u00e9 hlubiny - v\u00fdstava v b\u00fdval\u00e9m ochrann\u00e9m objektu<\/p>\n<h3>Situace budovy \/ pozemku<\/h3>\n<p>Ochrann\u00fd objekt b\u00fdval\u00e9 N\u00e1rodn\u00ed lidov\u00e9 arm\u00e1dy (NVA) NDR byl budov\u00e1n od roku 1965 a uveden do provozu v roce 1967. Byl pou\u017e\u00edv\u00e1n ve slu\u017eebn\u00edm syst\u00e9mu pro leteck\u00fd pr\u016fzkum v civiln\u00edch a vojensk\u00fdch oblastech (zkr\u00e1cen\u00e9 ozna\u010den\u00ed: GS-31 1. LVD). Hlavn\u00ed budova je dlouh\u00e1 42,50 m, \u0161irok\u00e1 18,00 m a m\u00e1 t\u0159i suter\u00e9nn\u00ed \u00farovn\u011b do hloubky 9,93 m s podlahovou plochou 700 m2 a v\u00fd\u0161kou m\u00edstnost\u00ed od 4 m do 1,50 m.<\/p>\n<h3>Charakteristika<\/h3>\n<p>Od roku 2004 uchov\u00e1v\u00e1 spolek \"Kolkwitzer Bunkerfreunde GS-31 e.V.\" \u010d\u00e1st vojensk\u00e9 historie Kolkwitzu a zp\u0159\u00edstup\u0148uje ji \u0161irok\u00e9 ve\u0159ejnosti. Muzeum vojensk\u00e9 historie tak pln\u00ed i vzd\u011bl\u00e1vac\u00ed funkci, kdy\u017e umo\u017e\u0148uje nahl\u00e9dnout do tohoto kdysi dob\u0159e st\u0159e\u017een\u00e9ho tajemstv\u00ed.<\/p>\n<p>V podzemn\u00edm labyrintu si lze prohl\u00e9dnout technick\u00e9 vybaven\u00ed ochrann\u00e9 konstrukce a zobrazen\u00ed vzdu\u0161n\u00e9 situace, stejn\u011b jako ubytovac\u00ed a z\u00e1sobovac\u00ed jednotky pos\u00e1dek.<\/p>\n<h3>Speci\u00e1ln\u00ed v\u00fdstavy \/ doprovodn\u00e9 nab\u00eddky<a id=\"austellung_mili_kolkwitz\"><\/a><\/h3>\n<p>Aktivn\u00ed v\u00fdvojov\u00e1 \u010dinnost sdru\u017een\u00ed neust\u00e1le otev\u00edr\u00e1 nov\u00e9 aspekty v\u00fdstavy, kter\u00e9 jsou n\u00e1v\u0161t\u011bvn\u00edk\u016fm p\u0159edstavov\u00e1ny mimo jin\u00e9 v r\u00e1mci \"term\u00edn\u016f prohl\u00eddek s p\u0159ekvapen\u00edm\". K vrchol\u016fm \u010dinnosti muzea pat\u0159\u00ed speci\u00e1ln\u00ed akce a v\u00fdro\u010d\u00ed s tematicky slad\u011bn\u00fdm programem, stejn\u011b jako setk\u00e1n\u00ed b\u00fdval\u00fdch \u010dlen\u016f.<\/p>\n<h3>Nab\u00eddky pro d\u011bti - S Kobim do muzea<a id=\"kinderangebot_mili_kolkwitz\"><\/a><\/h3>\n<p align=\"left\">Kobi - duch mal\u00e9ho domu - je v muzeu jako doma. Bydl\u00ed tam v ba\u010dkor\u00e1ch pod kamny. O p\u016flnoci odposlouch\u00e1v\u00e1 star\u00e9 muzejn\u00ed expon\u00e1ty, kdy\u017e si vypr\u00e1v\u011bj\u00ed p\u0159\u00edb\u011bhy z minulosti. Tyto vzru\u0161uj\u00edc\u00ed p\u0159\u00edb\u011bhy vypr\u00e1v\u00ed pracovn\u00edk\u016fm muzea, kte\u0159\u00ed je pak p\u0159ed\u00e1vaj\u00ed d\u011btem - p\u0159\u00edb\u011bhy ze star\u00fdch, d\u00e1vn\u00fdch \u010das\u016f.<\/p>\n<p>Kobi nab\u00edz\u00ed:<\/p>\n<h5>Tajemn\u00e9 hlubiny - v\u00fdstava v b\u00fdval\u00e9m ochrann\u00e9m objektu<a title=\"Tajemn\u00e9 hlubiny - v\u00fdstava v b\u00fdval\u00e9m ochrann\u00e9m objektu\" href=\"\/kobi\/ausstellung-ehemaligen-schutzbauwerk\/\"><br \/>\n<\/a><\/h5>\n<div data-post-id='ausstellung-ehemaligen-schutzbauwerk' class='insert-page insert-page-ausstellung-ehemaligen-schutzbauwerk'>\t\t\t\t\t<p>Od roku 2004 uchov\u00e1v\u00e1 spolek \"Kolkwitzer Bunkerfreunde GS-31 e.V.\" \u010d\u00e1st vojensk\u00e9 historie Kolkwitzu a zp\u0159\u00edstup\u0148uje ji \u0161irok\u00e9 ve\u0159ejnosti. Vojensk\u00e9 historick\u00e9 muzeum se sna\u017e\u00ed o osv\u011btovou \u010dinnost t\u00edm, \u017ee umo\u017e\u0148uje proniknout do tohoto kdysi dob\u0159e st\u0159e\u017een\u00e9ho tajemstv\u00ed.<br \/>\nV podzemn\u00edm labyrintu si lze prohl\u00e9dnout technick\u00e9 vybaven\u00ed ochrann\u00e9 konstrukce a zobrazen\u00ed vzdu\u0161n\u00e9 situace, stejn\u011b jako ubytovac\u00ed a z\u00e1sobovac\u00ed jednotky pos\u00e1dek.<\/p>\n<p>Nab\u00eddka se kon\u00e1 v interi\u00e9ru a je zam\u011b\u0159ena na<br \/>\n\u017d\u00e1ci 5. a\u017e 12. t\u0159\u00edd.<br \/>\nTerm\u00edny: ka\u017edou t\u0159et\u00ed sobotu v m\u011bs\u00edci v 9.00, 10.30 a 12.00 hod.<br \/>\nP\u0159edb\u011b\u017en\u00e1 registrace: ne<br \/>\nDoba trv\u00e1n\u00ed: p\u0159ibli\u017en\u011b 1,5 hodiny<\/p>\n<p>Pozn\u00e1mky:<br \/>\nTeplota v bunkru je 11 \u00b0C<\/p>\n<p>N\u00e1v\u0161t\u011bvy jsou mo\u017en\u00e9 i v jin\u00fdch term\u00ednech, rezervace p\u0159edem pak 1 t\u00fdden p\u0159edem.<\/p>\n<p><a href=\"http:\/\/www.kolkwitzerbunker.de\/\" target=\"_blank\">Muzeum vojensk\u00e9 historie Kolkwitz<\/a><\/p>\n\t\t\t\t\t<\/div>\n<h3><\/h3>","protected":false},"excerpt":{"rendered":"<p>V\u00fdstavy | Nab\u00eddka pro d\u011bti Tajemn\u00e9 hlubiny - expozice v b\u00fdval\u00e9m ochrann\u00e9m objektu Stavba \/ situace na m\u00edst\u011b Ochrann\u00fd objekt b\u00fdval\u00e9 N\u00e1rodn\u00ed lidov\u00e9 arm\u00e1dy (NVA) NDR byl budov\u00e1n od roku 1965 a do provozu byl uveden v roce 1967. Byl pou\u017e\u00edv\u00e1n ve slu\u017eebn\u00edm syst\u00e9mu pro civiln\u00ed a vojensk\u00fd leteck\u00fd pr\u016fzkum (zkr\u00e1cen\u00e9 ozna\u010den\u00ed: GS-31 1. LVD). Hlavn\u00ed konstrukce je dlouh\u00e1 42,50 m,<\/p>","protected":false},"author":13,"featured_media":0,"parent":113,"menu_order":0,"comment_status":"closed","ping_status":"closed","template":"","meta":[],"_links":{"self":[{"href":"https:\/\/www.lausitzer-museenland.de\/cs\/wp-json\/wp\/v2\/pages\/227"}],"collection":[{"href":"https:\/\/www.lausitzer-museenland.de\/cs\/wp-json\/wp\/v2\/pages"}],"about":[{"href":"https:\/\/www.lausitzer-museenland.de\/cs\/wp-json\/wp\/v2\/types\/page"}],"author":[{"embeddable":true,"href":"https:\/\/www.lausitzer-museenland.de\/cs\/wp-json\/wp\/v2\/users\/13"}],"replies":[{"embeddable":true,"href":"https:\/\/www.lausitzer-museenland.de\/cs\/wp-json\/wp\/v2\/comments?post=227"}],"version-history":[{"count":11,"href":"https:\/\/www.lausitzer-museenland.de\/cs\/wp-json\/wp\/v2\/pages\/227\/revisions"}],"predecessor-version":[{"id":53934,"href":"https:\/\/www.lausitzer-museenland.de\/cs\/wp-json\/wp\/v2\/pages\/227\/revisions\/53934"}],"up":[{"embeddable":true,"href":"https:\/\/www.lausitzer-museenland.de\/cs\/wp-json\/wp\/v2\/pages\/113"}],"wp:attachment":[{"href":"https:\/\/www.lausitzer-museenland.de\/cs\/wp-json\/wp\/v2\/media?parent=227"}],"curies":[{"name":"wp","href":"https:\/\/api.w.org\/{rel}","templated":true}]}}