{"id":231,"date":"2014-11-06T09:56:22","date_gmt":"2014-11-06T08:56:22","guid":{"rendered":"http:\/\/lausitzer-museenland.de\/?page_id=231"},"modified":"2022-05-31T07:44:15","modified_gmt":"2022-05-31T05:44:15","slug":"niederlausitzer-heidemuseum-spremberg","status":"publish","type":"page","link":"https:\/\/www.lausitzer-museenland.de\/cs\/muzea\/niederlausitzer-heidemuseum-spremberg\/","title":{"rendered":"Niederlausitzer Heidemuseum Spremberg \/ Dolno\u0142u\u017eyski g\u00f3la\u0144ski muzej Grodk"},"content":{"rendered":"<p><a href=\"#galerie_spremberg\">Galerie<\/a> | <a href=\"#austellung_spremberg\">V\u00fdstavy<\/a> | <a href=\"#kinderangebot_spremberg\">Nab\u00eddky pro d\u011bti<\/a><br \/>\n<img loading=\"lazy\" class=\"enigma_img_responsive alignnone wp-image-53345\" src=\"https:\/\/www.lausitzer-museenland.de\/wp-content\/uploads\/2021\/05\/Schloss_SPB_01.png\" alt=\"\" width=\"800\" height=\"398\" srcset=\"https:\/\/www.lausitzer-museenland.de\/wp-content\/uploads\/2021\/05\/Schloss_SPB_01.png 800w, https:\/\/www.lausitzer-museenland.de\/wp-content\/uploads\/2021\/05\/Schloss_SPB_01-300x149.png 300w, https:\/\/www.lausitzer-museenland.de\/wp-content\/uploads\/2021\/05\/Schloss_SPB_01-768x382.png 768w\" sizes=\"(max-width: 800px) 100vw, 800px\" \/><\/p>\n\n<p>Okresn\u00ed muzeum v kulturn\u00edm pal\u00e1ci \u010dtvrti Spree-Nisa<\/p>\n<h3>Situace budovy \/ pozemku<\/h3>\n<p>Z\u00e1mek Spremberg, v n\u011bm\u017e muzeum s\u00eddl\u00ed, pro\u0161el r\u016fzn\u00fdmi stavebn\u00edmi etapami od rom\u00e1nsk\u00e9ho hradu a\u017e po pozdn\u011b barokn\u00ed \u010dty\u0159k\u0159\u00eddl\u00fd komplex. Historie stavby je dolo\u017eena od 11. stolet\u00ed. Spodn\u00ed \u010d\u00e1st velk\u00e9 hlavn\u00ed v\u011b\u017ee s a\u017e \u010dty\u0159i metry siln\u00fdmi zdmi je nejstar\u0161\u00ed \u010d\u00e1st\u00ed hradn\u00edho komplexu.<\/p>\n<h3>Charakteristika<\/h3>\n<p>Niederlausitzer Heidemuseum, okresn\u00ed muzeum okresu Spree-Nisa, se sv\u00fdmi expozicemi v\u011bnuje v\u0159esovi\u0161t\u00edm na jihov\u00fdchod\u011b Braniborska. Zalo\u017eeno bylo 9. prosince 1911 jako m\u011bstsk\u00e9 muzeum, kter\u00e9 se st\u0159\u00eddalo v r\u016fzn\u00fdch domech a v roce 1997 se podruh\u00e9 p\u0159est\u011bhovalo do hradu.<\/p>\n<p>Sou\u010d\u00e1st\u00ed jeho profilu jsou n\u00e1sleduj\u00edc\u00ed st\u00e1l\u00e9 expozice a sb\u00edrky:<\/p>\n<ul>\n<li style=\"list-style-type: none;\"><\/li>\n<\/ul>\n<ul>\n<li>Historie region\u00e1ln\u00edch hrad\u016f a muze\u00ed<\/li>\n<li>Folklor - historie region\u00e1ln\u00edho os\u00eddlen\u00ed, lu\u017eickosrbsk\u00e9 zvyky<\/li>\n<li>Pr\u016fmyslov\u00e1 historie<\/li>\n<li>P\u0159\u00edrodn\u00ed historie<\/li>\n<li>\u017divot a d\u00edlo spisovatele Erwina Strittmattera narozen\u00e9ho ve Sprembergu<\/li>\n<\/ul>\n<p>Vztah \u010dlov\u011bka, p\u0159\u00edrody a kultury hraje v regionu, kter\u00fd byl formov\u00e1n t\u011b\u017ebou hn\u011bd\u00e9ho uhl\u00ed, d\u016fle\u017eitou roli. Are\u00e1l pod \u0161ir\u00fdm nebem postaven\u00fd vedle hradu umo\u017e\u0148uje nahl\u00e9dnout do venkovsk\u00e9ho zp\u016fsobu \u017eivota dolnolu\u017eick\u00fdch zem\u011bd\u011blc\u016f. Venkovsk\u00e1 usedlost se skl\u00e1d\u00e1 z obytn\u00e9 st\u00e1je, stodoly s k\u016flnou (oboj\u00ed p\u0159em\u00edst\u011bno - <em>Repliky<\/em>), studna, holubn\u00edk, v\u010del\u00edn a pek\u00e1rna. V\u00edce ne\u017e 200 let star\u00fd statek sv\u00fdm vnit\u0159n\u00edm vybaven\u00edm a souvisej\u00edc\u00edm n\u00e1\u0159ad\u00edm ilustruje venkovsk\u00fd zp\u016fsob \u017eivota a bydlen\u00ed v d\u011bdin\u00e1ch kolem roku 1900. Lapid\u00e1rium poskytuje informace o kamenn\u00fdch sv\u011bdc\u00edch Doln\u00ed Lu\u017eice.<\/p>\n<h3>Speci\u00e1ln\u00ed v\u00fdstavy \/ doprovodn\u00e9 nab\u00eddky<a id=\"austellung_spremberg\"><\/a><\/h3>\n<p>T\u0159i a\u017e \u010dty\u0159i speci\u00e1ln\u00ed v\u00fdstavy ro\u010dn\u011b obohacuj\u00ed v\u00fdstavn\u00ed program o pestrou \u0161k\u00e1lu t\u00e9mat.<\/p>\n<ul>\n<li>Tradi\u010dn\u00ed velikono\u010dn\u00ed trh s malou v\u00fdstavou velikono\u010dn\u00edch vaj\u00ed\u010dek ve Festivalov\u00e9m s\u00e1le hradu na Velk\u00fd p\u00e1tek.<\/li>\n<li>Hudebn\u00ed a liter\u00e1rn\u00ed akce v tane\u010dn\u00edm s\u00e1le hradu<\/li>\n<li>Tradi\u010dn\u00ed akce v are\u00e1lu pod \u0161ir\u00fdm nebem a na hradn\u00edm n\u00e1dvo\u0159\u00ed, jako jsou podzimn\u00ed slavnosti nebo odpoledne s k\u00e1vou na m\u00edstn\u00edm festivalu kulturn\u00edho d\u011bdictv\u00ed.<\/li>\n<li>\u0160irok\u00e1 nab\u00eddka muzejn\u00edch vzd\u011bl\u00e1vac\u00edch aktivit<\/li>\n<li>Rozs\u00e1hl\u00fd archiv pro v\u00fdzkumn\u00e9 \u00fa\u010dely<\/li>\n<\/ul>\n<h3>Nab\u00eddky pro d\u011bti - S Kobim do muzea<a id=\"kinderangebot_spremberg\"><\/a><\/h3>\n<p align=\"left\">Kobi - duch mal\u00e9ho domu - je v muzeu jako doma. Bydl\u00ed tam v ba\u010dkor\u00e1ch pod kamny. O p\u016flnoci odposlouch\u00e1v\u00e1 star\u00e9 muzejn\u00ed expon\u00e1ty, kdy\u017e si vypr\u00e1v\u011bj\u00ed p\u0159\u00edb\u011bhy z minulosti. Tyto vzru\u0161uj\u00edc\u00ed p\u0159\u00edb\u011bhy vypr\u00e1v\u00ed pracovn\u00edk\u016fm muzea, kte\u0159\u00ed je pak p\u0159ed\u00e1vaj\u00ed d\u011btem - p\u0159\u00edb\u011bhy ze star\u00fdch, d\u00e1vn\u00fdch \u010das\u016f.<\/p>\n<p>Kobi nab\u00edz\u00ed:<\/p>\n<h5>1. \u017eivot v minulosti a dnes<\/h5>\n<div data-post-id='leben-frueher-und-heute' class='insert-page insert-page-leben-frueher-und-heute'>\t\t\t\t\t<p>Porovn\u00e1me den, kter\u00fd pro\u017eili prad\u011bde\u010dkov\u00e9 a prababi\u010dky, s dne\u0161kem. Sezn\u00e1m\u00edte se s tehdej\u0161\u00edm skladov\u00e1n\u00edm potravin, jejich v\u00fd\u017eivou, z\u00edsk\u00e1v\u00e1n\u00edm a uchov\u00e1v\u00e1n\u00edm.<\/p>\n<p>Kr\u00e1tk\u00fd film ukazuje historick\u00e1 \u0159emesla. Historie se tak st\u00e1v\u00e1 vzru\u0161uj\u00edc\u00edm z\u00e1\u017eitkem.<br \/>\nPot\u00e9 si \"prohl\u00e9dneme\" r\u016fzn\u00e1 za\u0159\u00edzen\u00ed a n\u011bkter\u00e1 z nich si vyzkou\u0161\u00edme.<\/p>\n<p>Program prob\u00edh\u00e1 v interi\u00e9ru i exteri\u00e9ru a je ur\u010den pro \u017e\u00e1ky 1. a\u017e 6. t\u0159\u00eddy.<br \/>\nVelikost skupiny: 5 a\u017e 20 osob<br \/>\nTerm\u00edny: dle dohody<br \/>\nP\u0159edb\u011b\u017en\u00e1 registrace: nejpozd\u011bji 5 dn\u00ed p\u0159edem<br \/>\nDoba trv\u00e1n\u00ed: p\u0159ibli\u017en\u011b 1,5 hodiny<br \/>\nVstupn\u00e9 na osobu: 2,00 \u20ac<\/p>\n<p>Pozn\u00e1mky:<br \/>\nPokud je t\u0159\u00edda v\u011bt\u0161\u00ed, je nutn\u00e9 ji rozd\u011blit.<\/p>\n<div>\n<p>Proto si pros\u00edm vyhra\u010fte o 1\/2 hodiny v\u00edce \u010dasu.<\/p>\n<p><a title=\"Niederlausitzer Heidemuseum Spremberg \/ Dolno\u0142u\u017eyski g\u00f3la\u0144ski muzej Grodk\" href=\"\/museen\/niederlausitzer-heidemuseum-spremberg\/\">Muzeum Dolnolu\u017eick\u00e9ho v\u0159esovi\u0161t\u011b Spremberg<\/a><\/p>\n<\/div>\n\t\t\t\t\t<\/div>\n<h5>2. hra z\u00e1mku<\/h5>\n<div data-post-id='schlossspiel' class='insert-page insert-page-schlossspiel'>\t\t\t\t\t<p>Hra na hrad je p\u00e1trac\u00ed a orienta\u010dn\u00ed hra v muzeu. P\u0159evle\u010deni do st\u0159edov\u011bk\u00fdch kost\u00fdm\u016f se vyd\u00e1v\u00e1me hledat d\u0159\u00edve vyfotografovan\u00e9 expon\u00e1ty. Pokud je v\u0161echny najdeme, v\u010detn\u011b star\u00e9ho kl\u00ed\u010de, m\u016f\u017eeme j\u00edm truhlu otev\u0159\u00edt. O nalezen\u00fdch p\u0159edm\u011btech jsou uvedeny stru\u010dn\u00e9 informace. T\u00edmto zp\u016fsobem jsou osv\u011btleny v\u0161echny prostory domu a vysv\u011btlen \u00fa\u010del muzea.<\/p>\n<p>Podle v\u011bku \u00fa\u010dastn\u00edk\u016f je t\u0159eba \u0159e\u0161it r\u016fzn\u00e9 \u00fakoly.<\/p>\n<p>Nab\u00eddka prob\u00edh\u00e1 v interi\u00e9ru a je ur\u010dena \u017e\u00e1k\u016fm 1. a\u017e 7. t\u0159\u00eddy.<br \/>\nVelikost skupiny: 5 a\u017e 20 osob<br \/>\nTerm\u00edny: dle dohody<br \/>\nP\u0159edb\u011b\u017en\u00e1 registrace: nejpozd\u011bji 5 dn\u00ed p\u0159edem<br \/>\nDoba trv\u00e1n\u00ed: p\u0159ibli\u017en\u011b 1,5 hodiny<br \/>\nVstupn\u00e9 na osobu: 2,00 \u20ac<\/p>\n<p>Pozn\u00e1mky:<br \/>\nV p\u0159\u00edpad\u011b v\u011bt\u0161\u00edho po\u010dtu \u017e\u00e1k\u016f je nutn\u00e9 t\u0159\u00eddu rozd\u011blit. Proto si pros\u00edm vyhra\u010fte o 1\/2 hodiny v\u00edce \u010dasu.<\/p>\n<p><a title=\"Niederlausitzer Heidemuseum Spremberg \/ Dolno\u0142u\u017eyski g\u00f3la\u0144ski muzej Grodk\" href=\"\/museen\/niederlausitzer-heidemuseum-spremberg\/\">Muzeum Dolnolu\u017eick\u00e9ho v\u0159esovi\u0161t\u011b Spremberg<\/a><\/p>\n\t\t\t\t\t<\/div>\n<h5>3. tajn\u00e1 herbologie<\/h5>\n<div data-post-id='geheime-kraeuterkunde' class='insert-page insert-page-geheime-kraeuterkunde'>\t\t\t\t\t<p>Znalosti o p\u011bstov\u00e1n\u00ed a pou\u017e\u00edv\u00e1n\u00ed bylin jsou star\u00e9 tis\u00edce let. Je z\u00e1bavn\u00e9 k bylin\u00e1m \u010dichat, ur\u010dovat je nebo je mlsat. Ale bu\u010fte opatrn\u00ed! Ne v\u0161echny jsou jedl\u00e9 a je t\u0159eba je zu\u0161lechtit. Pot\u00e9 si m\u016f\u017eete vychutnat sva\u010dinu s dom\u00e1c\u00edm m\u00e1slem a bylinkovou sol\u00ed. Na vy\u017e\u00e1d\u00e1n\u00ed je k dispozici prohl\u00eddka bylinkov\u00e9 zahrady s kolegy z Turmapotheke Spremberg.<\/p>\n<p>Program prob\u00edh\u00e1 v interi\u00e9ru i exteri\u00e9ru a je ur\u010den pro \u017e\u00e1ky 1. a\u017e 7. t\u0159\u00eddy.<br \/>\nVelikost skupiny: 5 a\u017e 20 osob<br \/>\nTerm\u00edny: dle dohody<br \/>\nP\u0159edb\u011b\u017en\u00e1 registrace: nejpozd\u011bji 5 dn\u00ed p\u0159edem<br \/>\nDoba trv\u00e1n\u00ed: p\u0159ibli\u017en\u011b 1,5 hodiny<br \/>\nVstupn\u00e9 na osobu: 2,00 \u20ac<\/p>\n<p>Pozn\u00e1mky:<br \/>\nV p\u0159\u00edpad\u011b v\u011bt\u0161\u00edho po\u010dtu \u017e\u00e1k\u016f je nutn\u00e9 t\u0159\u00eddu rozd\u011blit. Proto si pros\u00edm vyhra\u010fte o 1\/2 hodiny v\u00edce \u010dasu.<\/p>\n<p><a title=\"Niederlausitzer Heidemuseum Spremberg \/ Dolno\u0142u\u017eyski g\u00f3la\u0144ski muzej Grodk\" href=\"\/museen\/niederlausitzer-heidemuseum-spremberg\/\">Muzeum Dolnolu\u017eick\u00e9ho v\u0159esovi\u0161t\u011b Spremberg<\/a><\/p>\n\t\t\t\t\t<\/div>\n<h5>4. myc\u00ed den<\/h5>\n<div data-post-id='waschtag' class='insert-page insert-page-waschtag'>\t\t\t\t\t<p>D\u00edky zinkov\u00e9 van\u011b, pra\u010dce a pr\u00e1deln\u00ed \u0161\u0148\u016f\u0159e se na zahrad\u011b statku op\u011bt \u010dist\u00ed velk\u00e9 i mal\u00e9 pr\u00e1dlo. Dozv\u00edte se zde mnoho o tom, co musely pradleny d\u011blat a jak n\u00e1ro\u010dn\u00e1 byla p\u00e9\u010de o pr\u00e1dlo.<\/p>\n<p>Program prob\u00edh\u00e1 venku a je ur\u010den pro \u017e\u00e1ky 1. a\u017e 5. t\u0159\u00eddy.<br \/>\nVelikost skupiny: 5 a\u017e 20 osob<br \/>\nTerm\u00edny: dle dohody<br \/>\nP\u0159edb\u011b\u017en\u00e1 registrace: nejpozd\u011bji 5 dn\u00ed p\u0159edem<br \/>\nDoba trv\u00e1n\u00ed: p\u0159ibli\u017en\u011b 1,5 hodiny<br \/>\nVstupn\u00e9 na osobu: 2,00 \u20ac<\/p>\n<p>Pozn\u00e1mky:<br \/>\nV p\u0159\u00edpad\u011b v\u011bt\u0161\u00edho po\u010dtu \u017e\u00e1k\u016f je nutn\u00e9 t\u0159\u00eddu rozd\u011blit. Proto si pros\u00edm vyhra\u010fte o 1\/2 hodiny v\u00edce \u010dasu.<\/p>\n<p><a title=\"Niederlausitzer Heidemuseum Spremberg \/ Dolno\u0142u\u017eyski g\u00f3la\u0144ski muzej Grodk\" href=\"\/museen\/niederlausitzer-heidemuseum-spremberg\/\">Muzeum Dolnolu\u017eick\u00e9ho v\u0159esovi\u0161t\u011b Spremberg<\/a><\/p>\n\t\t\t\t\t<\/div>\n<h3><\/h3>\n<p>&nbsp;<\/p>\n<h3>Galerie<a id=\"galerie_spremberg\"><\/a><\/h3>\n<div id=\"envira-gallery-wrap-53179\" class=\"envira-gallery-wrap envira-gallery-theme-base envira-lightbox-theme-base\" itemscope itemtype=\"https:\/\/schema.org\/ImageGallery\"><div data-row-height=\"150\" data-gallery-theme=\"normal\" id=\"envira-gallery-53179\" class=\"envira-gallery-public envira-gallery-justified-public envira-gallery-0-columns envira-clear enviratope envira-gallery-css-animations\" data-envira-columns=\"0\"><div id=\"envira-gallery-item-53180\" class=\"envira-gallery-item enviratope-item envira-gallery-item-1 envira-lazy-load\" style=\"padding-left: 5px; padding-bottom: 10px; padding-right: 5px;\"  itemscope itemtype=\"https:\/\/schema.org\/ImageObject\"><div class=\"envira-gallery-item-inner\"><div class=\"envira-gallery-position-overlay  envira-gallery-top-left\"><\/div><div class=\"envira-gallery-position-overlay  envira-gallery-top-right\"><\/div><div class=\"envira-gallery-position-overlay  envira-gallery-bottom-left\"><\/div><div class=\"envira-gallery-position-overlay  envira-gallery-bottom-right\"><\/div><a href=\"https:\/\/www.lausitzer-museenland.de\/wp-content\/uploads\/2020\/11\/Heidemuseum-Spremberg2020-22.jpg\" class=\"envira-gallery-53179 envira-gallery-link\" rel=\"enviragallery53179\" title=\"Lu\u017eickosrbsk\u00fd zp\u011bvn\u00edk Foto: Bernd Choritz\" data-envira-caption=\"sorbisches Gesangsbuch Foto: Bernd Choritz\" data-envira-retina=\"\" data-thumbnail=\"\"  itemprop=\"contentUrl\"><img id=\"envira-gallery-image-53180\" class=\"envira-gallery-image envira-gallery-image-1 envira-normal envira-lazy\" data-envira-index=\"1\" src=\"https:\/\/www.lausitzer-museenland.de\/wp-content\/uploads\/2020\/11\/Heidemuseum-Spremberg2020-22-1024x683.jpg\" data-envira-src=\"https:\/\/www.lausitzer-museenland.de\/wp-content\/uploads\/2020\/11\/Heidemuseum-Spremberg2020-22-1024x683.jpg\" data-envira-gallery-id=\"53179\" data-envira-item-id=\"53180\" data-envira-caption=\"sorbisches Gesangsbuch Foto: Bernd Choritz\" alt=\"\" title=\"Lu\u017eickosrbsk\u00fd zp\u011bvn\u00edk Foto: Bernd Choritz\"  itemprop=\"thumbnailUrl\" data-envira-srcset=\"https:\/\/www.lausitzer-museenland.de\/wp-content\/uploads\/2020\/11\/Heidemuseum-Spremberg2020-22-1024x683.jpg 400w,https:\/\/www.lausitzer-museenland.de\/wp-content\/uploads\/2020\/11\/Heidemuseum-Spremberg2020-22-1024x683.jpg 2x\" data-envira-width=\"300\" data-envira-height=\"200\" srcset=\"data:image\/gif;base64,R0lGODlhAQABAIAAAP\/\/\/\/\/\/\/yH5BAEKAAEALAAAAAABAAEAAAICTAEAOw==\" data-safe-src=\"data:image\/gif;base64,R0lGODlhAQABAIAAAP\/\/\/\/\/\/\/yH5BAEKAAEALAAAAAABAAEAAAICTAEAOw==\" \/><\/a><\/div><\/div><div id=\"envira-gallery-item-53181\" class=\"envira-gallery-item enviratope-item envira-gallery-item-2 envira-lazy-load\" style=\"padding-left: 5px; padding-bottom: 10px; padding-right: 5px;\"  itemscope itemtype=\"https:\/\/schema.org\/ImageObject\"><div class=\"envira-gallery-item-inner\"><div class=\"envira-gallery-position-overlay  envira-gallery-top-left\"><\/div><div class=\"envira-gallery-position-overlay  envira-gallery-top-right\"><\/div><div class=\"envira-gallery-position-overlay  envira-gallery-bottom-left\"><\/div><div class=\"envira-gallery-position-overlay  envira-gallery-bottom-right\"><\/div><a href=\"https:\/\/www.lausitzer-museenland.de\/wp-content\/uploads\/2020\/11\/Heidemuseum-Spremberg2020-35.jpg\" class=\"envira-gallery-53179 envira-gallery-link\" rel=\"enviragallery53179\" title=\"Heidemuseum Spremberg Foto: Bernd Choritz\" data-envira-caption=\"Heidemuseum Spremberg Foto: Bernd Choritz\" data-envira-retina=\"\" data-thumbnail=\"\"  itemprop=\"contentUrl\"><img id=\"envira-gallery-image-53181\" class=\"envira-gallery-image envira-gallery-image-2 envira-normal envira-lazy\" data-envira-index=\"2\" src=\"https:\/\/www.lausitzer-museenland.de\/wp-content\/uploads\/2020\/11\/Heidemuseum-Spremberg2020-35-1024x683.jpg\" data-envira-src=\"https:\/\/www.lausitzer-museenland.de\/wp-content\/uploads\/2020\/11\/Heidemuseum-Spremberg2020-35-1024x683.jpg\" data-envira-gallery-id=\"53179\" data-envira-item-id=\"53181\" data-envira-caption=\"Heidemuseum Spremberg Foto: Bernd Choritz\" alt=\"\" title=\"Heidemuseum Spremberg Foto: Bernd Choritz\"  itemprop=\"thumbnailUrl\" data-envira-srcset=\"https:\/\/www.lausitzer-museenland.de\/wp-content\/uploads\/2020\/11\/Heidemuseum-Spremberg2020-35-1024x683.jpg 400w,https:\/\/www.lausitzer-museenland.de\/wp-content\/uploads\/2020\/11\/Heidemuseum-Spremberg2020-35-1024x683.jpg 2x\" data-envira-width=\"300\" data-envira-height=\"200\" srcset=\"data:image\/gif;base64,R0lGODlhAQABAIAAAP\/\/\/\/\/\/\/yH5BAEKAAEALAAAAAABAAEAAAICTAEAOw==\" data-safe-src=\"data:image\/gif;base64,R0lGODlhAQABAIAAAP\/\/\/\/\/\/\/yH5BAEKAAEALAAAAAABAAEAAAICTAEAOw==\" \/><\/a><\/div><\/div><div id=\"envira-gallery-item-53182\" class=\"envira-gallery-item enviratope-item envira-gallery-item-3 envira-lazy-load\" style=\"padding-left: 5px; padding-bottom: 10px; padding-right: 5px;\"  itemscope itemtype=\"https:\/\/schema.org\/ImageObject\"><div class=\"envira-gallery-item-inner\"><div class=\"envira-gallery-position-overlay  envira-gallery-top-left\"><\/div><div class=\"envira-gallery-position-overlay  envira-gallery-top-right\"><\/div><div class=\"envira-gallery-position-overlay  envira-gallery-bottom-left\"><\/div><div class=\"envira-gallery-position-overlay  envira-gallery-bottom-right\"><\/div><a href=\"https:\/\/www.lausitzer-museenland.de\/wp-content\/uploads\/2020\/11\/Heidemuseum-Spremberg2020-48.jpg\" class=\"envira-gallery-53179 envira-gallery-link\" rel=\"enviragallery53179\" title=\"V\u00fdstava Strittmatter 01 Foto: Bernd Choritz\" data-envira-caption=\"Strittmatterausstellung 01 Foto: Bernd Choritz\" data-envira-retina=\"\" data-thumbnail=\"\"  itemprop=\"contentUrl\"><img id=\"envira-gallery-image-53182\" class=\"envira-gallery-image envira-gallery-image-3 envira-normal envira-lazy\" data-envira-index=\"3\" src=\"https:\/\/www.lausitzer-museenland.de\/wp-content\/uploads\/2020\/11\/Heidemuseum-Spremberg2020-48-1024x683.jpg\" data-envira-src=\"https:\/\/www.lausitzer-museenland.de\/wp-content\/uploads\/2020\/11\/Heidemuseum-Spremberg2020-48-1024x683.jpg\" data-envira-gallery-id=\"53179\" data-envira-item-id=\"53182\" data-envira-caption=\"Strittmatterausstellung 01 Foto: Bernd Choritz\" alt=\"\" title=\"V\u00fdstava Strittmatter 01 Foto: Bernd Choritz\"  itemprop=\"thumbnailUrl\" data-envira-srcset=\"https:\/\/www.lausitzer-museenland.de\/wp-content\/uploads\/2020\/11\/Heidemuseum-Spremberg2020-48-1024x683.jpg 400w,https:\/\/www.lausitzer-museenland.de\/wp-content\/uploads\/2020\/11\/Heidemuseum-Spremberg2020-48-1024x683.jpg 2x\" data-envira-width=\"300\" data-envira-height=\"200\" srcset=\"data:image\/gif;base64,R0lGODlhAQABAIAAAP\/\/\/\/\/\/\/yH5BAEKAAEALAAAAAABAAEAAAICTAEAOw==\" data-safe-src=\"data:image\/gif;base64,R0lGODlhAQABAIAAAP\/\/\/\/\/\/\/yH5BAEKAAEALAAAAAABAAEAAAICTAEAOw==\" \/><\/a><\/div><\/div><div id=\"envira-gallery-item-53183\" class=\"envira-gallery-item enviratope-item envira-gallery-item-4 envira-lazy-load\" style=\"padding-left: 5px; padding-bottom: 10px; padding-right: 5px;\"  itemscope itemtype=\"https:\/\/schema.org\/ImageObject\"><div class=\"envira-gallery-item-inner\"><div class=\"envira-gallery-position-overlay  envira-gallery-top-left\"><\/div><div class=\"envira-gallery-position-overlay  envira-gallery-top-right\"><\/div><div class=\"envira-gallery-position-overlay  envira-gallery-bottom-left\"><\/div><div class=\"envira-gallery-position-overlay  envira-gallery-bottom-right\"><\/div><a href=\"https:\/\/www.lausitzer-museenland.de\/wp-content\/uploads\/2020\/11\/Heidemuseum-Spremberg2020-54.jpg\" class=\"envira-gallery-53179 envira-gallery-link\" rel=\"enviragallery53179\" title=\"V\u00fdstava Strittmatter 02 Foto: Bernd Choritz\" data-envira-caption=\"Strittmatterausstellung 02 Foto: Bernd Choritz\" data-envira-retina=\"\" data-thumbnail=\"\"  itemprop=\"contentUrl\"><img id=\"envira-gallery-image-53183\" class=\"envira-gallery-image envira-gallery-image-4 envira-normal envira-lazy\" data-envira-index=\"4\" src=\"https:\/\/www.lausitzer-museenland.de\/wp-content\/uploads\/2020\/11\/Heidemuseum-Spremberg2020-54-1024x683.jpg\" data-envira-src=\"https:\/\/www.lausitzer-museenland.de\/wp-content\/uploads\/2020\/11\/Heidemuseum-Spremberg2020-54-1024x683.jpg\" data-envira-gallery-id=\"53179\" data-envira-item-id=\"53183\" data-envira-caption=\"Strittmatterausstellung 02 Foto: Bernd Choritz\" alt=\"\" title=\"V\u00fdstava Strittmatter 02 Foto: Bernd Choritz\"  itemprop=\"thumbnailUrl\" data-envira-srcset=\"https:\/\/www.lausitzer-museenland.de\/wp-content\/uploads\/2020\/11\/Heidemuseum-Spremberg2020-54-1024x683.jpg 400w,https:\/\/www.lausitzer-museenland.de\/wp-content\/uploads\/2020\/11\/Heidemuseum-Spremberg2020-54-1024x683.jpg 2x\" data-envira-width=\"300\" data-envira-height=\"200\" srcset=\"data:image\/gif;base64,R0lGODlhAQABAIAAAP\/\/\/\/\/\/\/yH5BAEKAAEALAAAAAABAAEAAAICTAEAOw==\" data-safe-src=\"data:image\/gif;base64,R0lGODlhAQABAIAAAP\/\/\/\/\/\/\/yH5BAEKAAEALAAAAAABAAEAAAICTAEAOw==\" \/><\/a><\/div><\/div><\/div><\/div><noscript><img src=\"https:\/\/www.lausitzer-museenland.de\/wp-content\/uploads\/2020\/11\/Heidemuseum-Spremberg2020-22.jpg\" alt=\"\" \/><img src=\"https:\/\/www.lausitzer-museenland.de\/wp-content\/uploads\/2020\/11\/Heidemuseum-Spremberg2020-35.jpg\" alt=\"\" \/><img src=\"https:\/\/www.lausitzer-museenland.de\/wp-content\/uploads\/2020\/11\/Heidemuseum-Spremberg2020-48.jpg\" alt=\"\" \/><img src=\"https:\/\/www.lausitzer-museenland.de\/wp-content\/uploads\/2020\/11\/Heidemuseum-Spremberg2020-54.jpg\" alt=\"\" \/><\/noscript>","protected":false},"excerpt":{"rendered":"<p>Galerie | V\u00fdstavy | Nab\u00eddka pro d\u011bti Okresn\u00ed muzeum v kulturn\u00edm z\u00e1mku v okrese Spree-Nisa Stavba \/ situace v are\u00e1lu Z\u00e1mek Spremberg, ve kter\u00e9m se muzeum nach\u00e1z\u00ed, pro\u0161el r\u016fzn\u00fdmi stavebn\u00edmi etapami od rom\u00e1nsk\u00e9ho hradu a\u017e po pozdn\u011b barokn\u00ed \u010dty\u0159k\u0159\u00eddl\u00fd komplex. Historie stavby je dolo\u017eena od 11. stolet\u00ed. Spodn\u00ed \u010d\u00e1st velk\u00e9 hlavn\u00ed v\u011b\u017ee s<\/p>","protected":false},"author":13,"featured_media":0,"parent":113,"menu_order":0,"comment_status":"closed","ping_status":"closed","template":"","meta":[],"_links":{"self":[{"href":"https:\/\/www.lausitzer-museenland.de\/cs\/wp-json\/wp\/v2\/pages\/231"}],"collection":[{"href":"https:\/\/www.lausitzer-museenland.de\/cs\/wp-json\/wp\/v2\/pages"}],"about":[{"href":"https:\/\/www.lausitzer-museenland.de\/cs\/wp-json\/wp\/v2\/types\/page"}],"author":[{"embeddable":true,"href":"https:\/\/www.lausitzer-museenland.de\/cs\/wp-json\/wp\/v2\/users\/13"}],"replies":[{"embeddable":true,"href":"https:\/\/www.lausitzer-museenland.de\/cs\/wp-json\/wp\/v2\/comments?post=231"}],"version-history":[{"count":15,"href":"https:\/\/www.lausitzer-museenland.de\/cs\/wp-json\/wp\/v2\/pages\/231\/revisions"}],"predecessor-version":[{"id":53936,"href":"https:\/\/www.lausitzer-museenland.de\/cs\/wp-json\/wp\/v2\/pages\/231\/revisions\/53936"}],"up":[{"embeddable":true,"href":"https:\/\/www.lausitzer-museenland.de\/cs\/wp-json\/wp\/v2\/pages\/113"}],"wp:attachment":[{"href":"https:\/\/www.lausitzer-museenland.de\/cs\/wp-json\/wp\/v2\/media?parent=231"}],"curies":[{"name":"wp","href":"https:\/\/api.w.org\/{rel}","templated":true}]}}