{"id":235,"date":"2014-11-06T09:58:43","date_gmt":"2014-11-06T08:58:43","guid":{"rendered":"http:\/\/lausitzer-museenland.de\/?page_id=235"},"modified":"2023-11-14T11:35:25","modified_gmt":"2023-11-14T10:35:25","slug":"niederlausitzer-sorbisches-dorfmuseum-bloischdorf","status":"publish","type":"page","link":"https:\/\/www.lausitzer-museenland.de\/cs\/muzea\/niederlausitzer-sorbisches-dorfmuseum-bloischdorf\/","title":{"rendered":"Muzeum dolnolu\u017eickosrbsk\u00e9 vesnice Bloischdorf\/ Dolno\u0142u\u017eyski serbski wejsny muzej B\u0142obo\u0161ojce"},"content":{"rendered":"<p><a href=\"#galerie_bloischdorf\">Galerie<\/a> |\u00a0<a href=\"#austellung_bloischdorf\">V\u00fdstavy<\/a>\u00a0| <a href=\"#kinderangebot_bloischdorf\">Nab\u00eddky pro d\u011bti<\/a><br \/>\n<img loading=\"lazy\" class=\"enigma_img_responsive alignnone wp-image-1272\" src=\"https:\/\/www.lausitzer-museenland.de\/wp-content\/uploads\/2014\/11\/126.jpg\" alt=\"1\" width=\"800\" height=\"398\" srcset=\"https:\/\/www.lausitzer-museenland.de\/wp-content\/uploads\/2014\/11\/126.jpg 402w, https:\/\/www.lausitzer-museenland.de\/wp-content\/uploads\/2014\/11\/126-300x149.jpg 300w, https:\/\/www.lausitzer-museenland.de\/wp-content\/uploads\/2014\/11\/126-100x49.jpg 100w, https:\/\/www.lausitzer-museenland.de\/wp-content\/uploads\/2014\/11\/126-150x74.jpg 150w, https:\/\/www.lausitzer-museenland.de\/wp-content\/uploads\/2014\/11\/126-200x99.jpg 200w\" sizes=\"(max-width: 800px) 100vw, 800px\" \/><\/p>\n\n<p>Vesnick\u00e9 muzeum se sb\u00edrkou zem\u011bd\u011blsk\u00e9 historie<\/p>\n<h3>Situace budovy\/nemovitosti<\/h3>\n<p>Budova historick\u00e9 z\u00e1meck\u00e9 stodoly - masivn\u00ed cihlov\u00e1 stavba z roku 1880 - byla zrekonstruov\u00e1na a p\u0159em\u011bn\u011bna na v\u00fdstavn\u00ed prostory a m\u00edsto kon\u00e1n\u00ed akc\u00ed.<\/p>\n<h3>Charakteristika<\/h3>\n<p>Zam\u011b\u0159uje se na historii a kulturu venkovsk\u00e9ho obyvatelstva, zejm\u00e9na lu\u017eickosrbsk\u00e9ho, v Doln\u00ed Lu\u017eici od 18. do 20. stolet\u00ed. N\u00e1v\u0161t\u011bvn\u00edky \u010dek\u00e1 expozice historick\u00e9ho dom\u00e1c\u00edho hospod\u00e1\u0159stv\u00ed a venkovsk\u00e9ho \u017eivota, bydlen\u00ed a pr\u00e1ce, kter\u00e1 je obohacena o obm\u011b\u0148uj\u00edc\u00ed se speci\u00e1ln\u00ed v\u00fdstavy.<\/p>\n<h3>Speci\u00e1ln\u00ed v\u00fdstavy \/ doprovodn\u00e9 nab\u00eddky<a id=\"austellung_bloischdorf\"><\/a><\/h3>\n<p>Speci\u00e1ln\u00ed v\u00fdstavy jsou za\u010dlen\u011bny do st\u00e1vaj\u00edc\u00ed expozice v samostatn\u00e9 sekci.<\/p>\n<ul>\n<li>Muzejn\u00ed vzd\u011bl\u00e1vac\u00ed programy pro \u0161koly a centra denn\u00ed p\u00e9\u010de<\/li>\n<li>Kulturn\u00ed akce (hudebn\u00ed akce, p\u0159edn\u00e1\u0161ky, \u010dten\u00ed knih, kabaret) v muzeu a v kulturn\u00ed stodole.<\/li>\n<li>Ak\u010dn\u00ed dny pro stav\u011bn\u00ed m\u00e1je, den otev\u0159en\u00fdch pam\u00e1tek, muzejn\u00ed noc<\/li>\n<li>T\u0159\u00edkr\u00e1lov\u00e9 zp\u00edv\u00e1n\u00ed s po\u017eehn\u00e1n\u00edm domu ve stodole muzea<\/li>\n<li>Tradi\u010dn\u00ed zdoben\u00ed velikono\u010dn\u00edch vaj\u00ed\u010dek<\/li>\n<li>Adventn\u00ed akce, sout\u011b\u017e o adventn\u00ed v\u011bnec<\/li>\n<li>kulturn\u00ed stodolu si m\u016f\u017eete pronajmout na svatby, narozeniny nebo jin\u00e9 oslavy.<\/li>\n<\/ul>\n<h3>Nab\u00eddky pro d\u011bti - S Kobim do muzea<a id=\"kinderangebot_bloischdorf\"><\/a><\/h3>\n<p align=\"left\">Kobi - duch mal\u00e9ho domu - je v muzeu jako doma. Bydl\u00ed tam v ba\u010dkor\u00e1ch pod kamny. O p\u016flnoci odposlouch\u00e1v\u00e1 star\u00e9 muzejn\u00ed expon\u00e1ty, kdy\u017e si vypr\u00e1v\u011bj\u00ed p\u0159\u00edb\u011bhy z minulosti. Tyto vzru\u0161uj\u00edc\u00ed p\u0159\u00edb\u011bhy vypr\u00e1v\u00ed pracovn\u00edk\u016fm muzea, kte\u0159\u00ed je pak p\u0159ed\u00e1vaj\u00ed d\u011btem - p\u0159\u00edb\u011bhy ze star\u00fdch, d\u00e1vn\u00fdch \u010das\u016f.<\/p>\n<p>Kobi nab\u00edz\u00ed:<\/p>\n<h5>1. od obil\u00ed k chlebu<\/h5>\n<div data-post-id='vom-korn-zum-brot' class='insert-page insert-page-vom-korn-zum-brot'>\t\t\t\t\t<p>Aby d\u011btem uk\u00e1zali, jak pracn\u00e9 bylo d\u0159\u00edve pe\u010den\u00ed chleba, sami si z p\u0159edem p\u0159ipraven\u00e9ho t\u011bsta vytvaruj\u00ed bochn\u00edky chleba, kter\u00e9 pak upe\u010dou v muzejn\u00ed peci.<br \/>\nVzd\u011bl\u00e1vac\u00ed lekce p\u0159in\u00e1\u0161\u00ed spoustu zaj\u00edmavost\u00ed o obilovin\u00e1ch. D\u011bti si tak\u00e9 mohou vyrobit m\u00e1slo ze smetany. Pot\u00e9 se nasb\u00edraj\u00ed bylinky z vlastn\u00ed bylinkov\u00e9 zahr\u00e1dky a vyrob\u00ed se z nich bylinkov\u00e9 m\u00e1slo a bylinkov\u00fd tvaroh. Chl\u00e9b se vynd\u00e1 z pece a vychladne. Mezit\u00edm \u017e\u00e1ci \u0159e\u0161\u00ed kv\u00edz nebo k\u0159\u00ed\u017eovku. Nakonec d\u011bti sn\u00ed chl\u00e9b s bylinkov\u00fdm tvarohem a bylinkov\u00fdm m\u00e1slem.<\/p>\n<p>Program prob\u00edh\u00e1 v interi\u00e9ru i exteri\u00e9ru a je ur\u010den pro \u0161kolky a \u0161kol\u00e1ky.<br \/>\nt\u0159\u00edd 1 a\u017e 8.<br \/>\nTerm\u00edny: dle dohody<br \/>\nP\u0159edb\u011b\u017en\u00e1 registrace: alespo\u0148 3 t\u00fddny p\u0159edem<br \/>\nDoba trv\u00e1n\u00ed: p\u0159ibli\u017en\u011b 3 hodiny<br \/>\nVelikost skupiny: 10 a\u017e 30 osob<br \/>\nP\u0159\u00edsp\u011bvek na n\u00e1klady na osobu: 7,00 \u20ac<br \/>\n2 pe\u010dovatel\u00e9 skupiny maj\u00ed vstup zdarma<br \/>\n<a title=\"Muzeum dolnolu\u017eickosrbsk\u00e9 vesnice Bloischdorf\/ B\u0142obo\u0161ojce\" href=\"\/museen\/niederlausitzer-sorbisches-dorfmuseum-bloischdorf\/\">Stodola muzea Bloischdorf<\/a><\/p>\n\t\t\t\t\t<\/div>\n<h5>2. tradi\u010dn\u00ed zdoben\u00ed velikono\u010dn\u00edch vaj\u00ed\u010dek<\/h5>\n<div data-post-id='traditionelles-ostereierverzieren-im-dorfmuseum-bloischdorf' class='insert-page insert-page-traditionelles-ostereierverzieren-im-dorfmuseum-bloischdorf'>\t\t\t\t\t<p>V\u0161ichni jsou zv\u00e1ni, aby se sezn\u00e1mili se dv\u011bma tradi\u010dn\u00edmi lu\u017eickosrbsk\u00fdmi technikami zdoben\u00ed velikono\u010dn\u00edch vaj\u00ed\u010dek, vyzkou\u0161eli si je a pou\u017eili je.<br \/>\nTradi\u010dn\u00ed ornamenty a vzory se na vejce nan\u00e1\u0161ej\u00ed pomoc\u00ed \u0161pendl\u00edkov\u00fdch hlavi\u010dek a pe\u0159\u00ed\u010dek.<br \/>\nP\u0159i technice voskov\u00e1n\u00ed se na b\u00edl\u00e9, hn\u011bd\u00e9 nebo d\u0159\u00edve obarven\u00e9 vejce nan\u00e1\u0161\u00ed vosk r\u016fzn\u00fdch barev. Barevn\u00fd vosk z\u016fst\u00e1v\u00e1 na velikono\u010dn\u00edm vaj\u00ed\u010dku. Technika nan\u00e1\u0161en\u00ed vosku je \u010dasov\u011b n\u00e1ro\u010dn\u011bj\u0161\u00ed, proto\u017ee ornamenty se nan\u00e1\u0161ej\u00ed voskem v n\u011bkolika kroc\u00edch a mezi jednotliv\u00fdmi nan\u00e1\u0161en\u00edmi vosku se vejce opakovan\u011b pono\u0159uje do r\u016fzn\u00fdch barevn\u00fdch l\u00e1zn\u00ed. Nakonec se vosk z vejce op\u011bt odstran\u00ed.<\/p>\n<p>Program prob\u00edh\u00e1 v interi\u00e9ru a je ur\u010den pro \u0161kolky a \u0161kol\u00e1ky.<br \/>\nt\u0159\u00edd 1 a\u017e 10.<br \/>\nTerm\u00edny: 4 t\u00fddny p\u0159ed Velikonocemi<br \/>\nP\u0159edb\u011b\u017en\u00e1 registrace: alespo\u0148 3 t\u00fddny p\u0159edem<br \/>\nDoba trv\u00e1n\u00ed: p\u0159ibli\u017en\u011b 2 hodiny<br \/>\nVelikost skupiny: 10 a\u017e 30 osob<br \/>\nP\u0159\u00edsp\u011bvek na n\u00e1klady na osobu: 7,00 \u20ac<br \/>\n2 pe\u010dovatel\u00e9 skupiny maj\u00ed vstup zdarma<br \/>\n<a title=\"Muzeum dolnolu\u017eickosrbsk\u00e9 vesnice Bloischdorf\/ B\u0142obo\u0161ojce\" href=\"\/museen\/niederlausitzer-sorbisches-dorfmuseum-bloischdorf\/\">Stodola muzea Bloischdorf<\/a><\/p>\n\t\t\t\t\t<\/div>\n<h3><\/h3>\n<p>&nbsp;<\/p>\n<h3>Galerie<a id=\"galerie_bloischdorf\"><\/a><\/h3>\n<div id=\"envira-gallery-wrap-235\" class=\"envira-gallery-wrap envira-gallery-theme-base envira-lightbox-theme-base\" itemscope itemtype=\"https:\/\/schema.org\/ImageGallery\"><div data-row-height=\"\" data-gallery-theme=\"\" id=\"envira-gallery-235\" class=\"envira-gallery-public  envira-gallery-3-columns envira-clear enviratope envira-gallery-css-animations\" data-envira-columns=\"3\"><div id=\"envira-gallery-item-3491\" class=\"envira-gallery-item enviratope-item envira-gallery-item-1\" style=\"padding-left: 5px; padding-bottom: 10px; padding-right: 5px;\"  itemscope itemtype=\"https:\/\/schema.org\/ImageObject\"><div class=\"envira-gallery-item-inner\"><div class=\"envira-gallery-position-overlay  envira-gallery-top-left\"><\/div><div class=\"envira-gallery-position-overlay  envira-gallery-top-right\"><\/div><div class=\"envira-gallery-position-overlay  envira-gallery-bottom-left\"><\/div><div class=\"envira-gallery-position-overlay  envira-gallery-bottom-right\"><\/div><a href=\"https:\/\/www.lausitzer-museenland.de\/wp-content\/uploads\/2014\/11\/155.jpg\" class=\"envira-gallery-235 envira-gallery-link\" rel=\"enviragallery235\" title=\"Muzeum dolnolu\u017eickosrbsk\u00e9 vesnice Bloischdorf\" data-envira-caption=\"Niederlausitzer Sorbisches Dorfmuseum Bloischdorf\" data-envira-retina=\"\" data-thumbnail=\"\"  itemprop=\"contentUrl\"><div class=\"envira-lazy\" data-test-width=\"960\" data-test-height=\"300\" style=\"padding-bottom:31.25%;\"><img id=\"envira-gallery-image-3491\" class=\"envira-gallery-image envira-gallery-image-1\" data-envira-index=\"1\" src=\"https:\/\/www.lausitzer-museenland.de\/wp-content\/uploads\/2014\/11\/155.jpg\" data-envira-src=\"https:\/\/www.lausitzer-museenland.de\/wp-content\/uploads\/2014\/11\/155.jpg\" data-envira-gallery-id=\"235\" data-envira-item-id=\"3491\" data-envira-caption=\"Niederlausitzer Sorbisches Dorfmuseum Bloischdorf\" alt=\"\" title=\"Muzeum dolnolu\u017eickosrbsk\u00e9 vesnice Bloischdorf\"  itemprop=\"thumbnailUrl\" data-envira-srcset=\"https:\/\/www.lausitzer-museenland.de\/wp-content\/uploads\/2014\/11\/155.jpg 400w,https:\/\/www.lausitzer-museenland.de\/wp-content\/uploads\/2014\/11\/155.jpg 2x\" srcset=\"data:image\/gif;base64,R0lGODlhAQABAIAAAP\/\/\/\/\/\/\/yH5BAEKAAEALAAAAAABAAEAAAICTAEAOw==\" \/><\/div><\/a><\/div><\/div><div id=\"envira-gallery-item-3492\" class=\"envira-gallery-item enviratope-item envira-gallery-item-2\" style=\"padding-left: 5px; padding-bottom: 10px; padding-right: 5px;\"  itemscope itemtype=\"https:\/\/schema.org\/ImageObject\"><div class=\"envira-gallery-item-inner\"><div class=\"envira-gallery-position-overlay  envira-gallery-top-left\"><\/div><div class=\"envira-gallery-position-overlay  envira-gallery-top-right\"><\/div><div class=\"envira-gallery-position-overlay  envira-gallery-bottom-left\"><\/div><div class=\"envira-gallery-position-overlay  envira-gallery-bottom-right\"><\/div><a href=\"https:\/\/www.lausitzer-museenland.de\/wp-content\/uploads\/2014\/11\/222.jpg\" class=\"envira-gallery-235 envira-gallery-link\" rel=\"enviragallery235\" title=\"Pohled do muzea\" data-envira-caption=\"Blick ins Museum\" data-envira-retina=\"\" data-thumbnail=\"\"  itemprop=\"contentUrl\"><div class=\"envira-lazy\" data-test-width=\"960\" data-test-height=\"300\" style=\"padding-bottom:31.25%;\"><img id=\"envira-gallery-image-3492\" class=\"envira-gallery-image envira-gallery-image-2\" data-envira-index=\"2\" src=\"https:\/\/www.lausitzer-museenland.de\/wp-content\/uploads\/2014\/11\/222.jpg\" data-envira-src=\"https:\/\/www.lausitzer-museenland.de\/wp-content\/uploads\/2014\/11\/222.jpg\" data-envira-gallery-id=\"235\" data-envira-item-id=\"3492\" data-envira-caption=\"Blick ins Museum\" alt=\"\" title=\"Pohled do muzea\"  itemprop=\"thumbnailUrl\" data-envira-srcset=\"https:\/\/www.lausitzer-museenland.de\/wp-content\/uploads\/2014\/11\/222.jpg 400w,https:\/\/www.lausitzer-museenland.de\/wp-content\/uploads\/2014\/11\/222.jpg 2x\" srcset=\"data:image\/gif;base64,R0lGODlhAQABAIAAAP\/\/\/\/\/\/\/yH5BAEKAAEALAAAAAABAAEAAAICTAEAOw==\" \/><\/div><\/a><\/div><\/div><div id=\"envira-gallery-item-3493\" class=\"envira-gallery-item enviratope-item envira-gallery-item-3\" style=\"padding-left: 5px; padding-bottom: 10px; padding-right: 5px;\"  itemscope itemtype=\"https:\/\/schema.org\/ImageObject\"><div class=\"envira-gallery-item-inner\"><div class=\"envira-gallery-position-overlay  envira-gallery-top-left\"><\/div><div class=\"envira-gallery-position-overlay  envira-gallery-top-right\"><\/div><div class=\"envira-gallery-position-overlay  envira-gallery-bottom-left\"><\/div><div class=\"envira-gallery-position-overlay  envira-gallery-bottom-right\"><\/div><a href=\"https:\/\/www.lausitzer-museenland.de\/wp-content\/uploads\/2014\/11\/313.jpg\" class=\"envira-gallery-235 envira-gallery-link\" rel=\"enviragallery235\" title=\"Pohled do muzea\" data-envira-caption=\"Blick ins Museum\" data-envira-retina=\"\" data-thumbnail=\"\"  itemprop=\"contentUrl\"><div class=\"envira-lazy\" data-test-width=\"960\" data-test-height=\"300\" style=\"padding-bottom:31.25%;\"><img id=\"envira-gallery-image-3493\" class=\"envira-gallery-image envira-gallery-image-3\" data-envira-index=\"3\" src=\"https:\/\/www.lausitzer-museenland.de\/wp-content\/uploads\/2014\/11\/313.jpg\" data-envira-src=\"https:\/\/www.lausitzer-museenland.de\/wp-content\/uploads\/2014\/11\/313.jpg\" data-envira-gallery-id=\"235\" data-envira-item-id=\"3493\" data-envira-caption=\"Blick ins Museum\" alt=\"\" title=\"Pohled do muzea\"  itemprop=\"thumbnailUrl\" data-envira-srcset=\"https:\/\/www.lausitzer-museenland.de\/wp-content\/uploads\/2014\/11\/313.jpg 400w,https:\/\/www.lausitzer-museenland.de\/wp-content\/uploads\/2014\/11\/313.jpg 2x\" srcset=\"data:image\/gif;base64,R0lGODlhAQABAIAAAP\/\/\/\/\/\/\/yH5BAEKAAEALAAAAAABAAEAAAICTAEAOw==\" \/><\/div><\/a><\/div><\/div><div id=\"envira-gallery-item-3494\" class=\"envira-gallery-item enviratope-item envira-gallery-item-4\" style=\"padding-left: 5px; padding-bottom: 10px; padding-right: 5px;\"  itemscope itemtype=\"https:\/\/schema.org\/ImageObject\"><div class=\"envira-gallery-item-inner\"><div class=\"envira-gallery-position-overlay  envira-gallery-top-left\"><\/div><div class=\"envira-gallery-position-overlay  envira-gallery-top-right\"><\/div><div class=\"envira-gallery-position-overlay  envira-gallery-bottom-left\"><\/div><div class=\"envira-gallery-position-overlay  envira-gallery-bottom-right\"><\/div><a href=\"https:\/\/www.lausitzer-museenland.de\/wp-content\/uploads\/2014\/11\/49.jpg\" class=\"envira-gallery-235 envira-gallery-link\" rel=\"enviragallery235\" title=\"Muzeum dolnolu\u017eickosrbsk\u00e9 vesnice Bloischdorf\" data-envira-caption=\"Niederlausitzer Sorbisches Dorfmuseum Bloischdorf\" data-envira-retina=\"\" data-thumbnail=\"\"  itemprop=\"contentUrl\"><div class=\"envira-lazy\" data-test-width=\"960\" data-test-height=\"300\" style=\"padding-bottom:31.25%;\"><img id=\"envira-gallery-image-3494\" class=\"envira-gallery-image envira-gallery-image-4\" data-envira-index=\"4\" src=\"https:\/\/www.lausitzer-museenland.de\/wp-content\/uploads\/2014\/11\/49.jpg\" data-envira-src=\"https:\/\/www.lausitzer-museenland.de\/wp-content\/uploads\/2014\/11\/49.jpg\" data-envira-gallery-id=\"235\" data-envira-item-id=\"3494\" data-envira-caption=\"Niederlausitzer Sorbisches Dorfmuseum Bloischdorf\" alt=\"\" title=\"Muzeum dolnolu\u017eickosrbsk\u00e9 vesnice Bloischdorf\"  itemprop=\"thumbnailUrl\" data-envira-srcset=\"https:\/\/www.lausitzer-museenland.de\/wp-content\/uploads\/2014\/11\/49.jpg 400w,https:\/\/www.lausitzer-museenland.de\/wp-content\/uploads\/2014\/11\/49.jpg 2x\" srcset=\"data:image\/gif;base64,R0lGODlhAQABAIAAAP\/\/\/\/\/\/\/yH5BAEKAAEALAAAAAABAAEAAAICTAEAOw==\" \/><\/div><\/a><\/div><\/div><\/div><\/div><noscript><img src=\"https:\/\/www.lausitzer-museenland.de\/wp-content\/uploads\/2014\/11\/155.jpg\" alt=\"\" \/><img src=\"https:\/\/www.lausitzer-museenland.de\/wp-content\/uploads\/2014\/11\/222.jpg\" alt=\"\" \/><img src=\"https:\/\/www.lausitzer-museenland.de\/wp-content\/uploads\/2014\/11\/313.jpg\" alt=\"\" \/><img src=\"https:\/\/www.lausitzer-museenland.de\/wp-content\/uploads\/2014\/11\/49.jpg\" alt=\"\" \/><\/noscript>","protected":false},"excerpt":{"rendered":"<p>Galerie | V\u00fdstavy | Nab\u00eddka pro d\u011bti Vesnick\u00e9 muzeum se sb\u00edrkou zem\u011bd\u011blsk\u00e9 historie Stavba\/pozemek Budova historick\u00e9 stodoly - mohutn\u00e1 cihlov\u00e1 stavba z roku 1880 - byla zrekonstruov\u00e1na a p\u0159estav\u011bna na v\u00fdstavn\u00ed a spole\u010densk\u00e9 centrum. Charakteristika: Zam\u011b\u0159uje se na historii a kulturu venkovsk\u00e9ho obyvatelstva, zejm\u00e9na lu\u017eickosrbsk\u00e9ho, v Doln\u00ed Lu\u017eici v obdob\u00ed od<\/p>","protected":false},"author":13,"featured_media":0,"parent":113,"menu_order":0,"comment_status":"closed","ping_status":"closed","template":"","meta":[],"_links":{"self":[{"href":"https:\/\/www.lausitzer-museenland.de\/cs\/wp-json\/wp\/v2\/pages\/235"}],"collection":[{"href":"https:\/\/www.lausitzer-museenland.de\/cs\/wp-json\/wp\/v2\/pages"}],"about":[{"href":"https:\/\/www.lausitzer-museenland.de\/cs\/wp-json\/wp\/v2\/types\/page"}],"author":[{"embeddable":true,"href":"https:\/\/www.lausitzer-museenland.de\/cs\/wp-json\/wp\/v2\/users\/13"}],"replies":[{"embeddable":true,"href":"https:\/\/www.lausitzer-museenland.de\/cs\/wp-json\/wp\/v2\/comments?post=235"}],"version-history":[{"count":21,"href":"https:\/\/www.lausitzer-museenland.de\/cs\/wp-json\/wp\/v2\/pages\/235\/revisions"}],"predecessor-version":[{"id":54887,"href":"https:\/\/www.lausitzer-museenland.de\/cs\/wp-json\/wp\/v2\/pages\/235\/revisions\/54887"}],"up":[{"embeddable":true,"href":"https:\/\/www.lausitzer-museenland.de\/cs\/wp-json\/wp\/v2\/pages\/113"}],"wp:attachment":[{"href":"https:\/\/www.lausitzer-museenland.de\/cs\/wp-json\/wp\/v2\/media?parent=235"}],"curies":[{"name":"wp","href":"https:\/\/api.w.org\/{rel}","templated":true}]}}