{"id":239,"date":"2014-11-06T10:02:32","date_gmt":"2014-11-06T09:02:32","guid":{"rendered":"http:\/\/lausitzer-museenland.de\/?page_id=239"},"modified":"2022-05-31T07:44:48","modified_gmt":"2022-05-31T05:44:48","slug":"nossdorfer-wassermuehle","status":"publish","type":"page","link":"https:\/\/www.lausitzer-museenland.de\/cs\/muzea\/nossdorfer-water-mill\/","title":{"rendered":"Vodn\u00ed ml\u00fdn No\u00dfdorf \/ Nosyd\u0142ojski w\u00f3dny m\u0142yn"},"content":{"rendered":"<p><a href=\"#galerie_nossdorf\">Galerie<\/a> |\u00a0<a href=\"#austellung_nossdorf\">V\u00fdstavy<\/a>\u00a0| <a href=\"#kinderangebot_nossdorf\">Nab\u00eddky pro d\u011bti<\/a><br \/>\n<img loading=\"lazy\" class=\"enigma_img_responsive alignnone wp-image-3497\" src=\"https:\/\/www.lausitzer-museenland.de\/wp-content\/uploads\/2014\/11\/156.jpg\" alt=\"1\" width=\"800\" height=\"398\" srcset=\"https:\/\/www.lausitzer-museenland.de\/wp-content\/uploads\/2014\/11\/156.jpg 402w, https:\/\/www.lausitzer-museenland.de\/wp-content\/uploads\/2014\/11\/156-300x149.jpg 300w\" sizes=\"(max-width: 800px) 100vw, 800px\" \/><\/p>\n\n<p>Historie ml\u00fdna a tradi\u010dn\u00ed \u0159emesla<\/p>\n<h3>Situace budovy \/ pozemku<\/h3>\n<p>Rodinn\u00e1 historie vodn\u00edho ml\u00fdna No\u00dfdorf sah\u00e1 a\u017e do roku 1624, kdy byl poprv\u00e9 zm\u00edn\u011bn v kosteln\u00ed matrice ve Forsteru. V roce 1841 byl ml\u00fdn a jez roz\u0161\u00ed\u0159en. Hrab\u011b von Br\u00fchl poskytl mlyn\u00e1\u0159\u016fm pot\u0159ebn\u00e9 d\u0159evo, \u010d\u00e1ste\u010dn\u011b zdarma nebo za n\u00edzkou cenu. V roce 1864 byl ml\u00fdn a obytn\u00fd d\u016fm p\u0159estav\u011bn.<\/p>\n<p>Star\u00e9 vodn\u00ed kolo p\u0159estalo fungovat v roce 1925 a muselo ustoupit turb\u00edn\u011b. To znamenalo, \u017ee ml\u00fdn se svou hrou kol ztratil velkou \u010d\u00e1st sv\u00e9ho star\u00e9ho kouzla. Parn\u00ed pohon v\u0161ak \u010dasem tak\u00e9 zastaral, proto\u017ee vodn\u00ed s\u00edla Malxe byla dostate\u010dn\u00e1.<br \/>\nBudova byla v roce 1990 zaps\u00e1na na seznam pam\u00e1tek a v roce 1993 otev\u0159ena ve\u0159ejnosti jako technick\u00e9 muzeum. V 90. letech 20. stolet\u00ed n\u00e1sledovalo n\u011bkolik rekonstrukc\u00ed. St\u0159echa byla znovu zast\u0159e\u0161ena ve star\u00e9 podob\u011b. Byl tak\u00e9 opraven z\u0159\u00edcen\u00fd most p\u0159es ml\u00fdnsk\u00fd n\u00e1hon, opraven domek ko\u010d\u00edho a obnovena hr\u00e1zd\u011bn\u00e1 konstrukce hlavn\u00ed budovy ml\u00fdna. Star\u00e1 z\u0159\u00edcen\u00e1 kotelna byla p\u0159estav\u011bna v\u011brn\u011b podle p\u016fvodn\u00edho vzhledu, co\u017e d\u00e1v\u00e1 star\u00e9mu n\u00e1dvo\u0159\u00ed s p\u0159ibli\u017en\u011b 40 m vysok\u00fdm kom\u00ednem zvl\u00e1\u0161tn\u00ed vzhled.<\/p>\n<h3>Charakteristika<\/h3>\n<p>Vodn\u00ed ml\u00fdn v No\u00dfdorfu provozovalo v pr\u016fb\u011bhu stalet\u00ed mnoho rodin. V listopadu 2007 byl n\u00e1kladn\u011b \u010d\u00e1ste\u010dn\u011b zrekonstruov\u00e1n a znovu o\u017eiven. Vedle kompletn\u011b zrekonstruovan\u00e9 obytn\u00e9 \u010d\u00e1sti se nach\u00e1z\u00ed expozice s technologi\u00ed ml\u00fdna zachovanou v p\u016fvodn\u00edm stavu. K mlet\u00ed se pou\u017e\u00edval a\u017e do roku 1975.<br \/>\nN\u00e1v\u0161t\u011bvn\u00edci se sezn\u00e1m\u00ed s tradic\u00ed a tvrdou prac\u00ed mlyn\u00e1\u0159sk\u00e9ho \u0159emesla. Cestu od zrna k jemn\u00e9 mouce si m\u016f\u017eete vyzkou\u0161et. Na tomto m\u00edst\u011b lze zvl\u00e1\u0161tn\u00edm zp\u016fsobem sledovat v\u00fdvoj mlyn\u00e1\u0159sk\u00e9ho \u0159emesla od ru\u010dn\u00edho mlet\u00ed a\u017e po industrializaci.<\/p>\n<h3>Doprovodn\u00e9 nab\u00eddky<a id=\"austellung_nossdorf\"><\/a><\/h3>\n<p>Kolem vodn\u00edho ml\u00fdna v No\u00dfdorfu se ka\u017edoro\u010dn\u011b konaj\u00ed r\u016fzn\u00e9 akce:<\/p>\n<ul>\n<li>Vzty\u010den\u00ed m\u00e1jky<\/li>\n<li>Ml\u00fdnsk\u00fd festival<\/li>\n<li>Lu\u017eick\u00e1 muzejn\u00ed noc<\/li>\n<li>V\u00e1no\u010dn\u00ed trh<\/li>\n<\/ul>\n<p>Spolek vodn\u00edch ml\u00fdn\u016f se ka\u017edoro\u010dn\u011b \u00fa\u010dastn\u00ed slavnost\u00ed a v\u00fdro\u010d\u00ed m\u011bsta Forst. (Jarn\u00ed festival a podzimn\u00ed trh). Ml\u00fdnsk\u00fd spolek po\u0159\u00e1d\u00e1 tak\u00e9 prohl\u00eddky evangelick\u00e9ho kostela v No\u00dfdorfu.<\/p>\n<h3>Speci\u00e1ln\u00ed v\u00fdstava \"Kohout a vesnick\u00e9 \u0161t\u011bbet\u00e1n\u00ed<\/h3>\n<p>Toto jedine\u010dn\u00e9 loutkov\u00e9 p\u0159edstaven\u00ed vzniklo ve spolupr\u00e1ci s Heimatstube No\u00dfdorf a no\u00dfdorfskou alianc\u00ed \"Tradice a budoucnost\". \"No\u00dfdorfsk\u00e9 panenky\" p\u0159edstavuj\u00ed rozs\u00e1hl\u00fd fond historick\u00fdch od\u011bv\u016f i pracovn\u00edch a \u00fa\u0159edn\u00edch od\u011bv\u016f. P\u0159edv\u00e1d\u011bj\u00ed \u0159emesln\u00e9, dom\u00e1c\u00ed a ka\u017edodenn\u00ed sc\u00e9ny s odpov\u00eddaj\u00edc\u00edm n\u00e1\u010din\u00edm.<\/p>\n<p>Tuto speci\u00e1ln\u00ed v\u00fdstavu je v sou\u010dasn\u00e9 dob\u011b mo\u017en\u00e9 po p\u0159edchoz\u00ed domluv\u011b nav\u0161t\u00edvit v centru Forsteru na Karlstra\u00dfe (b\u00fdval\u00fd Schlecker\u016fv trh).<\/p>\n<p>Je zde tak\u00e9 mo\u017enost vyp\u016fj\u010dit si p\u0159edm\u011bty pro r\u016fzn\u00e9 p\u0159\u00edle\u017eitosti a t\u00e9mata. Za tuto sb\u00edrku a v\u00fdstavu je zodpov\u011bdn\u00fd pan G\u00fcnter Andreck.<\/p>\n<h3>Nab\u00eddky pro d\u011bti - S Kobim do muzea<a id=\"kinderangebot_nossdorf\"><\/a><\/h3>\n<p align=\"left\">Kobi - duch mal\u00e9ho domu - je v muzeu jako doma. Bydl\u00ed tam v ba\u010dkor\u00e1ch pod kamny. O p\u016flnoci odposlouch\u00e1v\u00e1 star\u00e9 muzejn\u00ed expon\u00e1ty, kdy\u017e si vypr\u00e1v\u011bj\u00ed p\u0159\u00edb\u011bhy z minulosti. Tyto vzru\u0161uj\u00edc\u00ed p\u0159\u00edb\u011bhy vypr\u00e1v\u00ed pracovn\u00edk\u016fm muzea, kte\u0159\u00ed je pak p\u0159ed\u00e1vaj\u00ed d\u011btem - p\u0159\u00edb\u011bhy ze star\u00fdch, d\u00e1vn\u00fdch \u010das\u016f.<\/p>\n<p>Kobi nab\u00edz\u00ed:<\/p>\n<h5>Cesta od zrna k mouce<\/h5>\n<div data-post-id='der-weg-vom-korn-zum-mehl' class='insert-page insert-page-der-weg-vom-korn-zum-mehl'>\t\t\t\t\t<p>Vodn\u00ed ml\u00fdn v No\u00dfdorfu, kter\u00fd je poprv\u00e9 zmi\u0148ov\u00e1n v roce 1624, je zaj\u00edmav\u00fdm v\u00fdletn\u00edm c\u00edlem. V pr\u016fb\u011bhu stalet\u00ed jej provozovaly r\u016fzn\u00e9 rodiny. V roce 1975 byl provoz ml\u00fdna z ekonomick\u00fdch d\u016fvod\u016f ukon\u010den. V roce 1990 byl ml\u00fdn zaps\u00e1n na seznam historick\u00fdch pam\u00e1tek a v roce 1993 byl otev\u0159en ve\u0159ejnosti jako technick\u00e9 muzeum.<\/p>\n<p>Za\u0159\u00edzen\u00ed ml\u00fdna slou\u017e\u00ed k ilustraci cesty od zrna k jemn\u00e9 mouce a tvrd\u00e9 pr\u00e1ce mlyn\u00e1\u0159e.<br \/>\nNab\u00eddka se kon\u00e1 v interi\u00e9ru i exteri\u00e9ru a je zam\u011b\u0159ena na.<br \/>\n\u017d\u00e1ci 1. a\u017e 10. t\u0159\u00eddy.<br \/>\nTerm\u00edny: dle dohody<br \/>\nP\u0159edb\u011b\u017en\u00e1 registrace: alespo\u0148 2 t\u00fddny p\u0159edem<br \/>\nVstupn\u00e9 na osobu: 1,00 \u20ac<\/p>\n<p><a title=\"Vodn\u00ed ml\u00fdn Lossdorf\" href=\"\/museen\/nossdorfer-wassermuehle\/\">Vodn\u00ed ml\u00fdn Lossdorf<\/a><\/p>\n\t\t\t\t\t<\/div>\n<h3><\/h3>\n<p>&nbsp;<\/p>\n<h3>Galerie<a id=\"galerie_nossdorf\"><\/a><\/h3>\n<p><code><div id=\"envira-gallery-wrap-239\" class=\"envira-gallery-wrap envira-gallery-theme-base envira-lightbox-theme-base\" itemscope itemtype=\"https:\/\/schema.org\/ImageGallery\"><div data-row-height=\"\" data-gallery-theme=\"\" id=\"envira-gallery-239\" class=\"envira-gallery-public  envira-gallery-3-columns envira-clear enviratope envira-gallery-css-animations\" data-envira-columns=\"3\"><div id=\"envira-gallery-item-3497\" class=\"envira-gallery-item enviratope-item envira-gallery-item-1\" style=\"padding-left: 5px; padding-bottom: 10px; padding-right: 5px;\"  itemscope itemtype=\"https:\/\/schema.org\/ImageObject\"><div class=\"envira-gallery-item-inner\"><div class=\"envira-gallery-position-overlay  envira-gallery-top-left\"><\/div><div class=\"envira-gallery-position-overlay  envira-gallery-top-right\"><\/div><div class=\"envira-gallery-position-overlay  envira-gallery-bottom-left\"><\/div><div class=\"envira-gallery-position-overlay  envira-gallery-bottom-right\"><\/div><a href=\"https:\/\/www.lausitzer-museenland.de\/wp-content\/uploads\/2014\/11\/156.jpg\" class=\"envira-gallery-239 envira-gallery-link\" rel=\"enviragallery239\" title=\"Vodn\u00ed ml\u00fdn Lossdorf\" data-envira-caption=\"No&szlig;dorfer Wasserm&uuml;hle\" data-envira-retina=\"\" data-thumbnail=\"\"  itemprop=\"contentUrl\"><div class=\"envira-lazy\" data-test-width=\"960\" data-test-height=\"300\" style=\"padding-bottom:31.25%;\"><img id=\"envira-gallery-image-3497\" class=\"envira-gallery-image envira-gallery-image-1\" data-envira-index=\"1\" src=\"https:\/\/www.lausitzer-museenland.de\/wp-content\/uploads\/2014\/11\/156.jpg\" data-envira-src=\"https:\/\/www.lausitzer-museenland.de\/wp-content\/uploads\/2014\/11\/156.jpg\" data-envira-gallery-id=\"239\" data-envira-item-id=\"3497\" data-envira-caption=\"No&szlig;dorfer Wasserm&uuml;hle\" alt=\"\" title=\"No&amp;szlig;dorfer Wasserm&amp;uuml;hle\"  itemprop=\"thumbnailUrl\" data-envira-srcset=\"https:\/\/www.lausitzer-museenland.de\/wp-content\/uploads\/2014\/11\/156.jpg 400w,https:\/\/www.lausitzer-museenland.de\/wp-content\/uploads\/2014\/11\/156.jpg 2x\" srcset=\"data:image\/gif;base64,R0lGODlhAQABAIAAAP\/\/\/\/\/\/\/yH5BAEKAAEALAAAAAABAAEAAAICTAEAOw==\" \/><\/div><\/a><\/div><\/div><div id=\"envira-gallery-item-3498\" class=\"envira-gallery-item enviratope-item envira-gallery-item-2\" style=\"padding-left: 5px; padding-bottom: 10px; padding-right: 5px;\"  itemscope itemtype=\"https:\/\/schema.org\/ImageObject\"><div class=\"envira-gallery-item-inner\"><div class=\"envira-gallery-position-overlay  envira-gallery-top-left\"><\/div><div class=\"envira-gallery-position-overlay  envira-gallery-top-right\"><\/div><div class=\"envira-gallery-position-overlay  envira-gallery-bottom-left\"><\/div><div class=\"envira-gallery-position-overlay  envira-gallery-bottom-right\"><\/div><a href=\"https:\/\/www.lausitzer-museenland.de\/wp-content\/uploads\/2014\/11\/223.jpg\" class=\"envira-gallery-239 envira-gallery-link\" rel=\"enviragallery239\" title=\"Vodn\u00ed ml\u00fdn Lossdorf\" data-envira-caption=\"No&szlig;dorfer Wasserm&uuml;hle\" data-envira-retina=\"\" data-thumbnail=\"\"  itemprop=\"contentUrl\"><div class=\"envira-lazy\" data-test-width=\"960\" data-test-height=\"300\" style=\"padding-bottom:31.25%;\"><img id=\"envira-gallery-image-3498\" class=\"envira-gallery-image envira-gallery-image-2\" data-envira-index=\"2\" src=\"https:\/\/www.lausitzer-museenland.de\/wp-content\/uploads\/2014\/11\/223.jpg\" data-envira-src=\"https:\/\/www.lausitzer-museenland.de\/wp-content\/uploads\/2014\/11\/223.jpg\" data-envira-gallery-id=\"239\" data-envira-item-id=\"3498\" data-envira-caption=\"No&szlig;dorfer Wasserm&uuml;hle\" alt=\"\" title=\"No&amp;szlig;dorfer Wasserm&amp;uuml;hle\"  itemprop=\"thumbnailUrl\" data-envira-srcset=\"https:\/\/www.lausitzer-museenland.de\/wp-content\/uploads\/2014\/11\/223.jpg 400w,https:\/\/www.lausitzer-museenland.de\/wp-content\/uploads\/2014\/11\/223.jpg 2x\" srcset=\"data:image\/gif;base64,R0lGODlhAQABAIAAAP\/\/\/\/\/\/\/yH5BAEKAAEALAAAAAABAAEAAAICTAEAOw==\" \/><\/div><\/a><\/div><\/div><div id=\"envira-gallery-item-3499\" class=\"envira-gallery-item enviratope-item envira-gallery-item-3\" style=\"padding-left: 5px; padding-bottom: 10px; padding-right: 5px;\"  itemscope itemtype=\"https:\/\/schema.org\/ImageObject\"><div class=\"envira-gallery-item-inner\"><div class=\"envira-gallery-position-overlay  envira-gallery-top-left\"><\/div><div class=\"envira-gallery-position-overlay  envira-gallery-top-right\"><\/div><div class=\"envira-gallery-position-overlay  envira-gallery-bottom-left\"><\/div><div class=\"envira-gallery-position-overlay  envira-gallery-bottom-right\"><\/div><a href=\"https:\/\/www.lausitzer-museenland.de\/wp-content\/uploads\/2014\/11\/314.jpg\" class=\"envira-gallery-239 envira-gallery-link\" rel=\"enviragallery239\" title=\"Hebekran f&uuml;r Mahlsteine\" data-envira-caption=\"Hebekran f&uuml;r Mahlsteine\" data-envira-retina=\"\" data-thumbnail=\"\"  itemprop=\"contentUrl\"><div class=\"envira-lazy\" data-test-width=\"960\" data-test-height=\"300\" style=\"padding-bottom:31.25%;\"><img id=\"envira-gallery-image-3499\" class=\"envira-gallery-image envira-gallery-image-3\" data-envira-index=\"3\" src=\"https:\/\/www.lausitzer-museenland.de\/wp-content\/uploads\/2014\/11\/314.jpg\" data-envira-src=\"https:\/\/www.lausitzer-museenland.de\/wp-content\/uploads\/2014\/11\/314.jpg\" data-envira-gallery-id=\"239\" data-envira-item-id=\"3499\" data-envira-caption=\"Hebekran f&uuml;r Mahlsteine\" alt=\"\" title=\"Hebekran f&amp;uuml;r Mahlsteine\"  itemprop=\"thumbnailUrl\" data-envira-srcset=\"https:\/\/www.lausitzer-museenland.de\/wp-content\/uploads\/2014\/11\/314.jpg 400w,https:\/\/www.lausitzer-museenland.de\/wp-content\/uploads\/2014\/11\/314.jpg 2x\" srcset=\"data:image\/gif;base64,R0lGODlhAQABAIAAAP\/\/\/\/\/\/\/yH5BAEKAAEALAAAAAABAAEAAAICTAEAOw==\" \/><\/div><\/a><\/div><\/div><div id=\"envira-gallery-item-3500\" class=\"envira-gallery-item enviratope-item envira-gallery-item-4\" style=\"padding-left: 5px; padding-bottom: 10px; padding-right: 5px;\"  itemscope itemtype=\"https:\/\/schema.org\/ImageObject\"><div class=\"envira-gallery-item-inner\"><div class=\"envira-gallery-position-overlay  envira-gallery-top-left\"><\/div><div class=\"envira-gallery-position-overlay  envira-gallery-top-right\"><\/div><div class=\"envira-gallery-position-overlay  envira-gallery-bottom-left\"><\/div><div class=\"envira-gallery-position-overlay  envira-gallery-bottom-right\"><\/div><a href=\"https:\/\/www.lausitzer-museenland.de\/wp-content\/uploads\/2014\/11\/410.jpg\" class=\"envira-gallery-239 envira-gallery-link\" rel=\"enviragallery239\" title=\"Mischschnecke\" data-envira-caption=\"Mischschnecke\" data-envira-retina=\"\" data-thumbnail=\"\"  itemprop=\"contentUrl\"><div class=\"envira-lazy\" data-test-width=\"960\" data-test-height=\"300\" style=\"padding-bottom:31.25%;\"><img id=\"envira-gallery-image-3500\" class=\"envira-gallery-image envira-gallery-image-4\" data-envira-index=\"4\" src=\"https:\/\/www.lausitzer-museenland.de\/wp-content\/uploads\/2014\/11\/410.jpg\" data-envira-src=\"https:\/\/www.lausitzer-museenland.de\/wp-content\/uploads\/2014\/11\/410.jpg\" data-envira-gallery-id=\"239\" data-envira-item-id=\"3500\" data-envira-caption=\"Mischschnecke\" alt=\"\" title=\"Mischschnecke\"  itemprop=\"thumbnailUrl\" data-envira-srcset=\"https:\/\/www.lausitzer-museenland.de\/wp-content\/uploads\/2014\/11\/410.jpg 400w,https:\/\/www.lausitzer-museenland.de\/wp-content\/uploads\/2014\/11\/410.jpg 2x\" srcset=\"data:image\/gif;base64,R0lGODlhAQABAIAAAP\/\/\/\/\/\/\/yH5BAEKAAEALAAAAAABAAEAAAICTAEAOw==\" \/><\/div><\/a><\/div><\/div><div id=\"envira-gallery-item-3501\" class=\"envira-gallery-item enviratope-item envira-gallery-item-5\" style=\"padding-left: 5px; padding-bottom: 10px; padding-right: 5px;\"  itemscope itemtype=\"https:\/\/schema.org\/ImageObject\"><div class=\"envira-gallery-item-inner\"><div class=\"envira-gallery-position-overlay  envira-gallery-top-left\"><\/div><div class=\"envira-gallery-position-overlay  envira-gallery-top-right\"><\/div><div class=\"envira-gallery-position-overlay  envira-gallery-bottom-left\"><\/div><div class=\"envira-gallery-position-overlay  envira-gallery-bottom-right\"><\/div><a href=\"https:\/\/www.lausitzer-museenland.de\/wp-content\/uploads\/2014\/11\/56.jpg\" class=\"envira-gallery-239 envira-gallery-link\" rel=\"enviragallery239\" title=\"Mehlabf&uuml;llung\" data-envira-caption=\"Mehlabf&uuml;llung\" data-envira-retina=\"\" data-thumbnail=\"\"  itemprop=\"contentUrl\"><div class=\"envira-lazy\" data-test-width=\"960\" data-test-height=\"300\" style=\"padding-bottom:31.25%;\"><img id=\"envira-gallery-image-3501\" class=\"envira-gallery-image envira-gallery-image-5\" data-envira-index=\"5\" src=\"https:\/\/www.lausitzer-museenland.de\/wp-content\/uploads\/2014\/11\/56.jpg\" data-envira-src=\"https:\/\/www.lausitzer-museenland.de\/wp-content\/uploads\/2014\/11\/56.jpg\" data-envira-gallery-id=\"239\" data-envira-item-id=\"3501\" data-envira-caption=\"Mehlabf&uuml;llung\" alt=\"\" title=\"Mehlabf&amp;uuml;llung\"  itemprop=\"thumbnailUrl\" data-envira-srcset=\"https:\/\/www.lausitzer-museenland.de\/wp-content\/uploads\/2014\/11\/56.jpg 400w,https:\/\/www.lausitzer-museenland.de\/wp-content\/uploads\/2014\/11\/56.jpg 2x\" srcset=\"data:image\/gif;base64,R0lGODlhAQABAIAAAP\/\/\/\/\/\/\/yH5BAEKAAEALAAAAAABAAEAAAICTAEAOw==\" \/><\/div><\/a><\/div><\/div><div id=\"envira-gallery-item-3502\" class=\"envira-gallery-item enviratope-item envira-gallery-item-6\" style=\"padding-left: 5px; padding-bottom: 10px; padding-right: 5px;\"  itemscope itemtype=\"https:\/\/schema.org\/ImageObject\"><div class=\"envira-gallery-item-inner\"><div class=\"envira-gallery-position-overlay  envira-gallery-top-left\"><\/div><div class=\"envira-gallery-position-overlay  envira-gallery-top-right\"><\/div><div class=\"envira-gallery-position-overlay  envira-gallery-bottom-left\"><\/div><div class=\"envira-gallery-position-overlay  envira-gallery-bottom-right\"><\/div><a href=\"https:\/\/www.lausitzer-museenland.de\/wp-content\/uploads\/2014\/11\/62.jpg\" class=\"envira-gallery-239 envira-gallery-link\" rel=\"enviragallery239\" title=\"R&uuml;ttelsieb\" data-envira-caption=\"R&uuml;ttelsieb\" data-envira-retina=\"\" data-thumbnail=\"\"  itemprop=\"contentUrl\"><div class=\"envira-lazy\" data-test-width=\"960\" data-test-height=\"300\" style=\"padding-bottom:31.25%;\"><img id=\"envira-gallery-image-3502\" class=\"envira-gallery-image envira-gallery-image-6\" data-envira-index=\"6\" src=\"https:\/\/www.lausitzer-museenland.de\/wp-content\/uploads\/2014\/11\/62.jpg\" data-envira-src=\"https:\/\/www.lausitzer-museenland.de\/wp-content\/uploads\/2014\/11\/62.jpg\" data-envira-gallery-id=\"239\" data-envira-item-id=\"3502\" data-envira-caption=\"R&uuml;ttelsieb\" alt=\"\" title=\"R&amp;uuml;ttelsieb\"  itemprop=\"thumbnailUrl\" data-envira-srcset=\"https:\/\/www.lausitzer-museenland.de\/wp-content\/uploads\/2014\/11\/62.jpg 400w,https:\/\/www.lausitzer-museenland.de\/wp-content\/uploads\/2014\/11\/62.jpg 2x\" srcset=\"data:image\/gif;base64,R0lGODlhAQABAIAAAP\/\/\/\/\/\/\/yH5BAEKAAEALAAAAAABAAEAAAICTAEAOw==\" \/><\/div><\/a><\/div><\/div><div id=\"envira-gallery-item-3503\" class=\"envira-gallery-item enviratope-item envira-gallery-item-7\" style=\"padding-left: 5px; padding-bottom: 10px; padding-right: 5px;\"  itemscope itemtype=\"https:\/\/schema.org\/ImageObject\"><div class=\"envira-gallery-item-inner\"><div class=\"envira-gallery-position-overlay  envira-gallery-top-left\"><\/div><div class=\"envira-gallery-position-overlay  envira-gallery-top-right\"><\/div><div class=\"envira-gallery-position-overlay  envira-gallery-bottom-left\"><\/div><div class=\"envira-gallery-position-overlay  envira-gallery-bottom-right\"><\/div><a href=\"https:\/\/www.lausitzer-museenland.de\/wp-content\/uploads\/2014\/11\/72.jpg\" class=\"envira-gallery-239 envira-gallery-link\" rel=\"enviragallery239\" title=\"Nossdorfer Wasserm&uuml;hle\" data-envira-caption=\"Nossdorfer Wasserm&uuml;hle\" data-envira-retina=\"\" data-thumbnail=\"\"  itemprop=\"contentUrl\"><div class=\"envira-lazy\" data-test-width=\"960\" data-test-height=\"300\" style=\"padding-bottom:31.25%;\"><img id=\"envira-gallery-image-3503\" class=\"envira-gallery-image envira-gallery-image-7\" data-envira-index=\"7\" src=\"https:\/\/www.lausitzer-museenland.de\/wp-content\/uploads\/2014\/11\/72.jpg\" data-envira-src=\"https:\/\/www.lausitzer-museenland.de\/wp-content\/uploads\/2014\/11\/72.jpg\" data-envira-gallery-id=\"239\" data-envira-item-id=\"3503\" data-envira-caption=\"Nossdorfer Wasserm&uuml;hle\" alt=\"\" title=\"Nossdorfer Wasserm&amp;uuml;hle\"  itemprop=\"thumbnailUrl\" data-envira-srcset=\"https:\/\/www.lausitzer-museenland.de\/wp-content\/uploads\/2014\/11\/72.jpg 400w,https:\/\/www.lausitzer-museenland.de\/wp-content\/uploads\/2014\/11\/72.jpg 2x\" srcset=\"data:image\/gif;base64,R0lGODlhAQABAIAAAP\/\/\/\/\/\/\/yH5BAEKAAEALAAAAAABAAEAAAICTAEAOw==\" \/><\/div><\/a><\/div><\/div><\/div><\/div><noscript><img src=\"https:\/\/www.lausitzer-museenland.de\/wp-content\/uploads\/2014\/11\/156.jpg\" alt=\"\" \/><img src=\"https:\/\/www.lausitzer-museenland.de\/wp-content\/uploads\/2014\/11\/223.jpg\" alt=\"\" \/><img src=\"https:\/\/www.lausitzer-museenland.de\/wp-content\/uploads\/2014\/11\/314.jpg\" alt=\"\" \/><img src=\"https:\/\/www.lausitzer-museenland.de\/wp-content\/uploads\/2014\/11\/410.jpg\" alt=\"\" \/><img src=\"https:\/\/www.lausitzer-museenland.de\/wp-content\/uploads\/2014\/11\/56.jpg\" alt=\"\" \/><img src=\"https:\/\/www.lausitzer-museenland.de\/wp-content\/uploads\/2014\/11\/62.jpg\" alt=\"\" \/><img src=\"https:\/\/www.lausitzer-museenland.de\/wp-content\/uploads\/2014\/11\/72.jpg\" alt=\"\" \/><\/noscript><\/code><\/p>","protected":false},"excerpt":{"rendered":"<p>Galerie | V\u00fdstavy | Nab\u00eddka pro d\u011bti Historie ml\u00fdna a tradi\u010dn\u00ed \u0159emesla Stavba \/ majetkov\u00e9 pom\u011bry Rodinn\u00e1 historie vodn\u00edho ml\u00fdna No\u00dfdorf sah\u00e1 a\u017e do roku 1624, kdy byl poprv\u00e9 zm\u00edn\u011bn v kosteln\u00ed matrice ve Forsteru. V roce 1841 byl ml\u00fdn a jez roz\u0161\u00ed\u0159en. Hrab\u011b von Br\u00fchl poskytl mlyn\u00e1\u0159\u016fm pot\u0159ebn\u00e9 d\u0159evo, \u010d\u00e1ste\u010dn\u011b zdarma nebo za \u00faplatu.<\/p>","protected":false},"author":13,"featured_media":0,"parent":113,"menu_order":0,"comment_status":"closed","ping_status":"closed","template":"","meta":[],"_links":{"self":[{"href":"https:\/\/www.lausitzer-museenland.de\/cs\/wp-json\/wp\/v2\/pages\/239"}],"collection":[{"href":"https:\/\/www.lausitzer-museenland.de\/cs\/wp-json\/wp\/v2\/pages"}],"about":[{"href":"https:\/\/www.lausitzer-museenland.de\/cs\/wp-json\/wp\/v2\/types\/page"}],"author":[{"embeddable":true,"href":"https:\/\/www.lausitzer-museenland.de\/cs\/wp-json\/wp\/v2\/users\/13"}],"replies":[{"embeddable":true,"href":"https:\/\/www.lausitzer-museenland.de\/cs\/wp-json\/wp\/v2\/comments?post=239"}],"version-history":[{"count":16,"href":"https:\/\/www.lausitzer-museenland.de\/cs\/wp-json\/wp\/v2\/pages\/239\/revisions"}],"predecessor-version":[{"id":53940,"href":"https:\/\/www.lausitzer-museenland.de\/cs\/wp-json\/wp\/v2\/pages\/239\/revisions\/53940"}],"up":[{"embeddable":true,"href":"https:\/\/www.lausitzer-museenland.de\/cs\/wp-json\/wp\/v2\/pages\/113"}],"wp:attachment":[{"href":"https:\/\/www.lausitzer-museenland.de\/cs\/wp-json\/wp\/v2\/media?parent=239"}],"curies":[{"name":"wp","href":"https:\/\/api.w.org\/{rel}","templated":true}]}}