{"id":249,"date":"2014-11-06T10:19:23","date_gmt":"2014-11-06T09:19:23","guid":{"rendered":"http:\/\/lausitzer-museenland.de\/?page_id=249"},"modified":"2020-11-26T10:23:33","modified_gmt":"2020-11-26T09:23:33","slug":"sorbische-webstube-drebkau","status":"publish","type":"page","link":"https:\/\/www.lausitzer-museenland.de\/cs\/muzea\/sorbian-weaving-shop-drebkau\/","title":{"rendered":"Muzeum lu\u017eickosrbsk\u00e9ho tkalcovstv\u00ed Drebkau \/ Muzej Serbska tkajarska \u015bpa Drjowk"},"content":{"rendered":"<p><a href=\"#galerie_drebkau\">Galerie<\/a> |\u00a0<a href=\"#austellung_drebkau\">V\u00fdstavy<\/a>\u00a0| \u00a0<a href=\"#kinderangebot_drebkau\">Nab\u00eddky pro d\u011bti<\/a><br \/>\n<a href=\"https:\/\/www.lausitzer-museenland.de\/wp-content\/uploads\/2014\/11\/129.jpg\"><img loading=\"lazy\" class=\"enigma_img_responsive alignnone wp-image-1275\" src=\"https:\/\/www.lausitzer-museenland.de\/wp-content\/uploads\/2014\/11\/129.jpg\" alt=\"1\" width=\"800\" height=\"398\" srcset=\"https:\/\/www.lausitzer-museenland.de\/wp-content\/uploads\/2014\/11\/129.jpg 402w, https:\/\/www.lausitzer-museenland.de\/wp-content\/uploads\/2014\/11\/129-300x149.jpg 300w, https:\/\/www.lausitzer-museenland.de\/wp-content\/uploads\/2014\/11\/129-100x49.jpg 100w, https:\/\/www.lausitzer-museenland.de\/wp-content\/uploads\/2014\/11\/129-150x74.jpg 150w, https:\/\/www.lausitzer-museenland.de\/wp-content\/uploads\/2014\/11\/129-200x99.jpg 200w\" sizes=\"(max-width: 800px) 100vw, 800px\" \/><\/a><br \/>\nFolklorn\u00ed muzeum se sb\u00edrkou m\u011bstsk\u00e9 historie<\/p>\n<h3>Situace budovy\/nemovitosti<\/h3>\n<p class=\"p1\">D\u016fm Am Markt 10 byl postaven v pozdn\u011b barokn\u00edm stylu jako om\u00edtnut\u00e1 budova v roce 1805. Dnes je to pam\u00e1tkov\u011b chr\u00e1n\u011bn\u00e1 budova. Budova slou\u017eila jako hostinec a obytn\u00fd d\u016fm. Po rozs\u00e1hl\u00e9 rekonstrukci je komplex budov od roku 1995 p\u0159\u00edstupn\u00fd ve\u0159ejnosti a v roce 2000 se horn\u00ed patro stalo domovem sb\u00edrky \"Lu\u017eickosrbsk\u00e1 tkalcovna\".<\/p>\n<h3>Charakteristika<\/h3>\n<p class=\"p1\">Sb\u00edrka obsahuje p\u0159ibli\u017en\u011b 3 000 p\u0159edm\u011bt\u016f a 3 200 velikono\u010dn\u00edch vajec z v\u00edce ne\u017e 50 zem\u00ed a je v\u00fdsledkem desetilet\u00ed sb\u011bratelsk\u00e9 a v\u00fdzkumn\u00e9 pr\u00e1ce zakladatele muzea, Dr. Lotara Balkeho (\u2020 2.10.2008).<\/p>\n<p class=\"p1\">V\u00fdstavn\u00ed prostory ukazuj\u00ed historick\u00fd n\u00e1bytek a vybaven\u00ed, stejn\u011b jako doklady kultury a zp\u016fsobu \u017eivota a zvyk\u016f rolnick\u00fdch a m\u011b\u0161\u0165ansk\u00fdch vrstev. P\u0159edstaveny jsou region\u00e1ln\u00ed a n\u00e1rodn\u00ed lu\u017eickosrbsk\u00e9 kroje a jejich sou\u010d\u00e1sti, jako\u017e i dal\u0161\u00ed textilie. Ve st\u00e1l\u00e9 expozici je zastoupena sb\u00edrka velikono\u010dn\u00edch vaj\u00ed\u010dek se zam\u011b\u0159en\u00edm na m\u00edstn\u00ed lu\u017eickosrbsk\u00e9 lidov\u00e9 um\u011bleck\u00e9 tradice. V cel\u00e9 sv\u00e9 kr\u00e1se je v\u0161ak k vid\u011bn\u00ed pouze v obdob\u00ed Velikonoc.<\/p>\n<p class=\"p1\">Dal\u0161\u00edmi t\u00e9maty v\u00fdstavy jsou historie m\u011bsta se zam\u011b\u0159en\u00edm na m\u011bstsk\u00e1 \u0159emesla a skl\u00e1\u0159sk\u00fd pr\u016fmysl v Drebkau. Zvl\u00e1\u0161tn\u00ed pozornost si zaslou\u017e\u00ed oblast \"Od lnu k pl\u00e1tnu\", zejm\u00e9na proto, \u017ee ve\u0161ker\u00e9 vystaven\u00e9 vybaven\u00ed je pln\u011b funk\u010dn\u00ed.<\/p>\n<h3>Speci\u00e1ln\u00ed v\u00fdstavy \/ doprovodn\u00e9 nab\u00eddky<a id=\"austellung_drebkau\"><\/a><\/h3>\n<p class=\"p1\">Dvakr\u00e1t ro\u010dn\u011b se konaj\u00ed speci\u00e1ln\u00ed v\u00fdstavy a ka\u017edoro\u010dn\u00ed velikono\u010dn\u00ed prezentace sb\u00edrky Dr. Lotara Balkeho (\u2020 2.10.2008) s v\u00edce ne\u017e 3 200 vejci z cel\u00e9ho sv\u011bta. Kon\u00e1 se v\u017edy 4 t\u00fddny p\u0159ed Velikonocemi a\u017e 2 t\u00fddny po Velikonoc\u00edch. Na Drebkauerov\u011b velikono\u010dn\u00edm trhu s vaj\u00ed\u010dky, kter\u00fd po\u0159\u00e1daj\u00ed p\u0159\u00e1tel\u00e9 muzea, mohou d\u011bti i dosp\u011bl\u00ed obdivovat tradi\u010dn\u00ed zdoben\u00ed vaj\u00ed\u010dek, kter\u00e9 p\u0159edv\u00e1d\u011bj\u00ed lidov\u00ed um\u011blci z regionu. V pr\u016fb\u011bhu velikono\u010dn\u00ed sez\u00f3ny je mo\u017en\u00e9 si domluvit sch\u016fzku na malov\u00e1n\u00ed vaj\u00ed\u010dek. Krom\u011b dal\u0161\u00edch kulturn\u00edch akc\u00ed se tradi\u010dn\u011b kon\u00e1 ka\u017edoro\u010dn\u00ed Muzejn\u00ed noc.<\/p>\n<h3>Nab\u00eddky pro d\u011bti - S Kobim do muzea<a id=\"kinderangebot_drebkau\"><\/a><\/h3>\n<p align=\"left\">Kobi - duch mal\u00e9ho domu - je v muzeu jako doma. Bydl\u00ed tam v ba\u010dkor\u00e1ch pod kamny. O p\u016flnoci odposlouch\u00e1v\u00e1 star\u00e9 muzejn\u00ed expon\u00e1ty, kdy\u017e si vypr\u00e1v\u011bj\u00ed p\u0159\u00edb\u011bhy z minulosti. Tyto vzru\u0161uj\u00edc\u00ed p\u0159\u00edb\u011bhy vypr\u00e1v\u00ed pracovn\u00edk\u016fm muzea, kte\u0159\u00ed je pak p\u0159ed\u00e1vaj\u00ed d\u011btem - p\u0159\u00edb\u011bhy ze star\u00fdch, d\u00e1vn\u00fdch \u010das\u016f.<\/p>\n<p>Kobi nab\u00edz\u00ed:<\/p>\n<h5>1. malov\u00e1n\u00ed velikono\u010dn\u00edch vaj\u00ed\u010dek s n\u00e1v\u0161t\u011bvou muzea<\/h5>\n<div data-post-id='ostereier-malen' class='insert-page insert-page-ostereier-malen'>\t\t\t\t\t<p>Kdo by se cht\u011bl nau\u010dit tradi\u010dn\u00ed lu\u017eickosrbsk\u00e9 zdoben\u00ed velikono\u010dn\u00edch vaj\u00ed\u010dek, je zv\u00e1n na ochutn\u00e1vku dvou lu\u017eickosrbsk\u00fdch technik pro za\u010d\u00e1te\u010dn\u00edky. Sou\u010d\u00e1st\u00ed projektov\u00e9ho dne je n\u00e1v\u0161t\u011bva muzea.<\/p>\n<p>Nab\u00eddka je ur\u010dena \u017e\u00e1k\u016fm 1. a\u017e 6. t\u0159\u00eddy.<br \/>\nTerm\u00edny: dle dohody<br \/>\nP\u0159edb\u011b\u017en\u00e1 registrace: alespo\u0148 2 t\u00fddny p\u0159edem<br \/>\nVelikost skupiny: a\u017e 10 osob<br \/>\nP\u0159\u00edsp\u011bvek na n\u00e1klady na osobu: 2,50 \u20ac<\/p>\n<p><a title=\"Sorbische Webstube Drebkau \/ Serbska tkajarska \u0161pa Drjowk\" href=\"\/museen\/sorbische-webstube-drebkau\/\">Lu\u017eickosrbsk\u00e1 tkalcovna Drebkau<\/a><\/p>\n\t\t\t\t\t<\/div>\n<h5>2. \u0159emesla v p\u0159edv\u00e1no\u010dn\u00edm obdob\u00ed<\/h5>\n<div data-post-id='basteln-in-der-vorweihnachtszeit' class='insert-page insert-page-basteln-in-der-vorweihnachtszeit'>\t\t\t\t\t<p>O\u010dek\u00e1v\u00e1n\u00ed, nejkr\u00e1sn\u011bj\u0161\u00ed radost, radost v adventu... Lu\u017eickosrbsk\u00e1 tkalcovna Drebkau ka\u017edoro\u010dn\u011b v adventn\u00edm \u010dase nab\u00edz\u00ed r\u016fzn\u00e9 v\u00e1no\u010dn\u00ed v\u00fdrobky pro r\u016fzn\u00e9 v\u011bkov\u00e9 skupiny. Velmi osobn\u00ed d\u00e1rek - vlastnoru\u010dn\u011b vyroben\u00e9 adventn\u00ed dekorace. Sou\u010d\u00e1st\u00ed projektu je komentovan\u00e1 prohl\u00eddka muzea.<\/p>\n<p>Nab\u00eddka je ur\u010dena \u017e\u00e1k\u016fm 1. a\u017e 6. t\u0159\u00eddy.<br \/>\nTerm\u00edny: dle dohody<br \/>\nP\u0159edb\u011b\u017en\u00e1 registrace: alespo\u0148 2 t\u00fddny p\u0159edem<br \/>\nVelikost skupiny: 8 a\u017e 10 osob<br \/>\nP\u0159\u00edsp\u011bvek na n\u00e1klady na osobu: 2,50 \u20ac<\/p>\n<p><a title=\"Sorbische Webstube Drebkau \/ Serbska tkajarska \u0161pa Drjowk\" href=\"\/museen\/sorbische-webstube-drebkau\/\">Lu\u017eickosrbsk\u00e1 tkalcovna Drebkau<\/a><\/p>\n\t\t\t\t\t<\/div>\n<h3><\/h3>\n<p>&nbsp;<\/p>\n<h3>Galerie<a id=\"galerie_drebkau\"><\/a><\/h3>\n<div id=\"envira-gallery-wrap-53204\" class=\"envira-gallery-wrap envira-gallery-theme-base envira-lightbox-theme-base\" itemscope itemtype=\"https:\/\/schema.org\/ImageGallery\"><div data-row-height=\"150\" data-gallery-theme=\"normal\" id=\"envira-gallery-53204\" class=\"envira-gallery-public envira-gallery-justified-public envira-gallery-0-columns envira-clear enviratope envira-gallery-css-animations\" data-envira-columns=\"0\"><div id=\"envira-gallery-item-53205\" class=\"envira-gallery-item enviratope-item envira-gallery-item-1 envira-lazy-load\" style=\"padding-left: 5px; padding-bottom: 10px; padding-right: 5px;\"  itemscope itemtype=\"https:\/\/schema.org\/ImageObject\"><div class=\"envira-gallery-item-inner\"><div class=\"envira-gallery-position-overlay  envira-gallery-top-left\"><\/div><div class=\"envira-gallery-position-overlay  envira-gallery-top-right\"><\/div><div class=\"envira-gallery-position-overlay  envira-gallery-bottom-left\"><\/div><div class=\"envira-gallery-position-overlay  envira-gallery-bottom-right\"><\/div><a href=\"https:\/\/www.lausitzer-museenland.de\/wp-content\/uploads\/2020\/11\/Webstube-Drebkau2020-34.jpg\" class=\"envira-gallery-53204 envira-gallery-link\" rel=\"enviragallery53204\" title=\"Tkalcovna v Drebkau, u tkalcovsk\u00e9ho stavu Foto: Bernd Choritz\" data-envira-caption=\"Webstube Drebkau, Am Webstuhl Foto: Bernd Choritz\" data-envira-retina=\"\" data-thumbnail=\"\"  itemprop=\"contentUrl\"><img id=\"envira-gallery-image-53205\" class=\"envira-gallery-image envira-gallery-image-1 envira-normal envira-lazy\" data-envira-index=\"1\" src=\"https:\/\/www.lausitzer-museenland.de\/wp-content\/uploads\/2020\/11\/Webstube-Drebkau2020-34-1024x683.jpg\" data-envira-src=\"https:\/\/www.lausitzer-museenland.de\/wp-content\/uploads\/2020\/11\/Webstube-Drebkau2020-34-1024x683.jpg\" data-envira-gallery-id=\"53204\" data-envira-item-id=\"53205\" data-envira-caption=\"Webstube Drebkau, Am Webstuhl Foto: Bernd Choritz\" alt=\"\" title=\"Tkalcovna v Drebkau, u tkalcovsk\u00e9ho stavu Foto: Bernd Choritz\"  itemprop=\"thumbnailUrl\" data-envira-srcset=\"https:\/\/www.lausitzer-museenland.de\/wp-content\/uploads\/2020\/11\/Webstube-Drebkau2020-34-1024x683.jpg 400w,https:\/\/www.lausitzer-museenland.de\/wp-content\/uploads\/2020\/11\/Webstube-Drebkau2020-34-1024x683.jpg 2x\" data-envira-width=\"300\" data-envira-height=\"200\" srcset=\"data:image\/gif;base64,R0lGODlhAQABAIAAAP\/\/\/\/\/\/\/yH5BAEKAAEALAAAAAABAAEAAAICTAEAOw==\" data-safe-src=\"data:image\/gif;base64,R0lGODlhAQABAIAAAP\/\/\/\/\/\/\/yH5BAEKAAEALAAAAAABAAEAAAICTAEAOw==\" \/><\/a><\/div><\/div><div id=\"envira-gallery-item-53206\" class=\"envira-gallery-item enviratope-item envira-gallery-item-2 envira-lazy-load\" style=\"padding-left: 5px; padding-bottom: 10px; padding-right: 5px;\"  itemscope itemtype=\"https:\/\/schema.org\/ImageObject\"><div class=\"envira-gallery-item-inner\"><div class=\"envira-gallery-position-overlay  envira-gallery-top-left\"><\/div><div class=\"envira-gallery-position-overlay  envira-gallery-top-right\"><\/div><div class=\"envira-gallery-position-overlay  envira-gallery-bottom-left\"><\/div><div class=\"envira-gallery-position-overlay  envira-gallery-bottom-right\"><\/div><a href=\"https:\/\/www.lausitzer-museenland.de\/wp-content\/uploads\/2020\/11\/Webstube-Drebkau2020-9.jpg\" class=\"envira-gallery-53204 envira-gallery-link\" rel=\"enviragallery53204\" title=\"Webstube Drebkau, zdoben\u00ed velikono\u010dn\u00edch vaj\u00ed\u010dek Foto: Bernd Choritz\" data-envira-caption=\"Webstube Drebkau, beim Ostereierverzieren Foto: Bernd Choritz\" data-envira-retina=\"\" data-thumbnail=\"\"  itemprop=\"contentUrl\"><img id=\"envira-gallery-image-53206\" class=\"envira-gallery-image envira-gallery-image-2 envira-normal envira-lazy\" data-envira-index=\"2\" src=\"https:\/\/www.lausitzer-museenland.de\/wp-content\/uploads\/2020\/11\/Webstube-Drebkau2020-9-1024x683.jpg\" data-envira-src=\"https:\/\/www.lausitzer-museenland.de\/wp-content\/uploads\/2020\/11\/Webstube-Drebkau2020-9-1024x683.jpg\" data-envira-gallery-id=\"53204\" data-envira-item-id=\"53206\" data-envira-caption=\"Webstube Drebkau, beim Ostereierverzieren Foto: Bernd Choritz\" alt=\"\" title=\"Webstube Drebkau, zdoben\u00ed velikono\u010dn\u00edch vaj\u00ed\u010dek Foto: Bernd Choritz\"  itemprop=\"thumbnailUrl\" data-envira-srcset=\"https:\/\/www.lausitzer-museenland.de\/wp-content\/uploads\/2020\/11\/Webstube-Drebkau2020-9-1024x683.jpg 400w,https:\/\/www.lausitzer-museenland.de\/wp-content\/uploads\/2020\/11\/Webstube-Drebkau2020-9-1024x683.jpg 2x\" data-envira-width=\"300\" data-envira-height=\"200\" srcset=\"data:image\/gif;base64,R0lGODlhAQABAIAAAP\/\/\/\/\/\/\/yH5BAEKAAEALAAAAAABAAEAAAICTAEAOw==\" data-safe-src=\"data:image\/gif;base64,R0lGODlhAQABAIAAAP\/\/\/\/\/\/\/yH5BAEKAAEALAAAAAABAAEAAAICTAEAOw==\" \/><\/a><\/div><\/div><div id=\"envira-gallery-item-53207\" class=\"envira-gallery-item enviratope-item envira-gallery-item-3 envira-lazy-load\" style=\"padding-left: 5px; padding-bottom: 10px; padding-right: 5px;\"  itemscope itemtype=\"https:\/\/schema.org\/ImageObject\"><div class=\"envira-gallery-item-inner\"><div class=\"envira-gallery-position-overlay  envira-gallery-top-left\"><\/div><div class=\"envira-gallery-position-overlay  envira-gallery-top-right\"><\/div><div class=\"envira-gallery-position-overlay  envira-gallery-bottom-left\"><\/div><div class=\"envira-gallery-position-overlay  envira-gallery-bottom-right\"><\/div><a href=\"https:\/\/www.lausitzer-museenland.de\/wp-content\/uploads\/2020\/11\/Webstube-Drebkau2020-47.jpg\" class=\"envira-gallery-53204 envira-gallery-link\" rel=\"enviragallery53204\" title=\"Webstube Drebkau, v\u00fdstava 01 Foto: Bernd Choritz\" data-envira-caption=\"Webstube Drebkau, Ausstellung 01 Foto: Bernd Choritz\" data-envira-retina=\"\" data-thumbnail=\"\"  itemprop=\"contentUrl\"><img id=\"envira-gallery-image-53207\" class=\"envira-gallery-image envira-gallery-image-3 envira-normal envira-lazy\" data-envira-index=\"3\" src=\"https:\/\/www.lausitzer-museenland.de\/wp-content\/uploads\/2020\/11\/Webstube-Drebkau2020-47-683x1024.jpg\" data-envira-src=\"https:\/\/www.lausitzer-museenland.de\/wp-content\/uploads\/2020\/11\/Webstube-Drebkau2020-47-683x1024.jpg\" data-envira-gallery-id=\"53204\" data-envira-item-id=\"53207\" data-envira-caption=\"Webstube Drebkau, Ausstellung 01 Foto: Bernd Choritz\" alt=\"\" title=\"Webstube Drebkau, v\u00fdstava 01 Foto: Bernd Choritz\"  itemprop=\"thumbnailUrl\" data-envira-srcset=\"https:\/\/www.lausitzer-museenland.de\/wp-content\/uploads\/2020\/11\/Webstube-Drebkau2020-47-683x1024.jpg 400w,https:\/\/www.lausitzer-museenland.de\/wp-content\/uploads\/2020\/11\/Webstube-Drebkau2020-47-683x1024.jpg 2x\" data-envira-width=\"200\" data-envira-height=\"300\" srcset=\"data:image\/gif;base64,R0lGODlhAQABAIAAAP\/\/\/\/\/\/\/yH5BAEKAAEALAAAAAABAAEAAAICTAEAOw==\" data-safe-src=\"data:image\/gif;base64,R0lGODlhAQABAIAAAP\/\/\/\/\/\/\/yH5BAEKAAEALAAAAAABAAEAAAICTAEAOw==\" \/><\/a><\/div><\/div><div id=\"envira-gallery-item-53208\" class=\"envira-gallery-item enviratope-item envira-gallery-item-4 envira-lazy-load\" style=\"padding-left: 5px; padding-bottom: 10px; padding-right: 5px;\"  itemscope itemtype=\"https:\/\/schema.org\/ImageObject\"><div class=\"envira-gallery-item-inner\"><div class=\"envira-gallery-position-overlay  envira-gallery-top-left\"><\/div><div class=\"envira-gallery-position-overlay  envira-gallery-top-right\"><\/div><div class=\"envira-gallery-position-overlay  envira-gallery-bottom-left\"><\/div><div class=\"envira-gallery-position-overlay  envira-gallery-bottom-right\"><\/div><a href=\"https:\/\/www.lausitzer-museenland.de\/wp-content\/uploads\/2020\/11\/Webstube-Drebkau2020-64.jpg\" class=\"envira-gallery-53204 envira-gallery-link\" rel=\"enviragallery53204\" title=\"Webstube Drebkau, v\u00fdstava 02 Foto: Bernd Choritz\" data-envira-caption=\"Webstube Drebkau, Ausstellung 02 Foto: Bernd Choritz\" data-envira-retina=\"\" data-thumbnail=\"\"  itemprop=\"contentUrl\"><img id=\"envira-gallery-image-53208\" class=\"envira-gallery-image envira-gallery-image-4 envira-normal envira-lazy\" data-envira-index=\"4\" src=\"https:\/\/www.lausitzer-museenland.de\/wp-content\/uploads\/2020\/11\/Webstube-Drebkau2020-64-1024x683.jpg\" data-envira-src=\"https:\/\/www.lausitzer-museenland.de\/wp-content\/uploads\/2020\/11\/Webstube-Drebkau2020-64-1024x683.jpg\" data-envira-gallery-id=\"53204\" data-envira-item-id=\"53208\" data-envira-caption=\"Webstube Drebkau, Ausstellung 02 Foto: Bernd Choritz\" alt=\"\" title=\"Webstube Drebkau, v\u00fdstava 02 Foto: Bernd Choritz\"  itemprop=\"thumbnailUrl\" data-envira-srcset=\"https:\/\/www.lausitzer-museenland.de\/wp-content\/uploads\/2020\/11\/Webstube-Drebkau2020-64-1024x683.jpg 400w,https:\/\/www.lausitzer-museenland.de\/wp-content\/uploads\/2020\/11\/Webstube-Drebkau2020-64-1024x683.jpg 2x\" data-envira-width=\"300\" data-envira-height=\"200\" srcset=\"data:image\/gif;base64,R0lGODlhAQABAIAAAP\/\/\/\/\/\/\/yH5BAEKAAEALAAAAAABAAEAAAICTAEAOw==\" data-safe-src=\"data:image\/gif;base64,R0lGODlhAQABAIAAAP\/\/\/\/\/\/\/yH5BAEKAAEALAAAAAABAAEAAAICTAEAOw==\" \/><\/a><\/div><\/div><\/div><\/div><noscript><img src=\"https:\/\/www.lausitzer-museenland.de\/wp-content\/uploads\/2020\/11\/Webstube-Drebkau2020-34.jpg\" alt=\"\" \/><img src=\"https:\/\/www.lausitzer-museenland.de\/wp-content\/uploads\/2020\/11\/Webstube-Drebkau2020-9.jpg\" alt=\"\" \/><img src=\"https:\/\/www.lausitzer-museenland.de\/wp-content\/uploads\/2020\/11\/Webstube-Drebkau2020-47.jpg\" alt=\"\" \/><img src=\"https:\/\/www.lausitzer-museenland.de\/wp-content\/uploads\/2020\/11\/Webstube-Drebkau2020-64.jpg\" alt=\"\" \/><\/noscript>","protected":false},"excerpt":{"rendered":"<p>Galerie | V\u00fdstavy | Nab\u00eddka pro d\u011bti Lidov\u00e9 muzeum se sb\u00edrkou d\u011bjin m\u011bsta Stavba\/pozemek D\u016fm na adrese Am Markt 10 byl postaven v pozdn\u011b barokn\u00edm stylu jako om\u00edtnut\u00e1 budova v roce 1805. Dnes je to pam\u00e1tkov\u011b chr\u00e1n\u011bn\u00e1 budova. Budova slou\u017eila jako hostinec a obytn\u00fd d\u016fm. Po rozs\u00e1hl\u00e9 rekonstrukci je komplex budov od roku 1995 p\u0159\u00edstupn\u00fd ve\u0159ejnosti a v roce 2012 byl otev\u0159en.<\/p>","protected":false},"author":13,"featured_media":0,"parent":113,"menu_order":0,"comment_status":"closed","ping_status":"closed","template":"","meta":[],"_links":{"self":[{"href":"https:\/\/www.lausitzer-museenland.de\/cs\/wp-json\/wp\/v2\/pages\/249"}],"collection":[{"href":"https:\/\/www.lausitzer-museenland.de\/cs\/wp-json\/wp\/v2\/pages"}],"about":[{"href":"https:\/\/www.lausitzer-museenland.de\/cs\/wp-json\/wp\/v2\/types\/page"}],"author":[{"embeddable":true,"href":"https:\/\/www.lausitzer-museenland.de\/cs\/wp-json\/wp\/v2\/users\/13"}],"replies":[{"embeddable":true,"href":"https:\/\/www.lausitzer-museenland.de\/cs\/wp-json\/wp\/v2\/comments?post=249"}],"version-history":[{"count":15,"href":"https:\/\/www.lausitzer-museenland.de\/cs\/wp-json\/wp\/v2\/pages\/249\/revisions"}],"predecessor-version":[{"id":53941,"href":"https:\/\/www.lausitzer-museenland.de\/cs\/wp-json\/wp\/v2\/pages\/249\/revisions\/53941"}],"up":[{"embeddable":true,"href":"https:\/\/www.lausitzer-museenland.de\/cs\/wp-json\/wp\/v2\/pages\/113"}],"wp:attachment":[{"href":"https:\/\/www.lausitzer-museenland.de\/cs\/wp-json\/wp\/v2\/media?parent=249"}],"curies":[{"name":"wp","href":"https:\/\/api.w.org\/{rel}","templated":true}]}}