{"id":260,"date":"2014-11-06T10:28:06","date_gmt":"2014-11-06T09:28:06","guid":{"rendered":"http:\/\/lausitzer-museenland.de\/?page_id=260"},"modified":"2024-01-03T11:49:41","modified_gmt":"2024-01-03T10:49:41","slug":"wendisch-deutsches-heimatmuseum-jaenschwalde","status":"publish","type":"page","link":"https:\/\/www.lausitzer-museenland.de\/cs\/muzea\/wendisch-german-home-museum-jaenschwalde\/","title":{"rendered":"Vendon\u011bmeck\u00e9 vlastiv\u011bdn\u00e9 muzeum J\u00e4nschwalde \/ Serbsko-nimski domowniski muzej Jan\u0161ojce"},"content":{"rendered":"<p><a href=\"#galerie_jaenschwalde\">Galerie<\/a> |\u00a0<a href=\"#austellung_jaenschwalde\">V\u00fdstavy<\/a>\u00a0| <a href=\"#kinderangebot_jaenschwalde\">Nab\u00eddky pro d\u011bti<\/a><br \/>\n<img loading=\"lazy\" class=\"enigma_img_responsive alignnone wp-image-1277\" src=\"https:\/\/www.lausitzer-museenland.de\/wp-content\/uploads\/2014\/11\/131.jpg\" alt=\"1\" width=\"800\" height=\"398\" srcset=\"https:\/\/www.lausitzer-museenland.de\/wp-content\/uploads\/2014\/11\/131.jpg 402w, https:\/\/www.lausitzer-museenland.de\/wp-content\/uploads\/2014\/11\/131-300x149.jpg 300w, https:\/\/www.lausitzer-museenland.de\/wp-content\/uploads\/2014\/11\/131-100x49.jpg 100w, https:\/\/www.lausitzer-museenland.de\/wp-content\/uploads\/2014\/11\/131-150x74.jpg 150w, https:\/\/www.lausitzer-museenland.de\/wp-content\/uploads\/2014\/11\/131-200x99.jpg 200w\" sizes=\"(max-width: 800px) 100vw, 800px\" \/><\/p>\n\n<p>V\u00fduka a zachov\u00e1n\u00ed zvyk\u016f a jazyka<\/p>\n<h3>Situace budovy \/ pozemku<\/h3>\n<p>Muzeum se nach\u00e1z\u00ed v historick\u00e9m centru obce, hned vedle neoklasicistn\u00edho vesnick\u00e9ho kostela bez v\u011b\u017ee. V\u011bt\u0161ina expozice je um\u00edst\u011bna v prostor\u00e1ch \u0161koln\u00ed budovy, kter\u00e1 byla postavena v roce 1875. Star\u00e1 farn\u00ed stodola byla v souladu se sv\u00fdm pam\u00e1tkov\u00fdm statutem p\u0159estav\u011bna na dal\u0161\u00ed muzejn\u00ed budovu. V sousedn\u00edch st\u00e1j\u00edch, kter\u00e9 stejn\u011b jako stodola poch\u00e1zej\u00ed z prvn\u00ed poloviny 19. stolet\u00ed, se nach\u00e1zej\u00ed dal\u0161\u00ed \u010dty\u0159i v\u00fdstavn\u00ed m\u00edstnosti. Ty n\u00e1v\u0161t\u011bvn\u00edk\u016fm umo\u017e\u0148uj\u00ed nahl\u00e9dnout do ka\u017edodenn\u00edch zem\u011bd\u011blsk\u00fdch \u010dinnost\u00ed, jako je pran\u00ed, stlouk\u00e1n\u00ed m\u00e1sla, skl\u00e1d\u00e1n\u00ed z\u00e1sob a zpracov\u00e1n\u00ed lnu.<\/p>\n<h3>Charakteristika<\/h3>\n<p>V centru obce se nach\u00e1z\u00ed vendon\u011bmeck\u00e9 muzeum m\u00edstn\u00ed historie. Expozice je v\u011bnov\u00e1na venkovsk\u00e9mu \u017eivotu vendsk\u00e9ho a n\u011bmeck\u00e9ho obyvatelstva. Historie obce je o\u017eivena pomoc\u00ed hospod\u00e1\u0159sk\u00e9ho n\u00e1bytku a dom\u00e1c\u00edho n\u00e1\u010din\u00ed. K vid\u011bn\u00ed je drobn\u00e1 zem\u011bd\u011blsk\u00e1 technika a \u0159emesln\u00e9 n\u00e1\u0159ad\u00ed. Historii zde samoz\u0159ejm\u011b dokresluj\u00ed tak\u00e9 fotografie, dokumenty a osv\u011bd\u010den\u00ed. Expon\u00e1ty jsou vystaveny jako v\u00fdstavn\u00ed kolekce na 560 metrech \u010dtvere\u010dn\u00edch. Dal\u0161\u00edm muzejn\u00edm objektem je prot\u011bj\u0161\u00ed farn\u00ed stodola, kter\u00e1 byla v posledn\u00edch letech renovov\u00e1na v souladu se sv\u00fdm pam\u00e1tkov\u00fdm statutem. Ve farn\u00ed stodole se nach\u00e1z\u00ed klenot m\u00edstn\u00edho historick\u00e9ho muzea: jeden z posledn\u00edch dochovan\u00fdch poh\u0159ebn\u00edch voz\u016f v regionu. Nach\u00e1z\u00ed se zde tak\u00e9 pln\u011b funk\u010dn\u00ed tkalcovsk\u00fd stav. Sb\u00edrka keramiky zahrnuje dom\u00e1c\u00ed n\u00e1doby a artefakty z posledn\u00edch 300 let. Muzeum je d\u016fsledn\u011b ozna\u010deno dvojjazy\u010dn\u011b ve vend\u0161tin\u011b a n\u011bm\u010din\u011b. Tradi\u010dn\u00ed j\u00e4nschwaldsk\u00fd kroj je p\u0159edstaven ve v\u0161ech sv\u00fdch podob\u00e1ch. Velk\u00fd pod\u00edl m\u00e1 muzeum na j\u00e4nschwaldsk\u00e9m Je\u017e\u00ed\u0161kovi, \"Jan\u0161ojsk\u00e9m bah\u00fdnku\". Tato figurka je sou\u010d\u00e1st\u00ed region\u00e1ln\u00edho p\u0159edv\u00e1no\u010dn\u00edho zvyku, kter\u00fd se do dne\u0161n\u00edch dn\u016f zachoval pouze v obci J\u00e4nschwalde.<br \/>\nMuzeum nab\u00edz\u00ed tak\u00e9 digit\u00e1ln\u00ed z\u00e1\u017eitek: Pomoc\u00ed 360\u00b0 VR br\u00fdl\u00ed se m\u016f\u017eete pono\u0159it do dokument\u00e1rn\u00edho filmu \"Od stonku lnu ke st\u011bn\u011b pl\u00e1tna\" a p\u0159en\u00e9st se p\u0159\u00edmo doprost\u0159ed zpracov\u00e1n\u00ed lnu p\u0159ed 100 lety.<\/p>\n<h3>Speci\u00e1ln\u00ed v\u00fdstavy \/ doprovodn\u00e9 nab\u00eddky<a id=\"austellung_jaenschwalde\"><\/a><\/h3>\n<p>Obm\u011bna speci\u00e1ln\u00edch v\u00fdstav<\/p>\n<ul>\n<li>Sou\u010d\u00e1st\u00ed programu jsou tematick\u00e9 prohl\u00eddky pro \u0161koln\u00ed t\u0159\u00eddy a turistick\u00e9 skupiny.<\/li>\n<li>J\u00e4nschwaldsk\u00e9 Jezul\u00e1tko je vyhled\u00e1vanou tradic\u00ed a v dob\u011b V\u00e1noc se objevuje i v okoln\u00edch obc\u00edch.<\/li>\n<\/ul>\n<h3>Nab\u00eddky pro d\u011bti - S Kobim do muzea<a id=\"kinderangebot_jaenschwalde\"><\/a><\/h3>\n<p align=\"left\">Kobi - duch mal\u00e9ho domu - je v muzeu jako doma. Bydl\u00ed tam v ba\u010dkor\u00e1ch pod kamny. O p\u016flnoci odposlouch\u00e1v\u00e1 star\u00e9 muzejn\u00ed expon\u00e1ty, kdy\u017e si vypr\u00e1v\u011bj\u00ed p\u0159\u00edb\u011bhy z minulosti. Tyto vzru\u0161uj\u00edc\u00ed p\u0159\u00edb\u011bhy vypr\u00e1v\u00ed pracovn\u00edk\u016fm muzea, kte\u0159\u00ed je pak p\u0159ed\u00e1vaj\u00ed d\u011btem - p\u0159\u00edb\u011bhy ze star\u00fdch, d\u00e1vn\u00fdch \u010das\u016f.<\/p>\n<p>&nbsp;<\/p>\n<h3><\/h3>\n<h3>Galerie<\/h3>\n<div id=\"envira-gallery-wrap-52960\" class=\"envira-gallery-wrap envira-gallery-theme-base envira-lightbox-theme-base\" itemscope itemtype=\"https:\/\/schema.org\/ImageGallery\"><div data-row-height=\"150\" data-gallery-theme=\"normal\" id=\"envira-gallery-52960\" class=\"envira-gallery-public envira-gallery-justified-public envira-gallery-0-columns envira-clear enviratope envira-gallery-css-animations\" data-envira-columns=\"0\"><div id=\"envira-gallery-item-52772\" class=\"envira-gallery-item enviratope-item envira-gallery-item-1\" style=\"padding-left: 5px; padding-bottom: 10px; padding-right: 5px;\"  itemscope itemtype=\"https:\/\/schema.org\/ImageObject\"><div class=\"envira-gallery-item-inner\"><div class=\"envira-gallery-position-overlay  envira-gallery-top-left\"><\/div><div class=\"envira-gallery-position-overlay  envira-gallery-top-right\"><\/div><div class=\"envira-gallery-position-overlay  envira-gallery-bottom-left\"><\/div><div class=\"envira-gallery-position-overlay  envira-gallery-bottom-right\"><\/div><a href=\"https:\/\/www.lausitzer-museenland.de\/wp-content\/uploads\/2020\/02\/Ausstellung_01_jw_karge_2015_kwad.jpg\" class=\"envira-gallery-52960 envira-gallery-link\" rel=\"enviragallery52960\" title=\"Vendsk\u00e1 svatba\" data-envira-caption=\"wendische Hochzeit\" data-envira-retina=\"\" data-thumbnail=\"\"  itemprop=\"contentUrl\"><img id=\"envira-gallery-image-52772\" class=\"envira-gallery-image envira-gallery-image-1 envira-normal\" data-envira-index=\"1\" src=\"https:\/\/www.lausitzer-museenland.de\/wp-content\/uploads\/2020\/02\/Ausstellung_01_jw_karge_2015_kwad-1024x683.jpg\" data-envira-src=\"https:\/\/www.lausitzer-museenland.de\/wp-content\/uploads\/2020\/02\/Ausstellung_01_jw_karge_2015_kwad-1024x683.jpg\" data-envira-gallery-id=\"52960\" data-envira-item-id=\"52772\" data-envira-caption=\"wendische Hochzeit\" alt=\"\" title=\"Vendsk\u00e1 svatba\"  itemprop=\"thumbnailUrl\" data-envira-srcset=\"https:\/\/www.lausitzer-museenland.de\/wp-content\/uploads\/2020\/02\/Ausstellung_01_jw_karge_2015_kwad-1024x683.jpg 400w,https:\/\/www.lausitzer-museenland.de\/wp-content\/uploads\/2020\/02\/Ausstellung_01_jw_karge_2015_kwad-1024x683.jpg 2x\" data-envira-width=\"300\" data-envira-height=\"200\" srcset=\"https:\/\/www.lausitzer-museenland.de\/wp-content\/uploads\/2020\/02\/Ausstellung_01_jw_karge_2015_kwad.jpg 2x\" data-safe-src=\"https:\/\/www.lausitzer-museenland.de\/wp-content\/uploads\/2020\/02\/Ausstellung_01_jw_karge_2015_kwad-1024x683.jpg\" \/><\/a><\/div><\/div><div id=\"envira-gallery-item-52773\" class=\"envira-gallery-item enviratope-item envira-gallery-item-2\" style=\"padding-left: 5px; padding-bottom: 10px; padding-right: 5px;\"  itemscope itemtype=\"https:\/\/schema.org\/ImageObject\"><div class=\"envira-gallery-item-inner\"><div class=\"envira-gallery-position-overlay  envira-gallery-top-left\"><\/div><div class=\"envira-gallery-position-overlay  envira-gallery-top-right\"><\/div><div class=\"envira-gallery-position-overlay  envira-gallery-bottom-left\"><\/div><div class=\"envira-gallery-position-overlay  envira-gallery-bottom-right\"><\/div><a href=\"https:\/\/www.lausitzer-museenland.de\/wp-content\/uploads\/2020\/02\/Ausstellung_06_jw_karge_2015_kwad.jpg\" class=\"envira-gallery-52960 envira-gallery-link\" rel=\"enviragallery52960\" title=\"Sb\u00edrka keramiky\" data-envira-caption=\"Keramiksammlung\" data-envira-retina=\"\" data-thumbnail=\"\"  itemprop=\"contentUrl\"><img id=\"envira-gallery-image-52773\" class=\"envira-gallery-image envira-gallery-image-2 envira-normal\" data-envira-index=\"2\" src=\"https:\/\/www.lausitzer-museenland.de\/wp-content\/uploads\/2020\/02\/Ausstellung_06_jw_karge_2015_kwad-1024x683.jpg\" data-envira-src=\"https:\/\/www.lausitzer-museenland.de\/wp-content\/uploads\/2020\/02\/Ausstellung_06_jw_karge_2015_kwad-1024x683.jpg\" data-envira-gallery-id=\"52960\" data-envira-item-id=\"52773\" data-envira-caption=\"Keramiksammlung\" alt=\"\" title=\"Sb\u00edrka keramiky\"  itemprop=\"thumbnailUrl\" data-envira-srcset=\"https:\/\/www.lausitzer-museenland.de\/wp-content\/uploads\/2020\/02\/Ausstellung_06_jw_karge_2015_kwad-1024x683.jpg 400w,https:\/\/www.lausitzer-museenland.de\/wp-content\/uploads\/2020\/02\/Ausstellung_06_jw_karge_2015_kwad-1024x683.jpg 2x\" data-envira-width=\"300\" data-envira-height=\"200\" srcset=\"https:\/\/www.lausitzer-museenland.de\/wp-content\/uploads\/2020\/02\/Ausstellung_06_jw_karge_2015_kwad.jpg 2x\" data-safe-src=\"https:\/\/www.lausitzer-museenland.de\/wp-content\/uploads\/2020\/02\/Ausstellung_06_jw_karge_2015_kwad-1024x683.jpg\" \/><\/a><\/div><\/div><div id=\"envira-gallery-item-52775\" class=\"envira-gallery-item enviratope-item envira-gallery-item-3\" style=\"padding-left: 5px; padding-bottom: 10px; padding-right: 5px;\"  itemscope itemtype=\"https:\/\/schema.org\/ImageObject\"><div class=\"envira-gallery-item-inner\"><div class=\"envira-gallery-position-overlay  envira-gallery-top-left\"><\/div><div class=\"envira-gallery-position-overlay  envira-gallery-top-right\"><\/div><div class=\"envira-gallery-position-overlay  envira-gallery-bottom-left\"><\/div><div class=\"envira-gallery-position-overlay  envira-gallery-bottom-right\"><\/div><a href=\"https:\/\/www.lausitzer-museenland.de\/wp-content\/uploads\/2020\/02\/Wieczorek_DSCF0269.jpg\" class=\"envira-gallery-52960 envira-gallery-link\" rel=\"enviragallery52960\" title=\"J\u00e4nschwald D\u00edt\u011b Krista\" data-envira-caption=\"J&auml;nschwalder Christkind\" data-envira-retina=\"\" data-thumbnail=\"\"  itemprop=\"contentUrl\"><img id=\"envira-gallery-image-52775\" class=\"envira-gallery-image envira-gallery-image-3 envira-normal\" data-envira-index=\"3\" src=\"https:\/\/www.lausitzer-museenland.de\/wp-content\/uploads\/2020\/02\/Wieczorek_DSCF0269-1024x683.jpg\" data-envira-src=\"https:\/\/www.lausitzer-museenland.de\/wp-content\/uploads\/2020\/02\/Wieczorek_DSCF0269-1024x683.jpg\" data-envira-gallery-id=\"52960\" data-envira-item-id=\"52775\" data-envira-caption=\"J&auml;nschwalder Christkind\" alt=\"\" title=\"J\u00e4nschwald D\u00edt\u011b Krista\"  itemprop=\"thumbnailUrl\" data-envira-srcset=\"https:\/\/www.lausitzer-museenland.de\/wp-content\/uploads\/2020\/02\/Wieczorek_DSCF0269-1024x683.jpg 400w,https:\/\/www.lausitzer-museenland.de\/wp-content\/uploads\/2020\/02\/Wieczorek_DSCF0269-1024x683.jpg 2x\" data-envira-width=\"300\" data-envira-height=\"200\" srcset=\"https:\/\/www.lausitzer-museenland.de\/wp-content\/uploads\/2020\/02\/Wieczorek_DSCF0269.jpg 2x\" data-safe-src=\"https:\/\/www.lausitzer-museenland.de\/wp-content\/uploads\/2020\/02\/Wieczorek_DSCF0269-1024x683.jpg\" \/><\/a><\/div><\/div><div id=\"envira-gallery-item-52774\" class=\"envira-gallery-item enviratope-item envira-gallery-item-4\" style=\"padding-left: 5px; padding-bottom: 10px; padding-right: 5px;\"  itemscope itemtype=\"https:\/\/schema.org\/ImageObject\"><div class=\"envira-gallery-item-inner\"><div class=\"envira-gallery-position-overlay  envira-gallery-top-left\"><\/div><div class=\"envira-gallery-position-overlay  envira-gallery-top-right\"><\/div><div class=\"envira-gallery-position-overlay  envira-gallery-bottom-left\"><\/div><div class=\"envira-gallery-position-overlay  envira-gallery-bottom-right\"><\/div><a href=\"https:\/\/www.lausitzer-museenland.de\/wp-content\/uploads\/2020\/02\/Schuster_P7110013.jpg\" class=\"envira-gallery-52960 envira-gallery-link\" rel=\"enviragallery52960\" title=\"Historick\u00fd poh\u0159ebn\u00ed v\u016fz\" data-envira-caption=\"historischer Begr&auml;bniswagen\" data-envira-retina=\"\" data-thumbnail=\"\"  itemprop=\"contentUrl\"><img id=\"envira-gallery-image-52774\" class=\"envira-gallery-image envira-gallery-image-4 envira-normal\" data-envira-index=\"4\" src=\"https:\/\/www.lausitzer-museenland.de\/wp-content\/uploads\/2020\/02\/Schuster_P7110013-1024x768.jpg\" data-envira-src=\"https:\/\/www.lausitzer-museenland.de\/wp-content\/uploads\/2020\/02\/Schuster_P7110013-1024x768.jpg\" data-envira-gallery-id=\"52960\" data-envira-item-id=\"52774\" data-envira-caption=\"historischer Begr&auml;bniswagen\" alt=\"\" title=\"Historick\u00fd poh\u0159ebn\u00ed v\u016fz\"  itemprop=\"thumbnailUrl\" data-envira-srcset=\"https:\/\/www.lausitzer-museenland.de\/wp-content\/uploads\/2020\/02\/Schuster_P7110013-1024x768.jpg 400w,https:\/\/www.lausitzer-museenland.de\/wp-content\/uploads\/2020\/02\/Schuster_P7110013-1024x768.jpg 2x\" data-envira-width=\"300\" data-envira-height=\"225\" srcset=\"https:\/\/www.lausitzer-museenland.de\/wp-content\/uploads\/2020\/02\/Schuster_P7110013.jpg 2x\" data-safe-src=\"https:\/\/www.lausitzer-museenland.de\/wp-content\/uploads\/2020\/02\/Schuster_P7110013-1024x768.jpg\" \/><\/a><\/div><\/div><div id=\"envira-gallery-item-52962\" class=\"envira-gallery-item enviratope-item envira-gallery-item-5\" style=\"padding-left: 5px; padding-bottom: 10px; padding-right: 5px;\"  itemscope itemtype=\"https:\/\/schema.org\/ImageObject\"><div class=\"envira-gallery-item-inner\"><div class=\"envira-gallery-position-overlay  envira-gallery-top-left\"><\/div><div class=\"envira-gallery-position-overlay  envira-gallery-top-right\"><\/div><div class=\"envira-gallery-position-overlay  envira-gallery-bottom-left\"><\/div><div class=\"envira-gallery-position-overlay  envira-gallery-bottom-right\"><\/div><a href=\"https:\/\/www.lausitzer-museenland.de\/wp-content\/uploads\/2020\/07\/Eingang-Museum.jpg\" class=\"envira-gallery-52960 envira-gallery-link\" rel=\"enviragallery52960\" title=\"Vstup do muzea\" data-envira-caption=\"Eingang Museum\" data-envira-retina=\"\" data-thumbnail=\"\"  itemprop=\"contentUrl\"><img id=\"envira-gallery-image-52962\" class=\"envira-gallery-image envira-gallery-image-5 envira-normal\" data-envira-index=\"5\" src=\"https:\/\/www.lausitzer-museenland.de\/wp-content\/uploads\/2020\/07\/Eingang-Museum-1024x1024.jpg\" data-envira-src=\"https:\/\/www.lausitzer-museenland.de\/wp-content\/uploads\/2020\/07\/Eingang-Museum-1024x1024.jpg\" data-envira-gallery-id=\"52960\" data-envira-item-id=\"52962\" data-envira-caption=\"Eingang Museum\" alt=\"\" title=\"Vstup do muzea\"  itemprop=\"thumbnailUrl\" data-envira-srcset=\"https:\/\/www.lausitzer-museenland.de\/wp-content\/uploads\/2020\/07\/Eingang-Museum-1024x1024.jpg 400w,https:\/\/www.lausitzer-museenland.de\/wp-content\/uploads\/2020\/07\/Eingang-Museum-1024x1024.jpg 2x\" data-envira-width=\"300\" data-envira-height=\"300\" srcset=\"https:\/\/www.lausitzer-museenland.de\/wp-content\/uploads\/2020\/07\/Eingang-Museum.jpg 2x\" data-safe-src=\"https:\/\/www.lausitzer-museenland.de\/wp-content\/uploads\/2020\/07\/Eingang-Museum-1024x1024.jpg\" \/><\/a><\/div><\/div><div id=\"envira-gallery-item-52963\" class=\"envira-gallery-item enviratope-item envira-gallery-item-6\" style=\"padding-left: 5px; padding-bottom: 10px; padding-right: 5px;\"  itemscope itemtype=\"https:\/\/schema.org\/ImageObject\"><div class=\"envira-gallery-item-inner\"><div class=\"envira-gallery-position-overlay  envira-gallery-top-left\"><\/div><div class=\"envira-gallery-position-overlay  envira-gallery-top-right\"><\/div><div class=\"envira-gallery-position-overlay  envira-gallery-bottom-left\"><\/div><div class=\"envira-gallery-position-overlay  envira-gallery-bottom-right\"><\/div><a href=\"https:\/\/www.lausitzer-museenland.de\/wp-content\/uploads\/2020\/07\/kuchnja.jpg\" class=\"envira-gallery-52960 envira-gallery-link\" rel=\"enviragallery52960\" title=\"kuchnja\" data-envira-caption=\"kuchnja\" data-envira-retina=\"\" data-thumbnail=\"\"  itemprop=\"contentUrl\"><img id=\"envira-gallery-image-52963\" class=\"envira-gallery-image envira-gallery-image-6 envira-normal\" data-envira-index=\"6\" src=\"https:\/\/www.lausitzer-museenland.de\/wp-content\/uploads\/2020\/07\/kuchnja-1024x1024.jpg\" data-envira-src=\"https:\/\/www.lausitzer-museenland.de\/wp-content\/uploads\/2020\/07\/kuchnja-1024x1024.jpg\" data-envira-gallery-id=\"52960\" data-envira-item-id=\"52963\" data-envira-caption=\"kuchnja\" alt=\"\" title=\"kuchnja\"  itemprop=\"thumbnailUrl\" data-envira-srcset=\"https:\/\/www.lausitzer-museenland.de\/wp-content\/uploads\/2020\/07\/kuchnja-1024x1024.jpg 400w,https:\/\/www.lausitzer-museenland.de\/wp-content\/uploads\/2020\/07\/kuchnja-1024x1024.jpg 2x\" data-envira-width=\"300\" data-envira-height=\"300\" srcset=\"https:\/\/www.lausitzer-museenland.de\/wp-content\/uploads\/2020\/07\/kuchnja.jpg 2x\" data-safe-src=\"https:\/\/www.lausitzer-museenland.de\/wp-content\/uploads\/2020\/07\/kuchnja-1024x1024.jpg\" \/><\/a><\/div><\/div><div id=\"envira-gallery-item-52964\" class=\"envira-gallery-item enviratope-item envira-gallery-item-7\" style=\"padding-left: 5px; padding-bottom: 10px; padding-right: 5px;\"  itemscope itemtype=\"https:\/\/schema.org\/ImageObject\"><div class=\"envira-gallery-item-inner\"><div class=\"envira-gallery-position-overlay  envira-gallery-top-left\"><\/div><div class=\"envira-gallery-position-overlay  envira-gallery-top-right\"><\/div><div class=\"envira-gallery-position-overlay  envira-gallery-bottom-left\"><\/div><div class=\"envira-gallery-position-overlay  envira-gallery-bottom-right\"><\/div><a href=\"https:\/\/www.lausitzer-museenland.de\/wp-content\/uploads\/2020\/07\/Museumsscheune.jpg\" class=\"envira-gallery-52960 envira-gallery-link\" rel=\"enviragallery52960\" title=\"Muzejn\u00ed stodola\" data-envira-caption=\"Museumsscheune\" data-envira-retina=\"\" data-thumbnail=\"\"  itemprop=\"contentUrl\"><img id=\"envira-gallery-image-52964\" class=\"envira-gallery-image envira-gallery-image-7 envira-normal\" data-envira-index=\"7\" src=\"https:\/\/www.lausitzer-museenland.de\/wp-content\/uploads\/2020\/07\/Museumsscheune-1024x768.jpg\" data-envira-src=\"https:\/\/www.lausitzer-museenland.de\/wp-content\/uploads\/2020\/07\/Museumsscheune-1024x768.jpg\" data-envira-gallery-id=\"52960\" data-envira-item-id=\"52964\" data-envira-caption=\"Museumsscheune\" alt=\"\" title=\"Muzejn\u00ed stodola\"  itemprop=\"thumbnailUrl\" data-envira-srcset=\"https:\/\/www.lausitzer-museenland.de\/wp-content\/uploads\/2020\/07\/Museumsscheune-1024x768.jpg 400w,https:\/\/www.lausitzer-museenland.de\/wp-content\/uploads\/2020\/07\/Museumsscheune-1024x768.jpg 2x\" data-envira-width=\"300\" data-envira-height=\"225\" srcset=\"https:\/\/www.lausitzer-museenland.de\/wp-content\/uploads\/2020\/07\/Museumsscheune.jpg 2x\" data-safe-src=\"https:\/\/www.lausitzer-museenland.de\/wp-content\/uploads\/2020\/07\/Museumsscheune-1024x768.jpg\" \/><\/a><\/div><\/div><div id=\"envira-gallery-item-52965\" class=\"envira-gallery-item enviratope-item envira-gallery-item-8\" style=\"padding-left: 5px; padding-bottom: 10px; padding-right: 5px;\"  itemscope itemtype=\"https:\/\/schema.org\/ImageObject\"><div class=\"envira-gallery-item-inner\"><div class=\"envira-gallery-position-overlay  envira-gallery-top-left\"><\/div><div class=\"envira-gallery-position-overlay  envira-gallery-top-right\"><\/div><div class=\"envira-gallery-position-overlay  envira-gallery-bottom-left\"><\/div><div class=\"envira-gallery-position-overlay  envira-gallery-bottom-right\"><\/div><a href=\"https:\/\/www.lausitzer-museenland.de\/wp-content\/uploads\/2020\/07\/Br\u00e4uche-Traditonen-und-Trachten.jpg\" class=\"envira-gallery-52960 envira-gallery-link\" rel=\"enviragallery52960\" title=\"Zvyky, tradice a tradi\u010dn\u00ed kroje\" data-envira-caption=\"Br&auml;uche, Traditonen und Trachten\" data-envira-retina=\"\" data-thumbnail=\"\"  itemprop=\"contentUrl\"><img id=\"envira-gallery-image-52965\" class=\"envira-gallery-image envira-gallery-image-8 envira-normal\" data-envira-index=\"8\" src=\"https:\/\/www.lausitzer-museenland.de\/wp-content\/uploads\/2020\/07\/Br\u00e4uche-Traditonen-und-Trachten-768x1024.jpg\" data-envira-src=\"https:\/\/www.lausitzer-museenland.de\/wp-content\/uploads\/2020\/07\/Br\u00e4uche-Traditonen-und-Trachten-768x1024.jpg\" data-envira-gallery-id=\"52960\" data-envira-item-id=\"52965\" data-envira-caption=\"Br&auml;uche, Traditonen und Trachten\" alt=\"\" title=\"Zvyky, tradice a tradi\u010dn\u00ed kroje\"  itemprop=\"thumbnailUrl\" data-envira-srcset=\"https:\/\/www.lausitzer-museenland.de\/wp-content\/uploads\/2020\/07\/Br\u00e4uche-Traditonen-und-Trachten-768x1024.jpg 400w,https:\/\/www.lausitzer-museenland.de\/wp-content\/uploads\/2020\/07\/Br\u00e4uche-Traditonen-und-Trachten-768x1024.jpg 2x\" data-envira-width=\"225\" data-envira-height=\"300\" srcset=\"https:\/\/www.lausitzer-museenland.de\/wp-content\/uploads\/2020\/07\/Br\u00e4uche-Traditonen-und-Trachten.jpg 2x\" data-safe-src=\"https:\/\/www.lausitzer-museenland.de\/wp-content\/uploads\/2020\/07\/Br\u00e4uche-Traditonen-und-Trachten-768x1024.jpg\" \/><\/a><\/div><\/div><div id=\"envira-gallery-item-52966\" class=\"envira-gallery-item enviratope-item envira-gallery-item-9\" style=\"padding-left: 5px; padding-bottom: 10px; padding-right: 5px;\"  itemscope itemtype=\"https:\/\/schema.org\/ImageObject\"><div class=\"envira-gallery-item-inner\"><div class=\"envira-gallery-position-overlay  envira-gallery-top-left\"><\/div><div class=\"envira-gallery-position-overlay  envira-gallery-top-right\"><\/div><div class=\"envira-gallery-position-overlay  envira-gallery-bottom-left\"><\/div><div class=\"envira-gallery-position-overlay  envira-gallery-bottom-right\"><\/div><a href=\"https:\/\/www.lausitzer-museenland.de\/wp-content\/uploads\/2020\/07\/Scheune_Winter-mit-Filter.jpg\" class=\"envira-gallery-52960 envira-gallery-link\" rel=\"enviragallery52960\" title=\"Stodola muzea v zim\u011b\" data-envira-caption=\"Museumsscheune im Winter\" data-envira-retina=\"\" data-thumbnail=\"\"  itemprop=\"contentUrl\"><img id=\"envira-gallery-image-52966\" class=\"envira-gallery-image envira-gallery-image-9 envira-normal\" data-envira-index=\"9\" src=\"https:\/\/www.lausitzer-museenland.de\/wp-content\/uploads\/2020\/07\/Scheune_Winter-mit-Filter-1024x675.jpg\" data-envira-src=\"https:\/\/www.lausitzer-museenland.de\/wp-content\/uploads\/2020\/07\/Scheune_Winter-mit-Filter-1024x675.jpg\" data-envira-gallery-id=\"52960\" data-envira-item-id=\"52966\" data-envira-caption=\"Museumsscheune im Winter\" alt=\"\" title=\"Stodola muzea v zim\u011b\"  itemprop=\"thumbnailUrl\" data-envira-srcset=\"https:\/\/www.lausitzer-museenland.de\/wp-content\/uploads\/2020\/07\/Scheune_Winter-mit-Filter-1024x675.jpg 400w,https:\/\/www.lausitzer-museenland.de\/wp-content\/uploads\/2020\/07\/Scheune_Winter-mit-Filter-1024x675.jpg 2x\" data-envira-width=\"300\" data-envira-height=\"198\" srcset=\"https:\/\/www.lausitzer-museenland.de\/wp-content\/uploads\/2020\/07\/Scheune_Winter-mit-Filter.jpg 2x\" data-safe-src=\"https:\/\/www.lausitzer-museenland.de\/wp-content\/uploads\/2020\/07\/Scheune_Winter-mit-Filter-1024x675.jpg\" \/><\/a><\/div><\/div><\/div><\/div><noscript><img src=\"https:\/\/www.lausitzer-museenland.de\/wp-content\/uploads\/2020\/02\/Ausstellung_01_jw_karge_2015_kwad.jpg\" alt=\"\" \/><img src=\"https:\/\/www.lausitzer-museenland.de\/wp-content\/uploads\/2020\/02\/Ausstellung_06_jw_karge_2015_kwad.jpg\" alt=\"\" \/><img src=\"https:\/\/www.lausitzer-museenland.de\/wp-content\/uploads\/2020\/02\/Wieczorek_DSCF0269.jpg\" alt=\"\" \/><img src=\"https:\/\/www.lausitzer-museenland.de\/wp-content\/uploads\/2020\/02\/Schuster_P7110013.jpg\" alt=\"\" \/><img src=\"https:\/\/www.lausitzer-museenland.de\/wp-content\/uploads\/2020\/07\/Eingang-Museum.jpg\" alt=\"\" \/><img src=\"https:\/\/www.lausitzer-museenland.de\/wp-content\/uploads\/2020\/07\/kuchnja.jpg\" alt=\"\" \/><img src=\"https:\/\/www.lausitzer-museenland.de\/wp-content\/uploads\/2020\/07\/Museumsscheune.jpg\" alt=\"\" \/><img src=\"https:\/\/www.lausitzer-museenland.de\/wp-content\/uploads\/2020\/07\/Br\u00e4uche-Traditonen-und-Trachten.jpg\" alt=\"\" \/><img src=\"https:\/\/www.lausitzer-museenland.de\/wp-content\/uploads\/2020\/07\/Scheune_Winter-mit-Filter.jpg\" alt=\"\" \/><\/noscript>","protected":false},"excerpt":{"rendered":"<p>Galerie | V\u00fdstavy | Nab\u00eddka pro d\u011bti V\u00fduka a uchov\u00e1v\u00e1n\u00ed zvyk\u016f a jazyka Stavba \/ um\u00edst\u011bn\u00ed Muzeum se nach\u00e1z\u00ed v historick\u00e9m centru obce hned vedle klasicistn\u00edho vesnick\u00e9ho kostela bez v\u011b\u017ee. V\u011bt\u0161ina expozice je um\u00edst\u011bna v prostor\u00e1ch \u0161koln\u00ed budovy, kter\u00e1 byla postavena v roce 1875. Star\u00e1 farn\u00ed stodola byla v souladu se sv\u00fdm pam\u00e1tkov\u00fdm statutem p\u0159estav\u011bna na dal\u0161\u00ed muzejn\u00ed budovu. V sousedn\u00edch st\u00e1j\u00edch, kter\u00e9<\/p>","protected":false},"author":13,"featured_media":0,"parent":113,"menu_order":0,"comment_status":"closed","ping_status":"closed","template":"","meta":[],"_links":{"self":[{"href":"https:\/\/www.lausitzer-museenland.de\/cs\/wp-json\/wp\/v2\/pages\/260"}],"collection":[{"href":"https:\/\/www.lausitzer-museenland.de\/cs\/wp-json\/wp\/v2\/pages"}],"about":[{"href":"https:\/\/www.lausitzer-museenland.de\/cs\/wp-json\/wp\/v2\/types\/page"}],"author":[{"embeddable":true,"href":"https:\/\/www.lausitzer-museenland.de\/cs\/wp-json\/wp\/v2\/users\/13"}],"replies":[{"embeddable":true,"href":"https:\/\/www.lausitzer-museenland.de\/cs\/wp-json\/wp\/v2\/comments?post=260"}],"version-history":[{"count":24,"href":"https:\/\/www.lausitzer-museenland.de\/cs\/wp-json\/wp\/v2\/pages\/260\/revisions"}],"predecessor-version":[{"id":54944,"href":"https:\/\/www.lausitzer-museenland.de\/cs\/wp-json\/wp\/v2\/pages\/260\/revisions\/54944"}],"up":[{"embeddable":true,"href":"https:\/\/www.lausitzer-museenland.de\/cs\/wp-json\/wp\/v2\/pages\/113"}],"wp:attachment":[{"href":"https:\/\/www.lausitzer-museenland.de\/cs\/wp-json\/wp\/v2\/media?parent=260"}],"curies":[{"name":"wp","href":"https:\/\/api.w.org\/{rel}","templated":true}]}}