{"id":274,"date":"2014-11-06T17:17:20","date_gmt":"2014-11-06T16:17:20","guid":{"rendered":"http:\/\/lausitzer-museenland.de\/?page_id=274"},"modified":"2023-01-02T09:11:06","modified_gmt":"2023-01-02T08:11:06","slug":"aktuell","status":"publish","type":"page","link":"https:\/\/www.lausitzer-museenland.de\/cs\/aktualni\/","title":{"rendered":"Aktu\u00e1ln\u00ed"},"content":{"rendered":"<ul style=\"list-style-type: square;\">\n<li><a href=\"https:\/\/www.lausitzer-museenland.de\/?p=54104\" target=\"_blank\" rel=\"noopener\">Slovn\u00edk n\u011bmecko-srbsk\u00fd<\/a><\/li>\n<li><a href=\"https:\/\/www.lausitzer-museenland.de\/ausleihbare-ausstellungen-im-Lausitzer-museenland\/\" target=\"_blank\" rel=\"noopener noreferrer\">P\u011a\u0160\u00cd V\u00ddSTAVY zap\u016fj\u010den\u00e9 v Lu\u017eick\u00e9m muzeu v zemi<\/a><\/li>\n<li><a href=\"https:\/\/www.lausitzer-museenland.de\/antrag-zur-foerderung-musealer-einrichtungen-im-landkreis-spree-neisse\/\">\u017d\u00c1DOST o podporu muzejn\u00edch za\u0159\u00edzen\u00ed v okrese Spree-Nisa<\/a><\/li>\n<li><a href=\"https:\/\/www.lausitzer-museenland.de\/?p=54029\" target=\"_blank\" rel=\"noopener\">\u017d\u00c1DOST o grant na podporu kulturn\u00edch a um\u011bleck\u00fdch aktivit<\/a><\/li>\n<li><a href=\"https:\/\/www.lausitzer-museenland.de\/museumsleiterin-zu-gast-beim-bundespraesidenten\/\">\u0158editel muzea jako host spolkov\u00e9ho prezidenta<\/a><\/li>\n<li><a href=\"https:\/\/www.lausitzer-museenland.de\/wp-content\/uploads\/2022\/09\/Museeumbroschuere-2022_web.pdf\" target=\"_blank\" rel=\"noopener\">BRO\u017dURA \"Muzeum v\u00fdkladn\u00edch sk\u0159\u00edn\u00ed<\/a><\/li>\n<\/ul>","protected":false},"excerpt":{"rendered":"<p>DIKT\u00c1TOR n\u011bmecko-srbsk\u00fd P\u016eJ\u010cOVNA PUTOVN\u00cdCH V\u00ddSTAV v Lu\u017eick\u00e9m muzeu \u017d\u00c1DOST o podporu muzejn\u00edch za\u0159\u00edzen\u00ed v okrese Spree-Nisa \u017d\u00c1DOST o grant na podporu kulturn\u00ed a um\u011bleck\u00e9 nab\u00eddky \u0158editel muzea jako host spolkov\u00e9ho prezidenta BRO\u017dURA \"Schaufenster Museum\" (v\u00fdkladn\u00ed sk\u0159\u00ed\u0148 muzea)<\/p>","protected":false},"author":13,"featured_media":4145,"parent":0,"menu_order":0,"comment_status":"closed","ping_status":"closed","template":"","meta":[],"_links":{"self":[{"href":"https:\/\/www.lausitzer-museenland.de\/cs\/wp-json\/wp\/v2\/pages\/274"}],"collection":[{"href":"https:\/\/www.lausitzer-museenland.de\/cs\/wp-json\/wp\/v2\/pages"}],"about":[{"href":"https:\/\/www.lausitzer-museenland.de\/cs\/wp-json\/wp\/v2\/types\/page"}],"author":[{"embeddable":true,"href":"https:\/\/www.lausitzer-museenland.de\/cs\/wp-json\/wp\/v2\/users\/13"}],"replies":[{"embeddable":true,"href":"https:\/\/www.lausitzer-museenland.de\/cs\/wp-json\/wp\/v2\/comments?post=274"}],"version-history":[{"count":39,"href":"https:\/\/www.lausitzer-museenland.de\/cs\/wp-json\/wp\/v2\/pages\/274\/revisions"}],"predecessor-version":[{"id":54387,"href":"https:\/\/www.lausitzer-museenland.de\/cs\/wp-json\/wp\/v2\/pages\/274\/revisions\/54387"}],"wp:featuredmedia":[{"embeddable":true,"href":"https:\/\/www.lausitzer-museenland.de\/cs\/wp-json\/wp\/v2\/media\/4145"}],"wp:attachment":[{"href":"https:\/\/www.lausitzer-museenland.de\/cs\/wp-json\/wp\/v2\/media?parent=274"}],"curies":[{"name":"wp","href":"https:\/\/api.w.org\/{rel}","templated":true}]}}