{"id":285,"date":"2014-11-11T14:17:22","date_gmt":"2014-11-11T13:17:22","guid":{"rendered":"http:\/\/lausitzer-museenland.de\/?page_id=285"},"modified":"2026-03-20T09:19:05","modified_gmt":"2026-03-20T08:19:05","slug":"presse","status":"publish","type":"page","link":"https:\/\/www.lausitzer-museenland.de\/cs\/sluzba\/tisk-2\/","title":{"rendered":"Tisk \/ Ke sta\u017een\u00ed"},"content":{"rendered":"<p><a href=\"#service_pressespiegel\"><img loading=\"lazy\" class=\"alignnone wp-image-1507 size-full\" src=\"https:\/\/www.lausitzer-museenland.de\/wp-content\/uploads\/2014\/11\/presse1.jpg\" alt=\"tisk\" width=\"800\" height=\"400\" srcset=\"https:\/\/www.lausitzer-museenland.de\/wp-content\/uploads\/2014\/11\/presse1.jpg 800w, https:\/\/www.lausitzer-museenland.de\/wp-content\/uploads\/2014\/11\/presse1-300x150.jpg 300w, https:\/\/www.lausitzer-museenland.de\/wp-content\/uploads\/2014\/11\/presse1-100x50.jpg 100w, https:\/\/www.lausitzer-museenland.de\/wp-content\/uploads\/2014\/11\/presse1-150x75.jpg 150w, https:\/\/www.lausitzer-museenland.de\/wp-content\/uploads\/2014\/11\/presse1-200x100.jpg 200w, https:\/\/www.lausitzer-museenland.de\/wp-content\/uploads\/2014\/11\/presse1-450x225.jpg 450w, https:\/\/www.lausitzer-museenland.de\/wp-content\/uploads\/2014\/11\/presse1-600x300.jpg 600w\" sizes=\"(max-width: 800px) 100vw, 800px\" \/><\/a><\/p>\n<p><strong>Mezi histori\u00ed a sou\u010dasnost\u00ed<\/strong><\/p>\n<h3>Muzea v okrese<\/h3>\n<p>Der Landkreis Spree-Nei\u00dfe, der in der Niederlausitz liegt, ist gepr\u00e4gt durch das historische Siedlungsgebiet der Sorben\/Wenden, den Bergbau und die fr\u00fcheren Industriestandorte sowie durch die Besonderheiten der Natur, zu denen beispielsweise der Spreewald geh\u00f6rt. Dieses nat\u00fcrliche und kulturelle Erbe wird durch die Museen des Landkreises gepflegt.<\/p>\n<p>Neben den Grundlagen ihrer Arbeit \u2013 Sammeln, Bewahren, Forschen, Ausstellen und Vermitteln \u2013 sehen die \u00fcber 40 musealen Einrichtungen des Landkreises Spree-Nei\u00dfe ihre Aufgaben heute zunehmend in den Bereichen Freizeit und Tourismus sowie in der F\u00f6rderung kultureller Identit\u00e4t. In der heutigen Zeit verstehen sie sich als Orte der lebendigen Auseinandersetzung zwischen Geschichte und Gegenwart.<\/p>\n<p><strong>Zem\u011b Lu\u017eick\u00e9ho muzea<\/strong><\/p>\n<p>Die steigenden Anforderungen an museale Einrichtungen k\u00f6nnen in Zukunft jedoch nur mit neuen Strategien, moderner Technik und funktionierenden Netzwerken gemeistert werden. Aus diesem Grund wurde im Jahr 2006 mit dem Projekt \u201eRegion in Aktion\u201d ein museales Netzwerk initiiert, das die Arbeit der vielen einzelnen Einrichtungen unterst\u00fctzt, dokumentiert und pr\u00e4sentiert \u2013 das \u201eLausitzer Museenland\u201d. Durch die Vernetzung ihrer Aktivit\u00e4ten k\u00f6nnen die Museen unter Wahrung ihrer individuellen Ausrichtung wissenschaftliche und kulturelle Projekte vorantreiben.<\/p>\n<p><strong>Digit\u00e1ln\u00ed invent\u00e1\u0159<\/strong><\/p>\n<p>Poda\u0159ilo se nap\u0159\u00edklad pokro\u010dit v oblasti archivace a dokumentace, kter\u00e9 jsou hlavn\u00edmi \u00fakoly a nezbytn\u00fdm z\u00e1kladem v\u011bdeck\u00e9 pr\u00e1ce muze\u00ed. Vytvo\u0159en\u00edm a rozs\u00e1hl\u00fdm pou\u017e\u00edv\u00e1n\u00edm softwaru \"MUSEO\", technicky inovativn\u00edho \u0159e\u0161en\u00ed v podob\u011b centr\u00e1ln\u00edho, dlouhodob\u011b znovu pou\u017eiteln\u00e9ho archivu, jsou expon\u00e1ty a invent\u00e1\u0159 digit\u00e1ln\u011b archivov\u00e1ny, spravov\u00e1ny a synergicky vyu\u017eiteln\u00e9.<\/p>\n<p><strong>Kulturn\u00ed anga\u017eovanost<\/strong><\/p>\n<p>Innerhalb der Struktur des &#8222;Lausitzer Museenlandes&#8220; wird es weiterhin m\u00f6glich, bestehende kulturelle Initiativen wie z.B. die \u201cMuseumsnacht im Lausitzer Museenland\u201d mit gro\u00dfem Erfolg zu f\u00f6rdern und weiterzuentwickeln.<\/p>\n<p><strong>Profesion\u00e1ln\u00ed prezentace<\/strong><\/p>\n<p>Mit der Marke \u201cLausitzer Museenland\u201d kann gleichzeitig die \u00d6ffentlichkeitsarbeit intensiviert werden. Ein professionelles Erscheinungsbild, die Pr\u00e4sentation auf einem gemeinsamen Internetportal sowie weitere Ma\u00dfnahmen sorgen f\u00fcr eine verbesserte Wahrnehmung. Durch diese Pr\u00e4senz und die Nutzung neuer technischer M\u00f6glichkeiten wird den Museen die Arbeit zudem erleichtert.<\/p>\n<p><strong>Spole\u010dn\u00e9 c\u00edle<\/strong><\/p>\n<p>Der hohe Stellenwert, den die musealen Einrichtungen in der Kulturlandschaft des Landkreises Spree-Nei\u00dfe einnehmen, ist durch das Netzwerk \u201eLausitzer Museenland\u201d erfahrbar. In Zeiten knapper finanzieller und personeller Ressourcen ist es das gemeinsame Ziel der Museen und des Landkreises, diesen Stellenwert zu sichern und auszubauen. Denn nur lebendige Museen k\u00f6nnen das Bewusstsein f\u00fcr die Heimatregion sch\u00e4rfen und eine Br\u00fccke zwischen Geschichte und Gegenwart schlagen.<\/p>\n<p>dal\u0161\u00ed odkazy:<\/p>\n<p><a title=\"Okres Spree-Nei\u00dfe\" href=\"http:\/\/www.landkreis-spree-neisse.de\/\" target=\"_blank\" rel=\"noopener\">www.landkreis-spree-neisse.de<\/a><\/p>\n<p>&nbsp;<\/p>\n<h3>Tiskov\u00e9 fotografie ke sta\u017een\u00ed<a id=\"service_pressefotos\"><\/a><\/h3>\n<div data-post-id='1459' class='insert-page insert-page-1459'>\t\t\t\t\t<div class=\"wpcmsdev-columns\">\n<div class=\"column column-width-one-third\">\n<p>Logo Lu\u017eick\u00e9 muzeum Land<br \/>\n<a href=\"https:\/\/www.lausitzer-museenland.de\/wp-content\/uploads\/2014\/11\/logo-download.jpg\"><img loading=\"lazy\" width=\"300\" height=\"300\" class=\"alignnone wp-image-1496 size-medium\" src=\"https:\/\/www.lausitzer-museenland.de\/wp-content\/uploads\/2014\/11\/logo-download-300x300.jpg\" alt=\"logo ke sta\u017een\u00ed\" srcset=\"https:\/\/www.lausitzer-museenland.de\/wp-content\/uploads\/2014\/11\/logo-download-300x300.jpg 300w, https:\/\/www.lausitzer-museenland.de\/wp-content\/uploads\/2014\/11\/logo-download-150x150.jpg 150w, https:\/\/www.lausitzer-museenland.de\/wp-content\/uploads\/2014\/11\/logo-download-100x100.jpg 100w, https:\/\/www.lausitzer-museenland.de\/wp-content\/uploads\/2014\/11\/logo-download-200x200.jpg 200w, https:\/\/www.lausitzer-museenland.de\/wp-content\/uploads\/2014\/11\/logo-download.jpg 400w\" sizes=\"(max-width: 300px) 100vw, 300px\" \/><\/a><\/p>\n<\/div>\n<div class=\"column column-width-one-third\">\n<p>Logo Kobi<br \/>\n<a href=\"https:\/\/www.lausitzer-museenland.de\/wp-content\/uploads\/2014\/11\/kobi-logo-download.jpg\"><img loading=\"lazy\" width=\"300\" height=\"300\" class=\"alignnone wp-image-1495 size-medium\" src=\"https:\/\/www.lausitzer-museenland.de\/wp-content\/uploads\/2014\/11\/kobi-logo-download-300x300.jpg\" alt=\"kobi logo ke sta\u017een\u00ed\" srcset=\"https:\/\/www.lausitzer-museenland.de\/wp-content\/uploads\/2014\/11\/kobi-logo-download-300x300.jpg 300w, https:\/\/www.lausitzer-museenland.de\/wp-content\/uploads\/2014\/11\/kobi-logo-download-150x150.jpg 150w, https:\/\/www.lausitzer-museenland.de\/wp-content\/uploads\/2014\/11\/kobi-logo-download-100x100.jpg 100w, https:\/\/www.lausitzer-museenland.de\/wp-content\/uploads\/2014\/11\/kobi-logo-download-200x200.jpg 200w, https:\/\/www.lausitzer-museenland.de\/wp-content\/uploads\/2014\/11\/kobi-logo-download-450x450.jpg 450w, https:\/\/www.lausitzer-museenland.de\/wp-content\/uploads\/2014\/11\/kobi-logo-download.jpg 500w\" sizes=\"(max-width: 300px) 100vw, 300px\" \/><\/a><\/p>\n<\/div>\n<div class=\"column column-width-one-third\">\n<p>Cestov\u00e1n\u00ed \u010dasem v zemi muze\u00ed<br \/>\n<a href=\"https:\/\/www.lausitzer-museenland.de\/wp-content\/uploads\/2014\/11\/clock-download.jpg\"><img loading=\"lazy\" width=\"300\" height=\"300\" class=\"alignnone wp-image-1497 size-medium\" src=\"https:\/\/www.lausitzer-museenland.de\/wp-content\/uploads\/2014\/11\/clock-download-300x300.jpg\" alt=\"clock-download\" srcset=\"https:\/\/www.lausitzer-museenland.de\/wp-content\/uploads\/2014\/11\/clock-download-300x300.jpg 300w, https:\/\/www.lausitzer-museenland.de\/wp-content\/uploads\/2014\/11\/clock-download-150x150.jpg 150w, https:\/\/www.lausitzer-museenland.de\/wp-content\/uploads\/2014\/11\/clock-download-100x100.jpg 100w, https:\/\/www.lausitzer-museenland.de\/wp-content\/uploads\/2014\/11\/clock-download-200x200.jpg 200w, https:\/\/www.lausitzer-museenland.de\/wp-content\/uploads\/2014\/11\/clock-download-450x450.jpg 450w, https:\/\/www.lausitzer-museenland.de\/wp-content\/uploads\/2014\/11\/clock-download.jpg 581w\" sizes=\"(max-width: 300px) 100vw, 300px\" \/><\/a><\/p>\n<\/div>\n<\/div>\n\t\t\t\t\t<\/div>\n<h3><\/h3>","protected":false},"excerpt":{"rendered":"<p>Zwischen Geschichte und Gegenwart Die Museen im Landkreis Der Landkreis Spree-Nei\u00dfe, der in der Niederlausitz liegt, ist gepr\u00e4gt durch das historische Siedlungsgebiet der Sorben\/Wenden, den Bergbau und die fr\u00fcheren Industriestandorte sowie durch die Besonderheiten der Natur, zu denen beispielsweise der Spreewald geh\u00f6rt. Dieses nat\u00fcrliche und kulturelle Erbe wird durch die Museen des Landkreises gepflegt. Neben<\/p>","protected":false},"author":13,"featured_media":0,"parent":281,"menu_order":0,"comment_status":"closed","ping_status":"closed","template":"","meta":[],"_links":{"self":[{"href":"https:\/\/www.lausitzer-museenland.de\/cs\/wp-json\/wp\/v2\/pages\/285"}],"collection":[{"href":"https:\/\/www.lausitzer-museenland.de\/cs\/wp-json\/wp\/v2\/pages"}],"about":[{"href":"https:\/\/www.lausitzer-museenland.de\/cs\/wp-json\/wp\/v2\/types\/page"}],"author":[{"embeddable":true,"href":"https:\/\/www.lausitzer-museenland.de\/cs\/wp-json\/wp\/v2\/users\/13"}],"replies":[{"embeddable":true,"href":"https:\/\/www.lausitzer-museenland.de\/cs\/wp-json\/wp\/v2\/comments?post=285"}],"version-history":[{"count":23,"href":"https:\/\/www.lausitzer-museenland.de\/cs\/wp-json\/wp\/v2\/pages\/285\/revisions"}],"predecessor-version":[{"id":55985,"href":"https:\/\/www.lausitzer-museenland.de\/cs\/wp-json\/wp\/v2\/pages\/285\/revisions\/55985"}],"up":[{"embeddable":true,"href":"https:\/\/www.lausitzer-museenland.de\/cs\/wp-json\/wp\/v2\/pages\/281"}],"wp:attachment":[{"href":"https:\/\/www.lausitzer-museenland.de\/cs\/wp-json\/wp\/v2\/media?parent=285"}],"curies":[{"name":"wp","href":"https:\/\/api.w.org\/{rel}","templated":true}]}}