{"id":380,"date":"2014-11-12T10:21:28","date_gmt":"2014-11-12T09:21:28","guid":{"rendered":"http:\/\/lausitzer-museenland.de\/?page_id=380"},"modified":"2024-09-06T13:48:11","modified_gmt":"2024-09-06T11:48:11","slug":"kobi","status":"publish","type":"page","link":"https:\/\/www.lausitzer-museenland.de\/cs\/sluzba\/kobi\/","title":{"rendered":"Do muzea s Kobim"},"content":{"rendered":"<p>Kobi - duch mal\u00e9ho domu - je v muzeu jako doma. \u017dije v ba\u010dkor\u00e1ch pod kamny. O p\u016flnoci odposlouch\u00e1v\u00e1 star\u00e9 muzejn\u00ed expon\u00e1ty, kdy\u017e vypr\u00e1v\u011bj\u00ed p\u0159\u00edb\u011bhy z minulosti. Tyto vzru\u0161uj\u00edc\u00ed p\u0159\u00edb\u011bhy vypr\u00e1v\u00ed pracovn\u00edk\u016fm muzea, kte\u0159\u00ed je pak p\u0159ed\u00e1vaj\u00ed d\u011btem - p\u0159\u00edb\u011bhy ze star\u00fdch \u010das\u016f.<\/p>\n<hr \/>\n<h4>\"Star\u00fd ml\u00fdn\" Proschim<\/h4>\n<ol>\n<li class=\"entry-title post-title\">V\u00fdstava zem\u011bd\u011blsk\u00e9 techniky a rolnick\u00e9ho zp\u016fsobu \u017eivota<\/li>\n<\/ol>\n<p><a href=\"\/museen\/alte-muehle-proschim\/#kinderangebot_am_proschim\">Zobrazit nab\u00eddku \u00a0<i class=\"wpcmsdev-icon fa fa-fa fa-lg  fa-caret-right\"><\/i><\/a><\/p>\n<hr \/>\n<h4>\"Star\u00e1 \u0161kola\" Graustein<\/h4>\n<ol>\n<li>Po stop\u00e1ch Erwina Strittmattera v Grausteinu<\/li>\n<\/ol>\n<p><a href=\"\/museen\/alte-schule-graustein\/#kinderangebot_graustein\">Zobrazit nab\u00eddku <i class=\"wpcmsdev-icon fa fa-fa fa-lg  fa-caret-right\"><\/i><\/a><\/p>\n<hr \/>\n<h4>Archeotechnick\u00e9 centrum Welzow<\/h4>\n<ol>\n<li>Proch\u00e1zka dobou kamennou<\/li>\n<li>Proch\u00e1zka st\u0159edov\u011bkem<\/li>\n<li>Vykopejte jednou jako archeologov\u00e9<\/li>\n<li>\u010cepice pln\u00e1 archeologie<\/li>\n<li>Sedm zkou\u0161ek v prav\u011bku<\/li>\n<\/ol>\n<p><a href=\"\/museen\/archaeotechnisches-zentrum-welzow\/#kinderangebot_atz\">Zobrazit nab\u00eddky <i class=\"wpcmsdev-icon fa fa-fa fa-lg  fa-caret-right\"><\/i><\/a><\/p>\n<hr \/>\n<h4>Archiv zmizel\u00fdch m\u00edst<\/h4>\n<ol>\n<li>Dokumentace p\u0159es\u00eddlen\u00ed v souvislosti s t\u011b\u017ebou v \"Archivu zanikl\u00fdch m\u00edst\".<\/li>\n<\/ol>\n<p><a href=\"\/museen\/archiv-verschwundener-orte\/#kinderangebot_archiv_v_orte\">Zobrazit nab\u00eddku <i class=\"wpcmsdev-icon fa fa-fa fa-lg  fa-caret-right\"><\/i><\/a><\/p>\n<hr \/>\n<h4>Braniborsk\u00e9 textiln\u00ed muzeum Forst (Lu\u017eice)<\/h4>\n<ol>\n<li>\"Tlust\u00fd\" - vod\u00e1rensk\u00e1 v\u011b\u017e Forster<\/li>\n<li>\"Schwarze Jule\" - Forstersk\u00e1 m\u011bstsk\u00e1 \u017eeleznice<\/li>\n<li>Prohl\u00eddka m\u011bsta a rallye po m\u011bst\u011b<\/li>\n<li>Jak\u00e1 b\u00fdvala \u0161kola<\/li>\n<li>Lupi\u010d baron Nickel von Rothe<\/li>\n<li>Povodn\u011b a jejich n\u00e1sledky<\/li>\n<li>Biebersteinsk\u00fd erb a erb Forsteru<\/li>\n<li>Industrializace<\/li>\n<li>U\u0161ijte si sami \u00fatuln\u00fd patchworkov\u00fd pol\u0161t\u00e1\u0159ek<\/li>\n<li>Obr\u00e1zky vl\u00e1ken<\/li>\n<li>Plst\u011bn\u00ed ov\u010d\u00ed vlnou<\/li>\n<li>L\u00e1tkov\u00e1 srdce<\/li>\n<li>Kv\u011btinov\u00e9 kouzlo z od\u0159ezk\u016f l\u00e1tek<\/li>\n<li>Tenk\u00e1 vl\u00e1kna se stanou silnou \u0161\u0148\u016frou<\/li>\n<li>Z utkan\u00e9 l\u00e1tky se stane ubrousek<\/li>\n<li>Ubrouskov\u00e1 technika<\/li>\n<li>Jak se pralo v minulosti?<\/li>\n<li>Pap\u00edr si vyr\u00e1b\u00edme sami<\/li>\n<li>Jak krtek z\u00edskal kalhoty<\/li>\n<li>Tkan\u00ed na ru\u010dn\u00edm tkalcovsk\u00e9m stavu<\/li>\n<\/ol>\n<p><a href=\"\/museen\/brandenburgisches-textilmuseum-forst\/#kinderangebot_textil_forst\">Zobrazit nab\u00eddky <i class=\"wpcmsdev-icon fa fa-fa fa-lg  fa-caret-right\"><\/i><\/a><\/p>\n<hr \/>\n<h4>Muzeum vesnice Sacro<\/h4>\n<ol>\n<li>Po stop\u00e1ch lu\u017eickosrbsk\u00fdch\/vendsk\u00fdch zvyk\u016f<\/li>\n<\/ol>\n<p><a href=\"\/museen\/dorfmuseum-sacro\/#kinderangebot_sacro\">Zobrazit nab\u00eddku <i class=\"wpcmsdev-icon fa fa-fa fa-lg  fa-caret-right\"><\/i><\/a><\/p>\n<hr \/>\n<h4>Erwin Strittmatter Memorial \"The Shop\" Bohsdorf<\/h4>\n<ol>\n<li>Po stop\u00e1ch Erwina Strittmattera v Bohsdorfu<\/li>\n<\/ol>\n<p><a href=\"\/museen\/erwin-strittmatter-gedenkstaette-der-laden-bohsdorf\/#kinderangebot_laden\">Zobrazit nab\u00eddku <i class=\"wpcmsdev-icon fa fa-fa fa-lg  fa-caret-right\"><\/i><\/a><\/p>\n<hr \/>\n<h4>Pevnostn\u00ed v\u011b\u017e Peitz<\/h4>\n<ol>\n<li>Prohl\u00eddka pevnostn\u00ed v\u011b\u017ee Peitz s pr\u016fvodcem<\/li>\n<\/ol>\n<p><a href=\"\/museen\/festungsturm-peitz\/#kinderangebot_fest_peitz\">Zobrazit nab\u00eddku <i class=\"wpcmsdev-icon fa fa-fa fa-lg  fa-caret-right\"><\/i><\/a><\/p>\n<hr \/>\n<h4>Hasi\u010dsk\u00e9 muzeum Welzow<\/h4>\n<ol>\n<li>Po\u017e\u00e1rn\u00ed technika<\/li>\n<\/ol>\n<p><a href=\"\/museen\/feuerwehrmuseum-welzow\/#kinderangebot_feuerwehr_welzow\">Zobrazit nab\u00eddku <i class=\"wpcmsdev-icon fa fa-fa fa-lg  fa-caret-right\"><\/i><\/a><\/p>\n<hr \/>\n<h4>Muzeum leti\u0161t\u011b Welzow<\/h4>\n<ol>\n<li>Historie leti\u0161t\u011b Welzow<\/li>\n<\/ol>\n<p><a href=\"\/museen\/flugplatzmuseum-welzow\/#kinderangebot_flugplatz_welzow\">Zobrazit nab\u00eddku <i class=\"wpcmsdev-icon fa fa-fa fa-lg  fa-caret-right\"><\/i><\/a><\/p>\n<hr \/>\n<h4>Skanzen \"Zeitsprung\" Klinge<\/h4>\n<ol>\n<li>Zkamen\u011bliny zbl\u00edzka - zvl\u00e1\u0161tn\u00ed skok v \u010dase do tepl\u00e9ho obdob\u00ed eemian\u016f<\/li>\n<\/ol>\n<p><a href=\"\/museen\/freilichtmuseum-zeitsprung-klinge\/#kinderangebot_zeitsprung\">Zobrazit nab\u00eddku <i class=\"wpcmsdev-icon fa fa-fa fa-lg  fa-caret-right\"><\/i><\/a><\/p>\n<hr \/>\n<h4>V\u00fdstava Johann Friedrich Fritz - Evangelick\u00fd kostel Kolkwitz<\/h4>\n<ol>\n<li>V\u00fdstava o Johannu Friedrichu Fritzem<\/li>\n<\/ol>\n<p><a href=\"\/museen\/johann-friedrich-fritze-ausstellung\/#kinderangebot_fritzemuseum\">Zobrazit nab\u00eddku <i class=\"wpcmsdev-icon fa fa-fa fa-lg  fa-caret-right\"><\/i><\/a><\/p>\n<hr \/>\n<h4>Muzeum m\u00edstn\u00ed historie Dissen<\/h4>\n<ol>\n<li>\"Star\u00fd Lud - setk\u00e1n\u00ed s d\u00e1vn\u00fdmi lidmi\" - cesta do 10.\/11. stolet\u00ed<\/li>\n<li>Stru\u010dn\u00fd n\u00e1stin lu\u017eickosrbsk\u00fdch\/vendsk\u00fdch d\u011bjin<\/li>\n<li>C\u00edrkevn\u00ed rok - projekt LER<\/li>\n<li>\u010cap\u00ed l\u00e9to aneb \"Kde jsou \u010d\u00e1pi v zim\u011b?\" - p\u0159\u00edrodov\u011bdn\u00e1 exkurze<\/li>\n<li>N\u00e1stin sou\u010dasn\u00e9 lu\u017eickosrbsk\u00e9 hudby a literatury - rozmanitost lu\u017eickosrbsk\u00e9 hudby, tv\u016fr\u010d\u00ed b\u00e1sn\u00edci a spisovatel\u00e9<\/li>\n<li>Poslouchejte - p\u0159idejte se! - P\u00edsn\u011b k poslechu, zp\u011bvu a \u00fa\u010dasti na nich<\/li>\n<li>J\u00eddlo a pit\u00ed udr\u017euje t\u011blo i du\u0161i pohromad\u011b - O j\u00eddle a pit\u00ed, z\u00e1sob\u00e1ch a po\u0159ad\u00ed j\u00eddel<\/li>\n<li>P\u0159\u00edb\u011bhy kolem sladk\u00e9 du\u017einy - Va\u0159en\u00ed a vypr\u00e1v\u011bn\u00ed v muzeu<\/li>\n<li>Zdoben\u00ed lu\u017eickosrbsk\u00fdch velikono\u010dn\u00edch vaj\u00ed\u010dek - technika voskov\u00e9 rezervy<\/li>\n<li>Keramick\u00e9 p\u0159\u00edv\u011bsky na Velikonoce a V\u00e1noce - pr\u00e1ce s hl\u00ednou<\/li>\n<li>\u010cas pe\u010den\u00fdch jablek - Pe\u010den\u00e1 jablka a poh\u00e1dky v muzeu<\/li>\n<li>Pe\u010den\u00e9 hlin\u011bn\u00e9 poinsettie a srd\u00ed\u010dka<\/li>\n<li>Hv\u011bzdy ze sn\u011bhov\u00fdch vlo\u010dek - Sn\u0115\u017eynka - \u0158emeslo a vypr\u00e1v\u011bn\u00ed v muzeu<\/li>\n<\/ol>\n<p><a href=\"\/museen\/heimatmuseum-dissen\/#kinderangebot_dissen\">Zobrazit nab\u00eddky <i class=\"wpcmsdev-icon fa fa-fa fa-lg  fa-caret-right\"><\/i><\/a><\/p>\n<hr \/>\n<h4>Muzeum m\u00edstn\u00ed historie \"K\u00f3lasko\" Drachhausen<\/h4>\n<ol>\n<li>Len a pl\u00e1tno<\/li>\n<\/ol>\n<p><a href=\"\/museen\/heimatmuseum-kolasko-drachhausen\/#kinderangebot_kolasko\">Zobrazit nab\u00eddku <i class=\"wpcmsdev-icon fa fa-fa fa-lg  fa-caret-right\"><\/i><\/a><\/p>\n<hr \/>\n<h4>Muzeum m\u00edstn\u00ed historie Tauer<\/h4>\n<ol>\n<li>Peka\u0159sk\u00e1 pec, zvyky a typick\u00e1 zem\u011bd\u011blsk\u00e1 zahrada<\/li>\n<\/ol>\n<p><a href=\"\/museen\/heimatmuseum-tauer\/#kinderangebot_tauer\">Zobrazit nab\u00eddku <i class=\"wpcmsdev-icon fa fa-fa fa-lg  fa-caret-right\"><\/i><\/a><\/p>\n<hr \/>\n<h4>M\u00edstnost m\u00edstn\u00ed historie Burg<\/h4>\n<ol>\n<li>B\u00e1je\u010dn\u00e1 objevitelsk\u00e1 cesta<\/li>\n<li>Legend\u00e1rn\u00ed postavy Spreewaldu<\/li>\n<li>Skl\u00e1d\u00e1n\u00ed s pap\u00edrem<\/li>\n<\/ol>\n<p><a href=\"\/museen\/heimatstube-burg\/#kinderangebot_burg\">Zobrazit nab\u00eddky <i class=\"wpcmsdev-icon fa fa-fa fa-lg  fa-caret-right\"><\/i><\/a><\/p>\n<hr \/>\n<h4>M\u00edstn\u00ed historick\u00e1 m\u00edstnost D\u00f6bern<\/h4>\n<ol>\n<li>Doklady o m\u00edstn\u00ed historii D\u00f6bernu<\/li>\n<\/ol>\n<p><a href=\"\/museen\/heimatstube-doebern\/#kinderangebot_doebern\">Zobrazit nab\u00eddku <i class=\"wpcmsdev-icon fa fa-fa fa-lg  fa-caret-right\"><\/i><\/a><\/p>\n<hr \/>\n<h4>M\u00edstnost m\u00edstn\u00ed historie Gro\u00df K\u00f6lzig<\/h4>\n<ol>\n<li>Z den\u00edku Zem\u011b - Historick\u00fd v\u00fdvoj krajiny na\u0161eho domova<\/li>\n<li>Jak v\u00edme, co se stalo v minulosti<\/li>\n<li>Z d\u00e1vn\u00fdch dob - m\u00edstn\u00ed legendy a stra\u0161ideln\u00e9 p\u0159\u00edb\u011bhy<\/li>\n<li>Na\u0161e pil\u00ed\u0159ov\u00e1 l\u00edpa vypr\u00e1v\u00ed - p\u0159\u00edslu\u0161nost obce, historie os\u00eddlen\u00ed star\u00fdch c\u00edrkevn\u00edch obc\u00ed a versaillesk\u00fdch statk\u016f<\/li>\n<li>Jak lid\u00e9 \u017eili a pracovali v minulosti - zem\u011bd\u011blstv\u00ed a hornictv\u00ed<\/li>\n<li>Jak\u00e1 b\u00fdvala \u0161kola<\/li>\n<li>Vzpom\u00ednky na stra\u0161nou dobu<\/li>\n<\/ol>\n<p><a href=\"\/museen\/heimatstube-gross-koelzig\/\">Zobrazit nab\u00eddky <i class=\"wpcmsdev-icon fa fa-fa fa-lg  fa-caret-right\"><\/i><\/a><\/p>\n<hr \/>\n<h4>M\u00edstnost m\u00edstn\u00ed historie Klein K\u00f6lzig<\/h4>\n<ol>\n<li>Um\u011bn\u00ed a \u0159emesla a historie obce<\/li>\n<li>Na kolej\u00edch lu\u017eick\u00fdch cihlov\u00fdch a lehk\u00fdch \u017eeleznic<\/li>\n<\/ol>\n<p><a href=\"\/museen\/heimatstube-klein-koelzig\/#kinderangebot_klein_koelzig\">Zobrazit nab\u00eddky <i class=\"wpcmsdev-icon fa fa-fa fa-lg  fa-caret-right\"><\/i><\/a><\/p>\n<hr \/>\n<h4>M\u00edstnost m\u00edstn\u00ed historie Trebendorf<\/h4>\n<ol>\n<li>M\u00edstn\u00ed historie a panstv\u00ed<\/li>\n<\/ol>\n<p><a href=\"\/museen\/heimatstube-trebendorf\/\">Zobrazit nab\u00eddku <i class=\"wpcmsdev-icon fa fa-fa fa-lg  fa-caret-right\"><\/i><\/a><\/p>\n<hr \/>\n<h4>M\u00edstnost m\u00edstn\u00ed historie Tschernitz<\/h4>\n<ol>\n<li>\u010cerven\u00e1 \u0161kola a barevn\u00e9 sklo<\/li>\n<\/ol>\n<p><a href=\"\/museen\/heimatstube-tschernitz\/\">Zobrazit nab\u00eddku <i class=\"wpcmsdev-icon fa fa-fa fa-lg  fa-caret-right\"><\/i><\/a><\/p>\n<hr \/>\n<h4>M\u00edstnost m\u00edstn\u00ed historie Welzow<\/h4>\n<ol>\n<li>Pr\u016fmyslov\u00e1 historie mezi uhl\u00edm a sklem<\/li>\n<\/ol>\n<p><a href=\"\/museen\/heimatstube-welzow\/#kinderangebot_h_welzow\">Zobrazit nab\u00eddku <i class=\"wpcmsdev-icon fa fa-fa fa-lg  fa-caret-right\"><\/i><\/a><\/p>\n<hr \/>\n<h4>Muzeum hra\u010dek Kackrow<\/h4>\n<ol>\n<li>Historick\u00e9 panenky a hra\u010dky<\/li>\n<\/ol>\n<p><a href=\"\/museen\/spielzeugmuseum-kackrow\/#kinderangebot_kackrow\">Zobrazit nab\u00eddku <i class=\"wpcmsdev-icon fa fa-fa fa-lg  fa-caret-right\"><\/i><\/a><\/p>\n<hr \/>\n<h4>Peitzovy \u017eelez\u00e1rny a muzeum ryb\u00e1\u0159stv\u00ed<\/h4>\n<ol>\n<li>Prohl\u00eddka \u017eelez\u00e1ren a ryb\u00e1\u0159sk\u00e9ho muzea Peitz s pr\u016fvodcem<\/li>\n<li>V\u00fdstavn\u00ed odlitek z hlin\u00edku<\/li>\n<li>Pe\u010deme dort se svorkami<\/li>\n<\/ol>\n<p><a href=\"\/museen\/eisenhuetten-und-fischereimuseum-peitz\/#kinderangebot_hu_peitz\">Zobrazit nab\u00eddky <i class=\"wpcmsdev-icon fa fa-fa fa-lg  fa-caret-right\"><\/i><\/a><\/p>\n<hr \/>\n<h4>Informa\u010dn\u00ed a setk\u00e1vac\u00ed centrum kostela Horno<\/h4>\n<ol>\n<li>\"Ztracen\u00fd domov\" na p\u016fd\u011b kostela - vzpom\u00ednky na zni\u010den\u00e9 kostely<\/li>\n<\/ol>\n<p><a href=\"\/museen\/kirchliches-informations-und-begegnungszentrum-horno\/#kinderangebot_horno\">Zobrazit nab\u00eddku <i class=\"wpcmsdev-icon fa fa-fa fa-lg  fa-caret-right\"><\/i><\/a><\/p>\n<hr \/>\n<h4>Nau\u010dn\u00e1 stezka \"Boj s lesn\u00edmi po\u017e\u00e1ry v\u010dera a dnes\" Gosda II<\/h4>\n<ol>\n<li>Ha\u0161en\u00ed lesn\u00edch po\u017e\u00e1r\u016f v\u010dera a dnes<\/li>\n<\/ol>\n<p><a href=\"\/museen\/lehrpfad-waldbrandbekaempfung-gestern-und-heute-gosda-ii\/#kinderangebot_gosda\">Zobrazit nab\u00eddku <i class=\"wpcmsdev-icon fa fa-fa fa-lg  fa-caret-right\"><\/i><\/a><\/p>\n<hr \/>\n<h4>Muzeum vojensk\u00e9 historie Kolkwitz<\/h4>\n<ol>\n<li>Tajemn\u00e9 hlubiny - v\u00fdstava v b\u00fdval\u00e9m ochrann\u00e9m objektu<\/li>\n<\/ol>\n<p><a href=\"\/museen\/militaerhistorisches-museum-kolkwitz\/#kinderangebot_mili_kolkwitz\">Zobrazit nab\u00eddku <i class=\"wpcmsdev-icon fa fa-fa fa-lg  fa-caret-right\"><\/i><\/a><\/p>\n<hr \/>\n<h4>Muzeum Dolnolu\u017eick\u00e9ho v\u0159esovi\u0161t\u011b Spremberg<\/h4>\n<ol>\n<li>\u017divot v minulosti a dnes<\/li>\n<li>Hra na hrad\u011b<\/li>\n<li>Tajn\u00e1 herbologie<\/li>\n<li>Myc\u00ed den<\/li>\n<\/ol>\n<p><a href=\"https:\/\/www.lausitzer-museenland.de\/museen\/niederlausitzer-heidemuseum-spremberg\/#kinderangebot_spremberg\">Zobrazit nab\u00eddky <i class=\"wpcmsdev-icon fa fa-fa fa-lg  fa-caret-right\"><\/i><\/a><\/p>\n<hr \/>\n<h4>Muzeum dolnolu\u017eickosrbsk\u00e9 vesnice Bloischdorf<\/h4>\n<ol>\n<li>Zem\u011bd\u011blstv\u00ed v\u010dera a dnes<\/li>\n<li>Od obil\u00ed k chlebu<\/li>\n<li>Od kr\u00e1vy k bylinkov\u00e9mu m\u00e1slu<\/li>\n<\/ol>\n<p><a href=\"\/museen\/niederlausitzer-sorbisches-dorfmuseum-bloischdorf\/#kinderangebot_bloischdorf\">Zobrazit nab\u00eddky <i class=\"wpcmsdev-icon fa fa-fa fa-lg  fa-caret-right\"><\/i><\/a><\/p>\n<hr \/>\n<h4>Vodn\u00ed ml\u00fdn Lossdorf<\/h4>\n<ol>\n<li>Cesta od zrna k mouce<\/li>\n<\/ol>\n<p><a href=\"\/museen\/nossdorfer-wassermuehle\/#kinderangebot_nossdorf\">Zobrazit nab\u00eddku <i class=\"wpcmsdev-icon fa fa-fa fa-lg  fa-caret-right\"><\/i><\/a><\/p>\n<hr \/>\n<h4>Lu\u017eickosrbsk\u00e1 tkalcovna Drebkau<\/h4>\n<ol>\n<li>Malov\u00e1n\u00ed velikono\u010dn\u00edch vaj\u00ed\u010dek s n\u00e1v\u0161t\u011bvou muzea<\/li>\n<li>\u0158emesla v p\u0159edv\u00e1no\u010dn\u00edm obdob\u00ed<\/li>\n<\/ol>\n<p><a href=\"\/museen\/sorbische-webstube-drebkau\/#kinderangebot_drebkau\">Zobrazit nab\u00eddky <i class=\"wpcmsdev-icon fa fa-fa fa-lg  fa-caret-right\"><\/i><\/a><\/p>\n<hr \/>\n<h4>\u00a0\"Sprucker\u016fv ml\u00fdn\" Guben<\/h4>\n<ol>\n<li>\u017divot tehdej\u0161\u00edch lid\u00ed<\/li>\n<li>\u0160koln\u00ed dny - v minulosti a dnes<\/li>\n<li>Vysv\u011bd\u010den\u00ed<\/li>\n<li>Od zrna k mouce<\/li>\n<li>Velikono\u010dn\u00ed tradice<\/li>\n<li>Velikono\u010dn\u00ed vaj\u00ed\u010dka s vlastn\u00edm designem<\/li>\n<\/ol>\n<p><a href=\"\/museen\/sprucker-muehle-guben\/#kinderangebot_sm_guben\">Zobrazit nab\u00eddky <i class=\"wpcmsdev-icon fa fa-fa fa-lg  fa-caret-right\"><\/i><\/a><\/p>\n<hr \/>\n<h4>\u00a0M\u011bstsk\u00e9 a pr\u016fmyslov\u00e9 muzeum Guben<\/h4>\n<ol>\n<li>Muzejn\u00ed rallye (pozn\u00e1v\u00e1n\u00ed muzea hravou formou)<\/li>\n<li>Vysv\u011bd\u010den\u00ed<\/li>\n<li>V\u00fdroba klobouk\u016f<\/li>\n<li>\"Jak se d\u011bl\u00e1 klobouk\" - prom\u00edt\u00e1n\u00ed filmu o v\u00fdrob\u011b klobouku<\/li>\n<li>Ochutn\u00e1vkov\u00e1 stanice prav\u00fdch klobouk\u016f<\/li>\n<li>Foto akce na degusta\u010dn\u00ed stanici \"Prav\u00fd klobouk<\/li>\n<li>Plst\u011bn\u00ed<\/li>\n<\/ol>\n<p><a href=\"\/museen\/stadt-und-industriemuseum-guben\/#kinderangebot_industrie_guben\">Zobrazit nab\u00eddky <i class=\"wpcmsdev-icon fa fa-fa fa-lg  fa-caret-right\"><\/i><\/a><\/p>\n<hr \/>\n<h4>\u00a0Vendon\u011bmeck\u00e9 vlastiv\u011bdn\u00e9 muzeum J\u00e4nschwalde<\/h4>\n<ol>\n<li>Lu\u017eickosrbsk\u00e9 velikono\u010dn\u00ed zvyky<\/li>\n<\/ol>\n<p><a href=\"\/museen\/wendisch-deutsches-heimatmuseum-jaenschwalde\/#kinderangebot_jaenschwalde\">Zobrazit nab\u00eddku <i class=\"wpcmsdev-icon fa fa-fa fa-lg  fa-caret-right\"><\/i><\/a><\/p>\n<hr \/>\n<h4>\u00a0Vendsk\u00e9 muzeum Cottbus<\/h4>\n<ol>\n<li>Kulturn\u00ed bohatstv\u00ed mal\u00e9ho lu\u017eickosrbsk\u00e9ho\/vendsk\u00e9ho n\u00e1roda<\/li>\n<li>Kurzy malov\u00e1n\u00ed velikono\u010dn\u00edch vaj\u00ed\u010dek<\/li>\n<\/ol>\n<p><a href=\"\/museen\/wendisches-museum-cottbus\/#kinderangebot_wend_cottbus\">Zobrazit nab\u00eddky <i class=\"wpcmsdev-icon fa fa-fa fa-lg  fa-caret-right\"><\/i><\/a><\/p>\n<hr \/>\n<h4>\u00a0Sabrodtovo muzeum velikono\u010dn\u00edch vajec<\/h4>\n<ol>\n<li>V\u0161e o vejc\u00edch - lu\u017eickosrbsk\u00fdch i sv\u011btov\u00fdch - nosi\u010di vajec, sn\u00e1\u0161e\u010di vajec, p\u0159edm\u011bty z vajec a spousta z\u00e1bavn\u00fdch v\u011bc\u00ed o vejc\u00edch a v\u011bcech ve tvaru vajec.<\/li>\n<\/ol>\n<p><a href=\"\/museen\/ostereiermuseum-sabrodt\/#kinderangebot_sabrodt\">Zobrazit nab\u00eddku <i class=\"wpcmsdev-icon fa fa-fa fa-lg  fa-caret-right\"><\/i><\/a><\/p>\n<hr \/>\n<h4>Tkanina Gubener a um\u011bl\u00e1 vl\u00e1kna<\/h4>\n<ol>\n<li>Muzejn\u00ed rallye<\/li>\n<\/ol>\n<p><a href=\"\/museen\/ausstellung-gubener-tuche-und-chemiefasern\/#kinderangebot_museumsrallye\">Zobrazit nab\u00eddku <i class=\"wpcmsdev-icon fa fa-fa fa-lg  fa-caret-right\"><\/i><\/a><\/p>\n<hr \/>\n<h4>Hrad Hornow<\/h4>\n<ol>\n<li>Prohl\u00eddka hradu<\/li>\n<\/ol>\n<p><a href=\"\/museen\/schloss-hornow-grod-lesce\/#kinderangebot_hornow\">Zobrazit nab\u00eddku <i class=\"wpcmsdev-icon fa fa-fa fa-lg  fa-caret-right\"><\/i><\/a><\/p>\n<hr \/>","protected":false},"excerpt":{"rendered":"<p>Kobi - duch mal\u00e9ho domu - je v muzeu jako doma. \u017dije v ba\u010dkor\u00e1ch pod kamny. O p\u016flnoci odposlouch\u00e1v\u00e1 star\u00e9 muzejn\u00ed expon\u00e1ty, kdy\u017e vypr\u00e1v\u011bj\u00ed p\u0159\u00edb\u011bhy z minulosti. Tyto vzru\u0161uj\u00edc\u00ed p\u0159\u00edb\u011bhy vypr\u00e1v\u00ed pracovn\u00edk\u016fm muzea, kte\u0159\u00ed je pak p\u0159ed\u00e1vaj\u00ed d\u011btem - p\u0159\u00edb\u011bhy ze star\u00fdch \u010das\u016f. V\u00fdstava \"Star\u00fd ml\u00fdn\" Proschim<\/p>","protected":false},"author":13,"featured_media":3832,"parent":281,"menu_order":0,"comment_status":"closed","ping_status":"closed","template":"","meta":[],"_links":{"self":[{"href":"https:\/\/www.lausitzer-museenland.de\/cs\/wp-json\/wp\/v2\/pages\/380"}],"collection":[{"href":"https:\/\/www.lausitzer-museenland.de\/cs\/wp-json\/wp\/v2\/pages"}],"about":[{"href":"https:\/\/www.lausitzer-museenland.de\/cs\/wp-json\/wp\/v2\/types\/page"}],"author":[{"embeddable":true,"href":"https:\/\/www.lausitzer-museenland.de\/cs\/wp-json\/wp\/v2\/users\/13"}],"replies":[{"embeddable":true,"href":"https:\/\/www.lausitzer-museenland.de\/cs\/wp-json\/wp\/v2\/comments?post=380"}],"version-history":[{"count":57,"href":"https:\/\/www.lausitzer-museenland.de\/cs\/wp-json\/wp\/v2\/pages\/380\/revisions"}],"predecessor-version":[{"id":55274,"href":"https:\/\/www.lausitzer-museenland.de\/cs\/wp-json\/wp\/v2\/pages\/380\/revisions\/55274"}],"up":[{"embeddable":true,"href":"https:\/\/www.lausitzer-museenland.de\/cs\/wp-json\/wp\/v2\/pages\/281"}],"wp:featuredmedia":[{"embeddable":true,"href":"https:\/\/www.lausitzer-museenland.de\/cs\/wp-json\/wp\/v2\/media\/3832"}],"wp:attachment":[{"href":"https:\/\/www.lausitzer-museenland.de\/cs\/wp-json\/wp\/v2\/media?parent=380"}],"curies":[{"name":"wp","href":"https:\/\/api.w.org\/{rel}","templated":true}]}}