{"id":384,"date":"2014-11-12T10:23:33","date_gmt":"2014-11-12T09:23:33","guid":{"rendered":"http:\/\/lausitzer-museenland.de\/?page_id=384"},"modified":"2014-12-17T17:24:44","modified_gmt":"2014-12-17T16:24:44","slug":"klemmkuchenbacken","status":"publish","type":"page","link":"https:\/\/www.lausitzer-museenland.de\/cs\/sluzba\/kobi\/klemmkuchenbacken\/","title":{"rendered":"Pe\u010den\u00ed sv\u011brkov\u00e9ho dortu v Muzeu \u017eelez\u00e1\u0159stv\u00ed Peitz"},"content":{"rendered":"<p>V Peitzov\u011b \u017eelez\u00e1\u0159sk\u00e9m a ryb\u00e1\u0159sk\u00e9m muzeu se nach\u00e1z\u00ed historick\u00e1 sb\u00edrka sv\u011brn\u00fdch kol\u00e1\u010d\u016f. Podle p\u016fvodn\u00edho receptu, kter\u00fd se p\u0159ed\u00e1val kolem roku 1900, se lahodn\u00e9 sv\u011brkov\u00e9 kol\u00e1\u010de pe\u010dou pomoc\u00ed sv\u011brkov\u00e9 \u017eehli\u010dky v kupolov\u00e9 peci v hale vysok\u00e9 pece muzea.<\/p>\n<p>Nab\u00eddka se kon\u00e1 v interi\u00e9ru a je ur\u010dena v\u0161em v\u011bkov\u00fdm skupin\u00e1m.<\/p>\n<p>Term\u00edny: dle dohody<br \/>\nDoba trv\u00e1n\u00ed: p\u0159ibli\u017en\u011b 1 hodina<br \/>\nP\u0159edb\u011b\u017en\u00e1 registrace: nejpozd\u011bji 2 t\u00fddny p\u0159edem<br \/>\nCena za osobu: 1,00 \u20ac na osobu pro d\u011bti a \u017e\u00e1ky<\/p>\n<p><a title=\"Muzeum \u017eelez\u00e1\u0159stv\u00ed a ryb\u00e1\u0159stv\u00ed Peitz \/ Hutowy a rybarski muzej Picnjo\" href=\"https:\/\/www.lausitzer-museenland.de\/museen\/eisenhuetten-und-fischereimuseum-peitz\/\">Peitzovy \u017eelez\u00e1rny a muzeum ryb\u00e1\u0159stv\u00ed<\/a><\/p>","protected":false},"excerpt":{"rendered":"<p>V Peitzov\u011b \u017eelez\u00e1\u0159sk\u00e9m a ryb\u00e1\u0159sk\u00e9m muzeu se nach\u00e1z\u00ed historick\u00e1 sb\u00edrka sv\u011brn\u00fdch kol\u00e1\u010d\u016f. Podle p\u016fvodn\u00edho receptu, kter\u00fd se p\u0159ed\u00e1val kolem roku 1900, se lahodn\u00e9 sv\u011brkov\u00e9 kol\u00e1\u010de pe\u010dou v kupolov\u00e9 peci v hale vysok\u00e9 pece muzea pomoc\u00ed sv\u011brkov\u00e9 \u017eehli\u010dky. Nab\u00eddka se kon\u00e1 v interi\u00e9ru a je ur\u010dena v\u0161em v\u011bkov\u00fdm skupin\u00e1m. Term\u00edny: dle dohody Doba trv\u00e1n\u00ed: cca 1 hodina P\u0159edb\u011b\u017en\u00e1 registrace: nejpozd\u011bji<\/p>","protected":false},"author":13,"featured_media":0,"parent":380,"menu_order":0,"comment_status":"closed","ping_status":"closed","template":"","meta":[],"_links":{"self":[{"href":"https:\/\/www.lausitzer-museenland.de\/cs\/wp-json\/wp\/v2\/pages\/384"}],"collection":[{"href":"https:\/\/www.lausitzer-museenland.de\/cs\/wp-json\/wp\/v2\/pages"}],"about":[{"href":"https:\/\/www.lausitzer-museenland.de\/cs\/wp-json\/wp\/v2\/types\/page"}],"author":[{"embeddable":true,"href":"https:\/\/www.lausitzer-museenland.de\/cs\/wp-json\/wp\/v2\/users\/13"}],"replies":[{"embeddable":true,"href":"https:\/\/www.lausitzer-museenland.de\/cs\/wp-json\/wp\/v2\/comments?post=384"}],"version-history":[{"count":4,"href":"https:\/\/www.lausitzer-museenland.de\/cs\/wp-json\/wp\/v2\/pages\/384\/revisions"}],"predecessor-version":[{"id":3624,"href":"https:\/\/www.lausitzer-museenland.de\/cs\/wp-json\/wp\/v2\/pages\/384\/revisions\/3624"}],"up":[{"embeddable":true,"href":"https:\/\/www.lausitzer-museenland.de\/cs\/wp-json\/wp\/v2\/pages\/380"}],"wp:attachment":[{"href":"https:\/\/www.lausitzer-museenland.de\/cs\/wp-json\/wp\/v2\/media?parent=384"}],"curies":[{"name":"wp","href":"https:\/\/api.w.org\/{rel}","templated":true}]}}