{"id":401,"date":"2014-11-12T10:47:49","date_gmt":"2014-11-12T09:47:49","guid":{"rendered":"http:\/\/lausitzer-museenland.de\/?page_id=401"},"modified":"2017-09-26T13:00:36","modified_gmt":"2017-09-26T12:00:36","slug":"alles-ums-ei-sorbisch-und-weltweit","status":"publish","type":"page","link":"https:\/\/www.lausitzer-museenland.de\/cs\/sluzba\/kobi\/vse-o-svem-srbskem-svete\/","title":{"rendered":"V\u0161e o vejc\u00edch - lu\u017eickosrbsk\u00fdch i sv\u011btov\u00fdch v Sabrodtov\u011b muzeu velikono\u010dn\u00edch vajec"},"content":{"rendered":"<p>P\u0159in\u00e1\u0161e\u010di vajec, sn\u00e1\u0161e\u010di vajec, p\u0159edm\u011bty z vajec a spousta z\u00e1bavn\u00fdch v\u011bc\u00ed o vejc\u00edch a v\u011bcech ve tvaru vajec: ocen\u011bn\u00e1 velikono\u010dn\u00ed vejce ze sout\u011b\u017ee v Budy\u0161\u00edn\u011b, zvyky spojen\u00e9 s vejcem v N\u011bmecku, workshop malov\u00e1n\u00ed vajec s mo\u017enost\u00ed z\u00fa\u010dastnit se sout\u011b\u017ee. V z\u00e1zra\u010dn\u00e9m sv\u011bt\u011b \"V\u0161e o vejc\u00edch\" m\u016f\u017eete c\u00edtit, chutnat, \u010dichat a sly\u0161et. Mnoh\u00e9 z expon\u00e1t\u016f muzea jsou zaj\u00edmav\u00e9 a jedine\u010dn\u00e9.<br \/>\nD\u00edvky si mohou obl\u00e9knout vendsk\u00fd kost\u00fdm.<br \/>\nK tomu je mo\u017en\u00e9 zhl\u00e9dnout historick\u00e9 filmy o zvyc\u00edch Lu\u017eick\u00fdch Srb\u016f a Vend\u016f.<br \/>\nProgram prob\u00edh\u00e1 v interi\u00e9ru nebo exteri\u00e9ru a je ur\u010den pro p\u0159ed\u0161koln\u00ed d\u011bti a \u017e\u00e1ky do 12. t\u0159\u00eddy.<br \/>\nTerm\u00edny: po domluv\u011b, od pond\u011bl\u00ed do ned\u011ble i ve\u010der nebo v noci jako festival sv\u011btel.<br \/>\nP\u0159edb\u011b\u017en\u00e1 registrace: nejpozd\u011bji 2 hodiny p\u0159edem<br \/>\nVelikost skupiny: 5 a\u017e 50 osob<br \/>\nVstupn\u00e9 na osobu: 3,50 \u20ac<br \/>\nP\u0159\u00edsp\u011bvek na n\u00e1klady na osobu (na materi\u00e1l apod.): 3,00 \u20ac.<\/p>\n<p><em>S sebou je t\u0159eba m\u00edt n\u00e1sleduj\u00edc\u00ed pracovn\u00ed materi\u00e1ly:<\/em><br \/>\nVyfouknut\u00e1 vejce nebo \u010derstv\u00e1 b\u00edl\u00e1 vejce<\/p>\n<p><em>Pozn\u00e1mky k nab\u00eddce:<\/em><br \/>\nNa farm\u011b nebo na zahrad\u011b je mo\u017en\u00e9 hr\u00e1t mnoho her a sout\u011b\u017e\u00ed z\u00e1bavn\u00e9ho charakteru. Na po\u017e\u00e1d\u00e1n\u00ed se kon\u00e1 mal\u00e1 lekce o bylink\u00e1ch na zahrad\u011b s ochutn\u00e1vkou nebo dokonce s manipulac\u00ed s ty\u010dov\u00fdm chlebem, sol\u00ed nebo cibulov\u00fdmi vejci.<\/p>\n<p>Pokud jsou poplatky a cestovn\u00ed n\u00e1klady proplaceny, p\u0159ich\u00e1z\u00ed nab\u00eddka na po\u017e\u00e1d\u00e1n\u00ed i do denn\u00edho stacion\u00e1\u0159e nebo \u0161koly.<\/p>\n<p><a href=\"http:\/\/www.ostereiermuseum.de\/\" target=\"_blank\">Sabrodtovo muzeum velikono\u010dn\u00edch vajec<\/a><\/p>","protected":false},"excerpt":{"rendered":"<p>P\u0159in\u00e1\u0161e\u010di vajec, sn\u00e1\u0161e\u010di vajec, p\u0159edm\u011bty z vajec a spousta z\u00e1bavn\u00fdch v\u011bc\u00ed o vejc\u00edch a v\u011bcech ve tvaru vajec: ocen\u011bn\u00e1 velikono\u010dn\u00ed vejce ze sout\u011b\u017ee v Budy\u0161\u00edn\u011b, zvyky spojen\u00e9 s vejcem v N\u011bmecku, workshop malov\u00e1n\u00ed vajec s mo\u017enost\u00ed z\u00fa\u010dastnit se sout\u011b\u017ee. V z\u00e1zra\u010dn\u00e9m sv\u011bt\u011b \"V\u0161e o vejc\u00edch\" m\u016f\u017eete c\u00edtit, chutnat, \u010dichat a sly\u0161et. Mnoh\u00e9 z expon\u00e1t\u016f muzea jsou zaj\u00edmav\u00e9 a jedine\u010dn\u00e9. D\u00edvky mohou m\u00edt<\/p>","protected":false},"author":13,"featured_media":0,"parent":380,"menu_order":0,"comment_status":"closed","ping_status":"closed","template":"","meta":[],"_links":{"self":[{"href":"https:\/\/www.lausitzer-museenland.de\/cs\/wp-json\/wp\/v2\/pages\/401"}],"collection":[{"href":"https:\/\/www.lausitzer-museenland.de\/cs\/wp-json\/wp\/v2\/pages"}],"about":[{"href":"https:\/\/www.lausitzer-museenland.de\/cs\/wp-json\/wp\/v2\/types\/page"}],"author":[{"embeddable":true,"href":"https:\/\/www.lausitzer-museenland.de\/cs\/wp-json\/wp\/v2\/users\/13"}],"replies":[{"embeddable":true,"href":"https:\/\/www.lausitzer-museenland.de\/cs\/wp-json\/wp\/v2\/comments?post=401"}],"version-history":[{"count":11,"href":"https:\/\/www.lausitzer-museenland.de\/cs\/wp-json\/wp\/v2\/pages\/401\/revisions"}],"predecessor-version":[{"id":13778,"href":"https:\/\/www.lausitzer-museenland.de\/cs\/wp-json\/wp\/v2\/pages\/401\/revisions\/13778"}],"up":[{"embeddable":true,"href":"https:\/\/www.lausitzer-museenland.de\/cs\/wp-json\/wp\/v2\/pages\/380"}],"wp:attachment":[{"href":"https:\/\/www.lausitzer-museenland.de\/cs\/wp-json\/wp\/v2\/media?parent=401"}],"curies":[{"name":"wp","href":"https:\/\/api.w.org\/{rel}","templated":true}]}}